{"id":10151,"date":"2022-10-13T16:30:26","date_gmt":"2022-10-13T14:30:26","guid":{"rendered":"https:\/\/kaapskil.nl\/?page_id=10151"},"modified":"2023-08-14T14:28:42","modified_gmt":"2023-08-14T12:28:42","slug":"weltreise","status":"publish","type":"page","link":"https:\/\/kaapskil.nl\/de\/entdecken\/ausstellungen\/weltreise\/","title":{"rendered":"Weltreise"},"content":{"rendered":"<p><strong><img loading=\"lazy\" decoding=\"async\" class=\"alignright wp-image-10431 size-full\" src=\"https:\/\/kaapskil.nl\/wp-content\/uploads\/2022\/10\/Wereldreis_Oost-en-Zuid-ws.jpg\" alt=\"\" width=\"640\" height=\"440\" srcset=\"https:\/\/kaapskil.nl\/wp-content\/uploads\/2022\/10\/Wereldreis_Oost-en-Zuid-ws.jpg 640w, https:\/\/kaapskil.nl\/wp-content\/uploads\/2022\/10\/Wereldreis_Oost-en-Zuid-ws-300x206.jpg 300w, https:\/\/kaapskil.nl\/wp-content\/uploads\/2022\/10\/Wereldreis_Oost-en-Zuid-ws-100x69.jpg 100w\" sizes=\"auto, (max-width: 640px) 100vw, 640px\" \/>Abenteuer, Reichtum, Handel und Romantik, aber auch: Ausbeutung, Gefahr, Sklaverei und Armut. Der weltweite Handel im 16. und 17. Jahrhundert hatte viele Gesichter. All diese verschiedenen Aspekte und die zentrale Rolle von Texel in dieser Epoche werden in der Ausstellung &#8216;Weltreise&#8217; gezeigt. Besuchen Sie mit den Insulanern von damals die vier Windrichtungen der Welt und entdecken Sie alles dar\u00fcber!<\/strong><\/p>\n<h2>Geschichten vom Meeresboden<\/h2>\n<p>Vor der K\u00fcste von Texel liegen viele Dutzende Schiffswracks auf dem Meeresgrund, gesunken in der Zeit, als die Reede von Texel t\u00e4glich voller Schiffe lag. Unter dem Sand begraben, sind sie erhalten geblieben und erz\u00e4hlen St\u00fcck f\u00fcr St\u00fcck ihre eigene Geschichte aus vergangenen Jahrhunderten. Diese Geschichten und die besonderen Gegenst\u00e4nde, die Taucher in den Wracks gefunden haben, bilden die Grundlage f\u00fcr die Ausstellung &#8216;Weltreise&#8217;.<\/p>\n<h2>Zusammen mit dem Modell<\/h2>\n<p>Die Ausstellung befindet sich in der ersten Etage des Eingangsgeb\u00e4udes vom Museum Kaap Skil. Sie bildet eine Einheit mit dem <a href=\"https:\/\/kaapskil.nl\/de\/entdecken\/prunkstucke\/modell-die-reede-von-texel\/\" target=\"_blank\" rel=\"noopener\">gigantischen Modell<\/a> im Untergeschoss des Geb\u00e4udes. Das Modell stellt die Reede von Texel um 1660 dar, wobei alle Schiffstypen und die Aktivit\u00e4ten um sie herum minuti\u00f6s nachgebildet sind. Das eine Schiff hatte Surinam als Ziel, das andere blieb n\u00e4her an der Heimat und fuhr f\u00fcr Getreide nach Riga oder f\u00fcr Speise\u00f6l nach Nordafrika.<\/p>\n<h2><img loading=\"lazy\" decoding=\"async\" class=\"alignright wp-image-10483 size-full\" src=\"https:\/\/kaapskil.nl\/wp-content\/uploads\/2022\/10\/Linsey-fluitschip-ws-1.jpg\" alt=\"\" width=\"640\" height=\"440\" srcset=\"https:\/\/kaapskil.nl\/wp-content\/uploads\/2022\/10\/Linsey-fluitschip-ws-1.jpg 640w, https:\/\/kaapskil.nl\/wp-content\/uploads\/2022\/10\/Linsey-fluitschip-ws-1-300x206.jpg 300w, https:\/\/kaapskil.nl\/wp-content\/uploads\/2022\/10\/Linsey-fluitschip-ws-1-100x69.jpg 100w\" sizes=\"auto, (max-width: 640px) 100vw, 640px\" \/>Insulaner aus dem siebzehnten Jahrhundert<\/h2>\n<p>In &#8216;Weltreise&#8217; folgt der Besucher den Schiffen bis zu ihrem Ziel. Eine zentral platzierte Kompassrose weist den Weg. Insulaner von damals erz\u00e4hlen ihre Geschichte, unterst\u00fctzt durch Funde aus Schiffswracks. Albert Gronders zum Beispiel erz\u00e4hlt im &#8220;Norden&#8221; von der Ostseeschifffahrt. Er wei\u00df, wovon er spricht, denn im sp\u00e4ten siebzehnten Jahrhundert segelte er jedes Jahr zu den St\u00e4dten an der Ostsee, um Getreide zu holen. Geht man nach Osten, dann ist Jacob Schagen der F\u00fchrer. Als junger Texeler von etwa 15 Jahren machte er sich 1762 mit dem VOC-Schiff De Jonge Lieve auf den Weg in den Fernen Osten. Auch \u00fcber die Reisen in den Westen und in den S\u00fcden kommen Insulaner von damals zu Wort.<\/p>\n<h2>Schattenseiten<\/h2>\n<p>Neben den abenteuerlichen und positiven Aspekten des Welthandels im 16., 17. und 18. Jahrhundert f\u00fcr Texel befasst sich &#8216;Weltreise&#8217; auch mit dessen Schattenseiten. So sind im &#8220;Westen&#8221; aufgetauchte Gegenst\u00e4nde zu sehen, die f\u00fcr eine Zuckerplantage in Surinam bestimmt waren. Werkzeuge, mit denen die Versklavten arbeiten mussten, neben den Luxusartikeln, die den Plantagenbesitzern ein angenehmes Leben garantieren sollten. Vor Texel gesunken und daher nie an den Bestimmungsort angekommen.<\/p>\n<h2><img loading=\"lazy\" decoding=\"async\" class=\"alignright wp-image-10468 size-full\" src=\"https:\/\/kaapskil.nl\/wp-content\/uploads\/2022\/10\/kinderen-in-wereldreis-ws.jpg\" alt=\"\" width=\"640\" height=\"440\" srcset=\"https:\/\/kaapskil.nl\/wp-content\/uploads\/2022\/10\/kinderen-in-wereldreis-ws.jpg 640w, https:\/\/kaapskil.nl\/wp-content\/uploads\/2022\/10\/kinderen-in-wereldreis-ws-300x206.jpg 300w, https:\/\/kaapskil.nl\/wp-content\/uploads\/2022\/10\/kinderen-in-wereldreis-ws-100x69.jpg 100w\" sizes=\"auto, (max-width: 640px) 100vw, 640px\" \/><\/h2>\n<p>&nbsp;<\/p>\n","protected":false},"excerpt":{"rendered":"<p>Der weltweite Handel im siebzehnten Jahrhundert hatte viele Gesichter. All diese verschiedenen Aspekte und die zentrale Rolle von Texel in dieser Epoche werden in der Ausstellung &#8216;Weltreise&#8217; gezeigt.<\/p>\n","protected":false},"author":16,"featured_media":10471,"parent":339,"menu_order":1,"comment_status":"closed","ping_status":"closed","template":"page-templates\/museum-highlight.php","meta":{"_acf_changed":false,"footnotes":""},"categories":[],"tags":[],"class_list":["post-10151","page","type-page","status-publish","has-post-thumbnail","hentry"],"acf":[],"yoast_head":"<!-- This site is optimized with the Yoast SEO plugin v27.3 - https:\/\/yoast.com\/product\/yoast-seo-wordpress\/ -->\n<title>Weltreise - Museum Kaap Skil<\/title>\n<meta name=\"description\" content=\"Der weltweite Handel im siebzehnten Jahrhundert hatte viele Gesichter. All diese verschiedenen Aspekte und die zentrale Rolle von Texel in dieser Epoche werden in der Ausstellung &#039;Weltreise&#039; gezeigt.\" \/>\n<meta name=\"robots\" content=\"index, follow, max-snippet:-1, max-image-preview:large, max-video-preview:-1\" \/>\n<link rel=\"canonical\" href=\"https:\/\/kaapskil.nl\/de\/entdecken\/ausstellungen\/weltreise\/\" \/>\n<meta property=\"og:locale\" content=\"de_DE\" \/>\n<meta property=\"og:type\" content=\"article\" \/>\n<meta property=\"og:title\" content=\"Weltreise - Museum Kaap Skil\" \/>\n<meta property=\"og:description\" content=\"Der weltweite Handel im siebzehnten Jahrhundert hatte viele Gesichter. All diese verschiedenen Aspekte und die zentrale Rolle von Texel in dieser Epoche werden in der Ausstellung &#039;Weltreise&#039; gezeigt.\" \/>\n<meta property=\"og:url\" content=\"https:\/\/kaapskil.nl\/de\/entdecken\/ausstellungen\/weltreise\/\" \/>\n<meta property=\"og:site_name\" content=\"Museum Kaap Skil\" \/>\n<meta property=\"article:modified_time\" content=\"2023-08-14T12:28:42+00:00\" \/>\n<meta property=\"og:image\" content=\"https:\/\/kaapskil.nl\/wp-content\/uploads\/2022\/10\/Linsey-bekijkt-kop-wereldreis-ws.jpg\" \/>\n\t<meta property=\"og:image:width\" content=\"640\" \/>\n\t<meta property=\"og:image:height\" content=\"440\" \/>\n\t<meta property=\"og:image:type\" content=\"image\/jpeg\" \/>\n<meta name=\"twitter:card\" content=\"summary_large_image\" \/>\n<meta name=\"twitter:label1\" content=\"Est. reading time\" \/>\n\t<meta name=\"twitter:data1\" content=\"3 minutes\" \/>\n<script type=\"application\/ld+json\" class=\"yoast-schema-graph\">{\"@context\":\"https:\\\/\\\/schema.org\",\"@graph\":[{\"@type\":\"WebPage\",\"@id\":\"https:\\\/\\\/kaapskil.nl\\\/de\\\/entdecken\\\/ausstellungen\\\/weltreise\\\/\",\"url\":\"https:\\\/\\\/kaapskil.nl\\\/de\\\/entdecken\\\/ausstellungen\\\/weltreise\\\/\",\"name\":\"Weltreise - Museum Kaap Skil\",\"isPartOf\":{\"@id\":\"https:\\\/\\\/kaapskil.nl\\\/#website\"},\"primaryImageOfPage\":{\"@id\":\"https:\\\/\\\/kaapskil.nl\\\/de\\\/entdecken\\\/ausstellungen\\\/weltreise\\\/#primaryimage\"},\"image\":{\"@id\":\"https:\\\/\\\/kaapskil.nl\\\/de\\\/entdecken\\\/ausstellungen\\\/weltreise\\\/#primaryimage\"},\"thumbnailUrl\":\"https:\\\/\\\/kaapskil.nl\\\/wp-content\\\/uploads\\\/2022\\\/10\\\/Linsey-bekijkt-kop-wereldreis-ws.jpg\",\"datePublished\":\"2022-10-13T14:30:26+00:00\",\"dateModified\":\"2023-08-14T12:28:42+00:00\",\"description\":\"Der weltweite Handel im siebzehnten Jahrhundert hatte viele Gesichter. All diese verschiedenen Aspekte und die zentrale Rolle von Texel in dieser Epoche werden in der Ausstellung 'Weltreise' gezeigt.\",\"breadcrumb\":{\"@id\":\"https:\\\/\\\/kaapskil.nl\\\/de\\\/entdecken\\\/ausstellungen\\\/weltreise\\\/#breadcrumb\"},\"inLanguage\":\"de-DE\",\"potentialAction\":[{\"@type\":\"ReadAction\",\"target\":[\"https:\\\/\\\/kaapskil.nl\\\/de\\\/entdecken\\\/ausstellungen\\\/weltreise\\\/\"]}]},{\"@type\":\"ImageObject\",\"inLanguage\":\"de-DE\",\"@id\":\"https:\\\/\\\/kaapskil.nl\\\/de\\\/entdecken\\\/ausstellungen\\\/weltreise\\\/#primaryimage\",\"url\":\"https:\\\/\\\/kaapskil.nl\\\/wp-content\\\/uploads\\\/2022\\\/10\\\/Linsey-bekijkt-kop-wereldreis-ws.jpg\",\"contentUrl\":\"https:\\\/\\\/kaapskil.nl\\\/wp-content\\\/uploads\\\/2022\\\/10\\\/Linsey-bekijkt-kop-wereldreis-ws.jpg\",\"width\":640,\"height\":440},{\"@type\":\"BreadcrumbList\",\"@id\":\"https:\\\/\\\/kaapskil.nl\\\/de\\\/entdecken\\\/ausstellungen\\\/weltreise\\\/#breadcrumb\",\"itemListElement\":[{\"@type\":\"ListItem\",\"position\":1,\"name\":\"Home\",\"item\":\"https:\\\/\\\/kaapskil.nl\\\/de\\\/\"},{\"@type\":\"ListItem\",\"position\":2,\"name\":\"Entdecken\",\"item\":\"https:\\\/\\\/kaapskil.nl\\\/de\\\/entdecken\\\/\"},{\"@type\":\"ListItem\",\"position\":3,\"name\":\"Ausstellungen\",\"item\":\"https:\\\/\\\/kaapskil.nl\\\/de\\\/entdecken\\\/ausstellungen\\\/\"},{\"@type\":\"ListItem\",\"position\":4,\"name\":\"Weltreise\"}]},{\"@type\":\"WebSite\",\"@id\":\"https:\\\/\\\/kaapskil.nl\\\/#website\",\"url\":\"https:\\\/\\\/kaapskil.nl\\\/\",\"name\":\"Museum Kaap Skil\",\"description\":\"Stichting Texels Museum\",\"potentialAction\":[{\"@type\":\"SearchAction\",\"target\":{\"@type\":\"EntryPoint\",\"urlTemplate\":\"https:\\\/\\\/kaapskil.nl\\\/?s={search_term_string}\"},\"query-input\":{\"@type\":\"PropertyValueSpecification\",\"valueRequired\":true,\"valueName\":\"search_term_string\"}}],\"inLanguage\":\"de-DE\"}]}<\/script>\n<!-- \/ Yoast SEO plugin. -->","yoast_head_json":{"title":"Weltreise - Museum Kaap Skil","description":"Der weltweite Handel im siebzehnten Jahrhundert hatte viele Gesichter. All diese verschiedenen Aspekte und die zentrale Rolle von Texel in dieser Epoche werden in der Ausstellung 'Weltreise' gezeigt.","robots":{"index":"index","follow":"follow","max-snippet":"max-snippet:-1","max-image-preview":"max-image-preview:large","max-video-preview":"max-video-preview:-1"},"canonical":"https:\/\/kaapskil.nl\/de\/entdecken\/ausstellungen\/weltreise\/","og_locale":"de_DE","og_type":"article","og_title":"Weltreise - Museum Kaap Skil","og_description":"Der weltweite Handel im siebzehnten Jahrhundert hatte viele Gesichter. All diese verschiedenen Aspekte und die zentrale Rolle von Texel in dieser Epoche werden in der Ausstellung 'Weltreise' gezeigt.","og_url":"https:\/\/kaapskil.nl\/de\/entdecken\/ausstellungen\/weltreise\/","og_site_name":"Museum Kaap Skil","article_modified_time":"2023-08-14T12:28:42+00:00","og_image":[{"width":640,"height":440,"url":"https:\/\/kaapskil.nl\/wp-content\/uploads\/2022\/10\/Linsey-bekijkt-kop-wereldreis-ws.jpg","type":"image\/jpeg"}],"twitter_card":"summary_large_image","twitter_misc":{"Est. reading time":"3 minutes"},"schema":{"@context":"https:\/\/schema.org","@graph":[{"@type":"WebPage","@id":"https:\/\/kaapskil.nl\/de\/entdecken\/ausstellungen\/weltreise\/","url":"https:\/\/kaapskil.nl\/de\/entdecken\/ausstellungen\/weltreise\/","name":"Weltreise - Museum Kaap Skil","isPartOf":{"@id":"https:\/\/kaapskil.nl\/#website"},"primaryImageOfPage":{"@id":"https:\/\/kaapskil.nl\/de\/entdecken\/ausstellungen\/weltreise\/#primaryimage"},"image":{"@id":"https:\/\/kaapskil.nl\/de\/entdecken\/ausstellungen\/weltreise\/#primaryimage"},"thumbnailUrl":"https:\/\/kaapskil.nl\/wp-content\/uploads\/2022\/10\/Linsey-bekijkt-kop-wereldreis-ws.jpg","datePublished":"2022-10-13T14:30:26+00:00","dateModified":"2023-08-14T12:28:42+00:00","description":"Der weltweite Handel im siebzehnten Jahrhundert hatte viele Gesichter. All diese verschiedenen Aspekte und die zentrale Rolle von Texel in dieser Epoche werden in der Ausstellung 'Weltreise' gezeigt.","breadcrumb":{"@id":"https:\/\/kaapskil.nl\/de\/entdecken\/ausstellungen\/weltreise\/#breadcrumb"},"inLanguage":"de-DE","potentialAction":[{"@type":"ReadAction","target":["https:\/\/kaapskil.nl\/de\/entdecken\/ausstellungen\/weltreise\/"]}]},{"@type":"ImageObject","inLanguage":"de-DE","@id":"https:\/\/kaapskil.nl\/de\/entdecken\/ausstellungen\/weltreise\/#primaryimage","url":"https:\/\/kaapskil.nl\/wp-content\/uploads\/2022\/10\/Linsey-bekijkt-kop-wereldreis-ws.jpg","contentUrl":"https:\/\/kaapskil.nl\/wp-content\/uploads\/2022\/10\/Linsey-bekijkt-kop-wereldreis-ws.jpg","width":640,"height":440},{"@type":"BreadcrumbList","@id":"https:\/\/kaapskil.nl\/de\/entdecken\/ausstellungen\/weltreise\/#breadcrumb","itemListElement":[{"@type":"ListItem","position":1,"name":"Home","item":"https:\/\/kaapskil.nl\/de\/"},{"@type":"ListItem","position":2,"name":"Entdecken","item":"https:\/\/kaapskil.nl\/de\/entdecken\/"},{"@type":"ListItem","position":3,"name":"Ausstellungen","item":"https:\/\/kaapskil.nl\/de\/entdecken\/ausstellungen\/"},{"@type":"ListItem","position":4,"name":"Weltreise"}]},{"@type":"WebSite","@id":"https:\/\/kaapskil.nl\/#website","url":"https:\/\/kaapskil.nl\/","name":"Museum Kaap Skil","description":"Stichting Texels Museum","potentialAction":[{"@type":"SearchAction","target":{"@type":"EntryPoint","urlTemplate":"https:\/\/kaapskil.nl\/?s={search_term_string}"},"query-input":{"@type":"PropertyValueSpecification","valueRequired":true,"valueName":"search_term_string"}}],"inLanguage":"de-DE"}]}},"_links":{"self":[{"href":"https:\/\/kaapskil.nl\/de\/wp-json\/wp\/v2\/pages\/10151","targetHints":{"allow":["GET"]}}],"collection":[{"href":"https:\/\/kaapskil.nl\/de\/wp-json\/wp\/v2\/pages"}],"about":[{"href":"https:\/\/kaapskil.nl\/de\/wp-json\/wp\/v2\/types\/page"}],"author":[{"embeddable":true,"href":"https:\/\/kaapskil.nl\/de\/wp-json\/wp\/v2\/users\/16"}],"replies":[{"embeddable":true,"href":"https:\/\/kaapskil.nl\/de\/wp-json\/wp\/v2\/comments?post=10151"}],"version-history":[{"count":0,"href":"https:\/\/kaapskil.nl\/de\/wp-json\/wp\/v2\/pages\/10151\/revisions"}],"up":[{"embeddable":true,"href":"https:\/\/kaapskil.nl\/de\/wp-json\/wp\/v2\/pages\/339"}],"wp:featuredmedia":[{"embeddable":true,"href":"https:\/\/kaapskil.nl\/de\/wp-json\/wp\/v2\/media\/10471"}],"wp:attachment":[{"href":"https:\/\/kaapskil.nl\/de\/wp-json\/wp\/v2\/media?parent=10151"}],"wp:term":[{"taxonomy":"category","embeddable":true,"href":"https:\/\/kaapskil.nl\/de\/wp-json\/wp\/v2\/categories?post=10151"},{"taxonomy":"post_tag","embeddable":true,"href":"https:\/\/kaapskil.nl\/de\/wp-json\/wp\/v2\/tags?post=10151"}],"curies":[{"name":"wp","href":"https:\/\/api.w.org\/{rel}","templated":true}]}}