{"id":10218,"date":"2022-09-24T17:19:19","date_gmt":"2022-09-24T15:19:19","guid":{"rendered":"https:\/\/kaapskil.nl\/?page_id=10218"},"modified":"2022-11-28T09:11:38","modified_gmt":"2022-11-28T08:11:38","slug":"bronzekanone","status":"publish","type":"page","link":"https:\/\/kaapskil.nl\/de\/entdecken\/prunkstucke\/bronzekanone\/","title":{"rendered":"Bronzekanone"},"content":{"rendered":"<p><img loading=\"lazy\" decoding=\"async\" class=\"alignright wp-image-10428 size-full\" src=\"https:\/\/kaapskil.nl\/wp-content\/uploads\/2022\/10\/MKS_Kanon_Wereldreis-ws.jpg\" alt=\"\" width=\"640\" height=\"440\" srcset=\"https:\/\/kaapskil.nl\/wp-content\/uploads\/2022\/10\/MKS_Kanon_Wereldreis-ws.jpg 640w, https:\/\/kaapskil.nl\/wp-content\/uploads\/2022\/10\/MKS_Kanon_Wereldreis-ws-300x206.jpg 300w, https:\/\/kaapskil.nl\/wp-content\/uploads\/2022\/10\/MKS_Kanon_Wereldreis-ws-100x69.jpg 100w\" sizes=\"auto, (max-width: 640px) 100vw, 640px\" \/><strong>Diese riesige Bronzekanone wurde 1985 von Texeler Sporttauchern aus dem Wrack BZN-3 geborgen. Es ist einer der wenigen Funde aus diesem Schiffswrack, aber ein sehr wichtiger. Aus den umfangreichen Verzierungen der Kanone l\u00e4sst sich n\u00e4mlich viel ableiten. Sie tr\u00e4gt das Emblem der Amsterdamer Admiralit\u00e4t, die Jahreszahl 1638 und den Text &#8220;EVERARDVS SPLINTER ME FECIT ENCHUSAE&#8221;.<\/strong><\/p>\n<h2>De Rob<\/h2>\n<p>Die Information auf der Kanone erz\u00e4hlt uns, dass sie 1638 im Auftrag der Admiralit\u00e4t von dem bekannten Enkhuizer Kanonengie\u00dfer Everhardus Splinter gegossen wurde. Dieses Wissen hilft uns, das Schiffswrack zu identifizieren, in dem die Kanone gefunden wurde. Es handelt sich m\u00f6glicherweise um das Wrack des VOC-Schiffs De Rob. De Rob wurde 1639 gebaut und k\u00e4mpfte im Oktober desselben Jahres gegen die Spanier in der Schlacht von Duins. Einige Monate sp\u00e4ter, im Januar 1640, sank das Schiff bei Texel. Noch bevor es f\u00fcr die Ostindienfahrt vorbereitet war.<\/p>\n<h2>Mehr Gesch\u00fctze<\/h2>\n<p>Wenn es sich bei dem Wrack BZN-3 wirklich um De Rob handelt, befanden sich vermutlich noch eine Reihe anderer Gesch\u00fctze an Bord. Gem\u00e4\u00df den Vorschriften mussten die &#8220;gro\u00dfen Schiffe&#8221; der VOC mindestens 32 Gesch\u00fctze mitf\u00fchren, davon mindestens sechs aus Bronze.<\/p>\n<p><em>NB: Die Sammlung wird immer noch erforscht. Dieser Artikel kann dadurch veraltete Informationen oder \u00fcberholte Erkenntnisse enthalten.<\/em><\/p>\n","protected":false},"excerpt":{"rendered":"<p>Eine immense Bronzekanone aus 1638, m\u00f6glicherweise vom VOC-Schiff De Rob.<\/p>\n","protected":false},"author":16,"featured_media":10465,"parent":659,"menu_order":20,"comment_status":"closed","ping_status":"closed","template":"page-templates\/museum-highlight.php","meta":{"_acf_changed":false,"footnotes":""},"categories":[],"tags":[],"class_list":["post-10218","page","type-page","status-publish","has-post-thumbnail","hentry"],"acf":[],"yoast_head":"<!-- This site is optimized with the Yoast SEO plugin v27.3 - https:\/\/yoast.com\/product\/yoast-seo-wordpress\/ -->\n<title>Bronzekanone - Museum Kaap Skil<\/title>\n<meta name=\"description\" content=\"Eine immense Bronzekanone aus 1638, m\u00f6glicherweise vom VOC-Schiff De Rob.\" \/>\n<meta name=\"robots\" content=\"index, follow, max-snippet:-1, max-image-preview:large, max-video-preview:-1\" \/>\n<link rel=\"canonical\" href=\"https:\/\/kaapskil.nl\/de\/entdecken\/prunkstucke\/bronzekanone\/\" \/>\n<meta property=\"og:locale\" content=\"de_DE\" \/>\n<meta property=\"og:type\" content=\"article\" \/>\n<meta property=\"og:title\" content=\"Bronzekanone - Museum Kaap Skil\" \/>\n<meta property=\"og:description\" content=\"Eine immense Bronzekanone aus 1638, m\u00f6glicherweise vom VOC-Schiff De Rob.\" \/>\n<meta property=\"og:url\" content=\"https:\/\/kaapskil.nl\/de\/entdecken\/prunkstucke\/bronzekanone\/\" \/>\n<meta property=\"og:site_name\" content=\"Museum Kaap Skil\" \/>\n<meta property=\"article:modified_time\" content=\"2022-11-28T08:11:38+00:00\" \/>\n<meta property=\"og:image\" content=\"https:\/\/kaapskil.nl\/wp-content\/uploads\/2022\/10\/handvatten-kanon-wereldreis-ws.jpg\" \/>\n\t<meta property=\"og:image:width\" content=\"640\" \/>\n\t<meta property=\"og:image:height\" content=\"440\" \/>\n\t<meta property=\"og:image:type\" content=\"image\/jpeg\" \/>\n<meta name=\"twitter:card\" content=\"summary_large_image\" \/>\n<meta name=\"twitter:label1\" content=\"Est. reading time\" \/>\n\t<meta name=\"twitter:data1\" content=\"2 minutes\" \/>\n<script type=\"application\/ld+json\" class=\"yoast-schema-graph\">{\"@context\":\"https:\\\/\\\/schema.org\",\"@graph\":[{\"@type\":\"WebPage\",\"@id\":\"https:\\\/\\\/kaapskil.nl\\\/de\\\/entdecken\\\/prunkstucke\\\/bronzekanone\\\/\",\"url\":\"https:\\\/\\\/kaapskil.nl\\\/de\\\/entdecken\\\/prunkstucke\\\/bronzekanone\\\/\",\"name\":\"Bronzekanone - Museum Kaap Skil\",\"isPartOf\":{\"@id\":\"https:\\\/\\\/kaapskil.nl\\\/#website\"},\"primaryImageOfPage\":{\"@id\":\"https:\\\/\\\/kaapskil.nl\\\/de\\\/entdecken\\\/prunkstucke\\\/bronzekanone\\\/#primaryimage\"},\"image\":{\"@id\":\"https:\\\/\\\/kaapskil.nl\\\/de\\\/entdecken\\\/prunkstucke\\\/bronzekanone\\\/#primaryimage\"},\"thumbnailUrl\":\"https:\\\/\\\/kaapskil.nl\\\/wp-content\\\/uploads\\\/2022\\\/10\\\/handvatten-kanon-wereldreis-ws.jpg\",\"datePublished\":\"2022-09-24T15:19:19+00:00\",\"dateModified\":\"2022-11-28T08:11:38+00:00\",\"description\":\"Eine immense Bronzekanone aus 1638, m\u00f6glicherweise vom VOC-Schiff De Rob.\",\"breadcrumb\":{\"@id\":\"https:\\\/\\\/kaapskil.nl\\\/de\\\/entdecken\\\/prunkstucke\\\/bronzekanone\\\/#breadcrumb\"},\"inLanguage\":\"de-DE\",\"potentialAction\":[{\"@type\":\"ReadAction\",\"target\":[\"https:\\\/\\\/kaapskil.nl\\\/de\\\/entdecken\\\/prunkstucke\\\/bronzekanone\\\/\"]}]},{\"@type\":\"ImageObject\",\"inLanguage\":\"de-DE\",\"@id\":\"https:\\\/\\\/kaapskil.nl\\\/de\\\/entdecken\\\/prunkstucke\\\/bronzekanone\\\/#primaryimage\",\"url\":\"https:\\\/\\\/kaapskil.nl\\\/wp-content\\\/uploads\\\/2022\\\/10\\\/handvatten-kanon-wereldreis-ws.jpg\",\"contentUrl\":\"https:\\\/\\\/kaapskil.nl\\\/wp-content\\\/uploads\\\/2022\\\/10\\\/handvatten-kanon-wereldreis-ws.jpg\",\"width\":640,\"height\":440},{\"@type\":\"BreadcrumbList\",\"@id\":\"https:\\\/\\\/kaapskil.nl\\\/de\\\/entdecken\\\/prunkstucke\\\/bronzekanone\\\/#breadcrumb\",\"itemListElement\":[{\"@type\":\"ListItem\",\"position\":1,\"name\":\"Home\",\"item\":\"https:\\\/\\\/kaapskil.nl\\\/de\\\/\"},{\"@type\":\"ListItem\",\"position\":2,\"name\":\"Entdecken\",\"item\":\"https:\\\/\\\/kaapskil.nl\\\/de\\\/entdecken\\\/\"},{\"@type\":\"ListItem\",\"position\":3,\"name\":\"Prunkst\u00fccke\",\"item\":\"https:\\\/\\\/kaapskil.nl\\\/de\\\/entdecken\\\/prunkstucke\\\/\"},{\"@type\":\"ListItem\",\"position\":4,\"name\":\"Bronzekanone\"}]},{\"@type\":\"WebSite\",\"@id\":\"https:\\\/\\\/kaapskil.nl\\\/#website\",\"url\":\"https:\\\/\\\/kaapskil.nl\\\/\",\"name\":\"Museum Kaap Skil\",\"description\":\"Stichting Texels Museum\",\"potentialAction\":[{\"@type\":\"SearchAction\",\"target\":{\"@type\":\"EntryPoint\",\"urlTemplate\":\"https:\\\/\\\/kaapskil.nl\\\/?s={search_term_string}\"},\"query-input\":{\"@type\":\"PropertyValueSpecification\",\"valueRequired\":true,\"valueName\":\"search_term_string\"}}],\"inLanguage\":\"de-DE\"}]}<\/script>\n<!-- \/ Yoast SEO plugin. -->","yoast_head_json":{"title":"Bronzekanone - Museum Kaap Skil","description":"Eine immense Bronzekanone aus 1638, m\u00f6glicherweise vom VOC-Schiff De Rob.","robots":{"index":"index","follow":"follow","max-snippet":"max-snippet:-1","max-image-preview":"max-image-preview:large","max-video-preview":"max-video-preview:-1"},"canonical":"https:\/\/kaapskil.nl\/de\/entdecken\/prunkstucke\/bronzekanone\/","og_locale":"de_DE","og_type":"article","og_title":"Bronzekanone - Museum Kaap Skil","og_description":"Eine immense Bronzekanone aus 1638, m\u00f6glicherweise vom VOC-Schiff De Rob.","og_url":"https:\/\/kaapskil.nl\/de\/entdecken\/prunkstucke\/bronzekanone\/","og_site_name":"Museum Kaap Skil","article_modified_time":"2022-11-28T08:11:38+00:00","og_image":[{"width":640,"height":440,"url":"https:\/\/kaapskil.nl\/wp-content\/uploads\/2022\/10\/handvatten-kanon-wereldreis-ws.jpg","type":"image\/jpeg"}],"twitter_card":"summary_large_image","twitter_misc":{"Est. reading time":"2 minutes"},"schema":{"@context":"https:\/\/schema.org","@graph":[{"@type":"WebPage","@id":"https:\/\/kaapskil.nl\/de\/entdecken\/prunkstucke\/bronzekanone\/","url":"https:\/\/kaapskil.nl\/de\/entdecken\/prunkstucke\/bronzekanone\/","name":"Bronzekanone - Museum Kaap Skil","isPartOf":{"@id":"https:\/\/kaapskil.nl\/#website"},"primaryImageOfPage":{"@id":"https:\/\/kaapskil.nl\/de\/entdecken\/prunkstucke\/bronzekanone\/#primaryimage"},"image":{"@id":"https:\/\/kaapskil.nl\/de\/entdecken\/prunkstucke\/bronzekanone\/#primaryimage"},"thumbnailUrl":"https:\/\/kaapskil.nl\/wp-content\/uploads\/2022\/10\/handvatten-kanon-wereldreis-ws.jpg","datePublished":"2022-09-24T15:19:19+00:00","dateModified":"2022-11-28T08:11:38+00:00","description":"Eine immense Bronzekanone aus 1638, m\u00f6glicherweise vom VOC-Schiff De Rob.","breadcrumb":{"@id":"https:\/\/kaapskil.nl\/de\/entdecken\/prunkstucke\/bronzekanone\/#breadcrumb"},"inLanguage":"de-DE","potentialAction":[{"@type":"ReadAction","target":["https:\/\/kaapskil.nl\/de\/entdecken\/prunkstucke\/bronzekanone\/"]}]},{"@type":"ImageObject","inLanguage":"de-DE","@id":"https:\/\/kaapskil.nl\/de\/entdecken\/prunkstucke\/bronzekanone\/#primaryimage","url":"https:\/\/kaapskil.nl\/wp-content\/uploads\/2022\/10\/handvatten-kanon-wereldreis-ws.jpg","contentUrl":"https:\/\/kaapskil.nl\/wp-content\/uploads\/2022\/10\/handvatten-kanon-wereldreis-ws.jpg","width":640,"height":440},{"@type":"BreadcrumbList","@id":"https:\/\/kaapskil.nl\/de\/entdecken\/prunkstucke\/bronzekanone\/#breadcrumb","itemListElement":[{"@type":"ListItem","position":1,"name":"Home","item":"https:\/\/kaapskil.nl\/de\/"},{"@type":"ListItem","position":2,"name":"Entdecken","item":"https:\/\/kaapskil.nl\/de\/entdecken\/"},{"@type":"ListItem","position":3,"name":"Prunkst\u00fccke","item":"https:\/\/kaapskil.nl\/de\/entdecken\/prunkstucke\/"},{"@type":"ListItem","position":4,"name":"Bronzekanone"}]},{"@type":"WebSite","@id":"https:\/\/kaapskil.nl\/#website","url":"https:\/\/kaapskil.nl\/","name":"Museum Kaap Skil","description":"Stichting Texels Museum","potentialAction":[{"@type":"SearchAction","target":{"@type":"EntryPoint","urlTemplate":"https:\/\/kaapskil.nl\/?s={search_term_string}"},"query-input":{"@type":"PropertyValueSpecification","valueRequired":true,"valueName":"search_term_string"}}],"inLanguage":"de-DE"}]}},"_links":{"self":[{"href":"https:\/\/kaapskil.nl\/de\/wp-json\/wp\/v2\/pages\/10218","targetHints":{"allow":["GET"]}}],"collection":[{"href":"https:\/\/kaapskil.nl\/de\/wp-json\/wp\/v2\/pages"}],"about":[{"href":"https:\/\/kaapskil.nl\/de\/wp-json\/wp\/v2\/types\/page"}],"author":[{"embeddable":true,"href":"https:\/\/kaapskil.nl\/de\/wp-json\/wp\/v2\/users\/16"}],"replies":[{"embeddable":true,"href":"https:\/\/kaapskil.nl\/de\/wp-json\/wp\/v2\/comments?post=10218"}],"version-history":[{"count":0,"href":"https:\/\/kaapskil.nl\/de\/wp-json\/wp\/v2\/pages\/10218\/revisions"}],"up":[{"embeddable":true,"href":"https:\/\/kaapskil.nl\/de\/wp-json\/wp\/v2\/pages\/659"}],"wp:featuredmedia":[{"embeddable":true,"href":"https:\/\/kaapskil.nl\/de\/wp-json\/wp\/v2\/media\/10465"}],"wp:attachment":[{"href":"https:\/\/kaapskil.nl\/de\/wp-json\/wp\/v2\/media?parent=10218"}],"wp:term":[{"taxonomy":"category","embeddable":true,"href":"https:\/\/kaapskil.nl\/de\/wp-json\/wp\/v2\/categories?post=10218"},{"taxonomy":"post_tag","embeddable":true,"href":"https:\/\/kaapskil.nl\/de\/wp-json\/wp\/v2\/tags?post=10218"}],"curies":[{"name":"wp","href":"https:\/\/api.w.org\/{rel}","templated":true}]}}