{"id":10235,"date":"2022-09-24T17:40:29","date_gmt":"2022-09-24T15:40:29","guid":{"rendered":"https:\/\/kaapskil.nl\/?page_id=10235"},"modified":"2022-11-01T11:28:33","modified_gmt":"2022-11-01T10:28:33","slug":"querschnitt-fleute","status":"publish","type":"page","link":"https:\/\/kaapskil.nl\/de\/entdecken\/prunkstucke\/querschnitt-fleute\/","title":{"rendered":"Querschnitt Fleute"},"content":{"rendered":"<p><img loading=\"lazy\" decoding=\"async\" class=\"alignright wp-image-10422 size-full\" src=\"https:\/\/kaapskil.nl\/wp-content\/uploads\/2022\/10\/MKS-Wereldreis-fluitschip-ws.jpg\" alt=\"\" width=\"640\" height=\"440\" srcset=\"https:\/\/kaapskil.nl\/wp-content\/uploads\/2022\/10\/MKS-Wereldreis-fluitschip-ws.jpg 640w, https:\/\/kaapskil.nl\/wp-content\/uploads\/2022\/10\/MKS-Wereldreis-fluitschip-ws-300x206.jpg 300w, https:\/\/kaapskil.nl\/wp-content\/uploads\/2022\/10\/MKS-Wereldreis-fluitschip-ws-100x69.jpg 100w\" sizes=\"auto, (max-width: 640px) 100vw, 640px\" \/><strong>Werfen Sie einen Blick an Bord einer Fleute! Sie entdecken dieses Modell in der Ausstellung Weltreise, im Kompasspunkt Nord. Gut zu sehen ist, wie die Rollen auf einem Schiff des siebzehnten Jahrhunderts verteilt waren: Die Matrosen arbeiten hart, w\u00e4hrend der Kapit\u00e4n in seiner Kaj\u00fcte bei Wein und k\u00f6stlichem Essen ein gutes Gesch\u00e4ft mit einem Kaufmann feiert. Kleine Szenen machen ein intensives Studium des Ganzen zu einem Vergn\u00fcgen, auch f\u00fcr Kinder. Sie sehen, wie der Koch w\u00fctend einen Matrosen verfolgt, weil er etwas gestohlen hat. Das Orlopdek ist so niedrig, dass die Besatzung hindurchkriechen muss. Es wird Getreide geschaufelt und geschleppt, aber es gibt auch ein paar Matrosen, die sich in einer H\u00e4ngematte ausruhen. Das Schiff ist mit Getreides\u00e4cken voll beladen, und so ist es nicht verwunderlich, dass M\u00e4use mitfahren. Die Herausforderung f\u00fcr die Kinder besteht darin, alle M\u00e4use zu finden.<\/strong><\/p>\n<h2>Effizient<\/h2>\n<p>In dem Modell sieht man nicht viele Menschen. Das ist historisch korrekt: Eine Fleute konnte mit einer relativ kleinen Mannschaft auskommen. Zw\u00f6lf M\u00e4nner konnten das Schiff bedienen. Fleuten waren ideal geeignet, um Masseng\u00fcter wie Getreide oder Holz in gro\u00dfen Mengen zu transportieren. Sie waren nicht schnell, aber sie waren effizient. Diese Eigenschaften machten die Fleute zu einem der Geheimnisse des niederl\u00e4ndischen Schifffahrtserfolges. J\u00e4hrlich verlie\u00dfen etwa 500 Fleuten Texel in Richtung Ostsee.<\/p>\n<h2>Gro\u00dfe Frachtschiffe<\/h2>\n<p><img loading=\"lazy\" decoding=\"async\" class=\"alignright wp-image-10425 size-full\" src=\"https:\/\/kaapskil.nl\/wp-content\/uploads\/2022\/10\/MKS-Wereldreis-fluitschip_detail-ws.jpg\" alt=\"\" width=\"640\" height=\"440\" srcset=\"https:\/\/kaapskil.nl\/wp-content\/uploads\/2022\/10\/MKS-Wereldreis-fluitschip_detail-ws.jpg 640w, https:\/\/kaapskil.nl\/wp-content\/uploads\/2022\/10\/MKS-Wereldreis-fluitschip_detail-ws-300x206.jpg 300w, https:\/\/kaapskil.nl\/wp-content\/uploads\/2022\/10\/MKS-Wereldreis-fluitschip_detail-ws-100x69.jpg 100w\" sizes=\"auto, (max-width: 640px) 100vw, 640px\" \/>Fleuten waren lange, gro\u00dfe Dreimaster mit einem birnenf\u00f6rmigen Heck. Es gab sie in verschiedenen Gr\u00f6\u00dfen, die L\u00e4ngsten waren etwa 37 Meter lang. Sie konnten bis zu 350 Tonnen Fracht bef\u00f6rdern. Die meisten Fleuten waren nicht oder kaum bewaffnet, schlie\u00dflich waren sie keine Kriegsschiffe.<\/p>\n<p>Das Halbmodell wurde von dem Modellbauer Marc Visser speziell f\u00fcr die Ausstellung angefertigt.<\/p>\n","protected":false},"excerpt":{"rendered":"<p>Werfen Sie einen Blick an Bord einer Fleute! Fleuten waren ideal geeignet, um Masseng\u00fcter wie Getreide oder Holz in gro\u00dfen Mengen zu transportieren. Sie waren nicht schnell, aber sie waren effizient.<\/p>\n","protected":false},"author":16,"featured_media":10422,"parent":659,"menu_order":35,"comment_status":"closed","ping_status":"closed","template":"page-templates\/museum-highlight.php","meta":{"_acf_changed":false,"footnotes":""},"categories":[],"tags":[],"class_list":["post-10235","page","type-page","status-publish","has-post-thumbnail","hentry"],"acf":[],"yoast_head":"<!-- This site is optimized with the Yoast SEO plugin v27.3 - https:\/\/yoast.com\/product\/yoast-seo-wordpress\/ -->\n<title>Querschnitt Fleute - Museum Kaap Skil<\/title>\n<meta name=\"description\" content=\"Werfen Sie einen Blick an Bord einer Fleute! Fleuten waren ideal geeignet, um Masseng\u00fcter wie Getreide oder Holz in gro\u00dfen Mengen zu transportieren. Sie waren nicht schnell, aber sie waren effizient.\" \/>\n<meta name=\"robots\" content=\"index, follow, max-snippet:-1, max-image-preview:large, max-video-preview:-1\" \/>\n<link rel=\"canonical\" href=\"https:\/\/kaapskil.nl\/de\/entdecken\/prunkstucke\/querschnitt-fleute\/\" \/>\n<meta property=\"og:locale\" content=\"de_DE\" \/>\n<meta property=\"og:type\" content=\"article\" \/>\n<meta property=\"og:title\" content=\"Querschnitt Fleute - Museum Kaap Skil\" \/>\n<meta property=\"og:description\" content=\"Werfen Sie einen Blick an Bord einer Fleute! Fleuten waren ideal geeignet, um Masseng\u00fcter wie Getreide oder Holz in gro\u00dfen Mengen zu transportieren. Sie waren nicht schnell, aber sie waren effizient.\" \/>\n<meta property=\"og:url\" content=\"https:\/\/kaapskil.nl\/de\/entdecken\/prunkstucke\/querschnitt-fleute\/\" \/>\n<meta property=\"og:site_name\" content=\"Museum Kaap Skil\" \/>\n<meta property=\"article:modified_time\" content=\"2022-11-01T10:28:33+00:00\" \/>\n<meta property=\"og:image\" content=\"https:\/\/kaapskil.nl\/wp-content\/uploads\/2022\/10\/MKS-Wereldreis-fluitschip-ws.jpg\" \/>\n\t<meta property=\"og:image:width\" content=\"640\" \/>\n\t<meta property=\"og:image:height\" content=\"440\" \/>\n\t<meta property=\"og:image:type\" content=\"image\/jpeg\" \/>\n<meta name=\"twitter:card\" content=\"summary_large_image\" \/>\n<meta name=\"twitter:label1\" content=\"Est. reading time\" \/>\n\t<meta name=\"twitter:data1\" content=\"2 minutes\" \/>\n<script type=\"application\/ld+json\" class=\"yoast-schema-graph\">{\"@context\":\"https:\\\/\\\/schema.org\",\"@graph\":[{\"@type\":\"WebPage\",\"@id\":\"https:\\\/\\\/kaapskil.nl\\\/de\\\/entdecken\\\/prunkstucke\\\/querschnitt-fleute\\\/\",\"url\":\"https:\\\/\\\/kaapskil.nl\\\/de\\\/entdecken\\\/prunkstucke\\\/querschnitt-fleute\\\/\",\"name\":\"Querschnitt Fleute - Museum Kaap Skil\",\"isPartOf\":{\"@id\":\"https:\\\/\\\/kaapskil.nl\\\/#website\"},\"primaryImageOfPage\":{\"@id\":\"https:\\\/\\\/kaapskil.nl\\\/de\\\/entdecken\\\/prunkstucke\\\/querschnitt-fleute\\\/#primaryimage\"},\"image\":{\"@id\":\"https:\\\/\\\/kaapskil.nl\\\/de\\\/entdecken\\\/prunkstucke\\\/querschnitt-fleute\\\/#primaryimage\"},\"thumbnailUrl\":\"https:\\\/\\\/kaapskil.nl\\\/wp-content\\\/uploads\\\/2022\\\/10\\\/MKS-Wereldreis-fluitschip-ws.jpg\",\"datePublished\":\"2022-09-24T15:40:29+00:00\",\"dateModified\":\"2022-11-01T10:28:33+00:00\",\"description\":\"Werfen Sie einen Blick an Bord einer Fleute! Fleuten waren ideal geeignet, um Masseng\u00fcter wie Getreide oder Holz in gro\u00dfen Mengen zu transportieren. Sie waren nicht schnell, aber sie waren effizient.\",\"breadcrumb\":{\"@id\":\"https:\\\/\\\/kaapskil.nl\\\/de\\\/entdecken\\\/prunkstucke\\\/querschnitt-fleute\\\/#breadcrumb\"},\"inLanguage\":\"de-DE\",\"potentialAction\":[{\"@type\":\"ReadAction\",\"target\":[\"https:\\\/\\\/kaapskil.nl\\\/de\\\/entdecken\\\/prunkstucke\\\/querschnitt-fleute\\\/\"]}]},{\"@type\":\"ImageObject\",\"inLanguage\":\"de-DE\",\"@id\":\"https:\\\/\\\/kaapskil.nl\\\/de\\\/entdecken\\\/prunkstucke\\\/querschnitt-fleute\\\/#primaryimage\",\"url\":\"https:\\\/\\\/kaapskil.nl\\\/wp-content\\\/uploads\\\/2022\\\/10\\\/MKS-Wereldreis-fluitschip-ws.jpg\",\"contentUrl\":\"https:\\\/\\\/kaapskil.nl\\\/wp-content\\\/uploads\\\/2022\\\/10\\\/MKS-Wereldreis-fluitschip-ws.jpg\",\"width\":640,\"height\":440},{\"@type\":\"BreadcrumbList\",\"@id\":\"https:\\\/\\\/kaapskil.nl\\\/de\\\/entdecken\\\/prunkstucke\\\/querschnitt-fleute\\\/#breadcrumb\",\"itemListElement\":[{\"@type\":\"ListItem\",\"position\":1,\"name\":\"Home\",\"item\":\"https:\\\/\\\/kaapskil.nl\\\/de\\\/\"},{\"@type\":\"ListItem\",\"position\":2,\"name\":\"Entdecken\",\"item\":\"https:\\\/\\\/kaapskil.nl\\\/de\\\/entdecken\\\/\"},{\"@type\":\"ListItem\",\"position\":3,\"name\":\"Prunkst\u00fccke\",\"item\":\"https:\\\/\\\/kaapskil.nl\\\/de\\\/entdecken\\\/prunkstucke\\\/\"},{\"@type\":\"ListItem\",\"position\":4,\"name\":\"Querschnitt Fleute\"}]},{\"@type\":\"WebSite\",\"@id\":\"https:\\\/\\\/kaapskil.nl\\\/#website\",\"url\":\"https:\\\/\\\/kaapskil.nl\\\/\",\"name\":\"Museum Kaap Skil\",\"description\":\"Stichting Texels Museum\",\"potentialAction\":[{\"@type\":\"SearchAction\",\"target\":{\"@type\":\"EntryPoint\",\"urlTemplate\":\"https:\\\/\\\/kaapskil.nl\\\/?s={search_term_string}\"},\"query-input\":{\"@type\":\"PropertyValueSpecification\",\"valueRequired\":true,\"valueName\":\"search_term_string\"}}],\"inLanguage\":\"de-DE\"}]}<\/script>\n<!-- \/ Yoast SEO plugin. -->","yoast_head_json":{"title":"Querschnitt Fleute - Museum Kaap Skil","description":"Werfen Sie einen Blick an Bord einer Fleute! Fleuten waren ideal geeignet, um Masseng\u00fcter wie Getreide oder Holz in gro\u00dfen Mengen zu transportieren. Sie waren nicht schnell, aber sie waren effizient.","robots":{"index":"index","follow":"follow","max-snippet":"max-snippet:-1","max-image-preview":"max-image-preview:large","max-video-preview":"max-video-preview:-1"},"canonical":"https:\/\/kaapskil.nl\/de\/entdecken\/prunkstucke\/querschnitt-fleute\/","og_locale":"de_DE","og_type":"article","og_title":"Querschnitt Fleute - Museum Kaap Skil","og_description":"Werfen Sie einen Blick an Bord einer Fleute! Fleuten waren ideal geeignet, um Masseng\u00fcter wie Getreide oder Holz in gro\u00dfen Mengen zu transportieren. Sie waren nicht schnell, aber sie waren effizient.","og_url":"https:\/\/kaapskil.nl\/de\/entdecken\/prunkstucke\/querschnitt-fleute\/","og_site_name":"Museum Kaap Skil","article_modified_time":"2022-11-01T10:28:33+00:00","og_image":[{"width":640,"height":440,"url":"https:\/\/kaapskil.nl\/wp-content\/uploads\/2022\/10\/MKS-Wereldreis-fluitschip-ws.jpg","type":"image\/jpeg"}],"twitter_card":"summary_large_image","twitter_misc":{"Est. reading time":"2 minutes"},"schema":{"@context":"https:\/\/schema.org","@graph":[{"@type":"WebPage","@id":"https:\/\/kaapskil.nl\/de\/entdecken\/prunkstucke\/querschnitt-fleute\/","url":"https:\/\/kaapskil.nl\/de\/entdecken\/prunkstucke\/querschnitt-fleute\/","name":"Querschnitt Fleute - Museum Kaap Skil","isPartOf":{"@id":"https:\/\/kaapskil.nl\/#website"},"primaryImageOfPage":{"@id":"https:\/\/kaapskil.nl\/de\/entdecken\/prunkstucke\/querschnitt-fleute\/#primaryimage"},"image":{"@id":"https:\/\/kaapskil.nl\/de\/entdecken\/prunkstucke\/querschnitt-fleute\/#primaryimage"},"thumbnailUrl":"https:\/\/kaapskil.nl\/wp-content\/uploads\/2022\/10\/MKS-Wereldreis-fluitschip-ws.jpg","datePublished":"2022-09-24T15:40:29+00:00","dateModified":"2022-11-01T10:28:33+00:00","description":"Werfen Sie einen Blick an Bord einer Fleute! Fleuten waren ideal geeignet, um Masseng\u00fcter wie Getreide oder Holz in gro\u00dfen Mengen zu transportieren. Sie waren nicht schnell, aber sie waren effizient.","breadcrumb":{"@id":"https:\/\/kaapskil.nl\/de\/entdecken\/prunkstucke\/querschnitt-fleute\/#breadcrumb"},"inLanguage":"de-DE","potentialAction":[{"@type":"ReadAction","target":["https:\/\/kaapskil.nl\/de\/entdecken\/prunkstucke\/querschnitt-fleute\/"]}]},{"@type":"ImageObject","inLanguage":"de-DE","@id":"https:\/\/kaapskil.nl\/de\/entdecken\/prunkstucke\/querschnitt-fleute\/#primaryimage","url":"https:\/\/kaapskil.nl\/wp-content\/uploads\/2022\/10\/MKS-Wereldreis-fluitschip-ws.jpg","contentUrl":"https:\/\/kaapskil.nl\/wp-content\/uploads\/2022\/10\/MKS-Wereldreis-fluitschip-ws.jpg","width":640,"height":440},{"@type":"BreadcrumbList","@id":"https:\/\/kaapskil.nl\/de\/entdecken\/prunkstucke\/querschnitt-fleute\/#breadcrumb","itemListElement":[{"@type":"ListItem","position":1,"name":"Home","item":"https:\/\/kaapskil.nl\/de\/"},{"@type":"ListItem","position":2,"name":"Entdecken","item":"https:\/\/kaapskil.nl\/de\/entdecken\/"},{"@type":"ListItem","position":3,"name":"Prunkst\u00fccke","item":"https:\/\/kaapskil.nl\/de\/entdecken\/prunkstucke\/"},{"@type":"ListItem","position":4,"name":"Querschnitt Fleute"}]},{"@type":"WebSite","@id":"https:\/\/kaapskil.nl\/#website","url":"https:\/\/kaapskil.nl\/","name":"Museum Kaap Skil","description":"Stichting Texels Museum","potentialAction":[{"@type":"SearchAction","target":{"@type":"EntryPoint","urlTemplate":"https:\/\/kaapskil.nl\/?s={search_term_string}"},"query-input":{"@type":"PropertyValueSpecification","valueRequired":true,"valueName":"search_term_string"}}],"inLanguage":"de-DE"}]}},"_links":{"self":[{"href":"https:\/\/kaapskil.nl\/de\/wp-json\/wp\/v2\/pages\/10235","targetHints":{"allow":["GET"]}}],"collection":[{"href":"https:\/\/kaapskil.nl\/de\/wp-json\/wp\/v2\/pages"}],"about":[{"href":"https:\/\/kaapskil.nl\/de\/wp-json\/wp\/v2\/types\/page"}],"author":[{"embeddable":true,"href":"https:\/\/kaapskil.nl\/de\/wp-json\/wp\/v2\/users\/16"}],"replies":[{"embeddable":true,"href":"https:\/\/kaapskil.nl\/de\/wp-json\/wp\/v2\/comments?post=10235"}],"version-history":[{"count":0,"href":"https:\/\/kaapskil.nl\/de\/wp-json\/wp\/v2\/pages\/10235\/revisions"}],"up":[{"embeddable":true,"href":"https:\/\/kaapskil.nl\/de\/wp-json\/wp\/v2\/pages\/659"}],"wp:featuredmedia":[{"embeddable":true,"href":"https:\/\/kaapskil.nl\/de\/wp-json\/wp\/v2\/media\/10422"}],"wp:attachment":[{"href":"https:\/\/kaapskil.nl\/de\/wp-json\/wp\/v2\/media?parent=10235"}],"wp:term":[{"taxonomy":"category","embeddable":true,"href":"https:\/\/kaapskil.nl\/de\/wp-json\/wp\/v2\/categories?post=10235"},{"taxonomy":"post_tag","embeddable":true,"href":"https:\/\/kaapskil.nl\/de\/wp-json\/wp\/v2\/tags?post=10235"}],"curies":[{"name":"wp","href":"https:\/\/api.w.org\/{rel}","templated":true}]}}