{"id":10314,"date":"2022-11-11T12:00:17","date_gmt":"2022-11-11T11:00:17","guid":{"rendered":"https:\/\/kaapskil.nl\/?page_id=10314"},"modified":"2022-11-11T12:04:22","modified_gmt":"2022-11-11T11:04:22","slug":"das-palmholzwrack","status":"publish","type":"page","link":"https:\/\/kaapskil.nl\/de\/entdecken\/ausstellungen\/das-palmholzwrack\/","title":{"rendered":"Das Palmholzwrack"},"content":{"rendered":"<p><strong><img loading=\"lazy\" decoding=\"async\" class=\"alignright wp-image-11294 size-full\" src=\"https:\/\/kaapskil.nl\/wp-content\/uploads\/2022\/11\/De-Trouwjurk-in-de-tentoonstelling-c-Museum-Kaap-Skil-ws.jpg\" alt=\"\" width=\"840\" height=\"525\" srcset=\"https:\/\/kaapskil.nl\/wp-content\/uploads\/2022\/11\/De-Trouwjurk-in-de-tentoonstelling-c-Museum-Kaap-Skil-ws.jpg 840w, https:\/\/kaapskil.nl\/wp-content\/uploads\/2022\/11\/De-Trouwjurk-in-de-tentoonstelling-c-Museum-Kaap-Skil-ws-300x188.jpg 300w, https:\/\/kaapskil.nl\/wp-content\/uploads\/2022\/11\/De-Trouwjurk-in-de-tentoonstelling-c-Museum-Kaap-Skil-ws-768x480.jpg 768w, https:\/\/kaapskil.nl\/wp-content\/uploads\/2022\/11\/De-Trouwjurk-in-de-tentoonstelling-c-Museum-Kaap-Skil-ws-100x63.jpg 100w\" sizes=\"auto, (max-width: 840px) 100vw, 840px\" \/>Welch ein Reichtum in einem einzigen Schiff! Taucher fanden 2014 die erstaunlichsten und wertvollsten Gegenst\u00e4nde in einem Schiffswrack. Sie nannten das Wrack <a href=\"https:\/\/kaapskil.nl\/de\/das-palmholzwrack\/\" target=\"_blank\" rel=\"noopener\">Palmholzwrack<\/a>, nach den vielen St\u00e4mmen aus Palmholz (Buchsbaum), die sie ebenfalls darin fanden. Das Schiff, das voll mit exklusiven, einzigartigen und luxuri\u00f6sen Waren beladen war, war ein Stra\u00dfenfahrer, der um 1650 auf der Reede von Texel Schiffbruch erlitten haben muss. Im Museum Kaap Skil ist nun eine Ausstellung komplett den Funden dieses phantasievollen Schiffes gewidmet.\u00a0 <\/strong><\/p>\n<p>&nbsp;<\/p>\n<h2><img loading=\"lazy\" decoding=\"async\" class=\"alignright wp-image-11318 size-full\" src=\"https:\/\/kaapskil.nl\/wp-content\/uploads\/2022\/11\/Mensen-bij-vitrine-met-Jurk-ws.jpg\" alt=\"\" width=\"840\" height=\"525\" srcset=\"https:\/\/kaapskil.nl\/wp-content\/uploads\/2022\/11\/Mensen-bij-vitrine-met-Jurk-ws.jpg 840w, https:\/\/kaapskil.nl\/wp-content\/uploads\/2022\/11\/Mensen-bij-vitrine-met-Jurk-ws-300x188.jpg 300w, https:\/\/kaapskil.nl\/wp-content\/uploads\/2022\/11\/Mensen-bij-vitrine-met-Jurk-ws-768x480.jpg 768w, https:\/\/kaapskil.nl\/wp-content\/uploads\/2022\/11\/Mensen-bij-vitrine-met-Jurk-ws-100x63.jpg 100w\" sizes=\"auto, (max-width: 840px) 100vw, 840px\" \/>Seidenes Kleid<\/h2>\n<p>Die Funde aus dem Palmholzwrack sind allesamt au\u00dfergew\u00f6hnlich, wobei ein vollst\u00e4ndig intaktes Seidenkleid das absolute Highlight darstellt. Dieses <a href=\"https:\/\/kaapskil.nl\/de\/entdecken\/prunkstucke\/das-kleid\/\" target=\"_blank\" rel=\"noopener\">Kleid<\/a> strahlt einen solchen Reichtum aus, dass sicher ist, dass es einer sehr hochgestellten Dame geh\u00f6rte. Textilien aus dem siebzehnten Jahrhundert sind sehr selten und bei einem Unterwasserfund absolut einzigartig. Wissenschaftler bezeichnen dieses Kleid daher als die &#8220;Nachtwache der Textilien&#8221;. Das Kleid hat nat\u00fcrlich einen prominenten Platz in der Ausstellung erhalten. Man kann es von allen Seiten bewundern.<\/p>\n<h2>Hochzeitskleid<\/h2>\n<p>Das Kleid ist nicht das einzige Textil, das in dem Wrack gefunden wurde. Der Gesamtfund war so gro\u00df, dass die Wissenschaftler Jahre brauchten, um ihn zu kartieren. So kam es, dass erst k\u00fcrzlich bekannt wurde, dass es sich bei einem zweiten Kleid aus dem Palmholzwrack h\u00f6chstwahrscheinlich um ein mit Silber gearbeitetes <a href=\"https:\/\/kaapskil.nl\/de\/entdecken\/prunkstucke\/das-hochzeitskleid-aus-dem-palmholzwrack\/\" target=\"_blank\" rel=\"noopener\">Hochzeitskleid<\/a> handelt. Dieses Kleid, das weniger makellos erhalten ist, wird in einer Animation in der Ausstellung in seiner ganzen urspr\u00fcnglichen Pracht zum Leben erweckt.<\/p>\n<h2><img loading=\"lazy\" decoding=\"async\" class=\"alignright wp-image-11297 size-full\" src=\"https:\/\/kaapskil.nl\/wp-content\/uploads\/2022\/11\/Linsey-bij-vaas-ws.jpg\" alt=\"\" width=\"840\" height=\"525\" srcset=\"https:\/\/kaapskil.nl\/wp-content\/uploads\/2022\/11\/Linsey-bij-vaas-ws.jpg 840w, https:\/\/kaapskil.nl\/wp-content\/uploads\/2022\/11\/Linsey-bij-vaas-ws-300x188.jpg 300w, https:\/\/kaapskil.nl\/wp-content\/uploads\/2022\/11\/Linsey-bij-vaas-ws-768x480.jpg 768w, https:\/\/kaapskil.nl\/wp-content\/uploads\/2022\/11\/Linsey-bij-vaas-ws-100x63.jpg 100w\" sizes=\"auto, (max-width: 840px) 100vw, 840px\" \/>Themen<\/h2>\n<p>In der Ausstellung sind die Fundst\u00fccke in vier Themen unterteilt: reich, weltlich, intim und stilvoll. Zusammen zeigen sie, wie reichhaltig, geschmackvoll und exklusiv die Ladung des Wracks war.<br \/>\nEin Beispiel f\u00fcr den Reichtum ist ein <a href=\"https:\/\/kaapskil.nl\/de\/entdecken\/prunkstucke\/bucheinband-aus-dem-palmholzwrack\/\" target=\"_blank\" rel=\"noopener\">Bucheinband<\/a> aus Kalbsleder, auf dem das Wappen des englischen K\u00f6nigshauses Stuart in Gold gedruckt ist. Zu diesem Thema geh\u00f6rt auch ein vergoldeter <a href=\"https:\/\/kaapskil.nl\/de\/entdecken\/prunkstucke\/der-prunkbecher-aus-dem-palmholzwrack\/\" target=\"_blank\" rel=\"noopener\">Prunkbecher<\/a> aus Silber.<br \/>\nWeltlich sind die Gegenst\u00e4nde, die aus der ganzen Welt mitgebracht werden: ein <a href=\"https:\/\/kaapskil.nl\/de\/persicher-teppich\/\" target=\"_blank\" rel=\"noopener\">orientalischer Teppich<\/a> und ein <a href=\"https:\/\/kaapskil.nl\/de\/entdecken\/prunkstucke\/oestliches-gewand\/\" target=\"_blank\" rel=\"noopener\">Kaftan<\/a>.<br \/>\nZu den intimen Gegenst\u00e4nden geh\u00f6ren ein <a href=\"https:\/\/kaapskil.nl\/de\/entdecken\/prunkstucke\/toilettenset-aus-dem-palmholzwrack\/\" target=\"_blank\" rel=\"noopener\">Toilettenset<\/a> mit einem sch\u00f6nen Spiegel und einem sch\u00f6n verzierten Etui f\u00fcr einen Kamm.<br \/>\nStilvoll ist eigentlich alles; ein Paar hauchd\u00fcnn gestrickte Seidenstr\u00fcmpfe und ein rotes <a href=\"https:\/\/kaapskil.nl\/de\/entdecken\/prunkstucke\/das-rote-mieder-aus-dem-palmholzwrack\/\" target=\"_blank\" rel=\"noopener\">Seidenmiede<\/a>r sind w\u00fcrdige Vertreter dieses Themas.<\/p>\n<h2>Ausstellung<\/h2>\n<p>Speziell f\u00fcr die empfindlichen Textilien wurden luftdichte, mit Stickstoff gef\u00fcllte Vitrinen entworfen. In diesen k\u00f6nnen die beiden Kleider und einige andere Textilfunde sicher ausgestellt werden. Die zahlreichen Untersuchungen haben Antworten auf viele Fragen gefunden, aber es bleiben auch immer noch Fragen offen. Wem geh\u00f6rten das Kleid und all die anderen teuren Gegenst\u00e4nde? Warum war das alles auf einem Schiff? Wurde jemals in dem Hochzeitskleid geheiratet? Bewundern Sie diese faszinierende Sammlung im Museum Kaap Skil und lassen Sie Ihrer Phantasie freien Lauf \u00fcber alles, was wir noch nicht wissen.<\/p>\n","protected":false},"excerpt":{"rendered":"<p>Was f\u00fcr ein Reichtum: Aus dem Palmholzwrack aus dem 17. Jahrhundert wurden die exklusivsten Gegenst\u00e4nde geborgen. Von einem vergoldeten Prunkbecher aus Silber bis hin zu einer luxuri\u00f6sen Toilettengarnitur. Der Besitzer muss steinreich gewesen sein! Am au\u00dfergew\u00f6hnlichsten waren die Textilfunde, darunter ein silbernes Hochzeitskleid und ein wundersch\u00f6nes Seidenkleid als absolute Highlights. Bewundern Sie sie in der Ausstellung Palmholzwrack.<\/p>\n","protected":false},"author":16,"featured_media":12524,"parent":339,"menu_order":0,"comment_status":"closed","ping_status":"closed","template":"page-templates\/museum-highlight.php","meta":{"_acf_changed":false,"footnotes":""},"categories":[],"tags":[44],"class_list":["post-10314","page","type-page","status-publish","has-post-thumbnail","hentry","tag-palmholzwrack"],"acf":[],"yoast_head":"<!-- This site is optimized with the Yoast SEO plugin v27.5 - https:\/\/yoast.com\/product\/yoast-seo-wordpress\/ -->\n<title>Das Palmholzwrack - Museum Kaap Skil<\/title>\n<meta name=\"description\" content=\"Was f\u00fcr ein Reichtum: Aus dem Palmholzwrack aus dem 17. Jahrhundert wurden die exklusivsten Gegenst\u00e4nde geborgen. Von einem vergoldeten Prunkbecher aus Silber bis hin zu einer luxuri\u00f6sen Toilettengarnitur. Der Besitzer muss steinreich gewesen sein! Am au\u00dfergew\u00f6hnlichsten waren die Textilfunde, darunter ein silbernes Hochzeitskleid und ein wundersch\u00f6nes Seidenkleid als absolute Highlights. Bewundern Sie sie in der Ausstellung Palmholzwrack.\" \/>\n<meta name=\"robots\" content=\"index, follow, max-snippet:-1, max-image-preview:large, max-video-preview:-1\" \/>\n<link rel=\"canonical\" href=\"https:\/\/kaapskil.nl\/de\/entdecken\/ausstellungen\/das-palmholzwrack\/\" \/>\n<meta property=\"og:locale\" content=\"de_DE\" \/>\n<meta property=\"og:type\" content=\"article\" \/>\n<meta property=\"og:title\" content=\"Das Palmholzwrack - Museum Kaap Skil\" \/>\n<meta property=\"og:description\" content=\"Was f\u00fcr ein Reichtum: Aus dem Palmholzwrack aus dem 17. Jahrhundert wurden die exklusivsten Gegenst\u00e4nde geborgen. Von einem vergoldeten Prunkbecher aus Silber bis hin zu einer luxuri\u00f6sen Toilettengarnitur. Der Besitzer muss steinreich gewesen sein! Am au\u00dfergew\u00f6hnlichsten waren die Textilfunde, darunter ein silbernes Hochzeitskleid und ein wundersch\u00f6nes Seidenkleid als absolute Highlights. Bewundern Sie sie in der Ausstellung Palmholzwrack.\" \/>\n<meta property=\"og:url\" content=\"https:\/\/kaapskil.nl\/de\/entdecken\/ausstellungen\/das-palmholzwrack\/\" \/>\n<meta property=\"og:site_name\" content=\"Museum Kaap Skil\" \/>\n<meta property=\"article:modified_time\" content=\"2022-11-11T11:04:22+00:00\" \/>\n<meta property=\"og:image\" content=\"https:\/\/kaapskil.nl\/wp-content\/uploads\/2022\/11\/Mensen-bij-vitrine-met-Jurk-ws.jpg\" \/>\n\t<meta property=\"og:image:width\" content=\"840\" \/>\n\t<meta property=\"og:image:height\" content=\"525\" \/>\n\t<meta property=\"og:image:type\" content=\"image\/jpeg\" \/>\n<meta name=\"twitter:card\" content=\"summary_large_image\" \/>\n<meta name=\"twitter:label1\" content=\"Est. reading time\" \/>\n\t<meta name=\"twitter:data1\" content=\"3 minutes\" \/>\n<script type=\"application\/ld+json\" class=\"yoast-schema-graph\">{\"@context\":\"https:\\\/\\\/schema.org\",\"@graph\":[{\"@type\":\"WebPage\",\"@id\":\"https:\\\/\\\/kaapskil.nl\\\/de\\\/entdecken\\\/ausstellungen\\\/das-palmholzwrack\\\/\",\"url\":\"https:\\\/\\\/kaapskil.nl\\\/de\\\/entdecken\\\/ausstellungen\\\/das-palmholzwrack\\\/\",\"name\":\"Das Palmholzwrack - Museum Kaap Skil\",\"isPartOf\":{\"@id\":\"https:\\\/\\\/kaapskil.nl\\\/#website\"},\"primaryImageOfPage\":{\"@id\":\"https:\\\/\\\/kaapskil.nl\\\/de\\\/entdecken\\\/ausstellungen\\\/das-palmholzwrack\\\/#primaryimage\"},\"image\":{\"@id\":\"https:\\\/\\\/kaapskil.nl\\\/de\\\/entdecken\\\/ausstellungen\\\/das-palmholzwrack\\\/#primaryimage\"},\"thumbnailUrl\":\"https:\\\/\\\/kaapskil.nl\\\/wp-content\\\/uploads\\\/2023\\\/10\\\/Kaap-Skil_Mike-Bink_013-scaled-e1702461432160.jpg\",\"datePublished\":\"2022-11-11T11:00:17+00:00\",\"dateModified\":\"2022-11-11T11:04:22+00:00\",\"description\":\"Was f\u00fcr ein Reichtum: Aus dem Palmholzwrack aus dem 17. Jahrhundert wurden die exklusivsten Gegenst\u00e4nde geborgen. Von einem vergoldeten Prunkbecher aus Silber bis hin zu einer luxuri\u00f6sen Toilettengarnitur. Der Besitzer muss steinreich gewesen sein! Am au\u00dfergew\u00f6hnlichsten waren die Textilfunde, darunter ein silbernes Hochzeitskleid und ein wundersch\u00f6nes Seidenkleid als absolute Highlights. Bewundern Sie sie in der Ausstellung Palmholzwrack.\",\"breadcrumb\":{\"@id\":\"https:\\\/\\\/kaapskil.nl\\\/de\\\/entdecken\\\/ausstellungen\\\/das-palmholzwrack\\\/#breadcrumb\"},\"inLanguage\":\"de-DE\",\"potentialAction\":[{\"@type\":\"ReadAction\",\"target\":[\"https:\\\/\\\/kaapskil.nl\\\/de\\\/entdecken\\\/ausstellungen\\\/das-palmholzwrack\\\/\"]}]},{\"@type\":\"ImageObject\",\"inLanguage\":\"de-DE\",\"@id\":\"https:\\\/\\\/kaapskil.nl\\\/de\\\/entdecken\\\/ausstellungen\\\/das-palmholzwrack\\\/#primaryimage\",\"url\":\"https:\\\/\\\/kaapskil.nl\\\/wp-content\\\/uploads\\\/2023\\\/10\\\/Kaap-Skil_Mike-Bink_013-scaled-e1702461432160.jpg\",\"contentUrl\":\"https:\\\/\\\/kaapskil.nl\\\/wp-content\\\/uploads\\\/2023\\\/10\\\/Kaap-Skil_Mike-Bink_013-scaled-e1702461432160.jpg\",\"width\":2560,\"height\":1707,\"caption\":\"De Jurk uit het Palmhoutwrak - herfstvakantie bij Museum Kaap Skil\"},{\"@type\":\"BreadcrumbList\",\"@id\":\"https:\\\/\\\/kaapskil.nl\\\/de\\\/entdecken\\\/ausstellungen\\\/das-palmholzwrack\\\/#breadcrumb\",\"itemListElement\":[{\"@type\":\"ListItem\",\"position\":1,\"name\":\"Home\",\"item\":\"https:\\\/\\\/kaapskil.nl\\\/de\\\/\"},{\"@type\":\"ListItem\",\"position\":2,\"name\":\"Entdecken\",\"item\":\"https:\\\/\\\/kaapskil.nl\\\/de\\\/entdecken\\\/\"},{\"@type\":\"ListItem\",\"position\":3,\"name\":\"Ausstellungen\",\"item\":\"https:\\\/\\\/kaapskil.nl\\\/de\\\/entdecken\\\/ausstellungen\\\/\"},{\"@type\":\"ListItem\",\"position\":4,\"name\":\"Das Palmholzwrack\"}]},{\"@type\":\"WebSite\",\"@id\":\"https:\\\/\\\/kaapskil.nl\\\/#website\",\"url\":\"https:\\\/\\\/kaapskil.nl\\\/\",\"name\":\"Museum Kaap Skil\",\"description\":\"Stichting Texels Museum\",\"potentialAction\":[{\"@type\":\"SearchAction\",\"target\":{\"@type\":\"EntryPoint\",\"urlTemplate\":\"https:\\\/\\\/kaapskil.nl\\\/?s={search_term_string}\"},\"query-input\":{\"@type\":\"PropertyValueSpecification\",\"valueRequired\":true,\"valueName\":\"search_term_string\"}}],\"inLanguage\":\"de-DE\"}]}<\/script>\n<!-- \/ Yoast SEO plugin. -->","yoast_head_json":{"title":"Das Palmholzwrack - Museum Kaap Skil","description":"Was f\u00fcr ein Reichtum: Aus dem Palmholzwrack aus dem 17. Jahrhundert wurden die exklusivsten Gegenst\u00e4nde geborgen. Von einem vergoldeten Prunkbecher aus Silber bis hin zu einer luxuri\u00f6sen Toilettengarnitur. Der Besitzer muss steinreich gewesen sein! Am au\u00dfergew\u00f6hnlichsten waren die Textilfunde, darunter ein silbernes Hochzeitskleid und ein wundersch\u00f6nes Seidenkleid als absolute Highlights. Bewundern Sie sie in der Ausstellung Palmholzwrack.","robots":{"index":"index","follow":"follow","max-snippet":"max-snippet:-1","max-image-preview":"max-image-preview:large","max-video-preview":"max-video-preview:-1"},"canonical":"https:\/\/kaapskil.nl\/de\/entdecken\/ausstellungen\/das-palmholzwrack\/","og_locale":"de_DE","og_type":"article","og_title":"Das Palmholzwrack - Museum Kaap Skil","og_description":"Was f\u00fcr ein Reichtum: Aus dem Palmholzwrack aus dem 17. Jahrhundert wurden die exklusivsten Gegenst\u00e4nde geborgen. Von einem vergoldeten Prunkbecher aus Silber bis hin zu einer luxuri\u00f6sen Toilettengarnitur. Der Besitzer muss steinreich gewesen sein! Am au\u00dfergew\u00f6hnlichsten waren die Textilfunde, darunter ein silbernes Hochzeitskleid und ein wundersch\u00f6nes Seidenkleid als absolute Highlights. Bewundern Sie sie in der Ausstellung Palmholzwrack.","og_url":"https:\/\/kaapskil.nl\/de\/entdecken\/ausstellungen\/das-palmholzwrack\/","og_site_name":"Museum Kaap Skil","article_modified_time":"2022-11-11T11:04:22+00:00","og_image":[{"width":840,"height":525,"url":"https:\/\/kaapskil.nl\/wp-content\/uploads\/2022\/11\/Mensen-bij-vitrine-met-Jurk-ws.jpg","type":"image\/jpeg"}],"twitter_card":"summary_large_image","twitter_misc":{"Est. reading time":"3 minutes"},"schema":{"@context":"https:\/\/schema.org","@graph":[{"@type":"WebPage","@id":"https:\/\/kaapskil.nl\/de\/entdecken\/ausstellungen\/das-palmholzwrack\/","url":"https:\/\/kaapskil.nl\/de\/entdecken\/ausstellungen\/das-palmholzwrack\/","name":"Das Palmholzwrack - Museum Kaap Skil","isPartOf":{"@id":"https:\/\/kaapskil.nl\/#website"},"primaryImageOfPage":{"@id":"https:\/\/kaapskil.nl\/de\/entdecken\/ausstellungen\/das-palmholzwrack\/#primaryimage"},"image":{"@id":"https:\/\/kaapskil.nl\/de\/entdecken\/ausstellungen\/das-palmholzwrack\/#primaryimage"},"thumbnailUrl":"https:\/\/kaapskil.nl\/wp-content\/uploads\/2023\/10\/Kaap-Skil_Mike-Bink_013-scaled-e1702461432160.jpg","datePublished":"2022-11-11T11:00:17+00:00","dateModified":"2022-11-11T11:04:22+00:00","description":"Was f\u00fcr ein Reichtum: Aus dem Palmholzwrack aus dem 17. Jahrhundert wurden die exklusivsten Gegenst\u00e4nde geborgen. Von einem vergoldeten Prunkbecher aus Silber bis hin zu einer luxuri\u00f6sen Toilettengarnitur. Der Besitzer muss steinreich gewesen sein! Am au\u00dfergew\u00f6hnlichsten waren die Textilfunde, darunter ein silbernes Hochzeitskleid und ein wundersch\u00f6nes Seidenkleid als absolute Highlights. Bewundern Sie sie in der Ausstellung Palmholzwrack.","breadcrumb":{"@id":"https:\/\/kaapskil.nl\/de\/entdecken\/ausstellungen\/das-palmholzwrack\/#breadcrumb"},"inLanguage":"de-DE","potentialAction":[{"@type":"ReadAction","target":["https:\/\/kaapskil.nl\/de\/entdecken\/ausstellungen\/das-palmholzwrack\/"]}]},{"@type":"ImageObject","inLanguage":"de-DE","@id":"https:\/\/kaapskil.nl\/de\/entdecken\/ausstellungen\/das-palmholzwrack\/#primaryimage","url":"https:\/\/kaapskil.nl\/wp-content\/uploads\/2023\/10\/Kaap-Skil_Mike-Bink_013-scaled-e1702461432160.jpg","contentUrl":"https:\/\/kaapskil.nl\/wp-content\/uploads\/2023\/10\/Kaap-Skil_Mike-Bink_013-scaled-e1702461432160.jpg","width":2560,"height":1707,"caption":"De Jurk uit het Palmhoutwrak - herfstvakantie bij Museum Kaap Skil"},{"@type":"BreadcrumbList","@id":"https:\/\/kaapskil.nl\/de\/entdecken\/ausstellungen\/das-palmholzwrack\/#breadcrumb","itemListElement":[{"@type":"ListItem","position":1,"name":"Home","item":"https:\/\/kaapskil.nl\/de\/"},{"@type":"ListItem","position":2,"name":"Entdecken","item":"https:\/\/kaapskil.nl\/de\/entdecken\/"},{"@type":"ListItem","position":3,"name":"Ausstellungen","item":"https:\/\/kaapskil.nl\/de\/entdecken\/ausstellungen\/"},{"@type":"ListItem","position":4,"name":"Das Palmholzwrack"}]},{"@type":"WebSite","@id":"https:\/\/kaapskil.nl\/#website","url":"https:\/\/kaapskil.nl\/","name":"Museum Kaap Skil","description":"Stichting Texels Museum","potentialAction":[{"@type":"SearchAction","target":{"@type":"EntryPoint","urlTemplate":"https:\/\/kaapskil.nl\/?s={search_term_string}"},"query-input":{"@type":"PropertyValueSpecification","valueRequired":true,"valueName":"search_term_string"}}],"inLanguage":"de-DE"}]}},"_links":{"self":[{"href":"https:\/\/kaapskil.nl\/de\/wp-json\/wp\/v2\/pages\/10314","targetHints":{"allow":["GET"]}}],"collection":[{"href":"https:\/\/kaapskil.nl\/de\/wp-json\/wp\/v2\/pages"}],"about":[{"href":"https:\/\/kaapskil.nl\/de\/wp-json\/wp\/v2\/types\/page"}],"author":[{"embeddable":true,"href":"https:\/\/kaapskil.nl\/de\/wp-json\/wp\/v2\/users\/16"}],"replies":[{"embeddable":true,"href":"https:\/\/kaapskil.nl\/de\/wp-json\/wp\/v2\/comments?post=10314"}],"version-history":[{"count":0,"href":"https:\/\/kaapskil.nl\/de\/wp-json\/wp\/v2\/pages\/10314\/revisions"}],"up":[{"embeddable":true,"href":"https:\/\/kaapskil.nl\/de\/wp-json\/wp\/v2\/pages\/339"}],"wp:featuredmedia":[{"embeddable":true,"href":"https:\/\/kaapskil.nl\/de\/wp-json\/wp\/v2\/media\/12524"}],"wp:attachment":[{"href":"https:\/\/kaapskil.nl\/de\/wp-json\/wp\/v2\/media?parent=10314"}],"wp:term":[{"taxonomy":"category","embeddable":true,"href":"https:\/\/kaapskil.nl\/de\/wp-json\/wp\/v2\/categories?post=10314"},{"taxonomy":"post_tag","embeddable":true,"href":"https:\/\/kaapskil.nl\/de\/wp-json\/wp\/v2\/tags?post=10314"}],"curies":[{"name":"wp","href":"https:\/\/api.w.org\/{rel}","templated":true}]}}