{"id":10390,"date":"2022-10-07T12:50:41","date_gmt":"2022-10-07T10:50:41","guid":{"rendered":"https:\/\/kaapskil.nl\/?page_id=10390"},"modified":"2022-10-07T12:51:39","modified_gmt":"2022-10-07T10:51:39","slug":"modell-die-reede-von-texel","status":"publish","type":"page","link":"https:\/\/kaapskil.nl\/de\/entdecken\/prunkstucke\/modell-die-reede-von-texel\/","title":{"rendered":"Modell Die Reede von Texel"},"content":{"rendered":"<p><strong><img loading=\"lazy\" decoding=\"async\" class=\"alignright wp-image-5289 size-full\" src=\"https:\/\/kaapskil.nl\/wp-content\/uploads\/2019\/12\/Pagina-Schip-inZicht-LiselotteSchoo_KaapSkil_18-12-2019-3.jpg\" alt=\"Overzicht maquette Reede van Texel - Schip in zicht\" width=\"640\" height=\"434\" srcset=\"https:\/\/kaapskil.nl\/wp-content\/uploads\/2019\/12\/Pagina-Schip-inZicht-LiselotteSchoo_KaapSkil_18-12-2019-3.jpg 640w, https:\/\/kaapskil.nl\/wp-content\/uploads\/2019\/12\/Pagina-Schip-inZicht-LiselotteSchoo_KaapSkil_18-12-2019-3-300x203.jpg 300w, https:\/\/kaapskil.nl\/wp-content\/uploads\/2019\/12\/Pagina-Schip-inZicht-LiselotteSchoo_KaapSkil_18-12-2019-3-100x68.jpg 100w\" sizes=\"auto, (max-width: 640px) 100vw, 640px\" \/>Im Untergeschoss des Eingangsgeb\u00e4udes von Museum Kaap Skil befindet sich das gr\u00f6\u00dfte maritime Modell der Welt. Die 18 Meter lange Pr\u00e4sentation zeigt eine Momentaufnahme aus dem Jahr 1660 von der Reede von Texel und dem ganzen Treiben um sie herum. Die Reede von Texel war im siebzehnten Jahrhundert einer der wichtigsten Ankerpl\u00e4tze f\u00fcr die Schifffahrt. Das Modell enth\u00e4lt rund 160 detailgetreu nachgebildete Schiffe und Boote. Sie sehen die historische Realit\u00e4t im Ma\u00dfstab.<\/strong><\/p>\n<h2>Zeit f\u00fcr Reparaturen<\/h2>\n<p>Jedes Schiff auf dem Modell wurde der Realit\u00e4t nachempfunden. Dar\u00fcber hinaus sind auf und um den Schiffen alle m\u00f6glichen detaillierten Szenen abgebildet. So sieht man zum Beispiel die <a href=\"https:\/\/kaapskil.nl\/de\/modell-der-pinasschiffes-amste-lant\/\" target=\"_blank\" rel=\"noopener\">Amste-lant<\/a>, wie sie gekrengt daliegt, so dass die Schiffszimmerm\u00e4nner den besch\u00e4digten Rumpf reparieren k\u00f6nnen. Die Amste-lant war eine 40 m lange und 9,5 m breite Pinas. Eine Pinas war ein schneller, gut bewaffneter Hochseesegler mit einer gro\u00dfen Ladekapazit\u00e4t. Die Amste-lant war zu diesem Zeitpunkt gerade von einer Reise nach Batavia zur\u00fcckgekehrt.<\/p>\n<h2>Ostindienfahrer<\/h2>\n<p>Noch gr\u00f6\u00dfer als die Amste-lant war die <a href=\"https:\/\/kaapskil.nl\/de\/model-der-spiegelretourschiff-oranje\/\" target=\"_blank\" rel=\"noopener\">Oranje<\/a>. Die Oranje war ein Ostindienfahrer, der speziell f\u00fcr die langen Fahrten nach Ostindien konzipiert war. Mit einer L\u00e4nge von 48 Metern und einer Breite von 11 Metern konnte das Schiff eine gro\u00dfe Menge an Waren transportieren. Zu dem auf dem Modell dargestellten Zeitpunkt kannte die Besatzung das neue Ziel des Schiffes noch nicht. Es wurde 1665 f\u00fcr den Krieg gegen die Engl\u00e4nder angemietet. Dies war der Untergang der Oranje.<\/p>\n<h2>Stra\u00dfenfahrer<\/h2>\n<p>Auf dem Modell sind verschiedene Handelsschiffe zu sehen. Manche mit weit entfernten Zielen, andere blieben n\u00e4her an der Heimat. Es gab n\u00e4mlich auch einen regen Handel mit den L\u00e4ndern rund um das Mittelmeer und die Ostsee. Ein Beispiel f\u00fcr einen Stra\u00dfenfahrer, ein f\u00fcr den Handel im Mittelmeer bestimmtes Schiff, ist die &#8216;<a href=\"https:\/\/kaapskil.nl\/de\/modell-der-fleute-vrouwtje-van-stavoren\/\" target=\"_blank\" rel=\"noopener\">Vrouwtje van Stavoren<\/a>&#8216;. Das Modell zeigt dieses Fl\u00f6tenschiff vor Anker. Es ist ein schneller Segler, einfach und schnell zu beladen und mit einer kleinen Besetzung zu segeln.<\/p>\n<h2>Kriegsschiff<\/h2>\n<p>Ein ganz anderes Kaliber als die Handelsschiffe ist <a href=\"https:\/\/kaapskil.nl\/de\/model-der-hollandia\/\" target=\"_blank\" rel=\"noopener\">die Hollandia<\/a>. Dieses Kriegsschiff war 46 Meter lang und 12 Meter breit und war lange Zeit das Flaggschiff der niederl\u00e4ndischen Kriegsflotte. Cornelis Tromp und Michiel de Ruyter segelten auf ihr! Zu dem auf dem Modell dargestellten Zeitpunkt war die Hollandia gerade von einem Einsatz zur\u00fcckgekehrt. W\u00e4hrend des Krieges gegen die Engl\u00e4nder wurde mit ihr so manche Seeschlacht geschlagen.<\/p>\n<h2>Betriebsamkeit<\/h2>\n<p>Die vielen Schiffe, die auf der Reede von Texel vor Anker gingen, sorgten auch f\u00fcr viel Arbeit auf der Insel. Schiffe wurden bevorratet, Lotsen brachten die Schiffe zwischen den Untiefen aufs offene Meer, Reparaturen wurden durchgef\u00fchrt und die Besatzung suchte Unterhaltung an Land. Auch diese Betriebsamkeit ist auf dem Modell zu sehen. Etwa 2.000 Puppen illustrieren sie. Wer mehr \u00fcber die Geschichten, Reisen und Eigenschaften der Schiffe erfahren m\u00f6chte, kann die Touchscreens rund um das Modell nutzen.<\/p>\n","protected":false},"excerpt":{"rendered":"<p>Die 18 Meter lange Pr\u00e4sentation zeigt eine Momentaufnahme aus dem Jahr 1660 von der Reede von Texel.<\/p>\n","protected":false},"author":29,"featured_media":5091,"parent":659,"menu_order":5,"comment_status":"closed","ping_status":"closed","template":"page-templates\/museum-highlight.php","meta":{"_acf_changed":false,"footnotes":""},"categories":[],"tags":[],"class_list":["post-10390","page","type-page","status-publish","has-post-thumbnail","hentry"],"acf":[],"yoast_head":"<!-- This site is optimized with the Yoast SEO plugin v27.4 - https:\/\/yoast.com\/product\/yoast-seo-wordpress\/ -->\n<title>Modell Die Reede von Texel - Museum Kaap Skil<\/title>\n<meta name=\"description\" content=\"Die 18 Meter lange Pr\u00e4sentation zeigt eine Momentaufnahme aus dem Jahr 1660 von der Reede von Texel.\" \/>\n<meta name=\"robots\" content=\"index, follow, max-snippet:-1, max-image-preview:large, max-video-preview:-1\" \/>\n<link rel=\"canonical\" href=\"https:\/\/kaapskil.nl\/de\/entdecken\/prunkstucke\/modell-die-reede-von-texel\/\" \/>\n<meta property=\"og:locale\" content=\"de_DE\" \/>\n<meta property=\"og:type\" content=\"article\" \/>\n<meta property=\"og:title\" content=\"Modell Die Reede von Texel - Museum Kaap Skil\" \/>\n<meta property=\"og:description\" content=\"Die 18 Meter lange Pr\u00e4sentation zeigt eine Momentaufnahme aus dem Jahr 1660 von der Reede von Texel.\" \/>\n<meta property=\"og:url\" content=\"https:\/\/kaapskil.nl\/de\/entdecken\/prunkstucke\/modell-die-reede-von-texel\/\" \/>\n<meta property=\"og:site_name\" content=\"Museum Kaap Skil\" \/>\n<meta property=\"article:modified_time\" content=\"2022-10-07T10:51:39+00:00\" \/>\n<meta property=\"og:image\" content=\"https:\/\/kaapskil.nl\/wp-content\/uploads\/2019\/12\/Foto-Maquette-Reede-van-Texel-detail-3-Museum-Kaap-Skil-1024x683.jpg\" \/>\n\t<meta property=\"og:image:width\" content=\"1024\" \/>\n\t<meta property=\"og:image:height\" content=\"683\" \/>\n\t<meta property=\"og:image:type\" content=\"image\/jpeg\" \/>\n<meta name=\"twitter:card\" content=\"summary_large_image\" \/>\n<meta name=\"twitter:label1\" content=\"Est. reading time\" \/>\n\t<meta name=\"twitter:data1\" content=\"3 minutes\" \/>\n<script type=\"application\/ld+json\" class=\"yoast-schema-graph\">{\"@context\":\"https:\\\/\\\/schema.org\",\"@graph\":[{\"@type\":\"WebPage\",\"@id\":\"https:\\\/\\\/kaapskil.nl\\\/de\\\/entdecken\\\/prunkstucke\\\/modell-die-reede-von-texel\\\/\",\"url\":\"https:\\\/\\\/kaapskil.nl\\\/de\\\/entdecken\\\/prunkstucke\\\/modell-die-reede-von-texel\\\/\",\"name\":\"Modell Die Reede von Texel - Museum Kaap Skil\",\"isPartOf\":{\"@id\":\"https:\\\/\\\/kaapskil.nl\\\/#website\"},\"primaryImageOfPage\":{\"@id\":\"https:\\\/\\\/kaapskil.nl\\\/de\\\/entdecken\\\/prunkstucke\\\/modell-die-reede-von-texel\\\/#primaryimage\"},\"image\":{\"@id\":\"https:\\\/\\\/kaapskil.nl\\\/de\\\/entdecken\\\/prunkstucke\\\/modell-die-reede-von-texel\\\/#primaryimage\"},\"thumbnailUrl\":\"https:\\\/\\\/kaapskil.nl\\\/wp-content\\\/uploads\\\/2019\\\/12\\\/Foto-Maquette-Reede-van-Texel-detail-3-Museum-Kaap-Skil.jpg\",\"datePublished\":\"2022-10-07T10:50:41+00:00\",\"dateModified\":\"2022-10-07T10:51:39+00:00\",\"description\":\"Die 18 Meter lange Pr\u00e4sentation zeigt eine Momentaufnahme aus dem Jahr 1660 von der Reede von Texel.\",\"breadcrumb\":{\"@id\":\"https:\\\/\\\/kaapskil.nl\\\/de\\\/entdecken\\\/prunkstucke\\\/modell-die-reede-von-texel\\\/#breadcrumb\"},\"inLanguage\":\"de-DE\",\"potentialAction\":[{\"@type\":\"ReadAction\",\"target\":[\"https:\\\/\\\/kaapskil.nl\\\/de\\\/entdecken\\\/prunkstucke\\\/modell-die-reede-von-texel\\\/\"]}]},{\"@type\":\"ImageObject\",\"inLanguage\":\"de-DE\",\"@id\":\"https:\\\/\\\/kaapskil.nl\\\/de\\\/entdecken\\\/prunkstucke\\\/modell-die-reede-von-texel\\\/#primaryimage\",\"url\":\"https:\\\/\\\/kaapskil.nl\\\/wp-content\\\/uploads\\\/2019\\\/12\\\/Foto-Maquette-Reede-van-Texel-detail-3-Museum-Kaap-Skil.jpg\",\"contentUrl\":\"https:\\\/\\\/kaapskil.nl\\\/wp-content\\\/uploads\\\/2019\\\/12\\\/Foto-Maquette-Reede-van-Texel-detail-3-Museum-Kaap-Skil.jpg\",\"width\":2560,\"height\":1709,\"caption\":\"Hoge resolutie foto's van de verschillende schepen op de Maquette van de Reede van Texel\"},{\"@type\":\"BreadcrumbList\",\"@id\":\"https:\\\/\\\/kaapskil.nl\\\/de\\\/entdecken\\\/prunkstucke\\\/modell-die-reede-von-texel\\\/#breadcrumb\",\"itemListElement\":[{\"@type\":\"ListItem\",\"position\":1,\"name\":\"Home\",\"item\":\"https:\\\/\\\/kaapskil.nl\\\/de\\\/\"},{\"@type\":\"ListItem\",\"position\":2,\"name\":\"Entdecken\",\"item\":\"https:\\\/\\\/kaapskil.nl\\\/de\\\/entdecken\\\/\"},{\"@type\":\"ListItem\",\"position\":3,\"name\":\"Prunkst\u00fccke\",\"item\":\"https:\\\/\\\/kaapskil.nl\\\/de\\\/entdecken\\\/prunkstucke\\\/\"},{\"@type\":\"ListItem\",\"position\":4,\"name\":\"Modell Die Reede von Texel\"}]},{\"@type\":\"WebSite\",\"@id\":\"https:\\\/\\\/kaapskil.nl\\\/#website\",\"url\":\"https:\\\/\\\/kaapskil.nl\\\/\",\"name\":\"Museum Kaap Skil\",\"description\":\"Stichting Texels Museum\",\"potentialAction\":[{\"@type\":\"SearchAction\",\"target\":{\"@type\":\"EntryPoint\",\"urlTemplate\":\"https:\\\/\\\/kaapskil.nl\\\/?s={search_term_string}\"},\"query-input\":{\"@type\":\"PropertyValueSpecification\",\"valueRequired\":true,\"valueName\":\"search_term_string\"}}],\"inLanguage\":\"de-DE\"}]}<\/script>\n<!-- \/ Yoast SEO plugin. -->","yoast_head_json":{"title":"Modell Die Reede von Texel - Museum Kaap Skil","description":"Die 18 Meter lange Pr\u00e4sentation zeigt eine Momentaufnahme aus dem Jahr 1660 von der Reede von Texel.","robots":{"index":"index","follow":"follow","max-snippet":"max-snippet:-1","max-image-preview":"max-image-preview:large","max-video-preview":"max-video-preview:-1"},"canonical":"https:\/\/kaapskil.nl\/de\/entdecken\/prunkstucke\/modell-die-reede-von-texel\/","og_locale":"de_DE","og_type":"article","og_title":"Modell Die Reede von Texel - Museum Kaap Skil","og_description":"Die 18 Meter lange Pr\u00e4sentation zeigt eine Momentaufnahme aus dem Jahr 1660 von der Reede von Texel.","og_url":"https:\/\/kaapskil.nl\/de\/entdecken\/prunkstucke\/modell-die-reede-von-texel\/","og_site_name":"Museum Kaap Skil","article_modified_time":"2022-10-07T10:51:39+00:00","og_image":[{"width":1024,"height":683,"url":"https:\/\/kaapskil.nl\/wp-content\/uploads\/2019\/12\/Foto-Maquette-Reede-van-Texel-detail-3-Museum-Kaap-Skil-1024x683.jpg","type":"image\/jpeg"}],"twitter_card":"summary_large_image","twitter_misc":{"Est. reading time":"3 minutes"},"schema":{"@context":"https:\/\/schema.org","@graph":[{"@type":"WebPage","@id":"https:\/\/kaapskil.nl\/de\/entdecken\/prunkstucke\/modell-die-reede-von-texel\/","url":"https:\/\/kaapskil.nl\/de\/entdecken\/prunkstucke\/modell-die-reede-von-texel\/","name":"Modell Die Reede von Texel - Museum Kaap Skil","isPartOf":{"@id":"https:\/\/kaapskil.nl\/#website"},"primaryImageOfPage":{"@id":"https:\/\/kaapskil.nl\/de\/entdecken\/prunkstucke\/modell-die-reede-von-texel\/#primaryimage"},"image":{"@id":"https:\/\/kaapskil.nl\/de\/entdecken\/prunkstucke\/modell-die-reede-von-texel\/#primaryimage"},"thumbnailUrl":"https:\/\/kaapskil.nl\/wp-content\/uploads\/2019\/12\/Foto-Maquette-Reede-van-Texel-detail-3-Museum-Kaap-Skil.jpg","datePublished":"2022-10-07T10:50:41+00:00","dateModified":"2022-10-07T10:51:39+00:00","description":"Die 18 Meter lange Pr\u00e4sentation zeigt eine Momentaufnahme aus dem Jahr 1660 von der Reede von Texel.","breadcrumb":{"@id":"https:\/\/kaapskil.nl\/de\/entdecken\/prunkstucke\/modell-die-reede-von-texel\/#breadcrumb"},"inLanguage":"de-DE","potentialAction":[{"@type":"ReadAction","target":["https:\/\/kaapskil.nl\/de\/entdecken\/prunkstucke\/modell-die-reede-von-texel\/"]}]},{"@type":"ImageObject","inLanguage":"de-DE","@id":"https:\/\/kaapskil.nl\/de\/entdecken\/prunkstucke\/modell-die-reede-von-texel\/#primaryimage","url":"https:\/\/kaapskil.nl\/wp-content\/uploads\/2019\/12\/Foto-Maquette-Reede-van-Texel-detail-3-Museum-Kaap-Skil.jpg","contentUrl":"https:\/\/kaapskil.nl\/wp-content\/uploads\/2019\/12\/Foto-Maquette-Reede-van-Texel-detail-3-Museum-Kaap-Skil.jpg","width":2560,"height":1709,"caption":"Hoge resolutie foto's van de verschillende schepen op de Maquette van de Reede van Texel"},{"@type":"BreadcrumbList","@id":"https:\/\/kaapskil.nl\/de\/entdecken\/prunkstucke\/modell-die-reede-von-texel\/#breadcrumb","itemListElement":[{"@type":"ListItem","position":1,"name":"Home","item":"https:\/\/kaapskil.nl\/de\/"},{"@type":"ListItem","position":2,"name":"Entdecken","item":"https:\/\/kaapskil.nl\/de\/entdecken\/"},{"@type":"ListItem","position":3,"name":"Prunkst\u00fccke","item":"https:\/\/kaapskil.nl\/de\/entdecken\/prunkstucke\/"},{"@type":"ListItem","position":4,"name":"Modell Die Reede von Texel"}]},{"@type":"WebSite","@id":"https:\/\/kaapskil.nl\/#website","url":"https:\/\/kaapskil.nl\/","name":"Museum Kaap Skil","description":"Stichting Texels Museum","potentialAction":[{"@type":"SearchAction","target":{"@type":"EntryPoint","urlTemplate":"https:\/\/kaapskil.nl\/?s={search_term_string}"},"query-input":{"@type":"PropertyValueSpecification","valueRequired":true,"valueName":"search_term_string"}}],"inLanguage":"de-DE"}]}},"_links":{"self":[{"href":"https:\/\/kaapskil.nl\/de\/wp-json\/wp\/v2\/pages\/10390","targetHints":{"allow":["GET"]}}],"collection":[{"href":"https:\/\/kaapskil.nl\/de\/wp-json\/wp\/v2\/pages"}],"about":[{"href":"https:\/\/kaapskil.nl\/de\/wp-json\/wp\/v2\/types\/page"}],"author":[{"embeddable":true,"href":"https:\/\/kaapskil.nl\/de\/wp-json\/wp\/v2\/users\/29"}],"replies":[{"embeddable":true,"href":"https:\/\/kaapskil.nl\/de\/wp-json\/wp\/v2\/comments?post=10390"}],"version-history":[{"count":0,"href":"https:\/\/kaapskil.nl\/de\/wp-json\/wp\/v2\/pages\/10390\/revisions"}],"up":[{"embeddable":true,"href":"https:\/\/kaapskil.nl\/de\/wp-json\/wp\/v2\/pages\/659"}],"wp:featuredmedia":[{"embeddable":true,"href":"https:\/\/kaapskil.nl\/de\/wp-json\/wp\/v2\/media\/5091"}],"wp:attachment":[{"href":"https:\/\/kaapskil.nl\/de\/wp-json\/wp\/v2\/media?parent=10390"}],"wp:term":[{"taxonomy":"category","embeddable":true,"href":"https:\/\/kaapskil.nl\/de\/wp-json\/wp\/v2\/categories?post=10390"},{"taxonomy":"post_tag","embeddable":true,"href":"https:\/\/kaapskil.nl\/de\/wp-json\/wp\/v2\/tags?post=10390"}],"curies":[{"name":"wp","href":"https:\/\/api.w.org\/{rel}","templated":true}]}}