{"id":10627,"date":"2022-11-11T14:00:34","date_gmt":"2022-11-11T13:00:34","guid":{"rendered":"https:\/\/kaapskil.nl\/?page_id=10627"},"modified":"2022-11-28T09:08:56","modified_gmt":"2022-11-28T08:08:56","slug":"das-hochzeitskleid-aus-dem-palmholzwrack","status":"publish","type":"page","link":"https:\/\/kaapskil.nl\/de\/entdecken\/prunkstucke\/das-hochzeitskleid-aus-dem-palmholzwrack\/","title":{"rendered":"Das Hochzeitskleid aus dem Palmholzwrack"},"content":{"rendered":"<p><strong><img loading=\"lazy\" decoding=\"async\" class=\"alignright wp-image-11402\" src=\"https:\/\/kaapskil.nl\/wp-content\/uploads\/2022\/11\/Objecten-De-Trouwjurk-donkere-achtergrond-c-provincie-Noord-Holland-Kees-Zwaan-ingekort.jpg\" alt=\"Trouwjurk uit het Palmhoutwrak - Museum Kaap Skil\" width=\"640\" height=\"829\" srcset=\"https:\/\/kaapskil.nl\/wp-content\/uploads\/2022\/11\/Objecten-De-Trouwjurk-donkere-achtergrond-c-provincie-Noord-Holland-Kees-Zwaan-ingekort.jpg 840w, https:\/\/kaapskil.nl\/wp-content\/uploads\/2022\/11\/Objecten-De-Trouwjurk-donkere-achtergrond-c-provincie-Noord-Holland-Kees-Zwaan-ingekort-232x300.jpg 232w, https:\/\/kaapskil.nl\/wp-content\/uploads\/2022\/11\/Objecten-De-Trouwjurk-donkere-achtergrond-c-provincie-Noord-Holland-Kees-Zwaan-ingekort-791x1024.jpg 791w, https:\/\/kaapskil.nl\/wp-content\/uploads\/2022\/11\/Objecten-De-Trouwjurk-donkere-achtergrond-c-provincie-Noord-Holland-Kees-Zwaan-ingekort-768x995.jpg 768w, https:\/\/kaapskil.nl\/wp-content\/uploads\/2022\/11\/Objecten-De-Trouwjurk-donkere-achtergrond-c-provincie-Noord-Holland-Kees-Zwaan-ingekort-77x100.jpg 77w\" sizes=\"auto, (max-width: 640px) 100vw, 640px\" \/>Unter den Textilfunden, die das <a href=\"https:\/\/kaapskil.nl\/de\/das-palmholzwrack\/\" target=\"_blank\" rel=\"noopener\">Palmholzwrack<\/a> weltber\u00fchmt gemacht haben, befindet sich ein zweites, ganz besonderes Kleid. Untersuchungen haben ergeben, dass es sich wahrscheinlich um ein Hochzeitskleid handelt. Dank eingewebter Silberpl\u00e4ttchen und gestickter Motive aus Silberf\u00e4den muss es im wahrsten Sinne des Wortes ein gl\u00e4nzendes Kleid gewesen sein!<\/strong><\/p>\n<h2>Bestandteile<\/h2>\n<p>Im Gegensatz zu dem <a href=\"https:\/\/kaapskil.nl\/de\/entdecken\/prunkstucke\/das-kleid\/\" target=\"_blank\" rel=\"noopener\">anderen Kleid<\/a> aus dem Palmholzwrack besteht das Hochzeitskleid aus vielen Einzelteilen. Der K\u00f6rper des Kleidungsst\u00fccks, das Mieder und der Rock, sind noch aneinander befestigt. Es ist m\u00f6glich, dass die befestigenden N\u00e4hte der kleineren Teile, wie Kragen, \u00c4rmel und \u00dcber\u00e4rmel, verrottet sind. Es ist auch m\u00f6glich, dass sie nie am Kleid befestigt waren. Diese Teile wurden beim Ankleiden oft nur mit Stecknadeln befestigt. Die anderen Teile sind gefunden worden, aber nicht alle sind f\u00fcr die \u00d6ffentlichkeit zu sehen.<\/p>\n<h2><img loading=\"lazy\" decoding=\"async\" class=\"alignright wp-image-11396\" src=\"https:\/\/kaapskil.nl\/wp-content\/uploads\/2022\/11\/Objecten-Trouwjurk-Detail-Liefdesknopen-c-provincie-Noord-Holland-Margareta-Svensson-klein.jpg\" alt=\"Trouwjurk uit het Palmhoutwrak - Museum Kaap Skil\" width=\"640\" height=\"257\" srcset=\"https:\/\/kaapskil.nl\/wp-content\/uploads\/2022\/11\/Objecten-Trouwjurk-Detail-Liefdesknopen-c-provincie-Noord-Holland-Margareta-Svensson-klein.jpg 840w, https:\/\/kaapskil.nl\/wp-content\/uploads\/2022\/11\/Objecten-Trouwjurk-Detail-Liefdesknopen-c-provincie-Noord-Holland-Margareta-Svensson-klein-300x120.jpg 300w, https:\/\/kaapskil.nl\/wp-content\/uploads\/2022\/11\/Objecten-Trouwjurk-Detail-Liefdesknopen-c-provincie-Noord-Holland-Margareta-Svensson-klein-768x308.jpg 768w, https:\/\/kaapskil.nl\/wp-content\/uploads\/2022\/11\/Objecten-Trouwjurk-Detail-Liefdesknopen-c-provincie-Noord-Holland-Margareta-Svensson-klein-100x40.jpg 100w\" sizes=\"auto, (max-width: 640px) 100vw, 640px\" \/>Silberne Liebesknoten<\/h2>\n<p>Auf den ersten Blick scheint es sich um ein braun gef\u00e4rbtes Kleid zu handeln, aber das wird nicht die urspr\u00fcngliche Farbe gewesen sein. Das Kleid war wahrscheinlich aus heller Seide (m\u00f6glicherweise wei\u00df oder cremefarben) und hatte auf der gesamten Oberfl\u00e4che silberne Verzierungen. Diese bestanden aus kleinen Silberpl\u00e4ttchen, die in Form von Liebesknoten in die Seide eingewebt waren. Es handelt sich um ein sich wiederholendes Muster aus ineinander verschlungenen Herzen; sehr passend f\u00fcr ein Hochzeitskleid! Silber verf\u00e4rbt sich in der salzigen Umgebung des Wattenmeeres relativ schnell und zerf\u00e4llt, aber die Spuren und Muster der urspr\u00fcnglichen Verzierungen sind noch zu erkennen.<\/p>\n<p><img loading=\"lazy\" decoding=\"async\" class=\"alignright wp-image-11399\" src=\"https:\/\/kaapskil.nl\/wp-content\/uploads\/2022\/11\/Objecten-Trouwjurk-Detail-zilveren-reepjes-c-provincie-Noord-Holland-klein.jpg\" alt=\"Trouwjurk uit het Palmhoutwrak - Museum Kaap Skil\" width=\"640\" height=\"304\" srcset=\"https:\/\/kaapskil.nl\/wp-content\/uploads\/2022\/11\/Objecten-Trouwjurk-Detail-zilveren-reepjes-c-provincie-Noord-Holland-klein.jpg 840w, https:\/\/kaapskil.nl\/wp-content\/uploads\/2022\/11\/Objecten-Trouwjurk-Detail-zilveren-reepjes-c-provincie-Noord-Holland-klein-300x143.jpg 300w, https:\/\/kaapskil.nl\/wp-content\/uploads\/2022\/11\/Objecten-Trouwjurk-Detail-zilveren-reepjes-c-provincie-Noord-Holland-klein-768x365.jpg 768w, https:\/\/kaapskil.nl\/wp-content\/uploads\/2022\/11\/Objecten-Trouwjurk-Detail-zilveren-reepjes-c-provincie-Noord-Holland-klein-100x48.jpg 100w\" sizes=\"auto, (max-width: 640px) 100vw, 640px\" \/><\/p>\n<h2>Funkelnd<\/h2>\n<p>Dank des vielen Silbers muss das Kleid eine formelle, leichte und funkelnde Erscheinung gewesen sein. Es muss eines der au\u00dfergew\u00f6hnlichsten Kleider gewesen sein, die eine Dame aus der h\u00f6chsten Gesellschaftsschicht Westeuropas im Laufe ihres Lebens tragen konnte. Das Kleid war f\u00fcr au\u00dfergew\u00f6hnliche Anl\u00e4sse wie Verlobung<\/p>\n<p>sfeiern, Kr\u00f6nungen und Hochzeiten geeignet. Wenn es als Hochzeitskleid getragen wurde, war die Braut der glanzvolle Mittelpunkt der Hochzeitszeremonie. Welche unermesslich reiche Dame in diesem exklusiven Kleid ihrem Mann ewige Treue versprach, wird wohl immer ein Geheimnis bleiben. Der Stil und die Herkunft dieses Brautkleides sind dem anderen Kleid aus dem Palmholzwrack sehr \u00e4hnlich, aber die beiden Kleider haben nicht die gleiche Gr\u00f6\u00dfe.<\/p>\n<h2>Zu sehen<\/h2>\n<p>Das Hochzeitskleid und die anderen einzigartigen Fundst\u00fccke aus dem Palmholzwrack sind in einer neuen, spektakul\u00e4ren Ausstellung zu sehen bei Museum Kaap Skil.<\/p>\n<p><iframe data-cookieconsent=\"marketing\" data-cookieblock-src=\"https:\/\/www.youtube.com\/embed\/CTCAw3sXxJg?hl=de&amp;cc_lang_pref=de&amp;cc=1\" width=\"560\" height=\"500\" frameborder=\"0\" allowfullscreen=\"allowfullscreen\"><span data-mce-type=\"bookmark\" style=\"display: inline-block; width: 0px; overflow: hidden; line-height: 0;\" class=\"mce_SELRES_start\">\ufeff<\/span><span data-mce-type=\"bookmark\" style=\"display: inline-block; width: 0px; overflow: hidden; line-height: 0;\" class=\"mce_SELRES_start\">\ufeff<\/span><\/iframe><\/p>\n<p>NB: Die Sammlung wird immer noch erforscht. Dieser Artikel kann dadurch veraltete Informationen oder \u00fcberholte Erkenntnisse enthalten.<\/p>\n","protected":false},"excerpt":{"rendered":"<p>Eine Dame, die dieses Hochzeitskleid trug, war der glanzvolle Mittelpunkt der Hochzeitszeremonie. Ein au\u00dfergew\u00f6hnliches Kleid mit eingewebter Silberpl\u00e4ttchen und gestickter Motive aus Silberf\u00e4den.<\/p>\n","protected":false},"author":16,"featured_media":11030,"parent":659,"menu_order":1,"comment_status":"closed","ping_status":"closed","template":"page-templates\/museum-highlight.php","meta":{"_acf_changed":false,"footnotes":""},"categories":[],"tags":[44],"class_list":["post-10627","page","type-page","status-publish","has-post-thumbnail","hentry","tag-palmholzwrack"],"acf":[],"yoast_head":"<!-- This site is optimized with the Yoast SEO plugin v27.3 - https:\/\/yoast.com\/product\/yoast-seo-wordpress\/ -->\n<title>Das Hochzeitskleid aus dem Palmholzwrack - Museum Kaap Skil<\/title>\n<meta name=\"description\" content=\"Eine Dame, die dieses Hochzeitskleid trug, war der glanzvolle Mittelpunkt der Hochzeitszeremonie. Ein au\u00dfergew\u00f6hnliches Kleid mit eingewebter Silberpl\u00e4ttchen und gestickter Motive aus Silberf\u00e4den.\" \/>\n<meta name=\"robots\" content=\"index, follow, max-snippet:-1, max-image-preview:large, max-video-preview:-1\" \/>\n<link rel=\"canonical\" href=\"https:\/\/kaapskil.nl\/de\/entdecken\/prunkstucke\/das-hochzeitskleid-aus-dem-palmholzwrack\/\" \/>\n<meta property=\"og:locale\" content=\"de_DE\" \/>\n<meta property=\"og:type\" content=\"article\" \/>\n<meta property=\"og:title\" content=\"Das Hochzeitskleid aus dem Palmholzwrack - Museum Kaap Skil\" \/>\n<meta property=\"og:description\" content=\"Eine Dame, die dieses Hochzeitskleid trug, war der glanzvolle Mittelpunkt der Hochzeitszeremonie. Ein au\u00dfergew\u00f6hnliches Kleid mit eingewebter Silberpl\u00e4ttchen und gestickter Motive aus Silberf\u00e4den.\" \/>\n<meta property=\"og:url\" content=\"https:\/\/kaapskil.nl\/de\/entdecken\/prunkstucke\/das-hochzeitskleid-aus-dem-palmholzwrack\/\" \/>\n<meta property=\"og:site_name\" content=\"Museum Kaap Skil\" \/>\n<meta property=\"article:modified_time\" content=\"2022-11-28T08:08:56+00:00\" \/>\n<meta property=\"og:image\" content=\"https:\/\/kaapskil.nl\/wp-content\/uploads\/2022\/11\/De-Trouwjurk-donkere-achtergrond-c-Provincie-Noord-Holland-Kees-Zwaan-ws-1.jpg\" \/>\n\t<meta property=\"og:image:width\" content=\"533\" \/>\n\t<meta property=\"og:image:height\" content=\"800\" \/>\n\t<meta property=\"og:image:type\" content=\"image\/jpeg\" \/>\n<meta name=\"twitter:card\" content=\"summary_large_image\" \/>\n<meta name=\"twitter:label1\" content=\"Est. reading time\" \/>\n\t<meta name=\"twitter:data1\" content=\"3 minutes\" \/>\n<script type=\"application\/ld+json\" class=\"yoast-schema-graph\">{\"@context\":\"https:\\\/\\\/schema.org\",\"@graph\":[{\"@type\":\"WebPage\",\"@id\":\"https:\\\/\\\/kaapskil.nl\\\/de\\\/entdecken\\\/prunkstucke\\\/das-hochzeitskleid-aus-dem-palmholzwrack\\\/\",\"url\":\"https:\\\/\\\/kaapskil.nl\\\/de\\\/entdecken\\\/prunkstucke\\\/das-hochzeitskleid-aus-dem-palmholzwrack\\\/\",\"name\":\"Das Hochzeitskleid aus dem Palmholzwrack - Museum Kaap Skil\",\"isPartOf\":{\"@id\":\"https:\\\/\\\/kaapskil.nl\\\/#website\"},\"primaryImageOfPage\":{\"@id\":\"https:\\\/\\\/kaapskil.nl\\\/de\\\/entdecken\\\/prunkstucke\\\/das-hochzeitskleid-aus-dem-palmholzwrack\\\/#primaryimage\"},\"image\":{\"@id\":\"https:\\\/\\\/kaapskil.nl\\\/de\\\/entdecken\\\/prunkstucke\\\/das-hochzeitskleid-aus-dem-palmholzwrack\\\/#primaryimage\"},\"thumbnailUrl\":\"https:\\\/\\\/kaapskil.nl\\\/wp-content\\\/uploads\\\/2022\\\/11\\\/De-Trouwjurk-donkere-achtergrond-c-Provincie-Noord-Holland-Kees-Zwaan-ws-1.jpg\",\"datePublished\":\"2022-11-11T13:00:34+00:00\",\"dateModified\":\"2022-11-28T08:08:56+00:00\",\"description\":\"Eine Dame, die dieses Hochzeitskleid trug, war der glanzvolle Mittelpunkt der Hochzeitszeremonie. Ein au\u00dfergew\u00f6hnliches Kleid mit eingewebter Silberpl\u00e4ttchen und gestickter Motive aus Silberf\u00e4den.\",\"breadcrumb\":{\"@id\":\"https:\\\/\\\/kaapskil.nl\\\/de\\\/entdecken\\\/prunkstucke\\\/das-hochzeitskleid-aus-dem-palmholzwrack\\\/#breadcrumb\"},\"inLanguage\":\"de-DE\",\"potentialAction\":[{\"@type\":\"ReadAction\",\"target\":[\"https:\\\/\\\/kaapskil.nl\\\/de\\\/entdecken\\\/prunkstucke\\\/das-hochzeitskleid-aus-dem-palmholzwrack\\\/\"]}]},{\"@type\":\"ImageObject\",\"inLanguage\":\"de-DE\",\"@id\":\"https:\\\/\\\/kaapskil.nl\\\/de\\\/entdecken\\\/prunkstucke\\\/das-hochzeitskleid-aus-dem-palmholzwrack\\\/#primaryimage\",\"url\":\"https:\\\/\\\/kaapskil.nl\\\/wp-content\\\/uploads\\\/2022\\\/11\\\/De-Trouwjurk-donkere-achtergrond-c-Provincie-Noord-Holland-Kees-Zwaan-ws-1.jpg\",\"contentUrl\":\"https:\\\/\\\/kaapskil.nl\\\/wp-content\\\/uploads\\\/2022\\\/11\\\/De-Trouwjurk-donkere-achtergrond-c-Provincie-Noord-Holland-Kees-Zwaan-ws-1.jpg\",\"width\":533,\"height\":800},{\"@type\":\"BreadcrumbList\",\"@id\":\"https:\\\/\\\/kaapskil.nl\\\/de\\\/entdecken\\\/prunkstucke\\\/das-hochzeitskleid-aus-dem-palmholzwrack\\\/#breadcrumb\",\"itemListElement\":[{\"@type\":\"ListItem\",\"position\":1,\"name\":\"Home\",\"item\":\"https:\\\/\\\/kaapskil.nl\\\/de\\\/\"},{\"@type\":\"ListItem\",\"position\":2,\"name\":\"Entdecken\",\"item\":\"https:\\\/\\\/kaapskil.nl\\\/de\\\/entdecken\\\/\"},{\"@type\":\"ListItem\",\"position\":3,\"name\":\"Prunkst\u00fccke\",\"item\":\"https:\\\/\\\/kaapskil.nl\\\/de\\\/entdecken\\\/prunkstucke\\\/\"},{\"@type\":\"ListItem\",\"position\":4,\"name\":\"Das Hochzeitskleid aus dem Palmholzwrack\"}]},{\"@type\":\"WebSite\",\"@id\":\"https:\\\/\\\/kaapskil.nl\\\/#website\",\"url\":\"https:\\\/\\\/kaapskil.nl\\\/\",\"name\":\"Museum Kaap Skil\",\"description\":\"Stichting Texels Museum\",\"potentialAction\":[{\"@type\":\"SearchAction\",\"target\":{\"@type\":\"EntryPoint\",\"urlTemplate\":\"https:\\\/\\\/kaapskil.nl\\\/?s={search_term_string}\"},\"query-input\":{\"@type\":\"PropertyValueSpecification\",\"valueRequired\":true,\"valueName\":\"search_term_string\"}}],\"inLanguage\":\"de-DE\"}]}<\/script>\n<!-- \/ Yoast SEO plugin. -->","yoast_head_json":{"title":"Das Hochzeitskleid aus dem Palmholzwrack - Museum Kaap Skil","description":"Eine Dame, die dieses Hochzeitskleid trug, war der glanzvolle Mittelpunkt der Hochzeitszeremonie. Ein au\u00dfergew\u00f6hnliches Kleid mit eingewebter Silberpl\u00e4ttchen und gestickter Motive aus Silberf\u00e4den.","robots":{"index":"index","follow":"follow","max-snippet":"max-snippet:-1","max-image-preview":"max-image-preview:large","max-video-preview":"max-video-preview:-1"},"canonical":"https:\/\/kaapskil.nl\/de\/entdecken\/prunkstucke\/das-hochzeitskleid-aus-dem-palmholzwrack\/","og_locale":"de_DE","og_type":"article","og_title":"Das Hochzeitskleid aus dem Palmholzwrack - Museum Kaap Skil","og_description":"Eine Dame, die dieses Hochzeitskleid trug, war der glanzvolle Mittelpunkt der Hochzeitszeremonie. Ein au\u00dfergew\u00f6hnliches Kleid mit eingewebter Silberpl\u00e4ttchen und gestickter Motive aus Silberf\u00e4den.","og_url":"https:\/\/kaapskil.nl\/de\/entdecken\/prunkstucke\/das-hochzeitskleid-aus-dem-palmholzwrack\/","og_site_name":"Museum Kaap Skil","article_modified_time":"2022-11-28T08:08:56+00:00","og_image":[{"width":533,"height":800,"url":"https:\/\/kaapskil.nl\/wp-content\/uploads\/2022\/11\/De-Trouwjurk-donkere-achtergrond-c-Provincie-Noord-Holland-Kees-Zwaan-ws-1.jpg","type":"image\/jpeg"}],"twitter_card":"summary_large_image","twitter_misc":{"Est. reading time":"3 minutes"},"schema":{"@context":"https:\/\/schema.org","@graph":[{"@type":"WebPage","@id":"https:\/\/kaapskil.nl\/de\/entdecken\/prunkstucke\/das-hochzeitskleid-aus-dem-palmholzwrack\/","url":"https:\/\/kaapskil.nl\/de\/entdecken\/prunkstucke\/das-hochzeitskleid-aus-dem-palmholzwrack\/","name":"Das Hochzeitskleid aus dem Palmholzwrack - Museum Kaap Skil","isPartOf":{"@id":"https:\/\/kaapskil.nl\/#website"},"primaryImageOfPage":{"@id":"https:\/\/kaapskil.nl\/de\/entdecken\/prunkstucke\/das-hochzeitskleid-aus-dem-palmholzwrack\/#primaryimage"},"image":{"@id":"https:\/\/kaapskil.nl\/de\/entdecken\/prunkstucke\/das-hochzeitskleid-aus-dem-palmholzwrack\/#primaryimage"},"thumbnailUrl":"https:\/\/kaapskil.nl\/wp-content\/uploads\/2022\/11\/De-Trouwjurk-donkere-achtergrond-c-Provincie-Noord-Holland-Kees-Zwaan-ws-1.jpg","datePublished":"2022-11-11T13:00:34+00:00","dateModified":"2022-11-28T08:08:56+00:00","description":"Eine Dame, die dieses Hochzeitskleid trug, war der glanzvolle Mittelpunkt der Hochzeitszeremonie. Ein au\u00dfergew\u00f6hnliches Kleid mit eingewebter Silberpl\u00e4ttchen und gestickter Motive aus Silberf\u00e4den.","breadcrumb":{"@id":"https:\/\/kaapskil.nl\/de\/entdecken\/prunkstucke\/das-hochzeitskleid-aus-dem-palmholzwrack\/#breadcrumb"},"inLanguage":"de-DE","potentialAction":[{"@type":"ReadAction","target":["https:\/\/kaapskil.nl\/de\/entdecken\/prunkstucke\/das-hochzeitskleid-aus-dem-palmholzwrack\/"]}]},{"@type":"ImageObject","inLanguage":"de-DE","@id":"https:\/\/kaapskil.nl\/de\/entdecken\/prunkstucke\/das-hochzeitskleid-aus-dem-palmholzwrack\/#primaryimage","url":"https:\/\/kaapskil.nl\/wp-content\/uploads\/2022\/11\/De-Trouwjurk-donkere-achtergrond-c-Provincie-Noord-Holland-Kees-Zwaan-ws-1.jpg","contentUrl":"https:\/\/kaapskil.nl\/wp-content\/uploads\/2022\/11\/De-Trouwjurk-donkere-achtergrond-c-Provincie-Noord-Holland-Kees-Zwaan-ws-1.jpg","width":533,"height":800},{"@type":"BreadcrumbList","@id":"https:\/\/kaapskil.nl\/de\/entdecken\/prunkstucke\/das-hochzeitskleid-aus-dem-palmholzwrack\/#breadcrumb","itemListElement":[{"@type":"ListItem","position":1,"name":"Home","item":"https:\/\/kaapskil.nl\/de\/"},{"@type":"ListItem","position":2,"name":"Entdecken","item":"https:\/\/kaapskil.nl\/de\/entdecken\/"},{"@type":"ListItem","position":3,"name":"Prunkst\u00fccke","item":"https:\/\/kaapskil.nl\/de\/entdecken\/prunkstucke\/"},{"@type":"ListItem","position":4,"name":"Das Hochzeitskleid aus dem Palmholzwrack"}]},{"@type":"WebSite","@id":"https:\/\/kaapskil.nl\/#website","url":"https:\/\/kaapskil.nl\/","name":"Museum Kaap Skil","description":"Stichting Texels Museum","potentialAction":[{"@type":"SearchAction","target":{"@type":"EntryPoint","urlTemplate":"https:\/\/kaapskil.nl\/?s={search_term_string}"},"query-input":{"@type":"PropertyValueSpecification","valueRequired":true,"valueName":"search_term_string"}}],"inLanguage":"de-DE"}]}},"_links":{"self":[{"href":"https:\/\/kaapskil.nl\/de\/wp-json\/wp\/v2\/pages\/10627","targetHints":{"allow":["GET"]}}],"collection":[{"href":"https:\/\/kaapskil.nl\/de\/wp-json\/wp\/v2\/pages"}],"about":[{"href":"https:\/\/kaapskil.nl\/de\/wp-json\/wp\/v2\/types\/page"}],"author":[{"embeddable":true,"href":"https:\/\/kaapskil.nl\/de\/wp-json\/wp\/v2\/users\/16"}],"replies":[{"embeddable":true,"href":"https:\/\/kaapskil.nl\/de\/wp-json\/wp\/v2\/comments?post=10627"}],"version-history":[{"count":0,"href":"https:\/\/kaapskil.nl\/de\/wp-json\/wp\/v2\/pages\/10627\/revisions"}],"up":[{"embeddable":true,"href":"https:\/\/kaapskil.nl\/de\/wp-json\/wp\/v2\/pages\/659"}],"wp:featuredmedia":[{"embeddable":true,"href":"https:\/\/kaapskil.nl\/de\/wp-json\/wp\/v2\/media\/11030"}],"wp:attachment":[{"href":"https:\/\/kaapskil.nl\/de\/wp-json\/wp\/v2\/media?parent=10627"}],"wp:term":[{"taxonomy":"category","embeddable":true,"href":"https:\/\/kaapskil.nl\/de\/wp-json\/wp\/v2\/categories?post=10627"},{"taxonomy":"post_tag","embeddable":true,"href":"https:\/\/kaapskil.nl\/de\/wp-json\/wp\/v2\/tags?post=10627"}],"curies":[{"name":"wp","href":"https:\/\/api.w.org\/{rel}","templated":true}]}}