{"id":10660,"date":"2022-11-11T13:00:11","date_gmt":"2022-11-11T12:00:11","guid":{"rendered":"https:\/\/kaapskil.nl\/?page_id=10660"},"modified":"2022-11-28T09:13:57","modified_gmt":"2022-11-28T08:13:57","slug":"das-rote-mieder-aus-dem-palmholzwrack","status":"publish","type":"page","link":"https:\/\/kaapskil.nl\/de\/entdecken\/prunkstucke\/das-rote-mieder-aus-dem-palmholzwrack\/","title":{"rendered":"Das Rote Mieder aus dem Palmholzwrack"},"content":{"rendered":"<p><img loading=\"lazy\" decoding=\"async\" class=\"alignright wp-image-10655\" src=\"https:\/\/kaapskil.nl\/wp-content\/uploads\/2022\/11\/Lijfje-FEY_2399-e1667482476231.jpg\" alt=\"Rood lijfje uit het Palmhoutwrak\" width=\"640\" height=\"400\" \/><\/p>\n<p><strong>Das Rote Mieder ist eines der am besten erhaltenen Kleidungsst\u00fccke, die im <a href=\"https:\/\/kaapskil.nl\/de\/das-palmholzwrack\/\" target=\"_blank\" rel=\"noopener\">Palmholzwrack<\/a> gefunden wurden. Die Farben und Verzierungen sind noch sch\u00f6n zu sehen und allerlei Details sind sowohl an der Vorder- als auch an der R\u00fcckseite erhalten geblieben. Dadurch kann genau herausgefunden werden, wie das Kost\u00fcm hergestellt und wie es getragen wurde. <\/strong><\/p>\n<h2>Daran fest<\/h2>\n<p>Das Mieder wird mit \u00c4rmeln getragen worden sein, vielleicht aus einem anderen Stoff. Zudem sind auch Schn\u00fcrl\u00f6cher zu erkennen, an denen ein G\u00fcrtel oder ein loser Rock befestigt worden sein k\u00f6nnte. Festonierte Schlaufen um den Hals k\u00f6nnten f\u00fcr die Befestigung eines Kragens gedacht gewesen sein, m\u00f6glicherweise aber auch f\u00fcr Schmuck oder Perlen.<\/p>\n<h2>Brokat und Damast<\/h2>\n<p>Das Mieder ist aus mehreren Teilen aufgebaut: zwei gro\u00dfe Vorderteile, zwei schmale Seitenteile, vierzehn Zierklappen am unteren Rand &#8211; allesamt aus rotem Brokat &#8211; und zwei R\u00fcckenteile aus dunkelrotem Damast. Die R\u00fcckseiten haben mindestens dreizehn Schn\u00fcrl\u00f6cher, die Unterseite der Vorderseiten weitere f\u00fcnf. Auf der Innenseite befinden sich noch Reste eines schlichten, beigefarbenen Seidenfutters, mit dem vermutlich das gesamte Mieder gef\u00fcttert war. Es gibt auch Abdr\u00fccke von Verst\u00e4rkungen aus Barten.<\/p>\n<h2>Mode<\/h2>\n<p>Diese Details im Entwurf des Mieders entsprechen den Kleidungsstilen, die im fr\u00fchen 17. Jahrhundert in Nordeuropa \u00fcblich waren. Solche Kleidungsst\u00fccke wurden in den deutschen Gebieten, B\u00f6hmen, D\u00e4nemark und der niederl\u00e4ndischen Republik getragen.<\/p>\n<p><em>NB: Die Sammlung wird immer noch erforscht. Dieser Artikel kann dadurch veraltete Informationen oder \u00fcberholte Erkenntnisse enthalten.<\/em><\/p>\n","protected":false},"excerpt":{"rendered":"<p>Eines der am besten erhaltenen Kleidungsst\u00fccke aus dem Palmholzwrack. Eine Mieder aus rotem Brokat mit R\u00fcckenteile aus dunkelrotem Damast.<\/p>\n","protected":false},"author":16,"featured_media":10657,"parent":659,"menu_order":50,"comment_status":"closed","ping_status":"closed","template":"page-templates\/museum-highlight.php","meta":{"_acf_changed":false,"footnotes":""},"categories":[],"tags":[44],"class_list":["post-10660","page","type-page","status-publish","has-post-thumbnail","hentry","tag-palmholzwrack"],"acf":[],"yoast_head":"<!-- This site is optimized with the Yoast SEO plugin v27.3 - https:\/\/yoast.com\/product\/yoast-seo-wordpress\/ -->\n<title>Das Rote Mieder aus dem Palmholzwrack - Museum Kaap Skil<\/title>\n<meta name=\"description\" content=\"Eines der am besten erhaltenen Kleidungsst\u00fccke aus dem Palmholzwrack. Eine Mieder aus rotem Brokat mit R\u00fcckenteile aus dunkelrotem Damast.\" \/>\n<meta name=\"robots\" content=\"index, follow, max-snippet:-1, max-image-preview:large, max-video-preview:-1\" \/>\n<link rel=\"canonical\" href=\"https:\/\/kaapskil.nl\/de\/entdecken\/prunkstucke\/das-rote-mieder-aus-dem-palmholzwrack\/\" \/>\n<meta property=\"og:locale\" content=\"de_DE\" \/>\n<meta property=\"og:type\" content=\"article\" \/>\n<meta property=\"og:title\" content=\"Das Rote Mieder aus dem Palmholzwrack - Museum Kaap Skil\" \/>\n<meta property=\"og:description\" content=\"Eines der am besten erhaltenen Kleidungsst\u00fccke aus dem Palmholzwrack. Eine Mieder aus rotem Brokat mit R\u00fcckenteile aus dunkelrotem Damast.\" \/>\n<meta property=\"og:url\" content=\"https:\/\/kaapskil.nl\/de\/entdecken\/prunkstucke\/das-rote-mieder-aus-dem-palmholzwrack\/\" \/>\n<meta property=\"og:site_name\" content=\"Museum Kaap Skil\" \/>\n<meta property=\"article:modified_time\" content=\"2022-11-28T08:13:57+00:00\" \/>\n<meta property=\"og:image\" content=\"https:\/\/kaapskil.nl\/wp-content\/uploads\/2022\/11\/Lijfje-FEY_2399-e1667482476231.jpg\" \/>\n\t<meta property=\"og:image:width\" content=\"2000\" \/>\n\t<meta property=\"og:image:height\" content=\"1250\" \/>\n\t<meta property=\"og:image:type\" content=\"image\/jpeg\" \/>\n<meta name=\"twitter:card\" content=\"summary_large_image\" \/>\n<meta name=\"twitter:label1\" content=\"Est. reading time\" \/>\n\t<meta name=\"twitter:data1\" content=\"2 minutes\" \/>\n<script type=\"application\/ld+json\" class=\"yoast-schema-graph\">{\"@context\":\"https:\\\/\\\/schema.org\",\"@graph\":[{\"@type\":\"WebPage\",\"@id\":\"https:\\\/\\\/kaapskil.nl\\\/de\\\/entdecken\\\/prunkstucke\\\/das-rote-mieder-aus-dem-palmholzwrack\\\/\",\"url\":\"https:\\\/\\\/kaapskil.nl\\\/de\\\/entdecken\\\/prunkstucke\\\/das-rote-mieder-aus-dem-palmholzwrack\\\/\",\"name\":\"Das Rote Mieder aus dem Palmholzwrack - Museum Kaap Skil\",\"isPartOf\":{\"@id\":\"https:\\\/\\\/kaapskil.nl\\\/#website\"},\"primaryImageOfPage\":{\"@id\":\"https:\\\/\\\/kaapskil.nl\\\/de\\\/entdecken\\\/prunkstucke\\\/das-rote-mieder-aus-dem-palmholzwrack\\\/#primaryimage\"},\"image\":{\"@id\":\"https:\\\/\\\/kaapskil.nl\\\/de\\\/entdecken\\\/prunkstucke\\\/das-rote-mieder-aus-dem-palmholzwrack\\\/#primaryimage\"},\"thumbnailUrl\":\"https:\\\/\\\/kaapskil.nl\\\/wp-content\\\/uploads\\\/2022\\\/11\\\/Lijfje-FEY_2399-e1667482476231.jpg\",\"datePublished\":\"2022-11-11T12:00:11+00:00\",\"dateModified\":\"2022-11-28T08:13:57+00:00\",\"description\":\"Eines der am besten erhaltenen Kleidungsst\u00fccke aus dem Palmholzwrack. Eine Mieder aus rotem Brokat mit R\u00fcckenteile aus dunkelrotem Damast.\",\"breadcrumb\":{\"@id\":\"https:\\\/\\\/kaapskil.nl\\\/de\\\/entdecken\\\/prunkstucke\\\/das-rote-mieder-aus-dem-palmholzwrack\\\/#breadcrumb\"},\"inLanguage\":\"de-DE\",\"potentialAction\":[{\"@type\":\"ReadAction\",\"target\":[\"https:\\\/\\\/kaapskil.nl\\\/de\\\/entdecken\\\/prunkstucke\\\/das-rote-mieder-aus-dem-palmholzwrack\\\/\"]}]},{\"@type\":\"ImageObject\",\"inLanguage\":\"de-DE\",\"@id\":\"https:\\\/\\\/kaapskil.nl\\\/de\\\/entdecken\\\/prunkstucke\\\/das-rote-mieder-aus-dem-palmholzwrack\\\/#primaryimage\",\"url\":\"https:\\\/\\\/kaapskil.nl\\\/wp-content\\\/uploads\\\/2022\\\/11\\\/Lijfje-FEY_2399-e1667482476231.jpg\",\"contentUrl\":\"https:\\\/\\\/kaapskil.nl\\\/wp-content\\\/uploads\\\/2022\\\/11\\\/Lijfje-FEY_2399-e1667482476231.jpg\",\"width\":2000,\"height\":1250,\"caption\":\"Rood lijfje uit het Palmhoutwrak\"},{\"@type\":\"BreadcrumbList\",\"@id\":\"https:\\\/\\\/kaapskil.nl\\\/de\\\/entdecken\\\/prunkstucke\\\/das-rote-mieder-aus-dem-palmholzwrack\\\/#breadcrumb\",\"itemListElement\":[{\"@type\":\"ListItem\",\"position\":1,\"name\":\"Home\",\"item\":\"https:\\\/\\\/kaapskil.nl\\\/de\\\/\"},{\"@type\":\"ListItem\",\"position\":2,\"name\":\"Entdecken\",\"item\":\"https:\\\/\\\/kaapskil.nl\\\/de\\\/entdecken\\\/\"},{\"@type\":\"ListItem\",\"position\":3,\"name\":\"Prunkst\u00fccke\",\"item\":\"https:\\\/\\\/kaapskil.nl\\\/de\\\/entdecken\\\/prunkstucke\\\/\"},{\"@type\":\"ListItem\",\"position\":4,\"name\":\"Das Rote Mieder aus dem Palmholzwrack\"}]},{\"@type\":\"WebSite\",\"@id\":\"https:\\\/\\\/kaapskil.nl\\\/#website\",\"url\":\"https:\\\/\\\/kaapskil.nl\\\/\",\"name\":\"Museum Kaap Skil\",\"description\":\"Stichting Texels Museum\",\"potentialAction\":[{\"@type\":\"SearchAction\",\"target\":{\"@type\":\"EntryPoint\",\"urlTemplate\":\"https:\\\/\\\/kaapskil.nl\\\/?s={search_term_string}\"},\"query-input\":{\"@type\":\"PropertyValueSpecification\",\"valueRequired\":true,\"valueName\":\"search_term_string\"}}],\"inLanguage\":\"de-DE\"}]}<\/script>\n<!-- \/ Yoast SEO plugin. -->","yoast_head_json":{"title":"Das Rote Mieder aus dem Palmholzwrack - Museum Kaap Skil","description":"Eines der am besten erhaltenen Kleidungsst\u00fccke aus dem Palmholzwrack. Eine Mieder aus rotem Brokat mit R\u00fcckenteile aus dunkelrotem Damast.","robots":{"index":"index","follow":"follow","max-snippet":"max-snippet:-1","max-image-preview":"max-image-preview:large","max-video-preview":"max-video-preview:-1"},"canonical":"https:\/\/kaapskil.nl\/de\/entdecken\/prunkstucke\/das-rote-mieder-aus-dem-palmholzwrack\/","og_locale":"de_DE","og_type":"article","og_title":"Das Rote Mieder aus dem Palmholzwrack - Museum Kaap Skil","og_description":"Eines der am besten erhaltenen Kleidungsst\u00fccke aus dem Palmholzwrack. Eine Mieder aus rotem Brokat mit R\u00fcckenteile aus dunkelrotem Damast.","og_url":"https:\/\/kaapskil.nl\/de\/entdecken\/prunkstucke\/das-rote-mieder-aus-dem-palmholzwrack\/","og_site_name":"Museum Kaap Skil","article_modified_time":"2022-11-28T08:13:57+00:00","og_image":[{"width":2000,"height":1250,"url":"https:\/\/kaapskil.nl\/wp-content\/uploads\/2022\/11\/Lijfje-FEY_2399-e1667482476231.jpg","type":"image\/jpeg"}],"twitter_card":"summary_large_image","twitter_misc":{"Est. reading time":"2 minutes"},"schema":{"@context":"https:\/\/schema.org","@graph":[{"@type":"WebPage","@id":"https:\/\/kaapskil.nl\/de\/entdecken\/prunkstucke\/das-rote-mieder-aus-dem-palmholzwrack\/","url":"https:\/\/kaapskil.nl\/de\/entdecken\/prunkstucke\/das-rote-mieder-aus-dem-palmholzwrack\/","name":"Das Rote Mieder aus dem Palmholzwrack - Museum Kaap Skil","isPartOf":{"@id":"https:\/\/kaapskil.nl\/#website"},"primaryImageOfPage":{"@id":"https:\/\/kaapskil.nl\/de\/entdecken\/prunkstucke\/das-rote-mieder-aus-dem-palmholzwrack\/#primaryimage"},"image":{"@id":"https:\/\/kaapskil.nl\/de\/entdecken\/prunkstucke\/das-rote-mieder-aus-dem-palmholzwrack\/#primaryimage"},"thumbnailUrl":"https:\/\/kaapskil.nl\/wp-content\/uploads\/2022\/11\/Lijfje-FEY_2399-e1667482476231.jpg","datePublished":"2022-11-11T12:00:11+00:00","dateModified":"2022-11-28T08:13:57+00:00","description":"Eines der am besten erhaltenen Kleidungsst\u00fccke aus dem Palmholzwrack. Eine Mieder aus rotem Brokat mit R\u00fcckenteile aus dunkelrotem Damast.","breadcrumb":{"@id":"https:\/\/kaapskil.nl\/de\/entdecken\/prunkstucke\/das-rote-mieder-aus-dem-palmholzwrack\/#breadcrumb"},"inLanguage":"de-DE","potentialAction":[{"@type":"ReadAction","target":["https:\/\/kaapskil.nl\/de\/entdecken\/prunkstucke\/das-rote-mieder-aus-dem-palmholzwrack\/"]}]},{"@type":"ImageObject","inLanguage":"de-DE","@id":"https:\/\/kaapskil.nl\/de\/entdecken\/prunkstucke\/das-rote-mieder-aus-dem-palmholzwrack\/#primaryimage","url":"https:\/\/kaapskil.nl\/wp-content\/uploads\/2022\/11\/Lijfje-FEY_2399-e1667482476231.jpg","contentUrl":"https:\/\/kaapskil.nl\/wp-content\/uploads\/2022\/11\/Lijfje-FEY_2399-e1667482476231.jpg","width":2000,"height":1250,"caption":"Rood lijfje uit het Palmhoutwrak"},{"@type":"BreadcrumbList","@id":"https:\/\/kaapskil.nl\/de\/entdecken\/prunkstucke\/das-rote-mieder-aus-dem-palmholzwrack\/#breadcrumb","itemListElement":[{"@type":"ListItem","position":1,"name":"Home","item":"https:\/\/kaapskil.nl\/de\/"},{"@type":"ListItem","position":2,"name":"Entdecken","item":"https:\/\/kaapskil.nl\/de\/entdecken\/"},{"@type":"ListItem","position":3,"name":"Prunkst\u00fccke","item":"https:\/\/kaapskil.nl\/de\/entdecken\/prunkstucke\/"},{"@type":"ListItem","position":4,"name":"Das Rote Mieder aus dem Palmholzwrack"}]},{"@type":"WebSite","@id":"https:\/\/kaapskil.nl\/#website","url":"https:\/\/kaapskil.nl\/","name":"Museum Kaap Skil","description":"Stichting Texels Museum","potentialAction":[{"@type":"SearchAction","target":{"@type":"EntryPoint","urlTemplate":"https:\/\/kaapskil.nl\/?s={search_term_string}"},"query-input":{"@type":"PropertyValueSpecification","valueRequired":true,"valueName":"search_term_string"}}],"inLanguage":"de-DE"}]}},"_links":{"self":[{"href":"https:\/\/kaapskil.nl\/de\/wp-json\/wp\/v2\/pages\/10660","targetHints":{"allow":["GET"]}}],"collection":[{"href":"https:\/\/kaapskil.nl\/de\/wp-json\/wp\/v2\/pages"}],"about":[{"href":"https:\/\/kaapskil.nl\/de\/wp-json\/wp\/v2\/types\/page"}],"author":[{"embeddable":true,"href":"https:\/\/kaapskil.nl\/de\/wp-json\/wp\/v2\/users\/16"}],"replies":[{"embeddable":true,"href":"https:\/\/kaapskil.nl\/de\/wp-json\/wp\/v2\/comments?post=10660"}],"version-history":[{"count":0,"href":"https:\/\/kaapskil.nl\/de\/wp-json\/wp\/v2\/pages\/10660\/revisions"}],"up":[{"embeddable":true,"href":"https:\/\/kaapskil.nl\/de\/wp-json\/wp\/v2\/pages\/659"}],"wp:featuredmedia":[{"embeddable":true,"href":"https:\/\/kaapskil.nl\/de\/wp-json\/wp\/v2\/media\/10657"}],"wp:attachment":[{"href":"https:\/\/kaapskil.nl\/de\/wp-json\/wp\/v2\/media?parent=10660"}],"wp:term":[{"taxonomy":"category","embeddable":true,"href":"https:\/\/kaapskil.nl\/de\/wp-json\/wp\/v2\/categories?post=10660"},{"taxonomy":"post_tag","embeddable":true,"href":"https:\/\/kaapskil.nl\/de\/wp-json\/wp\/v2\/tags?post=10660"}],"curies":[{"name":"wp","href":"https:\/\/api.w.org\/{rel}","templated":true}]}}