{"id":10676,"date":"2022-11-11T13:00:54","date_gmt":"2022-11-11T12:00:54","guid":{"rendered":"https:\/\/kaapskil.nl\/?page_id=10676"},"modified":"2022-11-28T09:17:03","modified_gmt":"2022-11-28T08:17:03","slug":"ebenholz-gradstock-aus-dem-palmholzwrack","status":"publish","type":"page","link":"https:\/\/kaapskil.nl\/de\/entdecken\/prunkstucke\/ebenholz-gradstock-aus-dem-palmholzwrack\/","title":{"rendered":"Ebenholz-Gradstock aus dem Palmholzwrack"},"content":{"rendered":"<p><img loading=\"lazy\" decoding=\"async\" class=\"wp-image-10668 alignright\" src=\"https:\/\/kaapskil.nl\/wp-content\/uploads\/2022\/11\/Objecten-Graadstok-compleet-2-c-Provincie-Noord-Holland-scaled.jpg\" alt=\"Graadstok uit het Palmhoutwrak\" width=\"640\" height=\"427\" srcset=\"https:\/\/kaapskil.nl\/wp-content\/uploads\/2022\/11\/Objecten-Graadstok-compleet-2-c-Provincie-Noord-Holland-scaled.jpg 2560w, https:\/\/kaapskil.nl\/wp-content\/uploads\/2022\/11\/Objecten-Graadstok-compleet-2-c-Provincie-Noord-Holland-300x200.jpg 300w, https:\/\/kaapskil.nl\/wp-content\/uploads\/2022\/11\/Objecten-Graadstok-compleet-2-c-Provincie-Noord-Holland-1024x682.jpg 1024w, https:\/\/kaapskil.nl\/wp-content\/uploads\/2022\/11\/Objecten-Graadstok-compleet-2-c-Provincie-Noord-Holland-768x512.jpg 768w, https:\/\/kaapskil.nl\/wp-content\/uploads\/2022\/11\/Objecten-Graadstok-compleet-2-c-Provincie-Noord-Holland-1536x1024.jpg 1536w, https:\/\/kaapskil.nl\/wp-content\/uploads\/2022\/11\/Objecten-Graadstok-compleet-2-c-Provincie-Noord-Holland-2048x1365.jpg 2048w, https:\/\/kaapskil.nl\/wp-content\/uploads\/2022\/11\/Objecten-Graadstok-compleet-2-c-Provincie-Noord-Holland-100x67.jpg 100w, https:\/\/kaapskil.nl\/wp-content\/uploads\/2022\/11\/Objecten-Graadstok-compleet-2-c-Provincie-Noord-Holland-360x240.jpg 360w\" sizes=\"auto, (max-width: 640px) 100vw, 640px\" \/><\/p>\n<p><strong>Ein Gradstock ist ein Instrument, das seit dem 16. Jahrhundert an Bord niederl\u00e4ndischer Schiffe als Navigationshilfe weit verbreitet war. Es wurde zur Bestimmung des Breitengrades auf See verwendet. Ein Gradstock besteht aus einem ein Meter langen Stock mit einer Skala, an dem ein im rechten Winkel aufgesetzter Stab hin und her geschoben wird.\u00a0 <\/strong><\/p>\n<h2>Die Verwendung<\/h2>\n<p>Zur Bestimmung des Breitengrads verwendet der Schiffer zwei Messpunkte: einen Himmelsk\u00f6rper (die Sonne oder den Polarstern) und den Horizont. Er h\u00e4lt den Stock an sein Gesicht und schiebt den Querstab, bis dessen Enden die beiden Messpunkte ber\u00fchren. Auf der Skala kann er dann den Breitengrad ablesen.<\/p>\n<h2>Puzzlest\u00fcck<\/h2>\n<p>Im <a href=\"https:\/\/kaapskil.nl\/de\/das-palmholzwrack\/\" target=\"_blank\" rel=\"noopener\">Palmholzwrack<\/a> wurden zwei Fragmente von einem Gradstock gefunden. Die Teile passen nicht zusammen, stammen aber wahrscheinlich doch vom gleichen Gradstock. Das vermuten die Forscher anhand der Jahresringe und der gestempelten Nummern. Die Initialen des Herstellers &#8211; H.I. &#8211; sind auf dem Stock zu sehen. Wer das war, ist (noch) nicht bekannt. Die auf dem Stock angegebene Jahreszahl 1636 ist ein sehr wichtiges Puzzlest\u00fcck bei der Untersuchung des Palmholzwracks. Es zeigt, dass das Palmholzwrack in jedem Fall nach diesem Jahr gesunken ist.<img loading=\"lazy\" decoding=\"async\" class=\"alignright wp-image-10673\" src=\"https:\/\/kaapskil.nl\/wp-content\/uploads\/2022\/11\/Objecten-Graadstok-c-Provincie-Noord-Holland-pm-300x169.jpg\" alt=\"Graadstok uit het Palmhoutwrak\" width=\"640\" height=\"360\" srcset=\"https:\/\/kaapskil.nl\/wp-content\/uploads\/2022\/11\/Objecten-Graadstok-c-Provincie-Noord-Holland-pm-300x169.jpg 300w, https:\/\/kaapskil.nl\/wp-content\/uploads\/2022\/11\/Objecten-Graadstok-c-Provincie-Noord-Holland-pm-1024x576.jpg 1024w, https:\/\/kaapskil.nl\/wp-content\/uploads\/2022\/11\/Objecten-Graadstok-c-Provincie-Noord-Holland-pm-768x432.jpg 768w, https:\/\/kaapskil.nl\/wp-content\/uploads\/2022\/11\/Objecten-Graadstok-c-Provincie-Noord-Holland-pm-1536x865.jpg 1536w, https:\/\/kaapskil.nl\/wp-content\/uploads\/2022\/11\/Objecten-Graadstok-c-Provincie-Noord-Holland-pm-100x56.jpg 100w, https:\/\/kaapskil.nl\/wp-content\/uploads\/2022\/11\/Objecten-Graadstok-c-Provincie-Noord-Holland-pm-1600x900.jpg 1600w, https:\/\/kaapskil.nl\/wp-content\/uploads\/2022\/11\/Objecten-Graadstok-c-Provincie-Noord-Holland-pm.jpg 1620w\" sizes=\"auto, (max-width: 640px) 100vw, 640px\" \/><\/p>\n<p><em>NB: Die Sammlung wird immer noch erforscht. Dieser Artikel kann dadurch veraltete Informationen oder \u00fcberholte Erkenntnisse enthalten.<\/em><\/p>\n","protected":false},"excerpt":{"rendered":"<p>Zwei Fragmente von einem Gradstock mit den Initialen des Herstellers und der Jahreszahl 1636.<\/p>\n","protected":false},"author":16,"featured_media":10673,"parent":659,"menu_order":80,"comment_status":"closed","ping_status":"closed","template":"page-templates\/museum-highlight.php","meta":{"_acf_changed":false,"footnotes":""},"categories":[],"tags":[44],"class_list":["post-10676","page","type-page","status-publish","has-post-thumbnail","hentry","tag-palmholzwrack"],"acf":[],"yoast_head":"<!-- This site is optimized with the Yoast SEO plugin v27.4 - https:\/\/yoast.com\/product\/yoast-seo-wordpress\/ -->\n<title>Ebenholz-Gradstock aus dem Palmholzwrack - Museum Kaap Skil<\/title>\n<meta name=\"description\" content=\"Zwei Fragmente von einem Gradstock mit den Initialen des Herstellers und der Jahreszahl 1636.\" \/>\n<meta name=\"robots\" content=\"index, follow, max-snippet:-1, max-image-preview:large, max-video-preview:-1\" \/>\n<link rel=\"canonical\" href=\"https:\/\/kaapskil.nl\/de\/entdecken\/prunkstucke\/ebenholz-gradstock-aus-dem-palmholzwrack\/\" \/>\n<meta property=\"og:locale\" content=\"de_DE\" \/>\n<meta property=\"og:type\" content=\"article\" \/>\n<meta property=\"og:title\" content=\"Ebenholz-Gradstock aus dem Palmholzwrack - Museum Kaap Skil\" \/>\n<meta property=\"og:description\" content=\"Zwei Fragmente von einem Gradstock mit den Initialen des Herstellers und der Jahreszahl 1636.\" \/>\n<meta property=\"og:url\" content=\"https:\/\/kaapskil.nl\/de\/entdecken\/prunkstucke\/ebenholz-gradstock-aus-dem-palmholzwrack\/\" \/>\n<meta property=\"og:site_name\" content=\"Museum Kaap Skil\" \/>\n<meta property=\"article:modified_time\" content=\"2022-11-28T08:17:03+00:00\" \/>\n<meta property=\"og:image\" content=\"https:\/\/kaapskil.nl\/wp-content\/uploads\/2022\/11\/Objecten-Graadstok-c-Provincie-Noord-Holland-pm.jpg\" \/>\n\t<meta property=\"og:image:width\" content=\"1620\" \/>\n\t<meta property=\"og:image:height\" content=\"912\" \/>\n\t<meta property=\"og:image:type\" content=\"image\/jpeg\" \/>\n<meta name=\"twitter:card\" content=\"summary_large_image\" \/>\n<meta name=\"twitter:label1\" content=\"Est. reading time\" \/>\n\t<meta name=\"twitter:data1\" content=\"2 minutes\" \/>\n<script type=\"application\/ld+json\" class=\"yoast-schema-graph\">{\"@context\":\"https:\\\/\\\/schema.org\",\"@graph\":[{\"@type\":\"WebPage\",\"@id\":\"https:\\\/\\\/kaapskil.nl\\\/de\\\/entdecken\\\/prunkstucke\\\/ebenholz-gradstock-aus-dem-palmholzwrack\\\/\",\"url\":\"https:\\\/\\\/kaapskil.nl\\\/de\\\/entdecken\\\/prunkstucke\\\/ebenholz-gradstock-aus-dem-palmholzwrack\\\/\",\"name\":\"Ebenholz-Gradstock aus dem Palmholzwrack - Museum Kaap Skil\",\"isPartOf\":{\"@id\":\"https:\\\/\\\/kaapskil.nl\\\/#website\"},\"primaryImageOfPage\":{\"@id\":\"https:\\\/\\\/kaapskil.nl\\\/de\\\/entdecken\\\/prunkstucke\\\/ebenholz-gradstock-aus-dem-palmholzwrack\\\/#primaryimage\"},\"image\":{\"@id\":\"https:\\\/\\\/kaapskil.nl\\\/de\\\/entdecken\\\/prunkstucke\\\/ebenholz-gradstock-aus-dem-palmholzwrack\\\/#primaryimage\"},\"thumbnailUrl\":\"https:\\\/\\\/kaapskil.nl\\\/wp-content\\\/uploads\\\/2022\\\/11\\\/Objecten-Graadstok-c-Provincie-Noord-Holland-pm.jpg\",\"datePublished\":\"2022-11-11T12:00:54+00:00\",\"dateModified\":\"2022-11-28T08:17:03+00:00\",\"description\":\"Zwei Fragmente von einem Gradstock mit den Initialen des Herstellers und der Jahreszahl 1636.\",\"breadcrumb\":{\"@id\":\"https:\\\/\\\/kaapskil.nl\\\/de\\\/entdecken\\\/prunkstucke\\\/ebenholz-gradstock-aus-dem-palmholzwrack\\\/#breadcrumb\"},\"inLanguage\":\"de-DE\",\"potentialAction\":[{\"@type\":\"ReadAction\",\"target\":[\"https:\\\/\\\/kaapskil.nl\\\/de\\\/entdecken\\\/prunkstucke\\\/ebenholz-gradstock-aus-dem-palmholzwrack\\\/\"]}]},{\"@type\":\"ImageObject\",\"inLanguage\":\"de-DE\",\"@id\":\"https:\\\/\\\/kaapskil.nl\\\/de\\\/entdecken\\\/prunkstucke\\\/ebenholz-gradstock-aus-dem-palmholzwrack\\\/#primaryimage\",\"url\":\"https:\\\/\\\/kaapskil.nl\\\/wp-content\\\/uploads\\\/2022\\\/11\\\/Objecten-Graadstok-c-Provincie-Noord-Holland-pm.jpg\",\"contentUrl\":\"https:\\\/\\\/kaapskil.nl\\\/wp-content\\\/uploads\\\/2022\\\/11\\\/Objecten-Graadstok-c-Provincie-Noord-Holland-pm.jpg\",\"width\":1620,\"height\":912,\"caption\":\"Graadstok uit het Palmhoutwrak\"},{\"@type\":\"BreadcrumbList\",\"@id\":\"https:\\\/\\\/kaapskil.nl\\\/de\\\/entdecken\\\/prunkstucke\\\/ebenholz-gradstock-aus-dem-palmholzwrack\\\/#breadcrumb\",\"itemListElement\":[{\"@type\":\"ListItem\",\"position\":1,\"name\":\"Home\",\"item\":\"https:\\\/\\\/kaapskil.nl\\\/de\\\/\"},{\"@type\":\"ListItem\",\"position\":2,\"name\":\"Entdecken\",\"item\":\"https:\\\/\\\/kaapskil.nl\\\/de\\\/entdecken\\\/\"},{\"@type\":\"ListItem\",\"position\":3,\"name\":\"Prunkst\u00fccke\",\"item\":\"https:\\\/\\\/kaapskil.nl\\\/de\\\/entdecken\\\/prunkstucke\\\/\"},{\"@type\":\"ListItem\",\"position\":4,\"name\":\"Ebenholz-Gradstock aus dem Palmholzwrack\"}]},{\"@type\":\"WebSite\",\"@id\":\"https:\\\/\\\/kaapskil.nl\\\/#website\",\"url\":\"https:\\\/\\\/kaapskil.nl\\\/\",\"name\":\"Museum Kaap Skil\",\"description\":\"Stichting Texels Museum\",\"potentialAction\":[{\"@type\":\"SearchAction\",\"target\":{\"@type\":\"EntryPoint\",\"urlTemplate\":\"https:\\\/\\\/kaapskil.nl\\\/?s={search_term_string}\"},\"query-input\":{\"@type\":\"PropertyValueSpecification\",\"valueRequired\":true,\"valueName\":\"search_term_string\"}}],\"inLanguage\":\"de-DE\"}]}<\/script>\n<!-- \/ Yoast SEO plugin. -->","yoast_head_json":{"title":"Ebenholz-Gradstock aus dem Palmholzwrack - Museum Kaap Skil","description":"Zwei Fragmente von einem Gradstock mit den Initialen des Herstellers und der Jahreszahl 1636.","robots":{"index":"index","follow":"follow","max-snippet":"max-snippet:-1","max-image-preview":"max-image-preview:large","max-video-preview":"max-video-preview:-1"},"canonical":"https:\/\/kaapskil.nl\/de\/entdecken\/prunkstucke\/ebenholz-gradstock-aus-dem-palmholzwrack\/","og_locale":"de_DE","og_type":"article","og_title":"Ebenholz-Gradstock aus dem Palmholzwrack - Museum Kaap Skil","og_description":"Zwei Fragmente von einem Gradstock mit den Initialen des Herstellers und der Jahreszahl 1636.","og_url":"https:\/\/kaapskil.nl\/de\/entdecken\/prunkstucke\/ebenholz-gradstock-aus-dem-palmholzwrack\/","og_site_name":"Museum Kaap Skil","article_modified_time":"2022-11-28T08:17:03+00:00","og_image":[{"width":1620,"height":912,"url":"https:\/\/kaapskil.nl\/wp-content\/uploads\/2022\/11\/Objecten-Graadstok-c-Provincie-Noord-Holland-pm.jpg","type":"image\/jpeg"}],"twitter_card":"summary_large_image","twitter_misc":{"Est. reading time":"2 minutes"},"schema":{"@context":"https:\/\/schema.org","@graph":[{"@type":"WebPage","@id":"https:\/\/kaapskil.nl\/de\/entdecken\/prunkstucke\/ebenholz-gradstock-aus-dem-palmholzwrack\/","url":"https:\/\/kaapskil.nl\/de\/entdecken\/prunkstucke\/ebenholz-gradstock-aus-dem-palmholzwrack\/","name":"Ebenholz-Gradstock aus dem Palmholzwrack - Museum Kaap Skil","isPartOf":{"@id":"https:\/\/kaapskil.nl\/#website"},"primaryImageOfPage":{"@id":"https:\/\/kaapskil.nl\/de\/entdecken\/prunkstucke\/ebenholz-gradstock-aus-dem-palmholzwrack\/#primaryimage"},"image":{"@id":"https:\/\/kaapskil.nl\/de\/entdecken\/prunkstucke\/ebenholz-gradstock-aus-dem-palmholzwrack\/#primaryimage"},"thumbnailUrl":"https:\/\/kaapskil.nl\/wp-content\/uploads\/2022\/11\/Objecten-Graadstok-c-Provincie-Noord-Holland-pm.jpg","datePublished":"2022-11-11T12:00:54+00:00","dateModified":"2022-11-28T08:17:03+00:00","description":"Zwei Fragmente von einem Gradstock mit den Initialen des Herstellers und der Jahreszahl 1636.","breadcrumb":{"@id":"https:\/\/kaapskil.nl\/de\/entdecken\/prunkstucke\/ebenholz-gradstock-aus-dem-palmholzwrack\/#breadcrumb"},"inLanguage":"de-DE","potentialAction":[{"@type":"ReadAction","target":["https:\/\/kaapskil.nl\/de\/entdecken\/prunkstucke\/ebenholz-gradstock-aus-dem-palmholzwrack\/"]}]},{"@type":"ImageObject","inLanguage":"de-DE","@id":"https:\/\/kaapskil.nl\/de\/entdecken\/prunkstucke\/ebenholz-gradstock-aus-dem-palmholzwrack\/#primaryimage","url":"https:\/\/kaapskil.nl\/wp-content\/uploads\/2022\/11\/Objecten-Graadstok-c-Provincie-Noord-Holland-pm.jpg","contentUrl":"https:\/\/kaapskil.nl\/wp-content\/uploads\/2022\/11\/Objecten-Graadstok-c-Provincie-Noord-Holland-pm.jpg","width":1620,"height":912,"caption":"Graadstok uit het Palmhoutwrak"},{"@type":"BreadcrumbList","@id":"https:\/\/kaapskil.nl\/de\/entdecken\/prunkstucke\/ebenholz-gradstock-aus-dem-palmholzwrack\/#breadcrumb","itemListElement":[{"@type":"ListItem","position":1,"name":"Home","item":"https:\/\/kaapskil.nl\/de\/"},{"@type":"ListItem","position":2,"name":"Entdecken","item":"https:\/\/kaapskil.nl\/de\/entdecken\/"},{"@type":"ListItem","position":3,"name":"Prunkst\u00fccke","item":"https:\/\/kaapskil.nl\/de\/entdecken\/prunkstucke\/"},{"@type":"ListItem","position":4,"name":"Ebenholz-Gradstock aus dem Palmholzwrack"}]},{"@type":"WebSite","@id":"https:\/\/kaapskil.nl\/#website","url":"https:\/\/kaapskil.nl\/","name":"Museum Kaap Skil","description":"Stichting Texels Museum","potentialAction":[{"@type":"SearchAction","target":{"@type":"EntryPoint","urlTemplate":"https:\/\/kaapskil.nl\/?s={search_term_string}"},"query-input":{"@type":"PropertyValueSpecification","valueRequired":true,"valueName":"search_term_string"}}],"inLanguage":"de-DE"}]}},"_links":{"self":[{"href":"https:\/\/kaapskil.nl\/de\/wp-json\/wp\/v2\/pages\/10676","targetHints":{"allow":["GET"]}}],"collection":[{"href":"https:\/\/kaapskil.nl\/de\/wp-json\/wp\/v2\/pages"}],"about":[{"href":"https:\/\/kaapskil.nl\/de\/wp-json\/wp\/v2\/types\/page"}],"author":[{"embeddable":true,"href":"https:\/\/kaapskil.nl\/de\/wp-json\/wp\/v2\/users\/16"}],"replies":[{"embeddable":true,"href":"https:\/\/kaapskil.nl\/de\/wp-json\/wp\/v2\/comments?post=10676"}],"version-history":[{"count":0,"href":"https:\/\/kaapskil.nl\/de\/wp-json\/wp\/v2\/pages\/10676\/revisions"}],"up":[{"embeddable":true,"href":"https:\/\/kaapskil.nl\/de\/wp-json\/wp\/v2\/pages\/659"}],"wp:featuredmedia":[{"embeddable":true,"href":"https:\/\/kaapskil.nl\/de\/wp-json\/wp\/v2\/media\/10673"}],"wp:attachment":[{"href":"https:\/\/kaapskil.nl\/de\/wp-json\/wp\/v2\/media?parent=10676"}],"wp:term":[{"taxonomy":"category","embeddable":true,"href":"https:\/\/kaapskil.nl\/de\/wp-json\/wp\/v2\/categories?post=10676"},{"taxonomy":"post_tag","embeddable":true,"href":"https:\/\/kaapskil.nl\/de\/wp-json\/wp\/v2\/tags?post=10676"}],"curies":[{"name":"wp","href":"https:\/\/api.w.org\/{rel}","templated":true}]}}