{"id":11692,"date":"2023-02-20T14:44:19","date_gmt":"2023-02-20T13:44:19","guid":{"rendered":"https:\/\/kaapskil.nl\/museumcafe\/"},"modified":"2023-02-23T10:06:33","modified_gmt":"2023-02-23T09:06:33","slug":"museumscafe","status":"publish","type":"page","link":"https:\/\/kaapskil.nl\/de\/besuchen\/museumscafe\/","title":{"rendered":"Museumscaf\u00e9"},"content":{"rendered":"<p><strong><img loading=\"lazy\" decoding=\"async\" class=\"size-full wp-image-6624 alignright\" src=\"https:\/\/kaapskil.nl\/wp-content\/uploads\/2020\/09\/Open-Monumentendag-koffie-appeltaart.png\" alt=\"\" width=\"640\" height=\"440\" srcset=\"https:\/\/kaapskil.nl\/wp-content\/uploads\/2020\/09\/Open-Monumentendag-koffie-appeltaart.png 640w, https:\/\/kaapskil.nl\/wp-content\/uploads\/2020\/09\/Open-Monumentendag-koffie-appeltaart-300x206.png 300w, https:\/\/kaapskil.nl\/wp-content\/uploads\/2020\/09\/Open-Monumentendag-koffie-appeltaart-100x69.png 100w\" sizes=\"auto, (max-width: 640px) 100vw, 640px\" \/><\/strong><\/p>\n<p><strong>Eines der bestgeh\u00fcteten Geheimnisse von Texel: das Museumscaf\u00e9 mit der gro\u00dfen und (fast immer) sonnigen Terrasse im Museum Kaap Skil.<\/strong><\/p>\n<h2>Terrasse<\/h2>\n<p>Ein einzigartiger Ort, um sich f\u00fcr eine Weile hinzusetzen. Er ist sonnig und windgesch\u00fctzt, der Kaffee schmeckt hervorragend und man hat einen tollen Blick auf das Freiluftmuseum mit dem Skilsloot, den Fischerh\u00e4uschen sowie der denkmalgesch\u00fctzten Seegrasscheune und der M\u00fchle.<\/p>\n<h2>Willkommen<\/h2>\n<p>Auch wenn Sie das Museum nicht besuchen, sind Sie in unserem Caf\u00e9 willkommen. Holen Sie sich einen Kaffee mit Apfelkuchen aus Mehl von der M\u00fchle!<\/p>\n<p>&nbsp;<\/p>\n<p><strong>\u00a0<\/strong><\/p>\n<p>&nbsp;<\/p>\n<p>&nbsp;<\/p>\n","protected":false},"excerpt":{"rendered":"<p>Eines der bestgeh\u00fcteten Geheimnisse von Texel: das Museumscaf\u00e9 mit der gro\u00dfen und (fast immer) sonnigen Terrasse im Museum Kaap Skil.<\/p>\n","protected":false},"author":16,"featured_media":6626,"parent":408,"menu_order":4,"comment_status":"closed","ping_status":"closed","template":"","meta":{"_acf_changed":false,"footnotes":""},"categories":[],"tags":[],"class_list":["post-11692","page","type-page","status-publish","has-post-thumbnail","hentry"],"acf":[],"yoast_head":"<!-- This site is optimized with the Yoast SEO plugin v27.3 - https:\/\/yoast.com\/product\/yoast-seo-wordpress\/ -->\n<title>Museumscaf\u00e9 - Museum Kaap Skil<\/title>\n<meta name=\"description\" content=\"Eines der bestgeh\u00fcteten Geheimnisse von Texel: das Museumscaf\u00e9 mit der gro\u00dfen und (fast immer) sonnigen Terrasse im Museum Kaap Skil.\" \/>\n<meta name=\"robots\" content=\"index, follow, max-snippet:-1, max-image-preview:large, max-video-preview:-1\" \/>\n<link rel=\"canonical\" href=\"https:\/\/kaapskil.nl\/de\/museumscafe\/\" \/>\n<meta property=\"og:locale\" content=\"de_DE\" \/>\n<meta property=\"og:type\" content=\"article\" \/>\n<meta property=\"og:title\" content=\"Museumscaf\u00e9 - Museum Kaap Skil\" \/>\n<meta property=\"og:description\" content=\"Eines der bestgeh\u00fcteten Geheimnisse von Texel: das Museumscaf\u00e9 mit der gro\u00dfen und (fast immer) sonnigen Terrasse im Museum Kaap Skil.\" \/>\n<meta property=\"og:url\" content=\"https:\/\/kaapskil.nl\/de\/museumscafe\/\" \/>\n<meta property=\"og:site_name\" content=\"Museum Kaap Skil\" \/>\n<meta property=\"article:modified_time\" content=\"2023-02-23T09:06:33+00:00\" \/>\n<meta property=\"og:image\" content=\"https:\/\/kaapskil.nl\/wp-content\/uploads\/2020\/09\/Open-Monumentendag-koffie-appeltaart.png\" \/>\n\t<meta property=\"og:image:width\" content=\"640\" \/>\n\t<meta property=\"og:image:height\" content=\"440\" \/>\n\t<meta property=\"og:image:type\" content=\"image\/png\" \/>\n<meta name=\"twitter:card\" content=\"summary_large_image\" \/>\n<meta name=\"twitter:label1\" content=\"Est. reading time\" \/>\n\t<meta name=\"twitter:data1\" content=\"1 minute\" \/>\n<script type=\"application\/ld+json\" class=\"yoast-schema-graph\">{\"@context\":\"https:\\\/\\\/schema.org\",\"@graph\":[{\"@type\":\"WebPage\",\"@id\":\"https:\\\/\\\/kaapskil.nl\\\/de\\\/museumscafe\\\/\",\"url\":\"https:\\\/\\\/kaapskil.nl\\\/de\\\/museumscafe\\\/\",\"name\":\"Museumscaf\u00e9 - Museum Kaap Skil\",\"isPartOf\":{\"@id\":\"https:\\\/\\\/kaapskil.nl\\\/#website\"},\"primaryImageOfPage\":{\"@id\":\"https:\\\/\\\/kaapskil.nl\\\/de\\\/museumscafe\\\/#primaryimage\"},\"image\":{\"@id\":\"https:\\\/\\\/kaapskil.nl\\\/de\\\/museumscafe\\\/#primaryimage\"},\"thumbnailUrl\":\"https:\\\/\\\/kaapskil.nl\\\/wp-content\\\/uploads\\\/2020\\\/09\\\/Open-Monumentendag-koffie-appeltaart.png\",\"datePublished\":\"2023-02-20T13:44:19+00:00\",\"dateModified\":\"2023-02-23T09:06:33+00:00\",\"description\":\"Eines der bestgeh\u00fcteten Geheimnisse von Texel: das Museumscaf\u00e9 mit der gro\u00dfen und (fast immer) sonnigen Terrasse im Museum Kaap Skil.\",\"breadcrumb\":{\"@id\":\"https:\\\/\\\/kaapskil.nl\\\/de\\\/museumscafe\\\/#breadcrumb\"},\"inLanguage\":\"de-DE\",\"potentialAction\":[{\"@type\":\"ReadAction\",\"target\":[\"https:\\\/\\\/kaapskil.nl\\\/de\\\/museumscafe\\\/\"]}]},{\"@type\":\"ImageObject\",\"inLanguage\":\"de-DE\",\"@id\":\"https:\\\/\\\/kaapskil.nl\\\/de\\\/museumscafe\\\/#primaryimage\",\"url\":\"https:\\\/\\\/kaapskil.nl\\\/wp-content\\\/uploads\\\/2020\\\/09\\\/Open-Monumentendag-koffie-appeltaart.png\",\"contentUrl\":\"https:\\\/\\\/kaapskil.nl\\\/wp-content\\\/uploads\\\/2020\\\/09\\\/Open-Monumentendag-koffie-appeltaart.png\",\"width\":640,\"height\":440},{\"@type\":\"BreadcrumbList\",\"@id\":\"https:\\\/\\\/kaapskil.nl\\\/de\\\/museumscafe\\\/#breadcrumb\",\"itemListElement\":[{\"@type\":\"ListItem\",\"position\":1,\"name\":\"Home\",\"item\":\"https:\\\/\\\/kaapskil.nl\\\/de\\\/\"},{\"@type\":\"ListItem\",\"position\":2,\"name\":\"Museumscaf\u00e9\"}]},{\"@type\":\"WebSite\",\"@id\":\"https:\\\/\\\/kaapskil.nl\\\/#website\",\"url\":\"https:\\\/\\\/kaapskil.nl\\\/\",\"name\":\"Museum Kaap Skil\",\"description\":\"Stichting Texels Museum\",\"potentialAction\":[{\"@type\":\"SearchAction\",\"target\":{\"@type\":\"EntryPoint\",\"urlTemplate\":\"https:\\\/\\\/kaapskil.nl\\\/?s={search_term_string}\"},\"query-input\":{\"@type\":\"PropertyValueSpecification\",\"valueRequired\":true,\"valueName\":\"search_term_string\"}}],\"inLanguage\":\"de-DE\"}]}<\/script>\n<!-- \/ Yoast SEO plugin. -->","yoast_head_json":{"title":"Museumscaf\u00e9 - Museum Kaap Skil","description":"Eines der bestgeh\u00fcteten Geheimnisse von Texel: das Museumscaf\u00e9 mit der gro\u00dfen und (fast immer) sonnigen Terrasse im Museum Kaap Skil.","robots":{"index":"index","follow":"follow","max-snippet":"max-snippet:-1","max-image-preview":"max-image-preview:large","max-video-preview":"max-video-preview:-1"},"canonical":"https:\/\/kaapskil.nl\/de\/museumscafe\/","og_locale":"de_DE","og_type":"article","og_title":"Museumscaf\u00e9 - Museum Kaap Skil","og_description":"Eines der bestgeh\u00fcteten Geheimnisse von Texel: das Museumscaf\u00e9 mit der gro\u00dfen und (fast immer) sonnigen Terrasse im Museum Kaap Skil.","og_url":"https:\/\/kaapskil.nl\/de\/museumscafe\/","og_site_name":"Museum Kaap Skil","article_modified_time":"2023-02-23T09:06:33+00:00","og_image":[{"width":640,"height":440,"url":"https:\/\/kaapskil.nl\/wp-content\/uploads\/2020\/09\/Open-Monumentendag-koffie-appeltaart.png","type":"image\/png"}],"twitter_card":"summary_large_image","twitter_misc":{"Est. reading time":"1 minute"},"schema":{"@context":"https:\/\/schema.org","@graph":[{"@type":"WebPage","@id":"https:\/\/kaapskil.nl\/de\/museumscafe\/","url":"https:\/\/kaapskil.nl\/de\/museumscafe\/","name":"Museumscaf\u00e9 - Museum Kaap Skil","isPartOf":{"@id":"https:\/\/kaapskil.nl\/#website"},"primaryImageOfPage":{"@id":"https:\/\/kaapskil.nl\/de\/museumscafe\/#primaryimage"},"image":{"@id":"https:\/\/kaapskil.nl\/de\/museumscafe\/#primaryimage"},"thumbnailUrl":"https:\/\/kaapskil.nl\/wp-content\/uploads\/2020\/09\/Open-Monumentendag-koffie-appeltaart.png","datePublished":"2023-02-20T13:44:19+00:00","dateModified":"2023-02-23T09:06:33+00:00","description":"Eines der bestgeh\u00fcteten Geheimnisse von Texel: das Museumscaf\u00e9 mit der gro\u00dfen und (fast immer) sonnigen Terrasse im Museum Kaap Skil.","breadcrumb":{"@id":"https:\/\/kaapskil.nl\/de\/museumscafe\/#breadcrumb"},"inLanguage":"de-DE","potentialAction":[{"@type":"ReadAction","target":["https:\/\/kaapskil.nl\/de\/museumscafe\/"]}]},{"@type":"ImageObject","inLanguage":"de-DE","@id":"https:\/\/kaapskil.nl\/de\/museumscafe\/#primaryimage","url":"https:\/\/kaapskil.nl\/wp-content\/uploads\/2020\/09\/Open-Monumentendag-koffie-appeltaart.png","contentUrl":"https:\/\/kaapskil.nl\/wp-content\/uploads\/2020\/09\/Open-Monumentendag-koffie-appeltaart.png","width":640,"height":440},{"@type":"BreadcrumbList","@id":"https:\/\/kaapskil.nl\/de\/museumscafe\/#breadcrumb","itemListElement":[{"@type":"ListItem","position":1,"name":"Home","item":"https:\/\/kaapskil.nl\/de\/"},{"@type":"ListItem","position":2,"name":"Museumscaf\u00e9"}]},{"@type":"WebSite","@id":"https:\/\/kaapskil.nl\/#website","url":"https:\/\/kaapskil.nl\/","name":"Museum Kaap Skil","description":"Stichting Texels Museum","potentialAction":[{"@type":"SearchAction","target":{"@type":"EntryPoint","urlTemplate":"https:\/\/kaapskil.nl\/?s={search_term_string}"},"query-input":{"@type":"PropertyValueSpecification","valueRequired":true,"valueName":"search_term_string"}}],"inLanguage":"de-DE"}]}},"_links":{"self":[{"href":"https:\/\/kaapskil.nl\/de\/wp-json\/wp\/v2\/pages\/11692","targetHints":{"allow":["GET"]}}],"collection":[{"href":"https:\/\/kaapskil.nl\/de\/wp-json\/wp\/v2\/pages"}],"about":[{"href":"https:\/\/kaapskil.nl\/de\/wp-json\/wp\/v2\/types\/page"}],"author":[{"embeddable":true,"href":"https:\/\/kaapskil.nl\/de\/wp-json\/wp\/v2\/users\/16"}],"replies":[{"embeddable":true,"href":"https:\/\/kaapskil.nl\/de\/wp-json\/wp\/v2\/comments?post=11692"}],"version-history":[{"count":0,"href":"https:\/\/kaapskil.nl\/de\/wp-json\/wp\/v2\/pages\/11692\/revisions"}],"up":[{"embeddable":true,"href":"https:\/\/kaapskil.nl\/de\/wp-json\/wp\/v2\/pages\/408"}],"wp:featuredmedia":[{"embeddable":true,"href":"https:\/\/kaapskil.nl\/de\/wp-json\/wp\/v2\/media\/6626"}],"wp:attachment":[{"href":"https:\/\/kaapskil.nl\/de\/wp-json\/wp\/v2\/media?parent=11692"}],"wp:term":[{"taxonomy":"category","embeddable":true,"href":"https:\/\/kaapskil.nl\/de\/wp-json\/wp\/v2\/categories?post=11692"},{"taxonomy":"post_tag","embeddable":true,"href":"https:\/\/kaapskil.nl\/de\/wp-json\/wp\/v2\/tags?post=11692"}],"curies":[{"name":"wp","href":"https:\/\/api.w.org\/{rel}","templated":true}]}}