{"id":11701,"date":"2022-12-19T10:23:08","date_gmt":"2022-12-19T09:23:08","guid":{"rendered":"https:\/\/kaapskil.nl\/museumwinkel-museum-kaap-skil\/"},"modified":"2025-04-10T11:24:40","modified_gmt":"2025-04-10T09:24:40","slug":"museumsshop","status":"publish","type":"page","link":"https:\/\/kaapskil.nl\/de\/besuchen\/museumsshop\/","title":{"rendered":"Museumsshop"},"content":{"rendered":"<p><strong><img loading=\"lazy\" decoding=\"async\" class=\"alignright wp-image-11503\" src=\"https:\/\/kaapskil.nl\/wp-content\/uploads\/2022\/11\/Website-MKS_winkel_sfeer_mensen_1.jpg\" alt=\"Winkel-Museum Kaap Skil\" width=\"640\" height=\"400\" srcset=\"https:\/\/kaapskil.nl\/wp-content\/uploads\/2022\/11\/Website-MKS_winkel_sfeer_mensen_1.jpg 1000w, https:\/\/kaapskil.nl\/wp-content\/uploads\/2022\/11\/Website-MKS_winkel_sfeer_mensen_1-300x188.jpg 300w, https:\/\/kaapskil.nl\/wp-content\/uploads\/2022\/11\/Website-MKS_winkel_sfeer_mensen_1-768x480.jpg 768w, https:\/\/kaapskil.nl\/wp-content\/uploads\/2022\/11\/Website-MKS_winkel_sfeer_mensen_1-100x63.jpg 100w\" sizes=\"auto, (max-width: 640px) 100vw, 640px\" \/>Suchen Sie das ultimative Geschenk oder eine sch\u00f6ne Erinnerung an Ihren Museumsbesuch? Tauchen Sie ein in den Museumsshop vom Museum Kaap Skil! Auch ohne Besuch des Museums sind Sie herzlich willkommen.<\/strong><\/p>\n<h2>Einzigartiges Angebot<\/h2>\n<p>Der Museumsshop von Museum Kaap Skil hat eine ganz eigene Auswahl, die von besonderen nautischen Souvenirs \u00fcber Fachb\u00fccher bis hin zu tollem Nippes reicht. Au\u00dferdem finden Sie hier einzigartige Artikel, die von Weltreisen \u00fcber das Meer inspiriert sind, sowie die besondere Palmholzwrack-Kollektion. Viele Artikel werden nur hier zum Verkauf angeboten. So gibt es zum Beispiel wundersch\u00f6ne, nachhaltig hergestellte Taschen im Design des <a href=\"https:\/\/kaapskil.nl\/de\/entdecken\/prunkstucke\/toilettenset-aus-dem-palmholzwrack\/\">Toilettensets<\/a> aus dem Palmholzwrack. Schauen Sie im Shop vorbei, um ein wenig zu st\u00f6bern und ein einzigartiges Geschenk oder ein sch\u00f6nes Andenken zu finden! Auch ohne Besuch des Museums sind Sie herzlich willkommen.<\/p>\n<h2>Die Kraft des Handwerkes<\/h2>\n<p>In unserem Museumsshop w\u00e4hlen wir so weit wie m\u00f6glich handwerklich gefertigte Produkte und nachhaltige Materialien. Denn fr\u00fcher war Handwerk ganz normal. Morgen zum Essen ein Brot? Das bedeutete zun\u00e4chst einen Gang zur M\u00fchle, um einen Sack Mehl zu holen. Ein Schiffsrumpf wurde mit N\u00e4geln aus der Schmiede repariert und H\u00e4user wurden oft mit gepressten Seegrasballen aus der Seegrasscheune ged\u00e4mmt. Das sind nur einige Beispiele f\u00fcr Handwerke, an die wir heute nicht mehr oft denken. Und das wollen wir \u00e4ndern. Denn so helfen wir Ihnen, mehr \u00fcber die Auswirkungen von Produkten auf Mensch und Umwelt zu erfahren. Damit Sie bewusster einkaufen. Heute und in Zukunft.<\/p>\n<p><img loading=\"lazy\" decoding=\"async\" class=\"size-full wp-image-11543 aligncenter\" src=\"https:\/\/kaapskil.nl\/wp-content\/uploads\/2022\/12\/MKS_Merchandise_winkel_sfeer_tassen1.jpg\" alt=\"\" width=\"2000\" height=\"1333\" srcset=\"https:\/\/kaapskil.nl\/wp-content\/uploads\/2022\/12\/MKS_Merchandise_winkel_sfeer_tassen1.jpg 2000w, https:\/\/kaapskil.nl\/wp-content\/uploads\/2022\/12\/MKS_Merchandise_winkel_sfeer_tassen1-300x200.jpg 300w, https:\/\/kaapskil.nl\/wp-content\/uploads\/2022\/12\/MKS_Merchandise_winkel_sfeer_tassen1-1024x682.jpg 1024w, https:\/\/kaapskil.nl\/wp-content\/uploads\/2022\/12\/MKS_Merchandise_winkel_sfeer_tassen1-768x512.jpg 768w, https:\/\/kaapskil.nl\/wp-content\/uploads\/2022\/12\/MKS_Merchandise_winkel_sfeer_tassen1-1536x1024.jpg 1536w, https:\/\/kaapskil.nl\/wp-content\/uploads\/2022\/12\/MKS_Merchandise_winkel_sfeer_tassen1-100x67.jpg 100w, https:\/\/kaapskil.nl\/wp-content\/uploads\/2022\/12\/MKS_Merchandise_winkel_sfeer_tassen1-360x240.jpg 360w\" sizes=\"auto, (max-width: 2000px) 100vw, 2000px\" \/><\/p>\n<p><img loading=\"lazy\" decoding=\"async\" class=\"size-full wp-image-11540 aligncenter\" src=\"https:\/\/kaapskil.nl\/wp-content\/uploads\/2022\/12\/MKS_Merchandise_winkel_Delftsblauw.jpg\" alt=\"\" width=\"2000\" height=\"1333\" srcset=\"https:\/\/kaapskil.nl\/wp-content\/uploads\/2022\/12\/MKS_Merchandise_winkel_Delftsblauw.jpg 2000w, https:\/\/kaapskil.nl\/wp-content\/uploads\/2022\/12\/MKS_Merchandise_winkel_Delftsblauw-300x200.jpg 300w, https:\/\/kaapskil.nl\/wp-content\/uploads\/2022\/12\/MKS_Merchandise_winkel_Delftsblauw-1024x682.jpg 1024w, https:\/\/kaapskil.nl\/wp-content\/uploads\/2022\/12\/MKS_Merchandise_winkel_Delftsblauw-768x512.jpg 768w, https:\/\/kaapskil.nl\/wp-content\/uploads\/2022\/12\/MKS_Merchandise_winkel_Delftsblauw-1536x1024.jpg 1536w, https:\/\/kaapskil.nl\/wp-content\/uploads\/2022\/12\/MKS_Merchandise_winkel_Delftsblauw-100x67.jpg 100w, https:\/\/kaapskil.nl\/wp-content\/uploads\/2022\/12\/MKS_Merchandise_winkel_Delftsblauw-360x240.jpg 360w\" sizes=\"auto, (max-width: 2000px) 100vw, 2000px\" \/><\/p>\n<p><img loading=\"lazy\" decoding=\"async\" class=\"size-full wp-image-11537 aligncenter\" src=\"https:\/\/kaapskil.nl\/wp-content\/uploads\/2022\/12\/MKS_Merchandise_winkel_sfeer_globe.jpg\" alt=\"\" width=\"840\" height=\"560\" srcset=\"https:\/\/kaapskil.nl\/wp-content\/uploads\/2022\/12\/MKS_Merchandise_winkel_sfeer_globe.jpg 840w, https:\/\/kaapskil.nl\/wp-content\/uploads\/2022\/12\/MKS_Merchandise_winkel_sfeer_globe-300x200.jpg 300w, https:\/\/kaapskil.nl\/wp-content\/uploads\/2022\/12\/MKS_Merchandise_winkel_sfeer_globe-768x512.jpg 768w, https:\/\/kaapskil.nl\/wp-content\/uploads\/2022\/12\/MKS_Merchandise_winkel_sfeer_globe-100x67.jpg 100w, https:\/\/kaapskil.nl\/wp-content\/uploads\/2022\/12\/MKS_Merchandise_winkel_sfeer_globe-360x240.jpg 360w\" sizes=\"auto, (max-width: 840px) 100vw, 840px\" \/><\/p>\n<p>&nbsp;<\/p>\n<p><img loading=\"lazy\" decoding=\"async\" class=\"size-full wp-image-13815 aligncenter\" src=\"https:\/\/kaapskil.nl\/wp-content\/uploads\/2025\/04\/JD-MIFFKAAPSKIL_1920x1080.jpg\" alt=\"\" width=\"1920\" height=\"1080\" srcset=\"https:\/\/kaapskil.nl\/wp-content\/uploads\/2025\/04\/JD-MIFFKAAPSKIL_1920x1080.jpg 1920w, https:\/\/kaapskil.nl\/wp-content\/uploads\/2025\/04\/JD-MIFFKAAPSKIL_1920x1080-300x169.jpg 300w, https:\/\/kaapskil.nl\/wp-content\/uploads\/2025\/04\/JD-MIFFKAAPSKIL_1920x1080-1024x576.jpg 1024w, https:\/\/kaapskil.nl\/wp-content\/uploads\/2025\/04\/JD-MIFFKAAPSKIL_1920x1080-768x432.jpg 768w, https:\/\/kaapskil.nl\/wp-content\/uploads\/2025\/04\/JD-MIFFKAAPSKIL_1920x1080-1536x864.jpg 1536w, https:\/\/kaapskil.nl\/wp-content\/uploads\/2025\/04\/JD-MIFFKAAPSKIL_1920x1080-100x56.jpg 100w, https:\/\/kaapskil.nl\/wp-content\/uploads\/2025\/04\/JD-MIFFKAAPSKIL_1920x1080-1600x900.jpg 1600w\" sizes=\"auto, (max-width: 1920px) 100vw, 1920px\" \/><\/p>\n","protected":false},"excerpt":{"rendered":"<p>Suchen Sie das ultimative Geschenk oder eine sch\u00f6ne Erinnerung an Ihren Museumsbesuch? Tauchen Sie ein in den Museumsshop vom Museum Kaap Skil! Auch ohne Besuch des Museums sind Sie herzlich willkommen.<\/p>\n","protected":false},"author":16,"featured_media":11503,"parent":408,"menu_order":5,"comment_status":"closed","ping_status":"closed","template":"","meta":{"_acf_changed":false,"footnotes":""},"categories":[],"tags":[],"class_list":["post-11701","page","type-page","status-publish","has-post-thumbnail","hentry"],"acf":[],"yoast_head":"<!-- This site is optimized with the Yoast SEO plugin v27.3 - https:\/\/yoast.com\/product\/yoast-seo-wordpress\/ -->\n<title>Museumsshop - Museum Kaap Skil<\/title>\n<meta name=\"description\" content=\"Suchen Sie das ultimative Geschenk oder eine sch\u00f6ne Erinnerung an Ihren Museumsbesuch? Tauchen Sie ein in den Museumsshop vom Museum Kaap Skil! Auch ohne Besuch des Museums sind Sie herzlich willkommen.\" \/>\n<meta name=\"robots\" content=\"index, follow, max-snippet:-1, max-image-preview:large, max-video-preview:-1\" \/>\n<link rel=\"canonical\" href=\"https:\/\/kaapskil.nl\/de\/besuchen\/museumsshop\/\" \/>\n<meta property=\"og:locale\" content=\"de_DE\" \/>\n<meta property=\"og:type\" content=\"article\" \/>\n<meta property=\"og:title\" content=\"Museumsshop - Museum Kaap Skil\" \/>\n<meta property=\"og:description\" content=\"Suchen Sie das ultimative Geschenk oder eine sch\u00f6ne Erinnerung an Ihren Museumsbesuch? Tauchen Sie ein in den Museumsshop vom Museum Kaap Skil! Auch ohne Besuch des Museums sind Sie herzlich willkommen.\" \/>\n<meta property=\"og:url\" content=\"https:\/\/kaapskil.nl\/de\/besuchen\/museumsshop\/\" \/>\n<meta property=\"og:site_name\" content=\"Museum Kaap Skil\" \/>\n<meta property=\"article:modified_time\" content=\"2025-04-10T09:24:40+00:00\" \/>\n<meta property=\"og:image\" content=\"https:\/\/kaapskil.nl\/wp-content\/uploads\/2022\/11\/Website-MKS_winkel_sfeer_mensen_1.jpg\" \/>\n\t<meta property=\"og:image:width\" content=\"1000\" \/>\n\t<meta property=\"og:image:height\" content=\"625\" \/>\n\t<meta property=\"og:image:type\" content=\"image\/jpeg\" \/>\n<meta name=\"twitter:card\" content=\"summary_large_image\" \/>\n<meta name=\"twitter:label1\" content=\"Est. reading time\" \/>\n\t<meta name=\"twitter:data1\" content=\"3 minutes\" \/>\n<script type=\"application\/ld+json\" class=\"yoast-schema-graph\">{\"@context\":\"https:\\\/\\\/schema.org\",\"@graph\":[{\"@type\":\"WebPage\",\"@id\":\"https:\\\/\\\/kaapskil.nl\\\/de\\\/besuchen\\\/museumsshop\\\/\",\"url\":\"https:\\\/\\\/kaapskil.nl\\\/de\\\/besuchen\\\/museumsshop\\\/\",\"name\":\"Museumsshop - Museum Kaap Skil\",\"isPartOf\":{\"@id\":\"https:\\\/\\\/kaapskil.nl\\\/#website\"},\"primaryImageOfPage\":{\"@id\":\"https:\\\/\\\/kaapskil.nl\\\/de\\\/besuchen\\\/museumsshop\\\/#primaryimage\"},\"image\":{\"@id\":\"https:\\\/\\\/kaapskil.nl\\\/de\\\/besuchen\\\/museumsshop\\\/#primaryimage\"},\"thumbnailUrl\":\"https:\\\/\\\/kaapskil.nl\\\/wp-content\\\/uploads\\\/2022\\\/11\\\/Website-MKS_winkel_sfeer_mensen_1.jpg\",\"datePublished\":\"2022-12-19T09:23:08+00:00\",\"dateModified\":\"2025-04-10T09:24:40+00:00\",\"description\":\"Suchen Sie das ultimative Geschenk oder eine sch\u00f6ne Erinnerung an Ihren Museumsbesuch? Tauchen Sie ein in den Museumsshop vom Museum Kaap Skil! Auch ohne Besuch des Museums sind Sie herzlich willkommen.\",\"breadcrumb\":{\"@id\":\"https:\\\/\\\/kaapskil.nl\\\/de\\\/besuchen\\\/museumsshop\\\/#breadcrumb\"},\"inLanguage\":\"de-DE\",\"potentialAction\":[{\"@type\":\"ReadAction\",\"target\":[\"https:\\\/\\\/kaapskil.nl\\\/de\\\/besuchen\\\/museumsshop\\\/\"]}]},{\"@type\":\"ImageObject\",\"inLanguage\":\"de-DE\",\"@id\":\"https:\\\/\\\/kaapskil.nl\\\/de\\\/besuchen\\\/museumsshop\\\/#primaryimage\",\"url\":\"https:\\\/\\\/kaapskil.nl\\\/wp-content\\\/uploads\\\/2022\\\/11\\\/Website-MKS_winkel_sfeer_mensen_1.jpg\",\"contentUrl\":\"https:\\\/\\\/kaapskil.nl\\\/wp-content\\\/uploads\\\/2022\\\/11\\\/Website-MKS_winkel_sfeer_mensen_1.jpg\",\"width\":1000,\"height\":625,\"caption\":\"Winkel-Museum Kaap Skil\"},{\"@type\":\"BreadcrumbList\",\"@id\":\"https:\\\/\\\/kaapskil.nl\\\/de\\\/besuchen\\\/museumsshop\\\/#breadcrumb\",\"itemListElement\":[{\"@type\":\"ListItem\",\"position\":1,\"name\":\"Home\",\"item\":\"https:\\\/\\\/kaapskil.nl\\\/de\\\/\"},{\"@type\":\"ListItem\",\"position\":2,\"name\":\"Besuchen\",\"item\":\"https:\\\/\\\/kaapskil.nl\\\/de\\\/besuchen\\\/\"},{\"@type\":\"ListItem\",\"position\":3,\"name\":\"Museumsshop\"}]},{\"@type\":\"WebSite\",\"@id\":\"https:\\\/\\\/kaapskil.nl\\\/#website\",\"url\":\"https:\\\/\\\/kaapskil.nl\\\/\",\"name\":\"Museum Kaap Skil\",\"description\":\"Stichting Texels Museum\",\"potentialAction\":[{\"@type\":\"SearchAction\",\"target\":{\"@type\":\"EntryPoint\",\"urlTemplate\":\"https:\\\/\\\/kaapskil.nl\\\/?s={search_term_string}\"},\"query-input\":{\"@type\":\"PropertyValueSpecification\",\"valueRequired\":true,\"valueName\":\"search_term_string\"}}],\"inLanguage\":\"de-DE\"}]}<\/script>\n<!-- \/ Yoast SEO plugin. -->","yoast_head_json":{"title":"Museumsshop - Museum Kaap Skil","description":"Suchen Sie das ultimative Geschenk oder eine sch\u00f6ne Erinnerung an Ihren Museumsbesuch? Tauchen Sie ein in den Museumsshop vom Museum Kaap Skil! Auch ohne Besuch des Museums sind Sie herzlich willkommen.","robots":{"index":"index","follow":"follow","max-snippet":"max-snippet:-1","max-image-preview":"max-image-preview:large","max-video-preview":"max-video-preview:-1"},"canonical":"https:\/\/kaapskil.nl\/de\/besuchen\/museumsshop\/","og_locale":"de_DE","og_type":"article","og_title":"Museumsshop - Museum Kaap Skil","og_description":"Suchen Sie das ultimative Geschenk oder eine sch\u00f6ne Erinnerung an Ihren Museumsbesuch? Tauchen Sie ein in den Museumsshop vom Museum Kaap Skil! Auch ohne Besuch des Museums sind Sie herzlich willkommen.","og_url":"https:\/\/kaapskil.nl\/de\/besuchen\/museumsshop\/","og_site_name":"Museum Kaap Skil","article_modified_time":"2025-04-10T09:24:40+00:00","og_image":[{"width":1000,"height":625,"url":"https:\/\/kaapskil.nl\/wp-content\/uploads\/2022\/11\/Website-MKS_winkel_sfeer_mensen_1.jpg","type":"image\/jpeg"}],"twitter_card":"summary_large_image","twitter_misc":{"Est. reading time":"3 minutes"},"schema":{"@context":"https:\/\/schema.org","@graph":[{"@type":"WebPage","@id":"https:\/\/kaapskil.nl\/de\/besuchen\/museumsshop\/","url":"https:\/\/kaapskil.nl\/de\/besuchen\/museumsshop\/","name":"Museumsshop - Museum Kaap Skil","isPartOf":{"@id":"https:\/\/kaapskil.nl\/#website"},"primaryImageOfPage":{"@id":"https:\/\/kaapskil.nl\/de\/besuchen\/museumsshop\/#primaryimage"},"image":{"@id":"https:\/\/kaapskil.nl\/de\/besuchen\/museumsshop\/#primaryimage"},"thumbnailUrl":"https:\/\/kaapskil.nl\/wp-content\/uploads\/2022\/11\/Website-MKS_winkel_sfeer_mensen_1.jpg","datePublished":"2022-12-19T09:23:08+00:00","dateModified":"2025-04-10T09:24:40+00:00","description":"Suchen Sie das ultimative Geschenk oder eine sch\u00f6ne Erinnerung an Ihren Museumsbesuch? Tauchen Sie ein in den Museumsshop vom Museum Kaap Skil! Auch ohne Besuch des Museums sind Sie herzlich willkommen.","breadcrumb":{"@id":"https:\/\/kaapskil.nl\/de\/besuchen\/museumsshop\/#breadcrumb"},"inLanguage":"de-DE","potentialAction":[{"@type":"ReadAction","target":["https:\/\/kaapskil.nl\/de\/besuchen\/museumsshop\/"]}]},{"@type":"ImageObject","inLanguage":"de-DE","@id":"https:\/\/kaapskil.nl\/de\/besuchen\/museumsshop\/#primaryimage","url":"https:\/\/kaapskil.nl\/wp-content\/uploads\/2022\/11\/Website-MKS_winkel_sfeer_mensen_1.jpg","contentUrl":"https:\/\/kaapskil.nl\/wp-content\/uploads\/2022\/11\/Website-MKS_winkel_sfeer_mensen_1.jpg","width":1000,"height":625,"caption":"Winkel-Museum Kaap Skil"},{"@type":"BreadcrumbList","@id":"https:\/\/kaapskil.nl\/de\/besuchen\/museumsshop\/#breadcrumb","itemListElement":[{"@type":"ListItem","position":1,"name":"Home","item":"https:\/\/kaapskil.nl\/de\/"},{"@type":"ListItem","position":2,"name":"Besuchen","item":"https:\/\/kaapskil.nl\/de\/besuchen\/"},{"@type":"ListItem","position":3,"name":"Museumsshop"}]},{"@type":"WebSite","@id":"https:\/\/kaapskil.nl\/#website","url":"https:\/\/kaapskil.nl\/","name":"Museum Kaap Skil","description":"Stichting Texels Museum","potentialAction":[{"@type":"SearchAction","target":{"@type":"EntryPoint","urlTemplate":"https:\/\/kaapskil.nl\/?s={search_term_string}"},"query-input":{"@type":"PropertyValueSpecification","valueRequired":true,"valueName":"search_term_string"}}],"inLanguage":"de-DE"}]}},"_links":{"self":[{"href":"https:\/\/kaapskil.nl\/de\/wp-json\/wp\/v2\/pages\/11701","targetHints":{"allow":["GET"]}}],"collection":[{"href":"https:\/\/kaapskil.nl\/de\/wp-json\/wp\/v2\/pages"}],"about":[{"href":"https:\/\/kaapskil.nl\/de\/wp-json\/wp\/v2\/types\/page"}],"author":[{"embeddable":true,"href":"https:\/\/kaapskil.nl\/de\/wp-json\/wp\/v2\/users\/16"}],"replies":[{"embeddable":true,"href":"https:\/\/kaapskil.nl\/de\/wp-json\/wp\/v2\/comments?post=11701"}],"version-history":[{"count":0,"href":"https:\/\/kaapskil.nl\/de\/wp-json\/wp\/v2\/pages\/11701\/revisions"}],"up":[{"embeddable":true,"href":"https:\/\/kaapskil.nl\/de\/wp-json\/wp\/v2\/pages\/408"}],"wp:featuredmedia":[{"embeddable":true,"href":"https:\/\/kaapskil.nl\/de\/wp-json\/wp\/v2\/media\/11503"}],"wp:attachment":[{"href":"https:\/\/kaapskil.nl\/de\/wp-json\/wp\/v2\/media?parent=11701"}],"wp:term":[{"taxonomy":"category","embeddable":true,"href":"https:\/\/kaapskil.nl\/de\/wp-json\/wp\/v2\/categories?post=11701"},{"taxonomy":"post_tag","embeddable":true,"href":"https:\/\/kaapskil.nl\/de\/wp-json\/wp\/v2\/tags?post=11701"}],"curies":[{"name":"wp","href":"https:\/\/api.w.org\/{rel}","templated":true}]}}