{"id":1299,"date":"2018-03-23T13:03:58","date_gmt":"2018-03-23T13:03:58","guid":{"rendered":"http:\/\/kaapskilnl.web1.prod.raadhuis.com\/?page_id=1299"},"modified":"2021-01-05T11:22:00","modified_gmt":"2021-01-05T11:22:00","slug":"400-jahre-skil","status":"publish","type":"page","link":"https:\/\/kaapskil.nl\/de\/entdecken\/400-jahre-skil\/","title":{"rendered":"400 Jahre Skil"},"content":{"rendered":"<p>Viele Insulaner nennen Oudeschild noch immer Skil. Fr\u00fcher lag hier der wichtigste Ankerplatz der Welt. Ein Knotenpunkt f\u00fcr die Schifffahrt, mit der dazugeh\u00f6rigen Betriebsamkeit. Als diese Zeit vorbei war, ver\u00e4nderte sich das Dorf in ein Fischerdorf. Entdecken Sie im folgenden die bewegte Geschichte von Skil; Rahmen f\u00fcr die Sammlung und die Geschichten von Kaap Skil.<\/p>\n","protected":false},"excerpt":{"rendered":"<p>Viele Insulaner nennen Oudeschild noch immer Skil. Fr\u00fcher lag hier der wichtigste Ankerplatz der Welt. Ein Knotenpunkt f\u00fcr die Schifffahrt, mit der dazugeh\u00f6rigen Betriebsamkeit. Als diese Zeit vorbei war, ver\u00e4nderte sich das Dorf in ein Fischerdorf. Entdecken Sie im folgenden die bewegte Geschichte von Skil; Rahmen f\u00fcr die Sammlung und die Geschichten von Kaap Skil.<\/p>\n","protected":false},"author":1,"featured_media":787,"parent":657,"menu_order":50,"comment_status":"closed","ping_status":"closed","template":"page-templates\/tijdlijn.php","meta":{"_acf_changed":false,"footnotes":""},"categories":[],"tags":[],"class_list":["post-1299","page","type-page","status-publish","has-post-thumbnail","hentry"],"acf":[],"yoast_head":"<!-- This site is optimized with the Yoast SEO plugin v27.4 - https:\/\/yoast.com\/product\/yoast-seo-wordpress\/ -->\n<title>Blader door de Texelse zeegeschiedenis<\/title>\n<meta name=\"description\" content=\"Laat je meevoeren door de tijd! Ontdek het unieke verleden van Texel, een eiland onder invloed van de zee. Via de tijdlijn op deze pagina ontdek je meer over deze bijzondere relatie. Verhalen uit de verschillende perioden zie je terug in Museum Kaap Skil.\" \/>\n<meta name=\"robots\" content=\"index, follow, max-snippet:-1, max-image-preview:large, max-video-preview:-1\" \/>\n<link rel=\"canonical\" href=\"https:\/\/kaapskil.nl\/de\/entdecken\/400-jahre-skil\/\" \/>\n<meta property=\"og:locale\" content=\"de_DE\" \/>\n<meta property=\"og:type\" content=\"article\" \/>\n<meta property=\"og:title\" content=\"Blader door de Texelse zeegeschiedenis\" \/>\n<meta property=\"og:description\" content=\"Laat je meevoeren door de tijd! Ontdek het unieke verleden van Texel, een eiland onder invloed van de zee. Via de tijdlijn op deze pagina ontdek je meer over deze bijzondere relatie. Verhalen uit de verschillende perioden zie je terug in Museum Kaap Skil.\" \/>\n<meta property=\"og:url\" content=\"https:\/\/kaapskil.nl\/de\/entdecken\/400-jahre-skil\/\" \/>\n<meta property=\"og:site_name\" content=\"Museum Kaap Skil\" \/>\n<meta property=\"article:modified_time\" content=\"2021-01-05T11:22:00+00:00\" \/>\n<meta property=\"og:image\" content=\"https:\/\/kaapskil.nl\/wp-content\/uploads\/2018\/03\/spiegelretour.jpg\" \/>\n\t<meta property=\"og:image:width\" content=\"640\" \/>\n\t<meta property=\"og:image:height\" content=\"477\" \/>\n\t<meta property=\"og:image:type\" content=\"image\/jpeg\" \/>\n<meta name=\"twitter:card\" content=\"summary_large_image\" \/>\n<script type=\"application\/ld+json\" class=\"yoast-schema-graph\">{\"@context\":\"https:\\\/\\\/schema.org\",\"@graph\":[{\"@type\":\"WebPage\",\"@id\":\"https:\\\/\\\/kaapskil.nl\\\/de\\\/entdecken\\\/400-jahre-skil\\\/\",\"url\":\"https:\\\/\\\/kaapskil.nl\\\/de\\\/entdecken\\\/400-jahre-skil\\\/\",\"name\":\"Blader door de Texelse zeegeschiedenis\",\"isPartOf\":{\"@id\":\"https:\\\/\\\/kaapskil.nl\\\/#website\"},\"primaryImageOfPage\":{\"@id\":\"https:\\\/\\\/kaapskil.nl\\\/de\\\/entdecken\\\/400-jahre-skil\\\/#primaryimage\"},\"image\":{\"@id\":\"https:\\\/\\\/kaapskil.nl\\\/de\\\/entdecken\\\/400-jahre-skil\\\/#primaryimage\"},\"thumbnailUrl\":\"https:\\\/\\\/kaapskil.nl\\\/wp-content\\\/uploads\\\/2018\\\/03\\\/spiegelretour.jpg\",\"datePublished\":\"2018-03-23T13:03:58+00:00\",\"dateModified\":\"2021-01-05T11:22:00+00:00\",\"description\":\"Laat je meevoeren door de tijd! Ontdek het unieke verleden van Texel, een eiland onder invloed van de zee. Via de tijdlijn op deze pagina ontdek je meer over deze bijzondere relatie. Verhalen uit de verschillende perioden zie je terug in Museum Kaap Skil.\",\"breadcrumb\":{\"@id\":\"https:\\\/\\\/kaapskil.nl\\\/de\\\/entdecken\\\/400-jahre-skil\\\/#breadcrumb\"},\"inLanguage\":\"de-DE\",\"potentialAction\":[{\"@type\":\"ReadAction\",\"target\":[\"https:\\\/\\\/kaapskil.nl\\\/de\\\/entdecken\\\/400-jahre-skil\\\/\"]}]},{\"@type\":\"ImageObject\",\"inLanguage\":\"de-DE\",\"@id\":\"https:\\\/\\\/kaapskil.nl\\\/de\\\/entdecken\\\/400-jahre-skil\\\/#primaryimage\",\"url\":\"https:\\\/\\\/kaapskil.nl\\\/wp-content\\\/uploads\\\/2018\\\/03\\\/spiegelretour.jpg\",\"contentUrl\":\"https:\\\/\\\/kaapskil.nl\\\/wp-content\\\/uploads\\\/2018\\\/03\\\/spiegelretour.jpg\",\"width\":640,\"height\":477},{\"@type\":\"BreadcrumbList\",\"@id\":\"https:\\\/\\\/kaapskil.nl\\\/de\\\/entdecken\\\/400-jahre-skil\\\/#breadcrumb\",\"itemListElement\":[{\"@type\":\"ListItem\",\"position\":1,\"name\":\"Home\",\"item\":\"https:\\\/\\\/kaapskil.nl\\\/de\\\/\"},{\"@type\":\"ListItem\",\"position\":2,\"name\":\"Entdecken\",\"item\":\"https:\\\/\\\/kaapskil.nl\\\/de\\\/entdecken\\\/\"},{\"@type\":\"ListItem\",\"position\":3,\"name\":\"400 Jahre Skil\"}]},{\"@type\":\"WebSite\",\"@id\":\"https:\\\/\\\/kaapskil.nl\\\/#website\",\"url\":\"https:\\\/\\\/kaapskil.nl\\\/\",\"name\":\"Museum Kaap Skil\",\"description\":\"Stichting Texels Museum\",\"potentialAction\":[{\"@type\":\"SearchAction\",\"target\":{\"@type\":\"EntryPoint\",\"urlTemplate\":\"https:\\\/\\\/kaapskil.nl\\\/?s={search_term_string}\"},\"query-input\":{\"@type\":\"PropertyValueSpecification\",\"valueRequired\":true,\"valueName\":\"search_term_string\"}}],\"inLanguage\":\"de-DE\"}]}<\/script>\n<!-- \/ Yoast SEO plugin. -->","yoast_head_json":{"title":"Blader door de Texelse zeegeschiedenis","description":"Laat je meevoeren door de tijd! Ontdek het unieke verleden van Texel, een eiland onder invloed van de zee. Via de tijdlijn op deze pagina ontdek je meer over deze bijzondere relatie. Verhalen uit de verschillende perioden zie je terug in Museum Kaap Skil.","robots":{"index":"index","follow":"follow","max-snippet":"max-snippet:-1","max-image-preview":"max-image-preview:large","max-video-preview":"max-video-preview:-1"},"canonical":"https:\/\/kaapskil.nl\/de\/entdecken\/400-jahre-skil\/","og_locale":"de_DE","og_type":"article","og_title":"Blader door de Texelse zeegeschiedenis","og_description":"Laat je meevoeren door de tijd! Ontdek het unieke verleden van Texel, een eiland onder invloed van de zee. Via de tijdlijn op deze pagina ontdek je meer over deze bijzondere relatie. Verhalen uit de verschillende perioden zie je terug in Museum Kaap Skil.","og_url":"https:\/\/kaapskil.nl\/de\/entdecken\/400-jahre-skil\/","og_site_name":"Museum Kaap Skil","article_modified_time":"2021-01-05T11:22:00+00:00","og_image":[{"width":640,"height":477,"url":"https:\/\/kaapskil.nl\/wp-content\/uploads\/2018\/03\/spiegelretour.jpg","type":"image\/jpeg"}],"twitter_card":"summary_large_image","schema":{"@context":"https:\/\/schema.org","@graph":[{"@type":"WebPage","@id":"https:\/\/kaapskil.nl\/de\/entdecken\/400-jahre-skil\/","url":"https:\/\/kaapskil.nl\/de\/entdecken\/400-jahre-skil\/","name":"Blader door de Texelse zeegeschiedenis","isPartOf":{"@id":"https:\/\/kaapskil.nl\/#website"},"primaryImageOfPage":{"@id":"https:\/\/kaapskil.nl\/de\/entdecken\/400-jahre-skil\/#primaryimage"},"image":{"@id":"https:\/\/kaapskil.nl\/de\/entdecken\/400-jahre-skil\/#primaryimage"},"thumbnailUrl":"https:\/\/kaapskil.nl\/wp-content\/uploads\/2018\/03\/spiegelretour.jpg","datePublished":"2018-03-23T13:03:58+00:00","dateModified":"2021-01-05T11:22:00+00:00","description":"Laat je meevoeren door de tijd! Ontdek het unieke verleden van Texel, een eiland onder invloed van de zee. Via de tijdlijn op deze pagina ontdek je meer over deze bijzondere relatie. Verhalen uit de verschillende perioden zie je terug in Museum Kaap Skil.","breadcrumb":{"@id":"https:\/\/kaapskil.nl\/de\/entdecken\/400-jahre-skil\/#breadcrumb"},"inLanguage":"de-DE","potentialAction":[{"@type":"ReadAction","target":["https:\/\/kaapskil.nl\/de\/entdecken\/400-jahre-skil\/"]}]},{"@type":"ImageObject","inLanguage":"de-DE","@id":"https:\/\/kaapskil.nl\/de\/entdecken\/400-jahre-skil\/#primaryimage","url":"https:\/\/kaapskil.nl\/wp-content\/uploads\/2018\/03\/spiegelretour.jpg","contentUrl":"https:\/\/kaapskil.nl\/wp-content\/uploads\/2018\/03\/spiegelretour.jpg","width":640,"height":477},{"@type":"BreadcrumbList","@id":"https:\/\/kaapskil.nl\/de\/entdecken\/400-jahre-skil\/#breadcrumb","itemListElement":[{"@type":"ListItem","position":1,"name":"Home","item":"https:\/\/kaapskil.nl\/de\/"},{"@type":"ListItem","position":2,"name":"Entdecken","item":"https:\/\/kaapskil.nl\/de\/entdecken\/"},{"@type":"ListItem","position":3,"name":"400 Jahre Skil"}]},{"@type":"WebSite","@id":"https:\/\/kaapskil.nl\/#website","url":"https:\/\/kaapskil.nl\/","name":"Museum Kaap Skil","description":"Stichting Texels Museum","potentialAction":[{"@type":"SearchAction","target":{"@type":"EntryPoint","urlTemplate":"https:\/\/kaapskil.nl\/?s={search_term_string}"},"query-input":{"@type":"PropertyValueSpecification","valueRequired":true,"valueName":"search_term_string"}}],"inLanguage":"de-DE"}]}},"_links":{"self":[{"href":"https:\/\/kaapskil.nl\/de\/wp-json\/wp\/v2\/pages\/1299","targetHints":{"allow":["GET"]}}],"collection":[{"href":"https:\/\/kaapskil.nl\/de\/wp-json\/wp\/v2\/pages"}],"about":[{"href":"https:\/\/kaapskil.nl\/de\/wp-json\/wp\/v2\/types\/page"}],"author":[{"embeddable":true,"href":"https:\/\/kaapskil.nl\/de\/wp-json\/wp\/v2\/users\/1"}],"replies":[{"embeddable":true,"href":"https:\/\/kaapskil.nl\/de\/wp-json\/wp\/v2\/comments?post=1299"}],"version-history":[{"count":0,"href":"https:\/\/kaapskil.nl\/de\/wp-json\/wp\/v2\/pages\/1299\/revisions"}],"up":[{"embeddable":true,"href":"https:\/\/kaapskil.nl\/de\/wp-json\/wp\/v2\/pages\/657"}],"wp:featuredmedia":[{"embeddable":true,"href":"https:\/\/kaapskil.nl\/de\/wp-json\/wp\/v2\/media\/787"}],"wp:attachment":[{"href":"https:\/\/kaapskil.nl\/de\/wp-json\/wp\/v2\/media?parent=1299"}],"wp:term":[{"taxonomy":"category","embeddable":true,"href":"https:\/\/kaapskil.nl\/de\/wp-json\/wp\/v2\/categories?post=1299"},{"taxonomy":"post_tag","embeddable":true,"href":"https:\/\/kaapskil.nl\/de\/wp-json\/wp\/v2\/tags?post=1299"}],"curies":[{"name":"wp","href":"https:\/\/api.w.org\/{rel}","templated":true}]}}