{"id":13649,"date":"2024-12-16T14:27:57","date_gmt":"2024-12-16T13:27:57","guid":{"rendered":"https:\/\/kaapskil.nl\/?page_id=13649"},"modified":"2024-12-16T14:30:08","modified_gmt":"2024-12-16T13:30:08","slug":"vielen-dank-fuer-ihre-anfrage","status":"publish","type":"page","link":"https:\/\/kaapskil.nl\/de\/vielen-dank-fuer-ihre-anfrage\/","title":{"rendered":"Vielen Dank f\u00fcr Ihre Anfrage!"},"content":{"rendered":"<p>Vielen Dank f\u00fcr Ihre Anfrage! Wir werden deinen Auftrag so schnell wie m\u00f6glich verarbeiten.<\/p>\n","protected":false},"excerpt":{"rendered":"<p>Vielen Dank f\u00fcr Ihre Anfrage! Wir werden deinen Auftrag so schnell wie m\u00f6glich verarbeiten.<\/p>\n","protected":false},"author":16,"featured_media":12336,"parent":0,"menu_order":0,"comment_status":"closed","ping_status":"closed","template":"","meta":{"_acf_changed":false,"footnotes":""},"categories":[],"tags":[],"class_list":["post-13649","page","type-page","status-publish","has-post-thumbnail","hentry"],"acf":[],"yoast_head":"<!-- This site is optimized with the Yoast SEO plugin v27.4 - https:\/\/yoast.com\/product\/yoast-seo-wordpress\/ -->\n<title>Vielen Dank f\u00fcr Ihre Anfrage! - Museum Kaap Skil<\/title>\n<meta name=\"robots\" content=\"noindex, follow\" \/>\n<meta property=\"og:locale\" content=\"de_DE\" \/>\n<meta property=\"og:type\" content=\"article\" \/>\n<meta property=\"og:title\" content=\"Vielen Dank f\u00fcr Ihre Anfrage! - Museum Kaap Skil\" \/>\n<meta property=\"og:description\" content=\"Vielen Dank f\u00fcr Ihre Anfrage! Wir werden deinen Auftrag so schnell wie m\u00f6glich verarbeiten.\" \/>\n<meta property=\"og:url\" content=\"https:\/\/kaapskil.nl\/de\/vielen-dank-fuer-ihre-anfrage\/\" \/>\n<meta property=\"og:site_name\" content=\"Museum Kaap Skil\" \/>\n<meta property=\"article:modified_time\" content=\"2024-12-16T13:30:08+00:00\" \/>\n<meta property=\"og:image\" content=\"https:\/\/kaapskil.nl\/wp-content\/uploads\/2023\/07\/Entree-MKS-2023.jpg\" \/>\n\t<meta property=\"og:image:width\" content=\"500\" \/>\n\t<meta property=\"og:image:height\" content=\"700\" \/>\n\t<meta property=\"og:image:type\" content=\"image\/jpeg\" \/>\n<meta name=\"twitter:card\" content=\"summary_large_image\" \/>\n<meta name=\"twitter:label1\" content=\"Est. reading time\" \/>\n\t<meta name=\"twitter:data1\" content=\"1 minute\" \/>\n<script type=\"application\/ld+json\" class=\"yoast-schema-graph\">{\"@context\":\"https:\\\/\\\/schema.org\",\"@graph\":[{\"@type\":\"WebPage\",\"@id\":\"https:\\\/\\\/kaapskil.nl\\\/de\\\/vielen-dank-fuer-ihre-anfrage\\\/\",\"url\":\"https:\\\/\\\/kaapskil.nl\\\/de\\\/vielen-dank-fuer-ihre-anfrage\\\/\",\"name\":\"Vielen Dank f\u00fcr Ihre Anfrage! - Museum Kaap Skil\",\"isPartOf\":{\"@id\":\"https:\\\/\\\/kaapskil.nl\\\/#website\"},\"primaryImageOfPage\":{\"@id\":\"https:\\\/\\\/kaapskil.nl\\\/de\\\/vielen-dank-fuer-ihre-anfrage\\\/#primaryimage\"},\"image\":{\"@id\":\"https:\\\/\\\/kaapskil.nl\\\/de\\\/vielen-dank-fuer-ihre-anfrage\\\/#primaryimage\"},\"thumbnailUrl\":\"https:\\\/\\\/kaapskil.nl\\\/wp-content\\\/uploads\\\/2023\\\/07\\\/Entree-MKS-2023.jpg\",\"datePublished\":\"2024-12-16T13:27:57+00:00\",\"dateModified\":\"2024-12-16T13:30:08+00:00\",\"breadcrumb\":{\"@id\":\"https:\\\/\\\/kaapskil.nl\\\/de\\\/vielen-dank-fuer-ihre-anfrage\\\/#breadcrumb\"},\"inLanguage\":\"de-DE\",\"potentialAction\":[{\"@type\":\"ReadAction\",\"target\":[\"https:\\\/\\\/kaapskil.nl\\\/de\\\/vielen-dank-fuer-ihre-anfrage\\\/\"]}]},{\"@type\":\"ImageObject\",\"inLanguage\":\"de-DE\",\"@id\":\"https:\\\/\\\/kaapskil.nl\\\/de\\\/vielen-dank-fuer-ihre-anfrage\\\/#primaryimage\",\"url\":\"https:\\\/\\\/kaapskil.nl\\\/wp-content\\\/uploads\\\/2023\\\/07\\\/Entree-MKS-2023.jpg\",\"contentUrl\":\"https:\\\/\\\/kaapskil.nl\\\/wp-content\\\/uploads\\\/2023\\\/07\\\/Entree-MKS-2023.jpg\",\"width\":500,\"height\":700,\"caption\":\"Entree Museum Kaap Skil\"},{\"@type\":\"BreadcrumbList\",\"@id\":\"https:\\\/\\\/kaapskil.nl\\\/de\\\/vielen-dank-fuer-ihre-anfrage\\\/#breadcrumb\",\"itemListElement\":[{\"@type\":\"ListItem\",\"position\":1,\"name\":\"Home\",\"item\":\"https:\\\/\\\/kaapskil.nl\\\/de\\\/\"},{\"@type\":\"ListItem\",\"position\":2,\"name\":\"Vielen Dank f\u00fcr Ihre Anfrage!\"}]},{\"@type\":\"WebSite\",\"@id\":\"https:\\\/\\\/kaapskil.nl\\\/#website\",\"url\":\"https:\\\/\\\/kaapskil.nl\\\/\",\"name\":\"Museum Kaap Skil\",\"description\":\"Stichting Texels Museum\",\"potentialAction\":[{\"@type\":\"SearchAction\",\"target\":{\"@type\":\"EntryPoint\",\"urlTemplate\":\"https:\\\/\\\/kaapskil.nl\\\/?s={search_term_string}\"},\"query-input\":{\"@type\":\"PropertyValueSpecification\",\"valueRequired\":true,\"valueName\":\"search_term_string\"}}],\"inLanguage\":\"de-DE\"}]}<\/script>\n<!-- \/ Yoast SEO plugin. -->","yoast_head_json":{"title":"Vielen Dank f\u00fcr Ihre Anfrage! - Museum Kaap Skil","robots":{"index":"noindex","follow":"follow"},"og_locale":"de_DE","og_type":"article","og_title":"Vielen Dank f\u00fcr Ihre Anfrage! - Museum Kaap Skil","og_description":"Vielen Dank f\u00fcr Ihre Anfrage! Wir werden deinen Auftrag so schnell wie m\u00f6glich verarbeiten.","og_url":"https:\/\/kaapskil.nl\/de\/vielen-dank-fuer-ihre-anfrage\/","og_site_name":"Museum Kaap Skil","article_modified_time":"2024-12-16T13:30:08+00:00","og_image":[{"width":500,"height":700,"url":"https:\/\/kaapskil.nl\/wp-content\/uploads\/2023\/07\/Entree-MKS-2023.jpg","type":"image\/jpeg"}],"twitter_card":"summary_large_image","twitter_misc":{"Est. reading time":"1 minute"},"schema":{"@context":"https:\/\/schema.org","@graph":[{"@type":"WebPage","@id":"https:\/\/kaapskil.nl\/de\/vielen-dank-fuer-ihre-anfrage\/","url":"https:\/\/kaapskil.nl\/de\/vielen-dank-fuer-ihre-anfrage\/","name":"Vielen Dank f\u00fcr Ihre Anfrage! - Museum Kaap Skil","isPartOf":{"@id":"https:\/\/kaapskil.nl\/#website"},"primaryImageOfPage":{"@id":"https:\/\/kaapskil.nl\/de\/vielen-dank-fuer-ihre-anfrage\/#primaryimage"},"image":{"@id":"https:\/\/kaapskil.nl\/de\/vielen-dank-fuer-ihre-anfrage\/#primaryimage"},"thumbnailUrl":"https:\/\/kaapskil.nl\/wp-content\/uploads\/2023\/07\/Entree-MKS-2023.jpg","datePublished":"2024-12-16T13:27:57+00:00","dateModified":"2024-12-16T13:30:08+00:00","breadcrumb":{"@id":"https:\/\/kaapskil.nl\/de\/vielen-dank-fuer-ihre-anfrage\/#breadcrumb"},"inLanguage":"de-DE","potentialAction":[{"@type":"ReadAction","target":["https:\/\/kaapskil.nl\/de\/vielen-dank-fuer-ihre-anfrage\/"]}]},{"@type":"ImageObject","inLanguage":"de-DE","@id":"https:\/\/kaapskil.nl\/de\/vielen-dank-fuer-ihre-anfrage\/#primaryimage","url":"https:\/\/kaapskil.nl\/wp-content\/uploads\/2023\/07\/Entree-MKS-2023.jpg","contentUrl":"https:\/\/kaapskil.nl\/wp-content\/uploads\/2023\/07\/Entree-MKS-2023.jpg","width":500,"height":700,"caption":"Entree Museum Kaap Skil"},{"@type":"BreadcrumbList","@id":"https:\/\/kaapskil.nl\/de\/vielen-dank-fuer-ihre-anfrage\/#breadcrumb","itemListElement":[{"@type":"ListItem","position":1,"name":"Home","item":"https:\/\/kaapskil.nl\/de\/"},{"@type":"ListItem","position":2,"name":"Vielen Dank f\u00fcr Ihre Anfrage!"}]},{"@type":"WebSite","@id":"https:\/\/kaapskil.nl\/#website","url":"https:\/\/kaapskil.nl\/","name":"Museum Kaap Skil","description":"Stichting Texels Museum","potentialAction":[{"@type":"SearchAction","target":{"@type":"EntryPoint","urlTemplate":"https:\/\/kaapskil.nl\/?s={search_term_string}"},"query-input":{"@type":"PropertyValueSpecification","valueRequired":true,"valueName":"search_term_string"}}],"inLanguage":"de-DE"}]}},"_links":{"self":[{"href":"https:\/\/kaapskil.nl\/de\/wp-json\/wp\/v2\/pages\/13649","targetHints":{"allow":["GET"]}}],"collection":[{"href":"https:\/\/kaapskil.nl\/de\/wp-json\/wp\/v2\/pages"}],"about":[{"href":"https:\/\/kaapskil.nl\/de\/wp-json\/wp\/v2\/types\/page"}],"author":[{"embeddable":true,"href":"https:\/\/kaapskil.nl\/de\/wp-json\/wp\/v2\/users\/16"}],"replies":[{"embeddable":true,"href":"https:\/\/kaapskil.nl\/de\/wp-json\/wp\/v2\/comments?post=13649"}],"version-history":[{"count":0,"href":"https:\/\/kaapskil.nl\/de\/wp-json\/wp\/v2\/pages\/13649\/revisions"}],"wp:featuredmedia":[{"embeddable":true,"href":"https:\/\/kaapskil.nl\/de\/wp-json\/wp\/v2\/media\/12336"}],"wp:attachment":[{"href":"https:\/\/kaapskil.nl\/de\/wp-json\/wp\/v2\/media?parent=13649"}],"wp:term":[{"taxonomy":"category","embeddable":true,"href":"https:\/\/kaapskil.nl\/de\/wp-json\/wp\/v2\/categories?post=13649"},{"taxonomy":"post_tag","embeddable":true,"href":"https:\/\/kaapskil.nl\/de\/wp-json\/wp\/v2\/tags?post=13649"}],"curies":[{"name":"wp","href":"https:\/\/api.w.org\/{rel}","templated":true}]}}