{"id":14052,"date":"2024-04-30T14:43:43","date_gmt":"2024-04-30T12:43:43","guid":{"rendered":"https:\/\/kaapskil.nl\/entdecken\/ausstellungen\/museum-murals\/"},"modified":"2025-08-08T14:44:27","modified_gmt":"2025-08-08T12:44:27","slug":"museum-murals","status":"publish","type":"page","link":"https:\/\/kaapskil.nl\/de\/entdecken\/ausstellungen\/museum-murals\/","title":{"rendered":"Museum Murals"},"content":{"rendered":"<p><strong>Im Rahmen des Projektes Museum Murals haben Stra\u00dfenk\u00fcnstler eine Wandmalerei geschaffen, die von einer besonderen Geschichte aus zwanzig niederl\u00e4ndischen Museen inspiriert war. Das Projekt fand im Jahr 2024 statt. Der K\u00fcnstler Sidney Waerts nahm die Herausforderung an, ein Wandbild auf Texel zu schaffen, inspiriert vom weltber\u00fchmten Kleid aus dem Palmholzwrack. Das Kunstwerk ist an der Wand des Bouwcentrum RAB an der Vlamkast, im Zentrum von Oudeschild auf Texel, zu sehen.<\/strong><\/p>\n<h2><img loading=\"lazy\" decoding=\"async\" class=\"alignright wp-image-13147 size-full\" src=\"https:\/\/kaapskil.nl\/wp-content\/uploads\/2024\/04\/Website-M-combinatielogo-rood_RGB.jpg\" alt=\"\" width=\"1248\" height=\"741\" srcset=\"https:\/\/kaapskil.nl\/wp-content\/uploads\/2024\/04\/Website-M-combinatielogo-rood_RGB.jpg 1248w, https:\/\/kaapskil.nl\/wp-content\/uploads\/2024\/04\/Website-M-combinatielogo-rood_RGB-300x178.jpg 300w, https:\/\/kaapskil.nl\/wp-content\/uploads\/2024\/04\/Website-M-combinatielogo-rood_RGB-1024x608.jpg 1024w, https:\/\/kaapskil.nl\/wp-content\/uploads\/2024\/04\/Website-M-combinatielogo-rood_RGB-768x456.jpg 768w, https:\/\/kaapskil.nl\/wp-content\/uploads\/2024\/04\/Website-M-combinatielogo-rood_RGB-100x59.jpg 100w\" sizes=\"auto, (max-width: 1248px) 100vw, 1248px\" \/><\/h2>\n<h2>Das Projekt: Museum Murals<\/h2>\n<p>Die Museum Murals bringen Kunst in den \u00f6ffentlichen Raum, und zwar auf eine Weise, die f\u00fcr jedermann zug\u00e4nglich ist. Sie bringen die besonderen Sammlungen der Museen sozusagen ins Freie. Das Projekt Museum Murals wurde vom Mauritshuis initiiert und von den Teilnehmern der VriendenLoterij erm\u00f6glicht. Entdecken Sie alle Wandgem\u00e4lde auf\u00a0<a href=\"https:\/\/museummurals.nl\/de-murals\/\" target=\"_blank\" rel=\"noopener\">museummurals.nl<\/a>!<\/p>\n<h2><img loading=\"lazy\" decoding=\"async\" class=\"alignleft wp-image-12012 size-full\" src=\"https:\/\/kaapskil.nl\/wp-content\/uploads\/2023\/04\/Objecten-De-Jurk-donkere-achtergond-c-Provincie-Noord-Holland-Kees-Zwaan-e1681743651186.jpg\" alt=\"De jurk uit het Palmhoutwrak\" width=\"640\" height=\"400\" srcset=\"https:\/\/kaapskil.nl\/wp-content\/uploads\/2023\/04\/Objecten-De-Jurk-donkere-achtergond-c-Provincie-Noord-Holland-Kees-Zwaan-e1681743651186.jpg 640w, https:\/\/kaapskil.nl\/wp-content\/uploads\/2023\/04\/Objecten-De-Jurk-donkere-achtergond-c-Provincie-Noord-Holland-Kees-Zwaan-e1681743651186-300x188.jpg 300w, https:\/\/kaapskil.nl\/wp-content\/uploads\/2023\/04\/Objecten-De-Jurk-donkere-achtergond-c-Provincie-Noord-Holland-Kees-Zwaan-e1681743651186-100x63.jpg 100w\" sizes=\"auto, (max-width: 640px) 100vw, 640px\" \/><\/h2>\n<h2>Die Inspiration<\/h2>\n<p>Das Museum Kaap Skil sah in der Teilnahme am Projekt Museum Murals eine hervorragende Gelegenheit, die bezaubernden Geschichten aus seiner Sammlung auch au\u00dferhalb des Museums sichtbar zu machen. Das absolute Meisterst\u00fcck der Sammlung von Museum Kaap Skil ist ein k\u00f6nigliches Kleid aus dem siebzehnten Jahrhundert, das aus dem Wattenmeer aufgetaucht ist. Das beeindruckende Seidenkleid wurde in der N\u00e4he eines Schiffswracks namens Palmholzwrack gefunden. Obwohl das kostbare Kleidungsst\u00fcck fast vier Jahrhunderte auf dem Meeresgrund verbracht hat, ist es fast vollst\u00e4ndig erhalten. Es ist ein weltweit einzigartiger Fund, denn es ist nur wenig Kleidung aus dem siebzehnten Jahrhundert erhalten geblieben.<\/p>\n<h2><img loading=\"lazy\" decoding=\"async\" class=\"alignright wp-image-14044 size-full\" src=\"https:\/\/kaapskil.nl\/wp-content\/uploads\/2025\/08\/Sidney-met-dochter-bij-bord-ws.jpg\" alt=\"\" width=\"840\" height=\"525\" srcset=\"https:\/\/kaapskil.nl\/wp-content\/uploads\/2025\/08\/Sidney-met-dochter-bij-bord-ws.jpg 840w, https:\/\/kaapskil.nl\/wp-content\/uploads\/2025\/08\/Sidney-met-dochter-bij-bord-ws-300x188.jpg 300w, https:\/\/kaapskil.nl\/wp-content\/uploads\/2025\/08\/Sidney-met-dochter-bij-bord-ws-768x480.jpg 768w, https:\/\/kaapskil.nl\/wp-content\/uploads\/2025\/08\/Sidney-met-dochter-bij-bord-ws-100x63.jpg 100w\" sizes=\"auto, (max-width: 840px) 100vw, 840px\" \/>Der K\u00fcnstler<\/h2>\n<p>Sidney Waerts ist ein vielseitiger K\u00fcnstler. Er beschreibt seine Arbeit als eine Kombination aus Fotorealismus und expressiver Abstraktion. In den letzten Jahren hat er sich auf Wandmalereien konzentriert; er bemalt gro\u00dfe W\u00e4nde im \u00f6ffentlichen Raum. \u201eWandbilder tragen zur St\u00e4rkung der Solidarit\u00e4t in den Stadtvierteln bei\u201c, sagt Sidney. Bei der Gestaltung seines Texel-Wandbildes hatte Sidney v\u00f6llig freie Hand; die einzige Bedingung war, dass das Bild vom Kleid und der dazugeh\u00f6rigen Geschichte der Reede von Texel inspiriert sein sollte.<\/p>\n<p><img loading=\"lazy\" decoding=\"async\" class=\"aligncenter wp-image-13153 size-full\" src=\"https:\/\/kaapskil.nl\/wp-content\/uploads\/2024\/04\/MM-pil-L-URL-groen_RGB.png\" alt=\"\" width=\"4184\" height=\"533\" srcset=\"https:\/\/kaapskil.nl\/wp-content\/uploads\/2024\/04\/MM-pil-L-URL-groen_RGB.png 4184w, https:\/\/kaapskil.nl\/wp-content\/uploads\/2024\/04\/MM-pil-L-URL-groen_RGB-300x38.png 300w, https:\/\/kaapskil.nl\/wp-content\/uploads\/2024\/04\/MM-pil-L-URL-groen_RGB-1024x130.png 1024w, https:\/\/kaapskil.nl\/wp-content\/uploads\/2024\/04\/MM-pil-L-URL-groen_RGB-768x98.png 768w, https:\/\/kaapskil.nl\/wp-content\/uploads\/2024\/04\/MM-pil-L-URL-groen_RGB-1536x196.png 1536w, https:\/\/kaapskil.nl\/wp-content\/uploads\/2024\/04\/MM-pil-L-URL-groen_RGB-2048x261.png 2048w, https:\/\/kaapskil.nl\/wp-content\/uploads\/2024\/04\/MM-pil-L-URL-groen_RGB-100x13.png 100w\" sizes=\"auto, (max-width: 4184px) 100vw, 4184px\" \/><\/p>\n<p><img loading=\"lazy\" decoding=\"async\" class=\"aligncenter wp-image-14035 size-full\" src=\"https:\/\/kaapskil.nl\/wp-content\/uploads\/2025\/08\/Mural-header.jpg\" alt=\"\" width=\"1515\" height=\"699\" srcset=\"https:\/\/kaapskil.nl\/wp-content\/uploads\/2025\/08\/Mural-header.jpg 1515w, https:\/\/kaapskil.nl\/wp-content\/uploads\/2025\/08\/Mural-header-300x138.jpg 300w, https:\/\/kaapskil.nl\/wp-content\/uploads\/2025\/08\/Mural-header-1024x472.jpg 1024w, https:\/\/kaapskil.nl\/wp-content\/uploads\/2025\/08\/Mural-header-768x354.jpg 768w, https:\/\/kaapskil.nl\/wp-content\/uploads\/2025\/08\/Mural-header-100x46.jpg 100w\" sizes=\"auto, (max-width: 1515px) 100vw, 1515px\" \/><\/p>\n","protected":false},"excerpt":{"rendered":"<p>Das Kleid ist auch au\u00dferhalb der Museumsmauern zu sehen! Auf dem Parkplatz in der N\u00e4he des Museums finden Sie ein sogenanntes Museum Mural. Der K\u00fcnstler Sidney Waerts hat dieses einzigartige Wandbild geschaffen, das von dem weltber\u00fchmten Kleid aus dem Palmholzwrack inspiriert wurde.<\/p>\n","protected":false},"author":16,"featured_media":14043,"parent":339,"menu_order":80,"comment_status":"closed","ping_status":"closed","template":"page-templates\/detail.php","meta":{"_acf_changed":false,"footnotes":""},"categories":[],"tags":[],"class_list":["post-14052","page","type-page","status-publish","has-post-thumbnail","hentry"],"acf":[],"yoast_head":"<!-- This site is optimized with the Yoast SEO plugin v27.3 - https:\/\/yoast.com\/product\/yoast-seo-wordpress\/ -->\n<title>Museum Murals - Museum Kaap Skil<\/title>\n<meta name=\"robots\" content=\"index, follow, max-snippet:-1, max-image-preview:large, max-video-preview:-1\" \/>\n<link rel=\"canonical\" href=\"https:\/\/kaapskil.nl\/de\/entdecken\/ausstellungen\/museum-murals\/\" \/>\n<meta property=\"og:locale\" content=\"de_DE\" \/>\n<meta property=\"og:type\" content=\"article\" \/>\n<meta property=\"og:title\" content=\"Museum Murals - Museum Kaap Skil\" \/>\n<meta property=\"og:description\" content=\"Das Kleid ist auch au\u00dferhalb der Museumsmauern zu sehen! Auf dem Parkplatz in der N\u00e4he des Museums finden Sie ein sogenanntes Museum Mural. Der K\u00fcnstler Sidney Waerts hat dieses einzigartige Wandbild geschaffen, das von dem weltber\u00fchmten Kleid aus dem Palmholzwrack inspiriert wurde.\" \/>\n<meta property=\"og:url\" content=\"https:\/\/kaapskil.nl\/de\/entdecken\/ausstellungen\/museum-murals\/\" \/>\n<meta property=\"og:site_name\" content=\"Museum Kaap Skil\" \/>\n<meta property=\"article:modified_time\" content=\"2025-08-08T12:44:27+00:00\" \/>\n<meta property=\"og:image\" content=\"https:\/\/kaapskil.nl\/wp-content\/uploads\/2025\/08\/mural-ws.jpg\" \/>\n\t<meta property=\"og:image:width\" content=\"840\" \/>\n\t<meta property=\"og:image:height\" content=\"525\" \/>\n\t<meta property=\"og:image:type\" content=\"image\/jpeg\" \/>\n<meta name=\"twitter:card\" content=\"summary_large_image\" \/>\n<meta name=\"twitter:label1\" content=\"Est. reading time\" \/>\n\t<meta name=\"twitter:data1\" content=\"3 minutes\" \/>\n<script type=\"application\/ld+json\" class=\"yoast-schema-graph\">{\"@context\":\"https:\\\/\\\/schema.org\",\"@graph\":[{\"@type\":\"WebPage\",\"@id\":\"https:\\\/\\\/kaapskil.nl\\\/de\\\/entdecken\\\/ausstellungen\\\/museum-murals\\\/\",\"url\":\"https:\\\/\\\/kaapskil.nl\\\/de\\\/entdecken\\\/ausstellungen\\\/museum-murals\\\/\",\"name\":\"Museum Murals - Museum Kaap Skil\",\"isPartOf\":{\"@id\":\"https:\\\/\\\/kaapskil.nl\\\/#website\"},\"primaryImageOfPage\":{\"@id\":\"https:\\\/\\\/kaapskil.nl\\\/de\\\/entdecken\\\/ausstellungen\\\/museum-murals\\\/#primaryimage\"},\"image\":{\"@id\":\"https:\\\/\\\/kaapskil.nl\\\/de\\\/entdecken\\\/ausstellungen\\\/museum-murals\\\/#primaryimage\"},\"thumbnailUrl\":\"https:\\\/\\\/kaapskil.nl\\\/wp-content\\\/uploads\\\/2025\\\/08\\\/mural-ws.jpg\",\"datePublished\":\"2024-04-30T12:43:43+00:00\",\"dateModified\":\"2025-08-08T12:44:27+00:00\",\"breadcrumb\":{\"@id\":\"https:\\\/\\\/kaapskil.nl\\\/de\\\/entdecken\\\/ausstellungen\\\/museum-murals\\\/#breadcrumb\"},\"inLanguage\":\"de-DE\",\"potentialAction\":[{\"@type\":\"ReadAction\",\"target\":[\"https:\\\/\\\/kaapskil.nl\\\/de\\\/entdecken\\\/ausstellungen\\\/museum-murals\\\/\"]}]},{\"@type\":\"ImageObject\",\"inLanguage\":\"de-DE\",\"@id\":\"https:\\\/\\\/kaapskil.nl\\\/de\\\/entdecken\\\/ausstellungen\\\/museum-murals\\\/#primaryimage\",\"url\":\"https:\\\/\\\/kaapskil.nl\\\/wp-content\\\/uploads\\\/2025\\\/08\\\/mural-ws.jpg\",\"contentUrl\":\"https:\\\/\\\/kaapskil.nl\\\/wp-content\\\/uploads\\\/2025\\\/08\\\/mural-ws.jpg\",\"width\":840,\"height\":525},{\"@type\":\"BreadcrumbList\",\"@id\":\"https:\\\/\\\/kaapskil.nl\\\/de\\\/entdecken\\\/ausstellungen\\\/museum-murals\\\/#breadcrumb\",\"itemListElement\":[{\"@type\":\"ListItem\",\"position\":1,\"name\":\"Home\",\"item\":\"https:\\\/\\\/kaapskil.nl\\\/de\\\/\"},{\"@type\":\"ListItem\",\"position\":2,\"name\":\"Entdecken\",\"item\":\"https:\\\/\\\/kaapskil.nl\\\/de\\\/entdecken\\\/\"},{\"@type\":\"ListItem\",\"position\":3,\"name\":\"Ausstellungen\",\"item\":\"https:\\\/\\\/kaapskil.nl\\\/de\\\/entdecken\\\/ausstellungen\\\/\"},{\"@type\":\"ListItem\",\"position\":4,\"name\":\"Museum Murals\"}]},{\"@type\":\"WebSite\",\"@id\":\"https:\\\/\\\/kaapskil.nl\\\/#website\",\"url\":\"https:\\\/\\\/kaapskil.nl\\\/\",\"name\":\"Museum Kaap Skil\",\"description\":\"Stichting Texels Museum\",\"potentialAction\":[{\"@type\":\"SearchAction\",\"target\":{\"@type\":\"EntryPoint\",\"urlTemplate\":\"https:\\\/\\\/kaapskil.nl\\\/?s={search_term_string}\"},\"query-input\":{\"@type\":\"PropertyValueSpecification\",\"valueRequired\":true,\"valueName\":\"search_term_string\"}}],\"inLanguage\":\"de-DE\"}]}<\/script>\n<!-- \/ Yoast SEO plugin. -->","yoast_head_json":{"title":"Museum Murals - Museum Kaap Skil","robots":{"index":"index","follow":"follow","max-snippet":"max-snippet:-1","max-image-preview":"max-image-preview:large","max-video-preview":"max-video-preview:-1"},"canonical":"https:\/\/kaapskil.nl\/de\/entdecken\/ausstellungen\/museum-murals\/","og_locale":"de_DE","og_type":"article","og_title":"Museum Murals - Museum Kaap Skil","og_description":"Das Kleid ist auch au\u00dferhalb der Museumsmauern zu sehen! Auf dem Parkplatz in der N\u00e4he des Museums finden Sie ein sogenanntes Museum Mural. Der K\u00fcnstler Sidney Waerts hat dieses einzigartige Wandbild geschaffen, das von dem weltber\u00fchmten Kleid aus dem Palmholzwrack inspiriert wurde.","og_url":"https:\/\/kaapskil.nl\/de\/entdecken\/ausstellungen\/museum-murals\/","og_site_name":"Museum Kaap Skil","article_modified_time":"2025-08-08T12:44:27+00:00","og_image":[{"width":840,"height":525,"url":"https:\/\/kaapskil.nl\/wp-content\/uploads\/2025\/08\/mural-ws.jpg","type":"image\/jpeg"}],"twitter_card":"summary_large_image","twitter_misc":{"Est. reading time":"3 minutes"},"schema":{"@context":"https:\/\/schema.org","@graph":[{"@type":"WebPage","@id":"https:\/\/kaapskil.nl\/de\/entdecken\/ausstellungen\/museum-murals\/","url":"https:\/\/kaapskil.nl\/de\/entdecken\/ausstellungen\/museum-murals\/","name":"Museum Murals - Museum Kaap Skil","isPartOf":{"@id":"https:\/\/kaapskil.nl\/#website"},"primaryImageOfPage":{"@id":"https:\/\/kaapskil.nl\/de\/entdecken\/ausstellungen\/museum-murals\/#primaryimage"},"image":{"@id":"https:\/\/kaapskil.nl\/de\/entdecken\/ausstellungen\/museum-murals\/#primaryimage"},"thumbnailUrl":"https:\/\/kaapskil.nl\/wp-content\/uploads\/2025\/08\/mural-ws.jpg","datePublished":"2024-04-30T12:43:43+00:00","dateModified":"2025-08-08T12:44:27+00:00","breadcrumb":{"@id":"https:\/\/kaapskil.nl\/de\/entdecken\/ausstellungen\/museum-murals\/#breadcrumb"},"inLanguage":"de-DE","potentialAction":[{"@type":"ReadAction","target":["https:\/\/kaapskil.nl\/de\/entdecken\/ausstellungen\/museum-murals\/"]}]},{"@type":"ImageObject","inLanguage":"de-DE","@id":"https:\/\/kaapskil.nl\/de\/entdecken\/ausstellungen\/museum-murals\/#primaryimage","url":"https:\/\/kaapskil.nl\/wp-content\/uploads\/2025\/08\/mural-ws.jpg","contentUrl":"https:\/\/kaapskil.nl\/wp-content\/uploads\/2025\/08\/mural-ws.jpg","width":840,"height":525},{"@type":"BreadcrumbList","@id":"https:\/\/kaapskil.nl\/de\/entdecken\/ausstellungen\/museum-murals\/#breadcrumb","itemListElement":[{"@type":"ListItem","position":1,"name":"Home","item":"https:\/\/kaapskil.nl\/de\/"},{"@type":"ListItem","position":2,"name":"Entdecken","item":"https:\/\/kaapskil.nl\/de\/entdecken\/"},{"@type":"ListItem","position":3,"name":"Ausstellungen","item":"https:\/\/kaapskil.nl\/de\/entdecken\/ausstellungen\/"},{"@type":"ListItem","position":4,"name":"Museum Murals"}]},{"@type":"WebSite","@id":"https:\/\/kaapskil.nl\/#website","url":"https:\/\/kaapskil.nl\/","name":"Museum Kaap Skil","description":"Stichting Texels Museum","potentialAction":[{"@type":"SearchAction","target":{"@type":"EntryPoint","urlTemplate":"https:\/\/kaapskil.nl\/?s={search_term_string}"},"query-input":{"@type":"PropertyValueSpecification","valueRequired":true,"valueName":"search_term_string"}}],"inLanguage":"de-DE"}]}},"_links":{"self":[{"href":"https:\/\/kaapskil.nl\/de\/wp-json\/wp\/v2\/pages\/14052","targetHints":{"allow":["GET"]}}],"collection":[{"href":"https:\/\/kaapskil.nl\/de\/wp-json\/wp\/v2\/pages"}],"about":[{"href":"https:\/\/kaapskil.nl\/de\/wp-json\/wp\/v2\/types\/page"}],"author":[{"embeddable":true,"href":"https:\/\/kaapskil.nl\/de\/wp-json\/wp\/v2\/users\/16"}],"replies":[{"embeddable":true,"href":"https:\/\/kaapskil.nl\/de\/wp-json\/wp\/v2\/comments?post=14052"}],"version-history":[{"count":3,"href":"https:\/\/kaapskil.nl\/de\/wp-json\/wp\/v2\/pages\/14052\/revisions"}],"predecessor-version":[{"id":14055,"href":"https:\/\/kaapskil.nl\/de\/wp-json\/wp\/v2\/pages\/14052\/revisions\/14055"}],"up":[{"embeddable":true,"href":"https:\/\/kaapskil.nl\/de\/wp-json\/wp\/v2\/pages\/339"}],"wp:featuredmedia":[{"embeddable":true,"href":"https:\/\/kaapskil.nl\/de\/wp-json\/wp\/v2\/media\/14043"}],"wp:attachment":[{"href":"https:\/\/kaapskil.nl\/de\/wp-json\/wp\/v2\/media?parent=14052"}],"wp:term":[{"taxonomy":"category","embeddable":true,"href":"https:\/\/kaapskil.nl\/de\/wp-json\/wp\/v2\/categories?post=14052"},{"taxonomy":"post_tag","embeddable":true,"href":"https:\/\/kaapskil.nl\/de\/wp-json\/wp\/v2\/tags?post=14052"}],"curies":[{"name":"wp","href":"https:\/\/api.w.org\/{rel}","templated":true}]}}