{"id":1477,"date":"2022-11-11T14:00:32","date_gmt":"2022-11-11T13:00:32","guid":{"rendered":"http:\/\/kaapskilnl.web1.prod.raadhuis.com\/entdecken\/prunkstucke\/de-jurk\/"},"modified":"2023-08-14T09:31:10","modified_gmt":"2023-08-14T07:31:10","slug":"das-kleid","status":"publish","type":"page","link":"https:\/\/kaapskil.nl\/de\/entdecken\/prunkstucke\/das-kleid\/","title":{"rendered":"Das Kleid aus dem Palmholzwrack"},"content":{"rendered":"<p><strong><img loading=\"lazy\" decoding=\"async\" class=\"alignright wp-image-10790 size-full\" src=\"https:\/\/kaapskil.nl\/wp-content\/uploads\/2022\/11\/Objecten-De-Jurk-c-Provincie-Noord-Holland-schaduw-Kees-Zwaan-ws-1.jpg\" alt=\"\" width=\"640\" height=\"440\" srcset=\"https:\/\/kaapskil.nl\/wp-content\/uploads\/2022\/11\/Objecten-De-Jurk-c-Provincie-Noord-Holland-schaduw-Kees-Zwaan-ws-1.jpg 640w, https:\/\/kaapskil.nl\/wp-content\/uploads\/2022\/11\/Objecten-De-Jurk-c-Provincie-Noord-Holland-schaduw-Kees-Zwaan-ws-1-300x206.jpg 300w, https:\/\/kaapskil.nl\/wp-content\/uploads\/2022\/11\/Objecten-De-Jurk-c-Provincie-Noord-Holland-schaduw-Kees-Zwaan-ws-1-100x69.jpg 100w\" sizes=\"auto, (max-width: 640px) 100vw, 640px\" \/>Eines der Topst\u00fccke in der Sammlung von Museum Kaap Skil ist das Kleid von k\u00f6niglichem Format aus dem siebzehnten Jahrhundert, aufgetaucht aus dem Wattenmeer. Das beeindruckende Seidenkleid wurde bei einem Schiffswrack gefunden, das den Namen Palmholzwrack bekommen hat. Das kostbare Kleidungsst\u00fcck ist, trotz einer Lagerung von rund vier Jahrhunderten auf dem Meeresboden, noch in einem \u00fcberraschend guten Zustand. Es ist ein weltweit einzigartiger Fund, denn es ist kaum Kleidung aus dem siebzehnten Jahrhundert erhalten geblieben. Wissenschaftler erwarten, noch Jahre daf\u00fcr zu brauchen, um alle Fragen zu beantworten, die das Kleid aufgerufen hat.<\/strong><\/p>\n<h2>Material<\/h2>\n<p>Das Kleid ist aus Seidensatin mit einem eingewebten Blumenmotiv gefertigt. Im siebzehnten Jahrhundert wird es als Robe oder Tappert bezeichnet worden sein. Obwohl es jetzt eine farbige Ausstrahlung mit Creme-, Rot- und Braunt\u00f6nen hat, hatte das Kleid urspr\u00fcnglich wahrscheinlich nur eine Farbe. Welche Farbe, ist nicht klar. Die originalen Farbstoffe sind vermutlich zum Teil abgebaut worden, w\u00e4hrend andere Kleidungsst\u00fccke in derselben Kiste m\u00f6glicherweise Farbstoffe abgegeben haben.<\/p>\n<h2>Modell<\/h2>\n<p>Das Kleid besteht aus einem Leibchen mit einem gefalteten weiten Rock, der an der Vorderseite offen f\u00e4llt. Darunter wurden ein oder mehrere Unterr\u00f6cke getragen. Das Leibchen hat eingesetzte \u00c4rmel, mit lose fallenden \u00dcberarmen und Armkappen. An den \u00c4rmeln werden auch Seidenquaste gehangen haben und silberne oder vergoldete Kn\u00f6pfe befestigt gewesen sein.Von den Kn\u00f6pfen sind jetzt nur noch die Eindr\u00fccke auf dem Textil sichtbar. Um den Hals hat man einen hochstehenden Kragen aus Leinen oder Spitze getragen, gest\u00fctzt von einer Supportasse oder Rebato: eine Konstruktion aus Metall auf den Schultern. Das Kleidungsst\u00fcck wird zudem mit silbernen oder vergoldeten Details auf dem Kragen, dem Leibchen; den \u00c4rmeln und dem Rock verziert gewesen sein.<\/p>\n<h2>Herkunft<\/h2>\n<p>Der Stil des Kleides entspricht sehr gut der vorherrschenden Mode in Westeuropa im fr\u00fchen siebzehnten Jahrhundert, etwa zwischen 1620 und 1630. Mehrere \u00e4hnliche Kleidungsst\u00fccke sind auf Gem\u00e4lden zu sehen. Es scheint etwas mehr \u00c4hnlichkeiten mit englischen Kost\u00fcmen zu geben, aber die Kleidung w\u00fcrde auch gut in die Niederl\u00e4ndische Republik oder andere Teile Nordwesteuropas passen. Es ist nicht undenkbar, dass das Kleidungsst\u00fcck in einem Land hergestellt und an einen anderen Ort gebracht wurde. Immerhin war das Kleid auf Reisen. Eine Zeit lang wurde angenommen, dass das Kleid der Schottische Hofdame Jean Ker geh\u00f6rte. Diese Hypothese ist inzwischen verworfen worden.<\/p>\n<h2>Exklusiv<\/h2>\n<p>Die umfangreiche Verwendung kostbarer Materialien und die Tatsache, dass es der aktuellen Mode entsprach, deuten darauf hin, dass sein Besitzer den h\u00f6chsten Gesellschaftsschichten angeh\u00f6rte und sehr wohlhabend war. Das Kleid wird besonders f\u00fcr mehr allt\u00e4gliche Anl\u00e4sse geeignet gewesen sein. Zu den wichtigsten Anl\u00e4ssen bei Hofe, wie Kr\u00f6nungen und Hochzeiten, wurden Gew\u00e4nder getragen, bei denen reichlicher Silberf\u00e4den und Gold- oder Silberstoff verwendet wurden.<\/p>\n<h2>Zu sehen<\/h2>\n<p>De Jurk (das Kleid) und die anderen einzigartigen Fundst\u00fccke aus dem Palmholzwrack sind in einer neuen, spektakul\u00e4ren Ausstellung zu sehen. F\u00fcr De Jurk ist eine spezielle sauerstofffreie Vitrine angefertigt, in der dieses Prunkst\u00fcck von allen Seiten bewundert werden kann und gut erhalten bleibt.<\/p>\n<p><em>NB: Die Sammlung wird immer noch erforscht. Dieser Artikel kann dadurch veraltete Informationen oder \u00fcberholte Erkenntnisse enthalten.<\/em><\/p>\n","protected":false},"excerpt":{"rendered":"<p>Eines der Topst\u00fccke in der Sammlung von Museum Kaap Skil ist das Kleid von k\u00f6niglichem Format aus dem siebzehnten Jahrhundert, aufgetaucht aus dem Wattenmeer. <\/p>\n","protected":false},"author":1,"featured_media":12014,"parent":659,"menu_order":0,"comment_status":"closed","ping_status":"closed","template":"page-templates\/museum-highlight.php","meta":{"_acf_changed":false,"footnotes":""},"categories":[30],"tags":[66,35,44,65,33],"class_list":["post-1477","page","type-page","status-publish","has-post-thumbnail","hentry","category-museum-highlight-de","tag-funde-aus-der-meer","tag-goldene-zeiten-auf-der-reede","tag-palmholzwrack","tag-tauchen","tag-texel-neu-entdeckt"],"acf":[],"yoast_head":"<!-- This site is optimized with the Yoast SEO plugin v27.3 - https:\/\/yoast.com\/product\/yoast-seo-wordpress\/ -->\n<title>Das Kleid<\/title>\n<meta name=\"description\" content=\"Ein komplettes Seidenkleid aus dem siebzehnten Jahrhundert, aufgetaucht aus dem Wattenmeer, ist eines der Topst\u00fccke bei Museum Kaap Skil.\" \/>\n<meta name=\"robots\" content=\"index, follow, max-snippet:-1, max-image-preview:large, max-video-preview:-1\" \/>\n<link rel=\"canonical\" href=\"https:\/\/kaapskil.nl\/de\/entdecken\/prunkstucke\/das-kleid\/\" \/>\n<meta property=\"og:locale\" content=\"de_DE\" \/>\n<meta property=\"og:type\" content=\"article\" \/>\n<meta property=\"og:title\" content=\"Das Kleid\" \/>\n<meta property=\"og:description\" content=\"Ein komplettes Seidenkleid aus dem siebzehnten Jahrhundert, aufgetaucht aus dem Wattenmeer, ist eines der Topst\u00fccke bei Museum Kaap Skil.\" \/>\n<meta property=\"og:url\" content=\"https:\/\/kaapskil.nl\/de\/entdecken\/prunkstucke\/das-kleid\/\" \/>\n<meta property=\"og:site_name\" content=\"Museum Kaap Skil\" \/>\n<meta property=\"article:modified_time\" content=\"2023-08-14T07:31:10+00:00\" \/>\n<meta property=\"og:image\" content=\"https:\/\/kaapskil.nl\/wp-content\/uploads\/2023\/04\/Objecten-De-Jurk-donkere-achtergond-c-Provincie-Noord-Holland-Kees-Zwaan-e1681743651186.jpg\" \/>\n\t<meta property=\"og:image:width\" content=\"1000\" \/>\n\t<meta property=\"og:image:height\" content=\"625\" \/>\n\t<meta property=\"og:image:type\" content=\"image\/jpeg\" \/>\n<meta name=\"twitter:card\" content=\"summary_large_image\" \/>\n<meta name=\"twitter:label1\" content=\"Est. reading time\" \/>\n\t<meta name=\"twitter:data1\" content=\"3 minutes\" \/>\n<script type=\"application\/ld+json\" class=\"yoast-schema-graph\">{\"@context\":\"https:\\\/\\\/schema.org\",\"@graph\":[{\"@type\":\"WebPage\",\"@id\":\"https:\\\/\\\/kaapskil.nl\\\/de\\\/entdecken\\\/prunkstucke\\\/das-kleid\\\/\",\"url\":\"https:\\\/\\\/kaapskil.nl\\\/de\\\/entdecken\\\/prunkstucke\\\/das-kleid\\\/\",\"name\":\"Das Kleid\",\"isPartOf\":{\"@id\":\"https:\\\/\\\/kaapskil.nl\\\/#website\"},\"primaryImageOfPage\":{\"@id\":\"https:\\\/\\\/kaapskil.nl\\\/de\\\/entdecken\\\/prunkstucke\\\/das-kleid\\\/#primaryimage\"},\"image\":{\"@id\":\"https:\\\/\\\/kaapskil.nl\\\/de\\\/entdecken\\\/prunkstucke\\\/das-kleid\\\/#primaryimage\"},\"thumbnailUrl\":\"https:\\\/\\\/kaapskil.nl\\\/wp-content\\\/uploads\\\/2023\\\/04\\\/Objecten-De-Jurk-donkere-achtergond-c-Provincie-Noord-Holland-Kees-Zwaan-e1681743651186.jpg\",\"datePublished\":\"2022-11-11T13:00:32+00:00\",\"dateModified\":\"2023-08-14T07:31:10+00:00\",\"description\":\"Ein komplettes Seidenkleid aus dem siebzehnten Jahrhundert, aufgetaucht aus dem Wattenmeer, ist eines der Topst\u00fccke bei Museum Kaap Skil.\",\"breadcrumb\":{\"@id\":\"https:\\\/\\\/kaapskil.nl\\\/de\\\/entdecken\\\/prunkstucke\\\/das-kleid\\\/#breadcrumb\"},\"inLanguage\":\"de-DE\",\"potentialAction\":[{\"@type\":\"ReadAction\",\"target\":[\"https:\\\/\\\/kaapskil.nl\\\/de\\\/entdecken\\\/prunkstucke\\\/das-kleid\\\/\"]}]},{\"@type\":\"ImageObject\",\"inLanguage\":\"de-DE\",\"@id\":\"https:\\\/\\\/kaapskil.nl\\\/de\\\/entdecken\\\/prunkstucke\\\/das-kleid\\\/#primaryimage\",\"url\":\"https:\\\/\\\/kaapskil.nl\\\/wp-content\\\/uploads\\\/2023\\\/04\\\/Objecten-De-Jurk-donkere-achtergond-c-Provincie-Noord-Holland-Kees-Zwaan-e1681743651186.jpg\",\"contentUrl\":\"https:\\\/\\\/kaapskil.nl\\\/wp-content\\\/uploads\\\/2023\\\/04\\\/Objecten-De-Jurk-donkere-achtergond-c-Provincie-Noord-Holland-Kees-Zwaan-e1681743651186.jpg\",\"width\":1000,\"height\":625,\"caption\":\"De jurk uit het Palmhoutwrak\"},{\"@type\":\"BreadcrumbList\",\"@id\":\"https:\\\/\\\/kaapskil.nl\\\/de\\\/entdecken\\\/prunkstucke\\\/das-kleid\\\/#breadcrumb\",\"itemListElement\":[{\"@type\":\"ListItem\",\"position\":1,\"name\":\"Home\",\"item\":\"https:\\\/\\\/kaapskil.nl\\\/de\\\/\"},{\"@type\":\"ListItem\",\"position\":2,\"name\":\"Entdecken\",\"item\":\"https:\\\/\\\/kaapskil.nl\\\/de\\\/entdecken\\\/\"},{\"@type\":\"ListItem\",\"position\":3,\"name\":\"Prunkst\u00fccke\",\"item\":\"https:\\\/\\\/kaapskil.nl\\\/de\\\/entdecken\\\/prunkstucke\\\/\"},{\"@type\":\"ListItem\",\"position\":4,\"name\":\"Das Kleid aus dem Palmholzwrack\"}]},{\"@type\":\"WebSite\",\"@id\":\"https:\\\/\\\/kaapskil.nl\\\/#website\",\"url\":\"https:\\\/\\\/kaapskil.nl\\\/\",\"name\":\"Museum Kaap Skil\",\"description\":\"Stichting Texels Museum\",\"potentialAction\":[{\"@type\":\"SearchAction\",\"target\":{\"@type\":\"EntryPoint\",\"urlTemplate\":\"https:\\\/\\\/kaapskil.nl\\\/?s={search_term_string}\"},\"query-input\":{\"@type\":\"PropertyValueSpecification\",\"valueRequired\":true,\"valueName\":\"search_term_string\"}}],\"inLanguage\":\"de-DE\"}]}<\/script>\n<!-- \/ Yoast SEO plugin. -->","yoast_head_json":{"title":"Das Kleid","description":"Ein komplettes Seidenkleid aus dem siebzehnten Jahrhundert, aufgetaucht aus dem Wattenmeer, ist eines der Topst\u00fccke bei Museum Kaap Skil.","robots":{"index":"index","follow":"follow","max-snippet":"max-snippet:-1","max-image-preview":"max-image-preview:large","max-video-preview":"max-video-preview:-1"},"canonical":"https:\/\/kaapskil.nl\/de\/entdecken\/prunkstucke\/das-kleid\/","og_locale":"de_DE","og_type":"article","og_title":"Das Kleid","og_description":"Ein komplettes Seidenkleid aus dem siebzehnten Jahrhundert, aufgetaucht aus dem Wattenmeer, ist eines der Topst\u00fccke bei Museum Kaap Skil.","og_url":"https:\/\/kaapskil.nl\/de\/entdecken\/prunkstucke\/das-kleid\/","og_site_name":"Museum Kaap Skil","article_modified_time":"2023-08-14T07:31:10+00:00","og_image":[{"width":1000,"height":625,"url":"https:\/\/kaapskil.nl\/wp-content\/uploads\/2023\/04\/Objecten-De-Jurk-donkere-achtergond-c-Provincie-Noord-Holland-Kees-Zwaan-e1681743651186.jpg","type":"image\/jpeg"}],"twitter_card":"summary_large_image","twitter_misc":{"Est. reading time":"3 minutes"},"schema":{"@context":"https:\/\/schema.org","@graph":[{"@type":"WebPage","@id":"https:\/\/kaapskil.nl\/de\/entdecken\/prunkstucke\/das-kleid\/","url":"https:\/\/kaapskil.nl\/de\/entdecken\/prunkstucke\/das-kleid\/","name":"Das Kleid","isPartOf":{"@id":"https:\/\/kaapskil.nl\/#website"},"primaryImageOfPage":{"@id":"https:\/\/kaapskil.nl\/de\/entdecken\/prunkstucke\/das-kleid\/#primaryimage"},"image":{"@id":"https:\/\/kaapskil.nl\/de\/entdecken\/prunkstucke\/das-kleid\/#primaryimage"},"thumbnailUrl":"https:\/\/kaapskil.nl\/wp-content\/uploads\/2023\/04\/Objecten-De-Jurk-donkere-achtergond-c-Provincie-Noord-Holland-Kees-Zwaan-e1681743651186.jpg","datePublished":"2022-11-11T13:00:32+00:00","dateModified":"2023-08-14T07:31:10+00:00","description":"Ein komplettes Seidenkleid aus dem siebzehnten Jahrhundert, aufgetaucht aus dem Wattenmeer, ist eines der Topst\u00fccke bei Museum Kaap Skil.","breadcrumb":{"@id":"https:\/\/kaapskil.nl\/de\/entdecken\/prunkstucke\/das-kleid\/#breadcrumb"},"inLanguage":"de-DE","potentialAction":[{"@type":"ReadAction","target":["https:\/\/kaapskil.nl\/de\/entdecken\/prunkstucke\/das-kleid\/"]}]},{"@type":"ImageObject","inLanguage":"de-DE","@id":"https:\/\/kaapskil.nl\/de\/entdecken\/prunkstucke\/das-kleid\/#primaryimage","url":"https:\/\/kaapskil.nl\/wp-content\/uploads\/2023\/04\/Objecten-De-Jurk-donkere-achtergond-c-Provincie-Noord-Holland-Kees-Zwaan-e1681743651186.jpg","contentUrl":"https:\/\/kaapskil.nl\/wp-content\/uploads\/2023\/04\/Objecten-De-Jurk-donkere-achtergond-c-Provincie-Noord-Holland-Kees-Zwaan-e1681743651186.jpg","width":1000,"height":625,"caption":"De jurk uit het Palmhoutwrak"},{"@type":"BreadcrumbList","@id":"https:\/\/kaapskil.nl\/de\/entdecken\/prunkstucke\/das-kleid\/#breadcrumb","itemListElement":[{"@type":"ListItem","position":1,"name":"Home","item":"https:\/\/kaapskil.nl\/de\/"},{"@type":"ListItem","position":2,"name":"Entdecken","item":"https:\/\/kaapskil.nl\/de\/entdecken\/"},{"@type":"ListItem","position":3,"name":"Prunkst\u00fccke","item":"https:\/\/kaapskil.nl\/de\/entdecken\/prunkstucke\/"},{"@type":"ListItem","position":4,"name":"Das Kleid aus dem Palmholzwrack"}]},{"@type":"WebSite","@id":"https:\/\/kaapskil.nl\/#website","url":"https:\/\/kaapskil.nl\/","name":"Museum Kaap Skil","description":"Stichting Texels Museum","potentialAction":[{"@type":"SearchAction","target":{"@type":"EntryPoint","urlTemplate":"https:\/\/kaapskil.nl\/?s={search_term_string}"},"query-input":{"@type":"PropertyValueSpecification","valueRequired":true,"valueName":"search_term_string"}}],"inLanguage":"de-DE"}]}},"_links":{"self":[{"href":"https:\/\/kaapskil.nl\/de\/wp-json\/wp\/v2\/pages\/1477","targetHints":{"allow":["GET"]}}],"collection":[{"href":"https:\/\/kaapskil.nl\/de\/wp-json\/wp\/v2\/pages"}],"about":[{"href":"https:\/\/kaapskil.nl\/de\/wp-json\/wp\/v2\/types\/page"}],"author":[{"embeddable":true,"href":"https:\/\/kaapskil.nl\/de\/wp-json\/wp\/v2\/users\/1"}],"replies":[{"embeddable":true,"href":"https:\/\/kaapskil.nl\/de\/wp-json\/wp\/v2\/comments?post=1477"}],"version-history":[{"count":0,"href":"https:\/\/kaapskil.nl\/de\/wp-json\/wp\/v2\/pages\/1477\/revisions"}],"up":[{"embeddable":true,"href":"https:\/\/kaapskil.nl\/de\/wp-json\/wp\/v2\/pages\/659"}],"wp:featuredmedia":[{"embeddable":true,"href":"https:\/\/kaapskil.nl\/de\/wp-json\/wp\/v2\/media\/12014"}],"wp:attachment":[{"href":"https:\/\/kaapskil.nl\/de\/wp-json\/wp\/v2\/media?parent=1477"}],"wp:term":[{"taxonomy":"category","embeddable":true,"href":"https:\/\/kaapskil.nl\/de\/wp-json\/wp\/v2\/categories?post=1477"},{"taxonomy":"post_tag","embeddable":true,"href":"https:\/\/kaapskil.nl\/de\/wp-json\/wp\/v2\/tags?post=1477"}],"curies":[{"name":"wp","href":"https:\/\/api.w.org\/{rel}","templated":true}]}}