{"id":1480,"date":"2022-11-11T13:00:37","date_gmt":"2022-11-11T12:00:37","guid":{"rendered":"http:\/\/kaapskilnl.web1.prod.raadhuis.com\/entdecken\/prunkstucke\/oosterse-kaftan\/"},"modified":"2022-11-14T11:19:38","modified_gmt":"2022-11-14T10:19:38","slug":"oestliches-gewand","status":"publish","type":"page","link":"https:\/\/kaapskil.nl\/de\/entdecken\/prunkstucke\/oestliches-gewand\/","title":{"rendered":"Gewand aus dem Palmholzwrack"},"content":{"rendered":"<div id=\"attachment_1245\" style=\"width: 650px\" class=\"wp-caption alignright\"><img loading=\"lazy\" decoding=\"async\" aria-describedby=\"caption-attachment-1245\" class=\"size-full wp-image-1247\" src=\"https:\/\/kaapskil.nl\/wp-content\/uploads\/2017\/05\/kaftan-knopen.jpg\" alt=\"Kaftan uit Palmhoutwrak\" width=\"640\" height=\"477\" srcset=\"https:\/\/kaapskil.nl\/wp-content\/uploads\/2017\/05\/kaftan-knopen.jpg 640w, https:\/\/kaapskil.nl\/wp-content\/uploads\/2017\/05\/kaftan-knopen-300x224.jpg 300w\" sizes=\"auto, (max-width: 640px) 100vw, 640px\" \/><p id=\"caption-attachment-1245\" class=\"wp-caption-text\"><span lang=\"DE\" style=\"margin: 0px; font-family: 'Calibri','sans-serif'; font-size: 12pt;\"><span style=\"color: #000000;\">Der Verschluss des Kaftan<\/span><\/span><\/p><\/div>\n<p><strong>Ein \u00f6stliches Gewand, aufgetaucht aus dem Schiffswrack aus dem siebzehnten Jahrhundert, das auf dem Boden des Wattenmeeres liegt. Bei diesem sogenannten <a href=\"https:\/\/kaapskil.nl\/de\/das-palmholzwrack\/\" target=\"_blank\" rel=\"noopener\">Palmholzwrack<\/a> wurden Hunderte von einzigartigen Objekten gefunden, darunter eine sehr besondere Sammlung von Textilien. Die meisten der gefundenen Kleidungsst\u00fccke sind westlich, aber es befinden sich auch einige darunter, die sehr orientalisch anmuten. Ein Beispiel davon ist dieses Gewand aus Samt, das m\u00f6glicherweise ein Kaftan war. Aufgrund des Formates denken Forscher, dass es einer Frau oder einem Kind geh\u00f6rt hat.<\/strong><\/p>\n<h2>M\u00f6glicherweise Osmanisch<\/h2>\n<p>Das Gewand besteht aus zwei Teilen: einer Jacke und einem kurzen Rock. Da die gerissenen Kanten \u00fcbereinstimmen, wird davon ausgegangen, dass die St\u00fccke miteinander verbunden waren. Bei dem orientalisch anmutenden Kleidungsst\u00fcck handelt es sich m\u00f6glicherweise um einen Kaftan aus dem Osmanischen Reich, obwohl er sich in einigen Punkten von bekannten osmanischen Kaftanen aus dem 17. Jahrhundert unterscheidet. Das Gewand weist auch \u00c4hnlichkeiten mit einigen in Osteuropa erhaltenen Gew\u00e4ndern auf. Der Stil der gro\u00dfen Silberkn\u00f6pfe scheint persisch zu sein, und zwei Kn\u00f6pfe scheinen zu fehlen.<\/p>\n<h2>Kostbar<\/h2>\n<p>Obwohl die Herkunft nicht ganz sicher ist, steht fest, dass das kaftan\u00e4hnliche Kleidungsst\u00fcck sehr kostbar war. Die leuchtend rote Farbe stammt von der amerikanischen Cochinelle, einem der exklusivsten Farbstoffe des siebzehnten Jahrhunderts. Die Fasern des Kleidungsst\u00fccks sind sehr empfindlich.<\/p>\n<h2>Zu sehen<\/h2>\n<p>Das Gewand und vielen anderen einzigartigen Fundst\u00fccke aus dem Palmholzwrack sind in der neuen, spektakul\u00e4ren Ausstellung Palmholzwrack zu sehen.<\/p>\n<p><em>NB: Die Sammlung wird immer noch erforscht. Dieser Artikel kann dadurch veraltete Informationen oder \u00fcberholte Erkenntnisse enthalten.<\/em><\/p>\n","protected":false},"excerpt":{"rendered":"<p>Ein \u00f6stlicher Gewand, aufgetaucht aus dem Palmholzwrack aus dem siebzehnten Jahrhundert.<\/p>\n","protected":false},"author":1,"featured_media":1161,"parent":659,"menu_order":80,"comment_status":"closed","ping_status":"closed","template":"page-templates\/museum-highlight.php","meta":{"_acf_changed":false,"footnotes":""},"categories":[30],"tags":[66,35,44,65,33],"class_list":["post-1480","page","type-page","status-publish","has-post-thumbnail","hentry","category-museum-highlight-de","tag-funde-aus-der-meer","tag-goldene-zeiten-auf-der-reede","tag-palmholzwrack","tag-tauchen","tag-texel-neu-entdeckt"],"acf":[],"yoast_head":"<!-- This site is optimized with the Yoast SEO plugin v27.3 - https:\/\/yoast.com\/product\/yoast-seo-wordpress\/ -->\n<title>Ein \u00f6stlicher Kaftan<\/title>\n<meta name=\"description\" content=\"Ein \u00f6stlicher Gewand aus dem siebzehnten Jahrhundert, aufgetaucht aus dem Wattenmeer.\" \/>\n<meta name=\"robots\" content=\"index, follow, max-snippet:-1, max-image-preview:large, max-video-preview:-1\" \/>\n<link rel=\"canonical\" href=\"https:\/\/kaapskil.nl\/de\/entdecken\/prunkstucke\/oestliches-gewand\/\" \/>\n<meta property=\"og:locale\" content=\"de_DE\" \/>\n<meta property=\"og:type\" content=\"article\" \/>\n<meta property=\"og:title\" content=\"Ein \u00f6stlicher Kaftan\" \/>\n<meta property=\"og:description\" content=\"Ein \u00f6stlicher Gewand aus dem siebzehnten Jahrhundert, aufgetaucht aus dem Wattenmeer.\" \/>\n<meta property=\"og:url\" content=\"https:\/\/kaapskil.nl\/de\/entdecken\/prunkstucke\/oestliches-gewand\/\" \/>\n<meta property=\"og:site_name\" content=\"Museum Kaap Skil\" \/>\n<meta property=\"article:modified_time\" content=\"2022-11-14T10:19:38+00:00\" \/>\n<meta property=\"og:image\" content=\"https:\/\/kaapskil.nl\/wp-content\/uploads\/2018\/03\/Kaftan-knopen-ws-ks.jpg\" \/>\n\t<meta property=\"og:image:width\" content=\"640\" \/>\n\t<meta property=\"og:image:height\" content=\"400\" \/>\n\t<meta property=\"og:image:type\" content=\"image\/jpeg\" \/>\n<meta name=\"twitter:card\" content=\"summary_large_image\" \/>\n<meta name=\"twitter:label1\" content=\"Est. reading time\" \/>\n\t<meta name=\"twitter:data1\" content=\"2 minutes\" \/>\n<script type=\"application\/ld+json\" class=\"yoast-schema-graph\">{\"@context\":\"https:\\\/\\\/schema.org\",\"@graph\":[{\"@type\":\"WebPage\",\"@id\":\"https:\\\/\\\/kaapskil.nl\\\/de\\\/entdecken\\\/prunkstucke\\\/oestliches-gewand\\\/\",\"url\":\"https:\\\/\\\/kaapskil.nl\\\/de\\\/entdecken\\\/prunkstucke\\\/oestliches-gewand\\\/\",\"name\":\"Ein \u00f6stlicher Kaftan\",\"isPartOf\":{\"@id\":\"https:\\\/\\\/kaapskil.nl\\\/#website\"},\"primaryImageOfPage\":{\"@id\":\"https:\\\/\\\/kaapskil.nl\\\/de\\\/entdecken\\\/prunkstucke\\\/oestliches-gewand\\\/#primaryimage\"},\"image\":{\"@id\":\"https:\\\/\\\/kaapskil.nl\\\/de\\\/entdecken\\\/prunkstucke\\\/oestliches-gewand\\\/#primaryimage\"},\"thumbnailUrl\":\"https:\\\/\\\/kaapskil.nl\\\/wp-content\\\/uploads\\\/2018\\\/03\\\/Kaftan-knopen-ws-ks.jpg\",\"datePublished\":\"2022-11-11T12:00:37+00:00\",\"dateModified\":\"2022-11-14T10:19:38+00:00\",\"description\":\"Ein \u00f6stlicher Gewand aus dem siebzehnten Jahrhundert, aufgetaucht aus dem Wattenmeer.\",\"breadcrumb\":{\"@id\":\"https:\\\/\\\/kaapskil.nl\\\/de\\\/entdecken\\\/prunkstucke\\\/oestliches-gewand\\\/#breadcrumb\"},\"inLanguage\":\"de-DE\",\"potentialAction\":[{\"@type\":\"ReadAction\",\"target\":[\"https:\\\/\\\/kaapskil.nl\\\/de\\\/entdecken\\\/prunkstucke\\\/oestliches-gewand\\\/\"]}]},{\"@type\":\"ImageObject\",\"inLanguage\":\"de-DE\",\"@id\":\"https:\\\/\\\/kaapskil.nl\\\/de\\\/entdecken\\\/prunkstucke\\\/oestliches-gewand\\\/#primaryimage\",\"url\":\"https:\\\/\\\/kaapskil.nl\\\/wp-content\\\/uploads\\\/2018\\\/03\\\/Kaftan-knopen-ws-ks.jpg\",\"contentUrl\":\"https:\\\/\\\/kaapskil.nl\\\/wp-content\\\/uploads\\\/2018\\\/03\\\/Kaftan-knopen-ws-ks.jpg\",\"width\":640,\"height\":400,\"caption\":\"Knopen op zeventiende eeuwse kaftan\"},{\"@type\":\"BreadcrumbList\",\"@id\":\"https:\\\/\\\/kaapskil.nl\\\/de\\\/entdecken\\\/prunkstucke\\\/oestliches-gewand\\\/#breadcrumb\",\"itemListElement\":[{\"@type\":\"ListItem\",\"position\":1,\"name\":\"Home\",\"item\":\"https:\\\/\\\/kaapskil.nl\\\/de\\\/\"},{\"@type\":\"ListItem\",\"position\":2,\"name\":\"Entdecken\",\"item\":\"https:\\\/\\\/kaapskil.nl\\\/de\\\/entdecken\\\/\"},{\"@type\":\"ListItem\",\"position\":3,\"name\":\"Prunkst\u00fccke\",\"item\":\"https:\\\/\\\/kaapskil.nl\\\/de\\\/entdecken\\\/prunkstucke\\\/\"},{\"@type\":\"ListItem\",\"position\":4,\"name\":\"Gewand aus dem Palmholzwrack\"}]},{\"@type\":\"WebSite\",\"@id\":\"https:\\\/\\\/kaapskil.nl\\\/#website\",\"url\":\"https:\\\/\\\/kaapskil.nl\\\/\",\"name\":\"Museum Kaap Skil\",\"description\":\"Stichting Texels Museum\",\"potentialAction\":[{\"@type\":\"SearchAction\",\"target\":{\"@type\":\"EntryPoint\",\"urlTemplate\":\"https:\\\/\\\/kaapskil.nl\\\/?s={search_term_string}\"},\"query-input\":{\"@type\":\"PropertyValueSpecification\",\"valueRequired\":true,\"valueName\":\"search_term_string\"}}],\"inLanguage\":\"de-DE\"}]}<\/script>\n<!-- \/ Yoast SEO plugin. -->","yoast_head_json":{"title":"Ein \u00f6stlicher Kaftan","description":"Ein \u00f6stlicher Gewand aus dem siebzehnten Jahrhundert, aufgetaucht aus dem Wattenmeer.","robots":{"index":"index","follow":"follow","max-snippet":"max-snippet:-1","max-image-preview":"max-image-preview:large","max-video-preview":"max-video-preview:-1"},"canonical":"https:\/\/kaapskil.nl\/de\/entdecken\/prunkstucke\/oestliches-gewand\/","og_locale":"de_DE","og_type":"article","og_title":"Ein \u00f6stlicher Kaftan","og_description":"Ein \u00f6stlicher Gewand aus dem siebzehnten Jahrhundert, aufgetaucht aus dem Wattenmeer.","og_url":"https:\/\/kaapskil.nl\/de\/entdecken\/prunkstucke\/oestliches-gewand\/","og_site_name":"Museum Kaap Skil","article_modified_time":"2022-11-14T10:19:38+00:00","og_image":[{"width":640,"height":400,"url":"https:\/\/kaapskil.nl\/wp-content\/uploads\/2018\/03\/Kaftan-knopen-ws-ks.jpg","type":"image\/jpeg"}],"twitter_card":"summary_large_image","twitter_misc":{"Est. reading time":"2 minutes"},"schema":{"@context":"https:\/\/schema.org","@graph":[{"@type":"WebPage","@id":"https:\/\/kaapskil.nl\/de\/entdecken\/prunkstucke\/oestliches-gewand\/","url":"https:\/\/kaapskil.nl\/de\/entdecken\/prunkstucke\/oestliches-gewand\/","name":"Ein \u00f6stlicher Kaftan","isPartOf":{"@id":"https:\/\/kaapskil.nl\/#website"},"primaryImageOfPage":{"@id":"https:\/\/kaapskil.nl\/de\/entdecken\/prunkstucke\/oestliches-gewand\/#primaryimage"},"image":{"@id":"https:\/\/kaapskil.nl\/de\/entdecken\/prunkstucke\/oestliches-gewand\/#primaryimage"},"thumbnailUrl":"https:\/\/kaapskil.nl\/wp-content\/uploads\/2018\/03\/Kaftan-knopen-ws-ks.jpg","datePublished":"2022-11-11T12:00:37+00:00","dateModified":"2022-11-14T10:19:38+00:00","description":"Ein \u00f6stlicher Gewand aus dem siebzehnten Jahrhundert, aufgetaucht aus dem Wattenmeer.","breadcrumb":{"@id":"https:\/\/kaapskil.nl\/de\/entdecken\/prunkstucke\/oestliches-gewand\/#breadcrumb"},"inLanguage":"de-DE","potentialAction":[{"@type":"ReadAction","target":["https:\/\/kaapskil.nl\/de\/entdecken\/prunkstucke\/oestliches-gewand\/"]}]},{"@type":"ImageObject","inLanguage":"de-DE","@id":"https:\/\/kaapskil.nl\/de\/entdecken\/prunkstucke\/oestliches-gewand\/#primaryimage","url":"https:\/\/kaapskil.nl\/wp-content\/uploads\/2018\/03\/Kaftan-knopen-ws-ks.jpg","contentUrl":"https:\/\/kaapskil.nl\/wp-content\/uploads\/2018\/03\/Kaftan-knopen-ws-ks.jpg","width":640,"height":400,"caption":"Knopen op zeventiende eeuwse kaftan"},{"@type":"BreadcrumbList","@id":"https:\/\/kaapskil.nl\/de\/entdecken\/prunkstucke\/oestliches-gewand\/#breadcrumb","itemListElement":[{"@type":"ListItem","position":1,"name":"Home","item":"https:\/\/kaapskil.nl\/de\/"},{"@type":"ListItem","position":2,"name":"Entdecken","item":"https:\/\/kaapskil.nl\/de\/entdecken\/"},{"@type":"ListItem","position":3,"name":"Prunkst\u00fccke","item":"https:\/\/kaapskil.nl\/de\/entdecken\/prunkstucke\/"},{"@type":"ListItem","position":4,"name":"Gewand aus dem Palmholzwrack"}]},{"@type":"WebSite","@id":"https:\/\/kaapskil.nl\/#website","url":"https:\/\/kaapskil.nl\/","name":"Museum Kaap Skil","description":"Stichting Texels Museum","potentialAction":[{"@type":"SearchAction","target":{"@type":"EntryPoint","urlTemplate":"https:\/\/kaapskil.nl\/?s={search_term_string}"},"query-input":{"@type":"PropertyValueSpecification","valueRequired":true,"valueName":"search_term_string"}}],"inLanguage":"de-DE"}]}},"_links":{"self":[{"href":"https:\/\/kaapskil.nl\/de\/wp-json\/wp\/v2\/pages\/1480","targetHints":{"allow":["GET"]}}],"collection":[{"href":"https:\/\/kaapskil.nl\/de\/wp-json\/wp\/v2\/pages"}],"about":[{"href":"https:\/\/kaapskil.nl\/de\/wp-json\/wp\/v2\/types\/page"}],"author":[{"embeddable":true,"href":"https:\/\/kaapskil.nl\/de\/wp-json\/wp\/v2\/users\/1"}],"replies":[{"embeddable":true,"href":"https:\/\/kaapskil.nl\/de\/wp-json\/wp\/v2\/comments?post=1480"}],"version-history":[{"count":0,"href":"https:\/\/kaapskil.nl\/de\/wp-json\/wp\/v2\/pages\/1480\/revisions"}],"up":[{"embeddable":true,"href":"https:\/\/kaapskil.nl\/de\/wp-json\/wp\/v2\/pages\/659"}],"wp:featuredmedia":[{"embeddable":true,"href":"https:\/\/kaapskil.nl\/de\/wp-json\/wp\/v2\/media\/1161"}],"wp:attachment":[{"href":"https:\/\/kaapskil.nl\/de\/wp-json\/wp\/v2\/media?parent=1480"}],"wp:term":[{"taxonomy":"category","embeddable":true,"href":"https:\/\/kaapskil.nl\/de\/wp-json\/wp\/v2\/categories?post=1480"},{"taxonomy":"post_tag","embeddable":true,"href":"https:\/\/kaapskil.nl\/de\/wp-json\/wp\/v2\/tags?post=1480"}],"curies":[{"name":"wp","href":"https:\/\/api.w.org\/{rel}","templated":true}]}}