{"id":1483,"date":"2022-11-11T13:00:47","date_gmt":"2022-11-11T12:00:47","guid":{"rendered":"http:\/\/kaapskilnl.web1.prod.raadhuis.com\/entdecken\/prunkstucke\/lahore-tapijt\/"},"modified":"2023-03-29T10:24:22","modified_gmt":"2023-03-29T08:24:22","slug":"persicher-teppich","status":"publish","type":"page","link":"https:\/\/kaapskil.nl\/de\/persicher-teppich\/","title":{"rendered":"Persicher Teppich aus dem Palmholzwrack"},"content":{"rendered":"<div id=\"attachment_1548\" style=\"width: 650px\" class=\"wp-caption alignright\"><img loading=\"lazy\" decoding=\"async\" aria-describedby=\"caption-attachment-1548\" class=\"size-full wp-image-1550\" src=\"https:\/\/kaapskil.nl\/wp-content\/uploads\/2018\/03\/Het-Lahore-tapijt-detail-3.jpg\" alt=\"\" width=\"640\" height=\"855\" srcset=\"https:\/\/kaapskil.nl\/wp-content\/uploads\/2018\/03\/Het-Lahore-tapijt-detail-3.jpg 640w, https:\/\/kaapskil.nl\/wp-content\/uploads\/2018\/03\/Het-Lahore-tapijt-detail-3-225x300.jpg 225w\" sizes=\"auto, (max-width: 640px) 100vw, 640px\" \/><p id=\"caption-attachment-1548\" class=\"wp-caption-text\"><span lang=\"DE\" style=\"margin: 0px; font-family: 'Calibri','sans-serif'; font-size: 12pt;\"><span style=\"color: #000000;\">Puzzle mit 350 Jahre alten Teppichst\u00fccken<\/span><\/span><\/p><\/div>\n<p><strong>Dreizehn Fragmente von einem \u00f6stlichen Teppich, aufgetaucht aus einem Schiffswrack aus dem siebzehnten Jahrhundert, das auf dem Boden des Wattenmeeres liegt. Bei diesem sogenannten <a href=\"https:\/\/kaapskil.nl\/de\/das-palmholzwrack\/\" target=\"_blank\" rel=\"noopener\">Palmholzwrack<\/a> wurden Hunderte von besonderen und einzigartigen Objekten gefunden, darunter dieser exklusive Teppich. <\/strong><\/p>\n<h2>Kn\u00fcpftechnik<\/h2>\n<p>Von dem einst so sch\u00f6nen Teppich sind nur noch dreizehn Fragmente erhalten. Dennoch ist der asymmetrische Knoten des Gewebes, der auch als persischer Knoten bekannt ist, noch deutlich zu erkennen. Diese Kn\u00fcpfmethode ist charakteristisch f\u00fcr Teppiche aus dem riesigen persischen Reich, das sich im siebzehnten Jahrhundert vom damaligen Armenien bis nach Afghanistan erstreckte.<\/p>\n<h2>Reich verziert<\/h2>\n<p>Der Teppich war wahrscheinlich etwa 250 cm lang und bis zu 180 cm breit. Wahrscheinlich war er mit einem gro\u00dfen, dunkelroten Feld bedeckt, verziert mit d\u00fcnnen und schwankenden Ranken, Blumen und Tieren &#8211; einschlie\u00dflich Jagdszenen. Rund um den \u00e4u\u00dferen Rand werden sich dekorative Kartuschen befunden haben. Der Teppich wurde wahrscheinlich im sp\u00e4ten sechzehnten oder fr\u00fchen siebzehnten Jahrhundert hergestellt. Teppiche mit solchen Verzierungen stammen haupts\u00e4chlich aus dem Norden und Osten des persischen Reiches, aus dem heutigen Iran und Afghanistan.<\/p>\n<h2>Auf den Tisch<\/h2>\n<p>Teppiche mit exotischen Darstellungen waren im\u00a0siebzehnten Jahrhundert sehr beliebt. Auf Gem\u00e4lden ist zu sehen, dass so ein Teppich in der Regel auf den Tisch gelegt wurde.<\/p>\n<h2>Zu sehen<\/h2>\n<p>Der Teppich und die anderen einzigartigen Fundst\u00fccke aus dem Palmholzwrack sind in einer neuen, spektakul\u00e4ren Ausstellung zu sehen.<\/p>\n<p><em>NB: Die Sammlung wird immer noch erforscht. Dieser Artikel kann dadurch veraltete Informationen oder \u00fcberholte Erkenntnisse enthalten.<\/em><\/p>\n","protected":false},"excerpt":{"rendered":"<p>Ein \u00f6stlicher Teppich aus dem 17. Jh., aufgetaucht aus dem Wattenmeer, ist ein Topst\u00fcck bei Kaap Skil. Dreizehn Teile sind in den 400 Jahren auf dem Meeresboden erhalten geblieben. Tiere und Blumen sind darauf zu sehen. <\/p>\n","protected":false},"author":1,"featured_media":1547,"parent":0,"menu_order":90,"comment_status":"closed","ping_status":"closed","template":"page-templates\/museum-highlight.php","meta":{"_acf_changed":false,"footnotes":""},"categories":[30],"tags":[66,44],"class_list":["post-1483","page","type-page","status-publish","has-post-thumbnail","hentry","category-museum-highlight-de","tag-funde-aus-der-meer","tag-palmholzwrack"],"acf":[],"yoast_head":"<!-- This site is optimized with the Yoast SEO plugin v27.3 - https:\/\/yoast.com\/product\/yoast-seo-wordpress\/ -->\n<title>Lahore-Teppich<\/title>\n<meta name=\"description\" content=\"Ein \u00f6stlicher Teppich aus dem 17. Jh., aufgetaucht aus dem Wattenmeer, ist ein Topst\u00fcck bei Kaap Skil. Dreizehn Teile sind in den 400 Jahren auf dem Meeresboden erhalten geblieben. Tiere und Blumen sind darauf zu sehen.\" \/>\n<meta name=\"robots\" content=\"index, follow, max-snippet:-1, max-image-preview:large, max-video-preview:-1\" \/>\n<link rel=\"canonical\" href=\"https:\/\/kaapskil.nl\/de\/persicher-teppich\/\" \/>\n<meta property=\"og:locale\" content=\"de_DE\" \/>\n<meta property=\"og:type\" content=\"article\" \/>\n<meta property=\"og:title\" content=\"Lahore-Teppich\" \/>\n<meta property=\"og:description\" content=\"Ein \u00f6stlicher Teppich aus dem 17. Jh., aufgetaucht aus dem Wattenmeer, ist ein Topst\u00fcck bei Kaap Skil. Dreizehn Teile sind in den 400 Jahren auf dem Meeresboden erhalten geblieben. Tiere und Blumen sind darauf zu sehen.\" \/>\n<meta property=\"og:url\" content=\"https:\/\/kaapskil.nl\/de\/persicher-teppich\/\" \/>\n<meta property=\"og:site_name\" content=\"Museum Kaap Skil\" \/>\n<meta property=\"article:modified_time\" content=\"2023-03-29T08:24:22+00:00\" \/>\n<meta property=\"og:image\" content=\"https:\/\/kaapskil.nl\/wp-content\/uploads\/2018\/03\/Het-Lahore-tapijt-detail-2.jpg\" \/>\n\t<meta property=\"og:image:width\" content=\"640\" \/>\n\t<meta property=\"og:image:height\" content=\"477\" \/>\n\t<meta property=\"og:image:type\" content=\"image\/jpeg\" \/>\n<meta name=\"twitter:card\" content=\"summary_large_image\" \/>\n<meta name=\"twitter:label1\" content=\"Est. reading time\" \/>\n\t<meta name=\"twitter:data1\" content=\"2 minutes\" \/>\n<script type=\"application\/ld+json\" class=\"yoast-schema-graph\">{\"@context\":\"https:\\\/\\\/schema.org\",\"@graph\":[{\"@type\":\"WebPage\",\"@id\":\"https:\\\/\\\/kaapskil.nl\\\/de\\\/persicher-teppich\\\/\",\"url\":\"https:\\\/\\\/kaapskil.nl\\\/de\\\/persicher-teppich\\\/\",\"name\":\"Lahore-Teppich\",\"isPartOf\":{\"@id\":\"https:\\\/\\\/kaapskil.nl\\\/#website\"},\"primaryImageOfPage\":{\"@id\":\"https:\\\/\\\/kaapskil.nl\\\/de\\\/persicher-teppich\\\/#primaryimage\"},\"image\":{\"@id\":\"https:\\\/\\\/kaapskil.nl\\\/de\\\/persicher-teppich\\\/#primaryimage\"},\"thumbnailUrl\":\"https:\\\/\\\/kaapskil.nl\\\/wp-content\\\/uploads\\\/2018\\\/03\\\/Het-Lahore-tapijt-detail-2.jpg\",\"datePublished\":\"2022-11-11T12:00:47+00:00\",\"dateModified\":\"2023-03-29T08:24:22+00:00\",\"description\":\"Ein \u00f6stlicher Teppich aus dem 17. Jh., aufgetaucht aus dem Wattenmeer, ist ein Topst\u00fcck bei Kaap Skil. Dreizehn Teile sind in den 400 Jahren auf dem Meeresboden erhalten geblieben. Tiere und Blumen sind darauf zu sehen.\",\"breadcrumb\":{\"@id\":\"https:\\\/\\\/kaapskil.nl\\\/de\\\/persicher-teppich\\\/#breadcrumb\"},\"inLanguage\":\"de-DE\",\"potentialAction\":[{\"@type\":\"ReadAction\",\"target\":[\"https:\\\/\\\/kaapskil.nl\\\/de\\\/persicher-teppich\\\/\"]}]},{\"@type\":\"ImageObject\",\"inLanguage\":\"de-DE\",\"@id\":\"https:\\\/\\\/kaapskil.nl\\\/de\\\/persicher-teppich\\\/#primaryimage\",\"url\":\"https:\\\/\\\/kaapskil.nl\\\/wp-content\\\/uploads\\\/2018\\\/03\\\/Het-Lahore-tapijt-detail-2.jpg\",\"contentUrl\":\"https:\\\/\\\/kaapskil.nl\\\/wp-content\\\/uploads\\\/2018\\\/03\\\/Het-Lahore-tapijt-detail-2.jpg\",\"width\":640,\"height\":477},{\"@type\":\"BreadcrumbList\",\"@id\":\"https:\\\/\\\/kaapskil.nl\\\/de\\\/persicher-teppich\\\/#breadcrumb\",\"itemListElement\":[{\"@type\":\"ListItem\",\"position\":1,\"name\":\"Home\",\"item\":\"https:\\\/\\\/kaapskil.nl\\\/de\\\/\"},{\"@type\":\"ListItem\",\"position\":2,\"name\":\"Persicher Teppich aus dem Palmholzwrack\"}]},{\"@type\":\"WebSite\",\"@id\":\"https:\\\/\\\/kaapskil.nl\\\/#website\",\"url\":\"https:\\\/\\\/kaapskil.nl\\\/\",\"name\":\"Museum Kaap Skil\",\"description\":\"Stichting Texels Museum\",\"potentialAction\":[{\"@type\":\"SearchAction\",\"target\":{\"@type\":\"EntryPoint\",\"urlTemplate\":\"https:\\\/\\\/kaapskil.nl\\\/?s={search_term_string}\"},\"query-input\":{\"@type\":\"PropertyValueSpecification\",\"valueRequired\":true,\"valueName\":\"search_term_string\"}}],\"inLanguage\":\"de-DE\"}]}<\/script>\n<!-- \/ Yoast SEO plugin. -->","yoast_head_json":{"title":"Lahore-Teppich","description":"Ein \u00f6stlicher Teppich aus dem 17. Jh., aufgetaucht aus dem Wattenmeer, ist ein Topst\u00fcck bei Kaap Skil. Dreizehn Teile sind in den 400 Jahren auf dem Meeresboden erhalten geblieben. Tiere und Blumen sind darauf zu sehen.","robots":{"index":"index","follow":"follow","max-snippet":"max-snippet:-1","max-image-preview":"max-image-preview:large","max-video-preview":"max-video-preview:-1"},"canonical":"https:\/\/kaapskil.nl\/de\/persicher-teppich\/","og_locale":"de_DE","og_type":"article","og_title":"Lahore-Teppich","og_description":"Ein \u00f6stlicher Teppich aus dem 17. Jh., aufgetaucht aus dem Wattenmeer, ist ein Topst\u00fcck bei Kaap Skil. Dreizehn Teile sind in den 400 Jahren auf dem Meeresboden erhalten geblieben. Tiere und Blumen sind darauf zu sehen.","og_url":"https:\/\/kaapskil.nl\/de\/persicher-teppich\/","og_site_name":"Museum Kaap Skil","article_modified_time":"2023-03-29T08:24:22+00:00","og_image":[{"width":640,"height":477,"url":"https:\/\/kaapskil.nl\/wp-content\/uploads\/2018\/03\/Het-Lahore-tapijt-detail-2.jpg","type":"image\/jpeg"}],"twitter_card":"summary_large_image","twitter_misc":{"Est. reading time":"2 minutes"},"schema":{"@context":"https:\/\/schema.org","@graph":[{"@type":"WebPage","@id":"https:\/\/kaapskil.nl\/de\/persicher-teppich\/","url":"https:\/\/kaapskil.nl\/de\/persicher-teppich\/","name":"Lahore-Teppich","isPartOf":{"@id":"https:\/\/kaapskil.nl\/#website"},"primaryImageOfPage":{"@id":"https:\/\/kaapskil.nl\/de\/persicher-teppich\/#primaryimage"},"image":{"@id":"https:\/\/kaapskil.nl\/de\/persicher-teppich\/#primaryimage"},"thumbnailUrl":"https:\/\/kaapskil.nl\/wp-content\/uploads\/2018\/03\/Het-Lahore-tapijt-detail-2.jpg","datePublished":"2022-11-11T12:00:47+00:00","dateModified":"2023-03-29T08:24:22+00:00","description":"Ein \u00f6stlicher Teppich aus dem 17. Jh., aufgetaucht aus dem Wattenmeer, ist ein Topst\u00fcck bei Kaap Skil. Dreizehn Teile sind in den 400 Jahren auf dem Meeresboden erhalten geblieben. Tiere und Blumen sind darauf zu sehen.","breadcrumb":{"@id":"https:\/\/kaapskil.nl\/de\/persicher-teppich\/#breadcrumb"},"inLanguage":"de-DE","potentialAction":[{"@type":"ReadAction","target":["https:\/\/kaapskil.nl\/de\/persicher-teppich\/"]}]},{"@type":"ImageObject","inLanguage":"de-DE","@id":"https:\/\/kaapskil.nl\/de\/persicher-teppich\/#primaryimage","url":"https:\/\/kaapskil.nl\/wp-content\/uploads\/2018\/03\/Het-Lahore-tapijt-detail-2.jpg","contentUrl":"https:\/\/kaapskil.nl\/wp-content\/uploads\/2018\/03\/Het-Lahore-tapijt-detail-2.jpg","width":640,"height":477},{"@type":"BreadcrumbList","@id":"https:\/\/kaapskil.nl\/de\/persicher-teppich\/#breadcrumb","itemListElement":[{"@type":"ListItem","position":1,"name":"Home","item":"https:\/\/kaapskil.nl\/de\/"},{"@type":"ListItem","position":2,"name":"Persicher Teppich aus dem Palmholzwrack"}]},{"@type":"WebSite","@id":"https:\/\/kaapskil.nl\/#website","url":"https:\/\/kaapskil.nl\/","name":"Museum Kaap Skil","description":"Stichting Texels Museum","potentialAction":[{"@type":"SearchAction","target":{"@type":"EntryPoint","urlTemplate":"https:\/\/kaapskil.nl\/?s={search_term_string}"},"query-input":{"@type":"PropertyValueSpecification","valueRequired":true,"valueName":"search_term_string"}}],"inLanguage":"de-DE"}]}},"_links":{"self":[{"href":"https:\/\/kaapskil.nl\/de\/wp-json\/wp\/v2\/pages\/1483","targetHints":{"allow":["GET"]}}],"collection":[{"href":"https:\/\/kaapskil.nl\/de\/wp-json\/wp\/v2\/pages"}],"about":[{"href":"https:\/\/kaapskil.nl\/de\/wp-json\/wp\/v2\/types\/page"}],"author":[{"embeddable":true,"href":"https:\/\/kaapskil.nl\/de\/wp-json\/wp\/v2\/users\/1"}],"replies":[{"embeddable":true,"href":"https:\/\/kaapskil.nl\/de\/wp-json\/wp\/v2\/comments?post=1483"}],"version-history":[{"count":0,"href":"https:\/\/kaapskil.nl\/de\/wp-json\/wp\/v2\/pages\/1483\/revisions"}],"wp:featuredmedia":[{"embeddable":true,"href":"https:\/\/kaapskil.nl\/de\/wp-json\/wp\/v2\/media\/1547"}],"wp:attachment":[{"href":"https:\/\/kaapskil.nl\/de\/wp-json\/wp\/v2\/media?parent=1483"}],"wp:term":[{"taxonomy":"category","embeddable":true,"href":"https:\/\/kaapskil.nl\/de\/wp-json\/wp\/v2\/categories?post=1483"},{"taxonomy":"post_tag","embeddable":true,"href":"https:\/\/kaapskil.nl\/de\/wp-json\/wp\/v2\/tags?post=1483"}],"curies":[{"name":"wp","href":"https:\/\/api.w.org\/{rel}","templated":true}]}}