{"id":1489,"date":"2018-03-21T12:50:29","date_gmt":"2018-03-21T12:50:29","guid":{"rendered":"http:\/\/kaapskilnl.web1.prod.raadhuis.com\/schenken-en-nalaten\/"},"modified":"2025-08-19T16:59:10","modified_gmt":"2025-08-19T14:59:10","slug":"schenken-en-nalaten","status":"publish","type":"page","link":"https:\/\/kaapskil.nl\/de\/unterstuetze-kaap-skil\/schenken-en-nalaten\/","title":{"rendered":"Schenkung und Nachlass"},"content":{"rendered":"<h2><img loading=\"lazy\" decoding=\"async\" class=\"alignright size-full wp-image-2093\" src=\"https:\/\/kaapskil.nl\/wp-content\/uploads\/2018\/03\/voc-bord-aardewerk.jpg\" alt=\"\" width=\"640\" height=\"477\" srcset=\"https:\/\/kaapskil.nl\/wp-content\/uploads\/2018\/03\/voc-bord-aardewerk.jpg 640w, https:\/\/kaapskil.nl\/wp-content\/uploads\/2018\/03\/voc-bord-aardewerk-300x224.jpg 300w\" sizes=\"auto, (max-width: 640px) 100vw, 640px\" \/>Schenkungen in Natura<\/h2>\n<p>Haben Sie ein Gem\u00e4lde oder ein anderes Objekt aus der Vergangenheit, f\u00fcr das Sie eine gute Bestimmung suchen? Dann k\u00f6nnten Sie erw\u00e4gen, es dem Museum zu schenken. Beim Museum Kaap Skil sind Gegenst\u00e4nde mit einer Verbindung zur maritimen Geschichte von Texel sehr willkommen. Auch Dinge, die in fr\u00fcheren Zeiten im Haus genutzt wurden, werden oft mit Dank von entweder Kaap Skil oder der Oudheidkamer angenommen.<\/p>\n<p>F\u00fcr diese Art von Schenkungen wird ein Schenkungsformular verwendet, auf dem eventuelle W\u00fcnsche und so viele Informationen wie m\u00f6glich \u00fcber die Schenkung registriert werden. So wird verhindert, dass wertvolles Wissen verloren geht.<\/p>\n<h2>Steuerfrei Schenken<\/h2>\n<p>Zahlen Sie Steuern in den Niederlanden? In diesem Fall ist eine Geldspende an das Museum Kaap Skil steuerlich absetzbar, wenn eine Schenkungsvereinbarung f\u00fcr mindestens f\u00fcnf Jahre abgeschlossen wurde. Sie k\u00f6nnen das Formular <a href=\"https:\/\/kaapskil.nl\/wp-content\/uploads\/2022\/03\/Overeenkomst-periodieke-gift-MKS-2022-invulbaar.pdf\" target=\"_blank\" rel=\"noopener\">hier<\/a> herunterladen und ausf\u00fcllen. Sie k\u00f6nnen das Spendenformular auch \u00fcber <a href=\"mailto:vrienden@kaapskil.nl\">vrienden@kaapskil.nl<\/a> anfordern. Eva van Ginkel gibt Ihnen gerne weitere Informationen \u00fcber eine regelm\u00e4\u00dfige Spende. Sie ist erreichbar unter 0222-317741 oder <a href=\"mailto:EvavanGinkel@texelsmuseum.nl\">EvavanGinkel@texelsmuseum.nl<\/a>.<\/p>\n<h2>Vererben<\/h2>\n<p>Erw\u00e4gen Sie, einen guten Zweck in Ihrem Testament aufzunehmen? Wenn Sie ein Liebhaber von der Schifffahrt und der Geschichte sind, ist Kaap Skil vielleicht das Ziel, das Sie gesucht haben. Aufgrund seines ANBI-Status braucht das Museum keine Erbschaftssteuer zu zahlen. Ein Nachlass kann somit als Ganzes genutzt werden: Erhalt und Verwaltung vom maritimen kulturellen Erbgut von Texel. Eva van Ginkel gibt Ihnen gerne weitere Informationen \u00fcber nachlassen. Sie ist erreichbar unter 0222-317741 oder <a href=\"mailto:EvavanGinkel@texelsmuseum.nl\">EvavanGinkel@texelsmuseum.nl<\/a>.<\/p>\n<p>Museum Kaap Skil ist offiziell als \u201aGoed Doel\u2018 mit dem ANBI- und CBF-G\u00fctesiegel anerkannt.<\/p>\n<p><a href=\"https:\/\/www.belastingdienst.nl\/wps\/wcm\/connect\/nl\/aftrek-en-kortingen\/content\/anbi-status-controleren\" target=\"_blank\" rel=\"noopener\"><img loading=\"lazy\" decoding=\"async\" class=\"default-width alignleft wp-image-13536 size-thumbnail\" src=\"https:\/\/kaapskil.nl\/wp-content\/uploads\/2024\/11\/ANBI_FC-kopie.webp\" alt=\"ANBI-logo\" width=\"85\" height=\"67\" srcset=\"https:\/\/kaapskil.nl\/wp-content\/uploads\/2024\/11\/ANBI_FC-kopie.webp 150w, https:\/\/kaapskil.nl\/wp-content\/uploads\/2024\/11\/ANBI_FC-kopie-100x79.webp 100w\" sizes=\"auto, (max-width: 85px) 100vw, 85px\" \/><\/a> <a href=\"https:\/\/cbf.nl\/organisaties\/texels-museum\" target=\"_blank\" rel=\"noopener\"><img loading=\"lazy\" decoding=\"async\" class=\"default-width alignleft wp-image-13539 size-thumbnail\" src=\"https:\/\/kaapskil.nl\/wp-content\/uploads\/2024\/11\/logo-e1731321015286.webp\" alt=\"CBF-logo\" width=\"81\" height=\"50\" \/><\/a><\/p>\n<p>&nbsp;<\/p>\n","protected":false},"excerpt":{"rendered":"<p>Gem\u00e4lde und Dinge aus der maritimen Geschichte von Texel sind bei Kaap Skil gut aufgehoben. Geldschenkungen sind mit einer Schenkungsvereinbarung steuerlich absetzbar. Auf Nachl\u00e4sse ist keine Erbschaftssteuer f\u00e4llig.<\/p>\n","protected":false},"author":29,"featured_media":2093,"parent":1567,"menu_order":40,"comment_status":"closed","ping_status":"closed","template":"page-templates\/detail.php","meta":{"_acf_changed":false,"footnotes":""},"categories":[],"tags":[],"class_list":["post-1489","page","type-page","status-publish","has-post-thumbnail","hentry"],"acf":[],"yoast_head":"<!-- This site is optimized with the Yoast SEO plugin v27.3 - https:\/\/yoast.com\/product\/yoast-seo-wordpress\/ -->\n<title>Schenkung und Nachlass<\/title>\n<meta name=\"description\" content=\"Gem\u00e4lde und Dinge aus der maritimen Geschichte von Texel sind bei Kaap Skil gut aufgehoben. Geldschenkungen sind mit einer Schenkungsvereinbarung steuerlich absetzbar. Auf Nachl\u00e4sse ist keine Erbschaftssteuer f\u00e4llig.\" \/>\n<meta name=\"robots\" content=\"index, follow, max-snippet:-1, max-image-preview:large, max-video-preview:-1\" \/>\n<link rel=\"canonical\" href=\"https:\/\/kaapskil.nl\/de\/unterstuetze-kaap-skil\/schenken-en-nalaten\/\" \/>\n<meta property=\"og:locale\" content=\"de_DE\" \/>\n<meta property=\"og:type\" content=\"article\" \/>\n<meta property=\"og:title\" content=\"Schenkung und Nachlass\" \/>\n<meta property=\"og:description\" content=\"Gem\u00e4lde und Dinge aus der maritimen Geschichte von Texel sind bei Kaap Skil gut aufgehoben. Geldschenkungen sind mit einer Schenkungsvereinbarung steuerlich absetzbar. Auf Nachl\u00e4sse ist keine Erbschaftssteuer f\u00e4llig.\" \/>\n<meta property=\"og:url\" content=\"https:\/\/kaapskil.nl\/de\/unterstuetze-kaap-skil\/schenken-en-nalaten\/\" \/>\n<meta property=\"og:site_name\" content=\"Museum Kaap Skil\" \/>\n<meta property=\"article:modified_time\" content=\"2025-08-19T14:59:10+00:00\" \/>\n<meta property=\"og:image\" content=\"https:\/\/kaapskil.nl\/wp-content\/uploads\/2018\/03\/voc-bord-aardewerk.jpg\" \/>\n\t<meta property=\"og:image:width\" content=\"640\" \/>\n\t<meta property=\"og:image:height\" content=\"477\" \/>\n\t<meta property=\"og:image:type\" content=\"image\/jpeg\" \/>\n<meta name=\"twitter:card\" content=\"summary_large_image\" \/>\n<meta name=\"twitter:label1\" content=\"Est. reading time\" \/>\n\t<meta name=\"twitter:data1\" content=\"3 minutes\" \/>\n<script type=\"application\/ld+json\" class=\"yoast-schema-graph\">{\"@context\":\"https:\\\/\\\/schema.org\",\"@graph\":[{\"@type\":\"WebPage\",\"@id\":\"https:\\\/\\\/kaapskil.nl\\\/de\\\/unterstuetze-kaap-skil\\\/schenken-en-nalaten\\\/\",\"url\":\"https:\\\/\\\/kaapskil.nl\\\/de\\\/unterstuetze-kaap-skil\\\/schenken-en-nalaten\\\/\",\"name\":\"Schenkung und Nachlass\",\"isPartOf\":{\"@id\":\"https:\\\/\\\/kaapskil.nl\\\/#website\"},\"primaryImageOfPage\":{\"@id\":\"https:\\\/\\\/kaapskil.nl\\\/de\\\/unterstuetze-kaap-skil\\\/schenken-en-nalaten\\\/#primaryimage\"},\"image\":{\"@id\":\"https:\\\/\\\/kaapskil.nl\\\/de\\\/unterstuetze-kaap-skil\\\/schenken-en-nalaten\\\/#primaryimage\"},\"thumbnailUrl\":\"https:\\\/\\\/kaapskil.nl\\\/wp-content\\\/uploads\\\/2018\\\/03\\\/voc-bord-aardewerk.jpg\",\"datePublished\":\"2018-03-21T12:50:29+00:00\",\"dateModified\":\"2025-08-19T14:59:10+00:00\",\"description\":\"Gem\u00e4lde und Dinge aus der maritimen Geschichte von Texel sind bei Kaap Skil gut aufgehoben. Geldschenkungen sind mit einer Schenkungsvereinbarung steuerlich absetzbar. Auf Nachl\u00e4sse ist keine Erbschaftssteuer f\u00e4llig.\",\"breadcrumb\":{\"@id\":\"https:\\\/\\\/kaapskil.nl\\\/de\\\/unterstuetze-kaap-skil\\\/schenken-en-nalaten\\\/#breadcrumb\"},\"inLanguage\":\"de-DE\",\"potentialAction\":[{\"@type\":\"ReadAction\",\"target\":[\"https:\\\/\\\/kaapskil.nl\\\/de\\\/unterstuetze-kaap-skil\\\/schenken-en-nalaten\\\/\"]}]},{\"@type\":\"ImageObject\",\"inLanguage\":\"de-DE\",\"@id\":\"https:\\\/\\\/kaapskil.nl\\\/de\\\/unterstuetze-kaap-skil\\\/schenken-en-nalaten\\\/#primaryimage\",\"url\":\"https:\\\/\\\/kaapskil.nl\\\/wp-content\\\/uploads\\\/2018\\\/03\\\/voc-bord-aardewerk.jpg\",\"contentUrl\":\"https:\\\/\\\/kaapskil.nl\\\/wp-content\\\/uploads\\\/2018\\\/03\\\/voc-bord-aardewerk.jpg\",\"width\":640,\"height\":477},{\"@type\":\"BreadcrumbList\",\"@id\":\"https:\\\/\\\/kaapskil.nl\\\/de\\\/unterstuetze-kaap-skil\\\/schenken-en-nalaten\\\/#breadcrumb\",\"itemListElement\":[{\"@type\":\"ListItem\",\"position\":1,\"name\":\"Home\",\"item\":\"https:\\\/\\\/kaapskil.nl\\\/de\\\/\"},{\"@type\":\"ListItem\",\"position\":2,\"name\":\"Unterst\u00fctze Kaap Skil\",\"item\":\"https:\\\/\\\/kaapskil.nl\\\/de\\\/unterstuetze-kaap-skil\\\/\"},{\"@type\":\"ListItem\",\"position\":3,\"name\":\"Schenkung und Nachlass\"}]},{\"@type\":\"WebSite\",\"@id\":\"https:\\\/\\\/kaapskil.nl\\\/#website\",\"url\":\"https:\\\/\\\/kaapskil.nl\\\/\",\"name\":\"Museum Kaap Skil\",\"description\":\"Stichting Texels Museum\",\"potentialAction\":[{\"@type\":\"SearchAction\",\"target\":{\"@type\":\"EntryPoint\",\"urlTemplate\":\"https:\\\/\\\/kaapskil.nl\\\/?s={search_term_string}\"},\"query-input\":{\"@type\":\"PropertyValueSpecification\",\"valueRequired\":true,\"valueName\":\"search_term_string\"}}],\"inLanguage\":\"de-DE\"}]}<\/script>\n<!-- \/ Yoast SEO plugin. -->","yoast_head_json":{"title":"Schenkung und Nachlass","description":"Gem\u00e4lde und Dinge aus der maritimen Geschichte von Texel sind bei Kaap Skil gut aufgehoben. Geldschenkungen sind mit einer Schenkungsvereinbarung steuerlich absetzbar. Auf Nachl\u00e4sse ist keine Erbschaftssteuer f\u00e4llig.","robots":{"index":"index","follow":"follow","max-snippet":"max-snippet:-1","max-image-preview":"max-image-preview:large","max-video-preview":"max-video-preview:-1"},"canonical":"https:\/\/kaapskil.nl\/de\/unterstuetze-kaap-skil\/schenken-en-nalaten\/","og_locale":"de_DE","og_type":"article","og_title":"Schenkung und Nachlass","og_description":"Gem\u00e4lde und Dinge aus der maritimen Geschichte von Texel sind bei Kaap Skil gut aufgehoben. Geldschenkungen sind mit einer Schenkungsvereinbarung steuerlich absetzbar. Auf Nachl\u00e4sse ist keine Erbschaftssteuer f\u00e4llig.","og_url":"https:\/\/kaapskil.nl\/de\/unterstuetze-kaap-skil\/schenken-en-nalaten\/","og_site_name":"Museum Kaap Skil","article_modified_time":"2025-08-19T14:59:10+00:00","og_image":[{"width":640,"height":477,"url":"https:\/\/kaapskil.nl\/wp-content\/uploads\/2018\/03\/voc-bord-aardewerk.jpg","type":"image\/jpeg"}],"twitter_card":"summary_large_image","twitter_misc":{"Est. reading time":"3 minutes"},"schema":{"@context":"https:\/\/schema.org","@graph":[{"@type":"WebPage","@id":"https:\/\/kaapskil.nl\/de\/unterstuetze-kaap-skil\/schenken-en-nalaten\/","url":"https:\/\/kaapskil.nl\/de\/unterstuetze-kaap-skil\/schenken-en-nalaten\/","name":"Schenkung und Nachlass","isPartOf":{"@id":"https:\/\/kaapskil.nl\/#website"},"primaryImageOfPage":{"@id":"https:\/\/kaapskil.nl\/de\/unterstuetze-kaap-skil\/schenken-en-nalaten\/#primaryimage"},"image":{"@id":"https:\/\/kaapskil.nl\/de\/unterstuetze-kaap-skil\/schenken-en-nalaten\/#primaryimage"},"thumbnailUrl":"https:\/\/kaapskil.nl\/wp-content\/uploads\/2018\/03\/voc-bord-aardewerk.jpg","datePublished":"2018-03-21T12:50:29+00:00","dateModified":"2025-08-19T14:59:10+00:00","description":"Gem\u00e4lde und Dinge aus der maritimen Geschichte von Texel sind bei Kaap Skil gut aufgehoben. Geldschenkungen sind mit einer Schenkungsvereinbarung steuerlich absetzbar. Auf Nachl\u00e4sse ist keine Erbschaftssteuer f\u00e4llig.","breadcrumb":{"@id":"https:\/\/kaapskil.nl\/de\/unterstuetze-kaap-skil\/schenken-en-nalaten\/#breadcrumb"},"inLanguage":"de-DE","potentialAction":[{"@type":"ReadAction","target":["https:\/\/kaapskil.nl\/de\/unterstuetze-kaap-skil\/schenken-en-nalaten\/"]}]},{"@type":"ImageObject","inLanguage":"de-DE","@id":"https:\/\/kaapskil.nl\/de\/unterstuetze-kaap-skil\/schenken-en-nalaten\/#primaryimage","url":"https:\/\/kaapskil.nl\/wp-content\/uploads\/2018\/03\/voc-bord-aardewerk.jpg","contentUrl":"https:\/\/kaapskil.nl\/wp-content\/uploads\/2018\/03\/voc-bord-aardewerk.jpg","width":640,"height":477},{"@type":"BreadcrumbList","@id":"https:\/\/kaapskil.nl\/de\/unterstuetze-kaap-skil\/schenken-en-nalaten\/#breadcrumb","itemListElement":[{"@type":"ListItem","position":1,"name":"Home","item":"https:\/\/kaapskil.nl\/de\/"},{"@type":"ListItem","position":2,"name":"Unterst\u00fctze Kaap Skil","item":"https:\/\/kaapskil.nl\/de\/unterstuetze-kaap-skil\/"},{"@type":"ListItem","position":3,"name":"Schenkung und Nachlass"}]},{"@type":"WebSite","@id":"https:\/\/kaapskil.nl\/#website","url":"https:\/\/kaapskil.nl\/","name":"Museum Kaap Skil","description":"Stichting Texels Museum","potentialAction":[{"@type":"SearchAction","target":{"@type":"EntryPoint","urlTemplate":"https:\/\/kaapskil.nl\/?s={search_term_string}"},"query-input":{"@type":"PropertyValueSpecification","valueRequired":true,"valueName":"search_term_string"}}],"inLanguage":"de-DE"}]}},"_links":{"self":[{"href":"https:\/\/kaapskil.nl\/de\/wp-json\/wp\/v2\/pages\/1489","targetHints":{"allow":["GET"]}}],"collection":[{"href":"https:\/\/kaapskil.nl\/de\/wp-json\/wp\/v2\/pages"}],"about":[{"href":"https:\/\/kaapskil.nl\/de\/wp-json\/wp\/v2\/types\/page"}],"author":[{"embeddable":true,"href":"https:\/\/kaapskil.nl\/de\/wp-json\/wp\/v2\/users\/29"}],"replies":[{"embeddable":true,"href":"https:\/\/kaapskil.nl\/de\/wp-json\/wp\/v2\/comments?post=1489"}],"version-history":[{"count":1,"href":"https:\/\/kaapskil.nl\/de\/wp-json\/wp\/v2\/pages\/1489\/revisions"}],"predecessor-version":[{"id":14072,"href":"https:\/\/kaapskil.nl\/de\/wp-json\/wp\/v2\/pages\/1489\/revisions\/14072"}],"up":[{"embeddable":true,"href":"https:\/\/kaapskil.nl\/de\/wp-json\/wp\/v2\/pages\/1567"}],"wp:featuredmedia":[{"embeddable":true,"href":"https:\/\/kaapskil.nl\/de\/wp-json\/wp\/v2\/media\/2093"}],"wp:attachment":[{"href":"https:\/\/kaapskil.nl\/de\/wp-json\/wp\/v2\/media?parent=1489"}],"wp:term":[{"taxonomy":"category","embeddable":true,"href":"https:\/\/kaapskil.nl\/de\/wp-json\/wp\/v2\/categories?post=1489"},{"taxonomy":"post_tag","embeddable":true,"href":"https:\/\/kaapskil.nl\/de\/wp-json\/wp\/v2\/tags?post=1489"}],"curies":[{"name":"wp","href":"https:\/\/api.w.org\/{rel}","templated":true}]}}