{"id":1492,"date":"2018-03-21T12:28:33","date_gmt":"2018-03-21T12:28:33","guid":{"rendered":"http:\/\/kaapskilnl.web1.prod.raadhuis.com\/over-het-museum\/"},"modified":"2024-06-06T11:04:29","modified_gmt":"2024-06-06T09:04:29","slug":"ueber-kaap-skil","status":"publish","type":"page","link":"https:\/\/kaapskil.nl\/de\/ueber-das-museum\/ueber-kaap-skil\/","title":{"rendered":"\u00dcber Museum Kaap Skil"},"content":{"rendered":"<p><strong>Im Museum Kaap Skil entdecken Sie die ruhmreiche maritime Geschichte von Texel. Die Sammlung enth\u00e4lt Spitzenfunde aus jahrhundertealten Schiffswracks, die vor der K\u00fcste der Insel auf dem Meeresboden liegen. Vom 16. bis zum 18. Jahrhundert befand sich dort die Reede von Texel, wo Handels- und Kriegsschiffe ankerten. Diese Epoche wird im Eingangsgeb\u00e4ude des Museums auf dem gr\u00f6\u00dften maritimen <a href=\"https:\/\/kaapskil.nl\/de\/entdecken\/prunkstucke\/modell-die-reede-von-texel\/\" target=\"_blank\" rel=\"noopener\">Modell<\/a> der Welt wiederbelebt. Aufgetauchte Funde aus Schiffswracks erz\u00e4hlen Geschichten von fernen Reisen, Reichtum, Abenteuer und Entbehrungen. Drau\u00dfen im Freilichtmuseum k\u00f6nnen Sie sehen, wie das Leben auf Texel fr\u00fcher aussah. In den Ferien ist das Museum voll von Aktivit\u00e4ten. Das Museum Kaap Skil ist ein unterhaltsamer wie auch lehrreicher Tagesausflug!<\/strong><\/p>\n<p><iframe loading=\"lazy\" title=\"YouTube video player\" src=\"https:\/\/www.youtube-nocookie.com\/embed\/lKL-PrvKNe4?si=5TSKDTB8Gkw_2MXk\" width=\"1280\" height=\"530\" frameborder=\"0\" allowfullscreen=\"allowfullscreen\"><\/iframe><\/p>\n<p><img loading=\"lazy\" decoding=\"async\" class=\"alignright wp-image-13182 size-full\" src=\"https:\/\/kaapskil.nl\/wp-content\/uploads\/2024\/05\/PlattegrondMKSDE.png\" alt=\"\" width=\"849\" height=\"853\" srcset=\"https:\/\/kaapskil.nl\/wp-content\/uploads\/2024\/05\/PlattegrondMKSDE.png 849w, https:\/\/kaapskil.nl\/wp-content\/uploads\/2024\/05\/PlattegrondMKSDE-300x300.png 300w, https:\/\/kaapskil.nl\/wp-content\/uploads\/2024\/05\/PlattegrondMKSDE-150x150.png 150w, https:\/\/kaapskil.nl\/wp-content\/uploads\/2024\/05\/PlattegrondMKSDE-768x772.png 768w, https:\/\/kaapskil.nl\/wp-content\/uploads\/2024\/05\/PlattegrondMKSDE-100x100.png 100w\" sizes=\"auto, (max-width: 849px) 100vw, 849px\" \/><\/p>\n<h2><\/h2>\n<h2>Spitzenfunde<\/h2>\n<p>Vor der K\u00fcste von Texel liegen Dutzende von Wracks auf dem Meeresboden. Eines der Wracks ist etwas ganz Besonderes. Aus diesem so genannten <a href=\"https:\/\/kaapskil.nl\/de\/das-palmholzwrack\/\" target=\"_blank\" rel=\"noopener\">Palmholzwrack<\/a> kommen die exklusivsten Gegenst\u00e4nde. Wie sich herausstellte, befand sich auf dem Schiff der Besitz einer sagenhaft reichen Familie. Die Textilfunde waren einzigartig; vor allem eine Reihe erstaunlich gut erhaltener Kleidungsst\u00fccke sorgten f\u00fcr Aufsehen. Eine Auswahl der Hunderte von Gegenst\u00e4nden, die aus diesem Wrack geborgen wurden, ist in der Ausstellung Palmholzwrack zu sehen. Zu sehen sind unter anderem ein fast unversehrtes <a href=\"https:\/\/kaapskil.nl\/de\/entdecken\/prunkstucke\/das-kleid\/\" target=\"_blank\" rel=\"noopener\">Seidenkleid<\/a> von k\u00f6niglichem Reiz, ein <a href=\"https:\/\/kaapskil.nl\/de\/entdecken\/prunkstucke\/das-hochzeitskleid-aus-dem-palmholzwrack\/\" target=\"_blank\" rel=\"noopener\">Hochzeitskleid<\/a> mit eingewebtem Silber, ein vergoldeter <a href=\"https:\/\/kaapskil.nl\/de\/entdecken\/prunkstucke\/der-prunkbecher-aus-dem-palmholzwrack\/\" target=\"_blank\" rel=\"noopener\">Prunkbecher<\/a> aus Silber und eine exklusive <a href=\"https:\/\/kaapskil.nl\/de\/entdecken\/prunkstucke\/toilettenset-aus-dem-palmholzwrack\/\" target=\"_blank\" rel=\"noopener\">Toilettengarnitur<\/a>.<\/p>\n<h2>Vielseitige Ausstellungen<\/h2>\n<p>Im Museum Kaap Skil geht es um das Leben mit, vom, auf und am Meer im weitesten Sinne. Die Ausstellungen im Eingangsgeb\u00e4ude beleuchten die Rolle Texels im Welthandel vom 16. bis 18. Jahrhundert. Neben dem Modell, das zeigt, wie die Reede um 1660 aussah, und den Funden aus dem Palmholzwrack finden Sie hier auch die Ausstellung Weltreise. Funde aus verschiedenen Wracks illustrieren den Handel in allen Windrichtungen. Der Welthandel brachte viele Reicht\u00fcmer, war aber auch von Ausbeutung und H\u00e4rte begleitet. Hinter dem Eingangsgeb\u00e4ude befinden sich eine Reihe von meist denkmalgesch\u00fctzten Geb\u00e4uden mit Ausstellungen \u00fcber Fischerei, Schifffahrt und Jutterei sowie eine noch in Betrieb befindliche Getreidem\u00fchle. Zudem k\u00f6nnen Sie sehen, wie die Menschen fr\u00fcher in dem alten Fischerdorf Skil lebten.<\/p>\n<h2>Altes Fischerdorf<\/h2>\n<p>Entlang des Skilsloot stehen authentisch eingerichtete Fischerh\u00e4uschen, eine B\u00e4ckerei und eine Schmiede. Das Wasser kommt aus der Pumpe, die W\u00e4rme vom Holzofen, und in der K\u00fcche gibt es sogar eine Bettstelle. Wohnen und Arbeiten waren eng verbunden; der Zimmermann hatte seine Werkstatt am Haus.<\/p>\n<p>Im Freilichtmuseum sind von Mai bis Oktober regelm\u00e4\u00dfig die Handwerker bei der Arbeit. Schauen Sie bei den Netzmachern, Seilschl\u00e4gern, Schmieden und M\u00fcllern zu.<\/p>\n<h2>Geschichtsmuseum<\/h2>\n<p>Das Museum Kaap Skil begann mit einer einmaligen Ausstellung von Fundst\u00fccken von Tauchern und Strandgutsammlern. Der Erfolg war so gro\u00df, dass beschlossen wurde, einen dauerhaften Platz daf\u00fcr zu finden. Im Jahr 1981 wurde das Maritiem &amp; Jutters Museum gegr\u00fcndet, der Vorg\u00e4nger des heutigen Museum Kaap Skil. Die Themen des Museums haben sich st\u00e4ndig erweitert, z. B. um Fischerei, Handwerk und alte Schiffe. Als das Museum 2014 ein neues Eingangsgeb\u00e4ude erhielt, wurde der Name ge\u00e4ndert.<\/p>\n<h2>Bedeutung Kaap und Skil<\/h2>\n<p>Der Name des Museums verweist auf die Schifffahrt und seinen Standort. Ein &#8216;Kaap&#8217; ist ein Leuchtfeuer f\u00fcr die Schifffahrt, eine wichtige Landmarke. Das beeindruckende Eingangsgeb\u00e4ude des Museums kann zu Recht als Kaap bezeichnet werden. Skil ist der Texeler Name f\u00fcr das Dorf Oudeschild, das Fischerdorf, in dem das Museum Kaap Skil zu finden ist.<br \/>\n<img loading=\"lazy\" decoding=\"async\" class=\"default-width alignright wp-image-12615 size-thumbnail\" src=\"https:\/\/kaapskil.nl\/wp-content\/uploads\/2023\/11\/MK_Awards-Sticker_2024-Normaal-150x150.png\" alt=\"Museumkids kidsproof 2024 Museum Kaap Skil\" width=\"150\" height=\"150\" srcset=\"https:\/\/kaapskil.nl\/wp-content\/uploads\/2023\/11\/MK_Awards-Sticker_2024-Normaal-150x150.png 150w, https:\/\/kaapskil.nl\/wp-content\/uploads\/2023\/11\/MK_Awards-Sticker_2024-Normaal-300x300.png 300w, https:\/\/kaapskil.nl\/wp-content\/uploads\/2023\/11\/MK_Awards-Sticker_2024-Normaal-1024x1024.png 1024w, https:\/\/kaapskil.nl\/wp-content\/uploads\/2023\/11\/MK_Awards-Sticker_2024-Normaal-768x768.png 768w, https:\/\/kaapskil.nl\/wp-content\/uploads\/2023\/11\/MK_Awards-Sticker_2024-Normaal-100x100.png 100w, https:\/\/kaapskil.nl\/wp-content\/uploads\/2023\/11\/MK_Awards-Sticker_2024-Normaal-350x350.png 350w, https:\/\/kaapskil.nl\/wp-content\/uploads\/2023\/11\/MK_Awards-Sticker_2024-Normaal.png 1241w\" sizes=\"auto, (max-width: 150px) 100vw, 150px\" \/><\/p>\n<h2>Kinder<\/h2>\n<p style=\"margin-bottom: 0cm;\">Ein Besuch im Museum Kaap Skil ist auch f\u00fcr Kinder ein Abenteuer. Deshalb haben Kinder das Museum Kaap Skil zum <a href=\"https:\/\/www.museum.nl\/nl\/museumkids\" target=\"_blank\" rel=\"noopener\">Kidsproof Museum 2024<\/a> gek\u00fcrt.<\/p>\n<p>&nbsp;<\/p>\n","protected":false},"excerpt":{"rendered":"<p>Kaap Skil ist ein vielseitiges Museum \u00fcber die maritime Geschichte von Texel. Es handelt im weitesten Sinne \u00fcber das Leben mit, von, auf und am Meer. Es gibt Ausstellungen \u00fcber die Fischerei, Schifffahrt, Jutterei und der Bedeutung von Texel vom 16. bis 18. Jahrhundert. <\/p>\n","protected":false},"author":29,"featured_media":4349,"parent":1990,"menu_order":0,"comment_status":"closed","ping_status":"closed","template":"page-templates\/detail.php","meta":{"_acf_changed":false,"footnotes":""},"categories":[],"tags":[],"class_list":["post-1492","page","type-page","status-publish","has-post-thumbnail","hentry"],"acf":[],"yoast_head":"<!-- This site is optimized with the Yoast SEO plugin v27.4 - https:\/\/yoast.com\/product\/yoast-seo-wordpress\/ -->\n<title>\u00dcber Kaap Skil<\/title>\n<meta name=\"description\" content=\"Museum Kaap Skil ist ein vielseitiges Museum \u00fcber die maritime Geschichte von Texel. Es handelt im weitesten Sinne \u00fcber das Leben mit, von, auf und am Meer. Es gibt Ausstellungen \u00fcber die Fischerei, Schifffahrt, Jutterei und der Bedeutung von Texel vom 16. bis 18. Jahrhundert.\" \/>\n<meta name=\"robots\" content=\"index, follow, max-snippet:-1, max-image-preview:large, max-video-preview:-1\" \/>\n<link rel=\"canonical\" href=\"https:\/\/kaapskil.nl\/de\/ueber-das-museum\/ueber-kaap-skil\/\" \/>\n<meta property=\"og:locale\" content=\"de_DE\" \/>\n<meta property=\"og:type\" content=\"article\" \/>\n<meta property=\"og:title\" content=\"\u00dcber Kaap Skil\" \/>\n<meta property=\"og:description\" content=\"Museum Kaap Skil ist ein vielseitiges Museum \u00fcber die maritime Geschichte von Texel. Es handelt im weitesten Sinne \u00fcber das Leben mit, von, auf und am Meer. Es gibt Ausstellungen \u00fcber die Fischerei, Schifffahrt, Jutterei und der Bedeutung von Texel vom 16. bis 18. Jahrhundert.\" \/>\n<meta property=\"og:url\" content=\"https:\/\/kaapskil.nl\/de\/ueber-das-museum\/ueber-kaap-skil\/\" \/>\n<meta property=\"og:site_name\" content=\"Museum Kaap Skil\" \/>\n<meta property=\"article:modified_time\" content=\"2024-06-06T09:04:29+00:00\" \/>\n<meta property=\"og:image\" content=\"https:\/\/kaapskil.nl\/wp-content\/uploads\/2019\/08\/Kaap_Skil_Sfeerbeelden_04_StefanKrofft-2019.jpg\" \/>\n\t<meta property=\"og:image:width\" content=\"1500\" \/>\n\t<meta property=\"og:image:height\" content=\"950\" \/>\n\t<meta property=\"og:image:type\" content=\"image\/jpeg\" \/>\n<meta name=\"twitter:card\" content=\"summary_large_image\" \/>\n<meta name=\"twitter:label1\" content=\"Est. reading time\" \/>\n\t<meta name=\"twitter:data1\" content=\"4 minutes\" \/>\n<script type=\"application\/ld+json\" class=\"yoast-schema-graph\">{\"@context\":\"https:\\\/\\\/schema.org\",\"@graph\":[{\"@type\":\"WebPage\",\"@id\":\"https:\\\/\\\/kaapskil.nl\\\/de\\\/ueber-das-museum\\\/ueber-kaap-skil\\\/\",\"url\":\"https:\\\/\\\/kaapskil.nl\\\/de\\\/ueber-das-museum\\\/ueber-kaap-skil\\\/\",\"name\":\"\u00dcber Kaap Skil\",\"isPartOf\":{\"@id\":\"https:\\\/\\\/kaapskil.nl\\\/#website\"},\"primaryImageOfPage\":{\"@id\":\"https:\\\/\\\/kaapskil.nl\\\/de\\\/ueber-das-museum\\\/ueber-kaap-skil\\\/#primaryimage\"},\"image\":{\"@id\":\"https:\\\/\\\/kaapskil.nl\\\/de\\\/ueber-das-museum\\\/ueber-kaap-skil\\\/#primaryimage\"},\"thumbnailUrl\":\"https:\\\/\\\/kaapskil.nl\\\/wp-content\\\/uploads\\\/2019\\\/08\\\/Kaap_Skil_Sfeerbeelden_04_StefanKrofft-2019.jpg\",\"datePublished\":\"2018-03-21T12:28:33+00:00\",\"dateModified\":\"2024-06-06T09:04:29+00:00\",\"description\":\"Museum Kaap Skil ist ein vielseitiges Museum \u00fcber die maritime Geschichte von Texel. Es handelt im weitesten Sinne \u00fcber das Leben mit, von, auf und am Meer. Es gibt Ausstellungen \u00fcber die Fischerei, Schifffahrt, Jutterei und der Bedeutung von Texel vom 16. bis 18. Jahrhundert.\",\"breadcrumb\":{\"@id\":\"https:\\\/\\\/kaapskil.nl\\\/de\\\/ueber-das-museum\\\/ueber-kaap-skil\\\/#breadcrumb\"},\"inLanguage\":\"de-DE\",\"potentialAction\":[{\"@type\":\"ReadAction\",\"target\":[\"https:\\\/\\\/kaapskil.nl\\\/de\\\/ueber-das-museum\\\/ueber-kaap-skil\\\/\"]}]},{\"@type\":\"ImageObject\",\"inLanguage\":\"de-DE\",\"@id\":\"https:\\\/\\\/kaapskil.nl\\\/de\\\/ueber-das-museum\\\/ueber-kaap-skil\\\/#primaryimage\",\"url\":\"https:\\\/\\\/kaapskil.nl\\\/wp-content\\\/uploads\\\/2019\\\/08\\\/Kaap_Skil_Sfeerbeelden_04_StefanKrofft-2019.jpg\",\"contentUrl\":\"https:\\\/\\\/kaapskil.nl\\\/wp-content\\\/uploads\\\/2019\\\/08\\\/Kaap_Skil_Sfeerbeelden_04_StefanKrofft-2019.jpg\",\"width\":1500,\"height\":950,\"caption\":\"Sfeerbeelden in museum Kaap Skil\"},{\"@type\":\"BreadcrumbList\",\"@id\":\"https:\\\/\\\/kaapskil.nl\\\/de\\\/ueber-das-museum\\\/ueber-kaap-skil\\\/#breadcrumb\",\"itemListElement\":[{\"@type\":\"ListItem\",\"position\":1,\"name\":\"Home\",\"item\":\"https:\\\/\\\/kaapskil.nl\\\/de\\\/\"},{\"@type\":\"ListItem\",\"position\":2,\"name\":\"\u00dcber das Museum\",\"item\":\"https:\\\/\\\/kaapskil.nl\\\/de\\\/ueber-das-museum\\\/\"},{\"@type\":\"ListItem\",\"position\":3,\"name\":\"\u00dcber Museum Kaap Skil\"}]},{\"@type\":\"WebSite\",\"@id\":\"https:\\\/\\\/kaapskil.nl\\\/#website\",\"url\":\"https:\\\/\\\/kaapskil.nl\\\/\",\"name\":\"Museum Kaap Skil\",\"description\":\"Stichting Texels Museum\",\"potentialAction\":[{\"@type\":\"SearchAction\",\"target\":{\"@type\":\"EntryPoint\",\"urlTemplate\":\"https:\\\/\\\/kaapskil.nl\\\/?s={search_term_string}\"},\"query-input\":{\"@type\":\"PropertyValueSpecification\",\"valueRequired\":true,\"valueName\":\"search_term_string\"}}],\"inLanguage\":\"de-DE\"}]}<\/script>\n<!-- \/ Yoast SEO plugin. -->","yoast_head_json":{"title":"\u00dcber Kaap Skil","description":"Museum Kaap Skil ist ein vielseitiges Museum \u00fcber die maritime Geschichte von Texel. Es handelt im weitesten Sinne \u00fcber das Leben mit, von, auf und am Meer. Es gibt Ausstellungen \u00fcber die Fischerei, Schifffahrt, Jutterei und der Bedeutung von Texel vom 16. bis 18. Jahrhundert.","robots":{"index":"index","follow":"follow","max-snippet":"max-snippet:-1","max-image-preview":"max-image-preview:large","max-video-preview":"max-video-preview:-1"},"canonical":"https:\/\/kaapskil.nl\/de\/ueber-das-museum\/ueber-kaap-skil\/","og_locale":"de_DE","og_type":"article","og_title":"\u00dcber Kaap Skil","og_description":"Museum Kaap Skil ist ein vielseitiges Museum \u00fcber die maritime Geschichte von Texel. Es handelt im weitesten Sinne \u00fcber das Leben mit, von, auf und am Meer. Es gibt Ausstellungen \u00fcber die Fischerei, Schifffahrt, Jutterei und der Bedeutung von Texel vom 16. bis 18. Jahrhundert.","og_url":"https:\/\/kaapskil.nl\/de\/ueber-das-museum\/ueber-kaap-skil\/","og_site_name":"Museum Kaap Skil","article_modified_time":"2024-06-06T09:04:29+00:00","og_image":[{"width":1500,"height":950,"url":"https:\/\/kaapskil.nl\/wp-content\/uploads\/2019\/08\/Kaap_Skil_Sfeerbeelden_04_StefanKrofft-2019.jpg","type":"image\/jpeg"}],"twitter_card":"summary_large_image","twitter_misc":{"Est. reading time":"4 minutes"},"schema":{"@context":"https:\/\/schema.org","@graph":[{"@type":"WebPage","@id":"https:\/\/kaapskil.nl\/de\/ueber-das-museum\/ueber-kaap-skil\/","url":"https:\/\/kaapskil.nl\/de\/ueber-das-museum\/ueber-kaap-skil\/","name":"\u00dcber Kaap Skil","isPartOf":{"@id":"https:\/\/kaapskil.nl\/#website"},"primaryImageOfPage":{"@id":"https:\/\/kaapskil.nl\/de\/ueber-das-museum\/ueber-kaap-skil\/#primaryimage"},"image":{"@id":"https:\/\/kaapskil.nl\/de\/ueber-das-museum\/ueber-kaap-skil\/#primaryimage"},"thumbnailUrl":"https:\/\/kaapskil.nl\/wp-content\/uploads\/2019\/08\/Kaap_Skil_Sfeerbeelden_04_StefanKrofft-2019.jpg","datePublished":"2018-03-21T12:28:33+00:00","dateModified":"2024-06-06T09:04:29+00:00","description":"Museum Kaap Skil ist ein vielseitiges Museum \u00fcber die maritime Geschichte von Texel. Es handelt im weitesten Sinne \u00fcber das Leben mit, von, auf und am Meer. Es gibt Ausstellungen \u00fcber die Fischerei, Schifffahrt, Jutterei und der Bedeutung von Texel vom 16. bis 18. Jahrhundert.","breadcrumb":{"@id":"https:\/\/kaapskil.nl\/de\/ueber-das-museum\/ueber-kaap-skil\/#breadcrumb"},"inLanguage":"de-DE","potentialAction":[{"@type":"ReadAction","target":["https:\/\/kaapskil.nl\/de\/ueber-das-museum\/ueber-kaap-skil\/"]}]},{"@type":"ImageObject","inLanguage":"de-DE","@id":"https:\/\/kaapskil.nl\/de\/ueber-das-museum\/ueber-kaap-skil\/#primaryimage","url":"https:\/\/kaapskil.nl\/wp-content\/uploads\/2019\/08\/Kaap_Skil_Sfeerbeelden_04_StefanKrofft-2019.jpg","contentUrl":"https:\/\/kaapskil.nl\/wp-content\/uploads\/2019\/08\/Kaap_Skil_Sfeerbeelden_04_StefanKrofft-2019.jpg","width":1500,"height":950,"caption":"Sfeerbeelden in museum Kaap Skil"},{"@type":"BreadcrumbList","@id":"https:\/\/kaapskil.nl\/de\/ueber-das-museum\/ueber-kaap-skil\/#breadcrumb","itemListElement":[{"@type":"ListItem","position":1,"name":"Home","item":"https:\/\/kaapskil.nl\/de\/"},{"@type":"ListItem","position":2,"name":"\u00dcber das Museum","item":"https:\/\/kaapskil.nl\/de\/ueber-das-museum\/"},{"@type":"ListItem","position":3,"name":"\u00dcber Museum Kaap Skil"}]},{"@type":"WebSite","@id":"https:\/\/kaapskil.nl\/#website","url":"https:\/\/kaapskil.nl\/","name":"Museum Kaap Skil","description":"Stichting Texels Museum","potentialAction":[{"@type":"SearchAction","target":{"@type":"EntryPoint","urlTemplate":"https:\/\/kaapskil.nl\/?s={search_term_string}"},"query-input":{"@type":"PropertyValueSpecification","valueRequired":true,"valueName":"search_term_string"}}],"inLanguage":"de-DE"}]}},"_links":{"self":[{"href":"https:\/\/kaapskil.nl\/de\/wp-json\/wp\/v2\/pages\/1492","targetHints":{"allow":["GET"]}}],"collection":[{"href":"https:\/\/kaapskil.nl\/de\/wp-json\/wp\/v2\/pages"}],"about":[{"href":"https:\/\/kaapskil.nl\/de\/wp-json\/wp\/v2\/types\/page"}],"author":[{"embeddable":true,"href":"https:\/\/kaapskil.nl\/de\/wp-json\/wp\/v2\/users\/29"}],"replies":[{"embeddable":true,"href":"https:\/\/kaapskil.nl\/de\/wp-json\/wp\/v2\/comments?post=1492"}],"version-history":[{"count":0,"href":"https:\/\/kaapskil.nl\/de\/wp-json\/wp\/v2\/pages\/1492\/revisions"}],"up":[{"embeddable":true,"href":"https:\/\/kaapskil.nl\/de\/wp-json\/wp\/v2\/pages\/1990"}],"wp:featuredmedia":[{"embeddable":true,"href":"https:\/\/kaapskil.nl\/de\/wp-json\/wp\/v2\/media\/4349"}],"wp:attachment":[{"href":"https:\/\/kaapskil.nl\/de\/wp-json\/wp\/v2\/media?parent=1492"}],"wp:term":[{"taxonomy":"category","embeddable":true,"href":"https:\/\/kaapskil.nl\/de\/wp-json\/wp\/v2\/categories?post=1492"},{"taxonomy":"post_tag","embeddable":true,"href":"https:\/\/kaapskil.nl\/de\/wp-json\/wp\/v2\/tags?post=1492"}],"curies":[{"name":"wp","href":"https:\/\/api.w.org\/{rel}","templated":true}]}}