{"id":1502,"date":"2018-03-21T12:44:11","date_gmt":"2018-03-21T12:44:11","guid":{"rendered":"http:\/\/kaapskilnl.web1.prod.raadhuis.com\/word-vrijwilliger\/"},"modified":"2020-05-27T13:59:41","modified_gmt":"2020-05-27T12:59:41","slug":"werde-ehrenamtlicher","status":"publish","type":"page","link":"https:\/\/kaapskil.nl\/de\/unterstuetze-kaap-skil\/werde-ehrenamtlicher\/","title":{"rendered":"Werde Ehrenamtlicher"},"content":{"rendered":"<p><strong><img loading=\"lazy\" decoding=\"async\" class=\"alignright size-full wp-image-5841\" src=\"https:\/\/kaapskil.nl\/wp-content\/uploads\/2020\/05\/Molenaar-Kaap-Skil-Mike-Bink-2016-06.jpg\" alt=\"\" width=\"640\" height=\"400\" srcset=\"https:\/\/kaapskil.nl\/wp-content\/uploads\/2020\/05\/Molenaar-Kaap-Skil-Mike-Bink-2016-06.jpg 640w, https:\/\/kaapskil.nl\/wp-content\/uploads\/2020\/05\/Molenaar-Kaap-Skil-Mike-Bink-2016-06-300x188.jpg 300w, https:\/\/kaapskil.nl\/wp-content\/uploads\/2020\/05\/Molenaar-Kaap-Skil-Mike-Bink-2016-06-100x63.jpg 100w\" sizes=\"auto, (max-width: 640px) 100vw, 640px\" \/>Ehrenamtliche sind f\u00fcr das Museum Kaap Skil sehr wichtig. Dank ihnen wird das Freilichtmuseum mit Aktivit\u00e4ten zum Leben erweckt. M\u00fcller, Schmied, Seilschl\u00e4ger, Fischr\u00e4ucherer, Netzkn\u00fcpfer, Schiffsmodellbauer, Ladenverk\u00e4uferin und Jutter tragen allesamt dazu bei, zu erleben, wie es fr\u00fcher war. Sie betreiben aktiv alte Handwerke und teilen ihr Wissen und Geschichten mit den Besuchern. Besonders ausgebildete Museumsf\u00fchrer geben Pr\u00e4sentationen, z.B. beim Modell der Reede von Texel und der Schiffskiste von Jacob Haafner.<\/strong><\/p>\n<p>Interessiert? Die Anmeldung geht \u00fcber\u00a0<a href=\"mailto:info@kaapskil.nl\">info@kaapskil.nl<\/a> oder +31 222 314956. Vieles ist m\u00f6glich!<\/p>\n<p>&nbsp;<\/p>\n","protected":false},"excerpt":{"rendered":"<p>Ehrenamtliche sind f\u00fcr das Museum Kaap Skil sehr wichtig. Dank ihnen wird das Freilichtmuseum mit Aktivit\u00e4ten zum Leben erweckt. Besonders ausgebildete Museumsf\u00fchrer geben Pr\u00e4sentationen, z.B. beim Modell der Reede von Texel und der Schiffskiste von Jacob Haafner.<\/p>\n","protected":false},"author":29,"featured_media":5983,"parent":1567,"menu_order":30,"comment_status":"closed","ping_status":"closed","template":"page-templates\/detail.php","meta":{"_acf_changed":false,"footnotes":""},"categories":[],"tags":[],"class_list":["post-1502","page","type-page","status-publish","has-post-thumbnail","hentry"],"acf":[],"yoast_head":"<!-- This site is optimized with the Yoast SEO plugin v27.3 - https:\/\/yoast.com\/product\/yoast-seo-wordpress\/ -->\n<title>Werde Ehrenamtlicher<\/title>\n<meta name=\"description\" content=\"Ehrenamtliche sind f\u00fcr das Museum Kaap Skil sehr wichtig. Dank ihnen wird das Freilichtmuseum mit Aktivit\u00e4ten zum Leben erweckt. Besonders ausgebildete Museumsf\u00fchrer geben Pr\u00e4sentationen, z.B. beim Modell der Reede von Texel und der Schiffskiste von Jacob Haafner.\" \/>\n<meta name=\"robots\" content=\"index, follow, max-snippet:-1, max-image-preview:large, max-video-preview:-1\" \/>\n<link rel=\"canonical\" href=\"https:\/\/kaapskil.nl\/de\/unterstuetze-kaap-skil\/werde-ehrenamtlicher\/\" \/>\n<meta property=\"og:locale\" content=\"de_DE\" \/>\n<meta property=\"og:type\" content=\"article\" \/>\n<meta property=\"og:title\" content=\"Werde Ehrenamtlicher\" \/>\n<meta property=\"og:description\" content=\"Ehrenamtliche sind f\u00fcr das Museum Kaap Skil sehr wichtig. Dank ihnen wird das Freilichtmuseum mit Aktivit\u00e4ten zum Leben erweckt. Besonders ausgebildete Museumsf\u00fchrer geben Pr\u00e4sentationen, z.B. beim Modell der Reede von Texel und der Schiffskiste von Jacob Haafner.\" \/>\n<meta property=\"og:url\" content=\"https:\/\/kaapskil.nl\/de\/unterstuetze-kaap-skil\/werde-ehrenamtlicher\/\" \/>\n<meta property=\"og:site_name\" content=\"Museum Kaap Skil\" \/>\n<meta property=\"article:modified_time\" content=\"2020-05-27T12:59:41+00:00\" \/>\n<meta property=\"og:image\" content=\"https:\/\/kaapskil.nl\/wp-content\/uploads\/2020\/05\/VrijwilligerKaap_Skil_Sfeerbeelden_70_StefanKrofft-2019.jpg\" \/>\n\t<meta property=\"og:image:width\" content=\"640\" \/>\n\t<meta property=\"og:image:height\" content=\"400\" \/>\n\t<meta property=\"og:image:type\" content=\"image\/jpeg\" \/>\n<meta name=\"twitter:card\" content=\"summary_large_image\" \/>\n<script type=\"application\/ld+json\" class=\"yoast-schema-graph\">{\"@context\":\"https:\\\/\\\/schema.org\",\"@graph\":[{\"@type\":\"WebPage\",\"@id\":\"https:\\\/\\\/kaapskil.nl\\\/de\\\/unterstuetze-kaap-skil\\\/werde-ehrenamtlicher\\\/\",\"url\":\"https:\\\/\\\/kaapskil.nl\\\/de\\\/unterstuetze-kaap-skil\\\/werde-ehrenamtlicher\\\/\",\"name\":\"Werde Ehrenamtlicher\",\"isPartOf\":{\"@id\":\"https:\\\/\\\/kaapskil.nl\\\/#website\"},\"primaryImageOfPage\":{\"@id\":\"https:\\\/\\\/kaapskil.nl\\\/de\\\/unterstuetze-kaap-skil\\\/werde-ehrenamtlicher\\\/#primaryimage\"},\"image\":{\"@id\":\"https:\\\/\\\/kaapskil.nl\\\/de\\\/unterstuetze-kaap-skil\\\/werde-ehrenamtlicher\\\/#primaryimage\"},\"thumbnailUrl\":\"https:\\\/\\\/kaapskil.nl\\\/wp-content\\\/uploads\\\/2020\\\/05\\\/VrijwilligerKaap_Skil_Sfeerbeelden_70_StefanKrofft-2019.jpg\",\"datePublished\":\"2018-03-21T12:44:11+00:00\",\"dateModified\":\"2020-05-27T12:59:41+00:00\",\"description\":\"Ehrenamtliche sind f\u00fcr das Museum Kaap Skil sehr wichtig. Dank ihnen wird das Freilichtmuseum mit Aktivit\u00e4ten zum Leben erweckt. Besonders ausgebildete Museumsf\u00fchrer geben Pr\u00e4sentationen, z.B. beim Modell der Reede von Texel und der Schiffskiste von Jacob Haafner.\",\"breadcrumb\":{\"@id\":\"https:\\\/\\\/kaapskil.nl\\\/de\\\/unterstuetze-kaap-skil\\\/werde-ehrenamtlicher\\\/#breadcrumb\"},\"inLanguage\":\"de-DE\",\"potentialAction\":[{\"@type\":\"ReadAction\",\"target\":[\"https:\\\/\\\/kaapskil.nl\\\/de\\\/unterstuetze-kaap-skil\\\/werde-ehrenamtlicher\\\/\"]}]},{\"@type\":\"ImageObject\",\"inLanguage\":\"de-DE\",\"@id\":\"https:\\\/\\\/kaapskil.nl\\\/de\\\/unterstuetze-kaap-skil\\\/werde-ehrenamtlicher\\\/#primaryimage\",\"url\":\"https:\\\/\\\/kaapskil.nl\\\/wp-content\\\/uploads\\\/2020\\\/05\\\/VrijwilligerKaap_Skil_Sfeerbeelden_70_StefanKrofft-2019.jpg\",\"contentUrl\":\"https:\\\/\\\/kaapskil.nl\\\/wp-content\\\/uploads\\\/2020\\\/05\\\/VrijwilligerKaap_Skil_Sfeerbeelden_70_StefanKrofft-2019.jpg\",\"width\":640,\"height\":400,\"caption\":\"Sfeerbeelden in museum Kaap Skil\"},{\"@type\":\"BreadcrumbList\",\"@id\":\"https:\\\/\\\/kaapskil.nl\\\/de\\\/unterstuetze-kaap-skil\\\/werde-ehrenamtlicher\\\/#breadcrumb\",\"itemListElement\":[{\"@type\":\"ListItem\",\"position\":1,\"name\":\"Home\",\"item\":\"https:\\\/\\\/kaapskil.nl\\\/de\\\/\"},{\"@type\":\"ListItem\",\"position\":2,\"name\":\"Unterst\u00fctze Kaap Skil\",\"item\":\"https:\\\/\\\/kaapskil.nl\\\/de\\\/unterstuetze-kaap-skil\\\/\"},{\"@type\":\"ListItem\",\"position\":3,\"name\":\"Werde Ehrenamtlicher\"}]},{\"@type\":\"WebSite\",\"@id\":\"https:\\\/\\\/kaapskil.nl\\\/#website\",\"url\":\"https:\\\/\\\/kaapskil.nl\\\/\",\"name\":\"Museum Kaap Skil\",\"description\":\"Stichting Texels Museum\",\"potentialAction\":[{\"@type\":\"SearchAction\",\"target\":{\"@type\":\"EntryPoint\",\"urlTemplate\":\"https:\\\/\\\/kaapskil.nl\\\/?s={search_term_string}\"},\"query-input\":{\"@type\":\"PropertyValueSpecification\",\"valueRequired\":true,\"valueName\":\"search_term_string\"}}],\"inLanguage\":\"de-DE\"}]}<\/script>\n<!-- \/ Yoast SEO plugin. -->","yoast_head_json":{"title":"Werde Ehrenamtlicher","description":"Ehrenamtliche sind f\u00fcr das Museum Kaap Skil sehr wichtig. Dank ihnen wird das Freilichtmuseum mit Aktivit\u00e4ten zum Leben erweckt. Besonders ausgebildete Museumsf\u00fchrer geben Pr\u00e4sentationen, z.B. beim Modell der Reede von Texel und der Schiffskiste von Jacob Haafner.","robots":{"index":"index","follow":"follow","max-snippet":"max-snippet:-1","max-image-preview":"max-image-preview:large","max-video-preview":"max-video-preview:-1"},"canonical":"https:\/\/kaapskil.nl\/de\/unterstuetze-kaap-skil\/werde-ehrenamtlicher\/","og_locale":"de_DE","og_type":"article","og_title":"Werde Ehrenamtlicher","og_description":"Ehrenamtliche sind f\u00fcr das Museum Kaap Skil sehr wichtig. Dank ihnen wird das Freilichtmuseum mit Aktivit\u00e4ten zum Leben erweckt. Besonders ausgebildete Museumsf\u00fchrer geben Pr\u00e4sentationen, z.B. beim Modell der Reede von Texel und der Schiffskiste von Jacob Haafner.","og_url":"https:\/\/kaapskil.nl\/de\/unterstuetze-kaap-skil\/werde-ehrenamtlicher\/","og_site_name":"Museum Kaap Skil","article_modified_time":"2020-05-27T12:59:41+00:00","og_image":[{"width":640,"height":400,"url":"https:\/\/kaapskil.nl\/wp-content\/uploads\/2020\/05\/VrijwilligerKaap_Skil_Sfeerbeelden_70_StefanKrofft-2019.jpg","type":"image\/jpeg"}],"twitter_card":"summary_large_image","schema":{"@context":"https:\/\/schema.org","@graph":[{"@type":"WebPage","@id":"https:\/\/kaapskil.nl\/de\/unterstuetze-kaap-skil\/werde-ehrenamtlicher\/","url":"https:\/\/kaapskil.nl\/de\/unterstuetze-kaap-skil\/werde-ehrenamtlicher\/","name":"Werde Ehrenamtlicher","isPartOf":{"@id":"https:\/\/kaapskil.nl\/#website"},"primaryImageOfPage":{"@id":"https:\/\/kaapskil.nl\/de\/unterstuetze-kaap-skil\/werde-ehrenamtlicher\/#primaryimage"},"image":{"@id":"https:\/\/kaapskil.nl\/de\/unterstuetze-kaap-skil\/werde-ehrenamtlicher\/#primaryimage"},"thumbnailUrl":"https:\/\/kaapskil.nl\/wp-content\/uploads\/2020\/05\/VrijwilligerKaap_Skil_Sfeerbeelden_70_StefanKrofft-2019.jpg","datePublished":"2018-03-21T12:44:11+00:00","dateModified":"2020-05-27T12:59:41+00:00","description":"Ehrenamtliche sind f\u00fcr das Museum Kaap Skil sehr wichtig. Dank ihnen wird das Freilichtmuseum mit Aktivit\u00e4ten zum Leben erweckt. Besonders ausgebildete Museumsf\u00fchrer geben Pr\u00e4sentationen, z.B. beim Modell der Reede von Texel und der Schiffskiste von Jacob Haafner.","breadcrumb":{"@id":"https:\/\/kaapskil.nl\/de\/unterstuetze-kaap-skil\/werde-ehrenamtlicher\/#breadcrumb"},"inLanguage":"de-DE","potentialAction":[{"@type":"ReadAction","target":["https:\/\/kaapskil.nl\/de\/unterstuetze-kaap-skil\/werde-ehrenamtlicher\/"]}]},{"@type":"ImageObject","inLanguage":"de-DE","@id":"https:\/\/kaapskil.nl\/de\/unterstuetze-kaap-skil\/werde-ehrenamtlicher\/#primaryimage","url":"https:\/\/kaapskil.nl\/wp-content\/uploads\/2020\/05\/VrijwilligerKaap_Skil_Sfeerbeelden_70_StefanKrofft-2019.jpg","contentUrl":"https:\/\/kaapskil.nl\/wp-content\/uploads\/2020\/05\/VrijwilligerKaap_Skil_Sfeerbeelden_70_StefanKrofft-2019.jpg","width":640,"height":400,"caption":"Sfeerbeelden in museum Kaap Skil"},{"@type":"BreadcrumbList","@id":"https:\/\/kaapskil.nl\/de\/unterstuetze-kaap-skil\/werde-ehrenamtlicher\/#breadcrumb","itemListElement":[{"@type":"ListItem","position":1,"name":"Home","item":"https:\/\/kaapskil.nl\/de\/"},{"@type":"ListItem","position":2,"name":"Unterst\u00fctze Kaap Skil","item":"https:\/\/kaapskil.nl\/de\/unterstuetze-kaap-skil\/"},{"@type":"ListItem","position":3,"name":"Werde Ehrenamtlicher"}]},{"@type":"WebSite","@id":"https:\/\/kaapskil.nl\/#website","url":"https:\/\/kaapskil.nl\/","name":"Museum Kaap Skil","description":"Stichting Texels Museum","potentialAction":[{"@type":"SearchAction","target":{"@type":"EntryPoint","urlTemplate":"https:\/\/kaapskil.nl\/?s={search_term_string}"},"query-input":{"@type":"PropertyValueSpecification","valueRequired":true,"valueName":"search_term_string"}}],"inLanguage":"de-DE"}]}},"_links":{"self":[{"href":"https:\/\/kaapskil.nl\/de\/wp-json\/wp\/v2\/pages\/1502","targetHints":{"allow":["GET"]}}],"collection":[{"href":"https:\/\/kaapskil.nl\/de\/wp-json\/wp\/v2\/pages"}],"about":[{"href":"https:\/\/kaapskil.nl\/de\/wp-json\/wp\/v2\/types\/page"}],"author":[{"embeddable":true,"href":"https:\/\/kaapskil.nl\/de\/wp-json\/wp\/v2\/users\/29"}],"replies":[{"embeddable":true,"href":"https:\/\/kaapskil.nl\/de\/wp-json\/wp\/v2\/comments?post=1502"}],"version-history":[{"count":0,"href":"https:\/\/kaapskil.nl\/de\/wp-json\/wp\/v2\/pages\/1502\/revisions"}],"up":[{"embeddable":true,"href":"https:\/\/kaapskil.nl\/de\/wp-json\/wp\/v2\/pages\/1567"}],"wp:featuredmedia":[{"embeddable":true,"href":"https:\/\/kaapskil.nl\/de\/wp-json\/wp\/v2\/media\/5983"}],"wp:attachment":[{"href":"https:\/\/kaapskil.nl\/de\/wp-json\/wp\/v2\/media?parent=1502"}],"wp:term":[{"taxonomy":"category","embeddable":true,"href":"https:\/\/kaapskil.nl\/de\/wp-json\/wp\/v2\/categories?post=1502"},{"taxonomy":"post_tag","embeddable":true,"href":"https:\/\/kaapskil.nl\/de\/wp-json\/wp\/v2\/tags?post=1502"}],"curies":[{"name":"wp","href":"https:\/\/api.w.org\/{rel}","templated":true}]}}