{"id":1508,"date":"2018-03-20T08:58:50","date_gmt":"2018-03-20T08:58:50","guid":{"rendered":"http:\/\/kaapskilnl.web1.prod.raadhuis.com\/besuchen\/gebaeude\/monumentale-graanpakhuizen\/"},"modified":"2020-05-25T12:11:31","modified_gmt":"2020-05-25T11:11:31","slug":"monumentales-packhaeuser","status":"publish","type":"page","link":"https:\/\/kaapskil.nl\/de\/entdecken\/gebaeude\/monumentales-packhaeuser\/","title":{"rendered":"Monumentales Packh\u00e4user"},"content":{"rendered":"<p><img loading=\"lazy\" decoding=\"async\" class=\"alignright size-full wp-image-942\" src=\"https:\/\/kaapskil.nl\/wp-content\/uploads\/2018\/03\/takel-graanpakhuis.jpg\" alt=\"\" width=\"640\" height=\"957\" srcset=\"https:\/\/kaapskil.nl\/wp-content\/uploads\/2018\/03\/takel-graanpakhuis.jpg 640w, https:\/\/kaapskil.nl\/wp-content\/uploads\/2018\/03\/takel-graanpakhuis-201x300.jpg 201w\" sizes=\"auto, (max-width: 640px) 100vw, 640px\" \/><strong>Auf dem Museumsgel\u00e4nde stehen zwei Packh\u00e4user aus Backstein aus dem neunzehnten Jahrhundert. Im Inneren sind die Geb\u00e4ude miteinander verbunden. 1902 wurde die M\u00fchle De Traanroeier daneben aufgestellt, wonach die Packh\u00e4user der Firma Dros als Lager f\u00fcr Tausende Kilo Getreide dienten.<\/strong><\/p>\n<p>Das Packhaus hatte urspr\u00fcnglich nur eine Etage. Im Ersten Weltkrieg wurde das Geb\u00e4ude um eine zweite Etage erweitert. Das Heben der schweren Mehl- und Getreides\u00e4cke geschah mit Seil und Blockrolle. Der Hebebalken und die Luke am Giebel erinnern noch daran. Das Getreide wurde \u00fcber die Verbindungsbr\u00fccke zwischen dem Getreidepackhaus und der M\u00fchle transportiert. Um das Gewicht des ganzen Getreides tragen zu k\u00f6nnen, war eine starke Balkenkonstruktion n\u00f6tig. Diese ist im Inneren gut zu sehen.<\/p>\n<p>Heute ist dieses nationale Denkmal teil des Museums. Im Winter 2017\/2018 wurde die Au\u00dfenseite des Geb\u00e4udes restauriert. Die Getreidepackh\u00e4user sind f\u00fcr die Besucher des Museums zug\u00e4nglich und enthalten verschiedene Ausstellungen.<\/p>\n","protected":false},"excerpt":{"rendered":"<p>Auf dem Museumsgel\u00e4nde stehen zwei Packh\u00e4user aus Backstein aus dem neunzehnten Jahrhundert. Im Inneren sind die Geb\u00e4ude miteinander verbunden.<\/p>\n","protected":false},"author":1,"featured_media":946,"parent":631,"menu_order":50,"comment_status":"closed","ping_status":"closed","template":"page-templates\/museum-highlight.php","meta":{"_acf_changed":false,"footnotes":""},"categories":[],"tags":[64,34],"class_list":["post-1508","page","type-page","status-publish","has-post-thumbnail","hentry","tag-gebaeude","tag-von-reede-zum-fischerdorf"],"acf":[],"yoast_head":"<!-- This site is optimized with the Yoast SEO plugin v27.4 - https:\/\/yoast.com\/product\/yoast-seo-wordpress\/ -->\n<title>Monumentales Packh\u00e4user<\/title>\n<meta name=\"description\" content=\"Zwei denkmalgesch\u00fctzte Packh\u00e4user sind Teil des Museums Kaap Skil. Wo fr\u00fcher Getreide gelagert wurde, sind jetzt Ausstellungen zu bewundern. Die Packh\u00e4user sind mit der Getreidem\u00fchle verbunden.\" \/>\n<meta name=\"robots\" content=\"index, follow, max-snippet:-1, max-image-preview:large, max-video-preview:-1\" \/>\n<link rel=\"canonical\" href=\"https:\/\/kaapskil.nl\/de\/entdecken\/gebaeude\/monumentales-packhaeuser\/\" \/>\n<meta property=\"og:locale\" content=\"de_DE\" \/>\n<meta property=\"og:type\" content=\"article\" \/>\n<meta property=\"og:title\" content=\"Monumentales Packh\u00e4user\" \/>\n<meta property=\"og:description\" content=\"Zwei denkmalgesch\u00fctzte Packh\u00e4user sind Teil des Museums Kaap Skil. Wo fr\u00fcher Getreide gelagert wurde, sind jetzt Ausstellungen zu bewundern. Die Packh\u00e4user sind mit der Getreidem\u00fchle verbunden.\" \/>\n<meta property=\"og:url\" content=\"https:\/\/kaapskil.nl\/de\/entdecken\/gebaeude\/monumentales-packhaeuser\/\" \/>\n<meta property=\"og:site_name\" content=\"Museum Kaap Skil\" \/>\n<meta property=\"article:modified_time\" content=\"2020-05-25T11:11:31+00:00\" \/>\n<meta property=\"og:image\" content=\"https:\/\/kaapskil.nl\/wp-content\/uploads\/2018\/03\/graanpakhuis.jpg\" \/>\n\t<meta property=\"og:image:width\" content=\"640\" \/>\n\t<meta property=\"og:image:height\" content=\"477\" \/>\n\t<meta property=\"og:image:type\" content=\"image\/jpeg\" \/>\n<meta name=\"twitter:card\" content=\"summary_large_image\" \/>\n<meta name=\"twitter:label1\" content=\"Est. reading time\" \/>\n\t<meta name=\"twitter:data1\" content=\"1 minute\" \/>\n<script type=\"application\/ld+json\" class=\"yoast-schema-graph\">{\"@context\":\"https:\\\/\\\/schema.org\",\"@graph\":[{\"@type\":\"WebPage\",\"@id\":\"https:\\\/\\\/kaapskil.nl\\\/de\\\/entdecken\\\/gebaeude\\\/monumentales-packhaeuser\\\/\",\"url\":\"https:\\\/\\\/kaapskil.nl\\\/de\\\/entdecken\\\/gebaeude\\\/monumentales-packhaeuser\\\/\",\"name\":\"Monumentales Packh\u00e4user\",\"isPartOf\":{\"@id\":\"https:\\\/\\\/kaapskil.nl\\\/#website\"},\"primaryImageOfPage\":{\"@id\":\"https:\\\/\\\/kaapskil.nl\\\/de\\\/entdecken\\\/gebaeude\\\/monumentales-packhaeuser\\\/#primaryimage\"},\"image\":{\"@id\":\"https:\\\/\\\/kaapskil.nl\\\/de\\\/entdecken\\\/gebaeude\\\/monumentales-packhaeuser\\\/#primaryimage\"},\"thumbnailUrl\":\"https:\\\/\\\/kaapskil.nl\\\/wp-content\\\/uploads\\\/2018\\\/03\\\/graanpakhuis.jpg\",\"datePublished\":\"2018-03-20T08:58:50+00:00\",\"dateModified\":\"2020-05-25T11:11:31+00:00\",\"description\":\"Zwei denkmalgesch\u00fctzte Packh\u00e4user sind Teil des Museums Kaap Skil. Wo fr\u00fcher Getreide gelagert wurde, sind jetzt Ausstellungen zu bewundern. Die Packh\u00e4user sind mit der Getreidem\u00fchle verbunden.\",\"breadcrumb\":{\"@id\":\"https:\\\/\\\/kaapskil.nl\\\/de\\\/entdecken\\\/gebaeude\\\/monumentales-packhaeuser\\\/#breadcrumb\"},\"inLanguage\":\"de-DE\",\"potentialAction\":[{\"@type\":\"ReadAction\",\"target\":[\"https:\\\/\\\/kaapskil.nl\\\/de\\\/entdecken\\\/gebaeude\\\/monumentales-packhaeuser\\\/\"]}]},{\"@type\":\"ImageObject\",\"inLanguage\":\"de-DE\",\"@id\":\"https:\\\/\\\/kaapskil.nl\\\/de\\\/entdecken\\\/gebaeude\\\/monumentales-packhaeuser\\\/#primaryimage\",\"url\":\"https:\\\/\\\/kaapskil.nl\\\/wp-content\\\/uploads\\\/2018\\\/03\\\/graanpakhuis.jpg\",\"contentUrl\":\"https:\\\/\\\/kaapskil.nl\\\/wp-content\\\/uploads\\\/2018\\\/03\\\/graanpakhuis.jpg\",\"width\":640,\"height\":477},{\"@type\":\"BreadcrumbList\",\"@id\":\"https:\\\/\\\/kaapskil.nl\\\/de\\\/entdecken\\\/gebaeude\\\/monumentales-packhaeuser\\\/#breadcrumb\",\"itemListElement\":[{\"@type\":\"ListItem\",\"position\":1,\"name\":\"Home\",\"item\":\"https:\\\/\\\/kaapskil.nl\\\/de\\\/\"},{\"@type\":\"ListItem\",\"position\":2,\"name\":\"Entdecken\",\"item\":\"https:\\\/\\\/kaapskil.nl\\\/de\\\/entdecken\\\/\"},{\"@type\":\"ListItem\",\"position\":3,\"name\":\"Geb\u00e4ude\",\"item\":\"https:\\\/\\\/kaapskil.nl\\\/de\\\/entdecken\\\/gebaeude\\\/\"},{\"@type\":\"ListItem\",\"position\":4,\"name\":\"Monumentales Packh\u00e4user\"}]},{\"@type\":\"WebSite\",\"@id\":\"https:\\\/\\\/kaapskil.nl\\\/#website\",\"url\":\"https:\\\/\\\/kaapskil.nl\\\/\",\"name\":\"Museum Kaap Skil\",\"description\":\"Stichting Texels Museum\",\"potentialAction\":[{\"@type\":\"SearchAction\",\"target\":{\"@type\":\"EntryPoint\",\"urlTemplate\":\"https:\\\/\\\/kaapskil.nl\\\/?s={search_term_string}\"},\"query-input\":{\"@type\":\"PropertyValueSpecification\",\"valueRequired\":true,\"valueName\":\"search_term_string\"}}],\"inLanguage\":\"de-DE\"}]}<\/script>\n<!-- \/ Yoast SEO plugin. -->","yoast_head_json":{"title":"Monumentales Packh\u00e4user","description":"Zwei denkmalgesch\u00fctzte Packh\u00e4user sind Teil des Museums Kaap Skil. Wo fr\u00fcher Getreide gelagert wurde, sind jetzt Ausstellungen zu bewundern. Die Packh\u00e4user sind mit der Getreidem\u00fchle verbunden.","robots":{"index":"index","follow":"follow","max-snippet":"max-snippet:-1","max-image-preview":"max-image-preview:large","max-video-preview":"max-video-preview:-1"},"canonical":"https:\/\/kaapskil.nl\/de\/entdecken\/gebaeude\/monumentales-packhaeuser\/","og_locale":"de_DE","og_type":"article","og_title":"Monumentales Packh\u00e4user","og_description":"Zwei denkmalgesch\u00fctzte Packh\u00e4user sind Teil des Museums Kaap Skil. Wo fr\u00fcher Getreide gelagert wurde, sind jetzt Ausstellungen zu bewundern. Die Packh\u00e4user sind mit der Getreidem\u00fchle verbunden.","og_url":"https:\/\/kaapskil.nl\/de\/entdecken\/gebaeude\/monumentales-packhaeuser\/","og_site_name":"Museum Kaap Skil","article_modified_time":"2020-05-25T11:11:31+00:00","og_image":[{"width":640,"height":477,"url":"https:\/\/kaapskil.nl\/wp-content\/uploads\/2018\/03\/graanpakhuis.jpg","type":"image\/jpeg"}],"twitter_card":"summary_large_image","twitter_misc":{"Est. reading time":"1 minute"},"schema":{"@context":"https:\/\/schema.org","@graph":[{"@type":"WebPage","@id":"https:\/\/kaapskil.nl\/de\/entdecken\/gebaeude\/monumentales-packhaeuser\/","url":"https:\/\/kaapskil.nl\/de\/entdecken\/gebaeude\/monumentales-packhaeuser\/","name":"Monumentales Packh\u00e4user","isPartOf":{"@id":"https:\/\/kaapskil.nl\/#website"},"primaryImageOfPage":{"@id":"https:\/\/kaapskil.nl\/de\/entdecken\/gebaeude\/monumentales-packhaeuser\/#primaryimage"},"image":{"@id":"https:\/\/kaapskil.nl\/de\/entdecken\/gebaeude\/monumentales-packhaeuser\/#primaryimage"},"thumbnailUrl":"https:\/\/kaapskil.nl\/wp-content\/uploads\/2018\/03\/graanpakhuis.jpg","datePublished":"2018-03-20T08:58:50+00:00","dateModified":"2020-05-25T11:11:31+00:00","description":"Zwei denkmalgesch\u00fctzte Packh\u00e4user sind Teil des Museums Kaap Skil. Wo fr\u00fcher Getreide gelagert wurde, sind jetzt Ausstellungen zu bewundern. Die Packh\u00e4user sind mit der Getreidem\u00fchle verbunden.","breadcrumb":{"@id":"https:\/\/kaapskil.nl\/de\/entdecken\/gebaeude\/monumentales-packhaeuser\/#breadcrumb"},"inLanguage":"de-DE","potentialAction":[{"@type":"ReadAction","target":["https:\/\/kaapskil.nl\/de\/entdecken\/gebaeude\/monumentales-packhaeuser\/"]}]},{"@type":"ImageObject","inLanguage":"de-DE","@id":"https:\/\/kaapskil.nl\/de\/entdecken\/gebaeude\/monumentales-packhaeuser\/#primaryimage","url":"https:\/\/kaapskil.nl\/wp-content\/uploads\/2018\/03\/graanpakhuis.jpg","contentUrl":"https:\/\/kaapskil.nl\/wp-content\/uploads\/2018\/03\/graanpakhuis.jpg","width":640,"height":477},{"@type":"BreadcrumbList","@id":"https:\/\/kaapskil.nl\/de\/entdecken\/gebaeude\/monumentales-packhaeuser\/#breadcrumb","itemListElement":[{"@type":"ListItem","position":1,"name":"Home","item":"https:\/\/kaapskil.nl\/de\/"},{"@type":"ListItem","position":2,"name":"Entdecken","item":"https:\/\/kaapskil.nl\/de\/entdecken\/"},{"@type":"ListItem","position":3,"name":"Geb\u00e4ude","item":"https:\/\/kaapskil.nl\/de\/entdecken\/gebaeude\/"},{"@type":"ListItem","position":4,"name":"Monumentales Packh\u00e4user"}]},{"@type":"WebSite","@id":"https:\/\/kaapskil.nl\/#website","url":"https:\/\/kaapskil.nl\/","name":"Museum Kaap Skil","description":"Stichting Texels Museum","potentialAction":[{"@type":"SearchAction","target":{"@type":"EntryPoint","urlTemplate":"https:\/\/kaapskil.nl\/?s={search_term_string}"},"query-input":{"@type":"PropertyValueSpecification","valueRequired":true,"valueName":"search_term_string"}}],"inLanguage":"de-DE"}]}},"_links":{"self":[{"href":"https:\/\/kaapskil.nl\/de\/wp-json\/wp\/v2\/pages\/1508","targetHints":{"allow":["GET"]}}],"collection":[{"href":"https:\/\/kaapskil.nl\/de\/wp-json\/wp\/v2\/pages"}],"about":[{"href":"https:\/\/kaapskil.nl\/de\/wp-json\/wp\/v2\/types\/page"}],"author":[{"embeddable":true,"href":"https:\/\/kaapskil.nl\/de\/wp-json\/wp\/v2\/users\/1"}],"replies":[{"embeddable":true,"href":"https:\/\/kaapskil.nl\/de\/wp-json\/wp\/v2\/comments?post=1508"}],"version-history":[{"count":0,"href":"https:\/\/kaapskil.nl\/de\/wp-json\/wp\/v2\/pages\/1508\/revisions"}],"up":[{"embeddable":true,"href":"https:\/\/kaapskil.nl\/de\/wp-json\/wp\/v2\/pages\/631"}],"wp:featuredmedia":[{"embeddable":true,"href":"https:\/\/kaapskil.nl\/de\/wp-json\/wp\/v2\/media\/946"}],"wp:attachment":[{"href":"https:\/\/kaapskil.nl\/de\/wp-json\/wp\/v2\/media?parent=1508"}],"wp:term":[{"taxonomy":"category","embeddable":true,"href":"https:\/\/kaapskil.nl\/de\/wp-json\/wp\/v2\/categories?post=1508"},{"taxonomy":"post_tag","embeddable":true,"href":"https:\/\/kaapskil.nl\/de\/wp-json\/wp\/v2\/tags?post=1508"}],"curies":[{"name":"wp","href":"https:\/\/api.w.org\/{rel}","templated":true}]}}