{"id":1511,"date":"2018-03-20T12:44:58","date_gmt":"2018-03-20T12:44:58","guid":{"rendered":"http:\/\/kaapskilnl.web1.prod.raadhuis.com\/?page_id=1511"},"modified":"2020-05-25T12:15:28","modified_gmt":"2020-05-25T11:15:28","slug":"denkmalgeschuetzten-seegrasscheune","status":"publish","type":"page","link":"https:\/\/kaapskil.nl\/de\/entdecken\/gebaeude\/denkmalgeschuetzten-seegrasscheune\/","title":{"rendered":"Denkmalgesch\u00fctzten Seegrasscheune"},"content":{"rendered":"<p><strong><img loading=\"lazy\" decoding=\"async\" class=\"alignright wp-image-2134 size-full\" src=\"https:\/\/kaapskil.nl\/wp-content\/uploads\/2018\/03\/juttersschuur.jpg\" alt=\"Juttersschuur\" width=\"640\" height=\"400\" srcset=\"https:\/\/kaapskil.nl\/wp-content\/uploads\/2018\/03\/juttersschuur.jpg 640w, https:\/\/kaapskil.nl\/wp-content\/uploads\/2018\/03\/juttersschuur-300x188.jpg 300w\" sizes=\"auto, (max-width: 640px) 100vw, 640px\" \/>In der denkmalgesch\u00fctzten Seegrasscheune auf dem Museumsgel\u00e4nde wurde fr\u00fcher Seegras getrocknet. Seegras war bis in die 30iger Jahre des letzten Jahrhundert ein sehr begehrtes Material, das unter anderem f\u00fcr die Deichverst\u00e4rkung, Hausisolierung und sogar als Matratzenf\u00fcllung genutzt wurde. Das nasse Seegras wurde in Scheunen aufgeh\u00e4ngt und, wenn es getrocknet war, in Ballen gepresst.<\/strong><\/p>\n<p>Die Seegrasscheune bei Kaap Skil ist f\u00fcr die Besucher des Museums zug\u00e4nglich. In diesem nationalen Denkmal befindet sich zur Zeit die Jutterei. In dieser Ausstellung werden Tausende Strandfunde gezeigt und die Jutter erz\u00e4hlen von dieser besonderen Inseltradition.<\/p>\n","protected":false},"excerpt":{"rendered":"<p>Auf dem Gel\u00e4nde von Kaap Skil steht eine denkmalgesch\u00fctzte Seegrasscheune. Heute wird sie f\u00fcr die Jutterei genutzt. Wo fr\u00fcher Seegras gelagert und getrocknet wurde, ist es jetzt gef\u00fcllt mit Strandfunden.<\/p>\n","protected":false},"author":1,"featured_media":2134,"parent":631,"menu_order":50,"comment_status":"closed","ping_status":"closed","template":"page-templates\/museum-highlight.php","meta":{"_acf_changed":false,"footnotes":""},"categories":[],"tags":[64,33],"class_list":["post-1511","page","type-page","status-publish","has-post-thumbnail","hentry","tag-gebaeude","tag-texel-neu-entdeckt"],"acf":[],"yoast_head":"<!-- This site is optimized with the Yoast SEO plugin v27.3 - https:\/\/yoast.com\/product\/yoast-seo-wordpress\/ -->\n<title>Denkmalgesch\u00fctzten Seegrasscheune<\/title>\n<meta name=\"description\" content=\"Auf dem Gel\u00e4nde von Kaap Skil steht eine denkmalgesch\u00fctzte Seegrasscheune. Heute wird sie f\u00fcr die Jutterei genutzt. Wo fr\u00fcher Seegras gelagert und getrocknet wurde, ist es jetzt gef\u00fcllt mit Strandfunden.\" \/>\n<meta name=\"robots\" content=\"index, follow, max-snippet:-1, max-image-preview:large, max-video-preview:-1\" \/>\n<link rel=\"canonical\" href=\"https:\/\/kaapskil.nl\/de\/entdecken\/gebaeude\/denkmalgeschuetzten-seegrasscheune\/\" \/>\n<meta property=\"og:locale\" content=\"de_DE\" \/>\n<meta property=\"og:type\" content=\"article\" \/>\n<meta property=\"og:title\" content=\"Denkmalgesch\u00fctzten Seegrasscheune\" \/>\n<meta property=\"og:description\" content=\"Auf dem Gel\u00e4nde von Kaap Skil steht eine denkmalgesch\u00fctzte Seegrasscheune. Heute wird sie f\u00fcr die Jutterei genutzt. Wo fr\u00fcher Seegras gelagert und getrocknet wurde, ist es jetzt gef\u00fcllt mit Strandfunden.\" \/>\n<meta property=\"og:url\" content=\"https:\/\/kaapskil.nl\/de\/entdecken\/gebaeude\/denkmalgeschuetzten-seegrasscheune\/\" \/>\n<meta property=\"og:site_name\" content=\"Museum Kaap Skil\" \/>\n<meta property=\"article:modified_time\" content=\"2020-05-25T11:15:28+00:00\" \/>\n<meta property=\"og:image\" content=\"https:\/\/kaapskil.nl\/wp-content\/uploads\/2018\/03\/juttersschuur.jpg\" \/>\n\t<meta property=\"og:image:width\" content=\"640\" \/>\n\t<meta property=\"og:image:height\" content=\"400\" \/>\n\t<meta property=\"og:image:type\" content=\"image\/jpeg\" \/>\n<meta name=\"twitter:card\" content=\"summary_large_image\" \/>\n<meta name=\"twitter:label1\" content=\"Est. reading time\" \/>\n\t<meta name=\"twitter:data1\" content=\"1 minute\" \/>\n<script type=\"application\/ld+json\" class=\"yoast-schema-graph\">{\"@context\":\"https:\\\/\\\/schema.org\",\"@graph\":[{\"@type\":\"WebPage\",\"@id\":\"https:\\\/\\\/kaapskil.nl\\\/de\\\/entdecken\\\/gebaeude\\\/denkmalgeschuetzten-seegrasscheune\\\/\",\"url\":\"https:\\\/\\\/kaapskil.nl\\\/de\\\/entdecken\\\/gebaeude\\\/denkmalgeschuetzten-seegrasscheune\\\/\",\"name\":\"Denkmalgesch\u00fctzten Seegrasscheune\",\"isPartOf\":{\"@id\":\"https:\\\/\\\/kaapskil.nl\\\/#website\"},\"primaryImageOfPage\":{\"@id\":\"https:\\\/\\\/kaapskil.nl\\\/de\\\/entdecken\\\/gebaeude\\\/denkmalgeschuetzten-seegrasscheune\\\/#primaryimage\"},\"image\":{\"@id\":\"https:\\\/\\\/kaapskil.nl\\\/de\\\/entdecken\\\/gebaeude\\\/denkmalgeschuetzten-seegrasscheune\\\/#primaryimage\"},\"thumbnailUrl\":\"https:\\\/\\\/kaapskil.nl\\\/wp-content\\\/uploads\\\/2018\\\/03\\\/juttersschuur.jpg\",\"datePublished\":\"2018-03-20T12:44:58+00:00\",\"dateModified\":\"2020-05-25T11:15:28+00:00\",\"description\":\"Auf dem Gel\u00e4nde von Kaap Skil steht eine denkmalgesch\u00fctzte Seegrasscheune. Heute wird sie f\u00fcr die Jutterei genutzt. Wo fr\u00fcher Seegras gelagert und getrocknet wurde, ist es jetzt gef\u00fcllt mit Strandfunden.\",\"breadcrumb\":{\"@id\":\"https:\\\/\\\/kaapskil.nl\\\/de\\\/entdecken\\\/gebaeude\\\/denkmalgeschuetzten-seegrasscheune\\\/#breadcrumb\"},\"inLanguage\":\"de-DE\",\"potentialAction\":[{\"@type\":\"ReadAction\",\"target\":[\"https:\\\/\\\/kaapskil.nl\\\/de\\\/entdecken\\\/gebaeude\\\/denkmalgeschuetzten-seegrasscheune\\\/\"]}]},{\"@type\":\"ImageObject\",\"inLanguage\":\"de-DE\",\"@id\":\"https:\\\/\\\/kaapskil.nl\\\/de\\\/entdecken\\\/gebaeude\\\/denkmalgeschuetzten-seegrasscheune\\\/#primaryimage\",\"url\":\"https:\\\/\\\/kaapskil.nl\\\/wp-content\\\/uploads\\\/2018\\\/03\\\/juttersschuur.jpg\",\"contentUrl\":\"https:\\\/\\\/kaapskil.nl\\\/wp-content\\\/uploads\\\/2018\\\/03\\\/juttersschuur.jpg\",\"width\":640,\"height\":400,\"caption\":\"Juttersschuur\"},{\"@type\":\"BreadcrumbList\",\"@id\":\"https:\\\/\\\/kaapskil.nl\\\/de\\\/entdecken\\\/gebaeude\\\/denkmalgeschuetzten-seegrasscheune\\\/#breadcrumb\",\"itemListElement\":[{\"@type\":\"ListItem\",\"position\":1,\"name\":\"Home\",\"item\":\"https:\\\/\\\/kaapskil.nl\\\/de\\\/\"},{\"@type\":\"ListItem\",\"position\":2,\"name\":\"Entdecken\",\"item\":\"https:\\\/\\\/kaapskil.nl\\\/de\\\/entdecken\\\/\"},{\"@type\":\"ListItem\",\"position\":3,\"name\":\"Geb\u00e4ude\",\"item\":\"https:\\\/\\\/kaapskil.nl\\\/de\\\/entdecken\\\/gebaeude\\\/\"},{\"@type\":\"ListItem\",\"position\":4,\"name\":\"Denkmalgesch\u00fctzten Seegrasscheune\"}]},{\"@type\":\"WebSite\",\"@id\":\"https:\\\/\\\/kaapskil.nl\\\/#website\",\"url\":\"https:\\\/\\\/kaapskil.nl\\\/\",\"name\":\"Museum Kaap Skil\",\"description\":\"Stichting Texels Museum\",\"potentialAction\":[{\"@type\":\"SearchAction\",\"target\":{\"@type\":\"EntryPoint\",\"urlTemplate\":\"https:\\\/\\\/kaapskil.nl\\\/?s={search_term_string}\"},\"query-input\":{\"@type\":\"PropertyValueSpecification\",\"valueRequired\":true,\"valueName\":\"search_term_string\"}}],\"inLanguage\":\"de-DE\"}]}<\/script>\n<!-- \/ Yoast SEO plugin. -->","yoast_head_json":{"title":"Denkmalgesch\u00fctzten Seegrasscheune","description":"Auf dem Gel\u00e4nde von Kaap Skil steht eine denkmalgesch\u00fctzte Seegrasscheune. Heute wird sie f\u00fcr die Jutterei genutzt. Wo fr\u00fcher Seegras gelagert und getrocknet wurde, ist es jetzt gef\u00fcllt mit Strandfunden.","robots":{"index":"index","follow":"follow","max-snippet":"max-snippet:-1","max-image-preview":"max-image-preview:large","max-video-preview":"max-video-preview:-1"},"canonical":"https:\/\/kaapskil.nl\/de\/entdecken\/gebaeude\/denkmalgeschuetzten-seegrasscheune\/","og_locale":"de_DE","og_type":"article","og_title":"Denkmalgesch\u00fctzten Seegrasscheune","og_description":"Auf dem Gel\u00e4nde von Kaap Skil steht eine denkmalgesch\u00fctzte Seegrasscheune. Heute wird sie f\u00fcr die Jutterei genutzt. Wo fr\u00fcher Seegras gelagert und getrocknet wurde, ist es jetzt gef\u00fcllt mit Strandfunden.","og_url":"https:\/\/kaapskil.nl\/de\/entdecken\/gebaeude\/denkmalgeschuetzten-seegrasscheune\/","og_site_name":"Museum Kaap Skil","article_modified_time":"2020-05-25T11:15:28+00:00","og_image":[{"width":640,"height":400,"url":"https:\/\/kaapskil.nl\/wp-content\/uploads\/2018\/03\/juttersschuur.jpg","type":"image\/jpeg"}],"twitter_card":"summary_large_image","twitter_misc":{"Est. reading time":"1 minute"},"schema":{"@context":"https:\/\/schema.org","@graph":[{"@type":"WebPage","@id":"https:\/\/kaapskil.nl\/de\/entdecken\/gebaeude\/denkmalgeschuetzten-seegrasscheune\/","url":"https:\/\/kaapskil.nl\/de\/entdecken\/gebaeude\/denkmalgeschuetzten-seegrasscheune\/","name":"Denkmalgesch\u00fctzten Seegrasscheune","isPartOf":{"@id":"https:\/\/kaapskil.nl\/#website"},"primaryImageOfPage":{"@id":"https:\/\/kaapskil.nl\/de\/entdecken\/gebaeude\/denkmalgeschuetzten-seegrasscheune\/#primaryimage"},"image":{"@id":"https:\/\/kaapskil.nl\/de\/entdecken\/gebaeude\/denkmalgeschuetzten-seegrasscheune\/#primaryimage"},"thumbnailUrl":"https:\/\/kaapskil.nl\/wp-content\/uploads\/2018\/03\/juttersschuur.jpg","datePublished":"2018-03-20T12:44:58+00:00","dateModified":"2020-05-25T11:15:28+00:00","description":"Auf dem Gel\u00e4nde von Kaap Skil steht eine denkmalgesch\u00fctzte Seegrasscheune. Heute wird sie f\u00fcr die Jutterei genutzt. Wo fr\u00fcher Seegras gelagert und getrocknet wurde, ist es jetzt gef\u00fcllt mit Strandfunden.","breadcrumb":{"@id":"https:\/\/kaapskil.nl\/de\/entdecken\/gebaeude\/denkmalgeschuetzten-seegrasscheune\/#breadcrumb"},"inLanguage":"de-DE","potentialAction":[{"@type":"ReadAction","target":["https:\/\/kaapskil.nl\/de\/entdecken\/gebaeude\/denkmalgeschuetzten-seegrasscheune\/"]}]},{"@type":"ImageObject","inLanguage":"de-DE","@id":"https:\/\/kaapskil.nl\/de\/entdecken\/gebaeude\/denkmalgeschuetzten-seegrasscheune\/#primaryimage","url":"https:\/\/kaapskil.nl\/wp-content\/uploads\/2018\/03\/juttersschuur.jpg","contentUrl":"https:\/\/kaapskil.nl\/wp-content\/uploads\/2018\/03\/juttersschuur.jpg","width":640,"height":400,"caption":"Juttersschuur"},{"@type":"BreadcrumbList","@id":"https:\/\/kaapskil.nl\/de\/entdecken\/gebaeude\/denkmalgeschuetzten-seegrasscheune\/#breadcrumb","itemListElement":[{"@type":"ListItem","position":1,"name":"Home","item":"https:\/\/kaapskil.nl\/de\/"},{"@type":"ListItem","position":2,"name":"Entdecken","item":"https:\/\/kaapskil.nl\/de\/entdecken\/"},{"@type":"ListItem","position":3,"name":"Geb\u00e4ude","item":"https:\/\/kaapskil.nl\/de\/entdecken\/gebaeude\/"},{"@type":"ListItem","position":4,"name":"Denkmalgesch\u00fctzten Seegrasscheune"}]},{"@type":"WebSite","@id":"https:\/\/kaapskil.nl\/#website","url":"https:\/\/kaapskil.nl\/","name":"Museum Kaap Skil","description":"Stichting Texels Museum","potentialAction":[{"@type":"SearchAction","target":{"@type":"EntryPoint","urlTemplate":"https:\/\/kaapskil.nl\/?s={search_term_string}"},"query-input":{"@type":"PropertyValueSpecification","valueRequired":true,"valueName":"search_term_string"}}],"inLanguage":"de-DE"}]}},"_links":{"self":[{"href":"https:\/\/kaapskil.nl\/de\/wp-json\/wp\/v2\/pages\/1511","targetHints":{"allow":["GET"]}}],"collection":[{"href":"https:\/\/kaapskil.nl\/de\/wp-json\/wp\/v2\/pages"}],"about":[{"href":"https:\/\/kaapskil.nl\/de\/wp-json\/wp\/v2\/types\/page"}],"author":[{"embeddable":true,"href":"https:\/\/kaapskil.nl\/de\/wp-json\/wp\/v2\/users\/1"}],"replies":[{"embeddable":true,"href":"https:\/\/kaapskil.nl\/de\/wp-json\/wp\/v2\/comments?post=1511"}],"version-history":[{"count":0,"href":"https:\/\/kaapskil.nl\/de\/wp-json\/wp\/v2\/pages\/1511\/revisions"}],"up":[{"embeddable":true,"href":"https:\/\/kaapskil.nl\/de\/wp-json\/wp\/v2\/pages\/631"}],"wp:featuredmedia":[{"embeddable":true,"href":"https:\/\/kaapskil.nl\/de\/wp-json\/wp\/v2\/media\/2134"}],"wp:attachment":[{"href":"https:\/\/kaapskil.nl\/de\/wp-json\/wp\/v2\/media?parent=1511"}],"wp:term":[{"taxonomy":"category","embeddable":true,"href":"https:\/\/kaapskil.nl\/de\/wp-json\/wp\/v2\/categories?post=1511"},{"taxonomy":"post_tag","embeddable":true,"href":"https:\/\/kaapskil.nl\/de\/wp-json\/wp\/v2\/tags?post=1511"}],"curies":[{"name":"wp","href":"https:\/\/api.w.org\/{rel}","templated":true}]}}