{"id":1513,"date":"2018-03-20T12:54:49","date_gmt":"2018-03-20T12:54:49","guid":{"rendered":"http:\/\/kaapskilnl.web1.prod.raadhuis.com\/besuchen\/gebaeude\/texelse-wierschuur\/"},"modified":"2020-05-25T12:19:07","modified_gmt":"2020-05-25T11:19:07","slug":"die-texeler-seegrasscheune","status":"publish","type":"page","link":"https:\/\/kaapskil.nl\/de\/entdecken\/gebaeude\/die-texeler-seegrasscheune\/","title":{"rendered":"Die Texeler Seegrasscheune"},"content":{"rendered":"<p><img loading=\"lazy\" decoding=\"async\" class=\"alignright size-full wp-image-953\" src=\"http:\/\/kaapskilnl.web1.prod.raadhuis.com\/wp-content\/uploads\/2018\/03\/noordkaap.jpg\" alt=\"\" width=\"640\" height=\"477\" srcset=\"https:\/\/kaapskil.nl\/wp-content\/uploads\/2018\/03\/noordkaap.jpg 640w, https:\/\/kaapskil.nl\/wp-content\/uploads\/2018\/03\/noordkaap-300x224.jpg 300w\" sizes=\"auto, (max-width: 640px) 100vw, 640px\" \/><strong>Die Texeler Seegrasscheune auf dem Museumsgel\u00e4nde ist Bestandteil des Geb\u00e4udes De Noordkaap. Die Seegrasscheune stand urspr\u00fcnglich auf dem Hoge Berg. Die Scheune wurde um das Jahr 1900 gebaut. Seegras war bis in die 30iger Jahre des letzten Jahrhundert ein sehr begehrtes Material, das unter anderem f\u00fcr die Deichverst\u00e4rkung, Hausisolierung und sogar als Matratzenf\u00fcllung genutzt wurde. Das nasse Seegras wurde in derartigen Scheunen zum Trocknen aufgeh\u00e4ngt und danach in Ballen gepresst.<\/strong><\/p>\n<p>1984 wurde die Seegrasscheune in das Museum Kaap Skil gebracht, f\u00fcr die Unterbringung der \u00dcberreste des Fischerschiffes TX11 aus dem 19. Jahrhundert. Mit diesem Schiff, einem &#8216;Blazer&#8217;, wurde in der ersten H\u00e4lfte des vorigen Jahrhunderts auf der Nordsee gefischt.<\/p>\n","protected":false},"excerpt":{"rendered":"<p>Die Texeler Seegrasscheune auf dem Museumsgel\u00e4nde ist Bestandteil des Geb\u00e4udes De Noordkaap. Die Seegrasscheune stand urspr\u00fcnglich auf dem Hoge Berg. Die Scheune wurde um das Jahr 1900 gebaut.<\/p>\n","protected":false},"author":1,"featured_media":953,"parent":631,"menu_order":70,"comment_status":"closed","ping_status":"closed","template":"page-templates\/museum-highlight.php","meta":{"_acf_changed":false,"footnotes":""},"categories":[],"tags":[64,34],"class_list":["post-1513","page","type-page","status-publish","has-post-thumbnail","hentry","tag-gebaeude","tag-von-reede-zum-fischerdorf"],"acf":[],"yoast_head":"<!-- This site is optimized with the Yoast SEO plugin v27.4 - https:\/\/yoast.com\/product\/yoast-seo-wordpress\/ -->\n<title>Die Texeler Seegrasscheune<\/title>\n<meta name=\"description\" content=\"Eine alte Texeler Seegrasscheune ist jetzt Ausstellungsraum im Museum Kaap Skil. Es sind u.a. die \u00dcberreste von einem Fischerschiff und eine Ausstellung \u00fcber die Fischerei zu sehen.\" \/>\n<meta name=\"robots\" content=\"index, follow, max-snippet:-1, max-image-preview:large, max-video-preview:-1\" \/>\n<link rel=\"canonical\" href=\"https:\/\/kaapskil.nl\/de\/entdecken\/gebaeude\/die-texeler-seegrasscheune\/\" \/>\n<meta property=\"og:locale\" content=\"de_DE\" \/>\n<meta property=\"og:type\" content=\"article\" \/>\n<meta property=\"og:title\" content=\"Die Texeler Seegrasscheune\" \/>\n<meta property=\"og:description\" content=\"Eine alte Texeler Seegrasscheune ist jetzt Ausstellungsraum im Museum Kaap Skil. Es sind u.a. die \u00dcberreste von einem Fischerschiff und eine Ausstellung \u00fcber die Fischerei zu sehen.\" \/>\n<meta property=\"og:url\" content=\"https:\/\/kaapskil.nl\/de\/entdecken\/gebaeude\/die-texeler-seegrasscheune\/\" \/>\n<meta property=\"og:site_name\" content=\"Museum Kaap Skil\" \/>\n<meta property=\"article:modified_time\" content=\"2020-05-25T11:19:07+00:00\" \/>\n<meta property=\"og:image\" content=\"https:\/\/kaapskil.nl\/wp-content\/uploads\/2018\/03\/noordkaap.jpg\" \/>\n\t<meta property=\"og:image:width\" content=\"640\" \/>\n\t<meta property=\"og:image:height\" content=\"477\" \/>\n\t<meta property=\"og:image:type\" content=\"image\/jpeg\" \/>\n<meta name=\"twitter:card\" content=\"summary_large_image\" \/>\n<meta name=\"twitter:label1\" content=\"Est. reading time\" \/>\n\t<meta name=\"twitter:data1\" content=\"1 minute\" \/>\n<script type=\"application\/ld+json\" class=\"yoast-schema-graph\">{\"@context\":\"https:\\\/\\\/schema.org\",\"@graph\":[{\"@type\":\"WebPage\",\"@id\":\"https:\\\/\\\/kaapskil.nl\\\/de\\\/entdecken\\\/gebaeude\\\/die-texeler-seegrasscheune\\\/\",\"url\":\"https:\\\/\\\/kaapskil.nl\\\/de\\\/entdecken\\\/gebaeude\\\/die-texeler-seegrasscheune\\\/\",\"name\":\"Die Texeler Seegrasscheune\",\"isPartOf\":{\"@id\":\"https:\\\/\\\/kaapskil.nl\\\/#website\"},\"primaryImageOfPage\":{\"@id\":\"https:\\\/\\\/kaapskil.nl\\\/de\\\/entdecken\\\/gebaeude\\\/die-texeler-seegrasscheune\\\/#primaryimage\"},\"image\":{\"@id\":\"https:\\\/\\\/kaapskil.nl\\\/de\\\/entdecken\\\/gebaeude\\\/die-texeler-seegrasscheune\\\/#primaryimage\"},\"thumbnailUrl\":\"https:\\\/\\\/kaapskil.nl\\\/wp-content\\\/uploads\\\/2018\\\/03\\\/noordkaap.jpg\",\"datePublished\":\"2018-03-20T12:54:49+00:00\",\"dateModified\":\"2020-05-25T11:19:07+00:00\",\"description\":\"Eine alte Texeler Seegrasscheune ist jetzt Ausstellungsraum im Museum Kaap Skil. Es sind u.a. die \u00dcberreste von einem Fischerschiff und eine Ausstellung \u00fcber die Fischerei zu sehen.\",\"breadcrumb\":{\"@id\":\"https:\\\/\\\/kaapskil.nl\\\/de\\\/entdecken\\\/gebaeude\\\/die-texeler-seegrasscheune\\\/#breadcrumb\"},\"inLanguage\":\"de-DE\",\"potentialAction\":[{\"@type\":\"ReadAction\",\"target\":[\"https:\\\/\\\/kaapskil.nl\\\/de\\\/entdecken\\\/gebaeude\\\/die-texeler-seegrasscheune\\\/\"]}]},{\"@type\":\"ImageObject\",\"inLanguage\":\"de-DE\",\"@id\":\"https:\\\/\\\/kaapskil.nl\\\/de\\\/entdecken\\\/gebaeude\\\/die-texeler-seegrasscheune\\\/#primaryimage\",\"url\":\"https:\\\/\\\/kaapskil.nl\\\/wp-content\\\/uploads\\\/2018\\\/03\\\/noordkaap.jpg\",\"contentUrl\":\"https:\\\/\\\/kaapskil.nl\\\/wp-content\\\/uploads\\\/2018\\\/03\\\/noordkaap.jpg\",\"width\":640,\"height\":477},{\"@type\":\"BreadcrumbList\",\"@id\":\"https:\\\/\\\/kaapskil.nl\\\/de\\\/entdecken\\\/gebaeude\\\/die-texeler-seegrasscheune\\\/#breadcrumb\",\"itemListElement\":[{\"@type\":\"ListItem\",\"position\":1,\"name\":\"Home\",\"item\":\"https:\\\/\\\/kaapskil.nl\\\/de\\\/\"},{\"@type\":\"ListItem\",\"position\":2,\"name\":\"Entdecken\",\"item\":\"https:\\\/\\\/kaapskil.nl\\\/de\\\/entdecken\\\/\"},{\"@type\":\"ListItem\",\"position\":3,\"name\":\"Geb\u00e4ude\",\"item\":\"https:\\\/\\\/kaapskil.nl\\\/de\\\/entdecken\\\/gebaeude\\\/\"},{\"@type\":\"ListItem\",\"position\":4,\"name\":\"Die Texeler Seegrasscheune\"}]},{\"@type\":\"WebSite\",\"@id\":\"https:\\\/\\\/kaapskil.nl\\\/#website\",\"url\":\"https:\\\/\\\/kaapskil.nl\\\/\",\"name\":\"Museum Kaap Skil\",\"description\":\"Stichting Texels Museum\",\"potentialAction\":[{\"@type\":\"SearchAction\",\"target\":{\"@type\":\"EntryPoint\",\"urlTemplate\":\"https:\\\/\\\/kaapskil.nl\\\/?s={search_term_string}\"},\"query-input\":{\"@type\":\"PropertyValueSpecification\",\"valueRequired\":true,\"valueName\":\"search_term_string\"}}],\"inLanguage\":\"de-DE\"}]}<\/script>\n<!-- \/ Yoast SEO plugin. -->","yoast_head_json":{"title":"Die Texeler Seegrasscheune","description":"Eine alte Texeler Seegrasscheune ist jetzt Ausstellungsraum im Museum Kaap Skil. Es sind u.a. die \u00dcberreste von einem Fischerschiff und eine Ausstellung \u00fcber die Fischerei zu sehen.","robots":{"index":"index","follow":"follow","max-snippet":"max-snippet:-1","max-image-preview":"max-image-preview:large","max-video-preview":"max-video-preview:-1"},"canonical":"https:\/\/kaapskil.nl\/de\/entdecken\/gebaeude\/die-texeler-seegrasscheune\/","og_locale":"de_DE","og_type":"article","og_title":"Die Texeler Seegrasscheune","og_description":"Eine alte Texeler Seegrasscheune ist jetzt Ausstellungsraum im Museum Kaap Skil. Es sind u.a. die \u00dcberreste von einem Fischerschiff und eine Ausstellung \u00fcber die Fischerei zu sehen.","og_url":"https:\/\/kaapskil.nl\/de\/entdecken\/gebaeude\/die-texeler-seegrasscheune\/","og_site_name":"Museum Kaap Skil","article_modified_time":"2020-05-25T11:19:07+00:00","og_image":[{"width":640,"height":477,"url":"https:\/\/kaapskil.nl\/wp-content\/uploads\/2018\/03\/noordkaap.jpg","type":"image\/jpeg"}],"twitter_card":"summary_large_image","twitter_misc":{"Est. reading time":"1 minute"},"schema":{"@context":"https:\/\/schema.org","@graph":[{"@type":"WebPage","@id":"https:\/\/kaapskil.nl\/de\/entdecken\/gebaeude\/die-texeler-seegrasscheune\/","url":"https:\/\/kaapskil.nl\/de\/entdecken\/gebaeude\/die-texeler-seegrasscheune\/","name":"Die Texeler Seegrasscheune","isPartOf":{"@id":"https:\/\/kaapskil.nl\/#website"},"primaryImageOfPage":{"@id":"https:\/\/kaapskil.nl\/de\/entdecken\/gebaeude\/die-texeler-seegrasscheune\/#primaryimage"},"image":{"@id":"https:\/\/kaapskil.nl\/de\/entdecken\/gebaeude\/die-texeler-seegrasscheune\/#primaryimage"},"thumbnailUrl":"https:\/\/kaapskil.nl\/wp-content\/uploads\/2018\/03\/noordkaap.jpg","datePublished":"2018-03-20T12:54:49+00:00","dateModified":"2020-05-25T11:19:07+00:00","description":"Eine alte Texeler Seegrasscheune ist jetzt Ausstellungsraum im Museum Kaap Skil. Es sind u.a. die \u00dcberreste von einem Fischerschiff und eine Ausstellung \u00fcber die Fischerei zu sehen.","breadcrumb":{"@id":"https:\/\/kaapskil.nl\/de\/entdecken\/gebaeude\/die-texeler-seegrasscheune\/#breadcrumb"},"inLanguage":"de-DE","potentialAction":[{"@type":"ReadAction","target":["https:\/\/kaapskil.nl\/de\/entdecken\/gebaeude\/die-texeler-seegrasscheune\/"]}]},{"@type":"ImageObject","inLanguage":"de-DE","@id":"https:\/\/kaapskil.nl\/de\/entdecken\/gebaeude\/die-texeler-seegrasscheune\/#primaryimage","url":"https:\/\/kaapskil.nl\/wp-content\/uploads\/2018\/03\/noordkaap.jpg","contentUrl":"https:\/\/kaapskil.nl\/wp-content\/uploads\/2018\/03\/noordkaap.jpg","width":640,"height":477},{"@type":"BreadcrumbList","@id":"https:\/\/kaapskil.nl\/de\/entdecken\/gebaeude\/die-texeler-seegrasscheune\/#breadcrumb","itemListElement":[{"@type":"ListItem","position":1,"name":"Home","item":"https:\/\/kaapskil.nl\/de\/"},{"@type":"ListItem","position":2,"name":"Entdecken","item":"https:\/\/kaapskil.nl\/de\/entdecken\/"},{"@type":"ListItem","position":3,"name":"Geb\u00e4ude","item":"https:\/\/kaapskil.nl\/de\/entdecken\/gebaeude\/"},{"@type":"ListItem","position":4,"name":"Die Texeler Seegrasscheune"}]},{"@type":"WebSite","@id":"https:\/\/kaapskil.nl\/#website","url":"https:\/\/kaapskil.nl\/","name":"Museum Kaap Skil","description":"Stichting Texels Museum","potentialAction":[{"@type":"SearchAction","target":{"@type":"EntryPoint","urlTemplate":"https:\/\/kaapskil.nl\/?s={search_term_string}"},"query-input":{"@type":"PropertyValueSpecification","valueRequired":true,"valueName":"search_term_string"}}],"inLanguage":"de-DE"}]}},"_links":{"self":[{"href":"https:\/\/kaapskil.nl\/de\/wp-json\/wp\/v2\/pages\/1513","targetHints":{"allow":["GET"]}}],"collection":[{"href":"https:\/\/kaapskil.nl\/de\/wp-json\/wp\/v2\/pages"}],"about":[{"href":"https:\/\/kaapskil.nl\/de\/wp-json\/wp\/v2\/types\/page"}],"author":[{"embeddable":true,"href":"https:\/\/kaapskil.nl\/de\/wp-json\/wp\/v2\/users\/1"}],"replies":[{"embeddable":true,"href":"https:\/\/kaapskil.nl\/de\/wp-json\/wp\/v2\/comments?post=1513"}],"version-history":[{"count":0,"href":"https:\/\/kaapskil.nl\/de\/wp-json\/wp\/v2\/pages\/1513\/revisions"}],"up":[{"embeddable":true,"href":"https:\/\/kaapskil.nl\/de\/wp-json\/wp\/v2\/pages\/631"}],"wp:featuredmedia":[{"embeddable":true,"href":"https:\/\/kaapskil.nl\/de\/wp-json\/wp\/v2\/media\/953"}],"wp:attachment":[{"href":"https:\/\/kaapskil.nl\/de\/wp-json\/wp\/v2\/media?parent=1513"}],"wp:term":[{"taxonomy":"category","embeddable":true,"href":"https:\/\/kaapskil.nl\/de\/wp-json\/wp\/v2\/categories?post=1513"},{"taxonomy":"post_tag","embeddable":true,"href":"https:\/\/kaapskil.nl\/de\/wp-json\/wp\/v2\/tags?post=1513"}],"curies":[{"name":"wp","href":"https:\/\/api.w.org\/{rel}","templated":true}]}}