{"id":1516,"date":"2018-03-20T12:59:09","date_gmt":"2018-03-20T12:59:09","guid":{"rendered":"http:\/\/kaapskilnl.web1.prod.raadhuis.com\/besuchen\/gebaeude\/reddingbootschuur\/"},"modified":"2020-05-25T12:35:42","modified_gmt":"2020-05-25T11:35:42","slug":"bootsscheune","status":"publish","type":"page","link":"https:\/\/kaapskil.nl\/de\/entdecken\/gebaeude\/bootsscheune\/","title":{"rendered":"Bootsscheune"},"content":{"rendered":"<p><strong><img loading=\"lazy\" decoding=\"async\" class=\"alignright size-full wp-image-5915\" src=\"https:\/\/kaapskil.nl\/wp-content\/uploads\/2020\/05\/Reddingshuisje-DSC_6667_8_9.jpg\" alt=\"Reddingboothuisje Museum Kaap Skil op Texel\" width=\"640\" height=\"400\" srcset=\"https:\/\/kaapskil.nl\/wp-content\/uploads\/2020\/05\/Reddingshuisje-DSC_6667_8_9.jpg 640w, https:\/\/kaapskil.nl\/wp-content\/uploads\/2020\/05\/Reddingshuisje-DSC_6667_8_9-300x188.jpg 300w, https:\/\/kaapskil.nl\/wp-content\/uploads\/2020\/05\/Reddingshuisje-DSC_6667_8_9-100x63.jpg 100w\" sizes=\"auto, (max-width: 640px) 100vw, 640px\" \/>Die Bootsscheune auf dem Museumsgel\u00e4nde wurde 1824 gebaut. Die Scheune stand urspr\u00fcnglich im Texeler Dorf Den Hoorn. Das Geb\u00e4ude war dort f\u00fcnfzig Jahre lang Ausgangstation f\u00fcr die K\u00f6niglich Niederl\u00e4ndische Rettungsgesellschaft. Danach wurde die Scheune jahrelang als Lagerraum genutzt, bevor sie 1981 zum Museum Kaap Skil gebracht wurde.<\/strong><\/p>\n<p>Zuerst diente das Geb\u00e4ude als Restaurant. Mit der Einweihung des neuen Hauptgeb\u00e4udes, in dem sich jetzt auch das Restaurant befindet, verfiel diese Funktion. Heute dient die Scheune als Museumsarbeitsplatz, in dem Aktivit\u00e4ten wie die Workshops in &#8216;Jutkunst machen&#8217; stattfinden.<\/p>\n","protected":false},"excerpt":{"rendered":"<p>In einem alten Bootsschuppen auf dem Gel\u00e4nde vom Museum Kaap Skil werden heute Workshops gegeben. Die h\u00f6lzerne Scheune wurde 1824 gebaut und stand urspr\u00fcnglich in Den Hoorn. <\/p>\n","protected":false},"author":1,"featured_media":5915,"parent":631,"menu_order":80,"comment_status":"closed","ping_status":"closed","template":"page-templates\/museum-highlight.php","meta":{"_acf_changed":false,"footnotes":""},"categories":[],"tags":[64,33,34],"class_list":["post-1516","page","type-page","status-publish","has-post-thumbnail","hentry","tag-gebaeude","tag-texel-neu-entdeckt","tag-von-reede-zum-fischerdorf"],"acf":[],"yoast_head":"<!-- This site is optimized with the Yoast SEO plugin v27.5 - https:\/\/yoast.com\/product\/yoast-seo-wordpress\/ -->\n<title>Bootsscheune<\/title>\n<meta name=\"description\" content=\"In einem alten Bootsschuppen auf dem Gel\u00e4nde vom Museum Kaap Skil werden heute Workshops gegeben. Die h\u00f6lzerne Scheune wurde 1824 gebaut und stand urspr\u00fcnglich in Den Hoorn.\" \/>\n<meta name=\"robots\" content=\"index, follow, max-snippet:-1, max-image-preview:large, max-video-preview:-1\" \/>\n<link rel=\"canonical\" href=\"https:\/\/kaapskil.nl\/de\/entdecken\/gebaeude\/bootsscheune\/\" \/>\n<meta property=\"og:locale\" content=\"de_DE\" \/>\n<meta property=\"og:type\" content=\"article\" \/>\n<meta property=\"og:title\" content=\"Bootsscheune\" \/>\n<meta property=\"og:description\" content=\"In einem alten Bootsschuppen auf dem Gel\u00e4nde vom Museum Kaap Skil werden heute Workshops gegeben. Die h\u00f6lzerne Scheune wurde 1824 gebaut und stand urspr\u00fcnglich in Den Hoorn.\" \/>\n<meta property=\"og:url\" content=\"https:\/\/kaapskil.nl\/de\/entdecken\/gebaeude\/bootsscheune\/\" \/>\n<meta property=\"og:site_name\" content=\"Museum Kaap Skil\" \/>\n<meta property=\"article:modified_time\" content=\"2020-05-25T11:35:42+00:00\" \/>\n<meta property=\"og:image\" content=\"https:\/\/kaapskil.nl\/wp-content\/uploads\/2020\/05\/Reddingshuisje-DSC_6667_8_9.jpg\" \/>\n\t<meta property=\"og:image:width\" content=\"640\" \/>\n\t<meta property=\"og:image:height\" content=\"400\" \/>\n\t<meta property=\"og:image:type\" content=\"image\/jpeg\" \/>\n<meta name=\"twitter:card\" content=\"summary_large_image\" \/>\n<script type=\"application\/ld+json\" class=\"yoast-schema-graph\">{\"@context\":\"https:\\\/\\\/schema.org\",\"@graph\":[{\"@type\":\"WebPage\",\"@id\":\"https:\\\/\\\/kaapskil.nl\\\/de\\\/entdecken\\\/gebaeude\\\/bootsscheune\\\/\",\"url\":\"https:\\\/\\\/kaapskil.nl\\\/de\\\/entdecken\\\/gebaeude\\\/bootsscheune\\\/\",\"name\":\"Bootsscheune\",\"isPartOf\":{\"@id\":\"https:\\\/\\\/kaapskil.nl\\\/#website\"},\"primaryImageOfPage\":{\"@id\":\"https:\\\/\\\/kaapskil.nl\\\/de\\\/entdecken\\\/gebaeude\\\/bootsscheune\\\/#primaryimage\"},\"image\":{\"@id\":\"https:\\\/\\\/kaapskil.nl\\\/de\\\/entdecken\\\/gebaeude\\\/bootsscheune\\\/#primaryimage\"},\"thumbnailUrl\":\"https:\\\/\\\/kaapskil.nl\\\/wp-content\\\/uploads\\\/2020\\\/05\\\/Reddingshuisje-DSC_6667_8_9.jpg\",\"datePublished\":\"2018-03-20T12:59:09+00:00\",\"dateModified\":\"2020-05-25T11:35:42+00:00\",\"description\":\"In einem alten Bootsschuppen auf dem Gel\u00e4nde vom Museum Kaap Skil werden heute Workshops gegeben. Die h\u00f6lzerne Scheune wurde 1824 gebaut und stand urspr\u00fcnglich in Den Hoorn.\",\"breadcrumb\":{\"@id\":\"https:\\\/\\\/kaapskil.nl\\\/de\\\/entdecken\\\/gebaeude\\\/bootsscheune\\\/#breadcrumb\"},\"inLanguage\":\"de-DE\",\"potentialAction\":[{\"@type\":\"ReadAction\",\"target\":[\"https:\\\/\\\/kaapskil.nl\\\/de\\\/entdecken\\\/gebaeude\\\/bootsscheune\\\/\"]}]},{\"@type\":\"ImageObject\",\"inLanguage\":\"de-DE\",\"@id\":\"https:\\\/\\\/kaapskil.nl\\\/de\\\/entdecken\\\/gebaeude\\\/bootsscheune\\\/#primaryimage\",\"url\":\"https:\\\/\\\/kaapskil.nl\\\/wp-content\\\/uploads\\\/2020\\\/05\\\/Reddingshuisje-DSC_6667_8_9.jpg\",\"contentUrl\":\"https:\\\/\\\/kaapskil.nl\\\/wp-content\\\/uploads\\\/2020\\\/05\\\/Reddingshuisje-DSC_6667_8_9.jpg\",\"width\":640,\"height\":400,\"caption\":\"Reddingboothuisje Museum Kaap Skil op Texel\"},{\"@type\":\"BreadcrumbList\",\"@id\":\"https:\\\/\\\/kaapskil.nl\\\/de\\\/entdecken\\\/gebaeude\\\/bootsscheune\\\/#breadcrumb\",\"itemListElement\":[{\"@type\":\"ListItem\",\"position\":1,\"name\":\"Home\",\"item\":\"https:\\\/\\\/kaapskil.nl\\\/de\\\/\"},{\"@type\":\"ListItem\",\"position\":2,\"name\":\"Entdecken\",\"item\":\"https:\\\/\\\/kaapskil.nl\\\/de\\\/entdecken\\\/\"},{\"@type\":\"ListItem\",\"position\":3,\"name\":\"Geb\u00e4ude\",\"item\":\"https:\\\/\\\/kaapskil.nl\\\/de\\\/entdecken\\\/gebaeude\\\/\"},{\"@type\":\"ListItem\",\"position\":4,\"name\":\"Bootsscheune\"}]},{\"@type\":\"WebSite\",\"@id\":\"https:\\\/\\\/kaapskil.nl\\\/#website\",\"url\":\"https:\\\/\\\/kaapskil.nl\\\/\",\"name\":\"Museum Kaap Skil\",\"description\":\"Stichting Texels Museum\",\"potentialAction\":[{\"@type\":\"SearchAction\",\"target\":{\"@type\":\"EntryPoint\",\"urlTemplate\":\"https:\\\/\\\/kaapskil.nl\\\/?s={search_term_string}\"},\"query-input\":{\"@type\":\"PropertyValueSpecification\",\"valueRequired\":true,\"valueName\":\"search_term_string\"}}],\"inLanguage\":\"de-DE\"}]}<\/script>\n<!-- \/ Yoast SEO plugin. -->","yoast_head_json":{"title":"Bootsscheune","description":"In einem alten Bootsschuppen auf dem Gel\u00e4nde vom Museum Kaap Skil werden heute Workshops gegeben. Die h\u00f6lzerne Scheune wurde 1824 gebaut und stand urspr\u00fcnglich in Den Hoorn.","robots":{"index":"index","follow":"follow","max-snippet":"max-snippet:-1","max-image-preview":"max-image-preview:large","max-video-preview":"max-video-preview:-1"},"canonical":"https:\/\/kaapskil.nl\/de\/entdecken\/gebaeude\/bootsscheune\/","og_locale":"de_DE","og_type":"article","og_title":"Bootsscheune","og_description":"In einem alten Bootsschuppen auf dem Gel\u00e4nde vom Museum Kaap Skil werden heute Workshops gegeben. Die h\u00f6lzerne Scheune wurde 1824 gebaut und stand urspr\u00fcnglich in Den Hoorn.","og_url":"https:\/\/kaapskil.nl\/de\/entdecken\/gebaeude\/bootsscheune\/","og_site_name":"Museum Kaap Skil","article_modified_time":"2020-05-25T11:35:42+00:00","og_image":[{"width":640,"height":400,"url":"https:\/\/kaapskil.nl\/wp-content\/uploads\/2020\/05\/Reddingshuisje-DSC_6667_8_9.jpg","type":"image\/jpeg"}],"twitter_card":"summary_large_image","schema":{"@context":"https:\/\/schema.org","@graph":[{"@type":"WebPage","@id":"https:\/\/kaapskil.nl\/de\/entdecken\/gebaeude\/bootsscheune\/","url":"https:\/\/kaapskil.nl\/de\/entdecken\/gebaeude\/bootsscheune\/","name":"Bootsscheune","isPartOf":{"@id":"https:\/\/kaapskil.nl\/#website"},"primaryImageOfPage":{"@id":"https:\/\/kaapskil.nl\/de\/entdecken\/gebaeude\/bootsscheune\/#primaryimage"},"image":{"@id":"https:\/\/kaapskil.nl\/de\/entdecken\/gebaeude\/bootsscheune\/#primaryimage"},"thumbnailUrl":"https:\/\/kaapskil.nl\/wp-content\/uploads\/2020\/05\/Reddingshuisje-DSC_6667_8_9.jpg","datePublished":"2018-03-20T12:59:09+00:00","dateModified":"2020-05-25T11:35:42+00:00","description":"In einem alten Bootsschuppen auf dem Gel\u00e4nde vom Museum Kaap Skil werden heute Workshops gegeben. Die h\u00f6lzerne Scheune wurde 1824 gebaut und stand urspr\u00fcnglich in Den Hoorn.","breadcrumb":{"@id":"https:\/\/kaapskil.nl\/de\/entdecken\/gebaeude\/bootsscheune\/#breadcrumb"},"inLanguage":"de-DE","potentialAction":[{"@type":"ReadAction","target":["https:\/\/kaapskil.nl\/de\/entdecken\/gebaeude\/bootsscheune\/"]}]},{"@type":"ImageObject","inLanguage":"de-DE","@id":"https:\/\/kaapskil.nl\/de\/entdecken\/gebaeude\/bootsscheune\/#primaryimage","url":"https:\/\/kaapskil.nl\/wp-content\/uploads\/2020\/05\/Reddingshuisje-DSC_6667_8_9.jpg","contentUrl":"https:\/\/kaapskil.nl\/wp-content\/uploads\/2020\/05\/Reddingshuisje-DSC_6667_8_9.jpg","width":640,"height":400,"caption":"Reddingboothuisje Museum Kaap Skil op Texel"},{"@type":"BreadcrumbList","@id":"https:\/\/kaapskil.nl\/de\/entdecken\/gebaeude\/bootsscheune\/#breadcrumb","itemListElement":[{"@type":"ListItem","position":1,"name":"Home","item":"https:\/\/kaapskil.nl\/de\/"},{"@type":"ListItem","position":2,"name":"Entdecken","item":"https:\/\/kaapskil.nl\/de\/entdecken\/"},{"@type":"ListItem","position":3,"name":"Geb\u00e4ude","item":"https:\/\/kaapskil.nl\/de\/entdecken\/gebaeude\/"},{"@type":"ListItem","position":4,"name":"Bootsscheune"}]},{"@type":"WebSite","@id":"https:\/\/kaapskil.nl\/#website","url":"https:\/\/kaapskil.nl\/","name":"Museum Kaap Skil","description":"Stichting Texels Museum","potentialAction":[{"@type":"SearchAction","target":{"@type":"EntryPoint","urlTemplate":"https:\/\/kaapskil.nl\/?s={search_term_string}"},"query-input":{"@type":"PropertyValueSpecification","valueRequired":true,"valueName":"search_term_string"}}],"inLanguage":"de-DE"}]}},"_links":{"self":[{"href":"https:\/\/kaapskil.nl\/de\/wp-json\/wp\/v2\/pages\/1516","targetHints":{"allow":["GET"]}}],"collection":[{"href":"https:\/\/kaapskil.nl\/de\/wp-json\/wp\/v2\/pages"}],"about":[{"href":"https:\/\/kaapskil.nl\/de\/wp-json\/wp\/v2\/types\/page"}],"author":[{"embeddable":true,"href":"https:\/\/kaapskil.nl\/de\/wp-json\/wp\/v2\/users\/1"}],"replies":[{"embeddable":true,"href":"https:\/\/kaapskil.nl\/de\/wp-json\/wp\/v2\/comments?post=1516"}],"version-history":[{"count":0,"href":"https:\/\/kaapskil.nl\/de\/wp-json\/wp\/v2\/pages\/1516\/revisions"}],"up":[{"embeddable":true,"href":"https:\/\/kaapskil.nl\/de\/wp-json\/wp\/v2\/pages\/631"}],"wp:featuredmedia":[{"embeddable":true,"href":"https:\/\/kaapskil.nl\/de\/wp-json\/wp\/v2\/media\/5915"}],"wp:attachment":[{"href":"https:\/\/kaapskil.nl\/de\/wp-json\/wp\/v2\/media?parent=1516"}],"wp:term":[{"taxonomy":"category","embeddable":true,"href":"https:\/\/kaapskil.nl\/de\/wp-json\/wp\/v2\/categories?post=1516"},{"taxonomy":"post_tag","embeddable":true,"href":"https:\/\/kaapskil.nl\/de\/wp-json\/wp\/v2\/tags?post=1516"}],"curies":[{"name":"wp","href":"https:\/\/api.w.org\/{rel}","templated":true}]}}