{"id":1672,"date":"2018-03-20T13:04:27","date_gmt":"2018-03-20T13:04:27","guid":{"rendered":"http:\/\/kaapskilnl.web1.prod.raadhuis.com\/besuchen\/gebaeude\/vissershuisjes\/"},"modified":"2020-05-25T12:08:30","modified_gmt":"2020-05-25T11:08:30","slug":"fischerhaeuschen","status":"publish","type":"page","link":"https:\/\/kaapskil.nl\/de\/entdecken\/gebaeude\/fischerhaeuschen\/","title":{"rendered":"Fischerh\u00e4uschen"},"content":{"rendered":"<p><img loading=\"lazy\" decoding=\"async\" class=\"alignright size-full wp-image-1752\" src=\"https:\/\/kaapskil.nl\/wp-content\/uploads\/2018\/03\/vissershuisjes-1.jpg\" alt=\"\" width=\"640\" height=\"477\" srcset=\"https:\/\/kaapskil.nl\/wp-content\/uploads\/2018\/03\/vissershuisjes-1.jpg 640w, https:\/\/kaapskil.nl\/wp-content\/uploads\/2018\/03\/vissershuisjes-1-300x224.jpg 300w\" sizes=\"auto, (max-width: 640px) 100vw, 640px\" \/><strong>Auf dem Museumsgel\u00e4nde wurde eine Stra\u00dfe nachgebaut, inspiriert von einigen Geb\u00e4uden in \u2019t Buurtje in Oudeschild. Drei kleine H\u00e4uschen, ein B\u00e4ckerladen und eine Schmiede geben ein sch\u00f6nes Bild vom d\u00f6rflichen Leben im Fischerdorf.<\/strong><\/p>\n<p>Zwei der H\u00e4user sind als Fischerh\u00e4user eingerichtet, das Dritte ist das Haus eines Zimmermanns. Die Einrichtung stammt aus dem Anfang des 20. Jahrhunderts. Wasser kam aus der Pumpe, Unterhaltung aus dem Radio, die W\u00e4sche trocknete am Ofen und sogar in der K\u00fcche gab es eine Bettstelle. Der Platz im Haus war begrenzt, eine ganze Familie musste hier wohnen und es musste ein Platz als Arbeitsplatz eingerichtet werden. Kein Wunder, dass Wohnen und Arbeiten durcheinander liefen.<\/p>\n","protected":false},"excerpt":{"rendered":"<p>Auf dem Au\u00dfengel\u00e4nde von Kaap Skil wurde eine Stra\u00dfe von Oudeschild aus der ersten H\u00e4lfte des 20. Jahrhunderts nachgebaut. In den kleinen Fischerh\u00e4uschen, der Schmiede und dem Laden hat die Zeit stillgestanden.<\/p>\n","protected":false},"author":1,"featured_media":1752,"parent":631,"menu_order":20,"comment_status":"closed","ping_status":"closed","template":"page-templates\/museum-highlight.php","meta":{"_acf_changed":false,"footnotes":""},"categories":[],"tags":[42,41,64,33,59],"class_list":["post-1672","page","type-page","status-publish","has-post-thumbnail","hentry","tag-fischerdorf","tag-fischerei","tag-gebaeude","tag-texel-neu-entdeckt","tag-vissersdorp-de"],"acf":[],"yoast_head":"<!-- This site is optimized with the Yoast SEO plugin v27.3 - https:\/\/yoast.com\/product\/yoast-seo-wordpress\/ -->\n<title>Fischerh\u00e4uschen<\/title>\n<meta name=\"description\" content=\"Bei Kaap Skil zeigt eine nachgebaute Stra\u00dfe mit authentisch eingerichteten Fischerh\u00e4usern, B\u00e4ckerladen und Schmiede ein gutes Bild vom Leben in Oudeschild zu Beginn des 20. Jahrhunderts. Es hat sich viel ver\u00e4ndert!\" \/>\n<meta name=\"robots\" content=\"index, follow, max-snippet:-1, max-image-preview:large, max-video-preview:-1\" \/>\n<link rel=\"canonical\" href=\"https:\/\/kaapskil.nl\/de\/entdecken\/gebaeude\/fischerhaeuschen\/\" \/>\n<meta property=\"og:locale\" content=\"de_DE\" \/>\n<meta property=\"og:type\" content=\"article\" \/>\n<meta property=\"og:title\" content=\"Fischerh\u00e4uschen\" \/>\n<meta property=\"og:description\" content=\"Bei Kaap Skil zeigt eine nachgebaute Stra\u00dfe mit authentisch eingerichteten Fischerh\u00e4usern, B\u00e4ckerladen und Schmiede ein gutes Bild vom Leben in Oudeschild zu Beginn des 20. Jahrhunderts. Es hat sich viel ver\u00e4ndert!\" \/>\n<meta property=\"og:url\" content=\"https:\/\/kaapskil.nl\/de\/entdecken\/gebaeude\/fischerhaeuschen\/\" \/>\n<meta property=\"og:site_name\" content=\"Museum Kaap Skil\" \/>\n<meta property=\"article:modified_time\" content=\"2020-05-25T11:08:30+00:00\" \/>\n<meta property=\"og:image\" content=\"https:\/\/kaapskil.nl\/wp-content\/uploads\/2018\/03\/vissershuisjes-1.jpg\" \/>\n\t<meta property=\"og:image:width\" content=\"640\" \/>\n\t<meta property=\"og:image:height\" content=\"477\" \/>\n\t<meta property=\"og:image:type\" content=\"image\/jpeg\" \/>\n<meta name=\"twitter:card\" content=\"summary_large_image\" \/>\n<meta name=\"twitter:label1\" content=\"Est. reading time\" \/>\n\t<meta name=\"twitter:data1\" content=\"1 minute\" \/>\n<script type=\"application\/ld+json\" class=\"yoast-schema-graph\">{\"@context\":\"https:\\\/\\\/schema.org\",\"@graph\":[{\"@type\":\"WebPage\",\"@id\":\"https:\\\/\\\/kaapskil.nl\\\/de\\\/entdecken\\\/gebaeude\\\/fischerhaeuschen\\\/\",\"url\":\"https:\\\/\\\/kaapskil.nl\\\/de\\\/entdecken\\\/gebaeude\\\/fischerhaeuschen\\\/\",\"name\":\"Fischerh\u00e4uschen\",\"isPartOf\":{\"@id\":\"https:\\\/\\\/kaapskil.nl\\\/#website\"},\"primaryImageOfPage\":{\"@id\":\"https:\\\/\\\/kaapskil.nl\\\/de\\\/entdecken\\\/gebaeude\\\/fischerhaeuschen\\\/#primaryimage\"},\"image\":{\"@id\":\"https:\\\/\\\/kaapskil.nl\\\/de\\\/entdecken\\\/gebaeude\\\/fischerhaeuschen\\\/#primaryimage\"},\"thumbnailUrl\":\"https:\\\/\\\/kaapskil.nl\\\/wp-content\\\/uploads\\\/2018\\\/03\\\/vissershuisjes-1.jpg\",\"datePublished\":\"2018-03-20T13:04:27+00:00\",\"dateModified\":\"2020-05-25T11:08:30+00:00\",\"description\":\"Bei Kaap Skil zeigt eine nachgebaute Stra\u00dfe mit authentisch eingerichteten Fischerh\u00e4usern, B\u00e4ckerladen und Schmiede ein gutes Bild vom Leben in Oudeschild zu Beginn des 20. Jahrhunderts. Es hat sich viel ver\u00e4ndert!\",\"breadcrumb\":{\"@id\":\"https:\\\/\\\/kaapskil.nl\\\/de\\\/entdecken\\\/gebaeude\\\/fischerhaeuschen\\\/#breadcrumb\"},\"inLanguage\":\"de-DE\",\"potentialAction\":[{\"@type\":\"ReadAction\",\"target\":[\"https:\\\/\\\/kaapskil.nl\\\/de\\\/entdecken\\\/gebaeude\\\/fischerhaeuschen\\\/\"]}]},{\"@type\":\"ImageObject\",\"inLanguage\":\"de-DE\",\"@id\":\"https:\\\/\\\/kaapskil.nl\\\/de\\\/entdecken\\\/gebaeude\\\/fischerhaeuschen\\\/#primaryimage\",\"url\":\"https:\\\/\\\/kaapskil.nl\\\/wp-content\\\/uploads\\\/2018\\\/03\\\/vissershuisjes-1.jpg\",\"contentUrl\":\"https:\\\/\\\/kaapskil.nl\\\/wp-content\\\/uploads\\\/2018\\\/03\\\/vissershuisjes-1.jpg\",\"width\":640,\"height\":477},{\"@type\":\"BreadcrumbList\",\"@id\":\"https:\\\/\\\/kaapskil.nl\\\/de\\\/entdecken\\\/gebaeude\\\/fischerhaeuschen\\\/#breadcrumb\",\"itemListElement\":[{\"@type\":\"ListItem\",\"position\":1,\"name\":\"Home\",\"item\":\"https:\\\/\\\/kaapskil.nl\\\/de\\\/\"},{\"@type\":\"ListItem\",\"position\":2,\"name\":\"Entdecken\",\"item\":\"https:\\\/\\\/kaapskil.nl\\\/de\\\/entdecken\\\/\"},{\"@type\":\"ListItem\",\"position\":3,\"name\":\"Geb\u00e4ude\",\"item\":\"https:\\\/\\\/kaapskil.nl\\\/de\\\/entdecken\\\/gebaeude\\\/\"},{\"@type\":\"ListItem\",\"position\":4,\"name\":\"Fischerh\u00e4uschen\"}]},{\"@type\":\"WebSite\",\"@id\":\"https:\\\/\\\/kaapskil.nl\\\/#website\",\"url\":\"https:\\\/\\\/kaapskil.nl\\\/\",\"name\":\"Museum Kaap Skil\",\"description\":\"Stichting Texels Museum\",\"potentialAction\":[{\"@type\":\"SearchAction\",\"target\":{\"@type\":\"EntryPoint\",\"urlTemplate\":\"https:\\\/\\\/kaapskil.nl\\\/?s={search_term_string}\"},\"query-input\":{\"@type\":\"PropertyValueSpecification\",\"valueRequired\":true,\"valueName\":\"search_term_string\"}}],\"inLanguage\":\"de-DE\"}]}<\/script>\n<!-- \/ Yoast SEO plugin. -->","yoast_head_json":{"title":"Fischerh\u00e4uschen","description":"Bei Kaap Skil zeigt eine nachgebaute Stra\u00dfe mit authentisch eingerichteten Fischerh\u00e4usern, B\u00e4ckerladen und Schmiede ein gutes Bild vom Leben in Oudeschild zu Beginn des 20. Jahrhunderts. Es hat sich viel ver\u00e4ndert!","robots":{"index":"index","follow":"follow","max-snippet":"max-snippet:-1","max-image-preview":"max-image-preview:large","max-video-preview":"max-video-preview:-1"},"canonical":"https:\/\/kaapskil.nl\/de\/entdecken\/gebaeude\/fischerhaeuschen\/","og_locale":"de_DE","og_type":"article","og_title":"Fischerh\u00e4uschen","og_description":"Bei Kaap Skil zeigt eine nachgebaute Stra\u00dfe mit authentisch eingerichteten Fischerh\u00e4usern, B\u00e4ckerladen und Schmiede ein gutes Bild vom Leben in Oudeschild zu Beginn des 20. Jahrhunderts. Es hat sich viel ver\u00e4ndert!","og_url":"https:\/\/kaapskil.nl\/de\/entdecken\/gebaeude\/fischerhaeuschen\/","og_site_name":"Museum Kaap Skil","article_modified_time":"2020-05-25T11:08:30+00:00","og_image":[{"width":640,"height":477,"url":"https:\/\/kaapskil.nl\/wp-content\/uploads\/2018\/03\/vissershuisjes-1.jpg","type":"image\/jpeg"}],"twitter_card":"summary_large_image","twitter_misc":{"Est. reading time":"1 minute"},"schema":{"@context":"https:\/\/schema.org","@graph":[{"@type":"WebPage","@id":"https:\/\/kaapskil.nl\/de\/entdecken\/gebaeude\/fischerhaeuschen\/","url":"https:\/\/kaapskil.nl\/de\/entdecken\/gebaeude\/fischerhaeuschen\/","name":"Fischerh\u00e4uschen","isPartOf":{"@id":"https:\/\/kaapskil.nl\/#website"},"primaryImageOfPage":{"@id":"https:\/\/kaapskil.nl\/de\/entdecken\/gebaeude\/fischerhaeuschen\/#primaryimage"},"image":{"@id":"https:\/\/kaapskil.nl\/de\/entdecken\/gebaeude\/fischerhaeuschen\/#primaryimage"},"thumbnailUrl":"https:\/\/kaapskil.nl\/wp-content\/uploads\/2018\/03\/vissershuisjes-1.jpg","datePublished":"2018-03-20T13:04:27+00:00","dateModified":"2020-05-25T11:08:30+00:00","description":"Bei Kaap Skil zeigt eine nachgebaute Stra\u00dfe mit authentisch eingerichteten Fischerh\u00e4usern, B\u00e4ckerladen und Schmiede ein gutes Bild vom Leben in Oudeschild zu Beginn des 20. Jahrhunderts. Es hat sich viel ver\u00e4ndert!","breadcrumb":{"@id":"https:\/\/kaapskil.nl\/de\/entdecken\/gebaeude\/fischerhaeuschen\/#breadcrumb"},"inLanguage":"de-DE","potentialAction":[{"@type":"ReadAction","target":["https:\/\/kaapskil.nl\/de\/entdecken\/gebaeude\/fischerhaeuschen\/"]}]},{"@type":"ImageObject","inLanguage":"de-DE","@id":"https:\/\/kaapskil.nl\/de\/entdecken\/gebaeude\/fischerhaeuschen\/#primaryimage","url":"https:\/\/kaapskil.nl\/wp-content\/uploads\/2018\/03\/vissershuisjes-1.jpg","contentUrl":"https:\/\/kaapskil.nl\/wp-content\/uploads\/2018\/03\/vissershuisjes-1.jpg","width":640,"height":477},{"@type":"BreadcrumbList","@id":"https:\/\/kaapskil.nl\/de\/entdecken\/gebaeude\/fischerhaeuschen\/#breadcrumb","itemListElement":[{"@type":"ListItem","position":1,"name":"Home","item":"https:\/\/kaapskil.nl\/de\/"},{"@type":"ListItem","position":2,"name":"Entdecken","item":"https:\/\/kaapskil.nl\/de\/entdecken\/"},{"@type":"ListItem","position":3,"name":"Geb\u00e4ude","item":"https:\/\/kaapskil.nl\/de\/entdecken\/gebaeude\/"},{"@type":"ListItem","position":4,"name":"Fischerh\u00e4uschen"}]},{"@type":"WebSite","@id":"https:\/\/kaapskil.nl\/#website","url":"https:\/\/kaapskil.nl\/","name":"Museum Kaap Skil","description":"Stichting Texels Museum","potentialAction":[{"@type":"SearchAction","target":{"@type":"EntryPoint","urlTemplate":"https:\/\/kaapskil.nl\/?s={search_term_string}"},"query-input":{"@type":"PropertyValueSpecification","valueRequired":true,"valueName":"search_term_string"}}],"inLanguage":"de-DE"}]}},"_links":{"self":[{"href":"https:\/\/kaapskil.nl\/de\/wp-json\/wp\/v2\/pages\/1672","targetHints":{"allow":["GET"]}}],"collection":[{"href":"https:\/\/kaapskil.nl\/de\/wp-json\/wp\/v2\/pages"}],"about":[{"href":"https:\/\/kaapskil.nl\/de\/wp-json\/wp\/v2\/types\/page"}],"author":[{"embeddable":true,"href":"https:\/\/kaapskil.nl\/de\/wp-json\/wp\/v2\/users\/1"}],"replies":[{"embeddable":true,"href":"https:\/\/kaapskil.nl\/de\/wp-json\/wp\/v2\/comments?post=1672"}],"version-history":[{"count":0,"href":"https:\/\/kaapskil.nl\/de\/wp-json\/wp\/v2\/pages\/1672\/revisions"}],"up":[{"embeddable":true,"href":"https:\/\/kaapskil.nl\/de\/wp-json\/wp\/v2\/pages\/631"}],"wp:featuredmedia":[{"embeddable":true,"href":"https:\/\/kaapskil.nl\/de\/wp-json\/wp\/v2\/media\/1752"}],"wp:attachment":[{"href":"https:\/\/kaapskil.nl\/de\/wp-json\/wp\/v2\/media?parent=1672"}],"wp:term":[{"taxonomy":"category","embeddable":true,"href":"https:\/\/kaapskil.nl\/de\/wp-json\/wp\/v2\/categories?post=1672"},{"taxonomy":"post_tag","embeddable":true,"href":"https:\/\/kaapskil.nl\/de\/wp-json\/wp\/v2\/tags?post=1672"}],"curies":[{"name":"wp","href":"https:\/\/api.w.org\/{rel}","templated":true}]}}