{"id":1888,"date":"2018-03-27T15:07:48","date_gmt":"2018-03-27T14:07:48","guid":{"rendered":"http:\/\/kaapskilnl.web1.prod.raadhuis.com\/over-het-museum\/stichting-texels-museum\/"},"modified":"2023-08-14T09:22:04","modified_gmt":"2023-08-14T07:22:04","slug":"stichting-texels-museum","status":"publish","type":"page","link":"https:\/\/kaapskil.nl\/de\/ueber-das-museum\/stichting-texels-museum\/","title":{"rendered":"Stichting Texels Museum"},"content":{"rendered":"<p><strong><img loading=\"lazy\" decoding=\"async\" class=\"alignright size-full wp-image-1856\" src=\"https:\/\/kaapskil.nl\/wp-content\/uploads\/2018\/03\/stm-logo-320.jpg\" alt=\"\" width=\"320\" height=\"218\" srcset=\"https:\/\/kaapskil.nl\/wp-content\/uploads\/2018\/03\/stm-logo-320.jpg 320w, https:\/\/kaapskil.nl\/wp-content\/uploads\/2018\/03\/stm-logo-320-300x204.jpg 300w\" sizes=\"auto, (max-width: 320px) 100vw, 320px\" \/>Das Museum Kaap Skil ist Teil der Stiftung Texels Museum, unter die auch Ecomare, die Oudheidkamer und der Leuchtturm fallen. <\/strong><\/p>\n<p>Bei Ecomare sieht man Seehunde und allerlei andere Meerestiere aus der N\u00e4he. Das Museum von Ecomare handelt von der Natur auf Texel und dem Meer. Man findet hier unter anderem ein Meeresaquarium und einen Walsaal. Ecomare ist eine Kombination aus marinem Schutzzentrum, Naturmuseum, Aquarium und Bildungszentrum. <a href=\"http:\/\/www.ecomare.nl\" target=\"_blank\" rel=\"noopener noreferrer\">www.ecomare.nl <\/a><\/p>\n<p>Der Leuchtturm der Insel steht an der Nordspitze. Der alte Turm von 1864 wurde im Zweiten Weltkrieg stark besch\u00e4digt. Rund um den kaputten Turm wurde ein neuer Mantel gebaut. Auf der vierten Etage kann man um den alten Turm herum laufen. Auf dem Umlauf, etwa 45 Meter \u00fcber dem Meer, hat man eine gro\u00dfartige Aussicht \u00fcber das Wattenmeer und Texel.\u00a0<a href=\"http:\/\/www.vuurtorentexel.nl\" target=\"_blank\" rel=\"noopener noreferrer\">www.vuurtorentexel.nl<\/a><\/p>\n<p>Die Oudheidkamer ist ein historisches Museum in Den Burg. Drinnen findet man antike M\u00f6bel und Gebrauchsgegenst\u00e4nde sowie Informationen \u00fcber das Leben von damals. Der Kr\u00e4utergarten ist ein kleines Paradies.\u00a0<a href=\"http:\/\/www.oudheidkamertexel.nl\" target=\"_blank\" rel=\"noopener noreferrer\">www.oudheidkamertexel.nl <\/a><\/p>\n<p>\u00dcbergreifende Jahresberichte, die CAO sowie die strategische Ausrichtung: die <a href=\"https:\/\/www.texelsmuseum.nl\/\" target=\"_blank\" rel=\"noopener noreferrer\">Website\u00a0<\/a>der Stiftung Texels Museum.<\/p>\n","protected":false},"excerpt":{"rendered":"<p>Das Museum Kaap Skil ist Teil der Stiftung Texels Museum, unter die auch Ecomare, die Oudheidkamer und der Leuchtturm fallen.<\/p>\n","protected":false},"author":29,"featured_media":4357,"parent":1990,"menu_order":20,"comment_status":"closed","ping_status":"closed","template":"page-templates\/detail.php","meta":{"_acf_changed":false,"footnotes":""},"categories":[],"tags":[],"class_list":["post-1888","page","type-page","status-publish","has-post-thumbnail","hentry"],"acf":[],"yoast_head":"<!-- This site is optimized with the Yoast SEO plugin v27.4 - https:\/\/yoast.com\/product\/yoast-seo-wordpress\/ -->\n<title>Stichting Texels Museum - Museum Kaap Skil<\/title>\n<meta name=\"description\" content=\"Das Museum Kaap Skil ist Teil der Stiftung Texels Museum, unter die auch Ecomare, die Oudheidkamer und der Leuchtturm fallen.\" \/>\n<meta name=\"robots\" content=\"index, follow, max-snippet:-1, max-image-preview:large, max-video-preview:-1\" \/>\n<link rel=\"canonical\" href=\"https:\/\/kaapskil.nl\/de\/ueber-das-museum\/stichting-texels-museum\/\" \/>\n<meta property=\"og:locale\" content=\"de_DE\" \/>\n<meta property=\"og:type\" content=\"article\" \/>\n<meta property=\"og:title\" content=\"Stichting Texels Museum - Museum Kaap Skil\" \/>\n<meta property=\"og:description\" content=\"Das Museum Kaap Skil ist Teil der Stiftung Texels Museum, unter die auch Ecomare, die Oudheidkamer und der Leuchtturm fallen.\" \/>\n<meta property=\"og:url\" content=\"https:\/\/kaapskil.nl\/de\/ueber-das-museum\/stichting-texels-museum\/\" \/>\n<meta property=\"og:site_name\" content=\"Museum Kaap Skil\" \/>\n<meta property=\"article:modified_time\" content=\"2023-08-14T07:22:04+00:00\" \/>\n<meta property=\"og:image\" content=\"https:\/\/kaapskil.nl\/wp-content\/uploads\/2019\/08\/logo-STM.jpg\" \/>\n\t<meta property=\"og:image:width\" content=\"638\" \/>\n\t<meta property=\"og:image:height\" content=\"404\" \/>\n\t<meta property=\"og:image:type\" content=\"image\/jpeg\" \/>\n<meta name=\"twitter:card\" content=\"summary_large_image\" \/>\n<meta name=\"twitter:label1\" content=\"Est. reading time\" \/>\n\t<meta name=\"twitter:data1\" content=\"2 minutes\" \/>\n<script type=\"application\/ld+json\" class=\"yoast-schema-graph\">{\"@context\":\"https:\\\/\\\/schema.org\",\"@graph\":[{\"@type\":\"WebPage\",\"@id\":\"https:\\\/\\\/kaapskil.nl\\\/de\\\/ueber-das-museum\\\/stichting-texels-museum\\\/\",\"url\":\"https:\\\/\\\/kaapskil.nl\\\/de\\\/ueber-das-museum\\\/stichting-texels-museum\\\/\",\"name\":\"Stichting Texels Museum - Museum Kaap Skil\",\"isPartOf\":{\"@id\":\"https:\\\/\\\/kaapskil.nl\\\/#website\"},\"primaryImageOfPage\":{\"@id\":\"https:\\\/\\\/kaapskil.nl\\\/de\\\/ueber-das-museum\\\/stichting-texels-museum\\\/#primaryimage\"},\"image\":{\"@id\":\"https:\\\/\\\/kaapskil.nl\\\/de\\\/ueber-das-museum\\\/stichting-texels-museum\\\/#primaryimage\"},\"thumbnailUrl\":\"https:\\\/\\\/kaapskil.nl\\\/wp-content\\\/uploads\\\/2019\\\/08\\\/logo-STM.jpg\",\"datePublished\":\"2018-03-27T14:07:48+00:00\",\"dateModified\":\"2023-08-14T07:22:04+00:00\",\"description\":\"Das Museum Kaap Skil ist Teil der Stiftung Texels Museum, unter die auch Ecomare, die Oudheidkamer und der Leuchtturm fallen.\",\"breadcrumb\":{\"@id\":\"https:\\\/\\\/kaapskil.nl\\\/de\\\/ueber-das-museum\\\/stichting-texels-museum\\\/#breadcrumb\"},\"inLanguage\":\"de-DE\",\"potentialAction\":[{\"@type\":\"ReadAction\",\"target\":[\"https:\\\/\\\/kaapskil.nl\\\/de\\\/ueber-das-museum\\\/stichting-texels-museum\\\/\"]}]},{\"@type\":\"ImageObject\",\"inLanguage\":\"de-DE\",\"@id\":\"https:\\\/\\\/kaapskil.nl\\\/de\\\/ueber-das-museum\\\/stichting-texels-museum\\\/#primaryimage\",\"url\":\"https:\\\/\\\/kaapskil.nl\\\/wp-content\\\/uploads\\\/2019\\\/08\\\/logo-STM.jpg\",\"contentUrl\":\"https:\\\/\\\/kaapskil.nl\\\/wp-content\\\/uploads\\\/2019\\\/08\\\/logo-STM.jpg\",\"width\":638,\"height\":404,\"caption\":\"Stichting Texels Museum\"},{\"@type\":\"BreadcrumbList\",\"@id\":\"https:\\\/\\\/kaapskil.nl\\\/de\\\/ueber-das-museum\\\/stichting-texels-museum\\\/#breadcrumb\",\"itemListElement\":[{\"@type\":\"ListItem\",\"position\":1,\"name\":\"Home\",\"item\":\"https:\\\/\\\/kaapskil.nl\\\/de\\\/\"},{\"@type\":\"ListItem\",\"position\":2,\"name\":\"\u00dcber das Museum\",\"item\":\"https:\\\/\\\/kaapskil.nl\\\/de\\\/ueber-das-museum\\\/\"},{\"@type\":\"ListItem\",\"position\":3,\"name\":\"Stichting Texels Museum\"}]},{\"@type\":\"WebSite\",\"@id\":\"https:\\\/\\\/kaapskil.nl\\\/#website\",\"url\":\"https:\\\/\\\/kaapskil.nl\\\/\",\"name\":\"Museum Kaap Skil\",\"description\":\"Stichting Texels Museum\",\"potentialAction\":[{\"@type\":\"SearchAction\",\"target\":{\"@type\":\"EntryPoint\",\"urlTemplate\":\"https:\\\/\\\/kaapskil.nl\\\/?s={search_term_string}\"},\"query-input\":{\"@type\":\"PropertyValueSpecification\",\"valueRequired\":true,\"valueName\":\"search_term_string\"}}],\"inLanguage\":\"de-DE\"}]}<\/script>\n<!-- \/ Yoast SEO plugin. -->","yoast_head_json":{"title":"Stichting Texels Museum - Museum Kaap Skil","description":"Das Museum Kaap Skil ist Teil der Stiftung Texels Museum, unter die auch Ecomare, die Oudheidkamer und der Leuchtturm fallen.","robots":{"index":"index","follow":"follow","max-snippet":"max-snippet:-1","max-image-preview":"max-image-preview:large","max-video-preview":"max-video-preview:-1"},"canonical":"https:\/\/kaapskil.nl\/de\/ueber-das-museum\/stichting-texels-museum\/","og_locale":"de_DE","og_type":"article","og_title":"Stichting Texels Museum - Museum Kaap Skil","og_description":"Das Museum Kaap Skil ist Teil der Stiftung Texels Museum, unter die auch Ecomare, die Oudheidkamer und der Leuchtturm fallen.","og_url":"https:\/\/kaapskil.nl\/de\/ueber-das-museum\/stichting-texels-museum\/","og_site_name":"Museum Kaap Skil","article_modified_time":"2023-08-14T07:22:04+00:00","og_image":[{"width":638,"height":404,"url":"https:\/\/kaapskil.nl\/wp-content\/uploads\/2019\/08\/logo-STM.jpg","type":"image\/jpeg"}],"twitter_card":"summary_large_image","twitter_misc":{"Est. reading time":"2 minutes"},"schema":{"@context":"https:\/\/schema.org","@graph":[{"@type":"WebPage","@id":"https:\/\/kaapskil.nl\/de\/ueber-das-museum\/stichting-texels-museum\/","url":"https:\/\/kaapskil.nl\/de\/ueber-das-museum\/stichting-texels-museum\/","name":"Stichting Texels Museum - Museum Kaap Skil","isPartOf":{"@id":"https:\/\/kaapskil.nl\/#website"},"primaryImageOfPage":{"@id":"https:\/\/kaapskil.nl\/de\/ueber-das-museum\/stichting-texels-museum\/#primaryimage"},"image":{"@id":"https:\/\/kaapskil.nl\/de\/ueber-das-museum\/stichting-texels-museum\/#primaryimage"},"thumbnailUrl":"https:\/\/kaapskil.nl\/wp-content\/uploads\/2019\/08\/logo-STM.jpg","datePublished":"2018-03-27T14:07:48+00:00","dateModified":"2023-08-14T07:22:04+00:00","description":"Das Museum Kaap Skil ist Teil der Stiftung Texels Museum, unter die auch Ecomare, die Oudheidkamer und der Leuchtturm fallen.","breadcrumb":{"@id":"https:\/\/kaapskil.nl\/de\/ueber-das-museum\/stichting-texels-museum\/#breadcrumb"},"inLanguage":"de-DE","potentialAction":[{"@type":"ReadAction","target":["https:\/\/kaapskil.nl\/de\/ueber-das-museum\/stichting-texels-museum\/"]}]},{"@type":"ImageObject","inLanguage":"de-DE","@id":"https:\/\/kaapskil.nl\/de\/ueber-das-museum\/stichting-texels-museum\/#primaryimage","url":"https:\/\/kaapskil.nl\/wp-content\/uploads\/2019\/08\/logo-STM.jpg","contentUrl":"https:\/\/kaapskil.nl\/wp-content\/uploads\/2019\/08\/logo-STM.jpg","width":638,"height":404,"caption":"Stichting Texels Museum"},{"@type":"BreadcrumbList","@id":"https:\/\/kaapskil.nl\/de\/ueber-das-museum\/stichting-texels-museum\/#breadcrumb","itemListElement":[{"@type":"ListItem","position":1,"name":"Home","item":"https:\/\/kaapskil.nl\/de\/"},{"@type":"ListItem","position":2,"name":"\u00dcber das Museum","item":"https:\/\/kaapskil.nl\/de\/ueber-das-museum\/"},{"@type":"ListItem","position":3,"name":"Stichting Texels Museum"}]},{"@type":"WebSite","@id":"https:\/\/kaapskil.nl\/#website","url":"https:\/\/kaapskil.nl\/","name":"Museum Kaap Skil","description":"Stichting Texels Museum","potentialAction":[{"@type":"SearchAction","target":{"@type":"EntryPoint","urlTemplate":"https:\/\/kaapskil.nl\/?s={search_term_string}"},"query-input":{"@type":"PropertyValueSpecification","valueRequired":true,"valueName":"search_term_string"}}],"inLanguage":"de-DE"}]}},"_links":{"self":[{"href":"https:\/\/kaapskil.nl\/de\/wp-json\/wp\/v2\/pages\/1888","targetHints":{"allow":["GET"]}}],"collection":[{"href":"https:\/\/kaapskil.nl\/de\/wp-json\/wp\/v2\/pages"}],"about":[{"href":"https:\/\/kaapskil.nl\/de\/wp-json\/wp\/v2\/types\/page"}],"author":[{"embeddable":true,"href":"https:\/\/kaapskil.nl\/de\/wp-json\/wp\/v2\/users\/29"}],"replies":[{"embeddable":true,"href":"https:\/\/kaapskil.nl\/de\/wp-json\/wp\/v2\/comments?post=1888"}],"version-history":[{"count":0,"href":"https:\/\/kaapskil.nl\/de\/wp-json\/wp\/v2\/pages\/1888\/revisions"}],"up":[{"embeddable":true,"href":"https:\/\/kaapskil.nl\/de\/wp-json\/wp\/v2\/pages\/1990"}],"wp:featuredmedia":[{"embeddable":true,"href":"https:\/\/kaapskil.nl\/de\/wp-json\/wp\/v2\/media\/4357"}],"wp:attachment":[{"href":"https:\/\/kaapskil.nl\/de\/wp-json\/wp\/v2\/media?parent=1888"}],"wp:term":[{"taxonomy":"category","embeddable":true,"href":"https:\/\/kaapskil.nl\/de\/wp-json\/wp\/v2\/categories?post=1888"},{"taxonomy":"post_tag","embeddable":true,"href":"https:\/\/kaapskil.nl\/de\/wp-json\/wp\/v2\/tags?post=1888"}],"curies":[{"name":"wp","href":"https:\/\/api.w.org\/{rel}","templated":true}]}}