{"id":2307,"date":"2018-04-11T11:06:00","date_gmt":"2018-04-11T10:06:00","guid":{"rendered":"https:\/\/serene-austin.109-235-78-20.plesk.page\/?page_id=2307"},"modified":"2022-09-24T18:02:27","modified_gmt":"2022-09-24T16:02:27","slug":"die-geldkiste-der-waisenbrunnen","status":"publish","type":"page","link":"https:\/\/kaapskil.nl\/de\/entdecken\/prunkstucke\/die-geldkiste-der-waisenbrunnen\/","title":{"rendered":"Die Geldkiste der Waisenbrunnen"},"content":{"rendered":"<p><strong><img loading=\"lazy\" decoding=\"async\" class=\"alignright wp-image-10240\" src=\"https:\/\/kaapskil.nl\/wp-content\/uploads\/2022\/09\/Geldkist-ws.jpg\" alt=\"Pron\" width=\"640\" height=\"400\" srcset=\"https:\/\/kaapskil.nl\/wp-content\/uploads\/2022\/09\/Geldkist-ws.jpg 840w, https:\/\/kaapskil.nl\/wp-content\/uploads\/2022\/09\/Geldkist-ws-300x188.jpg 300w, https:\/\/kaapskil.nl\/wp-content\/uploads\/2022\/09\/Geldkist-ws-768x480.jpg 768w, https:\/\/kaapskil.nl\/wp-content\/uploads\/2022\/09\/Geldkist-ws-100x63.jpg 100w\" sizes=\"auto, (max-width: 640px) 100vw, 640px\" \/>Eine Geldkiste aus Metall mit den Ma\u00dfen von 72 x 38,5 x 42 cm. Es ist die Kiste, in der die Erl\u00f6se aus dem Verkauf des eisenhaltigen Wassers aufbewahrt wurde. Das Wasser wurde an die Seeschiffe auf der Reede von Texel verkauft. Im Museum Kaap Skil steht die Kiste in einer der Kammern beim Modell der Reede von Texel. <\/strong><\/p>\n<p>Die Geldkiste ist nicht nur sch\u00f6n anzuschauen, sie symbolisiert auch verschiedene Geschichten. Der Verdienst aus den Waisenbrunnen wurde darin aufbewahrt. Die Eink\u00fcnfte aus dem Verkauf des Wassers waren f\u00fcr das Waisenhaus lebenswichtig. Andererseits waren die Seeleute auch nicht umsonst bereit, Geld f\u00fcr das Wasser aus den Brunnen zu bezahlen. Das eisenhaltige Wasser war lange haltbar, eine wichtige Eigenschaft auf langen Seereisen. Die Waisenbrunnen wurden von Anfang des siebzehnten Jahrhunderts bis etwa 1800 genutzt. Sie brachten j\u00e4hrlich ein paar hundert Gulden f\u00fcr das Waisenhaus ein. Der Wasserhandel war auch eine Einkommensquelle f\u00fcr andere Insulaner. Der Transport der F\u00e4sser zu den Seeschiffen musste schlie\u00dflich auch bezahlt werden. Es wurde viele Male hin und her gefahren von den Brunnen, \u00fcber den Skilsloot zur Reede von Texel: Ein Schiff, das in den Fernen Osten fuhr, bunkerte bis zu 8000 Liter Wasser, um bis zum Kap der Guten Hoffnung ausreichend Trinkwasser zu haben.<\/p>\n<p>Der Wassertransport ist auf dem Modell im Keller des Hauptgeb\u00e4udes von Kaap Skil zu sehen: Auf dem &#8216;Skilsloot&#8217; fahren kleine Schiffe mit Wasserf\u00e4ssern in Richtung der gro\u00dfen Segelschiffe auf der Reede.<\/p>\n","protected":false},"excerpt":{"rendered":"<p>Eine Geldkiste aus Metall mit den Ma\u00dfen von 72 x 38,5 x 42 cm. Es ist die Kiste, in der die Erl\u00f6se aus dem Verkauf des eisenhaltigen Wassers aufbewahrt wurde. Das Wasser wurde an die Seeschiffe auf der Reede von Texel verkauft. Im Museum Kaap Skil steht die Kiste in einer der Kammern beim Modell der Reede von Texel.<\/p>\n","protected":false},"author":1,"featured_media":10240,"parent":659,"menu_order":40,"comment_status":"closed","ping_status":"closed","template":"page-templates\/museum-highlight.php","meta":{"_acf_changed":false,"footnotes":""},"categories":[],"tags":[73,35],"class_list":["post-2307","page","type-page","status-publish","has-post-thumbnail","hentry","tag-ankerplatz","tag-goldene-zeiten-auf-der-reede"],"acf":[],"yoast_head":"<!-- This site is optimized with the Yoast SEO plugin v27.3 - https:\/\/yoast.com\/product\/yoast-seo-wordpress\/ -->\n<title>Die Geldkiste der Waisenbrunnen<\/title>\n<meta name=\"description\" content=\"Eine Geldkiste aus Metall mit den Ma\u00dfen von 72 x 38,5 x 42 cm. Es ist die Kiste, in der die Erl\u00f6se aus dem Verkauf des eisenhaltigen Wassers aufbewahrt wurde. Das Wasser wurde an die Seeschiffe auf der Reede von Texel verkauft. Im Museum Kaap Skil steht die Kiste in einer der Kammern beim Modell der Reede von Texel.\" \/>\n<meta name=\"robots\" content=\"index, follow, max-snippet:-1, max-image-preview:large, max-video-preview:-1\" \/>\n<link rel=\"canonical\" href=\"https:\/\/kaapskil.nl\/de\/entdecken\/prunkstucke\/die-geldkiste-der-waisenbrunnen\/\" \/>\n<meta property=\"og:locale\" content=\"de_DE\" \/>\n<meta property=\"og:type\" content=\"article\" \/>\n<meta property=\"og:title\" content=\"Die Geldkiste der Waisenbrunnen\" \/>\n<meta property=\"og:description\" content=\"Eine Geldkiste aus Metall mit den Ma\u00dfen von 72 x 38,5 x 42 cm. Es ist die Kiste, in der die Erl\u00f6se aus dem Verkauf des eisenhaltigen Wassers aufbewahrt wurde. Das Wasser wurde an die Seeschiffe auf der Reede von Texel verkauft. Im Museum Kaap Skil steht die Kiste in einer der Kammern beim Modell der Reede von Texel.\" \/>\n<meta property=\"og:url\" content=\"https:\/\/kaapskil.nl\/de\/entdecken\/prunkstucke\/die-geldkiste-der-waisenbrunnen\/\" \/>\n<meta property=\"og:site_name\" content=\"Museum Kaap Skil\" \/>\n<meta property=\"article:modified_time\" content=\"2022-09-24T16:02:27+00:00\" \/>\n<meta property=\"og:image\" content=\"https:\/\/kaapskil.nl\/wp-content\/uploads\/2022\/09\/Geldkist-ws.jpg\" \/>\n\t<meta property=\"og:image:width\" content=\"840\" \/>\n\t<meta property=\"og:image:height\" content=\"525\" \/>\n\t<meta property=\"og:image:type\" content=\"image\/jpeg\" \/>\n<meta name=\"twitter:card\" content=\"summary_large_image\" \/>\n<meta name=\"twitter:label1\" content=\"Est. reading time\" \/>\n\t<meta name=\"twitter:data1\" content=\"2 minutes\" \/>\n<script type=\"application\/ld+json\" class=\"yoast-schema-graph\">{\"@context\":\"https:\\\/\\\/schema.org\",\"@graph\":[{\"@type\":\"WebPage\",\"@id\":\"https:\\\/\\\/kaapskil.nl\\\/de\\\/entdecken\\\/prunkstucke\\\/die-geldkiste-der-waisenbrunnen\\\/\",\"url\":\"https:\\\/\\\/kaapskil.nl\\\/de\\\/entdecken\\\/prunkstucke\\\/die-geldkiste-der-waisenbrunnen\\\/\",\"name\":\"Die Geldkiste der Waisenbrunnen\",\"isPartOf\":{\"@id\":\"https:\\\/\\\/kaapskil.nl\\\/#website\"},\"primaryImageOfPage\":{\"@id\":\"https:\\\/\\\/kaapskil.nl\\\/de\\\/entdecken\\\/prunkstucke\\\/die-geldkiste-der-waisenbrunnen\\\/#primaryimage\"},\"image\":{\"@id\":\"https:\\\/\\\/kaapskil.nl\\\/de\\\/entdecken\\\/prunkstucke\\\/die-geldkiste-der-waisenbrunnen\\\/#primaryimage\"},\"thumbnailUrl\":\"https:\\\/\\\/kaapskil.nl\\\/wp-content\\\/uploads\\\/2022\\\/09\\\/Geldkist-ws.jpg\",\"datePublished\":\"2018-04-11T10:06:00+00:00\",\"dateModified\":\"2022-09-24T16:02:27+00:00\",\"description\":\"Eine Geldkiste aus Metall mit den Ma\u00dfen von 72 x 38,5 x 42 cm. Es ist die Kiste, in der die Erl\u00f6se aus dem Verkauf des eisenhaltigen Wassers aufbewahrt wurde. Das Wasser wurde an die Seeschiffe auf der Reede von Texel verkauft. Im Museum Kaap Skil steht die Kiste in einer der Kammern beim Modell der Reede von Texel.\",\"breadcrumb\":{\"@id\":\"https:\\\/\\\/kaapskil.nl\\\/de\\\/entdecken\\\/prunkstucke\\\/die-geldkiste-der-waisenbrunnen\\\/#breadcrumb\"},\"inLanguage\":\"de-DE\",\"potentialAction\":[{\"@type\":\"ReadAction\",\"target\":[\"https:\\\/\\\/kaapskil.nl\\\/de\\\/entdecken\\\/prunkstucke\\\/die-geldkiste-der-waisenbrunnen\\\/\"]}]},{\"@type\":\"ImageObject\",\"inLanguage\":\"de-DE\",\"@id\":\"https:\\\/\\\/kaapskil.nl\\\/de\\\/entdecken\\\/prunkstucke\\\/die-geldkiste-der-waisenbrunnen\\\/#primaryimage\",\"url\":\"https:\\\/\\\/kaapskil.nl\\\/wp-content\\\/uploads\\\/2022\\\/09\\\/Geldkist-ws.jpg\",\"contentUrl\":\"https:\\\/\\\/kaapskil.nl\\\/wp-content\\\/uploads\\\/2022\\\/09\\\/Geldkist-ws.jpg\",\"width\":840,\"height\":525,\"caption\":\"Pron\"},{\"@type\":\"BreadcrumbList\",\"@id\":\"https:\\\/\\\/kaapskil.nl\\\/de\\\/entdecken\\\/prunkstucke\\\/die-geldkiste-der-waisenbrunnen\\\/#breadcrumb\",\"itemListElement\":[{\"@type\":\"ListItem\",\"position\":1,\"name\":\"Home\",\"item\":\"https:\\\/\\\/kaapskil.nl\\\/de\\\/\"},{\"@type\":\"ListItem\",\"position\":2,\"name\":\"Entdecken\",\"item\":\"https:\\\/\\\/kaapskil.nl\\\/de\\\/entdecken\\\/\"},{\"@type\":\"ListItem\",\"position\":3,\"name\":\"Prunkst\u00fccke\",\"item\":\"https:\\\/\\\/kaapskil.nl\\\/de\\\/entdecken\\\/prunkstucke\\\/\"},{\"@type\":\"ListItem\",\"position\":4,\"name\":\"Die Geldkiste der Waisenbrunnen\"}]},{\"@type\":\"WebSite\",\"@id\":\"https:\\\/\\\/kaapskil.nl\\\/#website\",\"url\":\"https:\\\/\\\/kaapskil.nl\\\/\",\"name\":\"Museum Kaap Skil\",\"description\":\"Stichting Texels Museum\",\"potentialAction\":[{\"@type\":\"SearchAction\",\"target\":{\"@type\":\"EntryPoint\",\"urlTemplate\":\"https:\\\/\\\/kaapskil.nl\\\/?s={search_term_string}\"},\"query-input\":{\"@type\":\"PropertyValueSpecification\",\"valueRequired\":true,\"valueName\":\"search_term_string\"}}],\"inLanguage\":\"de-DE\"}]}<\/script>\n<!-- \/ Yoast SEO plugin. -->","yoast_head_json":{"title":"Die Geldkiste der Waisenbrunnen","description":"Eine Geldkiste aus Metall mit den Ma\u00dfen von 72 x 38,5 x 42 cm. Es ist die Kiste, in der die Erl\u00f6se aus dem Verkauf des eisenhaltigen Wassers aufbewahrt wurde. Das Wasser wurde an die Seeschiffe auf der Reede von Texel verkauft. Im Museum Kaap Skil steht die Kiste in einer der Kammern beim Modell der Reede von Texel.","robots":{"index":"index","follow":"follow","max-snippet":"max-snippet:-1","max-image-preview":"max-image-preview:large","max-video-preview":"max-video-preview:-1"},"canonical":"https:\/\/kaapskil.nl\/de\/entdecken\/prunkstucke\/die-geldkiste-der-waisenbrunnen\/","og_locale":"de_DE","og_type":"article","og_title":"Die Geldkiste der Waisenbrunnen","og_description":"Eine Geldkiste aus Metall mit den Ma\u00dfen von 72 x 38,5 x 42 cm. Es ist die Kiste, in der die Erl\u00f6se aus dem Verkauf des eisenhaltigen Wassers aufbewahrt wurde. Das Wasser wurde an die Seeschiffe auf der Reede von Texel verkauft. Im Museum Kaap Skil steht die Kiste in einer der Kammern beim Modell der Reede von Texel.","og_url":"https:\/\/kaapskil.nl\/de\/entdecken\/prunkstucke\/die-geldkiste-der-waisenbrunnen\/","og_site_name":"Museum Kaap Skil","article_modified_time":"2022-09-24T16:02:27+00:00","og_image":[{"width":840,"height":525,"url":"https:\/\/kaapskil.nl\/wp-content\/uploads\/2022\/09\/Geldkist-ws.jpg","type":"image\/jpeg"}],"twitter_card":"summary_large_image","twitter_misc":{"Est. reading time":"2 minutes"},"schema":{"@context":"https:\/\/schema.org","@graph":[{"@type":"WebPage","@id":"https:\/\/kaapskil.nl\/de\/entdecken\/prunkstucke\/die-geldkiste-der-waisenbrunnen\/","url":"https:\/\/kaapskil.nl\/de\/entdecken\/prunkstucke\/die-geldkiste-der-waisenbrunnen\/","name":"Die Geldkiste der Waisenbrunnen","isPartOf":{"@id":"https:\/\/kaapskil.nl\/#website"},"primaryImageOfPage":{"@id":"https:\/\/kaapskil.nl\/de\/entdecken\/prunkstucke\/die-geldkiste-der-waisenbrunnen\/#primaryimage"},"image":{"@id":"https:\/\/kaapskil.nl\/de\/entdecken\/prunkstucke\/die-geldkiste-der-waisenbrunnen\/#primaryimage"},"thumbnailUrl":"https:\/\/kaapskil.nl\/wp-content\/uploads\/2022\/09\/Geldkist-ws.jpg","datePublished":"2018-04-11T10:06:00+00:00","dateModified":"2022-09-24T16:02:27+00:00","description":"Eine Geldkiste aus Metall mit den Ma\u00dfen von 72 x 38,5 x 42 cm. Es ist die Kiste, in der die Erl\u00f6se aus dem Verkauf des eisenhaltigen Wassers aufbewahrt wurde. Das Wasser wurde an die Seeschiffe auf der Reede von Texel verkauft. Im Museum Kaap Skil steht die Kiste in einer der Kammern beim Modell der Reede von Texel.","breadcrumb":{"@id":"https:\/\/kaapskil.nl\/de\/entdecken\/prunkstucke\/die-geldkiste-der-waisenbrunnen\/#breadcrumb"},"inLanguage":"de-DE","potentialAction":[{"@type":"ReadAction","target":["https:\/\/kaapskil.nl\/de\/entdecken\/prunkstucke\/die-geldkiste-der-waisenbrunnen\/"]}]},{"@type":"ImageObject","inLanguage":"de-DE","@id":"https:\/\/kaapskil.nl\/de\/entdecken\/prunkstucke\/die-geldkiste-der-waisenbrunnen\/#primaryimage","url":"https:\/\/kaapskil.nl\/wp-content\/uploads\/2022\/09\/Geldkist-ws.jpg","contentUrl":"https:\/\/kaapskil.nl\/wp-content\/uploads\/2022\/09\/Geldkist-ws.jpg","width":840,"height":525,"caption":"Pron"},{"@type":"BreadcrumbList","@id":"https:\/\/kaapskil.nl\/de\/entdecken\/prunkstucke\/die-geldkiste-der-waisenbrunnen\/#breadcrumb","itemListElement":[{"@type":"ListItem","position":1,"name":"Home","item":"https:\/\/kaapskil.nl\/de\/"},{"@type":"ListItem","position":2,"name":"Entdecken","item":"https:\/\/kaapskil.nl\/de\/entdecken\/"},{"@type":"ListItem","position":3,"name":"Prunkst\u00fccke","item":"https:\/\/kaapskil.nl\/de\/entdecken\/prunkstucke\/"},{"@type":"ListItem","position":4,"name":"Die Geldkiste der Waisenbrunnen"}]},{"@type":"WebSite","@id":"https:\/\/kaapskil.nl\/#website","url":"https:\/\/kaapskil.nl\/","name":"Museum Kaap Skil","description":"Stichting Texels Museum","potentialAction":[{"@type":"SearchAction","target":{"@type":"EntryPoint","urlTemplate":"https:\/\/kaapskil.nl\/?s={search_term_string}"},"query-input":{"@type":"PropertyValueSpecification","valueRequired":true,"valueName":"search_term_string"}}],"inLanguage":"de-DE"}]}},"_links":{"self":[{"href":"https:\/\/kaapskil.nl\/de\/wp-json\/wp\/v2\/pages\/2307","targetHints":{"allow":["GET"]}}],"collection":[{"href":"https:\/\/kaapskil.nl\/de\/wp-json\/wp\/v2\/pages"}],"about":[{"href":"https:\/\/kaapskil.nl\/de\/wp-json\/wp\/v2\/types\/page"}],"author":[{"embeddable":true,"href":"https:\/\/kaapskil.nl\/de\/wp-json\/wp\/v2\/users\/1"}],"replies":[{"embeddable":true,"href":"https:\/\/kaapskil.nl\/de\/wp-json\/wp\/v2\/comments?post=2307"}],"version-history":[{"count":0,"href":"https:\/\/kaapskil.nl\/de\/wp-json\/wp\/v2\/pages\/2307\/revisions"}],"up":[{"embeddable":true,"href":"https:\/\/kaapskil.nl\/de\/wp-json\/wp\/v2\/pages\/659"}],"wp:featuredmedia":[{"embeddable":true,"href":"https:\/\/kaapskil.nl\/de\/wp-json\/wp\/v2\/media\/10240"}],"wp:attachment":[{"href":"https:\/\/kaapskil.nl\/de\/wp-json\/wp\/v2\/media?parent=2307"}],"wp:term":[{"taxonomy":"category","embeddable":true,"href":"https:\/\/kaapskil.nl\/de\/wp-json\/wp\/v2\/categories?post=2307"},{"taxonomy":"post_tag","embeddable":true,"href":"https:\/\/kaapskil.nl\/de\/wp-json\/wp\/v2\/tags?post=2307"}],"curies":[{"name":"wp","href":"https:\/\/api.w.org\/{rel}","templated":true}]}}