{"id":2314,"date":"2018-04-11T12:22:00","date_gmt":"2018-04-11T11:22:00","guid":{"rendered":"https:\/\/serene-austin.109-235-78-20.plesk.page\/?page_id=2314"},"modified":"2022-06-13T11:35:59","modified_gmt":"2022-06-13T09:35:59","slug":"model-der-hollandia","status":"publish","type":"page","link":"https:\/\/kaapskil.nl\/de\/model-der-hollandia\/","title":{"rendered":"Modell der Hollandia"},"content":{"rendered":"<p><img loading=\"lazy\" decoding=\"async\" class=\"alignright wp-image-9317\" src=\"https:\/\/kaapskil.nl\/wp-content\/uploads\/2022\/06\/MB-hollandia-_DSC7022.jpg\" alt=\"Maquette Reede van Texel - Hollandia\" width=\"540\" height=\"360\" srcset=\"https:\/\/kaapskil.nl\/wp-content\/uploads\/2022\/06\/MB-hollandia-_DSC7022.jpg 840w, https:\/\/kaapskil.nl\/wp-content\/uploads\/2022\/06\/MB-hollandia-_DSC7022-300x200.jpg 300w, https:\/\/kaapskil.nl\/wp-content\/uploads\/2022\/06\/MB-hollandia-_DSC7022-768x512.jpg 768w, https:\/\/kaapskil.nl\/wp-content\/uploads\/2022\/06\/MB-hollandia-_DSC7022-100x67.jpg 100w, https:\/\/kaapskil.nl\/wp-content\/uploads\/2022\/06\/MB-hollandia-_DSC7022-360x240.jpg 360w\" sizes=\"auto, (max-width: 540px) 100vw, 540px\" \/><\/p>\n<p><strong>Die Hollandia war lange Zeit das Flaggschiff der holl\u00e4ndischen Kriegsflotte. Tromp und de Ruijter f\u00fchrten abwechselnd das Kommando. Als die De Zeven Provinci\u00ebn in Fahrt genommen wurde und die Funktion des Flaggschiffs \u00fcbernahm, wurde die Hollandia das Schiff f\u00fcr die schnellen \u00dcberraschungsangriffe. <\/strong><\/p>\n<p>Die Hollandia war 46 Meter lang und 12 Meter breit. Das Schiff wurde 1665 in Amsterdam gebaut. Auf den meisten Kriegsfahrten hatte Cornelis Tromp das Kommando. Er hatte einen hervorragenden taktischen Einblick und verstand viel von dem Gesch\u00e4ft auf See. Das Schiff diente in der Viert\u00e4gigen Seeschlacht, der Zweit\u00e4gigen Seeschlacht, der Fahrt nach Chatham, im Angriff auf Harwich, der Ersten und Zweiten Schlacht bei Schooneveld und der Schlacht bei Kijkduin. 1683 wurde es auf der R\u00fcckfahrt von G\u00f6teborg von einem Sturm \u00fcberrascht. Das ehemalige Flaggschiff sank vor der K\u00fcste von Nordholland.<\/p>\n<p>Das Modell basiert auf einer Abbildung des Schiffes auf einem Gem\u00e4lde von Ludolf Bakhuizen. Die Matrosen klettern von der Schaluppe aus an Bord der Hollandia. Auf der Hollandia findet die Beratung der Befehlshaber der verschiedenen Geschwader der Kriegsflotten statt. Der Wimpel und der &#8220;Dubbele Prins&#8221; flattern im Wind. Rund um das Schiff versammeln sich die Schaluppen der Beratungsteilnehmer.<\/p>\n","protected":false},"excerpt":{"rendered":"<p>Die Hollandia war das Flaggschiff der holl\u00e4ndischen Kriegsflotte. Tromp und De Ruijter f\u00fchrten das Kommando. Als die De Zeven Provinci\u00ebn Flaggschiff wurde, wurde die Hollandia das Schiff f\u00fcr \u00dcberraschungsangriffe. <\/p>\n","protected":false},"author":1,"featured_media":9317,"parent":0,"menu_order":40,"comment_status":"closed","ping_status":"closed","template":"page-templates\/museum-highlight.php","meta":{"_acf_changed":false,"footnotes":""},"categories":[],"tags":[73,35],"class_list":["post-2314","page","type-page","status-publish","has-post-thumbnail","hentry","tag-ankerplatz","tag-goldene-zeiten-auf-der-reede"],"acf":[],"yoast_head":"<!-- This site is optimized with the Yoast SEO plugin v27.4 - https:\/\/yoast.com\/product\/yoast-seo-wordpress\/ -->\n<title>Modell der Hollandia<\/title>\n<meta name=\"description\" content=\"Die Hollandia war das Flaggschiff der holl\u00e4ndischen Kriegsflotte. Tromp und De Ruijter f\u00fchrten das Kommando. Als die De Zeven Provinci\u00ebn Flaggschiff wurde, wurde die Hollandia das Schiff f\u00fcr \u00dcberraschungsangriffe.\" \/>\n<meta name=\"robots\" content=\"index, follow, max-snippet:-1, max-image-preview:large, max-video-preview:-1\" \/>\n<link rel=\"canonical\" href=\"https:\/\/kaapskil.nl\/de\/model-der-hollandia\/\" \/>\n<meta property=\"og:locale\" content=\"de_DE\" \/>\n<meta property=\"og:type\" content=\"article\" \/>\n<meta property=\"og:title\" content=\"Modell der Hollandia\" \/>\n<meta property=\"og:description\" content=\"Die Hollandia war das Flaggschiff der holl\u00e4ndischen Kriegsflotte. Tromp und De Ruijter f\u00fchrten das Kommando. Als die De Zeven Provinci\u00ebn Flaggschiff wurde, wurde die Hollandia das Schiff f\u00fcr \u00dcberraschungsangriffe.\" \/>\n<meta property=\"og:url\" content=\"https:\/\/kaapskil.nl\/de\/model-der-hollandia\/\" \/>\n<meta property=\"og:site_name\" content=\"Museum Kaap Skil\" \/>\n<meta property=\"article:modified_time\" content=\"2022-06-13T09:35:59+00:00\" \/>\n<meta property=\"og:image\" content=\"https:\/\/kaapskil.nl\/wp-content\/uploads\/2022\/06\/MB-hollandia-_DSC7022.jpg\" \/>\n\t<meta property=\"og:image:width\" content=\"840\" \/>\n\t<meta property=\"og:image:height\" content=\"560\" \/>\n\t<meta property=\"og:image:type\" content=\"image\/jpeg\" \/>\n<meta name=\"twitter:card\" content=\"summary_large_image\" \/>\n<meta name=\"twitter:label1\" content=\"Est. reading time\" \/>\n\t<meta name=\"twitter:data1\" content=\"2 minutes\" \/>\n<script type=\"application\/ld+json\" class=\"yoast-schema-graph\">{\"@context\":\"https:\\\/\\\/schema.org\",\"@graph\":[{\"@type\":\"WebPage\",\"@id\":\"https:\\\/\\\/kaapskil.nl\\\/de\\\/model-der-hollandia\\\/\",\"url\":\"https:\\\/\\\/kaapskil.nl\\\/de\\\/model-der-hollandia\\\/\",\"name\":\"Modell der Hollandia\",\"isPartOf\":{\"@id\":\"https:\\\/\\\/kaapskil.nl\\\/#website\"},\"primaryImageOfPage\":{\"@id\":\"https:\\\/\\\/kaapskil.nl\\\/de\\\/model-der-hollandia\\\/#primaryimage\"},\"image\":{\"@id\":\"https:\\\/\\\/kaapskil.nl\\\/de\\\/model-der-hollandia\\\/#primaryimage\"},\"thumbnailUrl\":\"https:\\\/\\\/kaapskil.nl\\\/wp-content\\\/uploads\\\/2022\\\/06\\\/MB-hollandia-_DSC7022.jpg\",\"datePublished\":\"2018-04-11T11:22:00+00:00\",\"dateModified\":\"2022-06-13T09:35:59+00:00\",\"description\":\"Die Hollandia war das Flaggschiff der holl\u00e4ndischen Kriegsflotte. Tromp und De Ruijter f\u00fchrten das Kommando. Als die De Zeven Provinci\u00ebn Flaggschiff wurde, wurde die Hollandia das Schiff f\u00fcr \u00dcberraschungsangriffe.\",\"breadcrumb\":{\"@id\":\"https:\\\/\\\/kaapskil.nl\\\/de\\\/model-der-hollandia\\\/#breadcrumb\"},\"inLanguage\":\"de-DE\",\"potentialAction\":[{\"@type\":\"ReadAction\",\"target\":[\"https:\\\/\\\/kaapskil.nl\\\/de\\\/model-der-hollandia\\\/\"]}]},{\"@type\":\"ImageObject\",\"inLanguage\":\"de-DE\",\"@id\":\"https:\\\/\\\/kaapskil.nl\\\/de\\\/model-der-hollandia\\\/#primaryimage\",\"url\":\"https:\\\/\\\/kaapskil.nl\\\/wp-content\\\/uploads\\\/2022\\\/06\\\/MB-hollandia-_DSC7022.jpg\",\"contentUrl\":\"https:\\\/\\\/kaapskil.nl\\\/wp-content\\\/uploads\\\/2022\\\/06\\\/MB-hollandia-_DSC7022.jpg\",\"width\":840,\"height\":560,\"caption\":\"Hoge resolutie foto's van de verschillende schepen op de Maquette van de Reede van Texel\"},{\"@type\":\"BreadcrumbList\",\"@id\":\"https:\\\/\\\/kaapskil.nl\\\/de\\\/model-der-hollandia\\\/#breadcrumb\",\"itemListElement\":[{\"@type\":\"ListItem\",\"position\":1,\"name\":\"Home\",\"item\":\"https:\\\/\\\/kaapskil.nl\\\/de\\\/\"},{\"@type\":\"ListItem\",\"position\":2,\"name\":\"Modell der Hollandia\"}]},{\"@type\":\"WebSite\",\"@id\":\"https:\\\/\\\/kaapskil.nl\\\/#website\",\"url\":\"https:\\\/\\\/kaapskil.nl\\\/\",\"name\":\"Museum Kaap Skil\",\"description\":\"Stichting Texels Museum\",\"potentialAction\":[{\"@type\":\"SearchAction\",\"target\":{\"@type\":\"EntryPoint\",\"urlTemplate\":\"https:\\\/\\\/kaapskil.nl\\\/?s={search_term_string}\"},\"query-input\":{\"@type\":\"PropertyValueSpecification\",\"valueRequired\":true,\"valueName\":\"search_term_string\"}}],\"inLanguage\":\"de-DE\"}]}<\/script>\n<!-- \/ Yoast SEO plugin. -->","yoast_head_json":{"title":"Modell der Hollandia","description":"Die Hollandia war das Flaggschiff der holl\u00e4ndischen Kriegsflotte. Tromp und De Ruijter f\u00fchrten das Kommando. Als die De Zeven Provinci\u00ebn Flaggschiff wurde, wurde die Hollandia das Schiff f\u00fcr \u00dcberraschungsangriffe.","robots":{"index":"index","follow":"follow","max-snippet":"max-snippet:-1","max-image-preview":"max-image-preview:large","max-video-preview":"max-video-preview:-1"},"canonical":"https:\/\/kaapskil.nl\/de\/model-der-hollandia\/","og_locale":"de_DE","og_type":"article","og_title":"Modell der Hollandia","og_description":"Die Hollandia war das Flaggschiff der holl\u00e4ndischen Kriegsflotte. Tromp und De Ruijter f\u00fchrten das Kommando. Als die De Zeven Provinci\u00ebn Flaggschiff wurde, wurde die Hollandia das Schiff f\u00fcr \u00dcberraschungsangriffe.","og_url":"https:\/\/kaapskil.nl\/de\/model-der-hollandia\/","og_site_name":"Museum Kaap Skil","article_modified_time":"2022-06-13T09:35:59+00:00","og_image":[{"width":840,"height":560,"url":"https:\/\/kaapskil.nl\/wp-content\/uploads\/2022\/06\/MB-hollandia-_DSC7022.jpg","type":"image\/jpeg"}],"twitter_card":"summary_large_image","twitter_misc":{"Est. reading time":"2 minutes"},"schema":{"@context":"https:\/\/schema.org","@graph":[{"@type":"WebPage","@id":"https:\/\/kaapskil.nl\/de\/model-der-hollandia\/","url":"https:\/\/kaapskil.nl\/de\/model-der-hollandia\/","name":"Modell der Hollandia","isPartOf":{"@id":"https:\/\/kaapskil.nl\/#website"},"primaryImageOfPage":{"@id":"https:\/\/kaapskil.nl\/de\/model-der-hollandia\/#primaryimage"},"image":{"@id":"https:\/\/kaapskil.nl\/de\/model-der-hollandia\/#primaryimage"},"thumbnailUrl":"https:\/\/kaapskil.nl\/wp-content\/uploads\/2022\/06\/MB-hollandia-_DSC7022.jpg","datePublished":"2018-04-11T11:22:00+00:00","dateModified":"2022-06-13T09:35:59+00:00","description":"Die Hollandia war das Flaggschiff der holl\u00e4ndischen Kriegsflotte. Tromp und De Ruijter f\u00fchrten das Kommando. Als die De Zeven Provinci\u00ebn Flaggschiff wurde, wurde die Hollandia das Schiff f\u00fcr \u00dcberraschungsangriffe.","breadcrumb":{"@id":"https:\/\/kaapskil.nl\/de\/model-der-hollandia\/#breadcrumb"},"inLanguage":"de-DE","potentialAction":[{"@type":"ReadAction","target":["https:\/\/kaapskil.nl\/de\/model-der-hollandia\/"]}]},{"@type":"ImageObject","inLanguage":"de-DE","@id":"https:\/\/kaapskil.nl\/de\/model-der-hollandia\/#primaryimage","url":"https:\/\/kaapskil.nl\/wp-content\/uploads\/2022\/06\/MB-hollandia-_DSC7022.jpg","contentUrl":"https:\/\/kaapskil.nl\/wp-content\/uploads\/2022\/06\/MB-hollandia-_DSC7022.jpg","width":840,"height":560,"caption":"Hoge resolutie foto's van de verschillende schepen op de Maquette van de Reede van Texel"},{"@type":"BreadcrumbList","@id":"https:\/\/kaapskil.nl\/de\/model-der-hollandia\/#breadcrumb","itemListElement":[{"@type":"ListItem","position":1,"name":"Home","item":"https:\/\/kaapskil.nl\/de\/"},{"@type":"ListItem","position":2,"name":"Modell der Hollandia"}]},{"@type":"WebSite","@id":"https:\/\/kaapskil.nl\/#website","url":"https:\/\/kaapskil.nl\/","name":"Museum Kaap Skil","description":"Stichting Texels Museum","potentialAction":[{"@type":"SearchAction","target":{"@type":"EntryPoint","urlTemplate":"https:\/\/kaapskil.nl\/?s={search_term_string}"},"query-input":{"@type":"PropertyValueSpecification","valueRequired":true,"valueName":"search_term_string"}}],"inLanguage":"de-DE"}]}},"_links":{"self":[{"href":"https:\/\/kaapskil.nl\/de\/wp-json\/wp\/v2\/pages\/2314","targetHints":{"allow":["GET"]}}],"collection":[{"href":"https:\/\/kaapskil.nl\/de\/wp-json\/wp\/v2\/pages"}],"about":[{"href":"https:\/\/kaapskil.nl\/de\/wp-json\/wp\/v2\/types\/page"}],"author":[{"embeddable":true,"href":"https:\/\/kaapskil.nl\/de\/wp-json\/wp\/v2\/users\/1"}],"replies":[{"embeddable":true,"href":"https:\/\/kaapskil.nl\/de\/wp-json\/wp\/v2\/comments?post=2314"}],"version-history":[{"count":0,"href":"https:\/\/kaapskil.nl\/de\/wp-json\/wp\/v2\/pages\/2314\/revisions"}],"wp:featuredmedia":[{"embeddable":true,"href":"https:\/\/kaapskil.nl\/de\/wp-json\/wp\/v2\/media\/9317"}],"wp:attachment":[{"href":"https:\/\/kaapskil.nl\/de\/wp-json\/wp\/v2\/media?parent=2314"}],"wp:term":[{"taxonomy":"category","embeddable":true,"href":"https:\/\/kaapskil.nl\/de\/wp-json\/wp\/v2\/categories?post=2314"},{"taxonomy":"post_tag","embeddable":true,"href":"https:\/\/kaapskil.nl\/de\/wp-json\/wp\/v2\/tags?post=2314"}],"curies":[{"name":"wp","href":"https:\/\/api.w.org\/{rel}","templated":true}]}}