{"id":2316,"date":"2018-04-11T12:29:05","date_gmt":"2018-04-11T11:29:05","guid":{"rendered":"https:\/\/serene-austin.109-235-78-20.plesk.page\/?page_id=2316"},"modified":"2024-10-22T13:48:56","modified_gmt":"2024-10-22T11:48:56","slug":"model-der-spiegelretourschiff-oranje","status":"publish","type":"page","link":"https:\/\/kaapskil.nl\/de\/model-der-spiegelretourschiff-oranje\/","title":{"rendered":"Modell der Spiegelretourschiff Oranje"},"content":{"rendered":"<p><img loading=\"lazy\" decoding=\"async\" class=\"alignright wp-image-9338\" src=\"https:\/\/kaapskil.nl\/wp-content\/uploads\/2022\/06\/MB-oranje-_DSC7026.jpg\" alt=\"Maquette Reede van Texel - oranje\" width=\"540\" height=\"366\" srcset=\"https:\/\/kaapskil.nl\/wp-content\/uploads\/2022\/06\/MB-oranje-_DSC7026.jpg 840w, https:\/\/kaapskil.nl\/wp-content\/uploads\/2022\/06\/MB-oranje-_DSC7026-300x204.jpg 300w, https:\/\/kaapskil.nl\/wp-content\/uploads\/2022\/06\/MB-oranje-_DSC7026-768x521.jpg 768w, https:\/\/kaapskil.nl\/wp-content\/uploads\/2022\/06\/MB-oranje-_DSC7026-100x68.jpg 100w\" sizes=\"auto, (max-width: 540px) 100vw, 540px\" \/><\/p>\n<p><strong>Die Oranje war ein Spiegelretourschiff. Dieser Typ war speziell f\u00fcr die langen Reisen nach Ostasien unter der Flagge der VOC entwickelt worden. Die Schiffe hatten eine gro\u00dfe Ladekapazit\u00e4t, um viel Handelsware mit zur\u00fcck bringen zu k\u00f6nnen. <\/strong><\/p>\n<p>Die Oranje war 48 Meter lang und 11 Meter breit. Sie wurde 1643 im Auftrag des VOC in Middelburg gebaut. Auf dem Spiegel des Schiffes ist ein Panorama der Stadt Middelburg abgebildet. Jede VOC-Kammer hatte ihre eigene Flagge. Die Flagge von Zeeland trug die Farben gelb\/weiss\/rot. Das &#8220;M&#8221; von Middelburg ist auch sichtbar. Die Oranje ist mehrere Male das Kommandoschiff der VOC-Flotte gewesen. 1665 wurde sie von der Admiralit\u00e4t von Zeeland f\u00fcr den Krieg gegen die Engl\u00e4nder gemietet. Das Schiff war kein Gegner f\u00fcr die schweren englischen Kriegsschiffe. Nach einem langen Kampf unter der Leitung von Bastiaan Senten, der bei den Engl\u00e4ndern gro\u00dfen Respekt errang, sank das Schiff.<\/p>\n<p>Das Modell ist eine Kopie der Prins Willem aus dem Reichsmuseum und der Spiegel basiert auf einer Abbildung der Oranje auf dem Gem\u00e4lde &#8220;Retourvloot uit Batavia&#8221; von einem unbekanntem Maler. Die Mitfahrenden sind zum ersten mal an Bord des Schiffes. Unbehaglich schauen sie sich um und passen auf ihre Schiffskiste mit ihren pers\u00f6nlichen Besitzt\u00fcmern auf. Auf der Oranje kommen die Kapit\u00e4ne und Offiziere der anderen Ostindien-Fahrer zu einer letzten Beratung zusammen. Sie kommen in Schaluppen an, gerudert von Matrosen. Bei der letzten Beratung wird der Kurs bestimmt und die Absprachen untereinander werden noch einmal best\u00e4tigt.<\/p>\n","protected":false},"excerpt":{"rendered":"<p>Die Oranje war ein Spiegelretourschiff. Dieser Typ war speziell f\u00fcr die langen Reisen nach Ostasien unter der Flagge der VOC entwickelt worden. Die Schiffe hatten eine gro\u00dfe Ladekapazit\u00e4t, um viel Handelsware mit zur\u00fcck bringen zu k\u00f6nnen. <\/p>\n","protected":false},"author":1,"featured_media":9338,"parent":0,"menu_order":30,"comment_status":"closed","ping_status":"closed","template":"page-templates\/museum-highlight.php","meta":{"_acf_changed":false,"footnotes":""},"categories":[],"tags":[73,35],"class_list":["post-2316","page","type-page","status-publish","has-post-thumbnail","hentry","tag-ankerplatz","tag-goldene-zeiten-auf-der-reede"],"acf":[],"yoast_head":"<!-- This site is optimized with the Yoast SEO plugin v27.4 - https:\/\/yoast.com\/product\/yoast-seo-wordpress\/ -->\n<title>Modell der Spiegelretourschiff Oranje<\/title>\n<meta name=\"description\" content=\"Die Oranje war ein Spiegelretourschiff. Dieser Typ war speziell f\u00fcr die langen Reisen nach Ostasien unter der Flagge der VOC entwickelt worden. Die Schiffe hatten eine gro\u00dfe Ladekapazit\u00e4t, um viel Handelsware mit zur\u00fcck bringen zu k\u00f6nnen.\" \/>\n<meta name=\"robots\" content=\"index, follow, max-snippet:-1, max-image-preview:large, max-video-preview:-1\" \/>\n<link rel=\"canonical\" href=\"https:\/\/kaapskil.nl\/de\/model-der-spiegelretourschiff-oranje\/\" \/>\n<meta property=\"og:locale\" content=\"de_DE\" \/>\n<meta property=\"og:type\" content=\"article\" \/>\n<meta property=\"og:title\" content=\"Modell der Spiegelretourschiff Oranje\" \/>\n<meta property=\"og:description\" content=\"Die Oranje war ein Spiegelretourschiff. Dieser Typ war speziell f\u00fcr die langen Reisen nach Ostasien unter der Flagge der VOC entwickelt worden. Die Schiffe hatten eine gro\u00dfe Ladekapazit\u00e4t, um viel Handelsware mit zur\u00fcck bringen zu k\u00f6nnen.\" \/>\n<meta property=\"og:url\" content=\"https:\/\/kaapskil.nl\/de\/model-der-spiegelretourschiff-oranje\/\" \/>\n<meta property=\"og:site_name\" content=\"Museum Kaap Skil\" \/>\n<meta property=\"article:modified_time\" content=\"2024-10-22T11:48:56+00:00\" \/>\n<meta property=\"og:image\" content=\"https:\/\/kaapskil.nl\/wp-content\/uploads\/2022\/06\/MB-oranje-_DSC7026.jpg\" \/>\n\t<meta property=\"og:image:width\" content=\"840\" \/>\n\t<meta property=\"og:image:height\" content=\"570\" \/>\n\t<meta property=\"og:image:type\" content=\"image\/jpeg\" \/>\n<meta name=\"twitter:card\" content=\"summary_large_image\" \/>\n<meta name=\"twitter:label1\" content=\"Est. reading time\" \/>\n\t<meta name=\"twitter:data1\" content=\"2 minutes\" \/>\n<script type=\"application\/ld+json\" class=\"yoast-schema-graph\">{\"@context\":\"https:\\\/\\\/schema.org\",\"@graph\":[{\"@type\":\"WebPage\",\"@id\":\"https:\\\/\\\/kaapskil.nl\\\/de\\\/model-der-spiegelretourschiff-oranje\\\/\",\"url\":\"https:\\\/\\\/kaapskil.nl\\\/de\\\/model-der-spiegelretourschiff-oranje\\\/\",\"name\":\"Modell der Spiegelretourschiff Oranje\",\"isPartOf\":{\"@id\":\"https:\\\/\\\/kaapskil.nl\\\/#website\"},\"primaryImageOfPage\":{\"@id\":\"https:\\\/\\\/kaapskil.nl\\\/de\\\/model-der-spiegelretourschiff-oranje\\\/#primaryimage\"},\"image\":{\"@id\":\"https:\\\/\\\/kaapskil.nl\\\/de\\\/model-der-spiegelretourschiff-oranje\\\/#primaryimage\"},\"thumbnailUrl\":\"https:\\\/\\\/kaapskil.nl\\\/wp-content\\\/uploads\\\/2022\\\/06\\\/MB-oranje-_DSC7026.jpg\",\"datePublished\":\"2018-04-11T11:29:05+00:00\",\"dateModified\":\"2024-10-22T11:48:56+00:00\",\"description\":\"Die Oranje war ein Spiegelretourschiff. Dieser Typ war speziell f\u00fcr die langen Reisen nach Ostasien unter der Flagge der VOC entwickelt worden. Die Schiffe hatten eine gro\u00dfe Ladekapazit\u00e4t, um viel Handelsware mit zur\u00fcck bringen zu k\u00f6nnen.\",\"breadcrumb\":{\"@id\":\"https:\\\/\\\/kaapskil.nl\\\/de\\\/model-der-spiegelretourschiff-oranje\\\/#breadcrumb\"},\"inLanguage\":\"de-DE\",\"potentialAction\":[{\"@type\":\"ReadAction\",\"target\":[\"https:\\\/\\\/kaapskil.nl\\\/de\\\/model-der-spiegelretourschiff-oranje\\\/\"]}]},{\"@type\":\"ImageObject\",\"inLanguage\":\"de-DE\",\"@id\":\"https:\\\/\\\/kaapskil.nl\\\/de\\\/model-der-spiegelretourschiff-oranje\\\/#primaryimage\",\"url\":\"https:\\\/\\\/kaapskil.nl\\\/wp-content\\\/uploads\\\/2022\\\/06\\\/MB-oranje-_DSC7026.jpg\",\"contentUrl\":\"https:\\\/\\\/kaapskil.nl\\\/wp-content\\\/uploads\\\/2022\\\/06\\\/MB-oranje-_DSC7026.jpg\",\"width\":840,\"height\":570,\"caption\":\"Hoge resolutie foto's van de verschillende schepen op de Maquette van de Reede van Texel\"},{\"@type\":\"BreadcrumbList\",\"@id\":\"https:\\\/\\\/kaapskil.nl\\\/de\\\/model-der-spiegelretourschiff-oranje\\\/#breadcrumb\",\"itemListElement\":[{\"@type\":\"ListItem\",\"position\":1,\"name\":\"Home\",\"item\":\"https:\\\/\\\/kaapskil.nl\\\/de\\\/\"},{\"@type\":\"ListItem\",\"position\":2,\"name\":\"Modell der Spiegelretourschiff Oranje\"}]},{\"@type\":\"WebSite\",\"@id\":\"https:\\\/\\\/kaapskil.nl\\\/#website\",\"url\":\"https:\\\/\\\/kaapskil.nl\\\/\",\"name\":\"Museum Kaap Skil\",\"description\":\"Stichting Texels Museum\",\"potentialAction\":[{\"@type\":\"SearchAction\",\"target\":{\"@type\":\"EntryPoint\",\"urlTemplate\":\"https:\\\/\\\/kaapskil.nl\\\/?s={search_term_string}\"},\"query-input\":{\"@type\":\"PropertyValueSpecification\",\"valueRequired\":true,\"valueName\":\"search_term_string\"}}],\"inLanguage\":\"de-DE\"}]}<\/script>\n<!-- \/ Yoast SEO plugin. -->","yoast_head_json":{"title":"Modell der Spiegelretourschiff Oranje","description":"Die Oranje war ein Spiegelretourschiff. Dieser Typ war speziell f\u00fcr die langen Reisen nach Ostasien unter der Flagge der VOC entwickelt worden. Die Schiffe hatten eine gro\u00dfe Ladekapazit\u00e4t, um viel Handelsware mit zur\u00fcck bringen zu k\u00f6nnen.","robots":{"index":"index","follow":"follow","max-snippet":"max-snippet:-1","max-image-preview":"max-image-preview:large","max-video-preview":"max-video-preview:-1"},"canonical":"https:\/\/kaapskil.nl\/de\/model-der-spiegelretourschiff-oranje\/","og_locale":"de_DE","og_type":"article","og_title":"Modell der Spiegelretourschiff Oranje","og_description":"Die Oranje war ein Spiegelretourschiff. Dieser Typ war speziell f\u00fcr die langen Reisen nach Ostasien unter der Flagge der VOC entwickelt worden. Die Schiffe hatten eine gro\u00dfe Ladekapazit\u00e4t, um viel Handelsware mit zur\u00fcck bringen zu k\u00f6nnen.","og_url":"https:\/\/kaapskil.nl\/de\/model-der-spiegelretourschiff-oranje\/","og_site_name":"Museum Kaap Skil","article_modified_time":"2024-10-22T11:48:56+00:00","og_image":[{"width":840,"height":570,"url":"https:\/\/kaapskil.nl\/wp-content\/uploads\/2022\/06\/MB-oranje-_DSC7026.jpg","type":"image\/jpeg"}],"twitter_card":"summary_large_image","twitter_misc":{"Est. reading time":"2 minutes"},"schema":{"@context":"https:\/\/schema.org","@graph":[{"@type":"WebPage","@id":"https:\/\/kaapskil.nl\/de\/model-der-spiegelretourschiff-oranje\/","url":"https:\/\/kaapskil.nl\/de\/model-der-spiegelretourschiff-oranje\/","name":"Modell der Spiegelretourschiff Oranje","isPartOf":{"@id":"https:\/\/kaapskil.nl\/#website"},"primaryImageOfPage":{"@id":"https:\/\/kaapskil.nl\/de\/model-der-spiegelretourschiff-oranje\/#primaryimage"},"image":{"@id":"https:\/\/kaapskil.nl\/de\/model-der-spiegelretourschiff-oranje\/#primaryimage"},"thumbnailUrl":"https:\/\/kaapskil.nl\/wp-content\/uploads\/2022\/06\/MB-oranje-_DSC7026.jpg","datePublished":"2018-04-11T11:29:05+00:00","dateModified":"2024-10-22T11:48:56+00:00","description":"Die Oranje war ein Spiegelretourschiff. Dieser Typ war speziell f\u00fcr die langen Reisen nach Ostasien unter der Flagge der VOC entwickelt worden. Die Schiffe hatten eine gro\u00dfe Ladekapazit\u00e4t, um viel Handelsware mit zur\u00fcck bringen zu k\u00f6nnen.","breadcrumb":{"@id":"https:\/\/kaapskil.nl\/de\/model-der-spiegelretourschiff-oranje\/#breadcrumb"},"inLanguage":"de-DE","potentialAction":[{"@type":"ReadAction","target":["https:\/\/kaapskil.nl\/de\/model-der-spiegelretourschiff-oranje\/"]}]},{"@type":"ImageObject","inLanguage":"de-DE","@id":"https:\/\/kaapskil.nl\/de\/model-der-spiegelretourschiff-oranje\/#primaryimage","url":"https:\/\/kaapskil.nl\/wp-content\/uploads\/2022\/06\/MB-oranje-_DSC7026.jpg","contentUrl":"https:\/\/kaapskil.nl\/wp-content\/uploads\/2022\/06\/MB-oranje-_DSC7026.jpg","width":840,"height":570,"caption":"Hoge resolutie foto's van de verschillende schepen op de Maquette van de Reede van Texel"},{"@type":"BreadcrumbList","@id":"https:\/\/kaapskil.nl\/de\/model-der-spiegelretourschiff-oranje\/#breadcrumb","itemListElement":[{"@type":"ListItem","position":1,"name":"Home","item":"https:\/\/kaapskil.nl\/de\/"},{"@type":"ListItem","position":2,"name":"Modell der Spiegelretourschiff Oranje"}]},{"@type":"WebSite","@id":"https:\/\/kaapskil.nl\/#website","url":"https:\/\/kaapskil.nl\/","name":"Museum Kaap Skil","description":"Stichting Texels Museum","potentialAction":[{"@type":"SearchAction","target":{"@type":"EntryPoint","urlTemplate":"https:\/\/kaapskil.nl\/?s={search_term_string}"},"query-input":{"@type":"PropertyValueSpecification","valueRequired":true,"valueName":"search_term_string"}}],"inLanguage":"de-DE"}]}},"_links":{"self":[{"href":"https:\/\/kaapskil.nl\/de\/wp-json\/wp\/v2\/pages\/2316","targetHints":{"allow":["GET"]}}],"collection":[{"href":"https:\/\/kaapskil.nl\/de\/wp-json\/wp\/v2\/pages"}],"about":[{"href":"https:\/\/kaapskil.nl\/de\/wp-json\/wp\/v2\/types\/page"}],"author":[{"embeddable":true,"href":"https:\/\/kaapskil.nl\/de\/wp-json\/wp\/v2\/users\/1"}],"replies":[{"embeddable":true,"href":"https:\/\/kaapskil.nl\/de\/wp-json\/wp\/v2\/comments?post=2316"}],"version-history":[{"count":0,"href":"https:\/\/kaapskil.nl\/de\/wp-json\/wp\/v2\/pages\/2316\/revisions"}],"wp:featuredmedia":[{"embeddable":true,"href":"https:\/\/kaapskil.nl\/de\/wp-json\/wp\/v2\/media\/9338"}],"wp:attachment":[{"href":"https:\/\/kaapskil.nl\/de\/wp-json\/wp\/v2\/media?parent=2316"}],"wp:term":[{"taxonomy":"category","embeddable":true,"href":"https:\/\/kaapskil.nl\/de\/wp-json\/wp\/v2\/categories?post=2316"},{"taxonomy":"post_tag","embeddable":true,"href":"https:\/\/kaapskil.nl\/de\/wp-json\/wp\/v2\/tags?post=2316"}],"curies":[{"name":"wp","href":"https:\/\/api.w.org\/{rel}","templated":true}]}}