{"id":2318,"date":"2018-04-11T12:34:31","date_gmt":"2018-04-11T11:34:31","guid":{"rendered":"https:\/\/serene-austin.109-235-78-20.plesk.page\/?page_id=2318"},"modified":"2022-06-13T12:07:44","modified_gmt":"2022-06-13T10:07:44","slug":"modell-der-fleute-vrouwtje-van-stavoren","status":"publish","type":"page","link":"https:\/\/kaapskil.nl\/de\/modell-der-fleute-vrouwtje-van-stavoren\/","title":{"rendered":"Modell der Fleute &#8216;Vrouwtje van Stavoren&#8217;"},"content":{"rendered":"<p><img loading=\"lazy\" decoding=\"async\" class=\"alignright wp-image-9329\" src=\"https:\/\/kaapskil.nl\/wp-content\/uploads\/2022\/06\/MB-vrouwtje-van-stavoren-_DSC7007.jpg\" alt=\"MB-vrouwtje-van-stavoren-_DSC7007\" width=\"540\" height=\"366\" srcset=\"https:\/\/kaapskil.nl\/wp-content\/uploads\/2022\/06\/MB-vrouwtje-van-stavoren-_DSC7007.jpg 840w, https:\/\/kaapskil.nl\/wp-content\/uploads\/2022\/06\/MB-vrouwtje-van-stavoren-_DSC7007-300x204.jpg 300w, https:\/\/kaapskil.nl\/wp-content\/uploads\/2022\/06\/MB-vrouwtje-van-stavoren-_DSC7007-768x521.jpg 768w, https:\/\/kaapskil.nl\/wp-content\/uploads\/2022\/06\/MB-vrouwtje-van-stavoren-_DSC7007-100x68.jpg 100w\" sizes=\"auto, (max-width: 540px) 100vw, 540px\" \/><\/p>\n<p><strong>Die Vrouwtje van Stavoren war ein Stra\u00dfenfahrer: Eine Fleute, die f\u00fcr die K\u00fcstenfahrt in S\u00fcd-Europa ausgestattet worden war. Sie hatte relativ wenig Kanonen an Bord und wird vor allem franz\u00f6sischen Wein transportiert haben. <\/strong><\/p>\n<p>Die Vrouwtje van Stavoren wurde 1659 in Friesland gebaut. Sie war 35 Meter lang und 7 Meter breit. Das Schiff war eine Fleute. Diese Art Frachtschiff wurde in Hoorn entwickelt und sorgte im Schiffsbau und in der \u00d6konomie f\u00fcr einen Umbruch. Es waren schnelle Segler, einfach und schnell zu beladen und sie konnten mit einer kleinen Besatzung gesegelt werden. Ein gro\u00dfer Vorteil war auch, dass die Baukosten im Vergleich zu anderen Spiegelschiffen recht niedrig waren. Die Bewaffnung war leicht. Das ist untypisch f\u00fcr einen Stra\u00dfenfahrer. M\u00f6glicherweise ging die Reise nicht weiter als bis nach Frankreich. Auf dem Mittelmeer wimmelte es von Seer\u00e4ubern, darum war dort eine schwere Bewaffnung n\u00f6tig. Die Ausfuhr von franz\u00f6sischen Weinen lag teilweise in den H\u00e4nden der Niederl\u00e4nder. H\u00e4ndler in den Niederlanden kauften die Weine ein und verkauften sie in alle europ\u00e4ischen L\u00e4nder. Auch der Transport der Weine geschah durch die niederl\u00e4ndischen Schiffe.<\/p>\n<p>Von der Vrouwtje van Stavoren gibt es keine Abbildung. Ein vergleichbares Schiff ist die Spaensvaerder, gezeichnet von Reinier Nooms. Vorne, auf dem Bugspriet sitzend, arbeitet ein Matrose am Tauwerk und an der Blockrolle. Die Segel des Schiffes sind gehisst. Der Ostwind f\u00fcr das Ausfahren l\u00e4sst noch auf sich warten.<\/p>\n","protected":false},"excerpt":{"rendered":"<p>Die Vrouwtje van Stavoren war ein Stra\u00dfenfahrer: Eine Fleute, die f\u00fcr die K\u00fcstenfahrt in S\u00fcd-Europa ausgestattet worden war. Sie hatte relativ wenig Kanonen an Bord und wird vor allem franz\u00f6sischen Wein transportiert haben. <\/p>\n","protected":false},"author":1,"featured_media":9329,"parent":0,"menu_order":50,"comment_status":"closed","ping_status":"closed","template":"page-templates\/museum-highlight.php","meta":{"_acf_changed":false,"footnotes":""},"categories":[],"tags":[73,35],"class_list":["post-2318","page","type-page","status-publish","has-post-thumbnail","hentry","tag-ankerplatz","tag-goldene-zeiten-auf-der-reede"],"acf":[],"yoast_head":"<!-- This site is optimized with the Yoast SEO plugin v27.4 - https:\/\/yoast.com\/product\/yoast-seo-wordpress\/ -->\n<title>Modell der Fleute &#039;Vrouwtje van Stavoren&#039;<\/title>\n<meta name=\"description\" content=\"Die Vrouwtje van Stavoren war ein Stra\u00dfenfahrer: Eine Fleute, die f\u00fcr die K\u00fcstenfahrt in S\u00fcd-Europa ausgestattet worden war. Sie hatte relativ wenig Kanonen an Bord und wird vor allem franz\u00f6sischen Wein transportiert haben.\" \/>\n<meta name=\"robots\" content=\"index, follow, max-snippet:-1, max-image-preview:large, max-video-preview:-1\" \/>\n<link rel=\"canonical\" href=\"https:\/\/kaapskil.nl\/de\/modell-der-fleute-vrouwtje-van-stavoren\/\" \/>\n<meta property=\"og:locale\" content=\"de_DE\" \/>\n<meta property=\"og:type\" content=\"article\" \/>\n<meta property=\"og:title\" content=\"Modell der Fleute &#039;Vrouwtje van Stavoren&#039;\" \/>\n<meta property=\"og:description\" content=\"Die Vrouwtje van Stavoren war ein Stra\u00dfenfahrer: Eine Fleute, die f\u00fcr die K\u00fcstenfahrt in S\u00fcd-Europa ausgestattet worden war. Sie hatte relativ wenig Kanonen an Bord und wird vor allem franz\u00f6sischen Wein transportiert haben.\" \/>\n<meta property=\"og:url\" content=\"https:\/\/kaapskil.nl\/de\/modell-der-fleute-vrouwtje-van-stavoren\/\" \/>\n<meta property=\"og:site_name\" content=\"Museum Kaap Skil\" \/>\n<meta property=\"article:modified_time\" content=\"2022-06-13T10:07:44+00:00\" \/>\n<meta property=\"og:image\" content=\"https:\/\/kaapskil.nl\/wp-content\/uploads\/2022\/06\/MB-vrouwtje-van-stavoren-_DSC7007.jpg\" \/>\n\t<meta property=\"og:image:width\" content=\"840\" \/>\n\t<meta property=\"og:image:height\" content=\"570\" \/>\n\t<meta property=\"og:image:type\" content=\"image\/jpeg\" \/>\n<meta name=\"twitter:card\" content=\"summary_large_image\" \/>\n<meta name=\"twitter:label1\" content=\"Est. reading time\" \/>\n\t<meta name=\"twitter:data1\" content=\"2 minutes\" \/>\n<script type=\"application\/ld+json\" class=\"yoast-schema-graph\">{\"@context\":\"https:\\\/\\\/schema.org\",\"@graph\":[{\"@type\":\"WebPage\",\"@id\":\"https:\\\/\\\/kaapskil.nl\\\/de\\\/modell-der-fleute-vrouwtje-van-stavoren\\\/\",\"url\":\"https:\\\/\\\/kaapskil.nl\\\/de\\\/modell-der-fleute-vrouwtje-van-stavoren\\\/\",\"name\":\"Modell der Fleute 'Vrouwtje van Stavoren'\",\"isPartOf\":{\"@id\":\"https:\\\/\\\/kaapskil.nl\\\/#website\"},\"primaryImageOfPage\":{\"@id\":\"https:\\\/\\\/kaapskil.nl\\\/de\\\/modell-der-fleute-vrouwtje-van-stavoren\\\/#primaryimage\"},\"image\":{\"@id\":\"https:\\\/\\\/kaapskil.nl\\\/de\\\/modell-der-fleute-vrouwtje-van-stavoren\\\/#primaryimage\"},\"thumbnailUrl\":\"https:\\\/\\\/kaapskil.nl\\\/wp-content\\\/uploads\\\/2022\\\/06\\\/MB-vrouwtje-van-stavoren-_DSC7007.jpg\",\"datePublished\":\"2018-04-11T11:34:31+00:00\",\"dateModified\":\"2022-06-13T10:07:44+00:00\",\"description\":\"Die Vrouwtje van Stavoren war ein Stra\u00dfenfahrer: Eine Fleute, die f\u00fcr die K\u00fcstenfahrt in S\u00fcd-Europa ausgestattet worden war. Sie hatte relativ wenig Kanonen an Bord und wird vor allem franz\u00f6sischen Wein transportiert haben.\",\"breadcrumb\":{\"@id\":\"https:\\\/\\\/kaapskil.nl\\\/de\\\/modell-der-fleute-vrouwtje-van-stavoren\\\/#breadcrumb\"},\"inLanguage\":\"de-DE\",\"potentialAction\":[{\"@type\":\"ReadAction\",\"target\":[\"https:\\\/\\\/kaapskil.nl\\\/de\\\/modell-der-fleute-vrouwtje-van-stavoren\\\/\"]}]},{\"@type\":\"ImageObject\",\"inLanguage\":\"de-DE\",\"@id\":\"https:\\\/\\\/kaapskil.nl\\\/de\\\/modell-der-fleute-vrouwtje-van-stavoren\\\/#primaryimage\",\"url\":\"https:\\\/\\\/kaapskil.nl\\\/wp-content\\\/uploads\\\/2022\\\/06\\\/MB-vrouwtje-van-stavoren-_DSC7007.jpg\",\"contentUrl\":\"https:\\\/\\\/kaapskil.nl\\\/wp-content\\\/uploads\\\/2022\\\/06\\\/MB-vrouwtje-van-stavoren-_DSC7007.jpg\",\"width\":840,\"height\":570,\"caption\":\"Hoge resolutie foto's van de verschillende schepen op de Maquette van de Reede van Texel\"},{\"@type\":\"BreadcrumbList\",\"@id\":\"https:\\\/\\\/kaapskil.nl\\\/de\\\/modell-der-fleute-vrouwtje-van-stavoren\\\/#breadcrumb\",\"itemListElement\":[{\"@type\":\"ListItem\",\"position\":1,\"name\":\"Home\",\"item\":\"https:\\\/\\\/kaapskil.nl\\\/de\\\/\"},{\"@type\":\"ListItem\",\"position\":2,\"name\":\"Modell der Fleute &#8216;Vrouwtje van Stavoren&#8217;\"}]},{\"@type\":\"WebSite\",\"@id\":\"https:\\\/\\\/kaapskil.nl\\\/#website\",\"url\":\"https:\\\/\\\/kaapskil.nl\\\/\",\"name\":\"Museum Kaap Skil\",\"description\":\"Stichting Texels Museum\",\"potentialAction\":[{\"@type\":\"SearchAction\",\"target\":{\"@type\":\"EntryPoint\",\"urlTemplate\":\"https:\\\/\\\/kaapskil.nl\\\/?s={search_term_string}\"},\"query-input\":{\"@type\":\"PropertyValueSpecification\",\"valueRequired\":true,\"valueName\":\"search_term_string\"}}],\"inLanguage\":\"de-DE\"}]}<\/script>\n<!-- \/ Yoast SEO plugin. -->","yoast_head_json":{"title":"Modell der Fleute 'Vrouwtje van Stavoren'","description":"Die Vrouwtje van Stavoren war ein Stra\u00dfenfahrer: Eine Fleute, die f\u00fcr die K\u00fcstenfahrt in S\u00fcd-Europa ausgestattet worden war. Sie hatte relativ wenig Kanonen an Bord und wird vor allem franz\u00f6sischen Wein transportiert haben.","robots":{"index":"index","follow":"follow","max-snippet":"max-snippet:-1","max-image-preview":"max-image-preview:large","max-video-preview":"max-video-preview:-1"},"canonical":"https:\/\/kaapskil.nl\/de\/modell-der-fleute-vrouwtje-van-stavoren\/","og_locale":"de_DE","og_type":"article","og_title":"Modell der Fleute 'Vrouwtje van Stavoren'","og_description":"Die Vrouwtje van Stavoren war ein Stra\u00dfenfahrer: Eine Fleute, die f\u00fcr die K\u00fcstenfahrt in S\u00fcd-Europa ausgestattet worden war. Sie hatte relativ wenig Kanonen an Bord und wird vor allem franz\u00f6sischen Wein transportiert haben.","og_url":"https:\/\/kaapskil.nl\/de\/modell-der-fleute-vrouwtje-van-stavoren\/","og_site_name":"Museum Kaap Skil","article_modified_time":"2022-06-13T10:07:44+00:00","og_image":[{"width":840,"height":570,"url":"https:\/\/kaapskil.nl\/wp-content\/uploads\/2022\/06\/MB-vrouwtje-van-stavoren-_DSC7007.jpg","type":"image\/jpeg"}],"twitter_card":"summary_large_image","twitter_misc":{"Est. reading time":"2 minutes"},"schema":{"@context":"https:\/\/schema.org","@graph":[{"@type":"WebPage","@id":"https:\/\/kaapskil.nl\/de\/modell-der-fleute-vrouwtje-van-stavoren\/","url":"https:\/\/kaapskil.nl\/de\/modell-der-fleute-vrouwtje-van-stavoren\/","name":"Modell der Fleute 'Vrouwtje van Stavoren'","isPartOf":{"@id":"https:\/\/kaapskil.nl\/#website"},"primaryImageOfPage":{"@id":"https:\/\/kaapskil.nl\/de\/modell-der-fleute-vrouwtje-van-stavoren\/#primaryimage"},"image":{"@id":"https:\/\/kaapskil.nl\/de\/modell-der-fleute-vrouwtje-van-stavoren\/#primaryimage"},"thumbnailUrl":"https:\/\/kaapskil.nl\/wp-content\/uploads\/2022\/06\/MB-vrouwtje-van-stavoren-_DSC7007.jpg","datePublished":"2018-04-11T11:34:31+00:00","dateModified":"2022-06-13T10:07:44+00:00","description":"Die Vrouwtje van Stavoren war ein Stra\u00dfenfahrer: Eine Fleute, die f\u00fcr die K\u00fcstenfahrt in S\u00fcd-Europa ausgestattet worden war. Sie hatte relativ wenig Kanonen an Bord und wird vor allem franz\u00f6sischen Wein transportiert haben.","breadcrumb":{"@id":"https:\/\/kaapskil.nl\/de\/modell-der-fleute-vrouwtje-van-stavoren\/#breadcrumb"},"inLanguage":"de-DE","potentialAction":[{"@type":"ReadAction","target":["https:\/\/kaapskil.nl\/de\/modell-der-fleute-vrouwtje-van-stavoren\/"]}]},{"@type":"ImageObject","inLanguage":"de-DE","@id":"https:\/\/kaapskil.nl\/de\/modell-der-fleute-vrouwtje-van-stavoren\/#primaryimage","url":"https:\/\/kaapskil.nl\/wp-content\/uploads\/2022\/06\/MB-vrouwtje-van-stavoren-_DSC7007.jpg","contentUrl":"https:\/\/kaapskil.nl\/wp-content\/uploads\/2022\/06\/MB-vrouwtje-van-stavoren-_DSC7007.jpg","width":840,"height":570,"caption":"Hoge resolutie foto's van de verschillende schepen op de Maquette van de Reede van Texel"},{"@type":"BreadcrumbList","@id":"https:\/\/kaapskil.nl\/de\/modell-der-fleute-vrouwtje-van-stavoren\/#breadcrumb","itemListElement":[{"@type":"ListItem","position":1,"name":"Home","item":"https:\/\/kaapskil.nl\/de\/"},{"@type":"ListItem","position":2,"name":"Modell der Fleute &#8216;Vrouwtje van Stavoren&#8217;"}]},{"@type":"WebSite","@id":"https:\/\/kaapskil.nl\/#website","url":"https:\/\/kaapskil.nl\/","name":"Museum Kaap Skil","description":"Stichting Texels Museum","potentialAction":[{"@type":"SearchAction","target":{"@type":"EntryPoint","urlTemplate":"https:\/\/kaapskil.nl\/?s={search_term_string}"},"query-input":{"@type":"PropertyValueSpecification","valueRequired":true,"valueName":"search_term_string"}}],"inLanguage":"de-DE"}]}},"_links":{"self":[{"href":"https:\/\/kaapskil.nl\/de\/wp-json\/wp\/v2\/pages\/2318","targetHints":{"allow":["GET"]}}],"collection":[{"href":"https:\/\/kaapskil.nl\/de\/wp-json\/wp\/v2\/pages"}],"about":[{"href":"https:\/\/kaapskil.nl\/de\/wp-json\/wp\/v2\/types\/page"}],"author":[{"embeddable":true,"href":"https:\/\/kaapskil.nl\/de\/wp-json\/wp\/v2\/users\/1"}],"replies":[{"embeddable":true,"href":"https:\/\/kaapskil.nl\/de\/wp-json\/wp\/v2\/comments?post=2318"}],"version-history":[{"count":0,"href":"https:\/\/kaapskil.nl\/de\/wp-json\/wp\/v2\/pages\/2318\/revisions"}],"wp:featuredmedia":[{"embeddable":true,"href":"https:\/\/kaapskil.nl\/de\/wp-json\/wp\/v2\/media\/9329"}],"wp:attachment":[{"href":"https:\/\/kaapskil.nl\/de\/wp-json\/wp\/v2\/media?parent=2318"}],"wp:term":[{"taxonomy":"category","embeddable":true,"href":"https:\/\/kaapskil.nl\/de\/wp-json\/wp\/v2\/categories?post=2318"},{"taxonomy":"post_tag","embeddable":true,"href":"https:\/\/kaapskil.nl\/de\/wp-json\/wp\/v2\/tags?post=2318"}],"curies":[{"name":"wp","href":"https:\/\/api.w.org\/{rel}","templated":true}]}}