{"id":2320,"date":"2018-04-11T12:41:47","date_gmt":"2018-04-11T11:41:47","guid":{"rendered":"https:\/\/serene-austin.109-235-78-20.plesk.page\/?page_id=2320"},"modified":"2020-05-25T14:06:26","modified_gmt":"2020-05-25T13:06:26","slug":"modell-der-pinasschiffes-amste-lant","status":"publish","type":"page","link":"https:\/\/kaapskil.nl\/de\/modell-der-pinasschiffes-amste-lant\/","title":{"rendered":"Modell der Pinasschiffes Amste-lant"},"content":{"rendered":"<p><strong><img loading=\"lazy\" decoding=\"async\" class=\"alignright size-full wp-image-2272\" src=\"https:\/\/kaapskil.nl\/wp-content\/uploads\/2018\/04\/amstel-lant.jpg\" alt=\"\" width=\"640\" height=\"477\" srcset=\"https:\/\/kaapskil.nl\/wp-content\/uploads\/2018\/04\/amstel-lant.jpg 640w, https:\/\/kaapskil.nl\/wp-content\/uploads\/2018\/04\/amstel-lant-300x224.jpg 300w\" sizes=\"auto, (max-width: 640px) 100vw, 640px\" \/>Die Amste-lant war ein Pinasschiff. Pinasschiffe waren schnelle, gut bewaffnete Meeressegler mit ziemlich gro\u00dfer Ladekapazit\u00e4t. Aufgrund dieser Eigenschaften waren Pinasschiffe auch bei Piraten beliebt. <\/strong><\/p>\n<p>Die Amste-lant war 40 Meter lang und 9,5 Meter breit. Sie wurde 1660 in Amsterdam im Auftrag der VOC gebaut. 1665 kehrte eine Flotte von zehn Ostindien-Fahrern in die Niederlande zur\u00fcck. Es war die reichste VOC-Retourflotte, die jemals aus Batavia in die Niederlande zur\u00fcckkehrte. Wegen der Gefahr eines neuen Krieges zwischen England und der Niederl\u00e4ndischen Republik wich die Flotte nach Bergen in Norwegen aus. Dort wurde die VOC-Flotte am 12. August 1665 von den Engl\u00e4ndern angegriffen. Unter der Leitung des Kommandanten Pieter de Bitter und mit Unterst\u00fctzung von den D\u00e4nen, einem g\u00fcnstigen, ablandigen Wind sowie Nieselregen konnte die VOC den Angriff abwehren. Im Oktober wagte die VOC-Flotte die R\u00fcckkehr zur Reede von Texel. Leider kam die Flotte dabei am 25. Oktober in einen starken Sturm. Die Amste-lant und ein anderes Schiff sanken vor der K\u00fcste von Terschelling.<\/p>\n<p>Das Modell basiert auf einer Federzeichnung von Willem van der Velde dem Alten. Die Amste-lant liegt in Schr\u00e4glage auf der Reede von Texel. Nach der R\u00fcckkehr aus Batavia wurde die Besatzung abgemustert, die Ladung vom Schiff geholt und das Tauwerk entfernt. Jetzt, wo das Schiff leer ist, k\u00f6nnen die Zimmerleute den Riss in der Schiffshaut reparieren, indem sie den besch\u00e4digten Gang ersetzen. Die Arbeiten am Schiff locken nat\u00fcrlich Zuschauer an den Strand.<\/p>\n","protected":false},"excerpt":{"rendered":"<p>Die Amste-lant war ein Pinasschiff. Pinasschiffe waren schnelle, gut bewaffnete Meeressegler mit ziemlich gro\u00dfer Ladekapazit\u00e4t. Aufgrund dieser Eigenschaften waren Pinasschiffe auch bei Piraten beliebt. <\/p>\n","protected":false},"author":1,"featured_media":2272,"parent":0,"menu_order":60,"comment_status":"closed","ping_status":"closed","template":"page-templates\/museum-highlight.php","meta":{"_acf_changed":false,"footnotes":""},"categories":[],"tags":[73,35],"class_list":["post-2320","page","type-page","status-publish","has-post-thumbnail","hentry","tag-ankerplatz","tag-goldene-zeiten-auf-der-reede"],"acf":[],"yoast_head":"<!-- This site is optimized with the Yoast SEO plugin v27.5 - https:\/\/yoast.com\/product\/yoast-seo-wordpress\/ -->\n<title>Modell der Pinasschiffes Amste-lant<\/title>\n<meta name=\"description\" content=\"Die Amste-lant war ein Pinasschiff. Pinasschiffe waren schnelle, gut bewaffnete Meeressegler mit ziemlich gro\u00dfer Ladekapazit\u00e4t. Aufgrund dieser Eigenschaften waren Pinasschiffe auch bei Piraten beliebt.\" \/>\n<meta name=\"robots\" content=\"index, follow, max-snippet:-1, max-image-preview:large, max-video-preview:-1\" \/>\n<link rel=\"canonical\" href=\"https:\/\/kaapskil.nl\/de\/entdecken\/prunkstucke\/modell-der-pinasschiffes-amste-lant\/\" \/>\n<meta property=\"og:locale\" content=\"de_DE\" \/>\n<meta property=\"og:type\" content=\"article\" \/>\n<meta property=\"og:title\" content=\"Modell der Pinasschiffes Amste-lant\" \/>\n<meta property=\"og:description\" content=\"Die Amste-lant war ein Pinasschiff. Pinasschiffe waren schnelle, gut bewaffnete Meeressegler mit ziemlich gro\u00dfer Ladekapazit\u00e4t. Aufgrund dieser Eigenschaften waren Pinasschiffe auch bei Piraten beliebt.\" \/>\n<meta property=\"og:url\" content=\"https:\/\/kaapskil.nl\/de\/entdecken\/prunkstucke\/modell-der-pinasschiffes-amste-lant\/\" \/>\n<meta property=\"og:site_name\" content=\"Museum Kaap Skil\" \/>\n<meta property=\"article:modified_time\" content=\"2020-05-25T13:06:26+00:00\" \/>\n<meta property=\"og:image\" content=\"https:\/\/kaapskil.nl\/wp-content\/uploads\/2018\/04\/amstel-lant.jpg\" \/>\n\t<meta property=\"og:image:width\" content=\"640\" \/>\n\t<meta property=\"og:image:height\" content=\"477\" \/>\n\t<meta property=\"og:image:type\" content=\"image\/jpeg\" \/>\n<meta name=\"twitter:card\" content=\"summary_large_image\" \/>\n<meta name=\"twitter:label1\" content=\"Est. reading time\" \/>\n\t<meta name=\"twitter:data1\" content=\"1 minute\" \/>\n<script type=\"application\/ld+json\" class=\"yoast-schema-graph\">{\"@context\":\"https:\\\/\\\/schema.org\",\"@graph\":[{\"@type\":\"WebPage\",\"@id\":\"https:\\\/\\\/kaapskil.nl\\\/de\\\/entdecken\\\/prunkstucke\\\/modell-der-pinasschiffes-amste-lant\\\/\",\"url\":\"https:\\\/\\\/kaapskil.nl\\\/de\\\/entdecken\\\/prunkstucke\\\/modell-der-pinasschiffes-amste-lant\\\/\",\"name\":\"Modell der Pinasschiffes Amste-lant\",\"isPartOf\":{\"@id\":\"https:\\\/\\\/kaapskil.nl\\\/#website\"},\"primaryImageOfPage\":{\"@id\":\"https:\\\/\\\/kaapskil.nl\\\/de\\\/entdecken\\\/prunkstucke\\\/modell-der-pinasschiffes-amste-lant\\\/#primaryimage\"},\"image\":{\"@id\":\"https:\\\/\\\/kaapskil.nl\\\/de\\\/entdecken\\\/prunkstucke\\\/modell-der-pinasschiffes-amste-lant\\\/#primaryimage\"},\"thumbnailUrl\":\"https:\\\/\\\/kaapskil.nl\\\/wp-content\\\/uploads\\\/2018\\\/04\\\/amstel-lant.jpg\",\"datePublished\":\"2018-04-11T11:41:47+00:00\",\"dateModified\":\"2020-05-25T13:06:26+00:00\",\"description\":\"Die Amste-lant war ein Pinasschiff. Pinasschiffe waren schnelle, gut bewaffnete Meeressegler mit ziemlich gro\u00dfer Ladekapazit\u00e4t. Aufgrund dieser Eigenschaften waren Pinasschiffe auch bei Piraten beliebt.\",\"breadcrumb\":{\"@id\":\"https:\\\/\\\/kaapskil.nl\\\/de\\\/entdecken\\\/prunkstucke\\\/modell-der-pinasschiffes-amste-lant\\\/#breadcrumb\"},\"inLanguage\":\"de-DE\",\"potentialAction\":[{\"@type\":\"ReadAction\",\"target\":[\"https:\\\/\\\/kaapskil.nl\\\/de\\\/entdecken\\\/prunkstucke\\\/modell-der-pinasschiffes-amste-lant\\\/\"]}]},{\"@type\":\"ImageObject\",\"inLanguage\":\"de-DE\",\"@id\":\"https:\\\/\\\/kaapskil.nl\\\/de\\\/entdecken\\\/prunkstucke\\\/modell-der-pinasschiffes-amste-lant\\\/#primaryimage\",\"url\":\"https:\\\/\\\/kaapskil.nl\\\/wp-content\\\/uploads\\\/2018\\\/04\\\/amstel-lant.jpg\",\"contentUrl\":\"https:\\\/\\\/kaapskil.nl\\\/wp-content\\\/uploads\\\/2018\\\/04\\\/amstel-lant.jpg\",\"width\":640,\"height\":477},{\"@type\":\"BreadcrumbList\",\"@id\":\"https:\\\/\\\/kaapskil.nl\\\/de\\\/entdecken\\\/prunkstucke\\\/modell-der-pinasschiffes-amste-lant\\\/#breadcrumb\",\"itemListElement\":[{\"@type\":\"ListItem\",\"position\":1,\"name\":\"Home\",\"item\":\"https:\\\/\\\/kaapskil.nl\\\/de\\\/\"},{\"@type\":\"ListItem\",\"position\":2,\"name\":\"Entdecken\",\"item\":\"https:\\\/\\\/kaapskil.nl\\\/de\\\/entdecken\\\/\"},{\"@type\":\"ListItem\",\"position\":3,\"name\":\"Prunkst\u00fccke\",\"item\":\"https:\\\/\\\/kaapskil.nl\\\/de\\\/entdecken\\\/prunkstucke\\\/\"},{\"@type\":\"ListItem\",\"position\":4,\"name\":\"Modell der Pinasschiffes Amste-lant\"}]},{\"@type\":\"WebSite\",\"@id\":\"https:\\\/\\\/kaapskil.nl\\\/#website\",\"url\":\"https:\\\/\\\/kaapskil.nl\\\/\",\"name\":\"Museum Kaap Skil\",\"description\":\"Stichting Texels Museum\",\"potentialAction\":[{\"@type\":\"SearchAction\",\"target\":{\"@type\":\"EntryPoint\",\"urlTemplate\":\"https:\\\/\\\/kaapskil.nl\\\/?s={search_term_string}\"},\"query-input\":{\"@type\":\"PropertyValueSpecification\",\"valueRequired\":true,\"valueName\":\"search_term_string\"}}],\"inLanguage\":\"de-DE\"}]}<\/script>\n<!-- \/ Yoast SEO plugin. -->","yoast_head_json":{"title":"Modell der Pinasschiffes Amste-lant","description":"Die Amste-lant war ein Pinasschiff. Pinasschiffe waren schnelle, gut bewaffnete Meeressegler mit ziemlich gro\u00dfer Ladekapazit\u00e4t. Aufgrund dieser Eigenschaften waren Pinasschiffe auch bei Piraten beliebt.","robots":{"index":"index","follow":"follow","max-snippet":"max-snippet:-1","max-image-preview":"max-image-preview:large","max-video-preview":"max-video-preview:-1"},"canonical":"https:\/\/kaapskil.nl\/de\/entdecken\/prunkstucke\/modell-der-pinasschiffes-amste-lant\/","og_locale":"de_DE","og_type":"article","og_title":"Modell der Pinasschiffes Amste-lant","og_description":"Die Amste-lant war ein Pinasschiff. Pinasschiffe waren schnelle, gut bewaffnete Meeressegler mit ziemlich gro\u00dfer Ladekapazit\u00e4t. Aufgrund dieser Eigenschaften waren Pinasschiffe auch bei Piraten beliebt.","og_url":"https:\/\/kaapskil.nl\/de\/entdecken\/prunkstucke\/modell-der-pinasschiffes-amste-lant\/","og_site_name":"Museum Kaap Skil","article_modified_time":"2020-05-25T13:06:26+00:00","og_image":[{"width":640,"height":477,"url":"https:\/\/kaapskil.nl\/wp-content\/uploads\/2018\/04\/amstel-lant.jpg","type":"image\/jpeg"}],"twitter_card":"summary_large_image","twitter_misc":{"Est. reading time":"1 minute"},"schema":{"@context":"https:\/\/schema.org","@graph":[{"@type":"WebPage","@id":"https:\/\/kaapskil.nl\/de\/entdecken\/prunkstucke\/modell-der-pinasschiffes-amste-lant\/","url":"https:\/\/kaapskil.nl\/de\/entdecken\/prunkstucke\/modell-der-pinasschiffes-amste-lant\/","name":"Modell der Pinasschiffes Amste-lant","isPartOf":{"@id":"https:\/\/kaapskil.nl\/#website"},"primaryImageOfPage":{"@id":"https:\/\/kaapskil.nl\/de\/entdecken\/prunkstucke\/modell-der-pinasschiffes-amste-lant\/#primaryimage"},"image":{"@id":"https:\/\/kaapskil.nl\/de\/entdecken\/prunkstucke\/modell-der-pinasschiffes-amste-lant\/#primaryimage"},"thumbnailUrl":"https:\/\/kaapskil.nl\/wp-content\/uploads\/2018\/04\/amstel-lant.jpg","datePublished":"2018-04-11T11:41:47+00:00","dateModified":"2020-05-25T13:06:26+00:00","description":"Die Amste-lant war ein Pinasschiff. Pinasschiffe waren schnelle, gut bewaffnete Meeressegler mit ziemlich gro\u00dfer Ladekapazit\u00e4t. Aufgrund dieser Eigenschaften waren Pinasschiffe auch bei Piraten beliebt.","breadcrumb":{"@id":"https:\/\/kaapskil.nl\/de\/entdecken\/prunkstucke\/modell-der-pinasschiffes-amste-lant\/#breadcrumb"},"inLanguage":"de-DE","potentialAction":[{"@type":"ReadAction","target":["https:\/\/kaapskil.nl\/de\/entdecken\/prunkstucke\/modell-der-pinasschiffes-amste-lant\/"]}]},{"@type":"ImageObject","inLanguage":"de-DE","@id":"https:\/\/kaapskil.nl\/de\/entdecken\/prunkstucke\/modell-der-pinasschiffes-amste-lant\/#primaryimage","url":"https:\/\/kaapskil.nl\/wp-content\/uploads\/2018\/04\/amstel-lant.jpg","contentUrl":"https:\/\/kaapskil.nl\/wp-content\/uploads\/2018\/04\/amstel-lant.jpg","width":640,"height":477},{"@type":"BreadcrumbList","@id":"https:\/\/kaapskil.nl\/de\/entdecken\/prunkstucke\/modell-der-pinasschiffes-amste-lant\/#breadcrumb","itemListElement":[{"@type":"ListItem","position":1,"name":"Home","item":"https:\/\/kaapskil.nl\/de\/"},{"@type":"ListItem","position":2,"name":"Entdecken","item":"https:\/\/kaapskil.nl\/de\/entdecken\/"},{"@type":"ListItem","position":3,"name":"Prunkst\u00fccke","item":"https:\/\/kaapskil.nl\/de\/entdecken\/prunkstucke\/"},{"@type":"ListItem","position":4,"name":"Modell der Pinasschiffes Amste-lant"}]},{"@type":"WebSite","@id":"https:\/\/kaapskil.nl\/#website","url":"https:\/\/kaapskil.nl\/","name":"Museum Kaap Skil","description":"Stichting Texels Museum","potentialAction":[{"@type":"SearchAction","target":{"@type":"EntryPoint","urlTemplate":"https:\/\/kaapskil.nl\/?s={search_term_string}"},"query-input":{"@type":"PropertyValueSpecification","valueRequired":true,"valueName":"search_term_string"}}],"inLanguage":"de-DE"}]}},"_links":{"self":[{"href":"https:\/\/kaapskil.nl\/de\/wp-json\/wp\/v2\/pages\/2320","targetHints":{"allow":["GET"]}}],"collection":[{"href":"https:\/\/kaapskil.nl\/de\/wp-json\/wp\/v2\/pages"}],"about":[{"href":"https:\/\/kaapskil.nl\/de\/wp-json\/wp\/v2\/types\/page"}],"author":[{"embeddable":true,"href":"https:\/\/kaapskil.nl\/de\/wp-json\/wp\/v2\/users\/1"}],"replies":[{"embeddable":true,"href":"https:\/\/kaapskil.nl\/de\/wp-json\/wp\/v2\/comments?post=2320"}],"version-history":[{"count":0,"href":"https:\/\/kaapskil.nl\/de\/wp-json\/wp\/v2\/pages\/2320\/revisions"}],"wp:featuredmedia":[{"embeddable":true,"href":"https:\/\/kaapskil.nl\/de\/wp-json\/wp\/v2\/media\/2272"}],"wp:attachment":[{"href":"https:\/\/kaapskil.nl\/de\/wp-json\/wp\/v2\/media?parent=2320"}],"wp:term":[{"taxonomy":"category","embeddable":true,"href":"https:\/\/kaapskil.nl\/de\/wp-json\/wp\/v2\/categories?post=2320"},{"taxonomy":"post_tag","embeddable":true,"href":"https:\/\/kaapskil.nl\/de\/wp-json\/wp\/v2\/tags?post=2320"}],"curies":[{"name":"wp","href":"https:\/\/api.w.org\/{rel}","templated":true}]}}