{"id":329,"date":"2018-03-05T13:51:11","date_gmt":"2018-03-05T13:51:11","guid":{"rendered":"http:\/\/kaapskil.local\/?page_id=329"},"modified":"2026-02-18T15:39:56","modified_gmt":"2026-02-18T14:39:56","slug":"offnungszeiten-und-preise","status":"publish","type":"page","link":"https:\/\/kaapskil.nl\/de\/besuchen\/offnungszeiten-und-preise\/","title":{"rendered":"\u00d6ffnungszeiten und Preise"},"content":{"rendered":"<p><strong><img loading=\"lazy\" decoding=\"async\" class=\"alignright wp-image-12336 size-full\" src=\"https:\/\/kaapskil.nl\/wp-content\/uploads\/2023\/07\/Entree-MKS-2023.jpg\" alt=\"\" width=\"500\" height=\"700\" srcset=\"https:\/\/kaapskil.nl\/wp-content\/uploads\/2023\/07\/Entree-MKS-2023.jpg 500w, https:\/\/kaapskil.nl\/wp-content\/uploads\/2023\/07\/Entree-MKS-2023-214x300.jpg 214w, https:\/\/kaapskil.nl\/wp-content\/uploads\/2023\/07\/Entree-MKS-2023-71x100.jpg 71w\" sizes=\"auto, (max-width: 500px) 100vw, 500px\" \/><\/strong><\/p>\n<p><strong><span class=\"TrackChangeTextInsertion TrackedChange SCXW241430908 BCX0\"><span class=\"TextRun SCXW241430908 BCX0\" lang=\"DE-DE\" xml:lang=\"DE-DE\" data-contrast=\"none\"><span class=\"NormalTextRun SCXW241430908 BCX0\">Willkommen im Museum <\/span><span class=\"SpellingError SCXW241430908 BCX0\">Kaap<\/span> <span class=\"SpellingError SCXW241430908 BCX0\">Skil<\/span><span class=\"NormalTextRun SCXW241430908 BCX0\">!\u00a0<\/span><\/span><\/span><\/strong><strong><span class=\"TrackChangeTextInsertion TrackedChange SCXW241430908 BCX0\"><span class=\"TextRun SCXW241430908 BCX0\" lang=\"DE-DE\" xml:lang=\"DE-DE\" data-contrast=\"none\"><span class=\"NormalTextRun SCXW241430908 BCX0\">Eine Reservierung ist nicht erforderlich, auch nicht f\u00fcr Inhaber einer Museumskarte. Sie k\u00f6nnen\u00a0<a href=\"https:\/\/kaapskil.nl\/de\/besuchen\/online-kartenverkauf\/\" target=\"_blank\" rel=\"noopener\">hier<\/a>\u00a0Eintrittskarten kaufen, oder an der Kasse.\u00a0<\/span><\/span><\/span><\/strong><\/p>\n<h2>\u00d6ffnungszeiten<\/h2>\n<p><span class=\"jCAhz ChMk0b\"><span class=\"ryNqvb\"><strong>November bis M\u00e4rz: <\/strong>Dienstag bis Sonntag 10 &#8211; 17 Uhr (au\u00dfer am 25-12 und 1-1).<br \/>\n<\/span><\/span><span class=\"jCAhz ChMk0b\"><span class=\"ryNqvb\"><strong>April bis Oktober:<\/strong> T\u00e4glich 10 &#8211; 17 Uhr.<\/span><\/span><span class=\"jCAhz ChMk0b\"><span class=\"ryNqvb\"><strong><br \/>\n<\/strong><\/span><\/span><\/p>\n<h2>Eintrittspreisen 2026<\/h2>\n<p>4 bis 12 Jahre: <strong>\u20ac 9,00\u00a0<\/strong><br \/>\nErwachsene: <strong>\u20ac 13,00<\/strong><strong><br \/>\n<\/strong>Student: <strong>\u20ac 11,00\u00a0<\/strong><br \/>\nKinder bis 4 Jahre:\u00a0<strong>gratis<\/strong><\/p>\n<p>Schulklassen bezahlen f\u00fcr Sch\u00fcler und Begleiter \u20ac 6,50.<\/p>\n<p><a href=\"https:\/\/www.museumkaart.nl\/\" target=\"_blank\" rel=\"noopener noreferrer\">Museumskarte<\/a> (zum Verkauf an der Kasse): <strong>gratis<\/strong><\/p>\n<p><img loading=\"lazy\" decoding=\"async\" class=\"default-width alignright wp-image-12615 size-thumbnail\" src=\"https:\/\/kaapskil.nl\/wp-content\/uploads\/2023\/11\/MK_Awards-Sticker_2024-Normaal-150x150.png\" alt=\"Museumkids kidsproof 2024 Museum Kaap Skil\" width=\"150\" height=\"150\" srcset=\"https:\/\/kaapskil.nl\/wp-content\/uploads\/2023\/11\/MK_Awards-Sticker_2024-Normaal-150x150.png 150w, https:\/\/kaapskil.nl\/wp-content\/uploads\/2023\/11\/MK_Awards-Sticker_2024-Normaal-300x300.png 300w, https:\/\/kaapskil.nl\/wp-content\/uploads\/2023\/11\/MK_Awards-Sticker_2024-Normaal-1024x1024.png 1024w, https:\/\/kaapskil.nl\/wp-content\/uploads\/2023\/11\/MK_Awards-Sticker_2024-Normaal-768x768.png 768w, https:\/\/kaapskil.nl\/wp-content\/uploads\/2023\/11\/MK_Awards-Sticker_2024-Normaal-100x100.png 100w, https:\/\/kaapskil.nl\/wp-content\/uploads\/2023\/11\/MK_Awards-Sticker_2024-Normaal-350x350.png 350w, https:\/\/kaapskil.nl\/wp-content\/uploads\/2023\/11\/MK_Awards-Sticker_2024-Normaal.png 1241w\" sizes=\"auto, (max-width: 150px) 100vw, 150px\" \/><\/p>\n<h2>Kinder<\/h2>\n<p style=\"margin-bottom: 0cm;\">Ein Besuch im Museum Kaap Skil ist auch f\u00fcr Kinder ein Abenteuer. Deshalb haben Kinder das Museum Kaap Skil zum <a href=\"https:\/\/www.museum.nl\/nl\/museumkids\" target=\"_blank\" rel=\"noopener\">Kidsproof Museum 2024<\/a> gek\u00fcrt.<\/p>\n<h2>Hunde<\/h2>\n<p>Hunde sind bei Museum Kaap Skil nicht erlaubt, mit Ausnahme von Begleithunden.<\/p>\n<h2>Hausregeln<\/h2>\n<p>Um allen einen angenehmen und sicheren Besuch zu garantieren, gelten im Museum Kaap Skil einige <a href=\"https:\/\/kaapskil.nl\/wp-content\/uploads\/2026\/02\/Hausordnung-MKS-DE.pdf\" target=\"_blank\" rel=\"noopener\">Hausregeln<\/a>.<\/p>\n","protected":false},"excerpt":{"rendered":"<p>Wie sch\u00f6n, dass Sie Museum Kaap Skil besuchen! Hier finden Sie Informationen \u00fcber \u00d6ffnungszeiten und Preise.<\/p>\n","protected":false},"author":1,"featured_media":12339,"parent":408,"menu_order":0,"comment_status":"closed","ping_status":"closed","template":"page-templates\/detail.php","meta":{"_acf_changed":false,"footnotes":""},"categories":[],"tags":[],"class_list":["post-329","page","type-page","status-publish","has-post-thumbnail","hentry"],"acf":[],"yoast_head":"<!-- This site is optimized with the Yoast SEO plugin v27.4 - https:\/\/yoast.com\/product\/yoast-seo-wordpress\/ -->\n<title>\u00d6ffnungszeiten und Preise<\/title>\n<meta name=\"description\" content=\"Wie sch\u00f6n, dass Sie Museum Kaap Skil besuchen! Schauen Sie sich die aktuellen Situation auf der Website an.\" \/>\n<meta name=\"robots\" content=\"index, follow, max-snippet:-1, max-image-preview:large, max-video-preview:-1\" \/>\n<link rel=\"canonical\" href=\"https:\/\/kaapskil.nl\/de\/besuchen\/offnungszeiten-und-preise\/\" \/>\n<meta property=\"og:locale\" content=\"de_DE\" \/>\n<meta property=\"og:type\" content=\"article\" \/>\n<meta property=\"og:title\" content=\"\u00d6ffnungszeiten und Preise\" \/>\n<meta property=\"og:description\" content=\"Wie sch\u00f6n, dass Sie Museum Kaap Skil besuchen! Schauen Sie sich die aktuellen Situation auf der Website an.\" \/>\n<meta property=\"og:url\" content=\"https:\/\/kaapskil.nl\/de\/besuchen\/offnungszeiten-und-preise\/\" \/>\n<meta property=\"og:site_name\" content=\"Museum Kaap Skil\" \/>\n<meta property=\"article:modified_time\" content=\"2026-02-18T14:39:56+00:00\" \/>\n<meta property=\"og:image\" content=\"https:\/\/kaapskil.nl\/wp-content\/uploads\/2023\/07\/Entree-MKS-2023-ws.jpg\" \/>\n\t<meta property=\"og:image:width\" content=\"840\" \/>\n\t<meta property=\"og:image:height\" content=\"525\" \/>\n\t<meta property=\"og:image:type\" content=\"image\/jpeg\" \/>\n<meta name=\"twitter:card\" content=\"summary_large_image\" \/>\n<meta name=\"twitter:label1\" content=\"Est. reading time\" \/>\n\t<meta name=\"twitter:data1\" content=\"2 minutes\" \/>\n<script type=\"application\/ld+json\" class=\"yoast-schema-graph\">{\"@context\":\"https:\\\/\\\/schema.org\",\"@graph\":[{\"@type\":\"WebPage\",\"@id\":\"https:\\\/\\\/kaapskil.nl\\\/de\\\/besuchen\\\/offnungszeiten-und-preise\\\/\",\"url\":\"https:\\\/\\\/kaapskil.nl\\\/de\\\/besuchen\\\/offnungszeiten-und-preise\\\/\",\"name\":\"\u00d6ffnungszeiten und Preise\",\"isPartOf\":{\"@id\":\"https:\\\/\\\/kaapskil.nl\\\/#website\"},\"primaryImageOfPage\":{\"@id\":\"https:\\\/\\\/kaapskil.nl\\\/de\\\/besuchen\\\/offnungszeiten-und-preise\\\/#primaryimage\"},\"image\":{\"@id\":\"https:\\\/\\\/kaapskil.nl\\\/de\\\/besuchen\\\/offnungszeiten-und-preise\\\/#primaryimage\"},\"thumbnailUrl\":\"https:\\\/\\\/kaapskil.nl\\\/wp-content\\\/uploads\\\/2023\\\/07\\\/Entree-MKS-2023-ws.jpg\",\"datePublished\":\"2018-03-05T13:51:11+00:00\",\"dateModified\":\"2026-02-18T14:39:56+00:00\",\"description\":\"Wie sch\u00f6n, dass Sie Museum Kaap Skil besuchen! Schauen Sie sich die aktuellen Situation auf der Website an.\",\"breadcrumb\":{\"@id\":\"https:\\\/\\\/kaapskil.nl\\\/de\\\/besuchen\\\/offnungszeiten-und-preise\\\/#breadcrumb\"},\"inLanguage\":\"de-DE\",\"potentialAction\":[{\"@type\":\"ReadAction\",\"target\":[\"https:\\\/\\\/kaapskil.nl\\\/de\\\/besuchen\\\/offnungszeiten-und-preise\\\/\"]}]},{\"@type\":\"ImageObject\",\"inLanguage\":\"de-DE\",\"@id\":\"https:\\\/\\\/kaapskil.nl\\\/de\\\/besuchen\\\/offnungszeiten-und-preise\\\/#primaryimage\",\"url\":\"https:\\\/\\\/kaapskil.nl\\\/wp-content\\\/uploads\\\/2023\\\/07\\\/Entree-MKS-2023-ws.jpg\",\"contentUrl\":\"https:\\\/\\\/kaapskil.nl\\\/wp-content\\\/uploads\\\/2023\\\/07\\\/Entree-MKS-2023-ws.jpg\",\"width\":840,\"height\":525},{\"@type\":\"BreadcrumbList\",\"@id\":\"https:\\\/\\\/kaapskil.nl\\\/de\\\/besuchen\\\/offnungszeiten-und-preise\\\/#breadcrumb\",\"itemListElement\":[{\"@type\":\"ListItem\",\"position\":1,\"name\":\"Home\",\"item\":\"https:\\\/\\\/kaapskil.nl\\\/de\\\/\"},{\"@type\":\"ListItem\",\"position\":2,\"name\":\"Besuchen\",\"item\":\"https:\\\/\\\/kaapskil.nl\\\/de\\\/besuchen\\\/\"},{\"@type\":\"ListItem\",\"position\":3,\"name\":\"\u00d6ffnungszeiten und Preise\"}]},{\"@type\":\"WebSite\",\"@id\":\"https:\\\/\\\/kaapskil.nl\\\/#website\",\"url\":\"https:\\\/\\\/kaapskil.nl\\\/\",\"name\":\"Museum Kaap Skil\",\"description\":\"Stichting Texels Museum\",\"potentialAction\":[{\"@type\":\"SearchAction\",\"target\":{\"@type\":\"EntryPoint\",\"urlTemplate\":\"https:\\\/\\\/kaapskil.nl\\\/?s={search_term_string}\"},\"query-input\":{\"@type\":\"PropertyValueSpecification\",\"valueRequired\":true,\"valueName\":\"search_term_string\"}}],\"inLanguage\":\"de-DE\"}]}<\/script>\n<!-- \/ Yoast SEO plugin. -->","yoast_head_json":{"title":"\u00d6ffnungszeiten und Preise","description":"Wie sch\u00f6n, dass Sie Museum Kaap Skil besuchen! Schauen Sie sich die aktuellen Situation auf der Website an.","robots":{"index":"index","follow":"follow","max-snippet":"max-snippet:-1","max-image-preview":"max-image-preview:large","max-video-preview":"max-video-preview:-1"},"canonical":"https:\/\/kaapskil.nl\/de\/besuchen\/offnungszeiten-und-preise\/","og_locale":"de_DE","og_type":"article","og_title":"\u00d6ffnungszeiten und Preise","og_description":"Wie sch\u00f6n, dass Sie Museum Kaap Skil besuchen! Schauen Sie sich die aktuellen Situation auf der Website an.","og_url":"https:\/\/kaapskil.nl\/de\/besuchen\/offnungszeiten-und-preise\/","og_site_name":"Museum Kaap Skil","article_modified_time":"2026-02-18T14:39:56+00:00","og_image":[{"width":840,"height":525,"url":"https:\/\/kaapskil.nl\/wp-content\/uploads\/2023\/07\/Entree-MKS-2023-ws.jpg","type":"image\/jpeg"}],"twitter_card":"summary_large_image","twitter_misc":{"Est. reading time":"2 minutes"},"schema":{"@context":"https:\/\/schema.org","@graph":[{"@type":"WebPage","@id":"https:\/\/kaapskil.nl\/de\/besuchen\/offnungszeiten-und-preise\/","url":"https:\/\/kaapskil.nl\/de\/besuchen\/offnungszeiten-und-preise\/","name":"\u00d6ffnungszeiten und Preise","isPartOf":{"@id":"https:\/\/kaapskil.nl\/#website"},"primaryImageOfPage":{"@id":"https:\/\/kaapskil.nl\/de\/besuchen\/offnungszeiten-und-preise\/#primaryimage"},"image":{"@id":"https:\/\/kaapskil.nl\/de\/besuchen\/offnungszeiten-und-preise\/#primaryimage"},"thumbnailUrl":"https:\/\/kaapskil.nl\/wp-content\/uploads\/2023\/07\/Entree-MKS-2023-ws.jpg","datePublished":"2018-03-05T13:51:11+00:00","dateModified":"2026-02-18T14:39:56+00:00","description":"Wie sch\u00f6n, dass Sie Museum Kaap Skil besuchen! Schauen Sie sich die aktuellen Situation auf der Website an.","breadcrumb":{"@id":"https:\/\/kaapskil.nl\/de\/besuchen\/offnungszeiten-und-preise\/#breadcrumb"},"inLanguage":"de-DE","potentialAction":[{"@type":"ReadAction","target":["https:\/\/kaapskil.nl\/de\/besuchen\/offnungszeiten-und-preise\/"]}]},{"@type":"ImageObject","inLanguage":"de-DE","@id":"https:\/\/kaapskil.nl\/de\/besuchen\/offnungszeiten-und-preise\/#primaryimage","url":"https:\/\/kaapskil.nl\/wp-content\/uploads\/2023\/07\/Entree-MKS-2023-ws.jpg","contentUrl":"https:\/\/kaapskil.nl\/wp-content\/uploads\/2023\/07\/Entree-MKS-2023-ws.jpg","width":840,"height":525},{"@type":"BreadcrumbList","@id":"https:\/\/kaapskil.nl\/de\/besuchen\/offnungszeiten-und-preise\/#breadcrumb","itemListElement":[{"@type":"ListItem","position":1,"name":"Home","item":"https:\/\/kaapskil.nl\/de\/"},{"@type":"ListItem","position":2,"name":"Besuchen","item":"https:\/\/kaapskil.nl\/de\/besuchen\/"},{"@type":"ListItem","position":3,"name":"\u00d6ffnungszeiten und Preise"}]},{"@type":"WebSite","@id":"https:\/\/kaapskil.nl\/#website","url":"https:\/\/kaapskil.nl\/","name":"Museum Kaap Skil","description":"Stichting Texels Museum","potentialAction":[{"@type":"SearchAction","target":{"@type":"EntryPoint","urlTemplate":"https:\/\/kaapskil.nl\/?s={search_term_string}"},"query-input":{"@type":"PropertyValueSpecification","valueRequired":true,"valueName":"search_term_string"}}],"inLanguage":"de-DE"}]}},"_links":{"self":[{"href":"https:\/\/kaapskil.nl\/de\/wp-json\/wp\/v2\/pages\/329","targetHints":{"allow":["GET"]}}],"collection":[{"href":"https:\/\/kaapskil.nl\/de\/wp-json\/wp\/v2\/pages"}],"about":[{"href":"https:\/\/kaapskil.nl\/de\/wp-json\/wp\/v2\/types\/page"}],"author":[{"embeddable":true,"href":"https:\/\/kaapskil.nl\/de\/wp-json\/wp\/v2\/users\/1"}],"replies":[{"embeddable":true,"href":"https:\/\/kaapskil.nl\/de\/wp-json\/wp\/v2\/comments?post=329"}],"version-history":[{"count":7,"href":"https:\/\/kaapskil.nl\/de\/wp-json\/wp\/v2\/pages\/329\/revisions"}],"predecessor-version":[{"id":14816,"href":"https:\/\/kaapskil.nl\/de\/wp-json\/wp\/v2\/pages\/329\/revisions\/14816"}],"up":[{"embeddable":true,"href":"https:\/\/kaapskil.nl\/de\/wp-json\/wp\/v2\/pages\/408"}],"wp:featuredmedia":[{"embeddable":true,"href":"https:\/\/kaapskil.nl\/de\/wp-json\/wp\/v2\/media\/12339"}],"wp:attachment":[{"href":"https:\/\/kaapskil.nl\/de\/wp-json\/wp\/v2\/media?parent=329"}],"wp:term":[{"taxonomy":"category","embeddable":true,"href":"https:\/\/kaapskil.nl\/de\/wp-json\/wp\/v2\/categories?post=329"},{"taxonomy":"post_tag","embeddable":true,"href":"https:\/\/kaapskil.nl\/de\/wp-json\/wp\/v2\/tags?post=329"}],"curies":[{"name":"wp","href":"https:\/\/api.w.org\/{rel}","templated":true}]}}