{"id":339,"date":"2018-03-05T13:59:29","date_gmt":"2018-03-05T13:59:29","guid":{"rendered":"http:\/\/kaapskil.local\/?page_id=339"},"modified":"2023-03-31T14:20:16","modified_gmt":"2023-03-31T12:20:16","slug":"ausstellungen","status":"publish","type":"page","link":"https:\/\/kaapskil.nl\/de\/entdecken\/ausstellungen\/","title":{"rendered":"Ausstellungen"},"content":{"rendered":"<p>Die Vielseitigkeit des Museum Kaap Skil spiegelt sich in seinen Ausstellungen wider.<\/p>\n","protected":false},"excerpt":{"rendered":"<p>Die Vielseitigkeit des Museum Kaap Skil spiegelt sich in seinen Ausstellungen wider. <\/p>\n","protected":false},"author":1,"featured_media":8323,"parent":657,"menu_order":10,"comment_status":"closed","ping_status":"closed","template":"page-templates\/tentoonstellingen.php","meta":{"_acf_changed":false,"footnotes":""},"categories":[],"tags":[],"class_list":["post-339","page","type-page","status-publish","has-post-thumbnail","hentry"],"acf":[],"yoast_head":"<!-- This site is optimized with the Yoast SEO plugin v27.3 - https:\/\/yoast.com\/product\/yoast-seo-wordpress\/ -->\n<title>Ausstellungen<\/title>\n<meta name=\"description\" content=\"Die Vielseitigkeit des Museum Kaap Skil spiegelt sich in seinen Ausstellungen wider. In der Ausstellung Weltreise folgen Sie den Schiffen des 16., 17. und 18. Jahrhunderts bis zu ihrem Ziel. Auf der ganzen Welt! Staunen Sie \u00fcber den enormen Reichtum der Ladung in der Ausstellung Palmholzwrack und tr\u00e4umen Sie von den wundersch\u00f6nen Seidenkleidern. Das Modell der Reede von Texel zeigt den gr\u00f6\u00dften Ankerplatz aus dem 17. Jahrhundert. Tauchen Sie \u00fcber Touchscreens in die vielen spannenden und dramatischen Geschichten \u00fcber die Schiffe dieser ruhmreichen Zeit ein! Im Freilichtmuseum k\u00f6nnen Sie selbst erleben, wie die Inselbewohner fr\u00fcher gelebt haben. Au\u00dferdem gibt es jahrhundertealte Schiffsteile und andere aufgetauchten und angeschwemmte Gegenst\u00e4nde zu sehen. Die Jutterei (Strandgutsammlung) ist ein Abenteuer f\u00fcr sich, mit den unterschiedlichsten Strandfunden!\" \/>\n<meta name=\"robots\" content=\"index, follow, max-snippet:-1, max-image-preview:large, max-video-preview:-1\" \/>\n<link rel=\"canonical\" href=\"https:\/\/kaapskil.nl\/de\/entdecken\/ausstellungen\/\" \/>\n<meta property=\"og:locale\" content=\"de_DE\" \/>\n<meta property=\"og:type\" content=\"article\" \/>\n<meta property=\"og:title\" content=\"Ausstellungen\" \/>\n<meta property=\"og:description\" content=\"Die Vielseitigkeit des Museum Kaap Skil spiegelt sich in seinen Ausstellungen wider. In der Ausstellung Weltreise folgen Sie den Schiffen des 16., 17. und 18. Jahrhunderts bis zu ihrem Ziel. Auf der ganzen Welt! Staunen Sie \u00fcber den enormen Reichtum der Ladung in der Ausstellung Palmholzwrack und tr\u00e4umen Sie von den wundersch\u00f6nen Seidenkleidern. Das Modell der Reede von Texel zeigt den gr\u00f6\u00dften Ankerplatz aus dem 17. Jahrhundert. Tauchen Sie \u00fcber Touchscreens in die vielen spannenden und dramatischen Geschichten \u00fcber die Schiffe dieser ruhmreichen Zeit ein! Im Freilichtmuseum k\u00f6nnen Sie selbst erleben, wie die Inselbewohner fr\u00fcher gelebt haben. Au\u00dferdem gibt es jahrhundertealte Schiffsteile und andere aufgetauchten und angeschwemmte Gegenst\u00e4nde zu sehen. Die Jutterei (Strandgutsammlung) ist ein Abenteuer f\u00fcr sich, mit den unterschiedlichsten Strandfunden!\" \/>\n<meta property=\"og:url\" content=\"https:\/\/kaapskil.nl\/de\/entdecken\/ausstellungen\/\" \/>\n<meta property=\"og:site_name\" content=\"Museum Kaap Skil\" \/>\n<meta property=\"article:modified_time\" content=\"2023-03-31T12:20:16+00:00\" \/>\n<meta property=\"og:image\" content=\"https:\/\/kaapskil.nl\/wp-content\/uploads\/2021\/11\/Foto-vriendendag-2-e1647270492993.jpg\" \/>\n\t<meta property=\"og:image:width\" content=\"1002\" \/>\n\t<meta property=\"og:image:height\" content=\"1002\" \/>\n\t<meta property=\"og:image:type\" content=\"image\/jpeg\" \/>\n<meta name=\"twitter:card\" content=\"summary_large_image\" \/>\n<meta name=\"twitter:label1\" content=\"Est. reading time\" \/>\n\t<meta name=\"twitter:data1\" content=\"1 minute\" \/>\n<script type=\"application\/ld+json\" class=\"yoast-schema-graph\">{\"@context\":\"https:\\\/\\\/schema.org\",\"@graph\":[{\"@type\":\"WebPage\",\"@id\":\"https:\\\/\\\/kaapskil.nl\\\/de\\\/entdecken\\\/ausstellungen\\\/\",\"url\":\"https:\\\/\\\/kaapskil.nl\\\/de\\\/entdecken\\\/ausstellungen\\\/\",\"name\":\"Ausstellungen\",\"isPartOf\":{\"@id\":\"https:\\\/\\\/kaapskil.nl\\\/#website\"},\"primaryImageOfPage\":{\"@id\":\"https:\\\/\\\/kaapskil.nl\\\/de\\\/entdecken\\\/ausstellungen\\\/#primaryimage\"},\"image\":{\"@id\":\"https:\\\/\\\/kaapskil.nl\\\/de\\\/entdecken\\\/ausstellungen\\\/#primaryimage\"},\"thumbnailUrl\":\"https:\\\/\\\/kaapskil.nl\\\/wp-content\\\/uploads\\\/2021\\\/11\\\/Foto-vriendendag-2-e1647270492993.jpg\",\"datePublished\":\"2018-03-05T13:59:29+00:00\",\"dateModified\":\"2023-03-31T12:20:16+00:00\",\"description\":\"Die Vielseitigkeit des Museum Kaap Skil spiegelt sich in seinen Ausstellungen wider. In der Ausstellung Weltreise folgen Sie den Schiffen des 16., 17. und 18. Jahrhunderts bis zu ihrem Ziel. Auf der ganzen Welt! Staunen Sie \u00fcber den enormen Reichtum der Ladung in der Ausstellung Palmholzwrack und tr\u00e4umen Sie von den wundersch\u00f6nen Seidenkleidern. Das Modell der Reede von Texel zeigt den gr\u00f6\u00dften Ankerplatz aus dem 17. Jahrhundert. Tauchen Sie \u00fcber Touchscreens in die vielen spannenden und dramatischen Geschichten \u00fcber die Schiffe dieser ruhmreichen Zeit ein! Im Freilichtmuseum k\u00f6nnen Sie selbst erleben, wie die Inselbewohner fr\u00fcher gelebt haben. Au\u00dferdem gibt es jahrhundertealte Schiffsteile und andere aufgetauchten und angeschwemmte Gegenst\u00e4nde zu sehen. Die Jutterei (Strandgutsammlung) ist ein Abenteuer f\u00fcr sich, mit den unterschiedlichsten Strandfunden!\",\"breadcrumb\":{\"@id\":\"https:\\\/\\\/kaapskil.nl\\\/de\\\/entdecken\\\/ausstellungen\\\/#breadcrumb\"},\"inLanguage\":\"de-DE\",\"potentialAction\":[{\"@type\":\"ReadAction\",\"target\":[\"https:\\\/\\\/kaapskil.nl\\\/de\\\/entdecken\\\/ausstellungen\\\/\"]}]},{\"@type\":\"ImageObject\",\"inLanguage\":\"de-DE\",\"@id\":\"https:\\\/\\\/kaapskil.nl\\\/de\\\/entdecken\\\/ausstellungen\\\/#primaryimage\",\"url\":\"https:\\\/\\\/kaapskil.nl\\\/wp-content\\\/uploads\\\/2021\\\/11\\\/Foto-vriendendag-2-e1647270492993.jpg\",\"contentUrl\":\"https:\\\/\\\/kaapskil.nl\\\/wp-content\\\/uploads\\\/2021\\\/11\\\/Foto-vriendendag-2-e1647270492993.jpg\",\"width\":1002,\"height\":1002},{\"@type\":\"BreadcrumbList\",\"@id\":\"https:\\\/\\\/kaapskil.nl\\\/de\\\/entdecken\\\/ausstellungen\\\/#breadcrumb\",\"itemListElement\":[{\"@type\":\"ListItem\",\"position\":1,\"name\":\"Home\",\"item\":\"https:\\\/\\\/kaapskil.nl\\\/de\\\/\"},{\"@type\":\"ListItem\",\"position\":2,\"name\":\"Entdecken\",\"item\":\"https:\\\/\\\/kaapskil.nl\\\/de\\\/entdecken\\\/\"},{\"@type\":\"ListItem\",\"position\":3,\"name\":\"Ausstellungen\"}]},{\"@type\":\"WebSite\",\"@id\":\"https:\\\/\\\/kaapskil.nl\\\/#website\",\"url\":\"https:\\\/\\\/kaapskil.nl\\\/\",\"name\":\"Museum Kaap Skil\",\"description\":\"Stichting Texels Museum\",\"potentialAction\":[{\"@type\":\"SearchAction\",\"target\":{\"@type\":\"EntryPoint\",\"urlTemplate\":\"https:\\\/\\\/kaapskil.nl\\\/?s={search_term_string}\"},\"query-input\":{\"@type\":\"PropertyValueSpecification\",\"valueRequired\":true,\"valueName\":\"search_term_string\"}}],\"inLanguage\":\"de-DE\"}]}<\/script>\n<!-- \/ Yoast SEO plugin. -->","yoast_head_json":{"title":"Ausstellungen","description":"Die Vielseitigkeit des Museum Kaap Skil spiegelt sich in seinen Ausstellungen wider. In der Ausstellung Weltreise folgen Sie den Schiffen des 16., 17. und 18. Jahrhunderts bis zu ihrem Ziel. Auf der ganzen Welt! Staunen Sie \u00fcber den enormen Reichtum der Ladung in der Ausstellung Palmholzwrack und tr\u00e4umen Sie von den wundersch\u00f6nen Seidenkleidern. Das Modell der Reede von Texel zeigt den gr\u00f6\u00dften Ankerplatz aus dem 17. Jahrhundert. Tauchen Sie \u00fcber Touchscreens in die vielen spannenden und dramatischen Geschichten \u00fcber die Schiffe dieser ruhmreichen Zeit ein! Im Freilichtmuseum k\u00f6nnen Sie selbst erleben, wie die Inselbewohner fr\u00fcher gelebt haben. Au\u00dferdem gibt es jahrhundertealte Schiffsteile und andere aufgetauchten und angeschwemmte Gegenst\u00e4nde zu sehen. Die Jutterei (Strandgutsammlung) ist ein Abenteuer f\u00fcr sich, mit den unterschiedlichsten Strandfunden!","robots":{"index":"index","follow":"follow","max-snippet":"max-snippet:-1","max-image-preview":"max-image-preview:large","max-video-preview":"max-video-preview:-1"},"canonical":"https:\/\/kaapskil.nl\/de\/entdecken\/ausstellungen\/","og_locale":"de_DE","og_type":"article","og_title":"Ausstellungen","og_description":"Die Vielseitigkeit des Museum Kaap Skil spiegelt sich in seinen Ausstellungen wider. In der Ausstellung Weltreise folgen Sie den Schiffen des 16., 17. und 18. Jahrhunderts bis zu ihrem Ziel. Auf der ganzen Welt! Staunen Sie \u00fcber den enormen Reichtum der Ladung in der Ausstellung Palmholzwrack und tr\u00e4umen Sie von den wundersch\u00f6nen Seidenkleidern. Das Modell der Reede von Texel zeigt den gr\u00f6\u00dften Ankerplatz aus dem 17. Jahrhundert. Tauchen Sie \u00fcber Touchscreens in die vielen spannenden und dramatischen Geschichten \u00fcber die Schiffe dieser ruhmreichen Zeit ein! Im Freilichtmuseum k\u00f6nnen Sie selbst erleben, wie die Inselbewohner fr\u00fcher gelebt haben. Au\u00dferdem gibt es jahrhundertealte Schiffsteile und andere aufgetauchten und angeschwemmte Gegenst\u00e4nde zu sehen. Die Jutterei (Strandgutsammlung) ist ein Abenteuer f\u00fcr sich, mit den unterschiedlichsten Strandfunden!","og_url":"https:\/\/kaapskil.nl\/de\/entdecken\/ausstellungen\/","og_site_name":"Museum Kaap Skil","article_modified_time":"2023-03-31T12:20:16+00:00","og_image":[{"width":1002,"height":1002,"url":"https:\/\/kaapskil.nl\/wp-content\/uploads\/2021\/11\/Foto-vriendendag-2-e1647270492993.jpg","type":"image\/jpeg"}],"twitter_card":"summary_large_image","twitter_misc":{"Est. reading time":"1 minute"},"schema":{"@context":"https:\/\/schema.org","@graph":[{"@type":"WebPage","@id":"https:\/\/kaapskil.nl\/de\/entdecken\/ausstellungen\/","url":"https:\/\/kaapskil.nl\/de\/entdecken\/ausstellungen\/","name":"Ausstellungen","isPartOf":{"@id":"https:\/\/kaapskil.nl\/#website"},"primaryImageOfPage":{"@id":"https:\/\/kaapskil.nl\/de\/entdecken\/ausstellungen\/#primaryimage"},"image":{"@id":"https:\/\/kaapskil.nl\/de\/entdecken\/ausstellungen\/#primaryimage"},"thumbnailUrl":"https:\/\/kaapskil.nl\/wp-content\/uploads\/2021\/11\/Foto-vriendendag-2-e1647270492993.jpg","datePublished":"2018-03-05T13:59:29+00:00","dateModified":"2023-03-31T12:20:16+00:00","description":"Die Vielseitigkeit des Museum Kaap Skil spiegelt sich in seinen Ausstellungen wider. In der Ausstellung Weltreise folgen Sie den Schiffen des 16., 17. und 18. Jahrhunderts bis zu ihrem Ziel. Auf der ganzen Welt! Staunen Sie \u00fcber den enormen Reichtum der Ladung in der Ausstellung Palmholzwrack und tr\u00e4umen Sie von den wundersch\u00f6nen Seidenkleidern. Das Modell der Reede von Texel zeigt den gr\u00f6\u00dften Ankerplatz aus dem 17. Jahrhundert. Tauchen Sie \u00fcber Touchscreens in die vielen spannenden und dramatischen Geschichten \u00fcber die Schiffe dieser ruhmreichen Zeit ein! Im Freilichtmuseum k\u00f6nnen Sie selbst erleben, wie die Inselbewohner fr\u00fcher gelebt haben. Au\u00dferdem gibt es jahrhundertealte Schiffsteile und andere aufgetauchten und angeschwemmte Gegenst\u00e4nde zu sehen. Die Jutterei (Strandgutsammlung) ist ein Abenteuer f\u00fcr sich, mit den unterschiedlichsten Strandfunden!","breadcrumb":{"@id":"https:\/\/kaapskil.nl\/de\/entdecken\/ausstellungen\/#breadcrumb"},"inLanguage":"de-DE","potentialAction":[{"@type":"ReadAction","target":["https:\/\/kaapskil.nl\/de\/entdecken\/ausstellungen\/"]}]},{"@type":"ImageObject","inLanguage":"de-DE","@id":"https:\/\/kaapskil.nl\/de\/entdecken\/ausstellungen\/#primaryimage","url":"https:\/\/kaapskil.nl\/wp-content\/uploads\/2021\/11\/Foto-vriendendag-2-e1647270492993.jpg","contentUrl":"https:\/\/kaapskil.nl\/wp-content\/uploads\/2021\/11\/Foto-vriendendag-2-e1647270492993.jpg","width":1002,"height":1002},{"@type":"BreadcrumbList","@id":"https:\/\/kaapskil.nl\/de\/entdecken\/ausstellungen\/#breadcrumb","itemListElement":[{"@type":"ListItem","position":1,"name":"Home","item":"https:\/\/kaapskil.nl\/de\/"},{"@type":"ListItem","position":2,"name":"Entdecken","item":"https:\/\/kaapskil.nl\/de\/entdecken\/"},{"@type":"ListItem","position":3,"name":"Ausstellungen"}]},{"@type":"WebSite","@id":"https:\/\/kaapskil.nl\/#website","url":"https:\/\/kaapskil.nl\/","name":"Museum Kaap Skil","description":"Stichting Texels Museum","potentialAction":[{"@type":"SearchAction","target":{"@type":"EntryPoint","urlTemplate":"https:\/\/kaapskil.nl\/?s={search_term_string}"},"query-input":{"@type":"PropertyValueSpecification","valueRequired":true,"valueName":"search_term_string"}}],"inLanguage":"de-DE"}]}},"_links":{"self":[{"href":"https:\/\/kaapskil.nl\/de\/wp-json\/wp\/v2\/pages\/339","targetHints":{"allow":["GET"]}}],"collection":[{"href":"https:\/\/kaapskil.nl\/de\/wp-json\/wp\/v2\/pages"}],"about":[{"href":"https:\/\/kaapskil.nl\/de\/wp-json\/wp\/v2\/types\/page"}],"author":[{"embeddable":true,"href":"https:\/\/kaapskil.nl\/de\/wp-json\/wp\/v2\/users\/1"}],"replies":[{"embeddable":true,"href":"https:\/\/kaapskil.nl\/de\/wp-json\/wp\/v2\/comments?post=339"}],"version-history":[{"count":0,"href":"https:\/\/kaapskil.nl\/de\/wp-json\/wp\/v2\/pages\/339\/revisions"}],"up":[{"embeddable":true,"href":"https:\/\/kaapskil.nl\/de\/wp-json\/wp\/v2\/pages\/657"}],"wp:featuredmedia":[{"embeddable":true,"href":"https:\/\/kaapskil.nl\/de\/wp-json\/wp\/v2\/media\/8323"}],"wp:attachment":[{"href":"https:\/\/kaapskil.nl\/de\/wp-json\/wp\/v2\/media?parent=339"}],"wp:term":[{"taxonomy":"category","embeddable":true,"href":"https:\/\/kaapskil.nl\/de\/wp-json\/wp\/v2\/categories?post=339"},{"taxonomy":"post_tag","embeddable":true,"href":"https:\/\/kaapskil.nl\/de\/wp-json\/wp\/v2\/tags?post=339"}],"curies":[{"name":"wp","href":"https:\/\/api.w.org\/{rel}","templated":true}]}}