{"id":3837,"date":"2022-11-11T13:00:51","date_gmt":"2022-11-11T12:00:51","guid":{"rendered":"https:\/\/serene-austin.109-235-78-20.plesk.page\/?page_id=3837"},"modified":"2023-03-31T13:51:29","modified_gmt":"2023-03-31T11:51:29","slug":"der-prunkbecher-aus-dem-palmholzwrack","status":"publish","type":"page","link":"https:\/\/kaapskil.nl\/de\/entdecken\/prunkstucke\/der-prunkbecher-aus-dem-palmholzwrack\/","title":{"rendered":"Der Prunkbecher aus dem Palmholzwrack"},"content":{"rendered":"<p><strong>Ein vergoldeter Prunkbecher aus Silber, aufgetaucht aus einem Schiffswrack des siebzehnten Jahrhunderts, das auf dem Boden des Wattenmeeres liegt. Bei diesem sogenannten <a href=\"https:\/\/kaapskil.nl\/de\/das-palmholzwrack\/\" target=\"_blank\" rel=\"noopener\">Palmholzwrack<\/a> wurden pers\u00f6nliche Besitzt\u00fcmer aus den reichsten Jahren des siebzehnten Jahrhunderts gefunden. Neben sehr exklusiven Textilfunden, darunter ein fast sch\u00f6nes <a href=\"https:\/\/kaapskil.nl\/de\/entdecken\/prunkstucke\/das-kleid\/\" target=\"_blank\" rel=\"noopener\">seidenes Kleid<\/a>, enthielt der Fund aus dem Palmholzwrack auch Silber. Der Prunkbecher ist davon ein Beispiel. <\/strong><\/p>\n<h2>Prunkst\u00fcck<\/h2>\n<p><img loading=\"lazy\" decoding=\"async\" class=\"alignright size-full wp-image-3672\" src=\"https:\/\/kaapskil.nl\/wp-content\/uploads\/2019\/02\/Nieuwsbericht-Pronkstuk-detail-01-frisser.jpg\" alt=\"\" width=\"640\" height=\"477\" srcset=\"https:\/\/kaapskil.nl\/wp-content\/uploads\/2019\/02\/Nieuwsbericht-Pronkstuk-detail-01-frisser.jpg 640w, https:\/\/kaapskil.nl\/wp-content\/uploads\/2019\/02\/Nieuwsbericht-Pronkstuk-detail-01-frisser-300x224.jpg 300w\" sizes=\"auto, (max-width: 640px) 100vw, 640px\" \/><\/p>\n<p>Prunkbecher wurden vor allem f\u00fcr besondere Anl\u00e4sse wie eine Hochzeit, ein Jubil\u00e4um oder einen milit\u00e4rischen Sieg hergestellt. Es handelt sich dabei um gro\u00dfe, reich verzierte Kelche, die zum prunken und der Zurschaustellung von Reichtum im h\u00e4uslichen Kreis dienen. Silberne und vergoldete (mit einer Goldschicht \u00fcberzogene) Kelche sind daher h\u00e4ufig in Stillleben des siebzehnten Jahrhunderts zu sehen.<\/p>\n<h2>N\u00fcrnberg<\/h2>\n<p>Dieser Prunkbecher ist exemplarisch f\u00fcr die Kelche, die gegen Ende des sechzehnten Jahrhunderts in N\u00fcrnberg in Deutschland hergestellt wurden. N\u00fcrnberg war ein gro\u00dfes Zentrum f\u00fcr die Produktion von Luxusg\u00fctern aus Silber. Der Kelch hat getriebene und gegossene Verzierungen, darunter Blumenmustern, Vasen und Maskarons. Auf dem Deckel ist der r\u00f6mische Kriegsgott Mars abgebildet. Der Speer von Mars ist abgebrochen und das urspr\u00fcnglich vorhandene Schild fehlt.<\/p>\n<h2>Restauriert<\/h2>\n<p>Der jahrhundertelange Aufenthalt auf dem Boden des Wattenmeeres hat den Kelch stark angegriffen. Das Objekt war in drei Teile zerbrochen und teilweise zerdr\u00fcckt. Das salzige Meerwasser lie\u00df das Silber unter der Vergoldung korrodieren, so dass der Kelch mit dicken Korrosionsbeulen \u00fcbers\u00e4t war. Die Restaurateure von Restaura haben den Belag vorsichtig entfernt, die meiste Vergoldung war darunter noch gr\u00f6\u00dftenteils intakt, und haben die einzelnen Teile wieder zusammengef\u00fcgt.<\/p>\n<h2>Zu sehen<\/h2>\n<p>Der Prunkbecher und die anderen einzigartigen Fundst\u00fccke aus dem Palmholzwrack sind in einer neuen, spektakul\u00e4ren Ausstellung zu sehen bei Museum Kaap Skil.<\/p>\n<p><em>NB: Die Sammlung wird immer noch erforscht. Dieser Artikel kann dadurch veraltete Informationen oder \u00fcberholte Erkenntnisse enthalten.<\/em><\/p>\n","protected":false},"excerpt":{"rendered":"<p>Ein vergoldeter Prunkbecher aus Silber, aufgetaucht aus einem Schiffswrack des siebzehnten Jahrhunderts, das auf dem Boden des Wattenmeeres liegt. <\/p>\n","protected":false},"author":16,"featured_media":12431,"parent":659,"menu_order":30,"comment_status":"closed","ping_status":"closed","template":"page-templates\/museum-highlight.php","meta":{"_acf_changed":false,"footnotes":""},"categories":[],"tags":[44],"class_list":["post-3837","page","type-page","status-publish","has-post-thumbnail","hentry","tag-palmholzwrack"],"acf":[],"yoast_head":"<!-- This site is optimized with the Yoast SEO plugin v27.3 - https:\/\/yoast.com\/product\/yoast-seo-wordpress\/ -->\n<title>Der Prunkbecher aus dem Palmholzwrack - Museum Kaap Skil<\/title>\n<meta name=\"description\" content=\"Ein vergoldeter Prunkbecher aus Silber, aufgetaucht aus einem Schiffswrack des siebzehnten Jahrhunderts, das auf dem Boden des Wattenmeeres liegt.\" \/>\n<meta name=\"robots\" content=\"index, follow, max-snippet:-1, max-image-preview:large, max-video-preview:-1\" \/>\n<link rel=\"canonical\" href=\"https:\/\/kaapskil.nl\/de\/entdecken\/prunkstucke\/der-prunkbecher-aus-dem-palmholzwrack\/\" \/>\n<meta property=\"og:locale\" content=\"de_DE\" \/>\n<meta property=\"og:type\" content=\"article\" \/>\n<meta property=\"og:title\" content=\"Der Prunkbecher aus dem Palmholzwrack - Museum Kaap Skil\" \/>\n<meta property=\"og:description\" content=\"Ein vergoldeter Prunkbecher aus Silber, aufgetaucht aus einem Schiffswrack des siebzehnten Jahrhunderts, das auf dem Boden des Wattenmeeres liegt.\" \/>\n<meta property=\"og:url\" content=\"https:\/\/kaapskil.nl\/de\/entdecken\/prunkstucke\/der-prunkbecher-aus-dem-palmholzwrack\/\" \/>\n<meta property=\"og:site_name\" content=\"Museum Kaap Skil\" \/>\n<meta property=\"article:modified_time\" content=\"2023-03-31T11:51:29+00:00\" \/>\n<meta property=\"og:image\" content=\"https:\/\/kaapskil.nl\/wp-content\/uploads\/2019\/03\/Pronkbeker-e1552032781995.jpg\" \/>\n\t<meta property=\"og:image:width\" content=\"640\" \/>\n\t<meta property=\"og:image:height\" content=\"449\" \/>\n\t<meta property=\"og:image:type\" content=\"image\/jpeg\" \/>\n<meta name=\"twitter:card\" content=\"summary_large_image\" \/>\n<meta name=\"twitter:label1\" content=\"Est. reading time\" \/>\n\t<meta name=\"twitter:data1\" content=\"2 minutes\" \/>\n<script type=\"application\/ld+json\" class=\"yoast-schema-graph\">{\"@context\":\"https:\\\/\\\/schema.org\",\"@graph\":[{\"@type\":\"WebPage\",\"@id\":\"https:\\\/\\\/kaapskil.nl\\\/de\\\/entdecken\\\/prunkstucke\\\/der-prunkbecher-aus-dem-palmholzwrack\\\/\",\"url\":\"https:\\\/\\\/kaapskil.nl\\\/de\\\/entdecken\\\/prunkstucke\\\/der-prunkbecher-aus-dem-palmholzwrack\\\/\",\"name\":\"Der Prunkbecher aus dem Palmholzwrack - Museum Kaap Skil\",\"isPartOf\":{\"@id\":\"https:\\\/\\\/kaapskil.nl\\\/#website\"},\"primaryImageOfPage\":{\"@id\":\"https:\\\/\\\/kaapskil.nl\\\/de\\\/entdecken\\\/prunkstucke\\\/der-prunkbecher-aus-dem-palmholzwrack\\\/#primaryimage\"},\"image\":{\"@id\":\"https:\\\/\\\/kaapskil.nl\\\/de\\\/entdecken\\\/prunkstucke\\\/der-prunkbecher-aus-dem-palmholzwrack\\\/#primaryimage\"},\"thumbnailUrl\":\"https:\\\/\\\/kaapskil.nl\\\/wp-content\\\/uploads\\\/2023\\\/08\\\/Pronkbeker-bewerkt-v3-200x300-RGB.jpg\",\"datePublished\":\"2022-11-11T12:00:51+00:00\",\"dateModified\":\"2023-03-31T11:51:29+00:00\",\"description\":\"Ein vergoldeter Prunkbecher aus Silber, aufgetaucht aus einem Schiffswrack des siebzehnten Jahrhunderts, das auf dem Boden des Wattenmeeres liegt.\",\"breadcrumb\":{\"@id\":\"https:\\\/\\\/kaapskil.nl\\\/de\\\/entdecken\\\/prunkstucke\\\/der-prunkbecher-aus-dem-palmholzwrack\\\/#breadcrumb\"},\"inLanguage\":\"de-DE\",\"potentialAction\":[{\"@type\":\"ReadAction\",\"target\":[\"https:\\\/\\\/kaapskil.nl\\\/de\\\/entdecken\\\/prunkstucke\\\/der-prunkbecher-aus-dem-palmholzwrack\\\/\"]}]},{\"@type\":\"ImageObject\",\"inLanguage\":\"de-DE\",\"@id\":\"https:\\\/\\\/kaapskil.nl\\\/de\\\/entdecken\\\/prunkstucke\\\/der-prunkbecher-aus-dem-palmholzwrack\\\/#primaryimage\",\"url\":\"https:\\\/\\\/kaapskil.nl\\\/wp-content\\\/uploads\\\/2023\\\/08\\\/Pronkbeker-bewerkt-v3-200x300-RGB.jpg\",\"contentUrl\":\"https:\\\/\\\/kaapskil.nl\\\/wp-content\\\/uploads\\\/2023\\\/08\\\/Pronkbeker-bewerkt-v3-200x300-RGB.jpg\",\"width\":1000,\"height\":625,\"caption\":\"Pronkbeker uit het Palmhoutwrak\"},{\"@type\":\"BreadcrumbList\",\"@id\":\"https:\\\/\\\/kaapskil.nl\\\/de\\\/entdecken\\\/prunkstucke\\\/der-prunkbecher-aus-dem-palmholzwrack\\\/#breadcrumb\",\"itemListElement\":[{\"@type\":\"ListItem\",\"position\":1,\"name\":\"Home\",\"item\":\"https:\\\/\\\/kaapskil.nl\\\/de\\\/\"},{\"@type\":\"ListItem\",\"position\":2,\"name\":\"Entdecken\",\"item\":\"https:\\\/\\\/kaapskil.nl\\\/de\\\/entdecken\\\/\"},{\"@type\":\"ListItem\",\"position\":3,\"name\":\"Prunkst\u00fccke\",\"item\":\"https:\\\/\\\/kaapskil.nl\\\/de\\\/entdecken\\\/prunkstucke\\\/\"},{\"@type\":\"ListItem\",\"position\":4,\"name\":\"Der Prunkbecher aus dem Palmholzwrack\"}]},{\"@type\":\"WebSite\",\"@id\":\"https:\\\/\\\/kaapskil.nl\\\/#website\",\"url\":\"https:\\\/\\\/kaapskil.nl\\\/\",\"name\":\"Museum Kaap Skil\",\"description\":\"Stichting Texels Museum\",\"potentialAction\":[{\"@type\":\"SearchAction\",\"target\":{\"@type\":\"EntryPoint\",\"urlTemplate\":\"https:\\\/\\\/kaapskil.nl\\\/?s={search_term_string}\"},\"query-input\":{\"@type\":\"PropertyValueSpecification\",\"valueRequired\":true,\"valueName\":\"search_term_string\"}}],\"inLanguage\":\"de-DE\"}]}<\/script>\n<!-- \/ Yoast SEO plugin. -->","yoast_head_json":{"title":"Der Prunkbecher aus dem Palmholzwrack - Museum Kaap Skil","description":"Ein vergoldeter Prunkbecher aus Silber, aufgetaucht aus einem Schiffswrack des siebzehnten Jahrhunderts, das auf dem Boden des Wattenmeeres liegt.","robots":{"index":"index","follow":"follow","max-snippet":"max-snippet:-1","max-image-preview":"max-image-preview:large","max-video-preview":"max-video-preview:-1"},"canonical":"https:\/\/kaapskil.nl\/de\/entdecken\/prunkstucke\/der-prunkbecher-aus-dem-palmholzwrack\/","og_locale":"de_DE","og_type":"article","og_title":"Der Prunkbecher aus dem Palmholzwrack - Museum Kaap Skil","og_description":"Ein vergoldeter Prunkbecher aus Silber, aufgetaucht aus einem Schiffswrack des siebzehnten Jahrhunderts, das auf dem Boden des Wattenmeeres liegt.","og_url":"https:\/\/kaapskil.nl\/de\/entdecken\/prunkstucke\/der-prunkbecher-aus-dem-palmholzwrack\/","og_site_name":"Museum Kaap Skil","article_modified_time":"2023-03-31T11:51:29+00:00","og_image":[{"width":640,"height":449,"url":"https:\/\/kaapskil.nl\/wp-content\/uploads\/2019\/03\/Pronkbeker-e1552032781995.jpg","type":"image\/jpeg"}],"twitter_card":"summary_large_image","twitter_misc":{"Est. reading time":"2 minutes"},"schema":{"@context":"https:\/\/schema.org","@graph":[{"@type":"WebPage","@id":"https:\/\/kaapskil.nl\/de\/entdecken\/prunkstucke\/der-prunkbecher-aus-dem-palmholzwrack\/","url":"https:\/\/kaapskil.nl\/de\/entdecken\/prunkstucke\/der-prunkbecher-aus-dem-palmholzwrack\/","name":"Der Prunkbecher aus dem Palmholzwrack - Museum Kaap Skil","isPartOf":{"@id":"https:\/\/kaapskil.nl\/#website"},"primaryImageOfPage":{"@id":"https:\/\/kaapskil.nl\/de\/entdecken\/prunkstucke\/der-prunkbecher-aus-dem-palmholzwrack\/#primaryimage"},"image":{"@id":"https:\/\/kaapskil.nl\/de\/entdecken\/prunkstucke\/der-prunkbecher-aus-dem-palmholzwrack\/#primaryimage"},"thumbnailUrl":"https:\/\/kaapskil.nl\/wp-content\/uploads\/2023\/08\/Pronkbeker-bewerkt-v3-200x300-RGB.jpg","datePublished":"2022-11-11T12:00:51+00:00","dateModified":"2023-03-31T11:51:29+00:00","description":"Ein vergoldeter Prunkbecher aus Silber, aufgetaucht aus einem Schiffswrack des siebzehnten Jahrhunderts, das auf dem Boden des Wattenmeeres liegt.","breadcrumb":{"@id":"https:\/\/kaapskil.nl\/de\/entdecken\/prunkstucke\/der-prunkbecher-aus-dem-palmholzwrack\/#breadcrumb"},"inLanguage":"de-DE","potentialAction":[{"@type":"ReadAction","target":["https:\/\/kaapskil.nl\/de\/entdecken\/prunkstucke\/der-prunkbecher-aus-dem-palmholzwrack\/"]}]},{"@type":"ImageObject","inLanguage":"de-DE","@id":"https:\/\/kaapskil.nl\/de\/entdecken\/prunkstucke\/der-prunkbecher-aus-dem-palmholzwrack\/#primaryimage","url":"https:\/\/kaapskil.nl\/wp-content\/uploads\/2023\/08\/Pronkbeker-bewerkt-v3-200x300-RGB.jpg","contentUrl":"https:\/\/kaapskil.nl\/wp-content\/uploads\/2023\/08\/Pronkbeker-bewerkt-v3-200x300-RGB.jpg","width":1000,"height":625,"caption":"Pronkbeker uit het Palmhoutwrak"},{"@type":"BreadcrumbList","@id":"https:\/\/kaapskil.nl\/de\/entdecken\/prunkstucke\/der-prunkbecher-aus-dem-palmholzwrack\/#breadcrumb","itemListElement":[{"@type":"ListItem","position":1,"name":"Home","item":"https:\/\/kaapskil.nl\/de\/"},{"@type":"ListItem","position":2,"name":"Entdecken","item":"https:\/\/kaapskil.nl\/de\/entdecken\/"},{"@type":"ListItem","position":3,"name":"Prunkst\u00fccke","item":"https:\/\/kaapskil.nl\/de\/entdecken\/prunkstucke\/"},{"@type":"ListItem","position":4,"name":"Der Prunkbecher aus dem Palmholzwrack"}]},{"@type":"WebSite","@id":"https:\/\/kaapskil.nl\/#website","url":"https:\/\/kaapskil.nl\/","name":"Museum Kaap Skil","description":"Stichting Texels Museum","potentialAction":[{"@type":"SearchAction","target":{"@type":"EntryPoint","urlTemplate":"https:\/\/kaapskil.nl\/?s={search_term_string}"},"query-input":{"@type":"PropertyValueSpecification","valueRequired":true,"valueName":"search_term_string"}}],"inLanguage":"de-DE"}]}},"_links":{"self":[{"href":"https:\/\/kaapskil.nl\/de\/wp-json\/wp\/v2\/pages\/3837","targetHints":{"allow":["GET"]}}],"collection":[{"href":"https:\/\/kaapskil.nl\/de\/wp-json\/wp\/v2\/pages"}],"about":[{"href":"https:\/\/kaapskil.nl\/de\/wp-json\/wp\/v2\/types\/page"}],"author":[{"embeddable":true,"href":"https:\/\/kaapskil.nl\/de\/wp-json\/wp\/v2\/users\/16"}],"replies":[{"embeddable":true,"href":"https:\/\/kaapskil.nl\/de\/wp-json\/wp\/v2\/comments?post=3837"}],"version-history":[{"count":0,"href":"https:\/\/kaapskil.nl\/de\/wp-json\/wp\/v2\/pages\/3837\/revisions"}],"up":[{"embeddable":true,"href":"https:\/\/kaapskil.nl\/de\/wp-json\/wp\/v2\/pages\/659"}],"wp:featuredmedia":[{"embeddable":true,"href":"https:\/\/kaapskil.nl\/de\/wp-json\/wp\/v2\/media\/12431"}],"wp:attachment":[{"href":"https:\/\/kaapskil.nl\/de\/wp-json\/wp\/v2\/media?parent=3837"}],"wp:term":[{"taxonomy":"category","embeddable":true,"href":"https:\/\/kaapskil.nl\/de\/wp-json\/wp\/v2\/categories?post=3837"},{"taxonomy":"post_tag","embeddable":true,"href":"https:\/\/kaapskil.nl\/de\/wp-json\/wp\/v2\/tags?post=3837"}],"curies":[{"name":"wp","href":"https:\/\/api.w.org\/{rel}","templated":true}]}}