{"id":4943,"date":"2019-11-15T14:10:36","date_gmt":"2019-11-15T14:10:36","guid":{"rendered":"https:\/\/serene-austin.109-235-78-20.plesk.page\/?page_id=4943"},"modified":"2022-11-11T16:13:26","modified_gmt":"2022-11-11T15:13:26","slug":"schiff-in-sicht-die-reede-von-texel-und-die-welt","status":"publish","type":"page","link":"https:\/\/kaapskil.nl\/de\/entdecken\/ausstellungen\/schiff-in-sicht-die-reede-von-texel-und-die-welt\/","title":{"rendered":"Schiff in Sicht! Die Reede von Texel und die Welt"},"content":{"rendered":"<p>\u201c<i>Das siebzehnte Jahrhundert. Texel ist der Mittelpunkt der Weltmeere. Es herrscht ein reges Treiben vor der K\u00fcste von Texel. Von der Reede aus fahren Handels- und Kriegsschiffe in die ganze Welt.\u201d<\/i><\/p>\n<p style=\"margin-bottom: .0001pt;\"><strong>In der Ausstellung &#8216;Schiff in Sicht &#8211; Die Reede von Texel und die Welt&#8217; wird die Reede von Texel zum Leben erweckt. Dem gr\u00f6\u00dften maritimen Modell der Welt ist eine Dimension hinzugef\u00fcgt worden. Die verborgenen Geschichten \u00fcber die 160 Schiffe werden dank neuer Techniken sichtbar. Sie zeigen, dass die Reede von Texel die logistische Drehscheibe des siebzehnten Jahrhunderts war.<\/strong><\/p>\n<p><img loading=\"lazy\" decoding=\"async\" class=\"size-full wp-image-5593 alignright\" src=\"https:\/\/kaapskil.nl\/wp-content\/uploads\/2020\/04\/Bezoekers-bij-maquette-ws.jpg\" alt=\"\" width=\"640\" height=\"440\" srcset=\"https:\/\/kaapskil.nl\/wp-content\/uploads\/2020\/04\/Bezoekers-bij-maquette-ws.jpg 640w, https:\/\/kaapskil.nl\/wp-content\/uploads\/2020\/04\/Bezoekers-bij-maquette-ws-300x206.jpg 300w, https:\/\/kaapskil.nl\/wp-content\/uploads\/2020\/04\/Bezoekers-bij-maquette-ws-100x69.jpg 100w\" sizes=\"auto, (max-width: 640px) 100vw, 640px\" \/><\/p>\n<p>Auf gro\u00dfen Touchscreens sind die Schiffsmodelle aus n\u00e4chster N\u00e4he bis ins kleinste Detail zu sehen. Die Zeven Provinci\u00ebn zum Beispiel, mit der Michiel de Ruyter viele Seeschlachten gewonnen hat. Oder die Petronella, eine Fleute mit Ziel Riga, um dort Getreide zu kaufen. Entdecken Sie die Eigenschaften, die Routen, die die Schiffe nahmen, die pers\u00f6nlichen Geschichten, besondere Fakten und wichtige Ereignisse.<\/p>\n<p>Kommen Sie ins Museum Kaap Skil und nehmen Sie an den Reisen der Walf\u00e4nger, Fleuten und Kriegsschiffe teil, die einst auf der Reede von Texel lagen.<\/p>\n<p>&nbsp;<\/p>\n<div style=\"width: 1280px;\" class=\"wp-video\"><video class=\"wp-video-shortcode\" id=\"video-4943-1\" width=\"1280\" height=\"720\" preload=\"metadata\" controls=\"controls\"><source type=\"video\/mp4\" src=\"https:\/\/kaapskil.nl\/wp-content\/uploads\/2019\/11\/Museum-Kaap-Skil-Teaser-Schip-In-Zicht-M2-klein.mp4?_=1\" \/><a href=\"https:\/\/kaapskil.nl\/wp-content\/uploads\/2019\/11\/Museum-Kaap-Skil-Teaser-Schip-In-Zicht-M2-klein.mp4\">https:\/\/kaapskil.nl\/wp-content\/uploads\/2019\/11\/Museum-Kaap-Skil-Teaser-Schip-In-Zicht-M2-klein.mp4<\/a><\/video><\/div>\n","protected":false},"excerpt":{"rendered":"<p>In der interaktiven Ausstellung &#8216;Schiff in Sicht! Die Reede von Texel und die Welt&#8217; wird das Modell von der Reede von Texel zum Leben erweckt.<\/p>\n","protected":false},"author":16,"featured_media":5289,"parent":339,"menu_order":2,"comment_status":"closed","ping_status":"closed","template":"page-templates\/museum-highlight.php","meta":{"_acf_changed":false,"footnotes":""},"categories":[],"tags":[],"class_list":["post-4943","page","type-page","status-publish","has-post-thumbnail","hentry"],"acf":[],"yoast_head":"<!-- This site is optimized with the Yoast SEO plugin v27.4 - https:\/\/yoast.com\/product\/yoast-seo-wordpress\/ -->\n<title>Schiff in Sicht! Die Reede von Texel und die Welt - Museum Kaap Skil<\/title>\n<meta name=\"description\" content=\"In der interaktiven Ausstellung &#039;Schiff in Sicht! Die Reede von Texel und die Welt&#039; wird das gr\u00f6\u00dfte maritime Modell der Welt zum Leben erweckt.\" \/>\n<meta name=\"robots\" content=\"index, follow, max-snippet:-1, max-image-preview:large, max-video-preview:-1\" \/>\n<link rel=\"canonical\" href=\"https:\/\/kaapskil.nl\/de\/entdecken\/ausstellungen\/schiff-in-sicht-die-reede-von-texel-und-die-welt\/\" \/>\n<meta property=\"og:locale\" content=\"de_DE\" \/>\n<meta property=\"og:type\" content=\"article\" \/>\n<meta property=\"og:title\" content=\"Schiff in Sicht! Die Reede von Texel und die Welt - Museum Kaap Skil\" \/>\n<meta property=\"og:description\" content=\"In der interaktiven Ausstellung &#039;Schiff in Sicht! Die Reede von Texel und die Welt&#039; wird das gr\u00f6\u00dfte maritime Modell der Welt zum Leben erweckt.\" \/>\n<meta property=\"og:url\" content=\"https:\/\/kaapskil.nl\/de\/entdecken\/ausstellungen\/schiff-in-sicht-die-reede-von-texel-und-die-welt\/\" \/>\n<meta property=\"og:site_name\" content=\"Museum Kaap Skil\" \/>\n<meta property=\"article:modified_time\" content=\"2022-11-11T15:13:26+00:00\" \/>\n<meta property=\"og:image\" content=\"https:\/\/kaapskil.nl\/wp-content\/uploads\/2019\/12\/Pagina-Schip-inZicht-LiselotteSchoo_KaapSkil_18-12-2019-3.jpg\" \/>\n\t<meta property=\"og:image:width\" content=\"640\" \/>\n\t<meta property=\"og:image:height\" content=\"434\" \/>\n\t<meta property=\"og:image:type\" content=\"image\/jpeg\" \/>\n<meta name=\"twitter:card\" content=\"summary_large_image\" \/>\n<meta name=\"twitter:label1\" content=\"Est. reading time\" \/>\n\t<meta name=\"twitter:data1\" content=\"2 minutes\" \/>\n<script type=\"application\/ld+json\" class=\"yoast-schema-graph\">{\"@context\":\"https:\\\/\\\/schema.org\",\"@graph\":[{\"@type\":\"WebPage\",\"@id\":\"https:\\\/\\\/kaapskil.nl\\\/de\\\/entdecken\\\/ausstellungen\\\/schiff-in-sicht-die-reede-von-texel-und-die-welt\\\/\",\"url\":\"https:\\\/\\\/kaapskil.nl\\\/de\\\/entdecken\\\/ausstellungen\\\/schiff-in-sicht-die-reede-von-texel-und-die-welt\\\/\",\"name\":\"Schiff in Sicht! Die Reede von Texel und die Welt - Museum Kaap Skil\",\"isPartOf\":{\"@id\":\"https:\\\/\\\/kaapskil.nl\\\/#website\"},\"primaryImageOfPage\":{\"@id\":\"https:\\\/\\\/kaapskil.nl\\\/de\\\/entdecken\\\/ausstellungen\\\/schiff-in-sicht-die-reede-von-texel-und-die-welt\\\/#primaryimage\"},\"image\":{\"@id\":\"https:\\\/\\\/kaapskil.nl\\\/de\\\/entdecken\\\/ausstellungen\\\/schiff-in-sicht-die-reede-von-texel-und-die-welt\\\/#primaryimage\"},\"thumbnailUrl\":\"https:\\\/\\\/kaapskil.nl\\\/wp-content\\\/uploads\\\/2019\\\/12\\\/Pagina-Schip-inZicht-LiselotteSchoo_KaapSkil_18-12-2019-3.jpg\",\"datePublished\":\"2019-11-15T14:10:36+00:00\",\"dateModified\":\"2022-11-11T15:13:26+00:00\",\"description\":\"In der interaktiven Ausstellung 'Schiff in Sicht! Die Reede von Texel und die Welt' wird das gr\u00f6\u00dfte maritime Modell der Welt zum Leben erweckt.\",\"breadcrumb\":{\"@id\":\"https:\\\/\\\/kaapskil.nl\\\/de\\\/entdecken\\\/ausstellungen\\\/schiff-in-sicht-die-reede-von-texel-und-die-welt\\\/#breadcrumb\"},\"inLanguage\":\"de-DE\",\"potentialAction\":[{\"@type\":\"ReadAction\",\"target\":[\"https:\\\/\\\/kaapskil.nl\\\/de\\\/entdecken\\\/ausstellungen\\\/schiff-in-sicht-die-reede-von-texel-und-die-welt\\\/\"]}]},{\"@type\":\"ImageObject\",\"inLanguage\":\"de-DE\",\"@id\":\"https:\\\/\\\/kaapskil.nl\\\/de\\\/entdecken\\\/ausstellungen\\\/schiff-in-sicht-die-reede-von-texel-und-die-welt\\\/#primaryimage\",\"url\":\"https:\\\/\\\/kaapskil.nl\\\/wp-content\\\/uploads\\\/2019\\\/12\\\/Pagina-Schip-inZicht-LiselotteSchoo_KaapSkil_18-12-2019-3.jpg\",\"contentUrl\":\"https:\\\/\\\/kaapskil.nl\\\/wp-content\\\/uploads\\\/2019\\\/12\\\/Pagina-Schip-inZicht-LiselotteSchoo_KaapSkil_18-12-2019-3.jpg\",\"width\":640,\"height\":434,\"caption\":\"Overzicht maquette Reede van Texel - Schip in zicht\"},{\"@type\":\"BreadcrumbList\",\"@id\":\"https:\\\/\\\/kaapskil.nl\\\/de\\\/entdecken\\\/ausstellungen\\\/schiff-in-sicht-die-reede-von-texel-und-die-welt\\\/#breadcrumb\",\"itemListElement\":[{\"@type\":\"ListItem\",\"position\":1,\"name\":\"Home\",\"item\":\"https:\\\/\\\/kaapskil.nl\\\/de\\\/\"},{\"@type\":\"ListItem\",\"position\":2,\"name\":\"Entdecken\",\"item\":\"https:\\\/\\\/kaapskil.nl\\\/de\\\/entdecken\\\/\"},{\"@type\":\"ListItem\",\"position\":3,\"name\":\"Ausstellungen\",\"item\":\"https:\\\/\\\/kaapskil.nl\\\/de\\\/entdecken\\\/ausstellungen\\\/\"},{\"@type\":\"ListItem\",\"position\":4,\"name\":\"Schiff in Sicht! Die Reede von Texel und die Welt\"}]},{\"@type\":\"WebSite\",\"@id\":\"https:\\\/\\\/kaapskil.nl\\\/#website\",\"url\":\"https:\\\/\\\/kaapskil.nl\\\/\",\"name\":\"Museum Kaap Skil\",\"description\":\"Stichting Texels Museum\",\"potentialAction\":[{\"@type\":\"SearchAction\",\"target\":{\"@type\":\"EntryPoint\",\"urlTemplate\":\"https:\\\/\\\/kaapskil.nl\\\/?s={search_term_string}\"},\"query-input\":{\"@type\":\"PropertyValueSpecification\",\"valueRequired\":true,\"valueName\":\"search_term_string\"}}],\"inLanguage\":\"de-DE\"}]}<\/script>\n<!-- \/ Yoast SEO plugin. -->","yoast_head_json":{"title":"Schiff in Sicht! Die Reede von Texel und die Welt - Museum Kaap Skil","description":"In der interaktiven Ausstellung 'Schiff in Sicht! Die Reede von Texel und die Welt' wird das gr\u00f6\u00dfte maritime Modell der Welt zum Leben erweckt.","robots":{"index":"index","follow":"follow","max-snippet":"max-snippet:-1","max-image-preview":"max-image-preview:large","max-video-preview":"max-video-preview:-1"},"canonical":"https:\/\/kaapskil.nl\/de\/entdecken\/ausstellungen\/schiff-in-sicht-die-reede-von-texel-und-die-welt\/","og_locale":"de_DE","og_type":"article","og_title":"Schiff in Sicht! Die Reede von Texel und die Welt - Museum Kaap Skil","og_description":"In der interaktiven Ausstellung 'Schiff in Sicht! Die Reede von Texel und die Welt' wird das gr\u00f6\u00dfte maritime Modell der Welt zum Leben erweckt.","og_url":"https:\/\/kaapskil.nl\/de\/entdecken\/ausstellungen\/schiff-in-sicht-die-reede-von-texel-und-die-welt\/","og_site_name":"Museum Kaap Skil","article_modified_time":"2022-11-11T15:13:26+00:00","og_image":[{"width":640,"height":434,"url":"https:\/\/kaapskil.nl\/wp-content\/uploads\/2019\/12\/Pagina-Schip-inZicht-LiselotteSchoo_KaapSkil_18-12-2019-3.jpg","type":"image\/jpeg"}],"twitter_card":"summary_large_image","twitter_misc":{"Est. reading time":"2 minutes"},"schema":{"@context":"https:\/\/schema.org","@graph":[{"@type":"WebPage","@id":"https:\/\/kaapskil.nl\/de\/entdecken\/ausstellungen\/schiff-in-sicht-die-reede-von-texel-und-die-welt\/","url":"https:\/\/kaapskil.nl\/de\/entdecken\/ausstellungen\/schiff-in-sicht-die-reede-von-texel-und-die-welt\/","name":"Schiff in Sicht! Die Reede von Texel und die Welt - Museum Kaap Skil","isPartOf":{"@id":"https:\/\/kaapskil.nl\/#website"},"primaryImageOfPage":{"@id":"https:\/\/kaapskil.nl\/de\/entdecken\/ausstellungen\/schiff-in-sicht-die-reede-von-texel-und-die-welt\/#primaryimage"},"image":{"@id":"https:\/\/kaapskil.nl\/de\/entdecken\/ausstellungen\/schiff-in-sicht-die-reede-von-texel-und-die-welt\/#primaryimage"},"thumbnailUrl":"https:\/\/kaapskil.nl\/wp-content\/uploads\/2019\/12\/Pagina-Schip-inZicht-LiselotteSchoo_KaapSkil_18-12-2019-3.jpg","datePublished":"2019-11-15T14:10:36+00:00","dateModified":"2022-11-11T15:13:26+00:00","description":"In der interaktiven Ausstellung 'Schiff in Sicht! Die Reede von Texel und die Welt' wird das gr\u00f6\u00dfte maritime Modell der Welt zum Leben erweckt.","breadcrumb":{"@id":"https:\/\/kaapskil.nl\/de\/entdecken\/ausstellungen\/schiff-in-sicht-die-reede-von-texel-und-die-welt\/#breadcrumb"},"inLanguage":"de-DE","potentialAction":[{"@type":"ReadAction","target":["https:\/\/kaapskil.nl\/de\/entdecken\/ausstellungen\/schiff-in-sicht-die-reede-von-texel-und-die-welt\/"]}]},{"@type":"ImageObject","inLanguage":"de-DE","@id":"https:\/\/kaapskil.nl\/de\/entdecken\/ausstellungen\/schiff-in-sicht-die-reede-von-texel-und-die-welt\/#primaryimage","url":"https:\/\/kaapskil.nl\/wp-content\/uploads\/2019\/12\/Pagina-Schip-inZicht-LiselotteSchoo_KaapSkil_18-12-2019-3.jpg","contentUrl":"https:\/\/kaapskil.nl\/wp-content\/uploads\/2019\/12\/Pagina-Schip-inZicht-LiselotteSchoo_KaapSkil_18-12-2019-3.jpg","width":640,"height":434,"caption":"Overzicht maquette Reede van Texel - Schip in zicht"},{"@type":"BreadcrumbList","@id":"https:\/\/kaapskil.nl\/de\/entdecken\/ausstellungen\/schiff-in-sicht-die-reede-von-texel-und-die-welt\/#breadcrumb","itemListElement":[{"@type":"ListItem","position":1,"name":"Home","item":"https:\/\/kaapskil.nl\/de\/"},{"@type":"ListItem","position":2,"name":"Entdecken","item":"https:\/\/kaapskil.nl\/de\/entdecken\/"},{"@type":"ListItem","position":3,"name":"Ausstellungen","item":"https:\/\/kaapskil.nl\/de\/entdecken\/ausstellungen\/"},{"@type":"ListItem","position":4,"name":"Schiff in Sicht! Die Reede von Texel und die Welt"}]},{"@type":"WebSite","@id":"https:\/\/kaapskil.nl\/#website","url":"https:\/\/kaapskil.nl\/","name":"Museum Kaap Skil","description":"Stichting Texels Museum","potentialAction":[{"@type":"SearchAction","target":{"@type":"EntryPoint","urlTemplate":"https:\/\/kaapskil.nl\/?s={search_term_string}"},"query-input":{"@type":"PropertyValueSpecification","valueRequired":true,"valueName":"search_term_string"}}],"inLanguage":"de-DE"}]}},"_links":{"self":[{"href":"https:\/\/kaapskil.nl\/de\/wp-json\/wp\/v2\/pages\/4943","targetHints":{"allow":["GET"]}}],"collection":[{"href":"https:\/\/kaapskil.nl\/de\/wp-json\/wp\/v2\/pages"}],"about":[{"href":"https:\/\/kaapskil.nl\/de\/wp-json\/wp\/v2\/types\/page"}],"author":[{"embeddable":true,"href":"https:\/\/kaapskil.nl\/de\/wp-json\/wp\/v2\/users\/16"}],"replies":[{"embeddable":true,"href":"https:\/\/kaapskil.nl\/de\/wp-json\/wp\/v2\/comments?post=4943"}],"version-history":[{"count":0,"href":"https:\/\/kaapskil.nl\/de\/wp-json\/wp\/v2\/pages\/4943\/revisions"}],"up":[{"embeddable":true,"href":"https:\/\/kaapskil.nl\/de\/wp-json\/wp\/v2\/pages\/339"}],"wp:featuredmedia":[{"embeddable":true,"href":"https:\/\/kaapskil.nl\/de\/wp-json\/wp\/v2\/media\/5289"}],"wp:attachment":[{"href":"https:\/\/kaapskil.nl\/de\/wp-json\/wp\/v2\/media?parent=4943"}],"wp:term":[{"taxonomy":"category","embeddable":true,"href":"https:\/\/kaapskil.nl\/de\/wp-json\/wp\/v2\/categories?post=4943"},{"taxonomy":"post_tag","embeddable":true,"href":"https:\/\/kaapskil.nl\/de\/wp-json\/wp\/v2\/tags?post=4943"}],"curies":[{"name":"wp","href":"https:\/\/api.w.org\/{rel}","templated":true}]}}