{"id":517,"date":"2018-03-13T20:52:45","date_gmt":"2018-03-13T20:52:45","guid":{"rendered":"http:\/\/kaapskilnl.web1.prod.raadhuis.com\/?page_id=517"},"modified":"2024-02-23T14:47:08","modified_gmt":"2024-02-23T13:47:08","slug":"hauptgebaude","status":"publish","type":"page","link":"https:\/\/kaapskil.nl\/de\/entdecken\/gebaeude\/hauptgebaude\/","title":{"rendered":"Hauptgeb\u00e4ude"},"content":{"rendered":"<p><strong><img loading=\"lazy\" decoding=\"async\" class=\"alignright wp-image-12339 size-full\" src=\"https:\/\/kaapskil.nl\/wp-content\/uploads\/2023\/07\/Entree-MKS-2023-ws.jpg\" alt=\"\" width=\"840\" height=\"525\" srcset=\"https:\/\/kaapskil.nl\/wp-content\/uploads\/2023\/07\/Entree-MKS-2023-ws.jpg 840w, https:\/\/kaapskil.nl\/wp-content\/uploads\/2023\/07\/Entree-MKS-2023-ws-300x188.jpg 300w, https:\/\/kaapskil.nl\/wp-content\/uploads\/2023\/07\/Entree-MKS-2023-ws-768x480.jpg 768w, https:\/\/kaapskil.nl\/wp-content\/uploads\/2023\/07\/Entree-MKS-2023-ws-100x63.jpg 100w\" sizes=\"auto, (max-width: 840px) 100vw, 840px\" \/>Museum Kaap Skil hat ein besonderes und beeindruckendes Hauptgeb\u00e4ude. Der mit internationalen Preisen ausgezeichnete Entwurf stammt von Mecanoo Architekten aus Delft. Die vier in Reihe gebauten Spitzd\u00e4cher gehen in den Rhythmus der D\u00e4cher des Dorfes auf, die vom Meer aus gesehen wie Wellen \u00fcber den Deich hinaus schauen.<\/strong><\/p>\n<p>Der Giebel ist mit Holzlamellen verkleidet. Diese sind aus ges\u00e4gten Dammw\u00e4nden aus Hartholz aus dem Noord-Hollands Kanaal hergestellt. Das Holz hat so, genau wie die angesp\u00fclten Sammlungsst\u00fccke im Museum, ein zweites Leben bekommen.<\/p>\n<p>Im ersten Stock befindet sich die <a href=\"https:\/\/kaapskil.nl\/de\/entdecken\/ausstellungen\/weltreise\/\" target=\"_blank\" rel=\"noopener\">Ausstellung &#8216;Weltreise<\/a>&#8216;. Die vielen aufgetauchten Objekte erz\u00e4hlen Geschichten von Reisen in alle Windrichtungen. Im Erdgeschoss befinden sich das Museumscaf\u00e9 und der Museumsshop. Im Untergeschoss betritt man das 17. Jahrhundert. Das beeindruckende <a href=\"https:\/\/kaapskil.nl\/de\/entdecken\/ausstellungen\/schiff-in-sicht-die-reede-von-texel-und-die-welt\/\" target=\"_blank\" rel=\"noopener\">Modell<\/a> der Reede von Texel zeigt, wie die K\u00fcste vor Texel um 1660 aussah. Dort finden Sie auch die <a href=\"https:\/\/kaapskil.nl\/de\/entdecken\/ausstellungen\/das-palmholzwrack\/\" target=\"_blank\" rel=\"noopener\">Ausstellung &#8216;Palmholzwrack&#8217;<\/a> mit dem weltber\u00fchmten Kleid.<\/p>\n<p>Hinter dem Hauptgeb\u00e4ude befindet sich das Freilichtmuseum mit <a href=\"https:\/\/kaapskil.nl\/de\/entdecken\/ausstellungen\/fischerhaeuschen\/\" target=\"_blank\" rel=\"noopener\">Fischerh\u00e4uschen<\/a>, <a href=\"https:\/\/kaapskil.nl\/de\/entdecken\/ausstellungen\/strandgutsammler\/\" target=\"_blank\" rel=\"noopener\">Jutterei<\/a> und <a href=\"https:\/\/kaapskil.nl\/de\/entdecken\/ausstellungen\/muehle-de-traanroeier\/\" target=\"_blank\" rel=\"noopener\">Getreidem\u00fchle<\/a>. In den anderen Geb\u00e4uden des Museums sind u. a. Ausstellungen \u00fcber die Fischerei zu sehen. Im Getreidespeicher befindet sich ein <a href=\"https:\/\/kaapskil.nl\/de\/entdecken\/ausstellungen\/offenes-depot\/\" target=\"_blank\" rel=\"noopener\">offenes Depot<\/a> mit den unterschiedlichsten Unterwasserfunden.<\/p>\n","protected":false},"excerpt":{"rendered":"<p>Kaap Skil hat ein besonderes und beeindruckendes Hauptgeb\u00e4ude. Der mit internationalen Preisen ausgezeichnete Entwurf stammt von Mecanoo Architekten aus Delft. <\/p>\n","protected":false},"author":1,"featured_media":12336,"parent":631,"menu_order":0,"comment_status":"closed","ping_status":"closed","template":"page-templates\/museum-highlight.php","meta":{"_acf_changed":false,"footnotes":""},"categories":[],"tags":[64,33],"class_list":["post-517","page","type-page","status-publish","has-post-thumbnail","hentry","tag-gebaeude","tag-texel-neu-entdeckt"],"acf":[],"yoast_head":"<!-- This site is optimized with the Yoast SEO plugin v27.4 - https:\/\/yoast.com\/product\/yoast-seo-wordpress\/ -->\n<title>Hauptgeb\u00e4ude<\/title>\n<meta name=\"description\" content=\"Kaap Skil hat ein besonderes und beeindruckendes Hauptgeb\u00e4ude. Der mit internationalen Preisen ausgezeichnete Entwurf stammt von Mecanoo Architekten. Innerhalb des Geb\u00e4udes ist es \u00fcberraschend hell.\" \/>\n<meta name=\"robots\" content=\"index, follow, max-snippet:-1, max-image-preview:large, max-video-preview:-1\" \/>\n<link rel=\"canonical\" href=\"https:\/\/kaapskil.nl\/de\/entdecken\/gebaeude\/hauptgebaude\/\" \/>\n<meta property=\"og:locale\" content=\"de_DE\" \/>\n<meta property=\"og:type\" content=\"article\" \/>\n<meta property=\"og:title\" content=\"Hauptgeb\u00e4ude\" \/>\n<meta property=\"og:description\" content=\"Kaap Skil hat ein besonderes und beeindruckendes Hauptgeb\u00e4ude. Der mit internationalen Preisen ausgezeichnete Entwurf stammt von Mecanoo Architekten. Innerhalb des Geb\u00e4udes ist es \u00fcberraschend hell.\" \/>\n<meta property=\"og:url\" content=\"https:\/\/kaapskil.nl\/de\/entdecken\/gebaeude\/hauptgebaude\/\" \/>\n<meta property=\"og:site_name\" content=\"Museum Kaap Skil\" \/>\n<meta property=\"article:modified_time\" content=\"2024-02-23T13:47:08+00:00\" \/>\n<meta property=\"og:image\" content=\"https:\/\/kaapskil.nl\/wp-content\/uploads\/2023\/07\/Entree-MKS-2023.jpg\" \/>\n\t<meta property=\"og:image:width\" content=\"500\" \/>\n\t<meta property=\"og:image:height\" content=\"700\" \/>\n\t<meta property=\"og:image:type\" content=\"image\/jpeg\" \/>\n<meta name=\"twitter:card\" content=\"summary_large_image\" \/>\n<meta name=\"twitter:label1\" content=\"Est. reading time\" \/>\n\t<meta name=\"twitter:data1\" content=\"2 minutes\" \/>\n<script type=\"application\/ld+json\" class=\"yoast-schema-graph\">{\"@context\":\"https:\\\/\\\/schema.org\",\"@graph\":[{\"@type\":\"WebPage\",\"@id\":\"https:\\\/\\\/kaapskil.nl\\\/de\\\/entdecken\\\/gebaeude\\\/hauptgebaude\\\/\",\"url\":\"https:\\\/\\\/kaapskil.nl\\\/de\\\/entdecken\\\/gebaeude\\\/hauptgebaude\\\/\",\"name\":\"Hauptgeb\u00e4ude\",\"isPartOf\":{\"@id\":\"https:\\\/\\\/kaapskil.nl\\\/#website\"},\"primaryImageOfPage\":{\"@id\":\"https:\\\/\\\/kaapskil.nl\\\/de\\\/entdecken\\\/gebaeude\\\/hauptgebaude\\\/#primaryimage\"},\"image\":{\"@id\":\"https:\\\/\\\/kaapskil.nl\\\/de\\\/entdecken\\\/gebaeude\\\/hauptgebaude\\\/#primaryimage\"},\"thumbnailUrl\":\"https:\\\/\\\/kaapskil.nl\\\/wp-content\\\/uploads\\\/2023\\\/07\\\/Entree-MKS-2023.jpg\",\"datePublished\":\"2018-03-13T20:52:45+00:00\",\"dateModified\":\"2024-02-23T13:47:08+00:00\",\"description\":\"Kaap Skil hat ein besonderes und beeindruckendes Hauptgeb\u00e4ude. Der mit internationalen Preisen ausgezeichnete Entwurf stammt von Mecanoo Architekten. Innerhalb des Geb\u00e4udes ist es \u00fcberraschend hell.\",\"breadcrumb\":{\"@id\":\"https:\\\/\\\/kaapskil.nl\\\/de\\\/entdecken\\\/gebaeude\\\/hauptgebaude\\\/#breadcrumb\"},\"inLanguage\":\"de-DE\",\"potentialAction\":[{\"@type\":\"ReadAction\",\"target\":[\"https:\\\/\\\/kaapskil.nl\\\/de\\\/entdecken\\\/gebaeude\\\/hauptgebaude\\\/\"]}]},{\"@type\":\"ImageObject\",\"inLanguage\":\"de-DE\",\"@id\":\"https:\\\/\\\/kaapskil.nl\\\/de\\\/entdecken\\\/gebaeude\\\/hauptgebaude\\\/#primaryimage\",\"url\":\"https:\\\/\\\/kaapskil.nl\\\/wp-content\\\/uploads\\\/2023\\\/07\\\/Entree-MKS-2023.jpg\",\"contentUrl\":\"https:\\\/\\\/kaapskil.nl\\\/wp-content\\\/uploads\\\/2023\\\/07\\\/Entree-MKS-2023.jpg\",\"width\":500,\"height\":700,\"caption\":\"Entree Museum Kaap Skil\"},{\"@type\":\"BreadcrumbList\",\"@id\":\"https:\\\/\\\/kaapskil.nl\\\/de\\\/entdecken\\\/gebaeude\\\/hauptgebaude\\\/#breadcrumb\",\"itemListElement\":[{\"@type\":\"ListItem\",\"position\":1,\"name\":\"Home\",\"item\":\"https:\\\/\\\/kaapskil.nl\\\/de\\\/\"},{\"@type\":\"ListItem\",\"position\":2,\"name\":\"Entdecken\",\"item\":\"https:\\\/\\\/kaapskil.nl\\\/de\\\/entdecken\\\/\"},{\"@type\":\"ListItem\",\"position\":3,\"name\":\"Geb\u00e4ude\",\"item\":\"https:\\\/\\\/kaapskil.nl\\\/de\\\/entdecken\\\/gebaeude\\\/\"},{\"@type\":\"ListItem\",\"position\":4,\"name\":\"Hauptgeb\u00e4ude\"}]},{\"@type\":\"WebSite\",\"@id\":\"https:\\\/\\\/kaapskil.nl\\\/#website\",\"url\":\"https:\\\/\\\/kaapskil.nl\\\/\",\"name\":\"Museum Kaap Skil\",\"description\":\"Stichting Texels Museum\",\"potentialAction\":[{\"@type\":\"SearchAction\",\"target\":{\"@type\":\"EntryPoint\",\"urlTemplate\":\"https:\\\/\\\/kaapskil.nl\\\/?s={search_term_string}\"},\"query-input\":{\"@type\":\"PropertyValueSpecification\",\"valueRequired\":true,\"valueName\":\"search_term_string\"}}],\"inLanguage\":\"de-DE\"}]}<\/script>\n<!-- \/ Yoast SEO plugin. -->","yoast_head_json":{"title":"Hauptgeb\u00e4ude","description":"Kaap Skil hat ein besonderes und beeindruckendes Hauptgeb\u00e4ude. Der mit internationalen Preisen ausgezeichnete Entwurf stammt von Mecanoo Architekten. Innerhalb des Geb\u00e4udes ist es \u00fcberraschend hell.","robots":{"index":"index","follow":"follow","max-snippet":"max-snippet:-1","max-image-preview":"max-image-preview:large","max-video-preview":"max-video-preview:-1"},"canonical":"https:\/\/kaapskil.nl\/de\/entdecken\/gebaeude\/hauptgebaude\/","og_locale":"de_DE","og_type":"article","og_title":"Hauptgeb\u00e4ude","og_description":"Kaap Skil hat ein besonderes und beeindruckendes Hauptgeb\u00e4ude. Der mit internationalen Preisen ausgezeichnete Entwurf stammt von Mecanoo Architekten. Innerhalb des Geb\u00e4udes ist es \u00fcberraschend hell.","og_url":"https:\/\/kaapskil.nl\/de\/entdecken\/gebaeude\/hauptgebaude\/","og_site_name":"Museum Kaap Skil","article_modified_time":"2024-02-23T13:47:08+00:00","og_image":[{"width":500,"height":700,"url":"https:\/\/kaapskil.nl\/wp-content\/uploads\/2023\/07\/Entree-MKS-2023.jpg","type":"image\/jpeg"}],"twitter_card":"summary_large_image","twitter_misc":{"Est. reading time":"2 minutes"},"schema":{"@context":"https:\/\/schema.org","@graph":[{"@type":"WebPage","@id":"https:\/\/kaapskil.nl\/de\/entdecken\/gebaeude\/hauptgebaude\/","url":"https:\/\/kaapskil.nl\/de\/entdecken\/gebaeude\/hauptgebaude\/","name":"Hauptgeb\u00e4ude","isPartOf":{"@id":"https:\/\/kaapskil.nl\/#website"},"primaryImageOfPage":{"@id":"https:\/\/kaapskil.nl\/de\/entdecken\/gebaeude\/hauptgebaude\/#primaryimage"},"image":{"@id":"https:\/\/kaapskil.nl\/de\/entdecken\/gebaeude\/hauptgebaude\/#primaryimage"},"thumbnailUrl":"https:\/\/kaapskil.nl\/wp-content\/uploads\/2023\/07\/Entree-MKS-2023.jpg","datePublished":"2018-03-13T20:52:45+00:00","dateModified":"2024-02-23T13:47:08+00:00","description":"Kaap Skil hat ein besonderes und beeindruckendes Hauptgeb\u00e4ude. Der mit internationalen Preisen ausgezeichnete Entwurf stammt von Mecanoo Architekten. Innerhalb des Geb\u00e4udes ist es \u00fcberraschend hell.","breadcrumb":{"@id":"https:\/\/kaapskil.nl\/de\/entdecken\/gebaeude\/hauptgebaude\/#breadcrumb"},"inLanguage":"de-DE","potentialAction":[{"@type":"ReadAction","target":["https:\/\/kaapskil.nl\/de\/entdecken\/gebaeude\/hauptgebaude\/"]}]},{"@type":"ImageObject","inLanguage":"de-DE","@id":"https:\/\/kaapskil.nl\/de\/entdecken\/gebaeude\/hauptgebaude\/#primaryimage","url":"https:\/\/kaapskil.nl\/wp-content\/uploads\/2023\/07\/Entree-MKS-2023.jpg","contentUrl":"https:\/\/kaapskil.nl\/wp-content\/uploads\/2023\/07\/Entree-MKS-2023.jpg","width":500,"height":700,"caption":"Entree Museum Kaap Skil"},{"@type":"BreadcrumbList","@id":"https:\/\/kaapskil.nl\/de\/entdecken\/gebaeude\/hauptgebaude\/#breadcrumb","itemListElement":[{"@type":"ListItem","position":1,"name":"Home","item":"https:\/\/kaapskil.nl\/de\/"},{"@type":"ListItem","position":2,"name":"Entdecken","item":"https:\/\/kaapskil.nl\/de\/entdecken\/"},{"@type":"ListItem","position":3,"name":"Geb\u00e4ude","item":"https:\/\/kaapskil.nl\/de\/entdecken\/gebaeude\/"},{"@type":"ListItem","position":4,"name":"Hauptgeb\u00e4ude"}]},{"@type":"WebSite","@id":"https:\/\/kaapskil.nl\/#website","url":"https:\/\/kaapskil.nl\/","name":"Museum Kaap Skil","description":"Stichting Texels Museum","potentialAction":[{"@type":"SearchAction","target":{"@type":"EntryPoint","urlTemplate":"https:\/\/kaapskil.nl\/?s={search_term_string}"},"query-input":{"@type":"PropertyValueSpecification","valueRequired":true,"valueName":"search_term_string"}}],"inLanguage":"de-DE"}]}},"_links":{"self":[{"href":"https:\/\/kaapskil.nl\/de\/wp-json\/wp\/v2\/pages\/517","targetHints":{"allow":["GET"]}}],"collection":[{"href":"https:\/\/kaapskil.nl\/de\/wp-json\/wp\/v2\/pages"}],"about":[{"href":"https:\/\/kaapskil.nl\/de\/wp-json\/wp\/v2\/types\/page"}],"author":[{"embeddable":true,"href":"https:\/\/kaapskil.nl\/de\/wp-json\/wp\/v2\/users\/1"}],"replies":[{"embeddable":true,"href":"https:\/\/kaapskil.nl\/de\/wp-json\/wp\/v2\/comments?post=517"}],"version-history":[{"count":0,"href":"https:\/\/kaapskil.nl\/de\/wp-json\/wp\/v2\/pages\/517\/revisions"}],"up":[{"embeddable":true,"href":"https:\/\/kaapskil.nl\/de\/wp-json\/wp\/v2\/pages\/631"}],"wp:featuredmedia":[{"embeddable":true,"href":"https:\/\/kaapskil.nl\/de\/wp-json\/wp\/v2\/media\/12336"}],"wp:attachment":[{"href":"https:\/\/kaapskil.nl\/de\/wp-json\/wp\/v2\/media?parent=517"}],"wp:term":[{"taxonomy":"category","embeddable":true,"href":"https:\/\/kaapskil.nl\/de\/wp-json\/wp\/v2\/categories?post=517"},{"taxonomy":"post_tag","embeddable":true,"href":"https:\/\/kaapskil.nl\/de\/wp-json\/wp\/v2\/tags?post=517"}],"curies":[{"name":"wp","href":"https:\/\/api.w.org\/{rel}","templated":true}]}}