{"id":522,"date":"2018-03-13T21:12:01","date_gmt":"2018-03-13T21:12:01","guid":{"rendered":"http:\/\/kaapskilnl.web1.prod.raadhuis.com\/?page_id=522"},"modified":"2026-02-02T10:55:44","modified_gmt":"2026-02-02T09:55:44","slug":"schulgruppen-und-betriebe","status":"publish","type":"page","link":"https:\/\/kaapskil.nl\/de\/besuchen\/schulgruppen-und-betriebe\/","title":{"rendered":"(Schul)Gruppen und Betriebe"},"content":{"rendered":"<h2>Programme und Arrangements<\/h2>\n<p>F\u00fcr Schulen und Gruppen gibt es im Museum Kaap Skil besonders viel zu erleben. Das Museum ist eine Schatzkammer voller Geschichten von Inselbewohnern und Seefahrern. Lernen Sie diese markanten Figuren in den speziellen Programmen und Arrangements kennen. Nehmen Sie ruhig (und unverbindlich) <a href=\"https:\/\/kaapskil.nl\/de\/contact\/\" target=\"_blank\" rel=\"noopener\">Kontakt<\/a> auf f\u00fcr mehr Informationen oder ein Angebot nach Ma\u00df.<\/p>\n<h2>Eintritt Schulen<\/h2>\n<p>Schulklassen bezahlen f\u00fcr Sch\u00fcler und Begleiter \u20ac 6,50. Klicken Sie <a href=\"https:\/\/kaapskil.nl\/de\/contact\/\">hier<\/a>, um das Kontaktformular zu \u00f6ffnen.<\/p>\n<h2>Spanndende Juttergeschichten<\/h2>\n<h2><img loading=\"lazy\" decoding=\"async\" class=\"alignright wp-image-8668\" src=\"https:\/\/kaapskil.nl\/wp-content\/uploads\/2022\/02\/IMG_6241-300x225.jpeg\" alt=\"\" width=\"600\" height=\"450\" srcset=\"https:\/\/kaapskil.nl\/wp-content\/uploads\/2022\/02\/IMG_6241-300x225.jpeg 300w, https:\/\/kaapskil.nl\/wp-content\/uploads\/2022\/02\/IMG_6241-1024x768.jpeg 1024w, https:\/\/kaapskil.nl\/wp-content\/uploads\/2022\/02\/IMG_6241-768x576.jpeg 768w, https:\/\/kaapskil.nl\/wp-content\/uploads\/2022\/02\/IMG_6241-1536x1152.jpeg 1536w, https:\/\/kaapskil.nl\/wp-content\/uploads\/2022\/02\/IMG_6241-100x75.jpeg 100w, https:\/\/kaapskil.nl\/wp-content\/uploads\/2022\/02\/IMG_6241-480x360.jpeg 480w, https:\/\/kaapskil.nl\/wp-content\/uploads\/2022\/02\/IMG_6241.jpeg 2016w\" sizes=\"auto, (max-width: 600px) 100vw, 600px\" \/><\/h2>\n<p>Es gibt sie noch immer: Jutter (Strandgutsammler), die bei Westwind an den Strand gehen, in der Hoffnung, dass irgendwo am Strand der eine besondere, unvergleichliche, pr\u00e4chtige Gegenstand ansp\u00fclt, auf den jeder neidisch ist. Je dunkler die Wolken, je st\u00e4rker der Regen, je mehr es weht, desto besser ist es f\u00fcr den Jutter am Strand. Niemand zu sehen, kein Strandvogt in der N\u00e4he. Der Strand geh\u00f6rt dem Jutter. Die Jutter erz\u00e4hlen ihre Geschichten mit Humor, aber auch mit einem kritischen Blick auf den Konsum und die Verschmutzung. Ein Pl\u00e4doyer f\u00fcr Freiheit und Abenteuer in der N\u00e4he von Zuhause.<\/p>\n<p>Die Juttergeschichten kosten f\u00fcr Schulklassen \u20ac 60,00. F\u00fcr Gruppen und Betriebe (max. 50 Personen) betragen die Kosten \u20ac 85,00 (30 Minuten).<\/p>\n","protected":false},"excerpt":{"rendered":"<p>Programme und Arrangements F\u00fcr Schulen und Gruppen gibt es im Museum Kaap Skil besonders viel zu erleben. Das Museum ist eine Schatzkammer voller Geschichten von Inselbewohnern und Seefahrern. Lernen Sie diese markanten Figuren in den speziellen Programmen und Arrangements kennen. Nehmen Sie ruhig (und unverbindlich) Kontakt auf f\u00fcr mehr Informationen oder ein Angebot nach Ma\u00df. [&hellip;]<\/p>\n","protected":false},"author":1,"featured_media":671,"parent":408,"menu_order":50,"comment_status":"closed","ping_status":"closed","template":"page-templates\/detail.php","meta":{"_acf_changed":false,"footnotes":""},"categories":[],"tags":[35,33],"class_list":["post-522","page","type-page","status-publish","has-post-thumbnail","hentry","tag-goldene-zeiten-auf-der-reede","tag-texel-neu-entdeckt"],"acf":[],"yoast_head":"<!-- This site is optimized with the Yoast SEO plugin v27.4 - https:\/\/yoast.com\/product\/yoast-seo-wordpress\/ -->\n<title>(Schul)Gruppen und Betriebe<\/title>\n<meta name=\"description\" content=\"F\u00fcr Schulen und Gruppen gibt es im Museum Kaap Skil viel zu erleben. Das Museum ist ein Schatz voller Geschichten von Insulanern und Seeleuten. Lernen Sie die markanten Figuren in den Programmen und Arrangements kennen.\" \/>\n<meta name=\"robots\" content=\"index, follow, max-snippet:-1, max-image-preview:large, max-video-preview:-1\" \/>\n<link rel=\"canonical\" href=\"https:\/\/kaapskil.nl\/de\/besuchen\/schulgruppen-und-betriebe\/\" \/>\n<meta property=\"og:locale\" content=\"de_DE\" \/>\n<meta property=\"og:type\" content=\"article\" \/>\n<meta property=\"og:title\" content=\"(Schul)Gruppen und Betriebe\" \/>\n<meta property=\"og:description\" content=\"F\u00fcr Schulen und Gruppen gibt es im Museum Kaap Skil viel zu erleben. Das Museum ist ein Schatz voller Geschichten von Insulanern und Seeleuten. Lernen Sie die markanten Figuren in den Programmen und Arrangements kennen.\" \/>\n<meta property=\"og:url\" content=\"https:\/\/kaapskil.nl\/de\/besuchen\/schulgruppen-und-betriebe\/\" \/>\n<meta property=\"og:site_name\" content=\"Museum Kaap Skil\" \/>\n<meta property=\"article:modified_time\" content=\"2026-02-02T09:55:44+00:00\" \/>\n<meta property=\"og:image\" content=\"https:\/\/kaapskil.nl\/wp-content\/uploads\/2018\/03\/mb-juttersstuk-2.jpg\" \/>\n\t<meta property=\"og:image:width\" content=\"640\" \/>\n\t<meta property=\"og:image:height\" content=\"360\" \/>\n\t<meta property=\"og:image:type\" content=\"image\/jpeg\" \/>\n<meta name=\"twitter:card\" content=\"summary_large_image\" \/>\n<meta name=\"twitter:label1\" content=\"Est. reading time\" \/>\n\t<meta name=\"twitter:data1\" content=\"2 minutes\" \/>\n<script type=\"application\/ld+json\" class=\"yoast-schema-graph\">{\"@context\":\"https:\\\/\\\/schema.org\",\"@graph\":[{\"@type\":\"WebPage\",\"@id\":\"https:\\\/\\\/kaapskil.nl\\\/de\\\/besuchen\\\/schulgruppen-und-betriebe\\\/\",\"url\":\"https:\\\/\\\/kaapskil.nl\\\/de\\\/besuchen\\\/schulgruppen-und-betriebe\\\/\",\"name\":\"(Schul)Gruppen und Betriebe\",\"isPartOf\":{\"@id\":\"https:\\\/\\\/kaapskil.nl\\\/#website\"},\"primaryImageOfPage\":{\"@id\":\"https:\\\/\\\/kaapskil.nl\\\/de\\\/besuchen\\\/schulgruppen-und-betriebe\\\/#primaryimage\"},\"image\":{\"@id\":\"https:\\\/\\\/kaapskil.nl\\\/de\\\/besuchen\\\/schulgruppen-und-betriebe\\\/#primaryimage\"},\"thumbnailUrl\":\"https:\\\/\\\/kaapskil.nl\\\/wp-content\\\/uploads\\\/2018\\\/03\\\/mb-juttersstuk-2.jpg\",\"datePublished\":\"2018-03-13T21:12:01+00:00\",\"dateModified\":\"2026-02-02T09:55:44+00:00\",\"description\":\"F\u00fcr Schulen und Gruppen gibt es im Museum Kaap Skil viel zu erleben. Das Museum ist ein Schatz voller Geschichten von Insulanern und Seeleuten. Lernen Sie die markanten Figuren in den Programmen und Arrangements kennen.\",\"breadcrumb\":{\"@id\":\"https:\\\/\\\/kaapskil.nl\\\/de\\\/besuchen\\\/schulgruppen-und-betriebe\\\/#breadcrumb\"},\"inLanguage\":\"de-DE\",\"potentialAction\":[{\"@type\":\"ReadAction\",\"target\":[\"https:\\\/\\\/kaapskil.nl\\\/de\\\/besuchen\\\/schulgruppen-und-betriebe\\\/\"]}]},{\"@type\":\"ImageObject\",\"inLanguage\":\"de-DE\",\"@id\":\"https:\\\/\\\/kaapskil.nl\\\/de\\\/besuchen\\\/schulgruppen-und-betriebe\\\/#primaryimage\",\"url\":\"https:\\\/\\\/kaapskil.nl\\\/wp-content\\\/uploads\\\/2018\\\/03\\\/mb-juttersstuk-2.jpg\",\"contentUrl\":\"https:\\\/\\\/kaapskil.nl\\\/wp-content\\\/uploads\\\/2018\\\/03\\\/mb-juttersstuk-2.jpg\",\"width\":640,\"height\":360},{\"@type\":\"BreadcrumbList\",\"@id\":\"https:\\\/\\\/kaapskil.nl\\\/de\\\/besuchen\\\/schulgruppen-und-betriebe\\\/#breadcrumb\",\"itemListElement\":[{\"@type\":\"ListItem\",\"position\":1,\"name\":\"Home\",\"item\":\"https:\\\/\\\/kaapskil.nl\\\/de\\\/\"},{\"@type\":\"ListItem\",\"position\":2,\"name\":\"Besuchen\",\"item\":\"https:\\\/\\\/kaapskil.nl\\\/de\\\/besuchen\\\/\"},{\"@type\":\"ListItem\",\"position\":3,\"name\":\"(Schul)Gruppen und Betriebe\"}]},{\"@type\":\"WebSite\",\"@id\":\"https:\\\/\\\/kaapskil.nl\\\/#website\",\"url\":\"https:\\\/\\\/kaapskil.nl\\\/\",\"name\":\"Museum Kaap Skil\",\"description\":\"Stichting Texels Museum\",\"potentialAction\":[{\"@type\":\"SearchAction\",\"target\":{\"@type\":\"EntryPoint\",\"urlTemplate\":\"https:\\\/\\\/kaapskil.nl\\\/?s={search_term_string}\"},\"query-input\":{\"@type\":\"PropertyValueSpecification\",\"valueRequired\":true,\"valueName\":\"search_term_string\"}}],\"inLanguage\":\"de-DE\"}]}<\/script>\n<!-- \/ Yoast SEO plugin. -->","yoast_head_json":{"title":"(Schul)Gruppen und Betriebe","description":"F\u00fcr Schulen und Gruppen gibt es im Museum Kaap Skil viel zu erleben. Das Museum ist ein Schatz voller Geschichten von Insulanern und Seeleuten. Lernen Sie die markanten Figuren in den Programmen und Arrangements kennen.","robots":{"index":"index","follow":"follow","max-snippet":"max-snippet:-1","max-image-preview":"max-image-preview:large","max-video-preview":"max-video-preview:-1"},"canonical":"https:\/\/kaapskil.nl\/de\/besuchen\/schulgruppen-und-betriebe\/","og_locale":"de_DE","og_type":"article","og_title":"(Schul)Gruppen und Betriebe","og_description":"F\u00fcr Schulen und Gruppen gibt es im Museum Kaap Skil viel zu erleben. Das Museum ist ein Schatz voller Geschichten von Insulanern und Seeleuten. Lernen Sie die markanten Figuren in den Programmen und Arrangements kennen.","og_url":"https:\/\/kaapskil.nl\/de\/besuchen\/schulgruppen-und-betriebe\/","og_site_name":"Museum Kaap Skil","article_modified_time":"2026-02-02T09:55:44+00:00","og_image":[{"width":640,"height":360,"url":"https:\/\/kaapskil.nl\/wp-content\/uploads\/2018\/03\/mb-juttersstuk-2.jpg","type":"image\/jpeg"}],"twitter_card":"summary_large_image","twitter_misc":{"Est. reading time":"2 minutes"},"schema":{"@context":"https:\/\/schema.org","@graph":[{"@type":"WebPage","@id":"https:\/\/kaapskil.nl\/de\/besuchen\/schulgruppen-und-betriebe\/","url":"https:\/\/kaapskil.nl\/de\/besuchen\/schulgruppen-und-betriebe\/","name":"(Schul)Gruppen und Betriebe","isPartOf":{"@id":"https:\/\/kaapskil.nl\/#website"},"primaryImageOfPage":{"@id":"https:\/\/kaapskil.nl\/de\/besuchen\/schulgruppen-und-betriebe\/#primaryimage"},"image":{"@id":"https:\/\/kaapskil.nl\/de\/besuchen\/schulgruppen-und-betriebe\/#primaryimage"},"thumbnailUrl":"https:\/\/kaapskil.nl\/wp-content\/uploads\/2018\/03\/mb-juttersstuk-2.jpg","datePublished":"2018-03-13T21:12:01+00:00","dateModified":"2026-02-02T09:55:44+00:00","description":"F\u00fcr Schulen und Gruppen gibt es im Museum Kaap Skil viel zu erleben. Das Museum ist ein Schatz voller Geschichten von Insulanern und Seeleuten. Lernen Sie die markanten Figuren in den Programmen und Arrangements kennen.","breadcrumb":{"@id":"https:\/\/kaapskil.nl\/de\/besuchen\/schulgruppen-und-betriebe\/#breadcrumb"},"inLanguage":"de-DE","potentialAction":[{"@type":"ReadAction","target":["https:\/\/kaapskil.nl\/de\/besuchen\/schulgruppen-und-betriebe\/"]}]},{"@type":"ImageObject","inLanguage":"de-DE","@id":"https:\/\/kaapskil.nl\/de\/besuchen\/schulgruppen-und-betriebe\/#primaryimage","url":"https:\/\/kaapskil.nl\/wp-content\/uploads\/2018\/03\/mb-juttersstuk-2.jpg","contentUrl":"https:\/\/kaapskil.nl\/wp-content\/uploads\/2018\/03\/mb-juttersstuk-2.jpg","width":640,"height":360},{"@type":"BreadcrumbList","@id":"https:\/\/kaapskil.nl\/de\/besuchen\/schulgruppen-und-betriebe\/#breadcrumb","itemListElement":[{"@type":"ListItem","position":1,"name":"Home","item":"https:\/\/kaapskil.nl\/de\/"},{"@type":"ListItem","position":2,"name":"Besuchen","item":"https:\/\/kaapskil.nl\/de\/besuchen\/"},{"@type":"ListItem","position":3,"name":"(Schul)Gruppen und Betriebe"}]},{"@type":"WebSite","@id":"https:\/\/kaapskil.nl\/#website","url":"https:\/\/kaapskil.nl\/","name":"Museum Kaap Skil","description":"Stichting Texels Museum","potentialAction":[{"@type":"SearchAction","target":{"@type":"EntryPoint","urlTemplate":"https:\/\/kaapskil.nl\/?s={search_term_string}"},"query-input":{"@type":"PropertyValueSpecification","valueRequired":true,"valueName":"search_term_string"}}],"inLanguage":"de-DE"}]}},"_links":{"self":[{"href":"https:\/\/kaapskil.nl\/de\/wp-json\/wp\/v2\/pages\/522","targetHints":{"allow":["GET"]}}],"collection":[{"href":"https:\/\/kaapskil.nl\/de\/wp-json\/wp\/v2\/pages"}],"about":[{"href":"https:\/\/kaapskil.nl\/de\/wp-json\/wp\/v2\/types\/page"}],"author":[{"embeddable":true,"href":"https:\/\/kaapskil.nl\/de\/wp-json\/wp\/v2\/users\/1"}],"replies":[{"embeddable":true,"href":"https:\/\/kaapskil.nl\/de\/wp-json\/wp\/v2\/comments?post=522"}],"version-history":[{"count":1,"href":"https:\/\/kaapskil.nl\/de\/wp-json\/wp\/v2\/pages\/522\/revisions"}],"predecessor-version":[{"id":14768,"href":"https:\/\/kaapskil.nl\/de\/wp-json\/wp\/v2\/pages\/522\/revisions\/14768"}],"up":[{"embeddable":true,"href":"https:\/\/kaapskil.nl\/de\/wp-json\/wp\/v2\/pages\/408"}],"wp:featuredmedia":[{"embeddable":true,"href":"https:\/\/kaapskil.nl\/de\/wp-json\/wp\/v2\/media\/671"}],"wp:attachment":[{"href":"https:\/\/kaapskil.nl\/de\/wp-json\/wp\/v2\/media?parent=522"}],"wp:term":[{"taxonomy":"category","embeddable":true,"href":"https:\/\/kaapskil.nl\/de\/wp-json\/wp\/v2\/categories?post=522"},{"taxonomy":"post_tag","embeddable":true,"href":"https:\/\/kaapskil.nl\/de\/wp-json\/wp\/v2\/tags?post=522"}],"curies":[{"name":"wp","href":"https:\/\/api.w.org\/{rel}","templated":true}]}}