{"id":554,"date":"2018-03-09T15:10:42","date_gmt":"2018-03-09T15:10:42","guid":{"rendered":"http:\/\/kaapskilnl.web1.prod.raadhuis.com\/?page_id=554"},"modified":"2022-03-01T09:52:21","modified_gmt":"2022-03-01T08:52:21","slug":"strandgutsammler","status":"publish","type":"page","link":"https:\/\/kaapskil.nl\/de\/entdecken\/ausstellungen\/strandgutsammler\/","title":{"rendered":"Strandgutsammler"},"content":{"rendered":"<p><img loading=\"lazy\" decoding=\"async\" class=\"alignright size-full wp-image-811\" src=\"https:\/\/kaapskil.nl\/wp-content\/uploads\/2018\/03\/jutter-met-mand.jpg\" alt=\"\" width=\"640\" height=\"360\" srcset=\"https:\/\/kaapskil.nl\/wp-content\/uploads\/2018\/03\/jutter-met-mand.jpg 640w, https:\/\/kaapskil.nl\/wp-content\/uploads\/2018\/03\/jutter-met-mand-300x169.jpg 300w\" sizes=\"auto, (max-width: 640px) 100vw, 640px\" \/><strong>Windst\u00e4rke 7 oder mehr? Dann bleibt ein Jutter nicht drinnen! Gerade dann geht er an den Strand, um zu schauen, was dort angesp\u00fclt wird. <\/strong><\/p>\n<p>Das Strandgutsammeln sitzt den Insulanern im Blut. Fr\u00fcher, als die Menschen wenig Geld hatten, taten sie es aus einer Notwendigkeit heraus. Das Holz vom Strand war gratis Baumaterial und Brennstoff. Heute sp\u00fclt nicht mehr so viel Holz an. Es gibt aber noch immer alles M\u00f6gliche zu finden! Die Jutterei von Museum Kaap Skil h\u00e4ngt und steht bis zum Dach voll mit Strandfunden. Regelm\u00e4\u00dfig erz\u00e4hlen Jutter von ihren Sammeltouren.<\/p>\n","protected":false},"excerpt":{"rendered":"<p>Windst\u00e4rke 7 oder mehr? Dann bleibt ein Jutter nicht drinnen! Gerade dann geht er an den Strand, um zu schauen, was dort angesp\u00fclt wird. Das Strandgutsammeln sitzt den Insulanern im Blut. Die Jutterei von Museum Kaap Skil h\u00e4ngt und steht bis zum Dach voll mit Strandfunden. <\/p>\n","protected":false},"author":16,"featured_media":4371,"parent":339,"menu_order":2,"comment_status":"closed","ping_status":"closed","template":"page-templates\/museum-highlight.php","meta":{"_acf_changed":false,"footnotes":""},"categories":[],"tags":[66,33,34],"class_list":["post-554","page","type-page","status-publish","has-post-thumbnail","hentry","tag-funde-aus-der-meer","tag-texel-neu-entdeckt","tag-von-reede-zum-fischerdorf"],"acf":[],"yoast_head":"<!-- This site is optimized with the Yoast SEO plugin v27.4 - https:\/\/yoast.com\/product\/yoast-seo-wordpress\/ -->\n<title>Ausstellung &#039;Strandgutsammler&#039;<\/title>\n<meta name=\"description\" content=\"Die Jutterei von Museum Kaap Skil h\u00e4ngt und steht bis unter das Dach voll mit Strandfunden. Regelm\u00e4\u00dfig erz\u00e4hlen die Jutter hier von ihren Streifz\u00fcgen. Das Strandgutsammeln sitzt den Inselbewohnern im Blut.\" \/>\n<meta name=\"robots\" content=\"index, follow, max-snippet:-1, max-image-preview:large, max-video-preview:-1\" \/>\n<link rel=\"canonical\" href=\"https:\/\/kaapskil.nl\/de\/entdecken\/ausstellungen\/strandgutsammler\/\" \/>\n<meta property=\"og:locale\" content=\"de_DE\" \/>\n<meta property=\"og:type\" content=\"article\" \/>\n<meta property=\"og:title\" content=\"Ausstellung &#039;Strandgutsammler&#039;\" \/>\n<meta property=\"og:description\" content=\"Die Jutterei von Museum Kaap Skil h\u00e4ngt und steht bis unter das Dach voll mit Strandfunden. Regelm\u00e4\u00dfig erz\u00e4hlen die Jutter hier von ihren Streifz\u00fcgen. Das Strandgutsammeln sitzt den Inselbewohnern im Blut.\" \/>\n<meta property=\"og:url\" content=\"https:\/\/kaapskil.nl\/de\/entdecken\/ausstellungen\/strandgutsammler\/\" \/>\n<meta property=\"og:site_name\" content=\"Museum Kaap Skil\" \/>\n<meta property=\"article:modified_time\" content=\"2022-03-01T08:52:21+00:00\" \/>\n<meta property=\"og:image\" content=\"https:\/\/kaapskil.nl\/wp-content\/uploads\/2019\/08\/Kaap_Skil_Sfeerbeelden_51_StefanKrofft-2019.jpg\" \/>\n\t<meta property=\"og:image:width\" content=\"1500\" \/>\n\t<meta property=\"og:image:height\" content=\"950\" \/>\n\t<meta property=\"og:image:type\" content=\"image\/jpeg\" \/>\n<meta name=\"twitter:card\" content=\"summary_large_image\" \/>\n<script type=\"application\/ld+json\" class=\"yoast-schema-graph\">{\"@context\":\"https:\\\/\\\/schema.org\",\"@graph\":[{\"@type\":\"WebPage\",\"@id\":\"https:\\\/\\\/kaapskil.nl\\\/de\\\/entdecken\\\/ausstellungen\\\/strandgutsammler\\\/\",\"url\":\"https:\\\/\\\/kaapskil.nl\\\/de\\\/entdecken\\\/ausstellungen\\\/strandgutsammler\\\/\",\"name\":\"Ausstellung 'Strandgutsammler'\",\"isPartOf\":{\"@id\":\"https:\\\/\\\/kaapskil.nl\\\/#website\"},\"primaryImageOfPage\":{\"@id\":\"https:\\\/\\\/kaapskil.nl\\\/de\\\/entdecken\\\/ausstellungen\\\/strandgutsammler\\\/#primaryimage\"},\"image\":{\"@id\":\"https:\\\/\\\/kaapskil.nl\\\/de\\\/entdecken\\\/ausstellungen\\\/strandgutsammler\\\/#primaryimage\"},\"thumbnailUrl\":\"https:\\\/\\\/kaapskil.nl\\\/wp-content\\\/uploads\\\/2019\\\/08\\\/Kaap_Skil_Sfeerbeelden_51_StefanKrofft-2019.jpg\",\"datePublished\":\"2018-03-09T15:10:42+00:00\",\"dateModified\":\"2022-03-01T08:52:21+00:00\",\"description\":\"Die Jutterei von Museum Kaap Skil h\u00e4ngt und steht bis unter das Dach voll mit Strandfunden. Regelm\u00e4\u00dfig erz\u00e4hlen die Jutter hier von ihren Streifz\u00fcgen. Das Strandgutsammeln sitzt den Inselbewohnern im Blut.\",\"breadcrumb\":{\"@id\":\"https:\\\/\\\/kaapskil.nl\\\/de\\\/entdecken\\\/ausstellungen\\\/strandgutsammler\\\/#breadcrumb\"},\"inLanguage\":\"de-DE\",\"potentialAction\":[{\"@type\":\"ReadAction\",\"target\":[\"https:\\\/\\\/kaapskil.nl\\\/de\\\/entdecken\\\/ausstellungen\\\/strandgutsammler\\\/\"]}]},{\"@type\":\"ImageObject\",\"inLanguage\":\"de-DE\",\"@id\":\"https:\\\/\\\/kaapskil.nl\\\/de\\\/entdecken\\\/ausstellungen\\\/strandgutsammler\\\/#primaryimage\",\"url\":\"https:\\\/\\\/kaapskil.nl\\\/wp-content\\\/uploads\\\/2019\\\/08\\\/Kaap_Skil_Sfeerbeelden_51_StefanKrofft-2019.jpg\",\"contentUrl\":\"https:\\\/\\\/kaapskil.nl\\\/wp-content\\\/uploads\\\/2019\\\/08\\\/Kaap_Skil_Sfeerbeelden_51_StefanKrofft-2019.jpg\",\"width\":1500,\"height\":950,\"caption\":\"Sfeerbeelden in museum Kaap Skil\"},{\"@type\":\"BreadcrumbList\",\"@id\":\"https:\\\/\\\/kaapskil.nl\\\/de\\\/entdecken\\\/ausstellungen\\\/strandgutsammler\\\/#breadcrumb\",\"itemListElement\":[{\"@type\":\"ListItem\",\"position\":1,\"name\":\"Home\",\"item\":\"https:\\\/\\\/kaapskil.nl\\\/de\\\/\"},{\"@type\":\"ListItem\",\"position\":2,\"name\":\"Entdecken\",\"item\":\"https:\\\/\\\/kaapskil.nl\\\/de\\\/entdecken\\\/\"},{\"@type\":\"ListItem\",\"position\":3,\"name\":\"Ausstellungen\",\"item\":\"https:\\\/\\\/kaapskil.nl\\\/de\\\/entdecken\\\/ausstellungen\\\/\"},{\"@type\":\"ListItem\",\"position\":4,\"name\":\"Strandgutsammler\"}]},{\"@type\":\"WebSite\",\"@id\":\"https:\\\/\\\/kaapskil.nl\\\/#website\",\"url\":\"https:\\\/\\\/kaapskil.nl\\\/\",\"name\":\"Museum Kaap Skil\",\"description\":\"Stichting Texels Museum\",\"potentialAction\":[{\"@type\":\"SearchAction\",\"target\":{\"@type\":\"EntryPoint\",\"urlTemplate\":\"https:\\\/\\\/kaapskil.nl\\\/?s={search_term_string}\"},\"query-input\":{\"@type\":\"PropertyValueSpecification\",\"valueRequired\":true,\"valueName\":\"search_term_string\"}}],\"inLanguage\":\"de-DE\"}]}<\/script>\n<!-- \/ Yoast SEO plugin. -->","yoast_head_json":{"title":"Ausstellung 'Strandgutsammler'","description":"Die Jutterei von Museum Kaap Skil h\u00e4ngt und steht bis unter das Dach voll mit Strandfunden. Regelm\u00e4\u00dfig erz\u00e4hlen die Jutter hier von ihren Streifz\u00fcgen. Das Strandgutsammeln sitzt den Inselbewohnern im Blut.","robots":{"index":"index","follow":"follow","max-snippet":"max-snippet:-1","max-image-preview":"max-image-preview:large","max-video-preview":"max-video-preview:-1"},"canonical":"https:\/\/kaapskil.nl\/de\/entdecken\/ausstellungen\/strandgutsammler\/","og_locale":"de_DE","og_type":"article","og_title":"Ausstellung 'Strandgutsammler'","og_description":"Die Jutterei von Museum Kaap Skil h\u00e4ngt und steht bis unter das Dach voll mit Strandfunden. Regelm\u00e4\u00dfig erz\u00e4hlen die Jutter hier von ihren Streifz\u00fcgen. Das Strandgutsammeln sitzt den Inselbewohnern im Blut.","og_url":"https:\/\/kaapskil.nl\/de\/entdecken\/ausstellungen\/strandgutsammler\/","og_site_name":"Museum Kaap Skil","article_modified_time":"2022-03-01T08:52:21+00:00","og_image":[{"width":1500,"height":950,"url":"https:\/\/kaapskil.nl\/wp-content\/uploads\/2019\/08\/Kaap_Skil_Sfeerbeelden_51_StefanKrofft-2019.jpg","type":"image\/jpeg"}],"twitter_card":"summary_large_image","schema":{"@context":"https:\/\/schema.org","@graph":[{"@type":"WebPage","@id":"https:\/\/kaapskil.nl\/de\/entdecken\/ausstellungen\/strandgutsammler\/","url":"https:\/\/kaapskil.nl\/de\/entdecken\/ausstellungen\/strandgutsammler\/","name":"Ausstellung 'Strandgutsammler'","isPartOf":{"@id":"https:\/\/kaapskil.nl\/#website"},"primaryImageOfPage":{"@id":"https:\/\/kaapskil.nl\/de\/entdecken\/ausstellungen\/strandgutsammler\/#primaryimage"},"image":{"@id":"https:\/\/kaapskil.nl\/de\/entdecken\/ausstellungen\/strandgutsammler\/#primaryimage"},"thumbnailUrl":"https:\/\/kaapskil.nl\/wp-content\/uploads\/2019\/08\/Kaap_Skil_Sfeerbeelden_51_StefanKrofft-2019.jpg","datePublished":"2018-03-09T15:10:42+00:00","dateModified":"2022-03-01T08:52:21+00:00","description":"Die Jutterei von Museum Kaap Skil h\u00e4ngt und steht bis unter das Dach voll mit Strandfunden. Regelm\u00e4\u00dfig erz\u00e4hlen die Jutter hier von ihren Streifz\u00fcgen. Das Strandgutsammeln sitzt den Inselbewohnern im Blut.","breadcrumb":{"@id":"https:\/\/kaapskil.nl\/de\/entdecken\/ausstellungen\/strandgutsammler\/#breadcrumb"},"inLanguage":"de-DE","potentialAction":[{"@type":"ReadAction","target":["https:\/\/kaapskil.nl\/de\/entdecken\/ausstellungen\/strandgutsammler\/"]}]},{"@type":"ImageObject","inLanguage":"de-DE","@id":"https:\/\/kaapskil.nl\/de\/entdecken\/ausstellungen\/strandgutsammler\/#primaryimage","url":"https:\/\/kaapskil.nl\/wp-content\/uploads\/2019\/08\/Kaap_Skil_Sfeerbeelden_51_StefanKrofft-2019.jpg","contentUrl":"https:\/\/kaapskil.nl\/wp-content\/uploads\/2019\/08\/Kaap_Skil_Sfeerbeelden_51_StefanKrofft-2019.jpg","width":1500,"height":950,"caption":"Sfeerbeelden in museum Kaap Skil"},{"@type":"BreadcrumbList","@id":"https:\/\/kaapskil.nl\/de\/entdecken\/ausstellungen\/strandgutsammler\/#breadcrumb","itemListElement":[{"@type":"ListItem","position":1,"name":"Home","item":"https:\/\/kaapskil.nl\/de\/"},{"@type":"ListItem","position":2,"name":"Entdecken","item":"https:\/\/kaapskil.nl\/de\/entdecken\/"},{"@type":"ListItem","position":3,"name":"Ausstellungen","item":"https:\/\/kaapskil.nl\/de\/entdecken\/ausstellungen\/"},{"@type":"ListItem","position":4,"name":"Strandgutsammler"}]},{"@type":"WebSite","@id":"https:\/\/kaapskil.nl\/#website","url":"https:\/\/kaapskil.nl\/","name":"Museum Kaap Skil","description":"Stichting Texels Museum","potentialAction":[{"@type":"SearchAction","target":{"@type":"EntryPoint","urlTemplate":"https:\/\/kaapskil.nl\/?s={search_term_string}"},"query-input":{"@type":"PropertyValueSpecification","valueRequired":true,"valueName":"search_term_string"}}],"inLanguage":"de-DE"}]}},"_links":{"self":[{"href":"https:\/\/kaapskil.nl\/de\/wp-json\/wp\/v2\/pages\/554","targetHints":{"allow":["GET"]}}],"collection":[{"href":"https:\/\/kaapskil.nl\/de\/wp-json\/wp\/v2\/pages"}],"about":[{"href":"https:\/\/kaapskil.nl\/de\/wp-json\/wp\/v2\/types\/page"}],"author":[{"embeddable":true,"href":"https:\/\/kaapskil.nl\/de\/wp-json\/wp\/v2\/users\/16"}],"replies":[{"embeddable":true,"href":"https:\/\/kaapskil.nl\/de\/wp-json\/wp\/v2\/comments?post=554"}],"version-history":[{"count":0,"href":"https:\/\/kaapskil.nl\/de\/wp-json\/wp\/v2\/pages\/554\/revisions"}],"up":[{"embeddable":true,"href":"https:\/\/kaapskil.nl\/de\/wp-json\/wp\/v2\/pages\/339"}],"wp:featuredmedia":[{"embeddable":true,"href":"https:\/\/kaapskil.nl\/de\/wp-json\/wp\/v2\/media\/4371"}],"wp:attachment":[{"href":"https:\/\/kaapskil.nl\/de\/wp-json\/wp\/v2\/media?parent=554"}],"wp:term":[{"taxonomy":"category","embeddable":true,"href":"https:\/\/kaapskil.nl\/de\/wp-json\/wp\/v2\/categories?post=554"},{"taxonomy":"post_tag","embeddable":true,"href":"https:\/\/kaapskil.nl\/de\/wp-json\/wp\/v2\/tags?post=554"}],"curies":[{"name":"wp","href":"https:\/\/api.w.org\/{rel}","templated":true}]}}