{"id":556,"date":"2018-03-09T15:17:02","date_gmt":"2018-03-09T15:17:02","guid":{"rendered":"http:\/\/kaapskilnl.web1.prod.raadhuis.com\/?page_id=556"},"modified":"2022-03-01T10:06:45","modified_gmt":"2022-03-01T09:06:45","slug":"muehle-de-traanroeier","status":"publish","type":"page","link":"https:\/\/kaapskil.nl\/de\/entdecken\/ausstellungen\/muehle-de-traanroeier\/","title":{"rendered":"M\u00fchle De Traanroeier"},"content":{"rendered":"<p><strong><img loading=\"lazy\" decoding=\"async\" class=\"alignright size-full wp-image-5841\" src=\"https:\/\/kaapskil.nl\/wp-content\/uploads\/2020\/05\/Molenaar-Kaap-Skil-Mike-Bink-2016-06.jpg\" alt=\"\" width=\"640\" height=\"400\" srcset=\"https:\/\/kaapskil.nl\/wp-content\/uploads\/2020\/05\/Molenaar-Kaap-Skil-Mike-Bink-2016-06.jpg 640w, https:\/\/kaapskil.nl\/wp-content\/uploads\/2020\/05\/Molenaar-Kaap-Skil-Mike-Bink-2016-06-300x188.jpg 300w, https:\/\/kaapskil.nl\/wp-content\/uploads\/2020\/05\/Molenaar-Kaap-Skil-Mike-Bink-2016-06-100x63.jpg 100w\" sizes=\"auto, (max-width: 640px) 100vw, 640px\" \/>Auf dem Museumsgel\u00e4nde steht eine noch funktionsf\u00e4hige Getreidem\u00fchle. Das Denkmal stammt aus 1727.<\/strong><\/p>\n<p>Nachdem sie fast zwei Jahrhunderte in Zaandam ihren Dienst verrichtet hatte, wurde die M\u00fchle 1902 nach Texel gebracht. Ihren Namen verdankt sie ihrer Zeit in Zaandam, als sie am Traanroeyersloot stand.<\/p>\n<p>Die M\u00fchle ist bis zur zweiten Etage, S\u00f6ller im M\u00fcllerjargon, f\u00fcr Besucher des Museums zug\u00e4nglich. Wenn die M\u00fcller anwesend sind, kann auch die dritte Etage, der Steinboden, besucht werden. Hier drehen sich die enormen Zahnr\u00e4der, die von den Fl\u00fcgeln angetrieben werden. Ab Windst\u00e4rke 5 kann Getreide gemahlen werden. Auch das hochziehen der Weizens\u00e4cke geschieht mit Windkraft. Ein beeindruckendes Schauspiel! Die M\u00fcller sind Mittwochs- und Donnerstagsnachmittags in De Traanroeier bei der Arbeit. Mehr Informationen \u00fcber De Traanroeier und dar\u00fcber, wie man Spender f\u00fcr die M\u00fchle werden kann, sind auf <a href=\"http:\/\/www.traanroeier.nl\" target=\"_blank\" rel=\"noopener noreferrer\">www.traanroeier.nl<\/a> zu finden.<\/p>\n","protected":false},"excerpt":{"rendered":"<p>Auf dem Museumsgel\u00e4nde steht eine noch funktionsf\u00e4hige Getreidem\u00fchle. Das Denkmal stammt aus 1727. Die M\u00fchle ist bis zur zweiten Etage, S\u00f6ller im M\u00fcllerjargon, f\u00fcr Besucher des Museums zug\u00e4nglich. Wenn die M\u00fcller anwesend sind, kann auch die dritte Etage, der Steinboden, besucht werden. <\/p>\n","protected":false},"author":16,"featured_media":5841,"parent":339,"menu_order":70,"comment_status":"closed","ping_status":"closed","template":"page-templates\/museum-highlight.php","meta":{"_acf_changed":false,"footnotes":""},"categories":[],"tags":[33,34],"class_list":["post-556","page","type-page","status-publish","has-post-thumbnail","hentry","tag-texel-neu-entdeckt","tag-von-reede-zum-fischerdorf"],"acf":[],"yoast_head":"<!-- This site is optimized with the Yoast SEO plugin v27.3 - https:\/\/yoast.com\/product\/yoast-seo-wordpress\/ -->\n<title>Molen De Traanroeier<\/title>\n<meta name=\"description\" content=\"Auf dem Museumsgel\u00e4nde steht eine noch funktionsf\u00e4hige Getreidem\u00fchle. Das Denkmal stammt aus 1727. Die M\u00fcller sind Mittwochs- und Donnerstagsnachmittags in De Traanroeier bei der Arbeit.\" \/>\n<meta name=\"robots\" content=\"index, follow, max-snippet:-1, max-image-preview:large, max-video-preview:-1\" \/>\n<link rel=\"canonical\" href=\"https:\/\/kaapskil.nl\/de\/entdecken\/ausstellungen\/muehle-de-traanroeier\/\" \/>\n<meta property=\"og:locale\" content=\"de_DE\" \/>\n<meta property=\"og:type\" content=\"article\" \/>\n<meta property=\"og:title\" content=\"Molen De Traanroeier\" \/>\n<meta property=\"og:description\" content=\"Auf dem Museumsgel\u00e4nde steht eine noch funktionsf\u00e4hige Getreidem\u00fchle. Das Denkmal stammt aus 1727. Die M\u00fcller sind Mittwochs- und Donnerstagsnachmittags in De Traanroeier bei der Arbeit.\" \/>\n<meta property=\"og:url\" content=\"https:\/\/kaapskil.nl\/de\/entdecken\/ausstellungen\/muehle-de-traanroeier\/\" \/>\n<meta property=\"og:site_name\" content=\"Museum Kaap Skil\" \/>\n<meta property=\"article:modified_time\" content=\"2022-03-01T09:06:45+00:00\" \/>\n<meta property=\"og:image\" content=\"https:\/\/kaapskil.nl\/wp-content\/uploads\/2020\/05\/Molenaar-Kaap-Skil-Mike-Bink-2016-06.jpg\" \/>\n\t<meta property=\"og:image:width\" content=\"640\" \/>\n\t<meta property=\"og:image:height\" content=\"400\" \/>\n\t<meta property=\"og:image:type\" content=\"image\/jpeg\" \/>\n<meta name=\"twitter:card\" content=\"summary_large_image\" \/>\n<meta name=\"twitter:label1\" content=\"Est. reading time\" \/>\n\t<meta name=\"twitter:data1\" content=\"1 minute\" \/>\n<script type=\"application\/ld+json\" class=\"yoast-schema-graph\">{\"@context\":\"https:\\\/\\\/schema.org\",\"@graph\":[{\"@type\":\"WebPage\",\"@id\":\"https:\\\/\\\/kaapskil.nl\\\/de\\\/entdecken\\\/ausstellungen\\\/muehle-de-traanroeier\\\/\",\"url\":\"https:\\\/\\\/kaapskil.nl\\\/de\\\/entdecken\\\/ausstellungen\\\/muehle-de-traanroeier\\\/\",\"name\":\"Molen De Traanroeier\",\"isPartOf\":{\"@id\":\"https:\\\/\\\/kaapskil.nl\\\/#website\"},\"primaryImageOfPage\":{\"@id\":\"https:\\\/\\\/kaapskil.nl\\\/de\\\/entdecken\\\/ausstellungen\\\/muehle-de-traanroeier\\\/#primaryimage\"},\"image\":{\"@id\":\"https:\\\/\\\/kaapskil.nl\\\/de\\\/entdecken\\\/ausstellungen\\\/muehle-de-traanroeier\\\/#primaryimage\"},\"thumbnailUrl\":\"https:\\\/\\\/kaapskil.nl\\\/wp-content\\\/uploads\\\/2020\\\/05\\\/Molenaar-Kaap-Skil-Mike-Bink-2016-06.jpg\",\"datePublished\":\"2018-03-09T15:17:02+00:00\",\"dateModified\":\"2022-03-01T09:06:45+00:00\",\"description\":\"Auf dem Museumsgel\u00e4nde steht eine noch funktionsf\u00e4hige Getreidem\u00fchle. Das Denkmal stammt aus 1727. Die M\u00fcller sind Mittwochs- und Donnerstagsnachmittags in De Traanroeier bei der Arbeit.\",\"breadcrumb\":{\"@id\":\"https:\\\/\\\/kaapskil.nl\\\/de\\\/entdecken\\\/ausstellungen\\\/muehle-de-traanroeier\\\/#breadcrumb\"},\"inLanguage\":\"de-DE\",\"potentialAction\":[{\"@type\":\"ReadAction\",\"target\":[\"https:\\\/\\\/kaapskil.nl\\\/de\\\/entdecken\\\/ausstellungen\\\/muehle-de-traanroeier\\\/\"]}]},{\"@type\":\"ImageObject\",\"inLanguage\":\"de-DE\",\"@id\":\"https:\\\/\\\/kaapskil.nl\\\/de\\\/entdecken\\\/ausstellungen\\\/muehle-de-traanroeier\\\/#primaryimage\",\"url\":\"https:\\\/\\\/kaapskil.nl\\\/wp-content\\\/uploads\\\/2020\\\/05\\\/Molenaar-Kaap-Skil-Mike-Bink-2016-06.jpg\",\"contentUrl\":\"https:\\\/\\\/kaapskil.nl\\\/wp-content\\\/uploads\\\/2020\\\/05\\\/Molenaar-Kaap-Skil-Mike-Bink-2016-06.jpg\",\"width\":640,\"height\":400},{\"@type\":\"BreadcrumbList\",\"@id\":\"https:\\\/\\\/kaapskil.nl\\\/de\\\/entdecken\\\/ausstellungen\\\/muehle-de-traanroeier\\\/#breadcrumb\",\"itemListElement\":[{\"@type\":\"ListItem\",\"position\":1,\"name\":\"Home\",\"item\":\"https:\\\/\\\/kaapskil.nl\\\/de\\\/\"},{\"@type\":\"ListItem\",\"position\":2,\"name\":\"Entdecken\",\"item\":\"https:\\\/\\\/kaapskil.nl\\\/de\\\/entdecken\\\/\"},{\"@type\":\"ListItem\",\"position\":3,\"name\":\"Ausstellungen\",\"item\":\"https:\\\/\\\/kaapskil.nl\\\/de\\\/entdecken\\\/ausstellungen\\\/\"},{\"@type\":\"ListItem\",\"position\":4,\"name\":\"M\u00fchle De Traanroeier\"}]},{\"@type\":\"WebSite\",\"@id\":\"https:\\\/\\\/kaapskil.nl\\\/#website\",\"url\":\"https:\\\/\\\/kaapskil.nl\\\/\",\"name\":\"Museum Kaap Skil\",\"description\":\"Stichting Texels Museum\",\"potentialAction\":[{\"@type\":\"SearchAction\",\"target\":{\"@type\":\"EntryPoint\",\"urlTemplate\":\"https:\\\/\\\/kaapskil.nl\\\/?s={search_term_string}\"},\"query-input\":{\"@type\":\"PropertyValueSpecification\",\"valueRequired\":true,\"valueName\":\"search_term_string\"}}],\"inLanguage\":\"de-DE\"}]}<\/script>\n<!-- \/ Yoast SEO plugin. -->","yoast_head_json":{"title":"Molen De Traanroeier","description":"Auf dem Museumsgel\u00e4nde steht eine noch funktionsf\u00e4hige Getreidem\u00fchle. Das Denkmal stammt aus 1727. Die M\u00fcller sind Mittwochs- und Donnerstagsnachmittags in De Traanroeier bei der Arbeit.","robots":{"index":"index","follow":"follow","max-snippet":"max-snippet:-1","max-image-preview":"max-image-preview:large","max-video-preview":"max-video-preview:-1"},"canonical":"https:\/\/kaapskil.nl\/de\/entdecken\/ausstellungen\/muehle-de-traanroeier\/","og_locale":"de_DE","og_type":"article","og_title":"Molen De Traanroeier","og_description":"Auf dem Museumsgel\u00e4nde steht eine noch funktionsf\u00e4hige Getreidem\u00fchle. Das Denkmal stammt aus 1727. Die M\u00fcller sind Mittwochs- und Donnerstagsnachmittags in De Traanroeier bei der Arbeit.","og_url":"https:\/\/kaapskil.nl\/de\/entdecken\/ausstellungen\/muehle-de-traanroeier\/","og_site_name":"Museum Kaap Skil","article_modified_time":"2022-03-01T09:06:45+00:00","og_image":[{"width":640,"height":400,"url":"https:\/\/kaapskil.nl\/wp-content\/uploads\/2020\/05\/Molenaar-Kaap-Skil-Mike-Bink-2016-06.jpg","type":"image\/jpeg"}],"twitter_card":"summary_large_image","twitter_misc":{"Est. reading time":"1 minute"},"schema":{"@context":"https:\/\/schema.org","@graph":[{"@type":"WebPage","@id":"https:\/\/kaapskil.nl\/de\/entdecken\/ausstellungen\/muehle-de-traanroeier\/","url":"https:\/\/kaapskil.nl\/de\/entdecken\/ausstellungen\/muehle-de-traanroeier\/","name":"Molen De Traanroeier","isPartOf":{"@id":"https:\/\/kaapskil.nl\/#website"},"primaryImageOfPage":{"@id":"https:\/\/kaapskil.nl\/de\/entdecken\/ausstellungen\/muehle-de-traanroeier\/#primaryimage"},"image":{"@id":"https:\/\/kaapskil.nl\/de\/entdecken\/ausstellungen\/muehle-de-traanroeier\/#primaryimage"},"thumbnailUrl":"https:\/\/kaapskil.nl\/wp-content\/uploads\/2020\/05\/Molenaar-Kaap-Skil-Mike-Bink-2016-06.jpg","datePublished":"2018-03-09T15:17:02+00:00","dateModified":"2022-03-01T09:06:45+00:00","description":"Auf dem Museumsgel\u00e4nde steht eine noch funktionsf\u00e4hige Getreidem\u00fchle. Das Denkmal stammt aus 1727. Die M\u00fcller sind Mittwochs- und Donnerstagsnachmittags in De Traanroeier bei der Arbeit.","breadcrumb":{"@id":"https:\/\/kaapskil.nl\/de\/entdecken\/ausstellungen\/muehle-de-traanroeier\/#breadcrumb"},"inLanguage":"de-DE","potentialAction":[{"@type":"ReadAction","target":["https:\/\/kaapskil.nl\/de\/entdecken\/ausstellungen\/muehle-de-traanroeier\/"]}]},{"@type":"ImageObject","inLanguage":"de-DE","@id":"https:\/\/kaapskil.nl\/de\/entdecken\/ausstellungen\/muehle-de-traanroeier\/#primaryimage","url":"https:\/\/kaapskil.nl\/wp-content\/uploads\/2020\/05\/Molenaar-Kaap-Skil-Mike-Bink-2016-06.jpg","contentUrl":"https:\/\/kaapskil.nl\/wp-content\/uploads\/2020\/05\/Molenaar-Kaap-Skil-Mike-Bink-2016-06.jpg","width":640,"height":400},{"@type":"BreadcrumbList","@id":"https:\/\/kaapskil.nl\/de\/entdecken\/ausstellungen\/muehle-de-traanroeier\/#breadcrumb","itemListElement":[{"@type":"ListItem","position":1,"name":"Home","item":"https:\/\/kaapskil.nl\/de\/"},{"@type":"ListItem","position":2,"name":"Entdecken","item":"https:\/\/kaapskil.nl\/de\/entdecken\/"},{"@type":"ListItem","position":3,"name":"Ausstellungen","item":"https:\/\/kaapskil.nl\/de\/entdecken\/ausstellungen\/"},{"@type":"ListItem","position":4,"name":"M\u00fchle De Traanroeier"}]},{"@type":"WebSite","@id":"https:\/\/kaapskil.nl\/#website","url":"https:\/\/kaapskil.nl\/","name":"Museum Kaap Skil","description":"Stichting Texels Museum","potentialAction":[{"@type":"SearchAction","target":{"@type":"EntryPoint","urlTemplate":"https:\/\/kaapskil.nl\/?s={search_term_string}"},"query-input":{"@type":"PropertyValueSpecification","valueRequired":true,"valueName":"search_term_string"}}],"inLanguage":"de-DE"}]}},"_links":{"self":[{"href":"https:\/\/kaapskil.nl\/de\/wp-json\/wp\/v2\/pages\/556","targetHints":{"allow":["GET"]}}],"collection":[{"href":"https:\/\/kaapskil.nl\/de\/wp-json\/wp\/v2\/pages"}],"about":[{"href":"https:\/\/kaapskil.nl\/de\/wp-json\/wp\/v2\/types\/page"}],"author":[{"embeddable":true,"href":"https:\/\/kaapskil.nl\/de\/wp-json\/wp\/v2\/users\/16"}],"replies":[{"embeddable":true,"href":"https:\/\/kaapskil.nl\/de\/wp-json\/wp\/v2\/comments?post=556"}],"version-history":[{"count":0,"href":"https:\/\/kaapskil.nl\/de\/wp-json\/wp\/v2\/pages\/556\/revisions"}],"up":[{"embeddable":true,"href":"https:\/\/kaapskil.nl\/de\/wp-json\/wp\/v2\/pages\/339"}],"wp:featuredmedia":[{"embeddable":true,"href":"https:\/\/kaapskil.nl\/de\/wp-json\/wp\/v2\/media\/5841"}],"wp:attachment":[{"href":"https:\/\/kaapskil.nl\/de\/wp-json\/wp\/v2\/media?parent=556"}],"wp:term":[{"taxonomy":"category","embeddable":true,"href":"https:\/\/kaapskil.nl\/de\/wp-json\/wp\/v2\/categories?post=556"},{"taxonomy":"post_tag","embeddable":true,"href":"https:\/\/kaapskil.nl\/de\/wp-json\/wp\/v2\/tags?post=556"}],"curies":[{"name":"wp","href":"https:\/\/api.w.org\/{rel}","templated":true}]}}