{"id":560,"date":"2018-03-14T08:42:41","date_gmt":"2018-03-14T08:42:41","guid":{"rendered":"http:\/\/kaapskilnl.web1.prod.raadhuis.com\/?page_id=560"},"modified":"2022-05-09T11:44:37","modified_gmt":"2022-05-09T09:44:37","slug":"fischerhaeuschen","status":"publish","type":"page","link":"https:\/\/kaapskil.nl\/de\/entdecken\/ausstellungen\/fischerhaeuschen\/","title":{"rendered":"Fischerh\u00e4uschen"},"content":{"rendered":"<p><img loading=\"lazy\" decoding=\"async\" class=\"alignright wp-image-4313\" src=\"https:\/\/kaapskil.nl\/wp-content\/uploads\/2019\/08\/Kaap_Skil_Sfeerbeelden_18_StefanKrofft-2019.jpg\" alt=\"Vissershuisjes en winkeltje bij Museum Kaap Skil\" width=\"650\" height=\"412\" srcset=\"https:\/\/kaapskil.nl\/wp-content\/uploads\/2019\/08\/Kaap_Skil_Sfeerbeelden_18_StefanKrofft-2019.jpg 1500w, https:\/\/kaapskil.nl\/wp-content\/uploads\/2019\/08\/Kaap_Skil_Sfeerbeelden_18_StefanKrofft-2019-300x190.jpg 300w, https:\/\/kaapskil.nl\/wp-content\/uploads\/2019\/08\/Kaap_Skil_Sfeerbeelden_18_StefanKrofft-2019-768x486.jpg 768w, https:\/\/kaapskil.nl\/wp-content\/uploads\/2019\/08\/Kaap_Skil_Sfeerbeelden_18_StefanKrofft-2019-1024x649.jpg 1024w, https:\/\/kaapskil.nl\/wp-content\/uploads\/2019\/08\/Kaap_Skil_Sfeerbeelden_18_StefanKrofft-2019-100x63.jpg 100w\" sizes=\"auto, (max-width: 650px) 100vw, 650px\" \/><\/p>\n<p><strong>Auf dem Au\u00dfengel\u00e4nde von Museum Kaap Skil wurde eine Stra\u00dfe von Oudeschild aus der ersten H\u00e4lfte des 20. Jahrhunderts nachgebaut. In den kleinen Fischerh\u00e4uschen, der Schmiede und dem kleinen Laden hat die Zeit stillgestanden. <\/strong><\/p>\n<p>Das Wasser kam aus der Pumpe, Unterhaltung \u00fcber das Radio, die W\u00e4sche trocknete beim Ofen und sogar in der K\u00fcche war eine Bettstelle. Mit einem derartig begrenzten Raum f\u00fcr eine ganze Familie musste man schon einfallsreich sein. Ein Besuch der H\u00e4uschen ist ein Fest des Erkennens. Was hat sich in nicht einmal hundert Jahren viel ver\u00e4ndert!<\/p>\n","protected":false},"excerpt":{"rendered":"<p>Auf dem Au\u00dfengel\u00e4nde von Museum Kaap Skil wurde eine Stra\u00dfe von Oudeschild aus der ersten H\u00e4lfte des 20. Jahrhunderts nachgebaut. In den kleinen Fischerh\u00e4uschen, der Schmiede und dem Laden hat die Zeit stillgestanden.<\/p>\n","protected":false},"author":1,"featured_media":4395,"parent":339,"menu_order":3,"comment_status":"closed","ping_status":"closed","template":"page-templates\/museum-highlight.php","meta":{"_acf_changed":false,"footnotes":""},"categories":[],"tags":[33,34],"class_list":["post-560","page","type-page","status-publish","has-post-thumbnail","hentry","tag-texel-neu-entdeckt","tag-von-reede-zum-fischerdorf"],"acf":[],"yoast_head":"<!-- This site is optimized with the Yoast SEO plugin v27.4 - https:\/\/yoast.com\/product\/yoast-seo-wordpress\/ -->\n<title>Vissershuisjes<\/title>\n<meta name=\"description\" content=\"Auf dem Au\u00dfengel\u00e4nde von Museum Kaap Skil wurde eine Stra\u00dfe von Oudeschild aus der ersten H\u00e4lfte des 20. Jahrhunderts nachgebaut. In den kleinen Fischerh\u00e4uschen, der Schmiede und dem Laden hat die Zeit stillgestanden.\" \/>\n<meta name=\"robots\" content=\"index, follow, max-snippet:-1, max-image-preview:large, max-video-preview:-1\" \/>\n<link rel=\"canonical\" href=\"https:\/\/kaapskil.nl\/de\/entdecken\/ausstellungen\/fischerhaeuschen\/\" \/>\n<meta property=\"og:locale\" content=\"de_DE\" \/>\n<meta property=\"og:type\" content=\"article\" \/>\n<meta property=\"og:title\" content=\"Vissershuisjes\" \/>\n<meta property=\"og:description\" content=\"Auf dem Au\u00dfengel\u00e4nde von Museum Kaap Skil wurde eine Stra\u00dfe von Oudeschild aus der ersten H\u00e4lfte des 20. Jahrhunderts nachgebaut. In den kleinen Fischerh\u00e4uschen, der Schmiede und dem Laden hat die Zeit stillgestanden.\" \/>\n<meta property=\"og:url\" content=\"https:\/\/kaapskil.nl\/de\/entdecken\/ausstellungen\/fischerhaeuschen\/\" \/>\n<meta property=\"og:site_name\" content=\"Museum Kaap Skil\" \/>\n<meta property=\"article:modified_time\" content=\"2022-05-09T09:44:37+00:00\" \/>\n<meta property=\"og:image\" content=\"https:\/\/kaapskil.nl\/wp-content\/uploads\/2019\/08\/Kaap_Skil_Sfeerbeelden_22_StefanKrofft-2019.jpg\" \/>\n\t<meta property=\"og:image:width\" content=\"1500\" \/>\n\t<meta property=\"og:image:height\" content=\"950\" \/>\n\t<meta property=\"og:image:type\" content=\"image\/jpeg\" \/>\n<meta name=\"twitter:card\" content=\"summary_large_image\" \/>\n<meta name=\"twitter:label1\" content=\"Est. reading time\" \/>\n\t<meta name=\"twitter:data1\" content=\"1 minute\" \/>\n<script type=\"application\/ld+json\" class=\"yoast-schema-graph\">{\"@context\":\"https:\\\/\\\/schema.org\",\"@graph\":[{\"@type\":\"WebPage\",\"@id\":\"https:\\\/\\\/kaapskil.nl\\\/de\\\/entdecken\\\/ausstellungen\\\/fischerhaeuschen\\\/\",\"url\":\"https:\\\/\\\/kaapskil.nl\\\/de\\\/entdecken\\\/ausstellungen\\\/fischerhaeuschen\\\/\",\"name\":\"Vissershuisjes\",\"isPartOf\":{\"@id\":\"https:\\\/\\\/kaapskil.nl\\\/#website\"},\"primaryImageOfPage\":{\"@id\":\"https:\\\/\\\/kaapskil.nl\\\/de\\\/entdecken\\\/ausstellungen\\\/fischerhaeuschen\\\/#primaryimage\"},\"image\":{\"@id\":\"https:\\\/\\\/kaapskil.nl\\\/de\\\/entdecken\\\/ausstellungen\\\/fischerhaeuschen\\\/#primaryimage\"},\"thumbnailUrl\":\"https:\\\/\\\/kaapskil.nl\\\/wp-content\\\/uploads\\\/2019\\\/08\\\/Kaap_Skil_Sfeerbeelden_22_StefanKrofft-2019.jpg\",\"datePublished\":\"2018-03-14T08:42:41+00:00\",\"dateModified\":\"2022-05-09T09:44:37+00:00\",\"description\":\"Auf dem Au\u00dfengel\u00e4nde von Museum Kaap Skil wurde eine Stra\u00dfe von Oudeschild aus der ersten H\u00e4lfte des 20. Jahrhunderts nachgebaut. In den kleinen Fischerh\u00e4uschen, der Schmiede und dem Laden hat die Zeit stillgestanden.\",\"breadcrumb\":{\"@id\":\"https:\\\/\\\/kaapskil.nl\\\/de\\\/entdecken\\\/ausstellungen\\\/fischerhaeuschen\\\/#breadcrumb\"},\"inLanguage\":\"de-DE\",\"potentialAction\":[{\"@type\":\"ReadAction\",\"target\":[\"https:\\\/\\\/kaapskil.nl\\\/de\\\/entdecken\\\/ausstellungen\\\/fischerhaeuschen\\\/\"]}]},{\"@type\":\"ImageObject\",\"inLanguage\":\"de-DE\",\"@id\":\"https:\\\/\\\/kaapskil.nl\\\/de\\\/entdecken\\\/ausstellungen\\\/fischerhaeuschen\\\/#primaryimage\",\"url\":\"https:\\\/\\\/kaapskil.nl\\\/wp-content\\\/uploads\\\/2019\\\/08\\\/Kaap_Skil_Sfeerbeelden_22_StefanKrofft-2019.jpg\",\"contentUrl\":\"https:\\\/\\\/kaapskil.nl\\\/wp-content\\\/uploads\\\/2019\\\/08\\\/Kaap_Skil_Sfeerbeelden_22_StefanKrofft-2019.jpg\",\"width\":1500,\"height\":950,\"caption\":\"Sfeerbeelden in museum Kaap Skil\"},{\"@type\":\"BreadcrumbList\",\"@id\":\"https:\\\/\\\/kaapskil.nl\\\/de\\\/entdecken\\\/ausstellungen\\\/fischerhaeuschen\\\/#breadcrumb\",\"itemListElement\":[{\"@type\":\"ListItem\",\"position\":1,\"name\":\"Home\",\"item\":\"https:\\\/\\\/kaapskil.nl\\\/de\\\/\"},{\"@type\":\"ListItem\",\"position\":2,\"name\":\"Entdecken\",\"item\":\"https:\\\/\\\/kaapskil.nl\\\/de\\\/entdecken\\\/\"},{\"@type\":\"ListItem\",\"position\":3,\"name\":\"Ausstellungen\",\"item\":\"https:\\\/\\\/kaapskil.nl\\\/de\\\/entdecken\\\/ausstellungen\\\/\"},{\"@type\":\"ListItem\",\"position\":4,\"name\":\"Fischerh\u00e4uschen\"}]},{\"@type\":\"WebSite\",\"@id\":\"https:\\\/\\\/kaapskil.nl\\\/#website\",\"url\":\"https:\\\/\\\/kaapskil.nl\\\/\",\"name\":\"Museum Kaap Skil\",\"description\":\"Stichting Texels Museum\",\"potentialAction\":[{\"@type\":\"SearchAction\",\"target\":{\"@type\":\"EntryPoint\",\"urlTemplate\":\"https:\\\/\\\/kaapskil.nl\\\/?s={search_term_string}\"},\"query-input\":{\"@type\":\"PropertyValueSpecification\",\"valueRequired\":true,\"valueName\":\"search_term_string\"}}],\"inLanguage\":\"de-DE\"}]}<\/script>\n<!-- \/ Yoast SEO plugin. -->","yoast_head_json":{"title":"Vissershuisjes","description":"Auf dem Au\u00dfengel\u00e4nde von Museum Kaap Skil wurde eine Stra\u00dfe von Oudeschild aus der ersten H\u00e4lfte des 20. Jahrhunderts nachgebaut. In den kleinen Fischerh\u00e4uschen, der Schmiede und dem Laden hat die Zeit stillgestanden.","robots":{"index":"index","follow":"follow","max-snippet":"max-snippet:-1","max-image-preview":"max-image-preview:large","max-video-preview":"max-video-preview:-1"},"canonical":"https:\/\/kaapskil.nl\/de\/entdecken\/ausstellungen\/fischerhaeuschen\/","og_locale":"de_DE","og_type":"article","og_title":"Vissershuisjes","og_description":"Auf dem Au\u00dfengel\u00e4nde von Museum Kaap Skil wurde eine Stra\u00dfe von Oudeschild aus der ersten H\u00e4lfte des 20. Jahrhunderts nachgebaut. In den kleinen Fischerh\u00e4uschen, der Schmiede und dem Laden hat die Zeit stillgestanden.","og_url":"https:\/\/kaapskil.nl\/de\/entdecken\/ausstellungen\/fischerhaeuschen\/","og_site_name":"Museum Kaap Skil","article_modified_time":"2022-05-09T09:44:37+00:00","og_image":[{"width":1500,"height":950,"url":"https:\/\/kaapskil.nl\/wp-content\/uploads\/2019\/08\/Kaap_Skil_Sfeerbeelden_22_StefanKrofft-2019.jpg","type":"image\/jpeg"}],"twitter_card":"summary_large_image","twitter_misc":{"Est. reading time":"1 minute"},"schema":{"@context":"https:\/\/schema.org","@graph":[{"@type":"WebPage","@id":"https:\/\/kaapskil.nl\/de\/entdecken\/ausstellungen\/fischerhaeuschen\/","url":"https:\/\/kaapskil.nl\/de\/entdecken\/ausstellungen\/fischerhaeuschen\/","name":"Vissershuisjes","isPartOf":{"@id":"https:\/\/kaapskil.nl\/#website"},"primaryImageOfPage":{"@id":"https:\/\/kaapskil.nl\/de\/entdecken\/ausstellungen\/fischerhaeuschen\/#primaryimage"},"image":{"@id":"https:\/\/kaapskil.nl\/de\/entdecken\/ausstellungen\/fischerhaeuschen\/#primaryimage"},"thumbnailUrl":"https:\/\/kaapskil.nl\/wp-content\/uploads\/2019\/08\/Kaap_Skil_Sfeerbeelden_22_StefanKrofft-2019.jpg","datePublished":"2018-03-14T08:42:41+00:00","dateModified":"2022-05-09T09:44:37+00:00","description":"Auf dem Au\u00dfengel\u00e4nde von Museum Kaap Skil wurde eine Stra\u00dfe von Oudeschild aus der ersten H\u00e4lfte des 20. Jahrhunderts nachgebaut. In den kleinen Fischerh\u00e4uschen, der Schmiede und dem Laden hat die Zeit stillgestanden.","breadcrumb":{"@id":"https:\/\/kaapskil.nl\/de\/entdecken\/ausstellungen\/fischerhaeuschen\/#breadcrumb"},"inLanguage":"de-DE","potentialAction":[{"@type":"ReadAction","target":["https:\/\/kaapskil.nl\/de\/entdecken\/ausstellungen\/fischerhaeuschen\/"]}]},{"@type":"ImageObject","inLanguage":"de-DE","@id":"https:\/\/kaapskil.nl\/de\/entdecken\/ausstellungen\/fischerhaeuschen\/#primaryimage","url":"https:\/\/kaapskil.nl\/wp-content\/uploads\/2019\/08\/Kaap_Skil_Sfeerbeelden_22_StefanKrofft-2019.jpg","contentUrl":"https:\/\/kaapskil.nl\/wp-content\/uploads\/2019\/08\/Kaap_Skil_Sfeerbeelden_22_StefanKrofft-2019.jpg","width":1500,"height":950,"caption":"Sfeerbeelden in museum Kaap Skil"},{"@type":"BreadcrumbList","@id":"https:\/\/kaapskil.nl\/de\/entdecken\/ausstellungen\/fischerhaeuschen\/#breadcrumb","itemListElement":[{"@type":"ListItem","position":1,"name":"Home","item":"https:\/\/kaapskil.nl\/de\/"},{"@type":"ListItem","position":2,"name":"Entdecken","item":"https:\/\/kaapskil.nl\/de\/entdecken\/"},{"@type":"ListItem","position":3,"name":"Ausstellungen","item":"https:\/\/kaapskil.nl\/de\/entdecken\/ausstellungen\/"},{"@type":"ListItem","position":4,"name":"Fischerh\u00e4uschen"}]},{"@type":"WebSite","@id":"https:\/\/kaapskil.nl\/#website","url":"https:\/\/kaapskil.nl\/","name":"Museum Kaap Skil","description":"Stichting Texels Museum","potentialAction":[{"@type":"SearchAction","target":{"@type":"EntryPoint","urlTemplate":"https:\/\/kaapskil.nl\/?s={search_term_string}"},"query-input":{"@type":"PropertyValueSpecification","valueRequired":true,"valueName":"search_term_string"}}],"inLanguage":"de-DE"}]}},"_links":{"self":[{"href":"https:\/\/kaapskil.nl\/de\/wp-json\/wp\/v2\/pages\/560","targetHints":{"allow":["GET"]}}],"collection":[{"href":"https:\/\/kaapskil.nl\/de\/wp-json\/wp\/v2\/pages"}],"about":[{"href":"https:\/\/kaapskil.nl\/de\/wp-json\/wp\/v2\/types\/page"}],"author":[{"embeddable":true,"href":"https:\/\/kaapskil.nl\/de\/wp-json\/wp\/v2\/users\/1"}],"replies":[{"embeddable":true,"href":"https:\/\/kaapskil.nl\/de\/wp-json\/wp\/v2\/comments?post=560"}],"version-history":[{"count":0,"href":"https:\/\/kaapskil.nl\/de\/wp-json\/wp\/v2\/pages\/560\/revisions"}],"up":[{"embeddable":true,"href":"https:\/\/kaapskil.nl\/de\/wp-json\/wp\/v2\/pages\/339"}],"wp:featuredmedia":[{"embeddable":true,"href":"https:\/\/kaapskil.nl\/de\/wp-json\/wp\/v2\/media\/4395"}],"wp:attachment":[{"href":"https:\/\/kaapskil.nl\/de\/wp-json\/wp\/v2\/media?parent=560"}],"wp:term":[{"taxonomy":"category","embeddable":true,"href":"https:\/\/kaapskil.nl\/de\/wp-json\/wp\/v2\/categories?post=560"},{"taxonomy":"post_tag","embeddable":true,"href":"https:\/\/kaapskil.nl\/de\/wp-json\/wp\/v2\/tags?post=560"}],"curies":[{"name":"wp","href":"https:\/\/api.w.org\/{rel}","templated":true}]}}