{"id":568,"date":"2018-03-14T09:19:57","date_gmt":"2018-03-14T09:19:57","guid":{"rendered":"http:\/\/kaapskilnl.web1.prod.raadhuis.com\/?page_id=568"},"modified":"2024-11-29T12:30:20","modified_gmt":"2024-11-29T11:30:20","slug":"erreichbarkeit-und-zuganglichkeit","status":"publish","type":"page","link":"https:\/\/kaapskil.nl\/de\/besuchen\/erreichbarkeit-und-zuganglichkeit\/","title":{"rendered":"Erreichbarkeit und Zug\u00e4nglichkeit"},"content":{"rendered":"<h2>Adresse<\/h2>\n<p>Heemskerckstraat 9<br \/>\n1792 AA Oudeschild, Texel<br \/>\nt. +31 222 314 956<\/p>\n<p><iframe loading=\"lazy\" style=\"border: 0;\" src=\"https:\/\/www.google.com\/maps\/embed?pb=!1m18!1m12!1m3!1d2398.9513217556682!2d4.845896516196987!3d53.03921217991584!2m3!1f0!2f0!3f0!3m2!1i1024!2i768!4f13.1!3m3!1m2!1s0x47cf31369ad751a9%3A0xcd9074433c4bf97f!2sMuseum+Kaap+Skil!5e0!3m2!1snl!2snl!4v1522332632820\" width=\"400\" height=\"300\" frameborder=\"0\" allowfullscreen=\"allowfullscreen\"><\/iframe><\/p>\n<p>Schauen Sie sich\u00a0<a href=\"https:\/\/kaapskil.nl\/de\/uebersichtsplan\/\" target=\"_blank\" rel=\"noopener\">hier <\/a>den \u00dcbersichtsplan von Museum Kaap Skil an.<\/p>\n<h2>\u00d6ffentlicher Nahverkehr<\/h2>\n<p><span data-contrast=\"none\">Mit dem Bus (<a href=\"http:\/\/www.texelhopper.nl\" target=\"_blank\" rel=\"noopener\">TexelHopper<\/a>) steigen Sie an der Haltestelle 74 (Heemskerckstraat) aus.<\/span><\/p>\n<h2>Zug\u00e4nglichkeit<\/h2>\n<p>Das Museum ist zum gr\u00f6\u00dften Teil f\u00fcr Behinderte zug\u00e4nglich. Hunde sind bei Museum Kaap Skil nicht erlaubt, mit Ausnahme von Begleithunden.<\/p>\n<h2>Parken<\/h2>\n<p><strong>Auto: <\/strong><span data-contrast=\"none\">In der N\u00e4he des Museums, in der Stra\u00dfe Vlamkast, ist ein gro\u00dfer Parkplatz. Auch im Hafen gibt es viele Parkpl\u00e4tze. Das Parken auf Texel ist mit der Nutzung der <a href=\"https:\/\/www.texelvignet.nl\/de\/\" target=\"_blank\" rel=\"noopener\">Texelvignet<\/a> am g\u00fcnstigsten. Klicken Sie <a href=\"https:\/\/texelevignet.nl\/\" target=\"_blank\" rel=\"noopener noreferrer\">hier<\/a> f\u00fcr Informationen. Besucher mit Behindertenausweis k\u00f6nnen vor dem Museum parken.<\/span><span data-ccp-props=\"{&quot;201341983&quot;:0,&quot;335559739&quot;:160,&quot;335559740&quot;:259}\">\u00a0<\/span><\/p>\n<p><strong>Abstellen Fahrrad:<\/strong>\u00a0Der Platz f\u00fcr Fahrr\u00e4der auf dem B\u00fcrgersteig vor dem Museum ist begrenzt. Wenn der Fahrradst\u00e4nder voll ist, k\u00f6nnen die Fahrr\u00e4der auf dem Parkplatz des Supermarktes abgestellt werden.<\/p>\n","protected":false},"excerpt":{"rendered":"<p>Adresse, Zug\u00e4nglichkeit und parken.<\/p>\n","protected":false},"author":1,"featured_media":2072,"parent":408,"menu_order":3,"comment_status":"closed","ping_status":"closed","template":"page-templates\/detail.php","meta":{"_acf_changed":false,"footnotes":""},"categories":[],"tags":[],"class_list":["post-568","page","type-page","status-publish","has-post-thumbnail","hentry"],"acf":[],"yoast_head":"<!-- This site is optimized with the Yoast SEO plugin v27.3 - https:\/\/yoast.com\/product\/yoast-seo-wordpress\/ -->\n<title>Erreichbarkeit und Zug\u00e4nglichkeit<\/title>\n<meta name=\"description\" content=\"Wie sch\u00f6n, dass Sie Museum Kaap Skil besuchen! Schauen Sie sich die aktuellen Situation auf der Website an.\" \/>\n<meta name=\"robots\" content=\"index, follow, max-snippet:-1, max-image-preview:large, max-video-preview:-1\" \/>\n<link rel=\"canonical\" href=\"https:\/\/kaapskil.nl\/de\/besuchen\/erreichbarkeit-und-zuganglichkeit\/\" \/>\n<meta property=\"og:locale\" content=\"de_DE\" \/>\n<meta property=\"og:type\" content=\"article\" \/>\n<meta property=\"og:title\" content=\"Erreichbarkeit und Zug\u00e4nglichkeit\" \/>\n<meta property=\"og:description\" content=\"Wie sch\u00f6n, dass Sie Museum Kaap Skil besuchen! Schauen Sie sich die aktuellen Situation auf der Website an.\" \/>\n<meta property=\"og:url\" content=\"https:\/\/kaapskil.nl\/de\/besuchen\/erreichbarkeit-und-zuganglichkeit\/\" \/>\n<meta property=\"og:site_name\" content=\"Museum Kaap Skil\" \/>\n<meta property=\"article:modified_time\" content=\"2024-11-29T11:30:20+00:00\" \/>\n<meta property=\"og:image\" content=\"https:\/\/kaapskil.nl\/wp-content\/uploads\/2018\/03\/oude-fiets.jpg\" \/>\n\t<meta property=\"og:image:width\" content=\"640\" \/>\n\t<meta property=\"og:image:height\" content=\"477\" \/>\n\t<meta property=\"og:image:type\" content=\"image\/jpeg\" \/>\n<meta name=\"twitter:card\" content=\"summary_large_image\" \/>\n<meta name=\"twitter:label1\" content=\"Est. reading time\" \/>\n\t<meta name=\"twitter:data1\" content=\"1 minute\" \/>\n<script type=\"application\/ld+json\" class=\"yoast-schema-graph\">{\"@context\":\"https:\\\/\\\/schema.org\",\"@graph\":[{\"@type\":\"WebPage\",\"@id\":\"https:\\\/\\\/kaapskil.nl\\\/de\\\/besuchen\\\/erreichbarkeit-und-zuganglichkeit\\\/\",\"url\":\"https:\\\/\\\/kaapskil.nl\\\/de\\\/besuchen\\\/erreichbarkeit-und-zuganglichkeit\\\/\",\"name\":\"Erreichbarkeit und Zug\u00e4nglichkeit\",\"isPartOf\":{\"@id\":\"https:\\\/\\\/kaapskil.nl\\\/#website\"},\"primaryImageOfPage\":{\"@id\":\"https:\\\/\\\/kaapskil.nl\\\/de\\\/besuchen\\\/erreichbarkeit-und-zuganglichkeit\\\/#primaryimage\"},\"image\":{\"@id\":\"https:\\\/\\\/kaapskil.nl\\\/de\\\/besuchen\\\/erreichbarkeit-und-zuganglichkeit\\\/#primaryimage\"},\"thumbnailUrl\":\"https:\\\/\\\/kaapskil.nl\\\/wp-content\\\/uploads\\\/2018\\\/03\\\/oude-fiets.jpg\",\"datePublished\":\"2018-03-14T09:19:57+00:00\",\"dateModified\":\"2024-11-29T11:30:20+00:00\",\"description\":\"Wie sch\u00f6n, dass Sie Museum Kaap Skil besuchen! Schauen Sie sich die aktuellen Situation auf der Website an.\",\"breadcrumb\":{\"@id\":\"https:\\\/\\\/kaapskil.nl\\\/de\\\/besuchen\\\/erreichbarkeit-und-zuganglichkeit\\\/#breadcrumb\"},\"inLanguage\":\"de-DE\",\"potentialAction\":[{\"@type\":\"ReadAction\",\"target\":[\"https:\\\/\\\/kaapskil.nl\\\/de\\\/besuchen\\\/erreichbarkeit-und-zuganglichkeit\\\/\"]}]},{\"@type\":\"ImageObject\",\"inLanguage\":\"de-DE\",\"@id\":\"https:\\\/\\\/kaapskil.nl\\\/de\\\/besuchen\\\/erreichbarkeit-und-zuganglichkeit\\\/#primaryimage\",\"url\":\"https:\\\/\\\/kaapskil.nl\\\/wp-content\\\/uploads\\\/2018\\\/03\\\/oude-fiets.jpg\",\"contentUrl\":\"https:\\\/\\\/kaapskil.nl\\\/wp-content\\\/uploads\\\/2018\\\/03\\\/oude-fiets.jpg\",\"width\":640,\"height\":477},{\"@type\":\"BreadcrumbList\",\"@id\":\"https:\\\/\\\/kaapskil.nl\\\/de\\\/besuchen\\\/erreichbarkeit-und-zuganglichkeit\\\/#breadcrumb\",\"itemListElement\":[{\"@type\":\"ListItem\",\"position\":1,\"name\":\"Home\",\"item\":\"https:\\\/\\\/kaapskil.nl\\\/de\\\/\"},{\"@type\":\"ListItem\",\"position\":2,\"name\":\"Besuchen\",\"item\":\"https:\\\/\\\/kaapskil.nl\\\/de\\\/besuchen\\\/\"},{\"@type\":\"ListItem\",\"position\":3,\"name\":\"Erreichbarkeit und Zug\u00e4nglichkeit\"}]},{\"@type\":\"WebSite\",\"@id\":\"https:\\\/\\\/kaapskil.nl\\\/#website\",\"url\":\"https:\\\/\\\/kaapskil.nl\\\/\",\"name\":\"Museum Kaap Skil\",\"description\":\"Stichting Texels Museum\",\"potentialAction\":[{\"@type\":\"SearchAction\",\"target\":{\"@type\":\"EntryPoint\",\"urlTemplate\":\"https:\\\/\\\/kaapskil.nl\\\/?s={search_term_string}\"},\"query-input\":{\"@type\":\"PropertyValueSpecification\",\"valueRequired\":true,\"valueName\":\"search_term_string\"}}],\"inLanguage\":\"de-DE\"}]}<\/script>\n<!-- \/ Yoast SEO plugin. -->","yoast_head_json":{"title":"Erreichbarkeit und Zug\u00e4nglichkeit","description":"Wie sch\u00f6n, dass Sie Museum Kaap Skil besuchen! Schauen Sie sich die aktuellen Situation auf der Website an.","robots":{"index":"index","follow":"follow","max-snippet":"max-snippet:-1","max-image-preview":"max-image-preview:large","max-video-preview":"max-video-preview:-1"},"canonical":"https:\/\/kaapskil.nl\/de\/besuchen\/erreichbarkeit-und-zuganglichkeit\/","og_locale":"de_DE","og_type":"article","og_title":"Erreichbarkeit und Zug\u00e4nglichkeit","og_description":"Wie sch\u00f6n, dass Sie Museum Kaap Skil besuchen! Schauen Sie sich die aktuellen Situation auf der Website an.","og_url":"https:\/\/kaapskil.nl\/de\/besuchen\/erreichbarkeit-und-zuganglichkeit\/","og_site_name":"Museum Kaap Skil","article_modified_time":"2024-11-29T11:30:20+00:00","og_image":[{"width":640,"height":477,"url":"https:\/\/kaapskil.nl\/wp-content\/uploads\/2018\/03\/oude-fiets.jpg","type":"image\/jpeg"}],"twitter_card":"summary_large_image","twitter_misc":{"Est. reading time":"1 minute"},"schema":{"@context":"https:\/\/schema.org","@graph":[{"@type":"WebPage","@id":"https:\/\/kaapskil.nl\/de\/besuchen\/erreichbarkeit-und-zuganglichkeit\/","url":"https:\/\/kaapskil.nl\/de\/besuchen\/erreichbarkeit-und-zuganglichkeit\/","name":"Erreichbarkeit und Zug\u00e4nglichkeit","isPartOf":{"@id":"https:\/\/kaapskil.nl\/#website"},"primaryImageOfPage":{"@id":"https:\/\/kaapskil.nl\/de\/besuchen\/erreichbarkeit-und-zuganglichkeit\/#primaryimage"},"image":{"@id":"https:\/\/kaapskil.nl\/de\/besuchen\/erreichbarkeit-und-zuganglichkeit\/#primaryimage"},"thumbnailUrl":"https:\/\/kaapskil.nl\/wp-content\/uploads\/2018\/03\/oude-fiets.jpg","datePublished":"2018-03-14T09:19:57+00:00","dateModified":"2024-11-29T11:30:20+00:00","description":"Wie sch\u00f6n, dass Sie Museum Kaap Skil besuchen! Schauen Sie sich die aktuellen Situation auf der Website an.","breadcrumb":{"@id":"https:\/\/kaapskil.nl\/de\/besuchen\/erreichbarkeit-und-zuganglichkeit\/#breadcrumb"},"inLanguage":"de-DE","potentialAction":[{"@type":"ReadAction","target":["https:\/\/kaapskil.nl\/de\/besuchen\/erreichbarkeit-und-zuganglichkeit\/"]}]},{"@type":"ImageObject","inLanguage":"de-DE","@id":"https:\/\/kaapskil.nl\/de\/besuchen\/erreichbarkeit-und-zuganglichkeit\/#primaryimage","url":"https:\/\/kaapskil.nl\/wp-content\/uploads\/2018\/03\/oude-fiets.jpg","contentUrl":"https:\/\/kaapskil.nl\/wp-content\/uploads\/2018\/03\/oude-fiets.jpg","width":640,"height":477},{"@type":"BreadcrumbList","@id":"https:\/\/kaapskil.nl\/de\/besuchen\/erreichbarkeit-und-zuganglichkeit\/#breadcrumb","itemListElement":[{"@type":"ListItem","position":1,"name":"Home","item":"https:\/\/kaapskil.nl\/de\/"},{"@type":"ListItem","position":2,"name":"Besuchen","item":"https:\/\/kaapskil.nl\/de\/besuchen\/"},{"@type":"ListItem","position":3,"name":"Erreichbarkeit und Zug\u00e4nglichkeit"}]},{"@type":"WebSite","@id":"https:\/\/kaapskil.nl\/#website","url":"https:\/\/kaapskil.nl\/","name":"Museum Kaap Skil","description":"Stichting Texels Museum","potentialAction":[{"@type":"SearchAction","target":{"@type":"EntryPoint","urlTemplate":"https:\/\/kaapskil.nl\/?s={search_term_string}"},"query-input":{"@type":"PropertyValueSpecification","valueRequired":true,"valueName":"search_term_string"}}],"inLanguage":"de-DE"}]}},"_links":{"self":[{"href":"https:\/\/kaapskil.nl\/de\/wp-json\/wp\/v2\/pages\/568","targetHints":{"allow":["GET"]}}],"collection":[{"href":"https:\/\/kaapskil.nl\/de\/wp-json\/wp\/v2\/pages"}],"about":[{"href":"https:\/\/kaapskil.nl\/de\/wp-json\/wp\/v2\/types\/page"}],"author":[{"embeddable":true,"href":"https:\/\/kaapskil.nl\/de\/wp-json\/wp\/v2\/users\/1"}],"replies":[{"embeddable":true,"href":"https:\/\/kaapskil.nl\/de\/wp-json\/wp\/v2\/comments?post=568"}],"version-history":[{"count":0,"href":"https:\/\/kaapskil.nl\/de\/wp-json\/wp\/v2\/pages\/568\/revisions"}],"up":[{"embeddable":true,"href":"https:\/\/kaapskil.nl\/de\/wp-json\/wp\/v2\/pages\/408"}],"wp:featuredmedia":[{"embeddable":true,"href":"https:\/\/kaapskil.nl\/de\/wp-json\/wp\/v2\/media\/2072"}],"wp:attachment":[{"href":"https:\/\/kaapskil.nl\/de\/wp-json\/wp\/v2\/media?parent=568"}],"wp:term":[{"taxonomy":"category","embeddable":true,"href":"https:\/\/kaapskil.nl\/de\/wp-json\/wp\/v2\/categories?post=568"},{"taxonomy":"post_tag","embeddable":true,"href":"https:\/\/kaapskil.nl\/de\/wp-json\/wp\/v2\/tags?post=568"}],"curies":[{"name":"wp","href":"https:\/\/api.w.org\/{rel}","templated":true}]}}