{"id":588,"date":"2018-03-14T10:25:58","date_gmt":"2018-03-14T10:25:58","guid":{"rendered":"http:\/\/kaapskilnl.web1.prod.raadhuis.com\/?page_id=588"},"modified":"2024-04-22T08:50:51","modified_gmt":"2024-04-22T06:50:51","slug":"info-uber-cookies","status":"publish","type":"page","link":"https:\/\/kaapskil.nl\/de\/info-uber-cookies\/","title":{"rendered":"Info \u00fcber Cookies"},"content":{"rendered":"<h3>Welche Cookies werden gesetzt<\/h3>\n<p>Nachfolgend finden Sie eine \u00dcbersicht \u00fcber die gesetzten Cookies und die Zustimmung.<\/p>\n<p><script id=\"CookieDeclaration\" src=\"https:\/\/consent.cookiebot.com\/3a86a37c-6147-4297-9d3a-88fc99756065\/cd.js\" data-culture=\"de\" type=\"text\/javascript\" async><\/script><\/p>\n<h5>Schlussbemerkung<\/h5>\n<p>Wir werden diese Erkl\u00e4rung von Zeit zu Zeit \u00e4ndern m\u00fcssen, wenn sich beispielsweise unsere Website oder die Regeln f\u00fcr Cookies \u00e4ndern. Wir d\u00fcrfen den Inhalt der Erkl\u00e4rungen und die in den Listen aufgef\u00fchrten Cookies jederzeit und ohne Vorank\u00fcndigung \u00e4ndern. Wir empfehlen Ihnen, diese Webseite regelm\u00e4\u00dfig auf die neueste Version hin zu \u00fcberpr\u00fcfen, um festzustellen, ob Sie Ihre Zustimmung revidieren m\u00fcssen.<\/p>\n<p><strong>Datenschutz<\/strong><br \/>\nDie von Museum Kaap Skil verarbeiteten personenbezogenen Daten unterliegen der <a href=\"https:\/\/kaapskil.nl\/de\/datenschutzerklaerung\/\">Datenschutzerkl\u00e4rung <\/a>von Museum Kaap Skil.<\/p>\n","protected":false},"excerpt":{"rendered":"<p>Welche Cookies werden gesetzt Nachfolgend finden Sie eine \u00dcbersicht \u00fcber die gesetzten Cookies und die Zustimmung. Schlussbemerkung Wir werden diese Erkl\u00e4rung von Zeit zu Zeit \u00e4ndern m\u00fcssen, wenn sich beispielsweise unsere Website oder die Regeln f\u00fcr Cookies \u00e4ndern. Wir d\u00fcrfen den Inhalt der Erkl\u00e4rungen und die in den Listen aufgef\u00fchrten Cookies jederzeit und ohne Vorank\u00fcndigung [&hellip;]<\/p>\n","protected":false},"author":1,"featured_media":11642,"parent":0,"menu_order":0,"comment_status":"closed","ping_status":"closed","template":"page-templates\/detail.php","meta":{"_acf_changed":false,"footnotes":""},"categories":[],"tags":[],"class_list":["post-588","page","type-page","status-publish","has-post-thumbnail","hentry"],"acf":[],"yoast_head":"<!-- This site is optimized with the Yoast SEO plugin v27.3 - https:\/\/yoast.com\/product\/yoast-seo-wordpress\/ -->\n<title>Info \u00fcber Cookies<\/title>\n<meta name=\"description\" content=\"De website van Museum Kaap Skil maakt gebruik van cookies. Een cookie is een klein bestandje dat met pagina\u2019s van een website wordt meegestuurd en door de browser op de harde schijf van uw computer wordt opgeslagen. De cookie laat toe dat de browser vervolgens wordt herkend bij herhaald bezoek aan een website.\" \/>\n<meta name=\"robots\" content=\"index, follow, max-snippet:-1, max-image-preview:large, max-video-preview:-1\" \/>\n<link rel=\"canonical\" href=\"https:\/\/kaapskil.nl\/de\/info-uber-cookies\/\" \/>\n<meta property=\"og:locale\" content=\"de_DE\" \/>\n<meta property=\"og:type\" content=\"article\" \/>\n<meta property=\"og:title\" content=\"Info \u00fcber Cookies\" \/>\n<meta property=\"og:description\" content=\"De website van Museum Kaap Skil maakt gebruik van cookies. Een cookie is een klein bestandje dat met pagina\u2019s van een website wordt meegestuurd en door de browser op de harde schijf van uw computer wordt opgeslagen. De cookie laat toe dat de browser vervolgens wordt herkend bij herhaald bezoek aan een website.\" \/>\n<meta property=\"og:url\" content=\"https:\/\/kaapskil.nl\/de\/info-uber-cookies\/\" \/>\n<meta property=\"og:site_name\" content=\"Museum Kaap Skil\" \/>\n<meta property=\"article:modified_time\" content=\"2024-04-22T06:50:51+00:00\" \/>\n<meta property=\"og:image\" content=\"https:\/\/kaapskil.nl\/wp-content\/uploads\/2023\/02\/Aad-header-desktop.jpg\" \/>\n\t<meta property=\"og:image:width\" content=\"1748\" \/>\n\t<meta property=\"og:image:height\" content=\"799\" \/>\n\t<meta property=\"og:image:type\" content=\"image\/jpeg\" \/>\n<meta name=\"twitter:card\" content=\"summary_large_image\" \/>\n<meta name=\"twitter:label1\" content=\"Est. reading time\" \/>\n\t<meta name=\"twitter:data1\" content=\"1 minute\" \/>\n<script type=\"application\/ld+json\" class=\"yoast-schema-graph\">{\"@context\":\"https:\\\/\\\/schema.org\",\"@graph\":[{\"@type\":\"WebPage\",\"@id\":\"https:\\\/\\\/kaapskil.nl\\\/de\\\/info-uber-cookies\\\/\",\"url\":\"https:\\\/\\\/kaapskil.nl\\\/de\\\/info-uber-cookies\\\/\",\"name\":\"Info \u00fcber Cookies\",\"isPartOf\":{\"@id\":\"https:\\\/\\\/kaapskil.nl\\\/#website\"},\"primaryImageOfPage\":{\"@id\":\"https:\\\/\\\/kaapskil.nl\\\/de\\\/info-uber-cookies\\\/#primaryimage\"},\"image\":{\"@id\":\"https:\\\/\\\/kaapskil.nl\\\/de\\\/info-uber-cookies\\\/#primaryimage\"},\"thumbnailUrl\":\"https:\\\/\\\/kaapskil.nl\\\/wp-content\\\/uploads\\\/2023\\\/02\\\/Aad-header-desktop.jpg\",\"datePublished\":\"2018-03-14T10:25:58+00:00\",\"dateModified\":\"2024-04-22T06:50:51+00:00\",\"description\":\"De website van Museum Kaap Skil maakt gebruik van cookies. Een cookie is een klein bestandje dat met pagina\u2019s van een website wordt meegestuurd en door de browser op de harde schijf van uw computer wordt opgeslagen. De cookie laat toe dat de browser vervolgens wordt herkend bij herhaald bezoek aan een website.\",\"breadcrumb\":{\"@id\":\"https:\\\/\\\/kaapskil.nl\\\/de\\\/info-uber-cookies\\\/#breadcrumb\"},\"inLanguage\":\"de-DE\",\"potentialAction\":[{\"@type\":\"ReadAction\",\"target\":[\"https:\\\/\\\/kaapskil.nl\\\/de\\\/info-uber-cookies\\\/\"]}]},{\"@type\":\"ImageObject\",\"inLanguage\":\"de-DE\",\"@id\":\"https:\\\/\\\/kaapskil.nl\\\/de\\\/info-uber-cookies\\\/#primaryimage\",\"url\":\"https:\\\/\\\/kaapskil.nl\\\/wp-content\\\/uploads\\\/2023\\\/02\\\/Aad-header-desktop.jpg\",\"contentUrl\":\"https:\\\/\\\/kaapskil.nl\\\/wp-content\\\/uploads\\\/2023\\\/02\\\/Aad-header-desktop.jpg\",\"width\":1748,\"height\":799,\"caption\":\"Header-museuminpecteur-Museum Kaap Skil\"},{\"@type\":\"BreadcrumbList\",\"@id\":\"https:\\\/\\\/kaapskil.nl\\\/de\\\/info-uber-cookies\\\/#breadcrumb\",\"itemListElement\":[{\"@type\":\"ListItem\",\"position\":1,\"name\":\"Home\",\"item\":\"https:\\\/\\\/kaapskil.nl\\\/de\\\/\"},{\"@type\":\"ListItem\",\"position\":2,\"name\":\"Info \u00fcber Cookies\"}]},{\"@type\":\"WebSite\",\"@id\":\"https:\\\/\\\/kaapskil.nl\\\/#website\",\"url\":\"https:\\\/\\\/kaapskil.nl\\\/\",\"name\":\"Museum Kaap Skil\",\"description\":\"Stichting Texels Museum\",\"potentialAction\":[{\"@type\":\"SearchAction\",\"target\":{\"@type\":\"EntryPoint\",\"urlTemplate\":\"https:\\\/\\\/kaapskil.nl\\\/?s={search_term_string}\"},\"query-input\":{\"@type\":\"PropertyValueSpecification\",\"valueRequired\":true,\"valueName\":\"search_term_string\"}}],\"inLanguage\":\"de-DE\"}]}<\/script>\n<!-- \/ Yoast SEO plugin. -->","yoast_head_json":{"title":"Info \u00fcber Cookies","description":"De website van Museum Kaap Skil maakt gebruik van cookies. Een cookie is een klein bestandje dat met pagina\u2019s van een website wordt meegestuurd en door de browser op de harde schijf van uw computer wordt opgeslagen. De cookie laat toe dat de browser vervolgens wordt herkend bij herhaald bezoek aan een website.","robots":{"index":"index","follow":"follow","max-snippet":"max-snippet:-1","max-image-preview":"max-image-preview:large","max-video-preview":"max-video-preview:-1"},"canonical":"https:\/\/kaapskil.nl\/de\/info-uber-cookies\/","og_locale":"de_DE","og_type":"article","og_title":"Info \u00fcber Cookies","og_description":"De website van Museum Kaap Skil maakt gebruik van cookies. Een cookie is een klein bestandje dat met pagina\u2019s van een website wordt meegestuurd en door de browser op de harde schijf van uw computer wordt opgeslagen. De cookie laat toe dat de browser vervolgens wordt herkend bij herhaald bezoek aan een website.","og_url":"https:\/\/kaapskil.nl\/de\/info-uber-cookies\/","og_site_name":"Museum Kaap Skil","article_modified_time":"2024-04-22T06:50:51+00:00","og_image":[{"width":1748,"height":799,"url":"https:\/\/kaapskil.nl\/wp-content\/uploads\/2023\/02\/Aad-header-desktop.jpg","type":"image\/jpeg"}],"twitter_card":"summary_large_image","twitter_misc":{"Est. reading time":"1 minute"},"schema":{"@context":"https:\/\/schema.org","@graph":[{"@type":"WebPage","@id":"https:\/\/kaapskil.nl\/de\/info-uber-cookies\/","url":"https:\/\/kaapskil.nl\/de\/info-uber-cookies\/","name":"Info \u00fcber Cookies","isPartOf":{"@id":"https:\/\/kaapskil.nl\/#website"},"primaryImageOfPage":{"@id":"https:\/\/kaapskil.nl\/de\/info-uber-cookies\/#primaryimage"},"image":{"@id":"https:\/\/kaapskil.nl\/de\/info-uber-cookies\/#primaryimage"},"thumbnailUrl":"https:\/\/kaapskil.nl\/wp-content\/uploads\/2023\/02\/Aad-header-desktop.jpg","datePublished":"2018-03-14T10:25:58+00:00","dateModified":"2024-04-22T06:50:51+00:00","description":"De website van Museum Kaap Skil maakt gebruik van cookies. Een cookie is een klein bestandje dat met pagina\u2019s van een website wordt meegestuurd en door de browser op de harde schijf van uw computer wordt opgeslagen. De cookie laat toe dat de browser vervolgens wordt herkend bij herhaald bezoek aan een website.","breadcrumb":{"@id":"https:\/\/kaapskil.nl\/de\/info-uber-cookies\/#breadcrumb"},"inLanguage":"de-DE","potentialAction":[{"@type":"ReadAction","target":["https:\/\/kaapskil.nl\/de\/info-uber-cookies\/"]}]},{"@type":"ImageObject","inLanguage":"de-DE","@id":"https:\/\/kaapskil.nl\/de\/info-uber-cookies\/#primaryimage","url":"https:\/\/kaapskil.nl\/wp-content\/uploads\/2023\/02\/Aad-header-desktop.jpg","contentUrl":"https:\/\/kaapskil.nl\/wp-content\/uploads\/2023\/02\/Aad-header-desktop.jpg","width":1748,"height":799,"caption":"Header-museuminpecteur-Museum Kaap Skil"},{"@type":"BreadcrumbList","@id":"https:\/\/kaapskil.nl\/de\/info-uber-cookies\/#breadcrumb","itemListElement":[{"@type":"ListItem","position":1,"name":"Home","item":"https:\/\/kaapskil.nl\/de\/"},{"@type":"ListItem","position":2,"name":"Info \u00fcber Cookies"}]},{"@type":"WebSite","@id":"https:\/\/kaapskil.nl\/#website","url":"https:\/\/kaapskil.nl\/","name":"Museum Kaap Skil","description":"Stichting Texels Museum","potentialAction":[{"@type":"SearchAction","target":{"@type":"EntryPoint","urlTemplate":"https:\/\/kaapskil.nl\/?s={search_term_string}"},"query-input":{"@type":"PropertyValueSpecification","valueRequired":true,"valueName":"search_term_string"}}],"inLanguage":"de-DE"}]}},"_links":{"self":[{"href":"https:\/\/kaapskil.nl\/de\/wp-json\/wp\/v2\/pages\/588","targetHints":{"allow":["GET"]}}],"collection":[{"href":"https:\/\/kaapskil.nl\/de\/wp-json\/wp\/v2\/pages"}],"about":[{"href":"https:\/\/kaapskil.nl\/de\/wp-json\/wp\/v2\/types\/page"}],"author":[{"embeddable":true,"href":"https:\/\/kaapskil.nl\/de\/wp-json\/wp\/v2\/users\/1"}],"replies":[{"embeddable":true,"href":"https:\/\/kaapskil.nl\/de\/wp-json\/wp\/v2\/comments?post=588"}],"version-history":[{"count":0,"href":"https:\/\/kaapskil.nl\/de\/wp-json\/wp\/v2\/pages\/588\/revisions"}],"wp:featuredmedia":[{"embeddable":true,"href":"https:\/\/kaapskil.nl\/de\/wp-json\/wp\/v2\/media\/11642"}],"wp:attachment":[{"href":"https:\/\/kaapskil.nl\/de\/wp-json\/wp\/v2\/media?parent=588"}],"wp:term":[{"taxonomy":"category","embeddable":true,"href":"https:\/\/kaapskil.nl\/de\/wp-json\/wp\/v2\/categories?post=588"},{"taxonomy":"post_tag","embeddable":true,"href":"https:\/\/kaapskil.nl\/de\/wp-json\/wp\/v2\/tags?post=588"}],"curies":[{"name":"wp","href":"https:\/\/api.w.org\/{rel}","templated":true}]}}