{"id":631,"date":"2018-03-14T13:49:04","date_gmt":"2018-03-14T13:49:04","guid":{"rendered":"http:\/\/kaapskilnl.web1.prod.raadhuis.com\/?page_id=631"},"modified":"2018-03-30T15:32:25","modified_gmt":"2018-03-30T14:32:25","slug":"gebaeude","status":"publish","type":"page","link":"https:\/\/kaapskil.nl\/de\/entdecken\/gebaeude\/","title":{"rendered":"Geb\u00e4ude"},"content":{"rendered":"","protected":false},"excerpt":{"rendered":"<p>Museum Kaap Skil besteht aus verschiedenen Geb\u00e4uden, darunter eine denkmalgesch\u00fctzte M\u00fchle, ein Getreidepackhaus und eine Seegrasscheune. Das ikonische Hauptgeb\u00e4ude hat verschiedene Preise gewonnen.<\/p>\n","protected":false},"author":1,"featured_media":5893,"parent":657,"menu_order":20,"comment_status":"closed","ping_status":"closed","template":"page-templates\/tentoonstellingen.php","meta":{"_acf_changed":false,"footnotes":""},"categories":[],"tags":[],"class_list":["post-631","page","type-page","status-publish","has-post-thumbnail","hentry"],"acf":[],"yoast_head":"<!-- This site is optimized with the Yoast SEO plugin v27.4 - https:\/\/yoast.com\/product\/yoast-seo-wordpress\/ -->\n<title>Geb\u00e4ude - Museum Kaap Skil<\/title>\n<meta name=\"description\" content=\"Museum Kaap Skil besteht aus verschiedenen Geb\u00e4uden, darunter eine denkmalgesch\u00fctzte M\u00fchle, ein Getreidepackhaus und eine Seegrasscheune. Das ikonische Hauptgeb\u00e4ude hat verschiedene Preise gewonnen.\" \/>\n<meta name=\"robots\" content=\"index, follow, max-snippet:-1, max-image-preview:large, max-video-preview:-1\" \/>\n<link rel=\"canonical\" href=\"https:\/\/kaapskil.nl\/de\/entdecken\/gebaeude\/\" \/>\n<meta property=\"og:locale\" content=\"de_DE\" \/>\n<meta property=\"og:type\" content=\"article\" \/>\n<meta property=\"og:title\" content=\"Geb\u00e4ude - Museum Kaap Skil\" \/>\n<meta property=\"og:description\" content=\"Museum Kaap Skil besteht aus verschiedenen Geb\u00e4uden, darunter eine denkmalgesch\u00fctzte M\u00fchle, ein Getreidepackhaus und eine Seegrasscheune. Das ikonische Hauptgeb\u00e4ude hat verschiedene Preise gewonnen.\" \/>\n<meta property=\"og:url\" content=\"https:\/\/kaapskil.nl\/de\/entdecken\/gebaeude\/\" \/>\n<meta property=\"og:site_name\" content=\"Museum Kaap Skil\" \/>\n<meta property=\"article:modified_time\" content=\"2018-03-30T14:32:25+00:00\" \/>\n<meta property=\"og:image\" content=\"https:\/\/kaapskil.nl\/wp-content\/uploads\/2020\/05\/Uitgelicht-gebouw-Hoofdgebouw-Buiten-Ingezoomed-9.jpg\" \/>\n\t<meta property=\"og:image:width\" content=\"640\" \/>\n\t<meta property=\"og:image:height\" content=\"400\" \/>\n\t<meta property=\"og:image:type\" content=\"image\/jpeg\" \/>\n<meta name=\"twitter:card\" content=\"summary_large_image\" \/>\n<script type=\"application\/ld+json\" class=\"yoast-schema-graph\">{\"@context\":\"https:\\\/\\\/schema.org\",\"@graph\":[{\"@type\":\"WebPage\",\"@id\":\"https:\\\/\\\/kaapskil.nl\\\/de\\\/entdecken\\\/gebaeude\\\/\",\"url\":\"https:\\\/\\\/kaapskil.nl\\\/de\\\/entdecken\\\/gebaeude\\\/\",\"name\":\"Geb\u00e4ude - Museum Kaap Skil\",\"isPartOf\":{\"@id\":\"https:\\\/\\\/kaapskil.nl\\\/#website\"},\"primaryImageOfPage\":{\"@id\":\"https:\\\/\\\/kaapskil.nl\\\/de\\\/entdecken\\\/gebaeude\\\/#primaryimage\"},\"image\":{\"@id\":\"https:\\\/\\\/kaapskil.nl\\\/de\\\/entdecken\\\/gebaeude\\\/#primaryimage\"},\"thumbnailUrl\":\"https:\\\/\\\/kaapskil.nl\\\/wp-content\\\/uploads\\\/2020\\\/05\\\/Uitgelicht-gebouw-Hoofdgebouw-Buiten-Ingezoomed-9.jpg\",\"datePublished\":\"2018-03-14T13:49:04+00:00\",\"dateModified\":\"2018-03-30T14:32:25+00:00\",\"description\":\"Museum Kaap Skil besteht aus verschiedenen Geb\u00e4uden, darunter eine denkmalgesch\u00fctzte M\u00fchle, ein Getreidepackhaus und eine Seegrasscheune. Das ikonische Hauptgeb\u00e4ude hat verschiedene Preise gewonnen.\",\"breadcrumb\":{\"@id\":\"https:\\\/\\\/kaapskil.nl\\\/de\\\/entdecken\\\/gebaeude\\\/#breadcrumb\"},\"inLanguage\":\"de-DE\",\"potentialAction\":[{\"@type\":\"ReadAction\",\"target\":[\"https:\\\/\\\/kaapskil.nl\\\/de\\\/entdecken\\\/gebaeude\\\/\"]}]},{\"@type\":\"ImageObject\",\"inLanguage\":\"de-DE\",\"@id\":\"https:\\\/\\\/kaapskil.nl\\\/de\\\/entdecken\\\/gebaeude\\\/#primaryimage\",\"url\":\"https:\\\/\\\/kaapskil.nl\\\/wp-content\\\/uploads\\\/2020\\\/05\\\/Uitgelicht-gebouw-Hoofdgebouw-Buiten-Ingezoomed-9.jpg\",\"contentUrl\":\"https:\\\/\\\/kaapskil.nl\\\/wp-content\\\/uploads\\\/2020\\\/05\\\/Uitgelicht-gebouw-Hoofdgebouw-Buiten-Ingezoomed-9.jpg\",\"width\":640,\"height\":400,\"caption\":\"overzichtsfoto hoofdgebouw buitenkant\"},{\"@type\":\"BreadcrumbList\",\"@id\":\"https:\\\/\\\/kaapskil.nl\\\/de\\\/entdecken\\\/gebaeude\\\/#breadcrumb\",\"itemListElement\":[{\"@type\":\"ListItem\",\"position\":1,\"name\":\"Home\",\"item\":\"https:\\\/\\\/kaapskil.nl\\\/de\\\/\"},{\"@type\":\"ListItem\",\"position\":2,\"name\":\"Entdecken\",\"item\":\"https:\\\/\\\/kaapskil.nl\\\/de\\\/entdecken\\\/\"},{\"@type\":\"ListItem\",\"position\":3,\"name\":\"Geb\u00e4ude\"}]},{\"@type\":\"WebSite\",\"@id\":\"https:\\\/\\\/kaapskil.nl\\\/#website\",\"url\":\"https:\\\/\\\/kaapskil.nl\\\/\",\"name\":\"Museum Kaap Skil\",\"description\":\"Stichting Texels Museum\",\"potentialAction\":[{\"@type\":\"SearchAction\",\"target\":{\"@type\":\"EntryPoint\",\"urlTemplate\":\"https:\\\/\\\/kaapskil.nl\\\/?s={search_term_string}\"},\"query-input\":{\"@type\":\"PropertyValueSpecification\",\"valueRequired\":true,\"valueName\":\"search_term_string\"}}],\"inLanguage\":\"de-DE\"}]}<\/script>\n<!-- \/ Yoast SEO plugin. -->","yoast_head_json":{"title":"Geb\u00e4ude - Museum Kaap Skil","description":"Museum Kaap Skil besteht aus verschiedenen Geb\u00e4uden, darunter eine denkmalgesch\u00fctzte M\u00fchle, ein Getreidepackhaus und eine Seegrasscheune. Das ikonische Hauptgeb\u00e4ude hat verschiedene Preise gewonnen.","robots":{"index":"index","follow":"follow","max-snippet":"max-snippet:-1","max-image-preview":"max-image-preview:large","max-video-preview":"max-video-preview:-1"},"canonical":"https:\/\/kaapskil.nl\/de\/entdecken\/gebaeude\/","og_locale":"de_DE","og_type":"article","og_title":"Geb\u00e4ude - Museum Kaap Skil","og_description":"Museum Kaap Skil besteht aus verschiedenen Geb\u00e4uden, darunter eine denkmalgesch\u00fctzte M\u00fchle, ein Getreidepackhaus und eine Seegrasscheune. Das ikonische Hauptgeb\u00e4ude hat verschiedene Preise gewonnen.","og_url":"https:\/\/kaapskil.nl\/de\/entdecken\/gebaeude\/","og_site_name":"Museum Kaap Skil","article_modified_time":"2018-03-30T14:32:25+00:00","og_image":[{"width":640,"height":400,"url":"https:\/\/kaapskil.nl\/wp-content\/uploads\/2020\/05\/Uitgelicht-gebouw-Hoofdgebouw-Buiten-Ingezoomed-9.jpg","type":"image\/jpeg"}],"twitter_card":"summary_large_image","schema":{"@context":"https:\/\/schema.org","@graph":[{"@type":"WebPage","@id":"https:\/\/kaapskil.nl\/de\/entdecken\/gebaeude\/","url":"https:\/\/kaapskil.nl\/de\/entdecken\/gebaeude\/","name":"Geb\u00e4ude - Museum Kaap Skil","isPartOf":{"@id":"https:\/\/kaapskil.nl\/#website"},"primaryImageOfPage":{"@id":"https:\/\/kaapskil.nl\/de\/entdecken\/gebaeude\/#primaryimage"},"image":{"@id":"https:\/\/kaapskil.nl\/de\/entdecken\/gebaeude\/#primaryimage"},"thumbnailUrl":"https:\/\/kaapskil.nl\/wp-content\/uploads\/2020\/05\/Uitgelicht-gebouw-Hoofdgebouw-Buiten-Ingezoomed-9.jpg","datePublished":"2018-03-14T13:49:04+00:00","dateModified":"2018-03-30T14:32:25+00:00","description":"Museum Kaap Skil besteht aus verschiedenen Geb\u00e4uden, darunter eine denkmalgesch\u00fctzte M\u00fchle, ein Getreidepackhaus und eine Seegrasscheune. Das ikonische Hauptgeb\u00e4ude hat verschiedene Preise gewonnen.","breadcrumb":{"@id":"https:\/\/kaapskil.nl\/de\/entdecken\/gebaeude\/#breadcrumb"},"inLanguage":"de-DE","potentialAction":[{"@type":"ReadAction","target":["https:\/\/kaapskil.nl\/de\/entdecken\/gebaeude\/"]}]},{"@type":"ImageObject","inLanguage":"de-DE","@id":"https:\/\/kaapskil.nl\/de\/entdecken\/gebaeude\/#primaryimage","url":"https:\/\/kaapskil.nl\/wp-content\/uploads\/2020\/05\/Uitgelicht-gebouw-Hoofdgebouw-Buiten-Ingezoomed-9.jpg","contentUrl":"https:\/\/kaapskil.nl\/wp-content\/uploads\/2020\/05\/Uitgelicht-gebouw-Hoofdgebouw-Buiten-Ingezoomed-9.jpg","width":640,"height":400,"caption":"overzichtsfoto hoofdgebouw buitenkant"},{"@type":"BreadcrumbList","@id":"https:\/\/kaapskil.nl\/de\/entdecken\/gebaeude\/#breadcrumb","itemListElement":[{"@type":"ListItem","position":1,"name":"Home","item":"https:\/\/kaapskil.nl\/de\/"},{"@type":"ListItem","position":2,"name":"Entdecken","item":"https:\/\/kaapskil.nl\/de\/entdecken\/"},{"@type":"ListItem","position":3,"name":"Geb\u00e4ude"}]},{"@type":"WebSite","@id":"https:\/\/kaapskil.nl\/#website","url":"https:\/\/kaapskil.nl\/","name":"Museum Kaap Skil","description":"Stichting Texels Museum","potentialAction":[{"@type":"SearchAction","target":{"@type":"EntryPoint","urlTemplate":"https:\/\/kaapskil.nl\/?s={search_term_string}"},"query-input":{"@type":"PropertyValueSpecification","valueRequired":true,"valueName":"search_term_string"}}],"inLanguage":"de-DE"}]}},"_links":{"self":[{"href":"https:\/\/kaapskil.nl\/de\/wp-json\/wp\/v2\/pages\/631","targetHints":{"allow":["GET"]}}],"collection":[{"href":"https:\/\/kaapskil.nl\/de\/wp-json\/wp\/v2\/pages"}],"about":[{"href":"https:\/\/kaapskil.nl\/de\/wp-json\/wp\/v2\/types\/page"}],"author":[{"embeddable":true,"href":"https:\/\/kaapskil.nl\/de\/wp-json\/wp\/v2\/users\/1"}],"replies":[{"embeddable":true,"href":"https:\/\/kaapskil.nl\/de\/wp-json\/wp\/v2\/comments?post=631"}],"version-history":[{"count":0,"href":"https:\/\/kaapskil.nl\/de\/wp-json\/wp\/v2\/pages\/631\/revisions"}],"up":[{"embeddable":true,"href":"https:\/\/kaapskil.nl\/de\/wp-json\/wp\/v2\/pages\/657"}],"wp:featuredmedia":[{"embeddable":true,"href":"https:\/\/kaapskil.nl\/de\/wp-json\/wp\/v2\/media\/5893"}],"wp:attachment":[{"href":"https:\/\/kaapskil.nl\/de\/wp-json\/wp\/v2\/media?parent=631"}],"wp:term":[{"taxonomy":"category","embeddable":true,"href":"https:\/\/kaapskil.nl\/de\/wp-json\/wp\/v2\/categories?post=631"},{"taxonomy":"post_tag","embeddable":true,"href":"https:\/\/kaapskil.nl\/de\/wp-json\/wp\/v2\/tags?post=631"}],"curies":[{"name":"wp","href":"https:\/\/api.w.org\/{rel}","templated":true}]}}