{"id":6376,"date":"2020-07-08T09:59:38","date_gmt":"2020-07-08T08:59:38","guid":{"rendered":"https:\/\/serene-austin.109-235-78-20.plesk.page\/op-vakantie-naar-texel-bezoek-museum-kaap-skil\/"},"modified":"2024-06-06T11:08:11","modified_gmt":"2024-06-06T09:08:11","slug":"urlaub-nach-texel","status":"publish","type":"page","link":"https:\/\/kaapskil.nl\/de\/urlaub-nach-texel\/","title":{"rendered":"Im Urlaub nach Texel? Besuchen Sie das Museum Kaap Skil!"},"content":{"rendered":"<p><em>\u201cWas f\u00fcr ein sch\u00f6nes Museum!!!! F\u00fcr sowohl Jung (9) als auch Alt&#8230;\u201d<\/em><\/p>\n<p><strong>M\u00f6chten Sie Texel wirklich kennen lernen? Dann m\u00fcssen Sie zum Museum Kaap Skil! Hier erfahren Sie alles \u00fcber das Leben mit dem Meer. Es ist ein einzigartiges Museum voller Geschichten und Abenteuer. Lassen Sie sich \u00fcberraschen, wie viel es zu sehen und zu tun gibt. F\u00fcr Jung und Alt gibt es drinnen und drau\u00dfen alles M\u00f6gliche zu erleben. Neugierig, wie andere ihren Besuch fanden?Schauen Sie sich dann die <a href=\"https:\/\/www.facebook.com\/KaapSkil\/reviews\/\" target=\"_blank\" rel=\"noopener noreferrer\">Rezensionen auf Facebook<\/a> an. <\/strong><strong>Wir sehen uns im Museum Kaap Skil!<\/strong><\/p>\n<p><em>\u201cTop-Museum! Wir haben das Konzept und die Vielfalt genossen, vor allem die interaktive Ausstellung Schiff Ahoi &#8211; die Reede von Texel und die Welt. Sehr sch\u00f6n eingerichtet&#8230;.. Chapeau!\u201d<\/em><br \/>\n<iframe loading=\"lazy\" title=\"YouTube video player\" src=\"https:\/\/www.youtube-nocookie.com\/embed\/lKL-PrvKNe4?si=5TSKDTB8Gkw_2MXk\" width=\"1280\" height=\"530\" frameborder=\"0\" allowfullscreen=\"allowfullscreen\"><\/iframe><\/p>\n<h2 dir=\"ltr\" data-placeholder=\"Vertaling\"><\/h2>\n<h2 id=\"tw-target-text\" class=\"tw-data-text tw-text-large XcVN5d tw-ta\" dir=\"ltr\" data-placeholder=\"Vertaling\"><span lang=\"de\">Ferien<\/span><strong> mit<\/strong> Kindern<strong> auf Texel<\/strong><\/h2>\n<p><em>\u201cSehr sch\u00f6nes Museum! Wir waren hier, mit unserem Sohn (10) und unserer Tochter (13) und sie hatten eine tolle Zeit. Es gibt viel zu sehen und zu tun. Sehr toll! Empfohlen\u201d.<\/em><\/p>\n<p><img loading=\"lazy\" decoding=\"async\" class=\"default-width alignright wp-image-12615 size-thumbnail\" src=\"https:\/\/kaapskil.nl\/wp-content\/uploads\/2023\/11\/MK_Awards-Sticker_2024-Normaal-150x150.png\" alt=\"Museumkids kidsproof 2024 Museum Kaap Skil\" width=\"150\" height=\"150\" srcset=\"https:\/\/kaapskil.nl\/wp-content\/uploads\/2023\/11\/MK_Awards-Sticker_2024-Normaal-150x150.png 150w, https:\/\/kaapskil.nl\/wp-content\/uploads\/2023\/11\/MK_Awards-Sticker_2024-Normaal-300x300.png 300w, https:\/\/kaapskil.nl\/wp-content\/uploads\/2023\/11\/MK_Awards-Sticker_2024-Normaal-1024x1024.png 1024w, https:\/\/kaapskil.nl\/wp-content\/uploads\/2023\/11\/MK_Awards-Sticker_2024-Normaal-768x768.png 768w, https:\/\/kaapskil.nl\/wp-content\/uploads\/2023\/11\/MK_Awards-Sticker_2024-Normaal-100x100.png 100w, https:\/\/kaapskil.nl\/wp-content\/uploads\/2023\/11\/MK_Awards-Sticker_2024-Normaal-350x350.png 350w, https:\/\/kaapskil.nl\/wp-content\/uploads\/2023\/11\/MK_Awards-Sticker_2024-Normaal.png 1241w\" sizes=\"auto, (max-width: 150px) 100vw, 150px\" \/> Ein Museum langweilig? Das gilt nicht f\u00fcr das Museum Kaap Skil! Auch f\u00fcr Kinder gibt es viel zu tun. Spiele und Basteleien in den Ausstellungen fordern sie zum genauen Hinsehen, Suchen und aktiven Mitmachen auf. Die ungew\u00f6hnlichen aufgetauchten Funde regen die Phantasie aller Altersgruppen an. Legen Sie Ihr Ohr auch an die Schale und lauschen Sie. Die Handwerker, die regelm\u00e4\u00dfig im Museum t\u00e4tig sind, teilen ihr Wissen gerne. Die Seilschl\u00e4ger freuen sich, wenn man beim Schlagen hilft. Mit einem selbstgemachten Springseil als Belohnung!<\/p>\n<p><em>\u201cSehr sch\u00f6n umgesetzt, super Spa\u00df f\u00fcr Kinder und das ganze 2020\u201d<\/em><\/p>\n<h2>Was zu tun auf Texel?<\/h2>\n<p><em>&#8220;Sehr sch\u00f6nes, abwechslungsreiches Museum, drinnen und drau\u00dfen viel zu sehen und zu erleben (auch f\u00fcr Kinder), besonders f\u00fcr einen Einblick in die Geschichte von Texel, das Leben auf Texel und die Kultur von Texel&#8221;.<\/em><\/p>\n<p><img loading=\"lazy\" decoding=\"async\" class=\"alignright size-full wp-image-6362\" src=\"https:\/\/kaapskil.nl\/wp-content\/uploads\/2020\/07\/Kaap_Skil_Sfeerbeelden_44_StefanKrofft-2019-3.jpg\" alt=\"Vakantie op Texel met kinderen\" width=\"637\" height=\"349\" srcset=\"https:\/\/kaapskil.nl\/wp-content\/uploads\/2020\/07\/Kaap_Skil_Sfeerbeelden_44_StefanKrofft-2019-3.jpg 637w, https:\/\/kaapskil.nl\/wp-content\/uploads\/2020\/07\/Kaap_Skil_Sfeerbeelden_44_StefanKrofft-2019-3-300x164.jpg 300w, https:\/\/kaapskil.nl\/wp-content\/uploads\/2020\/07\/Kaap_Skil_Sfeerbeelden_44_StefanKrofft-2019-3-100x55.jpg 100w\" sizes=\"auto, (max-width: 637px) 100vw, 637px\" \/><\/p>\n<p>Das Museum Kaap Skil ist voll von Erz\u00e4hlungen \u00fcber die besondere und abenteuerliche maritime Geschichte von Texel. Vom siebzehnten bis zum achtzehnten Jahrhundert war Texel der Mittelpunkt des Welthandels. Hunderte Handels- und Kriegsschiffe sammelten sich auf der Reede von Texel, bei Ankunft und Abfahrt. Diese Zeit wird im gro\u00dfen maritimen Modell mit exakt nachgebauten Miniaturschiffen im Eingangsgeb\u00e4ude wiederbelebt. Aufgetauchte Gegenst\u00e4nde aus Schiffswracks veranschaulichen den Handel in alle Windrichtungen. Eine eigene Ausstellung ist den einzigartigen, exklusiven Funden aus dem Palmholzwrack gewidmet. Der Besitzer dieser fantastischen Gegenst\u00e4nde muss sehr reich gewesen sein.<\/p>\n<p><em>\u201cWar zum dritten Mal hintereinander hier. Sehe immer neue Dinge. Tolles und sch\u00f6nes Museum. Sehr vielf\u00e4ltig\u201d.<\/em><\/p>\n<h2>Auf Texel bei sch\u00f6nem oder auch schlechtem Wetter?<\/h2>\n<p><em>\u201cUmfassendes und lehrreiches Museum. Ideal f\u00fcr einen Tag mit schlechterem Wetter. Kinder und Erwachsene k\u00f6nnen sich hier perfekt einf\u00fchlen, wie es hier fr\u00fcher einmal war.<\/em><em>&#x1f44d;\u201d<\/em><\/p>\n<p><img loading=\"lazy\" decoding=\"async\" class=\"alignright wp-image-5792\" src=\"https:\/\/kaapskil.nl\/wp-content\/uploads\/2020\/05\/veelgevraagde-vragen-Kaap_Skil_Sfeerbeelden_62_StefanKrofft-2019.jpg\" alt=\"Veelgestelde vragen Museum Kaap Skil\" width=\"640\" height=\"426\" srcset=\"https:\/\/kaapskil.nl\/wp-content\/uploads\/2020\/05\/veelgevraagde-vragen-Kaap_Skil_Sfeerbeelden_62_StefanKrofft-2019.jpg 650w, https:\/\/kaapskil.nl\/wp-content\/uploads\/2020\/05\/veelgevraagde-vragen-Kaap_Skil_Sfeerbeelden_62_StefanKrofft-2019-300x200.jpg 300w, https:\/\/kaapskil.nl\/wp-content\/uploads\/2020\/05\/veelgevraagde-vragen-Kaap_Skil_Sfeerbeelden_62_StefanKrofft-2019-100x67.jpg 100w, https:\/\/kaapskil.nl\/wp-content\/uploads\/2020\/05\/veelgevraagde-vragen-Kaap_Skil_Sfeerbeelden_62_StefanKrofft-2019-360x240.jpg 360w\" sizes=\"auto, (max-width: 640px) 100vw, 640px\" \/><\/p>\n<p>Museum Kaap Skil ist ein interessanter Ausflug bei jedem Wetter. Es gibt viel zu sehen und zu tun, sowohl drinnen als auch drau\u00dfen. Die Ausstellungen sind auf mehrere ger\u00e4umige, denkmalgesch\u00fctzte Geb\u00e4ude verteilt und \u00fcberall ist etwas anderes zu entdecken. Im Freilichtmuseum k\u00f6nnen Sie herrlich spazieren und dort stehen einladende Picknicktische! Von der ger\u00e4umigen Terrasse hat man einen sch\u00f6nen Blick \u00fcber\u00a0 das Au\u00dfengel\u00e4nde mit den Fischerh\u00e4uschen. Regnet oder weht es ordentlich? Beim Modell der Reede von Texel kann man sehen, dass es auch im siebzehnten Jahrhundert ordentlich spuken konnte!<\/p>\n<p><em>\u201cSch\u00f6nes Museum bei jedem holl\u00e4ndischen Wetter\u201d.<\/em><\/p>\n","protected":false},"excerpt":{"rendered":"<p>M\u00f6chten Sie Texel wirklich kennen lernen? Dann m\u00fcssen Sie das Museum Kaap Skil besucht haben! Hier erfahren Sie alles \u00fcber das Leben mit dem Meer. Es ist ein einzigartiges Museum voller Geschichten und Abenteuer.<\/p>\n","protected":false},"author":16,"featured_media":8151,"parent":0,"menu_order":0,"comment_status":"closed","ping_status":"closed","template":"page-templates\/detail.php","meta":{"_acf_changed":false,"footnotes":""},"categories":[],"tags":[],"class_list":["post-6376","page","type-page","status-publish","has-post-thumbnail","hentry"],"acf":[],"yoast_head":"<!-- This site is optimized with the Yoast SEO plugin v27.4 - https:\/\/yoast.com\/product\/yoast-seo-wordpress\/ -->\n<title>Im Urlaub nach Texel? Besuchen Sie das Museum Kaap Skil! - Museum Kaap Skil<\/title>\n<meta name=\"description\" content=\"M\u00f6chten Sie Texel wirklich kennen lernen? Dann m\u00fcssen Sie das Museum Kaap Skil besucht haben! Hier erfahren Sie alles \u00fcber das Leben mit dem Meer. Es ist ein einzigartiges Museum voller Geschichten und Abenteuer\" \/>\n<meta name=\"robots\" content=\"index, follow, max-snippet:-1, max-image-preview:large, max-video-preview:-1\" \/>\n<link rel=\"canonical\" href=\"https:\/\/kaapskil.nl\/de\/urlaub-nach-texel\/\" \/>\n<meta property=\"og:locale\" content=\"de_DE\" \/>\n<meta property=\"og:type\" content=\"article\" \/>\n<meta property=\"og:title\" content=\"Im Urlaub nach Texel? Besuchen Sie das Museum Kaap Skil! - Museum Kaap Skil\" \/>\n<meta property=\"og:description\" content=\"M\u00f6chten Sie Texel wirklich kennen lernen? Dann m\u00fcssen Sie das Museum Kaap Skil besucht haben! Hier erfahren Sie alles \u00fcber das Leben mit dem Meer. Es ist ein einzigartiges Museum voller Geschichten und Abenteuer\" \/>\n<meta property=\"og:url\" content=\"https:\/\/kaapskil.nl\/de\/urlaub-nach-texel\/\" \/>\n<meta property=\"og:site_name\" content=\"Museum Kaap Skil\" \/>\n<meta property=\"article:modified_time\" content=\"2024-06-06T09:08:11+00:00\" \/>\n<meta property=\"og:image\" content=\"https:\/\/kaapskil.nl\/wp-content\/uploads\/2021\/08\/Header-MKS-zomercampagne-2021-header-You-tube-2560x1440px-V4-zonder-tekst.jpeg\" \/>\n\t<meta property=\"og:image:width\" content=\"2560\" \/>\n\t<meta property=\"og:image:height\" content=\"570\" \/>\n\t<meta property=\"og:image:type\" content=\"image\/jpeg\" \/>\n<meta name=\"twitter:card\" content=\"summary_large_image\" \/>\n<meta name=\"twitter:label1\" content=\"Est. reading time\" \/>\n\t<meta name=\"twitter:data1\" content=\"4 minutes\" \/>\n<script type=\"application\/ld+json\" class=\"yoast-schema-graph\">{\"@context\":\"https:\\\/\\\/schema.org\",\"@graph\":[{\"@type\":\"WebPage\",\"@id\":\"https:\\\/\\\/kaapskil.nl\\\/de\\\/urlaub-nach-texel\\\/\",\"url\":\"https:\\\/\\\/kaapskil.nl\\\/de\\\/urlaub-nach-texel\\\/\",\"name\":\"Im Urlaub nach Texel? Besuchen Sie das Museum Kaap Skil! - Museum Kaap Skil\",\"isPartOf\":{\"@id\":\"https:\\\/\\\/kaapskil.nl\\\/#website\"},\"primaryImageOfPage\":{\"@id\":\"https:\\\/\\\/kaapskil.nl\\\/de\\\/urlaub-nach-texel\\\/#primaryimage\"},\"image\":{\"@id\":\"https:\\\/\\\/kaapskil.nl\\\/de\\\/urlaub-nach-texel\\\/#primaryimage\"},\"thumbnailUrl\":\"https:\\\/\\\/kaapskil.nl\\\/wp-content\\\/uploads\\\/2021\\\/08\\\/Header-MKS-zomercampagne-2021-header-You-tube-2560x1440px-V4-zonder-tekst.jpeg\",\"datePublished\":\"2020-07-08T08:59:38+00:00\",\"dateModified\":\"2024-06-06T09:08:11+00:00\",\"description\":\"M\u00f6chten Sie Texel wirklich kennen lernen? Dann m\u00fcssen Sie das Museum Kaap Skil besucht haben! Hier erfahren Sie alles \u00fcber das Leben mit dem Meer. Es ist ein einzigartiges Museum voller Geschichten und Abenteuer\",\"breadcrumb\":{\"@id\":\"https:\\\/\\\/kaapskil.nl\\\/de\\\/urlaub-nach-texel\\\/#breadcrumb\"},\"inLanguage\":\"de-DE\",\"potentialAction\":[{\"@type\":\"ReadAction\",\"target\":[\"https:\\\/\\\/kaapskil.nl\\\/de\\\/urlaub-nach-texel\\\/\"]}]},{\"@type\":\"ImageObject\",\"inLanguage\":\"de-DE\",\"@id\":\"https:\\\/\\\/kaapskil.nl\\\/de\\\/urlaub-nach-texel\\\/#primaryimage\",\"url\":\"https:\\\/\\\/kaapskil.nl\\\/wp-content\\\/uploads\\\/2021\\\/08\\\/Header-MKS-zomercampagne-2021-header-You-tube-2560x1440px-V4-zonder-tekst.jpeg\",\"contentUrl\":\"https:\\\/\\\/kaapskil.nl\\\/wp-content\\\/uploads\\\/2021\\\/08\\\/Header-MKS-zomercampagne-2021-header-You-tube-2560x1440px-V4-zonder-tekst.jpeg\",\"width\":2560,\"height\":570,\"caption\":\"Vakantie Texel met kinderen\"},{\"@type\":\"BreadcrumbList\",\"@id\":\"https:\\\/\\\/kaapskil.nl\\\/de\\\/urlaub-nach-texel\\\/#breadcrumb\",\"itemListElement\":[{\"@type\":\"ListItem\",\"position\":1,\"name\":\"Home\",\"item\":\"https:\\\/\\\/kaapskil.nl\\\/de\\\/\"},{\"@type\":\"ListItem\",\"position\":2,\"name\":\"Im Urlaub nach Texel? Besuchen Sie das Museum Kaap Skil!\"}]},{\"@type\":\"WebSite\",\"@id\":\"https:\\\/\\\/kaapskil.nl\\\/#website\",\"url\":\"https:\\\/\\\/kaapskil.nl\\\/\",\"name\":\"Museum Kaap Skil\",\"description\":\"Stichting Texels Museum\",\"potentialAction\":[{\"@type\":\"SearchAction\",\"target\":{\"@type\":\"EntryPoint\",\"urlTemplate\":\"https:\\\/\\\/kaapskil.nl\\\/?s={search_term_string}\"},\"query-input\":{\"@type\":\"PropertyValueSpecification\",\"valueRequired\":true,\"valueName\":\"search_term_string\"}}],\"inLanguage\":\"de-DE\"}]}<\/script>\n<!-- \/ Yoast SEO plugin. -->","yoast_head_json":{"title":"Im Urlaub nach Texel? Besuchen Sie das Museum Kaap Skil! - Museum Kaap Skil","description":"M\u00f6chten Sie Texel wirklich kennen lernen? Dann m\u00fcssen Sie das Museum Kaap Skil besucht haben! Hier erfahren Sie alles \u00fcber das Leben mit dem Meer. Es ist ein einzigartiges Museum voller Geschichten und Abenteuer","robots":{"index":"index","follow":"follow","max-snippet":"max-snippet:-1","max-image-preview":"max-image-preview:large","max-video-preview":"max-video-preview:-1"},"canonical":"https:\/\/kaapskil.nl\/de\/urlaub-nach-texel\/","og_locale":"de_DE","og_type":"article","og_title":"Im Urlaub nach Texel? Besuchen Sie das Museum Kaap Skil! - Museum Kaap Skil","og_description":"M\u00f6chten Sie Texel wirklich kennen lernen? Dann m\u00fcssen Sie das Museum Kaap Skil besucht haben! Hier erfahren Sie alles \u00fcber das Leben mit dem Meer. Es ist ein einzigartiges Museum voller Geschichten und Abenteuer","og_url":"https:\/\/kaapskil.nl\/de\/urlaub-nach-texel\/","og_site_name":"Museum Kaap Skil","article_modified_time":"2024-06-06T09:08:11+00:00","og_image":[{"width":2560,"height":570,"url":"https:\/\/kaapskil.nl\/wp-content\/uploads\/2021\/08\/Header-MKS-zomercampagne-2021-header-You-tube-2560x1440px-V4-zonder-tekst.jpeg","type":"image\/jpeg"}],"twitter_card":"summary_large_image","twitter_misc":{"Est. reading time":"4 minutes"},"schema":{"@context":"https:\/\/schema.org","@graph":[{"@type":"WebPage","@id":"https:\/\/kaapskil.nl\/de\/urlaub-nach-texel\/","url":"https:\/\/kaapskil.nl\/de\/urlaub-nach-texel\/","name":"Im Urlaub nach Texel? Besuchen Sie das Museum Kaap Skil! - Museum Kaap Skil","isPartOf":{"@id":"https:\/\/kaapskil.nl\/#website"},"primaryImageOfPage":{"@id":"https:\/\/kaapskil.nl\/de\/urlaub-nach-texel\/#primaryimage"},"image":{"@id":"https:\/\/kaapskil.nl\/de\/urlaub-nach-texel\/#primaryimage"},"thumbnailUrl":"https:\/\/kaapskil.nl\/wp-content\/uploads\/2021\/08\/Header-MKS-zomercampagne-2021-header-You-tube-2560x1440px-V4-zonder-tekst.jpeg","datePublished":"2020-07-08T08:59:38+00:00","dateModified":"2024-06-06T09:08:11+00:00","description":"M\u00f6chten Sie Texel wirklich kennen lernen? Dann m\u00fcssen Sie das Museum Kaap Skil besucht haben! Hier erfahren Sie alles \u00fcber das Leben mit dem Meer. Es ist ein einzigartiges Museum voller Geschichten und Abenteuer","breadcrumb":{"@id":"https:\/\/kaapskil.nl\/de\/urlaub-nach-texel\/#breadcrumb"},"inLanguage":"de-DE","potentialAction":[{"@type":"ReadAction","target":["https:\/\/kaapskil.nl\/de\/urlaub-nach-texel\/"]}]},{"@type":"ImageObject","inLanguage":"de-DE","@id":"https:\/\/kaapskil.nl\/de\/urlaub-nach-texel\/#primaryimage","url":"https:\/\/kaapskil.nl\/wp-content\/uploads\/2021\/08\/Header-MKS-zomercampagne-2021-header-You-tube-2560x1440px-V4-zonder-tekst.jpeg","contentUrl":"https:\/\/kaapskil.nl\/wp-content\/uploads\/2021\/08\/Header-MKS-zomercampagne-2021-header-You-tube-2560x1440px-V4-zonder-tekst.jpeg","width":2560,"height":570,"caption":"Vakantie Texel met kinderen"},{"@type":"BreadcrumbList","@id":"https:\/\/kaapskil.nl\/de\/urlaub-nach-texel\/#breadcrumb","itemListElement":[{"@type":"ListItem","position":1,"name":"Home","item":"https:\/\/kaapskil.nl\/de\/"},{"@type":"ListItem","position":2,"name":"Im Urlaub nach Texel? Besuchen Sie das Museum Kaap Skil!"}]},{"@type":"WebSite","@id":"https:\/\/kaapskil.nl\/#website","url":"https:\/\/kaapskil.nl\/","name":"Museum Kaap Skil","description":"Stichting Texels Museum","potentialAction":[{"@type":"SearchAction","target":{"@type":"EntryPoint","urlTemplate":"https:\/\/kaapskil.nl\/?s={search_term_string}"},"query-input":{"@type":"PropertyValueSpecification","valueRequired":true,"valueName":"search_term_string"}}],"inLanguage":"de-DE"}]}},"_links":{"self":[{"href":"https:\/\/kaapskil.nl\/de\/wp-json\/wp\/v2\/pages\/6376","targetHints":{"allow":["GET"]}}],"collection":[{"href":"https:\/\/kaapskil.nl\/de\/wp-json\/wp\/v2\/pages"}],"about":[{"href":"https:\/\/kaapskil.nl\/de\/wp-json\/wp\/v2\/types\/page"}],"author":[{"embeddable":true,"href":"https:\/\/kaapskil.nl\/de\/wp-json\/wp\/v2\/users\/16"}],"replies":[{"embeddable":true,"href":"https:\/\/kaapskil.nl\/de\/wp-json\/wp\/v2\/comments?post=6376"}],"version-history":[{"count":0,"href":"https:\/\/kaapskil.nl\/de\/wp-json\/wp\/v2\/pages\/6376\/revisions"}],"wp:featuredmedia":[{"embeddable":true,"href":"https:\/\/kaapskil.nl\/de\/wp-json\/wp\/v2\/media\/8151"}],"wp:attachment":[{"href":"https:\/\/kaapskil.nl\/de\/wp-json\/wp\/v2\/media?parent=6376"}],"wp:term":[{"taxonomy":"category","embeddable":true,"href":"https:\/\/kaapskil.nl\/de\/wp-json\/wp\/v2\/categories?post=6376"},{"taxonomy":"post_tag","embeddable":true,"href":"https:\/\/kaapskil.nl\/de\/wp-json\/wp\/v2\/tags?post=6376"}],"curies":[{"name":"wp","href":"https:\/\/api.w.org\/{rel}","templated":true}]}}