{"id":8648,"date":"2022-02-28T09:19:21","date_gmt":"2022-02-28T08:19:21","guid":{"rendered":"https:\/\/kaapskil.preview2.raadhuis.com\/?page_id=8648"},"modified":"2024-02-22T14:27:45","modified_gmt":"2024-02-22T13:27:45","slug":"offenes-depot","status":"publish","type":"page","link":"https:\/\/kaapskil.nl\/de\/entdecken\/ausstellungen\/offenes-depot\/","title":{"rendered":"Offenes Depot"},"content":{"rendered":"<p><strong><img loading=\"lazy\" decoding=\"async\" class=\"alignright wp-image-9141 size-full\" src=\"https:\/\/kaapskil.nl\/wp-content\/uploads\/2022\/04\/Website-Manon-zet-kruik-in-vitrine-P1040372.jpg\" alt=\"Open d\" width=\"840\" height=\"630\" srcset=\"https:\/\/kaapskil.nl\/wp-content\/uploads\/2022\/04\/Website-Manon-zet-kruik-in-vitrine-P1040372.jpg 840w, https:\/\/kaapskil.nl\/wp-content\/uploads\/2022\/04\/Website-Manon-zet-kruik-in-vitrine-P1040372-300x225.jpg 300w, https:\/\/kaapskil.nl\/wp-content\/uploads\/2022\/04\/Website-Manon-zet-kruik-in-vitrine-P1040372-768x576.jpg 768w, https:\/\/kaapskil.nl\/wp-content\/uploads\/2022\/04\/Website-Manon-zet-kruik-in-vitrine-P1040372-100x75.jpg 100w, https:\/\/kaapskil.nl\/wp-content\/uploads\/2022\/04\/Website-Manon-zet-kruik-in-vitrine-P1040372-480x360.jpg 480w\" sizes=\"auto, (max-width: 840px) 100vw, 840px\" \/>Tauchen Sie in der Unterwasserarch\u00e4ologie in das Offene Depot! Sie finden es im denkmalgesch\u00fctzen Getreidespeicher. Hier sind die verschiedensten aufgetauchten Funde zu sehen, die alle aus jahrhundertealten Schiffswracks stammen.\u00a0<\/strong><\/p>\n<h2>Unterwasserarch\u00e4ologie<\/h2>\n<p>Durch Schiffsbr\u00fcche auf der Reede von Texel sind Hunderte von Schiffe im sechzehnten, siebzehnten und achtzehnten Jahrhundert auf dem Meeresboden gelandet. Es waren vor allem Handelsschiffe, die in alle Windrichtungen fuhren oder von dort kamen. Jahrhundertelang lagen sie unter dem Sand begraben, sicher vor dem Zahn der Zeit. Manchmal wird ein solches Wrack frei gesp\u00fclt. Taucher finden dann Schiffsteile, pers\u00f6nliche Gegenst\u00e4nde der Seeleute und Handelswaren. Im Offenen Depot ist eine Auswahl der vielen tausend Objekte zu sehen, die auf dem Meeresgrund vor Texel aufgetaucht sind.<\/p>\n","protected":false},"excerpt":{"rendered":"<p>Verschiedensten aufgetauchten Funde, alle aus jahrhundertealten Schiffswracks.<\/p>\n","protected":false},"author":16,"featured_media":8641,"parent":339,"menu_order":4,"comment_status":"closed","ping_status":"closed","template":"page-templates\/museum-highlight.php","meta":{"_acf_changed":false,"footnotes":""},"categories":[],"tags":[],"class_list":["post-8648","page","type-page","status-publish","has-post-thumbnail","hentry"],"acf":[],"yoast_head":"<!-- This site is optimized with the Yoast SEO plugin v27.4 - https:\/\/yoast.com\/product\/yoast-seo-wordpress\/ -->\n<title>Offenes Depot - Museum Kaap Skil<\/title>\n<meta name=\"description\" content=\"Verschiedensten aufgetauchten Funde, alle aus jahrhundertealten Schiffswracks.\" \/>\n<meta name=\"robots\" content=\"index, follow, max-snippet:-1, max-image-preview:large, max-video-preview:-1\" \/>\n<link rel=\"canonical\" href=\"https:\/\/kaapskil.nl\/de\/entdecken\/ausstellungen\/offenes-depot\/\" \/>\n<meta property=\"og:locale\" content=\"de_DE\" \/>\n<meta property=\"og:type\" content=\"article\" \/>\n<meta property=\"og:title\" content=\"Offenes Depot - Museum Kaap Skil\" \/>\n<meta property=\"og:description\" content=\"Verschiedensten aufgetauchten Funde, alle aus jahrhundertealten Schiffswracks.\" \/>\n<meta property=\"og:url\" content=\"https:\/\/kaapskil.nl\/de\/entdecken\/ausstellungen\/offenes-depot\/\" \/>\n<meta property=\"og:site_name\" content=\"Museum Kaap Skil\" \/>\n<meta property=\"article:modified_time\" content=\"2024-02-22T13:27:45+00:00\" \/>\n<meta property=\"og:image\" content=\"https:\/\/kaapskil.nl\/wp-content\/uploads\/2022\/02\/Insta-78-2-C11-C22-4.jpg\" \/>\n\t<meta property=\"og:image:width\" content=\"1000\" \/>\n\t<meta property=\"og:image:height\" content=\"605\" \/>\n\t<meta property=\"og:image:type\" content=\"image\/jpeg\" \/>\n<meta name=\"twitter:card\" content=\"summary_large_image\" \/>\n<meta name=\"twitter:label1\" content=\"Est. reading time\" \/>\n\t<meta name=\"twitter:data1\" content=\"1 minute\" \/>\n<script type=\"application\/ld+json\" class=\"yoast-schema-graph\">{\"@context\":\"https:\\\/\\\/schema.org\",\"@graph\":[{\"@type\":\"WebPage\",\"@id\":\"https:\\\/\\\/kaapskil.nl\\\/de\\\/entdecken\\\/ausstellungen\\\/offenes-depot\\\/\",\"url\":\"https:\\\/\\\/kaapskil.nl\\\/de\\\/entdecken\\\/ausstellungen\\\/offenes-depot\\\/\",\"name\":\"Offenes Depot - Museum Kaap Skil\",\"isPartOf\":{\"@id\":\"https:\\\/\\\/kaapskil.nl\\\/#website\"},\"primaryImageOfPage\":{\"@id\":\"https:\\\/\\\/kaapskil.nl\\\/de\\\/entdecken\\\/ausstellungen\\\/offenes-depot\\\/#primaryimage\"},\"image\":{\"@id\":\"https:\\\/\\\/kaapskil.nl\\\/de\\\/entdecken\\\/ausstellungen\\\/offenes-depot\\\/#primaryimage\"},\"thumbnailUrl\":\"https:\\\/\\\/kaapskil.nl\\\/wp-content\\\/uploads\\\/2022\\\/02\\\/Insta-78-2-C11-C22-4.jpg\",\"datePublished\":\"2022-02-28T08:19:21+00:00\",\"dateModified\":\"2024-02-22T13:27:45+00:00\",\"description\":\"Verschiedensten aufgetauchten Funde, alle aus jahrhundertealten Schiffswracks.\",\"breadcrumb\":{\"@id\":\"https:\\\/\\\/kaapskil.nl\\\/de\\\/entdecken\\\/ausstellungen\\\/offenes-depot\\\/#breadcrumb\"},\"inLanguage\":\"de-DE\",\"potentialAction\":[{\"@type\":\"ReadAction\",\"target\":[\"https:\\\/\\\/kaapskil.nl\\\/de\\\/entdecken\\\/ausstellungen\\\/offenes-depot\\\/\"]}]},{\"@type\":\"ImageObject\",\"inLanguage\":\"de-DE\",\"@id\":\"https:\\\/\\\/kaapskil.nl\\\/de\\\/entdecken\\\/ausstellungen\\\/offenes-depot\\\/#primaryimage\",\"url\":\"https:\\\/\\\/kaapskil.nl\\\/wp-content\\\/uploads\\\/2022\\\/02\\\/Insta-78-2-C11-C22-4.jpg\",\"contentUrl\":\"https:\\\/\\\/kaapskil.nl\\\/wp-content\\\/uploads\\\/2022\\\/02\\\/Insta-78-2-C11-C22-4.jpg\",\"width\":1000,\"height\":605,\"caption\":\"schervenwrak keramiek kop schotel\"},{\"@type\":\"BreadcrumbList\",\"@id\":\"https:\\\/\\\/kaapskil.nl\\\/de\\\/entdecken\\\/ausstellungen\\\/offenes-depot\\\/#breadcrumb\",\"itemListElement\":[{\"@type\":\"ListItem\",\"position\":1,\"name\":\"Home\",\"item\":\"https:\\\/\\\/kaapskil.nl\\\/de\\\/\"},{\"@type\":\"ListItem\",\"position\":2,\"name\":\"Entdecken\",\"item\":\"https:\\\/\\\/kaapskil.nl\\\/de\\\/entdecken\\\/\"},{\"@type\":\"ListItem\",\"position\":3,\"name\":\"Ausstellungen\",\"item\":\"https:\\\/\\\/kaapskil.nl\\\/de\\\/entdecken\\\/ausstellungen\\\/\"},{\"@type\":\"ListItem\",\"position\":4,\"name\":\"Offenes Depot\"}]},{\"@type\":\"WebSite\",\"@id\":\"https:\\\/\\\/kaapskil.nl\\\/#website\",\"url\":\"https:\\\/\\\/kaapskil.nl\\\/\",\"name\":\"Museum Kaap Skil\",\"description\":\"Stichting Texels Museum\",\"potentialAction\":[{\"@type\":\"SearchAction\",\"target\":{\"@type\":\"EntryPoint\",\"urlTemplate\":\"https:\\\/\\\/kaapskil.nl\\\/?s={search_term_string}\"},\"query-input\":{\"@type\":\"PropertyValueSpecification\",\"valueRequired\":true,\"valueName\":\"search_term_string\"}}],\"inLanguage\":\"de-DE\"}]}<\/script>\n<!-- \/ Yoast SEO plugin. -->","yoast_head_json":{"title":"Offenes Depot - Museum Kaap Skil","description":"Verschiedensten aufgetauchten Funde, alle aus jahrhundertealten Schiffswracks.","robots":{"index":"index","follow":"follow","max-snippet":"max-snippet:-1","max-image-preview":"max-image-preview:large","max-video-preview":"max-video-preview:-1"},"canonical":"https:\/\/kaapskil.nl\/de\/entdecken\/ausstellungen\/offenes-depot\/","og_locale":"de_DE","og_type":"article","og_title":"Offenes Depot - Museum Kaap Skil","og_description":"Verschiedensten aufgetauchten Funde, alle aus jahrhundertealten Schiffswracks.","og_url":"https:\/\/kaapskil.nl\/de\/entdecken\/ausstellungen\/offenes-depot\/","og_site_name":"Museum Kaap Skil","article_modified_time":"2024-02-22T13:27:45+00:00","og_image":[{"width":1000,"height":605,"url":"https:\/\/kaapskil.nl\/wp-content\/uploads\/2022\/02\/Insta-78-2-C11-C22-4.jpg","type":"image\/jpeg"}],"twitter_card":"summary_large_image","twitter_misc":{"Est. reading time":"1 minute"},"schema":{"@context":"https:\/\/schema.org","@graph":[{"@type":"WebPage","@id":"https:\/\/kaapskil.nl\/de\/entdecken\/ausstellungen\/offenes-depot\/","url":"https:\/\/kaapskil.nl\/de\/entdecken\/ausstellungen\/offenes-depot\/","name":"Offenes Depot - Museum Kaap Skil","isPartOf":{"@id":"https:\/\/kaapskil.nl\/#website"},"primaryImageOfPage":{"@id":"https:\/\/kaapskil.nl\/de\/entdecken\/ausstellungen\/offenes-depot\/#primaryimage"},"image":{"@id":"https:\/\/kaapskil.nl\/de\/entdecken\/ausstellungen\/offenes-depot\/#primaryimage"},"thumbnailUrl":"https:\/\/kaapskil.nl\/wp-content\/uploads\/2022\/02\/Insta-78-2-C11-C22-4.jpg","datePublished":"2022-02-28T08:19:21+00:00","dateModified":"2024-02-22T13:27:45+00:00","description":"Verschiedensten aufgetauchten Funde, alle aus jahrhundertealten Schiffswracks.","breadcrumb":{"@id":"https:\/\/kaapskil.nl\/de\/entdecken\/ausstellungen\/offenes-depot\/#breadcrumb"},"inLanguage":"de-DE","potentialAction":[{"@type":"ReadAction","target":["https:\/\/kaapskil.nl\/de\/entdecken\/ausstellungen\/offenes-depot\/"]}]},{"@type":"ImageObject","inLanguage":"de-DE","@id":"https:\/\/kaapskil.nl\/de\/entdecken\/ausstellungen\/offenes-depot\/#primaryimage","url":"https:\/\/kaapskil.nl\/wp-content\/uploads\/2022\/02\/Insta-78-2-C11-C22-4.jpg","contentUrl":"https:\/\/kaapskil.nl\/wp-content\/uploads\/2022\/02\/Insta-78-2-C11-C22-4.jpg","width":1000,"height":605,"caption":"schervenwrak keramiek kop schotel"},{"@type":"BreadcrumbList","@id":"https:\/\/kaapskil.nl\/de\/entdecken\/ausstellungen\/offenes-depot\/#breadcrumb","itemListElement":[{"@type":"ListItem","position":1,"name":"Home","item":"https:\/\/kaapskil.nl\/de\/"},{"@type":"ListItem","position":2,"name":"Entdecken","item":"https:\/\/kaapskil.nl\/de\/entdecken\/"},{"@type":"ListItem","position":3,"name":"Ausstellungen","item":"https:\/\/kaapskil.nl\/de\/entdecken\/ausstellungen\/"},{"@type":"ListItem","position":4,"name":"Offenes Depot"}]},{"@type":"WebSite","@id":"https:\/\/kaapskil.nl\/#website","url":"https:\/\/kaapskil.nl\/","name":"Museum Kaap Skil","description":"Stichting Texels Museum","potentialAction":[{"@type":"SearchAction","target":{"@type":"EntryPoint","urlTemplate":"https:\/\/kaapskil.nl\/?s={search_term_string}"},"query-input":{"@type":"PropertyValueSpecification","valueRequired":true,"valueName":"search_term_string"}}],"inLanguage":"de-DE"}]}},"_links":{"self":[{"href":"https:\/\/kaapskil.nl\/de\/wp-json\/wp\/v2\/pages\/8648","targetHints":{"allow":["GET"]}}],"collection":[{"href":"https:\/\/kaapskil.nl\/de\/wp-json\/wp\/v2\/pages"}],"about":[{"href":"https:\/\/kaapskil.nl\/de\/wp-json\/wp\/v2\/types\/page"}],"author":[{"embeddable":true,"href":"https:\/\/kaapskil.nl\/de\/wp-json\/wp\/v2\/users\/16"}],"replies":[{"embeddable":true,"href":"https:\/\/kaapskil.nl\/de\/wp-json\/wp\/v2\/comments?post=8648"}],"version-history":[{"count":0,"href":"https:\/\/kaapskil.nl\/de\/wp-json\/wp\/v2\/pages\/8648\/revisions"}],"up":[{"embeddable":true,"href":"https:\/\/kaapskil.nl\/de\/wp-json\/wp\/v2\/pages\/339"}],"wp:featuredmedia":[{"embeddable":true,"href":"https:\/\/kaapskil.nl\/de\/wp-json\/wp\/v2\/media\/8641"}],"wp:attachment":[{"href":"https:\/\/kaapskil.nl\/de\/wp-json\/wp\/v2\/media?parent=8648"}],"wp:term":[{"taxonomy":"category","embeddable":true,"href":"https:\/\/kaapskil.nl\/de\/wp-json\/wp\/v2\/categories?post=8648"},{"taxonomy":"post_tag","embeddable":true,"href":"https:\/\/kaapskil.nl\/de\/wp-json\/wp\/v2\/tags?post=8648"}],"curies":[{"name":"wp","href":"https:\/\/api.w.org\/{rel}","templated":true}]}}