{"id":879,"date":"2018-03-20T08:51:18","date_gmt":"2018-03-20T08:51:18","guid":{"rendered":"http:\/\/kaapskilnl.web1.prod.raadhuis.com\/?page_id=879"},"modified":"2020-10-26T15:18:46","modified_gmt":"2020-10-26T15:18:46","slug":"muehle-de-traanroeier","status":"publish","type":"page","link":"https:\/\/kaapskil.nl\/de\/entdecken\/gebaeude\/muehle-de-traanroeier\/","title":{"rendered":"M\u00fchle De Traanroeier"},"content":{"rendered":"<p><img loading=\"lazy\" decoding=\"async\" class=\"alignright size-full wp-image-915\" src=\"https:\/\/kaapskil.nl\/wp-content\/uploads\/2018\/03\/DSC_0519.jpg\" alt=\"\" width=\"640\" height=\"962\" srcset=\"https:\/\/kaapskil.nl\/wp-content\/uploads\/2018\/03\/DSC_0519.jpg 640w, https:\/\/kaapskil.nl\/wp-content\/uploads\/2018\/03\/DSC_0519-200x300.jpg 200w\" sizes=\"auto, (max-width: 640px) 100vw, 640px\" \/><strong>Auf dem Museumsgel\u00e4nde steht eine noch funktionierende Getreidem\u00fchle: M\u00fchle De Traanroeier. Das nationale Denkmal stammt aus dem Jahr 1727.<\/strong><\/p>\n<p>Die M\u00fchle hat erst in Zaandam ihren Dienst verrichtet. Damals wurde die M\u00fchle schon De Traanroeier genannt, vermutlich ein Verweis auf den Ort, wo sie stand: an der Weer, an der Kreuzung mit dem Traanroeyersloot. 1902 wurde die M\u00fchle in Einzelteilen nach Texel gebracht. Sechzig Jahre sp\u00e4ter wurde sie umgebaut, um Strom erzeugen zu k\u00f6nnen. Das stellte sich jedoch nicht als rentabel heraus und nach zehn Jahren wurde die M\u00fchle stillgelegt. Durch eine Aktion, die vom Dorf Oudeschild ausging, wurde dieses denkmalgesch\u00fctzte Bauwerk 1999 in altem Glanz wieder hergestellt. Die M\u00fchle wurde Eigentum der Stiftung zum Erhalt der M\u00fchle De Traanroeier, sie wurde restauriert und bekam ihre urspr\u00fcngliche Funktion als Getreidem\u00fchle zur\u00fcck.<\/p>\n<p>Die M\u00fchle ist bis zur zweiten Etage f\u00fcr die Besucher des Museums frei zug\u00e4nglich. Wenn die M\u00fcller da sind, kann auch die dritte Etage, der Steinboden, besucht werden. In der M\u00fchle l\u00e4uft ein Film \u00fcber deren Funktion und es gibt eine Ausstellung \u00fcber die besondere Geschichte.<\/p>\n","protected":false},"excerpt":{"rendered":"<p>Auf dem Museumsgel\u00e4nde steht eine noch funktionierende Getreidem\u00fchle: M\u00fchle De Traanroeier. Das nationale Denkmal stammt aus dem Jahr 1727. Die M\u00fchle hat erst in Zaandam ihren Dienst verrichtet. <\/p>\n","protected":false},"author":1,"featured_media":912,"parent":631,"menu_order":20,"comment_status":"closed","ping_status":"closed","template":"page-templates\/museum-highlight.php","meta":{"_acf_changed":false,"footnotes":""},"categories":[],"tags":[64,34],"class_list":["post-879","page","type-page","status-publish","has-post-thumbnail","hentry","tag-gebaeude","tag-von-reede-zum-fischerdorf"],"acf":[],"yoast_head":"<!-- This site is optimized with the Yoast SEO plugin v27.3 - https:\/\/yoast.com\/product\/yoast-seo-wordpress\/ -->\n<title>M\u00fchle De Traanroeier<\/title>\n<meta name=\"description\" content=\"Auf dem Museumsgel\u00e4nde steht eine noch funktionsf\u00e4hige Getreidem\u00fchle. Das Denkmal stammt aus 1727. Die M\u00fcller sind Mittwochs- und Donnerstagsnachmittags in De Traanroeier bei der Arbeit.\" \/>\n<meta name=\"robots\" content=\"index, follow, max-snippet:-1, max-image-preview:large, max-video-preview:-1\" \/>\n<link rel=\"canonical\" href=\"https:\/\/kaapskil.nl\/de\/entdecken\/gebaeude\/muehle-de-traanroeier\/\" \/>\n<meta property=\"og:locale\" content=\"de_DE\" \/>\n<meta property=\"og:type\" content=\"article\" \/>\n<meta property=\"og:title\" content=\"M\u00fchle De Traanroeier\" \/>\n<meta property=\"og:description\" content=\"Auf dem Museumsgel\u00e4nde steht eine noch funktionsf\u00e4hige Getreidem\u00fchle. Das Denkmal stammt aus 1727. Die M\u00fcller sind Mittwochs- und Donnerstagsnachmittags in De Traanroeier bei der Arbeit.\" \/>\n<meta property=\"og:url\" content=\"https:\/\/kaapskil.nl\/de\/entdecken\/gebaeude\/muehle-de-traanroeier\/\" \/>\n<meta property=\"og:site_name\" content=\"Museum Kaap Skil\" \/>\n<meta property=\"article:modified_time\" content=\"2020-10-26T15:18:46+00:00\" \/>\n<meta property=\"og:image\" content=\"https:\/\/kaapskil.nl\/wp-content\/uploads\/2018\/03\/Molen01.jpg\" \/>\n\t<meta property=\"og:image:width\" content=\"640\" \/>\n\t<meta property=\"og:image:height\" content=\"360\" \/>\n\t<meta property=\"og:image:type\" content=\"image\/jpeg\" \/>\n<meta name=\"twitter:card\" content=\"summary_large_image\" \/>\n<meta name=\"twitter:label1\" content=\"Est. reading time\" \/>\n\t<meta name=\"twitter:data1\" content=\"1 minute\" \/>\n<script type=\"application\/ld+json\" class=\"yoast-schema-graph\">{\"@context\":\"https:\\\/\\\/schema.org\",\"@graph\":[{\"@type\":\"WebPage\",\"@id\":\"https:\\\/\\\/kaapskil.nl\\\/de\\\/entdecken\\\/gebaeude\\\/muehle-de-traanroeier\\\/\",\"url\":\"https:\\\/\\\/kaapskil.nl\\\/de\\\/entdecken\\\/gebaeude\\\/muehle-de-traanroeier\\\/\",\"name\":\"M\u00fchle De Traanroeier\",\"isPartOf\":{\"@id\":\"https:\\\/\\\/kaapskil.nl\\\/#website\"},\"primaryImageOfPage\":{\"@id\":\"https:\\\/\\\/kaapskil.nl\\\/de\\\/entdecken\\\/gebaeude\\\/muehle-de-traanroeier\\\/#primaryimage\"},\"image\":{\"@id\":\"https:\\\/\\\/kaapskil.nl\\\/de\\\/entdecken\\\/gebaeude\\\/muehle-de-traanroeier\\\/#primaryimage\"},\"thumbnailUrl\":\"https:\\\/\\\/kaapskil.nl\\\/wp-content\\\/uploads\\\/2018\\\/03\\\/Molen01.jpg\",\"datePublished\":\"2018-03-20T08:51:18+00:00\",\"dateModified\":\"2020-10-26T15:18:46+00:00\",\"description\":\"Auf dem Museumsgel\u00e4nde steht eine noch funktionsf\u00e4hige Getreidem\u00fchle. Das Denkmal stammt aus 1727. Die M\u00fcller sind Mittwochs- und Donnerstagsnachmittags in De Traanroeier bei der Arbeit.\",\"breadcrumb\":{\"@id\":\"https:\\\/\\\/kaapskil.nl\\\/de\\\/entdecken\\\/gebaeude\\\/muehle-de-traanroeier\\\/#breadcrumb\"},\"inLanguage\":\"de-DE\",\"potentialAction\":[{\"@type\":\"ReadAction\",\"target\":[\"https:\\\/\\\/kaapskil.nl\\\/de\\\/entdecken\\\/gebaeude\\\/muehle-de-traanroeier\\\/\"]}]},{\"@type\":\"ImageObject\",\"inLanguage\":\"de-DE\",\"@id\":\"https:\\\/\\\/kaapskil.nl\\\/de\\\/entdecken\\\/gebaeude\\\/muehle-de-traanroeier\\\/#primaryimage\",\"url\":\"https:\\\/\\\/kaapskil.nl\\\/wp-content\\\/uploads\\\/2018\\\/03\\\/Molen01.jpg\",\"contentUrl\":\"https:\\\/\\\/kaapskil.nl\\\/wp-content\\\/uploads\\\/2018\\\/03\\\/Molen01.jpg\",\"width\":640,\"height\":360},{\"@type\":\"BreadcrumbList\",\"@id\":\"https:\\\/\\\/kaapskil.nl\\\/de\\\/entdecken\\\/gebaeude\\\/muehle-de-traanroeier\\\/#breadcrumb\",\"itemListElement\":[{\"@type\":\"ListItem\",\"position\":1,\"name\":\"Home\",\"item\":\"https:\\\/\\\/kaapskil.nl\\\/de\\\/\"},{\"@type\":\"ListItem\",\"position\":2,\"name\":\"Entdecken\",\"item\":\"https:\\\/\\\/kaapskil.nl\\\/de\\\/entdecken\\\/\"},{\"@type\":\"ListItem\",\"position\":3,\"name\":\"Geb\u00e4ude\",\"item\":\"https:\\\/\\\/kaapskil.nl\\\/de\\\/entdecken\\\/gebaeude\\\/\"},{\"@type\":\"ListItem\",\"position\":4,\"name\":\"M\u00fchle De Traanroeier\"}]},{\"@type\":\"WebSite\",\"@id\":\"https:\\\/\\\/kaapskil.nl\\\/#website\",\"url\":\"https:\\\/\\\/kaapskil.nl\\\/\",\"name\":\"Museum Kaap Skil\",\"description\":\"Stichting Texels Museum\",\"potentialAction\":[{\"@type\":\"SearchAction\",\"target\":{\"@type\":\"EntryPoint\",\"urlTemplate\":\"https:\\\/\\\/kaapskil.nl\\\/?s={search_term_string}\"},\"query-input\":{\"@type\":\"PropertyValueSpecification\",\"valueRequired\":true,\"valueName\":\"search_term_string\"}}],\"inLanguage\":\"de-DE\"}]}<\/script>\n<!-- \/ Yoast SEO plugin. -->","yoast_head_json":{"title":"M\u00fchle De Traanroeier","description":"Auf dem Museumsgel\u00e4nde steht eine noch funktionsf\u00e4hige Getreidem\u00fchle. Das Denkmal stammt aus 1727. Die M\u00fcller sind Mittwochs- und Donnerstagsnachmittags in De Traanroeier bei der Arbeit.","robots":{"index":"index","follow":"follow","max-snippet":"max-snippet:-1","max-image-preview":"max-image-preview:large","max-video-preview":"max-video-preview:-1"},"canonical":"https:\/\/kaapskil.nl\/de\/entdecken\/gebaeude\/muehle-de-traanroeier\/","og_locale":"de_DE","og_type":"article","og_title":"M\u00fchle De Traanroeier","og_description":"Auf dem Museumsgel\u00e4nde steht eine noch funktionsf\u00e4hige Getreidem\u00fchle. Das Denkmal stammt aus 1727. Die M\u00fcller sind Mittwochs- und Donnerstagsnachmittags in De Traanroeier bei der Arbeit.","og_url":"https:\/\/kaapskil.nl\/de\/entdecken\/gebaeude\/muehle-de-traanroeier\/","og_site_name":"Museum Kaap Skil","article_modified_time":"2020-10-26T15:18:46+00:00","og_image":[{"width":640,"height":360,"url":"https:\/\/kaapskil.nl\/wp-content\/uploads\/2018\/03\/Molen01.jpg","type":"image\/jpeg"}],"twitter_card":"summary_large_image","twitter_misc":{"Est. reading time":"1 minute"},"schema":{"@context":"https:\/\/schema.org","@graph":[{"@type":"WebPage","@id":"https:\/\/kaapskil.nl\/de\/entdecken\/gebaeude\/muehle-de-traanroeier\/","url":"https:\/\/kaapskil.nl\/de\/entdecken\/gebaeude\/muehle-de-traanroeier\/","name":"M\u00fchle De Traanroeier","isPartOf":{"@id":"https:\/\/kaapskil.nl\/#website"},"primaryImageOfPage":{"@id":"https:\/\/kaapskil.nl\/de\/entdecken\/gebaeude\/muehle-de-traanroeier\/#primaryimage"},"image":{"@id":"https:\/\/kaapskil.nl\/de\/entdecken\/gebaeude\/muehle-de-traanroeier\/#primaryimage"},"thumbnailUrl":"https:\/\/kaapskil.nl\/wp-content\/uploads\/2018\/03\/Molen01.jpg","datePublished":"2018-03-20T08:51:18+00:00","dateModified":"2020-10-26T15:18:46+00:00","description":"Auf dem Museumsgel\u00e4nde steht eine noch funktionsf\u00e4hige Getreidem\u00fchle. Das Denkmal stammt aus 1727. Die M\u00fcller sind Mittwochs- und Donnerstagsnachmittags in De Traanroeier bei der Arbeit.","breadcrumb":{"@id":"https:\/\/kaapskil.nl\/de\/entdecken\/gebaeude\/muehle-de-traanroeier\/#breadcrumb"},"inLanguage":"de-DE","potentialAction":[{"@type":"ReadAction","target":["https:\/\/kaapskil.nl\/de\/entdecken\/gebaeude\/muehle-de-traanroeier\/"]}]},{"@type":"ImageObject","inLanguage":"de-DE","@id":"https:\/\/kaapskil.nl\/de\/entdecken\/gebaeude\/muehle-de-traanroeier\/#primaryimage","url":"https:\/\/kaapskil.nl\/wp-content\/uploads\/2018\/03\/Molen01.jpg","contentUrl":"https:\/\/kaapskil.nl\/wp-content\/uploads\/2018\/03\/Molen01.jpg","width":640,"height":360},{"@type":"BreadcrumbList","@id":"https:\/\/kaapskil.nl\/de\/entdecken\/gebaeude\/muehle-de-traanroeier\/#breadcrumb","itemListElement":[{"@type":"ListItem","position":1,"name":"Home","item":"https:\/\/kaapskil.nl\/de\/"},{"@type":"ListItem","position":2,"name":"Entdecken","item":"https:\/\/kaapskil.nl\/de\/entdecken\/"},{"@type":"ListItem","position":3,"name":"Geb\u00e4ude","item":"https:\/\/kaapskil.nl\/de\/entdecken\/gebaeude\/"},{"@type":"ListItem","position":4,"name":"M\u00fchle De Traanroeier"}]},{"@type":"WebSite","@id":"https:\/\/kaapskil.nl\/#website","url":"https:\/\/kaapskil.nl\/","name":"Museum Kaap Skil","description":"Stichting Texels Museum","potentialAction":[{"@type":"SearchAction","target":{"@type":"EntryPoint","urlTemplate":"https:\/\/kaapskil.nl\/?s={search_term_string}"},"query-input":{"@type":"PropertyValueSpecification","valueRequired":true,"valueName":"search_term_string"}}],"inLanguage":"de-DE"}]}},"_links":{"self":[{"href":"https:\/\/kaapskil.nl\/de\/wp-json\/wp\/v2\/pages\/879","targetHints":{"allow":["GET"]}}],"collection":[{"href":"https:\/\/kaapskil.nl\/de\/wp-json\/wp\/v2\/pages"}],"about":[{"href":"https:\/\/kaapskil.nl\/de\/wp-json\/wp\/v2\/types\/page"}],"author":[{"embeddable":true,"href":"https:\/\/kaapskil.nl\/de\/wp-json\/wp\/v2\/users\/1"}],"replies":[{"embeddable":true,"href":"https:\/\/kaapskil.nl\/de\/wp-json\/wp\/v2\/comments?post=879"}],"version-history":[{"count":0,"href":"https:\/\/kaapskil.nl\/de\/wp-json\/wp\/v2\/pages\/879\/revisions"}],"up":[{"embeddable":true,"href":"https:\/\/kaapskil.nl\/de\/wp-json\/wp\/v2\/pages\/631"}],"wp:featuredmedia":[{"embeddable":true,"href":"https:\/\/kaapskil.nl\/de\/wp-json\/wp\/v2\/media\/912"}],"wp:attachment":[{"href":"https:\/\/kaapskil.nl\/de\/wp-json\/wp\/v2\/media?parent=879"}],"wp:term":[{"taxonomy":"category","embeddable":true,"href":"https:\/\/kaapskil.nl\/de\/wp-json\/wp\/v2\/categories?post=879"},{"taxonomy":"post_tag","embeddable":true,"href":"https:\/\/kaapskil.nl\/de\/wp-json\/wp\/v2\/tags?post=879"}],"curies":[{"name":"wp","href":"https:\/\/api.w.org\/{rel}","templated":true}]}}