{"id":8947,"date":"2022-03-14T16:04:54","date_gmt":"2022-03-14T15:04:54","guid":{"rendered":"https:\/\/kaapskil.preview2.raadhuis.com\/unterstuetze-kaap-skil\/partners-van-museum-kaap-skil\/"},"modified":"2025-01-20T13:36:36","modified_gmt":"2025-01-20T12:36:36","slug":"partner","status":"publish","type":"page","link":"https:\/\/kaapskil.nl\/de\/unterstuetze-kaap-skil\/partner\/","title":{"rendered":"Partner von Museum Kaap Skil"},"content":{"rendered":"<p><img loading=\"lazy\" decoding=\"async\" class=\"alignright wp-image-8941\" src=\"https:\/\/kaapskil.nl\/wp-content\/uploads\/2022\/03\/Foto-vriendendag-2-e1636564129292.jpeg\" alt=\"\" width=\"600\" height=\"338\" srcset=\"https:\/\/kaapskil.nl\/wp-content\/uploads\/2022\/03\/Foto-vriendendag-2-e1636564129292.jpeg 1000w, https:\/\/kaapskil.nl\/wp-content\/uploads\/2022\/03\/Foto-vriendendag-2-e1636564129292-300x169.jpeg 300w, https:\/\/kaapskil.nl\/wp-content\/uploads\/2022\/03\/Foto-vriendendag-2-e1636564129292-768x432.jpeg 768w, https:\/\/kaapskil.nl\/wp-content\/uploads\/2022\/03\/Foto-vriendendag-2-e1636564129292-100x56.jpeg 100w\" sizes=\"auto, (max-width: 600px) 100vw, 600px\" \/><\/p>\n<p>Als Partner von Museum Kaap Skil tragen Sie zur Erhaltung und Erweiterung der Sammlung und des Museums bei. Dank des Sponsorings k\u00f6nnen wir Erneuerungen realisieren, die sonst nicht m\u00f6glich w\u00e4ren. Die folgenden Unternehmen und Institutionen unterst\u00fctzen uns dabei, wof\u00fcr wir ihnen sehr dankbar sind:<\/p>\n<h4><strong>Sponsors von Museum Kaap Skil:<\/strong><\/h4>\n<table style=\"height: 292px;\" width=\"682\">\n<tbody>\n<tr style=\"height: 21px;\">\n<td style=\"height: 21px; width: 33%;\"><a href=\"https:\/\/www.archeologiewestfriesland.nl\/\" target=\"_blank\" rel=\"noopener\">Archeologie West-Friesland<\/a><\/td>\n<td style=\"height: 21px; width: 33%;\"><a href=\"https:\/\/www.krim.nl\/\" target=\"_blank\" rel=\"noopener\">De Krim Texel<\/a><\/td>\n<td style=\"height: 21px; width: 33%;\"><a href=\"http:\/\/duikclubtexel.nl\/\" target=\"_blank\" rel=\"noopener\">Duikclub Texel en Texelse duikers<\/a><\/td>\n<\/tr>\n<tr style=\"height: 21px;\">\n<td style=\"height: 21px; width: 33%;\"><a href=\"https:\/\/expotise.nl\/\" target=\"_blank\" rel=\"noopener\">Expotise<\/a><\/td>\n<td style=\"height: 21px; width: 33%;\"><a href=\"https:\/\/www.texel.nl\/\" target=\"_blank\" rel=\"noopener\">Gemeente Texel<\/a><\/td>\n<td style=\"height: 21px; width: 33%;\"><a href=\"https:\/\/kaapskil.nl\/steun-kaap-skil\/word-vriend\/\" target=\"_blank\" rel=\"noopener\">Vrienden van Museum Kaap Skil<\/a><\/td>\n<\/tr>\n<tr style=\"height: 21px;\">\n<td style=\"height: 21px; width: 33%;\"><a href=\"https:\/\/www.lenr.nl\/\" target=\"_blank\" rel=\"noopener\">Langeveld en de Rooij<\/a><\/td>\n<td style=\"height: 21px; width: 33%;\"><a href=\"https:\/\/www.mondriaanfonds.nl\/\" target=\"_blank\" rel=\"noopener\">Mondriaanfonds<\/a><\/td>\n<td style=\"height: 21px; width: 33%;\"><a href=\"https:\/\/www.noord-holland.nl\/\" target=\"_blank\" rel=\"noopener\">Provincie Noord-Holland<\/a><\/td>\n<\/tr>\n<tr style=\"height: 21px;\">\n<td style=\"height: 21px; width: 33%;\"><a href=\"https:\/\/www.cultureelerfgoed.nl\/\" target=\"_blank\" rel=\"noopener\">Rijksdienst voor het Cultureel Erfgoed<\/a><\/td>\n<td style=\"height: 21px; width: 33%;\"><a href=\"https:\/\/www.stiftexel.nl\/\" target=\"_blank\" rel=\"noopener\">STIFTexel<\/a><\/td>\n<td style=\"height: 21px; width: 33%;\"><a href=\"https:\/\/www.teso.nl\/\" target=\"_blank\" rel=\"noopener\">TESO<\/a><\/td>\n<\/tr>\n<tr style=\"height: 21px;\">\n<td style=\"height: 21px; width: 33%;\"><a href=\"https:\/\/www.texelfonds.nl\/\" target=\"_blank\" rel=\"noopener\">Texelfonds<\/a><\/td>\n<td style=\"height: 21px; width: 33%;\"><a href=\"https:\/\/lenr.nl\/\" target=\"_blank\" rel=\"noopener\">LenR<\/a><\/td>\n<td style=\"height: 21px; width: 33%;\"><a href=\"https:\/\/www.unit4.com\/nl\" target=\"_blank\" rel=\"noopener\">Unit 4<\/a><\/td>\n<\/tr>\n<tr style=\"height: 21px;\">\n<td style=\"height: 21px; width: 33%;\"><a href=\"https:\/\/www.uva.nl\/\" target=\"_blank\" rel=\"noopener\">Universiteit van Amsterdam<\/a><\/td>\n<td style=\"height: 21px; width: 33%;\"><a href=\"https:\/\/www.vriendenloterij.nl\/over\/goede-doelen?pagenumber=1&amp;gclid=EAIaIQobChMIrdjutsbM8wIVyeR3Ch30ggDlEAAYASAAEgJ0h_D_BwE&amp;gclsrc=aw.ds&amp;-header-2-area1-0pagenumber=1\" target=\"_blank\" rel=\"noopener\">Vriendenloterij<\/a><\/td>\n<td style=\"height: 21px; width: 33%;\"><a href=\"https:\/\/waddenfonds.nl\/\" target=\"_blank\" rel=\"noopener\">Waddenfonds<\/a><\/td>\n<\/tr>\n<tr style=\"height: 21px;\">\n<td style=\"height: 21px; width: 33%;\"><a href=\"https:\/\/www.bouwbedrijftexel.nl\/\" target=\"_blank\" rel=\"noopener\">Bouw- en Timmerbedrijf Texel<\/a><\/td>\n<td style=\"height: 21px; width: 33%;\"><a href=\"https:\/\/ziltezaken.nl\/\" target=\"_blank\" rel=\"noopener\">Zilte Zaken<\/a><\/td>\n<td style=\"height: 21px; width: 33%;\"><a href=\"https:\/\/www.stb.nl\" target=\"_blank\" rel=\"noopener\">Eudonet Stb<\/a><\/td>\n<\/tr>\n<tr style=\"height: 21px;\">\n<td style=\"height: 21px; width: 33%;\"><a href=\"https:\/\/ticketcounter.nl\/\" target=\"_blank\" rel=\"noopener\">Ticketcounter<\/a><\/td>\n<td style=\"height: 21px; width: 33%;\"><a href=\"https:\/\/nbceelman.nl\/\" target=\"_blank\" rel=\"noopener\">NBC Eelman &amp; Partners<\/a><\/td>\n<td style=\"height: 21px; width: 33%;\"><a href=\"https:\/\/raakstimuleringsprijs.nl\/\" target=\"_blank\" rel=\"noopener\">RAAK stimuleringsprijs<\/a><\/td>\n<\/tr>\n<tr style=\"height: 21px;\">\n<td style=\"height: 21px; width: 33%;\"><a href=\"https:\/\/www.google.com\/intl\/nl_nl\/grants\/\" target=\"_blank\" rel=\"noopener\">Google Grants<\/a><\/td>\n<td style=\"height: 21px; width: 33%;\"><a href=\"http:\/\/www.transitio.nl\" target=\"_blank\" rel=\"noopener\">Transitio<\/a><\/td>\n<td style=\"height: 21px; width: 33%;\"><a href=\"https:\/\/bruynzeel-storage.nl\/\" target=\"_blank\" rel=\"noopener\">Bruynzeel Storage Systems<\/a><\/td>\n<\/tr>\n<tr style=\"height: 21px;\">\n<td style=\"height: 21px; width: 33%;\"><a href=\"https:\/\/deko-alarm.nl\/\" target=\"_blank\" rel=\"noopener\">Deko Alarm &amp; Beveiligingstechniek<\/a><\/td>\n<td style=\"height: 21px; width: 33%;\"><a href=\"https:\/\/unisol.nl\/\" target=\"_blank\" rel=\"noopener\">Unisol Paneel<\/a><\/td>\n<td style=\"height: 21px; width: 33%;\"><\/td>\n<\/tr>\n<\/tbody>\n<\/table>\n","protected":false},"excerpt":{"rendered":"<p>Partner von Museum Kaap Skil tragen bei zur Erhaltung und Erweiterung der Sammlung und des Museums. Dank des Sponsorings k\u00f6nnen wir Erneuerungen realisieren, die sonst nicht m\u00f6glich w\u00e4ren. <\/p>\n","protected":false},"author":16,"featured_media":8323,"parent":1567,"menu_order":50,"comment_status":"closed","ping_status":"closed","template":"page-templates\/detail.php","meta":{"_acf_changed":false,"footnotes":""},"categories":[],"tags":[],"class_list":["post-8947","page","type-page","status-publish","has-post-thumbnail","hentry"],"acf":[],"yoast_head":"<!-- This site is optimized with the Yoast SEO plugin v27.3 - https:\/\/yoast.com\/product\/yoast-seo-wordpress\/ -->\n<title>Partner von Museum Kaap Skil - Museum Kaap Skil<\/title>\n<meta name=\"robots\" content=\"index, follow, max-snippet:-1, max-image-preview:large, max-video-preview:-1\" \/>\n<link rel=\"canonical\" href=\"https:\/\/kaapskil.nl\/de\/unterstuetze-kaap-skil\/partner\/\" \/>\n<meta property=\"og:locale\" content=\"de_DE\" \/>\n<meta property=\"og:type\" content=\"article\" \/>\n<meta property=\"og:title\" content=\"Partner von Museum Kaap Skil - Museum Kaap Skil\" \/>\n<meta property=\"og:description\" content=\"Partner von Museum Kaap Skil tragen bei zur Erhaltung und Erweiterung der Sammlung und des Museums. Dank des Sponsorings k\u00f6nnen wir Erneuerungen realisieren, die sonst nicht m\u00f6glich w\u00e4ren.\" \/>\n<meta property=\"og:url\" content=\"https:\/\/kaapskil.nl\/de\/unterstuetze-kaap-skil\/partner\/\" \/>\n<meta property=\"og:site_name\" content=\"Museum Kaap Skil\" \/>\n<meta property=\"article:modified_time\" content=\"2025-01-20T12:36:36+00:00\" \/>\n<meta property=\"og:image\" content=\"https:\/\/kaapskil.nl\/wp-content\/uploads\/2021\/11\/Foto-vriendendag-2-e1647270492993.jpg\" \/>\n\t<meta property=\"og:image:width\" content=\"1002\" \/>\n\t<meta property=\"og:image:height\" content=\"1002\" \/>\n\t<meta property=\"og:image:type\" content=\"image\/jpeg\" \/>\n<meta name=\"twitter:card\" content=\"summary_large_image\" \/>\n<meta name=\"twitter:label1\" content=\"Est. reading time\" \/>\n\t<meta name=\"twitter:data1\" content=\"1 minute\" \/>\n<script type=\"application\/ld+json\" class=\"yoast-schema-graph\">{\"@context\":\"https:\\\/\\\/schema.org\",\"@graph\":[{\"@type\":\"WebPage\",\"@id\":\"https:\\\/\\\/kaapskil.nl\\\/de\\\/unterstuetze-kaap-skil\\\/partner\\\/\",\"url\":\"https:\\\/\\\/kaapskil.nl\\\/de\\\/unterstuetze-kaap-skil\\\/partner\\\/\",\"name\":\"Partner von Museum Kaap Skil - Museum Kaap Skil\",\"isPartOf\":{\"@id\":\"https:\\\/\\\/kaapskil.nl\\\/#website\"},\"primaryImageOfPage\":{\"@id\":\"https:\\\/\\\/kaapskil.nl\\\/de\\\/unterstuetze-kaap-skil\\\/partner\\\/#primaryimage\"},\"image\":{\"@id\":\"https:\\\/\\\/kaapskil.nl\\\/de\\\/unterstuetze-kaap-skil\\\/partner\\\/#primaryimage\"},\"thumbnailUrl\":\"https:\\\/\\\/kaapskil.nl\\\/wp-content\\\/uploads\\\/2021\\\/11\\\/Foto-vriendendag-2-e1647270492993.jpg\",\"datePublished\":\"2022-03-14T15:04:54+00:00\",\"dateModified\":\"2025-01-20T12:36:36+00:00\",\"breadcrumb\":{\"@id\":\"https:\\\/\\\/kaapskil.nl\\\/de\\\/unterstuetze-kaap-skil\\\/partner\\\/#breadcrumb\"},\"inLanguage\":\"de-DE\",\"potentialAction\":[{\"@type\":\"ReadAction\",\"target\":[\"https:\\\/\\\/kaapskil.nl\\\/de\\\/unterstuetze-kaap-skil\\\/partner\\\/\"]}]},{\"@type\":\"ImageObject\",\"inLanguage\":\"de-DE\",\"@id\":\"https:\\\/\\\/kaapskil.nl\\\/de\\\/unterstuetze-kaap-skil\\\/partner\\\/#primaryimage\",\"url\":\"https:\\\/\\\/kaapskil.nl\\\/wp-content\\\/uploads\\\/2021\\\/11\\\/Foto-vriendendag-2-e1647270492993.jpg\",\"contentUrl\":\"https:\\\/\\\/kaapskil.nl\\\/wp-content\\\/uploads\\\/2021\\\/11\\\/Foto-vriendendag-2-e1647270492993.jpg\",\"width\":1002,\"height\":1002},{\"@type\":\"BreadcrumbList\",\"@id\":\"https:\\\/\\\/kaapskil.nl\\\/de\\\/unterstuetze-kaap-skil\\\/partner\\\/#breadcrumb\",\"itemListElement\":[{\"@type\":\"ListItem\",\"position\":1,\"name\":\"Home\",\"item\":\"https:\\\/\\\/kaapskil.nl\\\/de\\\/\"},{\"@type\":\"ListItem\",\"position\":2,\"name\":\"Unterst\u00fctze Kaap Skil\",\"item\":\"https:\\\/\\\/kaapskil.nl\\\/de\\\/unterstuetze-kaap-skil\\\/\"},{\"@type\":\"ListItem\",\"position\":3,\"name\":\"Partner von Museum Kaap Skil\"}]},{\"@type\":\"WebSite\",\"@id\":\"https:\\\/\\\/kaapskil.nl\\\/#website\",\"url\":\"https:\\\/\\\/kaapskil.nl\\\/\",\"name\":\"Museum Kaap Skil\",\"description\":\"Stichting Texels Museum\",\"potentialAction\":[{\"@type\":\"SearchAction\",\"target\":{\"@type\":\"EntryPoint\",\"urlTemplate\":\"https:\\\/\\\/kaapskil.nl\\\/?s={search_term_string}\"},\"query-input\":{\"@type\":\"PropertyValueSpecification\",\"valueRequired\":true,\"valueName\":\"search_term_string\"}}],\"inLanguage\":\"de-DE\"}]}<\/script>\n<!-- \/ Yoast SEO plugin. -->","yoast_head_json":{"title":"Partner von Museum Kaap Skil - Museum Kaap Skil","robots":{"index":"index","follow":"follow","max-snippet":"max-snippet:-1","max-image-preview":"max-image-preview:large","max-video-preview":"max-video-preview:-1"},"canonical":"https:\/\/kaapskil.nl\/de\/unterstuetze-kaap-skil\/partner\/","og_locale":"de_DE","og_type":"article","og_title":"Partner von Museum Kaap Skil - Museum Kaap Skil","og_description":"Partner von Museum Kaap Skil tragen bei zur Erhaltung und Erweiterung der Sammlung und des Museums. Dank des Sponsorings k\u00f6nnen wir Erneuerungen realisieren, die sonst nicht m\u00f6glich w\u00e4ren.","og_url":"https:\/\/kaapskil.nl\/de\/unterstuetze-kaap-skil\/partner\/","og_site_name":"Museum Kaap Skil","article_modified_time":"2025-01-20T12:36:36+00:00","og_image":[{"width":1002,"height":1002,"url":"https:\/\/kaapskil.nl\/wp-content\/uploads\/2021\/11\/Foto-vriendendag-2-e1647270492993.jpg","type":"image\/jpeg"}],"twitter_card":"summary_large_image","twitter_misc":{"Est. reading time":"1 minute"},"schema":{"@context":"https:\/\/schema.org","@graph":[{"@type":"WebPage","@id":"https:\/\/kaapskil.nl\/de\/unterstuetze-kaap-skil\/partner\/","url":"https:\/\/kaapskil.nl\/de\/unterstuetze-kaap-skil\/partner\/","name":"Partner von Museum Kaap Skil - Museum Kaap Skil","isPartOf":{"@id":"https:\/\/kaapskil.nl\/#website"},"primaryImageOfPage":{"@id":"https:\/\/kaapskil.nl\/de\/unterstuetze-kaap-skil\/partner\/#primaryimage"},"image":{"@id":"https:\/\/kaapskil.nl\/de\/unterstuetze-kaap-skil\/partner\/#primaryimage"},"thumbnailUrl":"https:\/\/kaapskil.nl\/wp-content\/uploads\/2021\/11\/Foto-vriendendag-2-e1647270492993.jpg","datePublished":"2022-03-14T15:04:54+00:00","dateModified":"2025-01-20T12:36:36+00:00","breadcrumb":{"@id":"https:\/\/kaapskil.nl\/de\/unterstuetze-kaap-skil\/partner\/#breadcrumb"},"inLanguage":"de-DE","potentialAction":[{"@type":"ReadAction","target":["https:\/\/kaapskil.nl\/de\/unterstuetze-kaap-skil\/partner\/"]}]},{"@type":"ImageObject","inLanguage":"de-DE","@id":"https:\/\/kaapskil.nl\/de\/unterstuetze-kaap-skil\/partner\/#primaryimage","url":"https:\/\/kaapskil.nl\/wp-content\/uploads\/2021\/11\/Foto-vriendendag-2-e1647270492993.jpg","contentUrl":"https:\/\/kaapskil.nl\/wp-content\/uploads\/2021\/11\/Foto-vriendendag-2-e1647270492993.jpg","width":1002,"height":1002},{"@type":"BreadcrumbList","@id":"https:\/\/kaapskil.nl\/de\/unterstuetze-kaap-skil\/partner\/#breadcrumb","itemListElement":[{"@type":"ListItem","position":1,"name":"Home","item":"https:\/\/kaapskil.nl\/de\/"},{"@type":"ListItem","position":2,"name":"Unterst\u00fctze Kaap Skil","item":"https:\/\/kaapskil.nl\/de\/unterstuetze-kaap-skil\/"},{"@type":"ListItem","position":3,"name":"Partner von Museum Kaap Skil"}]},{"@type":"WebSite","@id":"https:\/\/kaapskil.nl\/#website","url":"https:\/\/kaapskil.nl\/","name":"Museum Kaap Skil","description":"Stichting Texels Museum","potentialAction":[{"@type":"SearchAction","target":{"@type":"EntryPoint","urlTemplate":"https:\/\/kaapskil.nl\/?s={search_term_string}"},"query-input":{"@type":"PropertyValueSpecification","valueRequired":true,"valueName":"search_term_string"}}],"inLanguage":"de-DE"}]}},"_links":{"self":[{"href":"https:\/\/kaapskil.nl\/de\/wp-json\/wp\/v2\/pages\/8947","targetHints":{"allow":["GET"]}}],"collection":[{"href":"https:\/\/kaapskil.nl\/de\/wp-json\/wp\/v2\/pages"}],"about":[{"href":"https:\/\/kaapskil.nl\/de\/wp-json\/wp\/v2\/types\/page"}],"author":[{"embeddable":true,"href":"https:\/\/kaapskil.nl\/de\/wp-json\/wp\/v2\/users\/16"}],"replies":[{"embeddable":true,"href":"https:\/\/kaapskil.nl\/de\/wp-json\/wp\/v2\/comments?post=8947"}],"version-history":[{"count":0,"href":"https:\/\/kaapskil.nl\/de\/wp-json\/wp\/v2\/pages\/8947\/revisions"}],"up":[{"embeddable":true,"href":"https:\/\/kaapskil.nl\/de\/wp-json\/wp\/v2\/pages\/1567"}],"wp:featuredmedia":[{"embeddable":true,"href":"https:\/\/kaapskil.nl\/de\/wp-json\/wp\/v2\/media\/8323"}],"wp:attachment":[{"href":"https:\/\/kaapskil.nl\/de\/wp-json\/wp\/v2\/media?parent=8947"}],"wp:term":[{"taxonomy":"category","embeddable":true,"href":"https:\/\/kaapskil.nl\/de\/wp-json\/wp\/v2\/categories?post=8947"},{"taxonomy":"post_tag","embeddable":true,"href":"https:\/\/kaapskil.nl\/de\/wp-json\/wp\/v2\/tags?post=8947"}],"curies":[{"name":"wp","href":"https:\/\/api.w.org\/{rel}","templated":true}]}}