{"id":8983,"date":"2022-03-08T17:20:56","date_gmt":"2022-03-08T16:20:56","guid":{"rendered":"https:\/\/kaapskil.preview2.raadhuis.com\/word-vriend-of-partner\/"},"modified":"2022-09-01T09:36:17","modified_gmt":"2022-09-01T07:36:17","slug":"werde-freund-oder-partner","status":"publish","type":"page","link":"https:\/\/kaapskil.nl\/de\/werde-freund-oder-partner\/","title":{"rendered":"Werde Freund oder Partner vom Museum Kaap Skil"},"content":{"rendered":"<p><strong>Sch\u00f6n, dass Sie das Museum Kaap Skil unterst\u00fctzen m\u00f6chten! Dank Ihres Beitrages erhalten wir das kulturelle Erbe f\u00fcr die nachfolgenden Generationen und k\u00f6nnen wir Erneuerungen verwirklichen, die sonst nicht m\u00f6glich gewesen w\u00e4ren. Helfen Sie mit? Kommen Sie an Bord! <\/strong><\/p>\n<p>Sie k\u00f6nnen schon ab 20,- \u20ac pro Jahr <a href=\"https:\/\/kaapskil.nl\/de\/unterstuetze-kaap-skil\/werde-freund\/\" target=\"_blank\" rel=\"noopener\">Freund werden<\/a>. <a href=\"https:\/\/kaapskil.nl\/de\/unterstuetze-kaap-skil\/werde-partner\/\" target=\"_blank\" rel=\"noopener\">Partner werden<\/a> ist auf verschiedene Weise m\u00f6glich. Sie k\u00f6nnen zum Beispiel ein Schiff aus unserem Modell adoptieren! Verhelfen Sie uns zu mehr Wind in den Segeln? Vielen Dank f\u00fcr Ihre Unterst\u00fctzung!<\/p>\n<table style=\"height: 100%; width: 100%;\" border=\"\u201d0\u2033\" align=\"\u201dcenter\u201d\" bgcolor=\"#000000\">\n<thead>\n<tr style=\"height: 100%; width: 50%;\">\n<th style=\"width: 50%; text-align: center; height: 100%;\">\n<h4><a href=\"https:\/\/kaapskil.nl\/de\/unterstuetze-kaap-skil\/werde-freund\/\" target=\"_blank\" rel=\"noopener\">Ich werde Freund<\/a><\/h4>\n<\/th>\n<th style=\"width: 50%; text-align: center; height: 100%;\">\n<h4><a href=\"https:\/\/kaapskil.nl\/de\/unterstuetze-kaap-skil\/werde-partner\/\" target=\"_blank\" rel=\"noopener\">Ich werde Partner<\/a><\/h4>\n<\/th>\n<\/tr>\n<\/thead>\n<tbody>\n<tr style=\"height: 50%;\">\n<td style=\"height: 50%;\"><a href=\"https:\/\/kaapskil.nl\/de\/unterstuetze-kaap-skil\/werde-freund\/\" target=\"_blank\" rel=\"noopener\"><img loading=\"lazy\" decoding=\"async\" width=\"300\" height=\"206\" class=\"wp-image-7714 size-medium aligncenter\" src=\"https:\/\/kaapskil.nl\/wp-content\/uploads\/2021\/03\/Kaap_Skil_Sfeerbeelden_34_StefanKrofft-20191000ws-300x206.jpg\" alt=\"Steun Museum Kaap Skil\" srcset=\"https:\/\/kaapskil.nl\/wp-content\/uploads\/2021\/03\/Kaap_Skil_Sfeerbeelden_34_StefanKrofft-20191000ws-300x206.jpg 300w, https:\/\/kaapskil.nl\/wp-content\/uploads\/2021\/03\/Kaap_Skil_Sfeerbeelden_34_StefanKrofft-20191000ws-100x69.jpg 100w, https:\/\/kaapskil.nl\/wp-content\/uploads\/2021\/03\/Kaap_Skil_Sfeerbeelden_34_StefanKrofft-20191000ws.jpg 641w\" sizes=\"auto, (max-width: 300px) 100vw, 300px\" \/><\/a><\/td>\n<td style=\"height: 50%;\"><a href=\"https:\/\/kaapskil.nl\/de\/unterstuetze-kaap-skil\/werde-partner\/\" target=\"_blank\" rel=\"noopener\"><img loading=\"lazy\" decoding=\"async\" width=\"300\" height=\"200\" class=\"wp-image-5086 size-medium aligncenter\" src=\"https:\/\/kaapskil.nl\/wp-content\/uploads\/2019\/12\/Foto-Maquette-Reede-van-Texel-detail-2-Museum-Kaap-Skil-300x200.jpg\" alt=\"\" srcset=\"https:\/\/kaapskil.nl\/wp-content\/uploads\/2019\/12\/Foto-Maquette-Reede-van-Texel-detail-2-Museum-Kaap-Skil-300x200.jpg 300w, https:\/\/kaapskil.nl\/wp-content\/uploads\/2019\/12\/Foto-Maquette-Reede-van-Texel-detail-2-Museum-Kaap-Skil-1024x683.jpg 1024w, https:\/\/kaapskil.nl\/wp-content\/uploads\/2019\/12\/Foto-Maquette-Reede-van-Texel-detail-2-Museum-Kaap-Skil-768x513.jpg 768w, https:\/\/kaapskil.nl\/wp-content\/uploads\/2019\/12\/Foto-Maquette-Reede-van-Texel-detail-2-Museum-Kaap-Skil-1536x1025.jpg 1536w, https:\/\/kaapskil.nl\/wp-content\/uploads\/2019\/12\/Foto-Maquette-Reede-van-Texel-detail-2-Museum-Kaap-Skil-2048x1367.jpg 2048w, https:\/\/kaapskil.nl\/wp-content\/uploads\/2019\/12\/Foto-Maquette-Reede-van-Texel-detail-2-Museum-Kaap-Skil-100x67.jpg 100w, https:\/\/kaapskil.nl\/wp-content\/uploads\/2019\/12\/Foto-Maquette-Reede-van-Texel-detail-2-Museum-Kaap-Skil-360x240.jpg 360w\" sizes=\"auto, (max-width: 300px) 100vw, 300px\" \/><\/a><\/td>\n<\/tr>\n<\/tbody>\n<\/table>\n","protected":false},"excerpt":{"rendered":"<p>Sch\u00f6n, dass Sie das Museum Kaap Skil unterst\u00fctzen m\u00f6chten! Dank Ihres Beitrages erhalten wir das kulturelle Erbe f\u00fcr die nachfolgenden Generationen und k\u00f6nnen wir Erneuerungen verwirklichen, die sonst nicht m\u00f6glich gewesen w\u00e4ren. Helfen Sie mit? Kommen Sie an Bord!<\/p>\n","protected":false},"author":16,"featured_media":7714,"parent":0,"menu_order":0,"comment_status":"closed","ping_status":"closed","template":"page-templates\/detail.php","meta":{"_acf_changed":false,"footnotes":""},"categories":[],"tags":[],"class_list":["post-8983","page","type-page","status-publish","has-post-thumbnail","hentry"],"acf":[],"yoast_head":"<!-- This site is optimized with the Yoast SEO plugin v27.5 - https:\/\/yoast.com\/product\/yoast-seo-wordpress\/ -->\n<title>Werde Freund oder Partner vom Museum Kaap Skil - Museum Kaap Skil<\/title>\n<meta name=\"description\" content=\"Sch\u00f6n, dass Sie das Museum Kaap Skil unterst\u00fctzen m\u00f6chten! Dank Ihres Beitrages erhalten wir das kulturelle Erbe f\u00fcr die nachfolgenden Generationen und k\u00f6nnen wir Erneuerungen verwirklichen, die sonst nicht m\u00f6glich gewesen w\u00e4ren. Helfen Sie mit? Kommen Sie an Bord!\" \/>\n<meta name=\"robots\" content=\"index, follow, max-snippet:-1, max-image-preview:large, max-video-preview:-1\" \/>\n<link rel=\"canonical\" href=\"https:\/\/kaapskil.nl\/de\/werde-freund-oder-partner\/\" \/>\n<meta property=\"og:locale\" content=\"de_DE\" \/>\n<meta property=\"og:type\" content=\"article\" \/>\n<meta property=\"og:title\" content=\"Werde Freund oder Partner vom Museum Kaap Skil - Museum Kaap Skil\" \/>\n<meta property=\"og:description\" content=\"Sch\u00f6n, dass Sie das Museum Kaap Skil unterst\u00fctzen m\u00f6chten! Dank Ihres Beitrages erhalten wir das kulturelle Erbe f\u00fcr die nachfolgenden Generationen und k\u00f6nnen wir Erneuerungen verwirklichen, die sonst nicht m\u00f6glich gewesen w\u00e4ren. Helfen Sie mit? Kommen Sie an Bord!\" \/>\n<meta property=\"og:url\" content=\"https:\/\/kaapskil.nl\/de\/werde-freund-oder-partner\/\" \/>\n<meta property=\"og:site_name\" content=\"Museum Kaap Skil\" \/>\n<meta property=\"article:modified_time\" content=\"2022-09-01T07:36:17+00:00\" \/>\n<meta property=\"og:image\" content=\"https:\/\/kaapskil.nl\/wp-content\/uploads\/2021\/03\/Kaap_Skil_Sfeerbeelden_34_StefanKrofft-20191000ws-e1647254780320.jpg\" \/>\n\t<meta property=\"og:image:width\" content=\"641\" \/>\n\t<meta property=\"og:image:height\" content=\"440\" \/>\n\t<meta property=\"og:image:type\" content=\"image\/jpeg\" \/>\n<meta name=\"twitter:card\" content=\"summary_large_image\" \/>\n<meta name=\"twitter:label1\" content=\"Est. reading time\" \/>\n\t<meta name=\"twitter:data1\" content=\"1 minute\" \/>\n<script type=\"application\/ld+json\" class=\"yoast-schema-graph\">{\"@context\":\"https:\\\/\\\/schema.org\",\"@graph\":[{\"@type\":\"WebPage\",\"@id\":\"https:\\\/\\\/kaapskil.nl\\\/de\\\/werde-freund-oder-partner\\\/\",\"url\":\"https:\\\/\\\/kaapskil.nl\\\/de\\\/werde-freund-oder-partner\\\/\",\"name\":\"Werde Freund oder Partner vom Museum Kaap Skil - Museum Kaap Skil\",\"isPartOf\":{\"@id\":\"https:\\\/\\\/kaapskil.nl\\\/#website\"},\"primaryImageOfPage\":{\"@id\":\"https:\\\/\\\/kaapskil.nl\\\/de\\\/werde-freund-oder-partner\\\/#primaryimage\"},\"image\":{\"@id\":\"https:\\\/\\\/kaapskil.nl\\\/de\\\/werde-freund-oder-partner\\\/#primaryimage\"},\"thumbnailUrl\":\"https:\\\/\\\/kaapskil.nl\\\/wp-content\\\/uploads\\\/2021\\\/03\\\/Kaap_Skil_Sfeerbeelden_34_StefanKrofft-20191000ws-e1647254780320.jpg\",\"datePublished\":\"2022-03-08T16:20:56+00:00\",\"dateModified\":\"2022-09-01T07:36:17+00:00\",\"description\":\"Sch\u00f6n, dass Sie das Museum Kaap Skil unterst\u00fctzen m\u00f6chten! Dank Ihres Beitrages erhalten wir das kulturelle Erbe f\u00fcr die nachfolgenden Generationen und k\u00f6nnen wir Erneuerungen verwirklichen, die sonst nicht m\u00f6glich gewesen w\u00e4ren. Helfen Sie mit? Kommen Sie an Bord!\",\"breadcrumb\":{\"@id\":\"https:\\\/\\\/kaapskil.nl\\\/de\\\/werde-freund-oder-partner\\\/#breadcrumb\"},\"inLanguage\":\"de-DE\",\"potentialAction\":[{\"@type\":\"ReadAction\",\"target\":[\"https:\\\/\\\/kaapskil.nl\\\/de\\\/werde-freund-oder-partner\\\/\"]}]},{\"@type\":\"ImageObject\",\"inLanguage\":\"de-DE\",\"@id\":\"https:\\\/\\\/kaapskil.nl\\\/de\\\/werde-freund-oder-partner\\\/#primaryimage\",\"url\":\"https:\\\/\\\/kaapskil.nl\\\/wp-content\\\/uploads\\\/2021\\\/03\\\/Kaap_Skil_Sfeerbeelden_34_StefanKrofft-20191000ws-e1647254780320.jpg\",\"contentUrl\":\"https:\\\/\\\/kaapskil.nl\\\/wp-content\\\/uploads\\\/2021\\\/03\\\/Kaap_Skil_Sfeerbeelden_34_StefanKrofft-20191000ws-e1647254780320.jpg\",\"width\":641,\"height\":440,\"caption\":\"Steun Museum Kaap Skil\"},{\"@type\":\"BreadcrumbList\",\"@id\":\"https:\\\/\\\/kaapskil.nl\\\/de\\\/werde-freund-oder-partner\\\/#breadcrumb\",\"itemListElement\":[{\"@type\":\"ListItem\",\"position\":1,\"name\":\"Home\",\"item\":\"https:\\\/\\\/kaapskil.nl\\\/de\\\/\"},{\"@type\":\"ListItem\",\"position\":2,\"name\":\"Werde Freund oder Partner vom Museum Kaap Skil\"}]},{\"@type\":\"WebSite\",\"@id\":\"https:\\\/\\\/kaapskil.nl\\\/#website\",\"url\":\"https:\\\/\\\/kaapskil.nl\\\/\",\"name\":\"Museum Kaap Skil\",\"description\":\"Stichting Texels Museum\",\"potentialAction\":[{\"@type\":\"SearchAction\",\"target\":{\"@type\":\"EntryPoint\",\"urlTemplate\":\"https:\\\/\\\/kaapskil.nl\\\/?s={search_term_string}\"},\"query-input\":{\"@type\":\"PropertyValueSpecification\",\"valueRequired\":true,\"valueName\":\"search_term_string\"}}],\"inLanguage\":\"de-DE\"}]}<\/script>\n<!-- \/ Yoast SEO plugin. -->","yoast_head_json":{"title":"Werde Freund oder Partner vom Museum Kaap Skil - Museum Kaap Skil","description":"Sch\u00f6n, dass Sie das Museum Kaap Skil unterst\u00fctzen m\u00f6chten! Dank Ihres Beitrages erhalten wir das kulturelle Erbe f\u00fcr die nachfolgenden Generationen und k\u00f6nnen wir Erneuerungen verwirklichen, die sonst nicht m\u00f6glich gewesen w\u00e4ren. Helfen Sie mit? Kommen Sie an Bord!","robots":{"index":"index","follow":"follow","max-snippet":"max-snippet:-1","max-image-preview":"max-image-preview:large","max-video-preview":"max-video-preview:-1"},"canonical":"https:\/\/kaapskil.nl\/de\/werde-freund-oder-partner\/","og_locale":"de_DE","og_type":"article","og_title":"Werde Freund oder Partner vom Museum Kaap Skil - Museum Kaap Skil","og_description":"Sch\u00f6n, dass Sie das Museum Kaap Skil unterst\u00fctzen m\u00f6chten! Dank Ihres Beitrages erhalten wir das kulturelle Erbe f\u00fcr die nachfolgenden Generationen und k\u00f6nnen wir Erneuerungen verwirklichen, die sonst nicht m\u00f6glich gewesen w\u00e4ren. Helfen Sie mit? Kommen Sie an Bord!","og_url":"https:\/\/kaapskil.nl\/de\/werde-freund-oder-partner\/","og_site_name":"Museum Kaap Skil","article_modified_time":"2022-09-01T07:36:17+00:00","og_image":[{"width":641,"height":440,"url":"https:\/\/kaapskil.nl\/wp-content\/uploads\/2021\/03\/Kaap_Skil_Sfeerbeelden_34_StefanKrofft-20191000ws-e1647254780320.jpg","type":"image\/jpeg"}],"twitter_card":"summary_large_image","twitter_misc":{"Est. reading time":"1 minute"},"schema":{"@context":"https:\/\/schema.org","@graph":[{"@type":"WebPage","@id":"https:\/\/kaapskil.nl\/de\/werde-freund-oder-partner\/","url":"https:\/\/kaapskil.nl\/de\/werde-freund-oder-partner\/","name":"Werde Freund oder Partner vom Museum Kaap Skil - Museum Kaap Skil","isPartOf":{"@id":"https:\/\/kaapskil.nl\/#website"},"primaryImageOfPage":{"@id":"https:\/\/kaapskil.nl\/de\/werde-freund-oder-partner\/#primaryimage"},"image":{"@id":"https:\/\/kaapskil.nl\/de\/werde-freund-oder-partner\/#primaryimage"},"thumbnailUrl":"https:\/\/kaapskil.nl\/wp-content\/uploads\/2021\/03\/Kaap_Skil_Sfeerbeelden_34_StefanKrofft-20191000ws-e1647254780320.jpg","datePublished":"2022-03-08T16:20:56+00:00","dateModified":"2022-09-01T07:36:17+00:00","description":"Sch\u00f6n, dass Sie das Museum Kaap Skil unterst\u00fctzen m\u00f6chten! Dank Ihres Beitrages erhalten wir das kulturelle Erbe f\u00fcr die nachfolgenden Generationen und k\u00f6nnen wir Erneuerungen verwirklichen, die sonst nicht m\u00f6glich gewesen w\u00e4ren. Helfen Sie mit? Kommen Sie an Bord!","breadcrumb":{"@id":"https:\/\/kaapskil.nl\/de\/werde-freund-oder-partner\/#breadcrumb"},"inLanguage":"de-DE","potentialAction":[{"@type":"ReadAction","target":["https:\/\/kaapskil.nl\/de\/werde-freund-oder-partner\/"]}]},{"@type":"ImageObject","inLanguage":"de-DE","@id":"https:\/\/kaapskil.nl\/de\/werde-freund-oder-partner\/#primaryimage","url":"https:\/\/kaapskil.nl\/wp-content\/uploads\/2021\/03\/Kaap_Skil_Sfeerbeelden_34_StefanKrofft-20191000ws-e1647254780320.jpg","contentUrl":"https:\/\/kaapskil.nl\/wp-content\/uploads\/2021\/03\/Kaap_Skil_Sfeerbeelden_34_StefanKrofft-20191000ws-e1647254780320.jpg","width":641,"height":440,"caption":"Steun Museum Kaap Skil"},{"@type":"BreadcrumbList","@id":"https:\/\/kaapskil.nl\/de\/werde-freund-oder-partner\/#breadcrumb","itemListElement":[{"@type":"ListItem","position":1,"name":"Home","item":"https:\/\/kaapskil.nl\/de\/"},{"@type":"ListItem","position":2,"name":"Werde Freund oder Partner vom Museum Kaap Skil"}]},{"@type":"WebSite","@id":"https:\/\/kaapskil.nl\/#website","url":"https:\/\/kaapskil.nl\/","name":"Museum Kaap Skil","description":"Stichting Texels Museum","potentialAction":[{"@type":"SearchAction","target":{"@type":"EntryPoint","urlTemplate":"https:\/\/kaapskil.nl\/?s={search_term_string}"},"query-input":{"@type":"PropertyValueSpecification","valueRequired":true,"valueName":"search_term_string"}}],"inLanguage":"de-DE"}]}},"_links":{"self":[{"href":"https:\/\/kaapskil.nl\/de\/wp-json\/wp\/v2\/pages\/8983","targetHints":{"allow":["GET"]}}],"collection":[{"href":"https:\/\/kaapskil.nl\/de\/wp-json\/wp\/v2\/pages"}],"about":[{"href":"https:\/\/kaapskil.nl\/de\/wp-json\/wp\/v2\/types\/page"}],"author":[{"embeddable":true,"href":"https:\/\/kaapskil.nl\/de\/wp-json\/wp\/v2\/users\/16"}],"replies":[{"embeddable":true,"href":"https:\/\/kaapskil.nl\/de\/wp-json\/wp\/v2\/comments?post=8983"}],"version-history":[{"count":0,"href":"https:\/\/kaapskil.nl\/de\/wp-json\/wp\/v2\/pages\/8983\/revisions"}],"wp:featuredmedia":[{"embeddable":true,"href":"https:\/\/kaapskil.nl\/de\/wp-json\/wp\/v2\/media\/7714"}],"wp:attachment":[{"href":"https:\/\/kaapskil.nl\/de\/wp-json\/wp\/v2\/media?parent=8983"}],"wp:term":[{"taxonomy":"category","embeddable":true,"href":"https:\/\/kaapskil.nl\/de\/wp-json\/wp\/v2\/categories?post=8983"},{"taxonomy":"post_tag","embeddable":true,"href":"https:\/\/kaapskil.nl\/de\/wp-json\/wp\/v2\/tags?post=8983"}],"curies":[{"name":"wp","href":"https:\/\/api.w.org\/{rel}","templated":true}]}}