{"id":9186,"date":"2022-04-25T11:52:56","date_gmt":"2022-04-25T09:52:56","guid":{"rendered":"https:\/\/kaapskil.preview2.raadhuis.com\/word-partner\/"},"modified":"2025-03-17T14:43:09","modified_gmt":"2025-03-17T13:43:09","slug":"werde-partner","status":"publish","type":"page","link":"https:\/\/kaapskil.nl\/de\/unterstuetze-kaap-skil\/werde-partner\/","title":{"rendered":"Werde Partner"},"content":{"rendered":"<p><strong>Als Partner vom Museum Kaap Skil tragen Sie zur Erhaltung und Erweiterung des Museums bei. Ist Ihnen das maritime Erbe wichtig? Dann kann eine Zusammenarbeit f\u00fcr uns und f\u00fcr Sie einen Mehrwert darstellen. Sie k\u00f6nnen uns auf verschiedene Weise unterst\u00fctzen.<\/strong><\/p>\n<p>Museum Kaap Skil ist offiziell als \u201aGoed Doel\u2018 mit dem ANBI- und CBF-G\u00fctesiegel anerkannt.<\/p>\n<p><a href=\"https:\/\/www.belastingdienst.nl\/wps\/wcm\/connect\/nl\/aftrek-en-kortingen\/content\/anbi-status-controleren\" target=\"_blank\" rel=\"noopener\"><img loading=\"lazy\" decoding=\"async\" class=\"default-width alignleft wp-image-13536 size-thumbnail\" src=\"https:\/\/kaapskil.nl\/wp-content\/uploads\/2024\/11\/ANBI_FC-kopie.webp\" alt=\"ANBI-logo\" width=\"85\" height=\"67\" srcset=\"https:\/\/kaapskil.nl\/wp-content\/uploads\/2024\/11\/ANBI_FC-kopie.webp 150w, https:\/\/kaapskil.nl\/wp-content\/uploads\/2024\/11\/ANBI_FC-kopie-100x79.webp 100w\" sizes=\"auto, (max-width: 85px) 100vw, 85px\" \/><\/a> <a href=\"https:\/\/cbf.nl\/organisaties\/texels-museum\" target=\"_blank\" rel=\"noopener\"><img loading=\"lazy\" decoding=\"async\" class=\"default-width alignleft wp-image-13539 size-thumbnail\" src=\"https:\/\/kaapskil.nl\/wp-content\/uploads\/2024\/11\/logo-e1731321015286.webp\" alt=\"CBF-logo\" width=\"81\" height=\"50\" \/><\/a><\/p>\n<p>&nbsp;<\/p>\n<p>&nbsp;<\/p>\n<h2>Adoption Miniaturschiff<\/h2>\n<p><img loading=\"lazy\" decoding=\"async\" class=\"alignright wp-image-9098 size-full\" src=\"https:\/\/kaapskil.nl\/wp-content\/uploads\/2022\/04\/vk-LiselotteSchoo_KaapSkil_18-12-2019-2.jpg\" alt=\"\" width=\"840\" height=\"600\" srcset=\"https:\/\/kaapskil.nl\/wp-content\/uploads\/2022\/04\/vk-LiselotteSchoo_KaapSkil_18-12-2019-2.jpg 840w, https:\/\/kaapskil.nl\/wp-content\/uploads\/2022\/04\/vk-LiselotteSchoo_KaapSkil_18-12-2019-2-300x214.jpg 300w, https:\/\/kaapskil.nl\/wp-content\/uploads\/2022\/04\/vk-LiselotteSchoo_KaapSkil_18-12-2019-2-768x549.jpg 768w, https:\/\/kaapskil.nl\/wp-content\/uploads\/2022\/04\/vk-LiselotteSchoo_KaapSkil_18-12-2019-2-100x71.jpg 100w\" sizes=\"auto, (max-width: 840px) 100vw, 840px\" \/><\/p>\n<p>Eine besondere Form des Sponsorings ist die Adoption eines Schiffes auf dem Modell der Reede van Texel. Ab \u20ac 500,- pro Jahr k\u00f6nnen Sie eine Schute von dem Modell adoptieren. F\u00fcr \u20ac 1.000,- pro Jahr adoptieren Sie ein K\u00fcstenschiff und f\u00fcr \u20ac 2.000,- pro Jahr eines der einzigartigen Seeschiffe. Die Adoption ist exklusiv: Ein Schiff kann nur von einer Person oder einem Unternehmen adoptiert werden.<\/p>\n<p>Auf dem Modell befinden sich rund 160 detailgetreu nachgebildete Schuten des siebzehnten Jahrhunderts. Nachfolgend werden einige davon hervorgehoben, aber jede Schute und jedes Schiff kann adoptiert werden. Welches Schiff passt zu Ihnen oder Ihrem Unternehmen?<\/p>\n<p>Als Dank f\u00fcr Ihre Unterst\u00fctzung erhalten Sie unter anderem ein Adoptionszertifikat mit Informationen \u00fcber die Schute oder das Schiff,\u00a0Freikarten f\u00fcr das Museum Kaap Skil\u00a0und\u00a0Namenseintrag auf der Sponsorwand im Museum und auf der Website.<\/p>\n<p>F\u00fcr weitere Informationen, das Angehen einer Adoption oder eine anderen Form der Unterst\u00fctzung k\u00f6nnen Sie eine E-Mail an Eva van Ginkel: <a href=\"mailto:evavanginkel@texelsmuseum.nl\">evavanginkel@texelsmuseum.nl<\/a> schicken. Vorab schon einen herzlichen Dank f\u00fcr Ihren Beitrag!<\/p>\n<p><a href=\"https:\/\/kaapskil.nl\/wp-content\/uploads\/2023\/02\/MKS-maquette_20feb2023.pdf\" target=\"_blank\" rel=\"noopener\"><img loading=\"lazy\" decoding=\"async\" class=\"wp-image-11660\" src=\"https:\/\/kaapskil.nl\/wp-content\/uploads\/2023\/02\/MKS-maquette_20feb2023_-vergrootglas-8mb-scaled.jpg\" alt=\"Word partner van Museum Kaap Skil\" width=\"2000\" height=\"8843\" srcset=\"https:\/\/kaapskil.nl\/wp-content\/uploads\/2023\/02\/MKS-maquette_20feb2023_-vergrootglas-8mb-scaled.jpg 579w, https:\/\/kaapskil.nl\/wp-content\/uploads\/2023\/02\/MKS-maquette_20feb2023_-vergrootglas-8mb-68x300.jpg 68w, https:\/\/kaapskil.nl\/wp-content\/uploads\/2023\/02\/MKS-maquette_20feb2023_-vergrootglas-8mb-768x3395.jpg 768w, https:\/\/kaapskil.nl\/wp-content\/uploads\/2023\/02\/MKS-maquette_20feb2023_-vergrootglas-8mb-463x2048.jpg 463w\" sizes=\"auto, (max-width: 2000px) 100vw, 2000px\" \/><\/a><\/p>\n<p>Mehr \u00fcber die <a href=\"https:\/\/kaapskil.nl\/de\/datenschutzerklaerung\/\" target=\"_blank\" rel=\"noopener\">Datenverarbeitung<\/a> und <a href=\"https:\/\/kaapskil.nl\/wp-content\/uploads\/2023\/08\/Voorwaarden-online-doneren-MKS-DU.pdf\" target=\"_blank\" rel=\"noopener\">Bedingungen Online-Spenden<\/a><\/p>\n","protected":false},"excerpt":{"rendered":"<p>Als Partner vom Museum Kaap Skil tragen Sie zur Erhaltung und Erweiterung des Museums bei. Ist Ihnen das maritime Erbe wichtig? Dann kann eine Zusammenarbeit f\u00fcr uns und f\u00fcr Sie einen Mehrwert darstellen. Sie k\u00f6nnen uns auf verschiedene Weise unterst\u00fctzen.<\/p>\n","protected":false},"author":16,"featured_media":9098,"parent":1567,"menu_order":20,"comment_status":"closed","ping_status":"closed","template":"page-templates\/detail.php","meta":{"_acf_changed":false,"footnotes":""},"categories":[],"tags":[],"class_list":["post-9186","page","type-page","status-publish","has-post-thumbnail","hentry"],"acf":[],"yoast_head":"<!-- This site is optimized with the Yoast SEO plugin v27.4 - https:\/\/yoast.com\/product\/yoast-seo-wordpress\/ -->\n<title>Werde Partner - Museum Kaap Skil<\/title>\n<meta name=\"description\" content=\"Als Partner vom Museum Kaap Skil tragen Sie zur Erhaltung und Erweiterung des Museums bei. Ist Ihnen das maritime Erbe wichtig? Dann kann eine Zusammenarbeit f\u00fcr uns und f\u00fcr Sie einen Mehrwert darstellen. Sie k\u00f6nnen uns auf verschiedene Weise unterst\u00fctzen.\" \/>\n<meta name=\"robots\" content=\"index, follow, max-snippet:-1, max-image-preview:large, max-video-preview:-1\" \/>\n<link rel=\"canonical\" href=\"https:\/\/kaapskil.nl\/de\/unterstuetze-kaap-skil\/werde-partner\/\" \/>\n<meta property=\"og:locale\" content=\"de_DE\" \/>\n<meta property=\"og:type\" content=\"article\" \/>\n<meta property=\"og:title\" content=\"Werde Partner - Museum Kaap Skil\" \/>\n<meta property=\"og:description\" content=\"Als Partner vom Museum Kaap Skil tragen Sie zur Erhaltung und Erweiterung des Museums bei. Ist Ihnen das maritime Erbe wichtig? Dann kann eine Zusammenarbeit f\u00fcr uns und f\u00fcr Sie einen Mehrwert darstellen. Sie k\u00f6nnen uns auf verschiedene Weise unterst\u00fctzen.\" \/>\n<meta property=\"og:url\" content=\"https:\/\/kaapskil.nl\/de\/unterstuetze-kaap-skil\/werde-partner\/\" \/>\n<meta property=\"og:site_name\" content=\"Museum Kaap Skil\" \/>\n<meta property=\"article:modified_time\" content=\"2025-03-17T13:43:09+00:00\" \/>\n<meta property=\"og:image\" content=\"https:\/\/kaapskil.nl\/wp-content\/uploads\/2022\/04\/vk-LiselotteSchoo_KaapSkil_18-12-2019-2.jpg\" \/>\n\t<meta property=\"og:image:width\" content=\"840\" \/>\n\t<meta property=\"og:image:height\" content=\"600\" \/>\n\t<meta property=\"og:image:type\" content=\"image\/jpeg\" \/>\n<meta name=\"twitter:card\" content=\"summary_large_image\" \/>\n<meta name=\"twitter:label1\" content=\"Est. reading time\" \/>\n\t<meta name=\"twitter:data1\" content=\"3 minutes\" \/>\n<script type=\"application\/ld+json\" class=\"yoast-schema-graph\">{\"@context\":\"https:\\\/\\\/schema.org\",\"@graph\":[{\"@type\":\"WebPage\",\"@id\":\"https:\\\/\\\/kaapskil.nl\\\/de\\\/unterstuetze-kaap-skil\\\/werde-partner\\\/\",\"url\":\"https:\\\/\\\/kaapskil.nl\\\/de\\\/unterstuetze-kaap-skil\\\/werde-partner\\\/\",\"name\":\"Werde Partner - Museum Kaap Skil\",\"isPartOf\":{\"@id\":\"https:\\\/\\\/kaapskil.nl\\\/#website\"},\"primaryImageOfPage\":{\"@id\":\"https:\\\/\\\/kaapskil.nl\\\/de\\\/unterstuetze-kaap-skil\\\/werde-partner\\\/#primaryimage\"},\"image\":{\"@id\":\"https:\\\/\\\/kaapskil.nl\\\/de\\\/unterstuetze-kaap-skil\\\/werde-partner\\\/#primaryimage\"},\"thumbnailUrl\":\"https:\\\/\\\/kaapskil.nl\\\/wp-content\\\/uploads\\\/2022\\\/04\\\/vk-LiselotteSchoo_KaapSkil_18-12-2019-2.jpg\",\"datePublished\":\"2022-04-25T09:52:56+00:00\",\"dateModified\":\"2025-03-17T13:43:09+00:00\",\"description\":\"Als Partner vom Museum Kaap Skil tragen Sie zur Erhaltung und Erweiterung des Museums bei. Ist Ihnen das maritime Erbe wichtig? Dann kann eine Zusammenarbeit f\u00fcr uns und f\u00fcr Sie einen Mehrwert darstellen. Sie k\u00f6nnen uns auf verschiedene Weise unterst\u00fctzen.\",\"breadcrumb\":{\"@id\":\"https:\\\/\\\/kaapskil.nl\\\/de\\\/unterstuetze-kaap-skil\\\/werde-partner\\\/#breadcrumb\"},\"inLanguage\":\"de-DE\",\"potentialAction\":[{\"@type\":\"ReadAction\",\"target\":[\"https:\\\/\\\/kaapskil.nl\\\/de\\\/unterstuetze-kaap-skil\\\/werde-partner\\\/\"]}]},{\"@type\":\"ImageObject\",\"inLanguage\":\"de-DE\",\"@id\":\"https:\\\/\\\/kaapskil.nl\\\/de\\\/unterstuetze-kaap-skil\\\/werde-partner\\\/#primaryimage\",\"url\":\"https:\\\/\\\/kaapskil.nl\\\/wp-content\\\/uploads\\\/2022\\\/04\\\/vk-LiselotteSchoo_KaapSkil_18-12-2019-2.jpg\",\"contentUrl\":\"https:\\\/\\\/kaapskil.nl\\\/wp-content\\\/uploads\\\/2022\\\/04\\\/vk-LiselotteSchoo_KaapSkil_18-12-2019-2.jpg\",\"width\":840,\"height\":600},{\"@type\":\"BreadcrumbList\",\"@id\":\"https:\\\/\\\/kaapskil.nl\\\/de\\\/unterstuetze-kaap-skil\\\/werde-partner\\\/#breadcrumb\",\"itemListElement\":[{\"@type\":\"ListItem\",\"position\":1,\"name\":\"Home\",\"item\":\"https:\\\/\\\/kaapskil.nl\\\/de\\\/\"},{\"@type\":\"ListItem\",\"position\":2,\"name\":\"Unterst\u00fctze Kaap Skil\",\"item\":\"https:\\\/\\\/kaapskil.nl\\\/de\\\/unterstuetze-kaap-skil\\\/\"},{\"@type\":\"ListItem\",\"position\":3,\"name\":\"Werde Partner\"}]},{\"@type\":\"WebSite\",\"@id\":\"https:\\\/\\\/kaapskil.nl\\\/#website\",\"url\":\"https:\\\/\\\/kaapskil.nl\\\/\",\"name\":\"Museum Kaap Skil\",\"description\":\"Stichting Texels Museum\",\"potentialAction\":[{\"@type\":\"SearchAction\",\"target\":{\"@type\":\"EntryPoint\",\"urlTemplate\":\"https:\\\/\\\/kaapskil.nl\\\/?s={search_term_string}\"},\"query-input\":{\"@type\":\"PropertyValueSpecification\",\"valueRequired\":true,\"valueName\":\"search_term_string\"}}],\"inLanguage\":\"de-DE\"}]}<\/script>\n<!-- \/ Yoast SEO plugin. -->","yoast_head_json":{"title":"Werde Partner - Museum Kaap Skil","description":"Als Partner vom Museum Kaap Skil tragen Sie zur Erhaltung und Erweiterung des Museums bei. Ist Ihnen das maritime Erbe wichtig? Dann kann eine Zusammenarbeit f\u00fcr uns und f\u00fcr Sie einen Mehrwert darstellen. Sie k\u00f6nnen uns auf verschiedene Weise unterst\u00fctzen.","robots":{"index":"index","follow":"follow","max-snippet":"max-snippet:-1","max-image-preview":"max-image-preview:large","max-video-preview":"max-video-preview:-1"},"canonical":"https:\/\/kaapskil.nl\/de\/unterstuetze-kaap-skil\/werde-partner\/","og_locale":"de_DE","og_type":"article","og_title":"Werde Partner - Museum Kaap Skil","og_description":"Als Partner vom Museum Kaap Skil tragen Sie zur Erhaltung und Erweiterung des Museums bei. Ist Ihnen das maritime Erbe wichtig? Dann kann eine Zusammenarbeit f\u00fcr uns und f\u00fcr Sie einen Mehrwert darstellen. Sie k\u00f6nnen uns auf verschiedene Weise unterst\u00fctzen.","og_url":"https:\/\/kaapskil.nl\/de\/unterstuetze-kaap-skil\/werde-partner\/","og_site_name":"Museum Kaap Skil","article_modified_time":"2025-03-17T13:43:09+00:00","og_image":[{"width":840,"height":600,"url":"https:\/\/kaapskil.nl\/wp-content\/uploads\/2022\/04\/vk-LiselotteSchoo_KaapSkil_18-12-2019-2.jpg","type":"image\/jpeg"}],"twitter_card":"summary_large_image","twitter_misc":{"Est. reading time":"3 minutes"},"schema":{"@context":"https:\/\/schema.org","@graph":[{"@type":"WebPage","@id":"https:\/\/kaapskil.nl\/de\/unterstuetze-kaap-skil\/werde-partner\/","url":"https:\/\/kaapskil.nl\/de\/unterstuetze-kaap-skil\/werde-partner\/","name":"Werde Partner - Museum Kaap Skil","isPartOf":{"@id":"https:\/\/kaapskil.nl\/#website"},"primaryImageOfPage":{"@id":"https:\/\/kaapskil.nl\/de\/unterstuetze-kaap-skil\/werde-partner\/#primaryimage"},"image":{"@id":"https:\/\/kaapskil.nl\/de\/unterstuetze-kaap-skil\/werde-partner\/#primaryimage"},"thumbnailUrl":"https:\/\/kaapskil.nl\/wp-content\/uploads\/2022\/04\/vk-LiselotteSchoo_KaapSkil_18-12-2019-2.jpg","datePublished":"2022-04-25T09:52:56+00:00","dateModified":"2025-03-17T13:43:09+00:00","description":"Als Partner vom Museum Kaap Skil tragen Sie zur Erhaltung und Erweiterung des Museums bei. Ist Ihnen das maritime Erbe wichtig? Dann kann eine Zusammenarbeit f\u00fcr uns und f\u00fcr Sie einen Mehrwert darstellen. Sie k\u00f6nnen uns auf verschiedene Weise unterst\u00fctzen.","breadcrumb":{"@id":"https:\/\/kaapskil.nl\/de\/unterstuetze-kaap-skil\/werde-partner\/#breadcrumb"},"inLanguage":"de-DE","potentialAction":[{"@type":"ReadAction","target":["https:\/\/kaapskil.nl\/de\/unterstuetze-kaap-skil\/werde-partner\/"]}]},{"@type":"ImageObject","inLanguage":"de-DE","@id":"https:\/\/kaapskil.nl\/de\/unterstuetze-kaap-skil\/werde-partner\/#primaryimage","url":"https:\/\/kaapskil.nl\/wp-content\/uploads\/2022\/04\/vk-LiselotteSchoo_KaapSkil_18-12-2019-2.jpg","contentUrl":"https:\/\/kaapskil.nl\/wp-content\/uploads\/2022\/04\/vk-LiselotteSchoo_KaapSkil_18-12-2019-2.jpg","width":840,"height":600},{"@type":"BreadcrumbList","@id":"https:\/\/kaapskil.nl\/de\/unterstuetze-kaap-skil\/werde-partner\/#breadcrumb","itemListElement":[{"@type":"ListItem","position":1,"name":"Home","item":"https:\/\/kaapskil.nl\/de\/"},{"@type":"ListItem","position":2,"name":"Unterst\u00fctze Kaap Skil","item":"https:\/\/kaapskil.nl\/de\/unterstuetze-kaap-skil\/"},{"@type":"ListItem","position":3,"name":"Werde Partner"}]},{"@type":"WebSite","@id":"https:\/\/kaapskil.nl\/#website","url":"https:\/\/kaapskil.nl\/","name":"Museum Kaap Skil","description":"Stichting Texels Museum","potentialAction":[{"@type":"SearchAction","target":{"@type":"EntryPoint","urlTemplate":"https:\/\/kaapskil.nl\/?s={search_term_string}"},"query-input":{"@type":"PropertyValueSpecification","valueRequired":true,"valueName":"search_term_string"}}],"inLanguage":"de-DE"}]}},"_links":{"self":[{"href":"https:\/\/kaapskil.nl\/de\/wp-json\/wp\/v2\/pages\/9186","targetHints":{"allow":["GET"]}}],"collection":[{"href":"https:\/\/kaapskil.nl\/de\/wp-json\/wp\/v2\/pages"}],"about":[{"href":"https:\/\/kaapskil.nl\/de\/wp-json\/wp\/v2\/types\/page"}],"author":[{"embeddable":true,"href":"https:\/\/kaapskil.nl\/de\/wp-json\/wp\/v2\/users\/16"}],"replies":[{"embeddable":true,"href":"https:\/\/kaapskil.nl\/de\/wp-json\/wp\/v2\/comments?post=9186"}],"version-history":[{"count":0,"href":"https:\/\/kaapskil.nl\/de\/wp-json\/wp\/v2\/pages\/9186\/revisions"}],"up":[{"embeddable":true,"href":"https:\/\/kaapskil.nl\/de\/wp-json\/wp\/v2\/pages\/1567"}],"wp:featuredmedia":[{"embeddable":true,"href":"https:\/\/kaapskil.nl\/de\/wp-json\/wp\/v2\/media\/9098"}],"wp:attachment":[{"href":"https:\/\/kaapskil.nl\/de\/wp-json\/wp\/v2\/media?parent=9186"}],"wp:term":[{"taxonomy":"category","embeddable":true,"href":"https:\/\/kaapskil.nl\/de\/wp-json\/wp\/v2\/categories?post=9186"},{"taxonomy":"post_tag","embeddable":true,"href":"https:\/\/kaapskil.nl\/de\/wp-json\/wp\/v2\/tags?post=9186"}],"curies":[{"name":"wp","href":"https:\/\/api.w.org\/{rel}","templated":true}]}}