{"id":9715,"date":"2022-07-11T09:09:47","date_gmt":"2022-07-11T07:09:47","guid":{"rendered":"https:\/\/kaapskil.nl\/?page_id=9715"},"modified":"2022-07-28T16:24:21","modified_gmt":"2022-07-28T14:24:21","slug":"dossier-palmholzwrack","status":"publish","type":"page","link":"https:\/\/kaapskil.nl\/de\/dateien\/dossier-palmholzwrack\/","title":{"rendered":"Dossier Palmholzwrack"},"content":{"rendered":"<p>\u00dcber das Palmholzwrack gibt es sehr viel zu erz\u00e4hlen.<\/p>\n","protected":false},"excerpt":{"rendered":"<p>\u00dcber das Palmholzwrack gibt es sehr viel zu erz\u00e4hlen. Die pers\u00f6nlichen Gegenst\u00e4nde, die in diesem einzigartigen Schiffswrack gefunden wurden, haben alle ihre eigene Geschichte. In diesem Dossier finden Sie die Geschichten und Informationen \u00fcber das Schiff und eine Auswahl der Funde. <\/p>\n","protected":false},"author":16,"featured_media":4701,"parent":9712,"menu_order":0,"comment_status":"closed","ping_status":"closed","template":"page-templates\/dossier.php","meta":{"_acf_changed":false,"footnotes":""},"categories":[],"tags":[44],"class_list":["post-9715","page","type-page","status-publish","has-post-thumbnail","hentry","tag-palmholzwrack"],"acf":[],"yoast_head":"<!-- This site is optimized with the Yoast SEO plugin v27.3 - https:\/\/yoast.com\/product\/yoast-seo-wordpress\/ -->\n<title>Dossier Palmholzwrack - Museum Kaap Skil<\/title>\n<meta name=\"description\" content=\"\u00dcber das Palmholzwrack gibt es sehr viel zu erz\u00e4hlen. Die pers\u00f6nlichen Gegenst\u00e4nde, die in diesem einzigartigen Schiffswrack gefunden wurden, haben alle ihre eigene Geschichte. In diesem Dossier finden Sie die Geschichten und Informationen \u00fcber das Schiff und eine Auswahl der Funde.\" \/>\n<meta name=\"robots\" content=\"index, follow, max-snippet:-1, max-image-preview:large, max-video-preview:-1\" \/>\n<link rel=\"canonical\" href=\"https:\/\/kaapskil.nl\/de\/dateien\/dossier-palmholzwrack\/\" \/>\n<meta property=\"og:locale\" content=\"de_DE\" \/>\n<meta property=\"og:type\" content=\"article\" \/>\n<meta property=\"og:title\" content=\"Dossier Palmholzwrack - Museum Kaap Skil\" \/>\n<meta property=\"og:description\" content=\"\u00dcber das Palmholzwrack gibt es sehr viel zu erz\u00e4hlen. Die pers\u00f6nlichen Gegenst\u00e4nde, die in diesem einzigartigen Schiffswrack gefunden wurden, haben alle ihre eigene Geschichte. In diesem Dossier finden Sie die Geschichten und Informationen \u00fcber das Schiff und eine Auswahl der Funde.\" \/>\n<meta property=\"og:url\" content=\"https:\/\/kaapskil.nl\/de\/dateien\/dossier-palmholzwrack\/\" \/>\n<meta property=\"og:site_name\" content=\"Museum Kaap Skil\" \/>\n<meta property=\"article:modified_time\" content=\"2022-07-28T14:24:21+00:00\" \/>\n<meta property=\"og:image\" content=\"https:\/\/kaapskil.nl\/wp-content\/uploads\/2019\/10\/Etui.jpg\" \/>\n\t<meta property=\"og:image:width\" content=\"3000\" \/>\n\t<meta property=\"og:image:height\" content=\"2000\" \/>\n\t<meta property=\"og:image:type\" content=\"image\/jpeg\" \/>\n<meta name=\"twitter:card\" content=\"summary_large_image\" \/>\n<meta name=\"twitter:label1\" content=\"Est. reading time\" \/>\n\t<meta name=\"twitter:data1\" content=\"1 minute\" \/>\n<script type=\"application\/ld+json\" class=\"yoast-schema-graph\">{\"@context\":\"https:\\\/\\\/schema.org\",\"@graph\":[{\"@type\":\"WebPage\",\"@id\":\"https:\\\/\\\/kaapskil.nl\\\/de\\\/dateien\\\/dossier-palmholzwrack\\\/\",\"url\":\"https:\\\/\\\/kaapskil.nl\\\/de\\\/dateien\\\/dossier-palmholzwrack\\\/\",\"name\":\"Dossier Palmholzwrack - Museum Kaap Skil\",\"isPartOf\":{\"@id\":\"https:\\\/\\\/kaapskil.nl\\\/#website\"},\"primaryImageOfPage\":{\"@id\":\"https:\\\/\\\/kaapskil.nl\\\/de\\\/dateien\\\/dossier-palmholzwrack\\\/#primaryimage\"},\"image\":{\"@id\":\"https:\\\/\\\/kaapskil.nl\\\/de\\\/dateien\\\/dossier-palmholzwrack\\\/#primaryimage\"},\"thumbnailUrl\":\"https:\\\/\\\/kaapskil.nl\\\/wp-content\\\/uploads\\\/2019\\\/10\\\/Etui.jpg\",\"datePublished\":\"2022-07-11T07:09:47+00:00\",\"dateModified\":\"2022-07-28T14:24:21+00:00\",\"description\":\"\u00dcber das Palmholzwrack gibt es sehr viel zu erz\u00e4hlen. Die pers\u00f6nlichen Gegenst\u00e4nde, die in diesem einzigartigen Schiffswrack gefunden wurden, haben alle ihre eigene Geschichte. In diesem Dossier finden Sie die Geschichten und Informationen \u00fcber das Schiff und eine Auswahl der Funde.\",\"breadcrumb\":{\"@id\":\"https:\\\/\\\/kaapskil.nl\\\/de\\\/dateien\\\/dossier-palmholzwrack\\\/#breadcrumb\"},\"inLanguage\":\"de-DE\",\"potentialAction\":[{\"@type\":\"ReadAction\",\"target\":[\"https:\\\/\\\/kaapskil.nl\\\/de\\\/dateien\\\/dossier-palmholzwrack\\\/\"]}]},{\"@type\":\"ImageObject\",\"inLanguage\":\"de-DE\",\"@id\":\"https:\\\/\\\/kaapskil.nl\\\/de\\\/dateien\\\/dossier-palmholzwrack\\\/#primaryimage\",\"url\":\"https:\\\/\\\/kaapskil.nl\\\/wp-content\\\/uploads\\\/2019\\\/10\\\/Etui.jpg\",\"contentUrl\":\"https:\\\/\\\/kaapskil.nl\\\/wp-content\\\/uploads\\\/2019\\\/10\\\/Etui.jpg\",\"width\":3000,\"height\":2000},{\"@type\":\"BreadcrumbList\",\"@id\":\"https:\\\/\\\/kaapskil.nl\\\/de\\\/dateien\\\/dossier-palmholzwrack\\\/#breadcrumb\",\"itemListElement\":[{\"@type\":\"ListItem\",\"position\":1,\"name\":\"Home\",\"item\":\"https:\\\/\\\/kaapskil.nl\\\/de\\\/\"},{\"@type\":\"ListItem\",\"position\":2,\"name\":\"Dateien\",\"item\":\"https:\\\/\\\/kaapskil.nl\\\/de\\\/dateien\\\/\"},{\"@type\":\"ListItem\",\"position\":3,\"name\":\"Dossier Palmholzwrack\"}]},{\"@type\":\"WebSite\",\"@id\":\"https:\\\/\\\/kaapskil.nl\\\/#website\",\"url\":\"https:\\\/\\\/kaapskil.nl\\\/\",\"name\":\"Museum Kaap Skil\",\"description\":\"Stichting Texels Museum\",\"potentialAction\":[{\"@type\":\"SearchAction\",\"target\":{\"@type\":\"EntryPoint\",\"urlTemplate\":\"https:\\\/\\\/kaapskil.nl\\\/?s={search_term_string}\"},\"query-input\":{\"@type\":\"PropertyValueSpecification\",\"valueRequired\":true,\"valueName\":\"search_term_string\"}}],\"inLanguage\":\"de-DE\"}]}<\/script>\n<!-- \/ Yoast SEO plugin. -->","yoast_head_json":{"title":"Dossier Palmholzwrack - Museum Kaap Skil","description":"\u00dcber das Palmholzwrack gibt es sehr viel zu erz\u00e4hlen. Die pers\u00f6nlichen Gegenst\u00e4nde, die in diesem einzigartigen Schiffswrack gefunden wurden, haben alle ihre eigene Geschichte. In diesem Dossier finden Sie die Geschichten und Informationen \u00fcber das Schiff und eine Auswahl der Funde.","robots":{"index":"index","follow":"follow","max-snippet":"max-snippet:-1","max-image-preview":"max-image-preview:large","max-video-preview":"max-video-preview:-1"},"canonical":"https:\/\/kaapskil.nl\/de\/dateien\/dossier-palmholzwrack\/","og_locale":"de_DE","og_type":"article","og_title":"Dossier Palmholzwrack - Museum Kaap Skil","og_description":"\u00dcber das Palmholzwrack gibt es sehr viel zu erz\u00e4hlen. Die pers\u00f6nlichen Gegenst\u00e4nde, die in diesem einzigartigen Schiffswrack gefunden wurden, haben alle ihre eigene Geschichte. In diesem Dossier finden Sie die Geschichten und Informationen \u00fcber das Schiff und eine Auswahl der Funde.","og_url":"https:\/\/kaapskil.nl\/de\/dateien\/dossier-palmholzwrack\/","og_site_name":"Museum Kaap Skil","article_modified_time":"2022-07-28T14:24:21+00:00","og_image":[{"width":3000,"height":2000,"url":"https:\/\/kaapskil.nl\/wp-content\/uploads\/2019\/10\/Etui.jpg","type":"image\/jpeg"}],"twitter_card":"summary_large_image","twitter_misc":{"Est. reading time":"1 minute"},"schema":{"@context":"https:\/\/schema.org","@graph":[{"@type":"WebPage","@id":"https:\/\/kaapskil.nl\/de\/dateien\/dossier-palmholzwrack\/","url":"https:\/\/kaapskil.nl\/de\/dateien\/dossier-palmholzwrack\/","name":"Dossier Palmholzwrack - Museum Kaap Skil","isPartOf":{"@id":"https:\/\/kaapskil.nl\/#website"},"primaryImageOfPage":{"@id":"https:\/\/kaapskil.nl\/de\/dateien\/dossier-palmholzwrack\/#primaryimage"},"image":{"@id":"https:\/\/kaapskil.nl\/de\/dateien\/dossier-palmholzwrack\/#primaryimage"},"thumbnailUrl":"https:\/\/kaapskil.nl\/wp-content\/uploads\/2019\/10\/Etui.jpg","datePublished":"2022-07-11T07:09:47+00:00","dateModified":"2022-07-28T14:24:21+00:00","description":"\u00dcber das Palmholzwrack gibt es sehr viel zu erz\u00e4hlen. Die pers\u00f6nlichen Gegenst\u00e4nde, die in diesem einzigartigen Schiffswrack gefunden wurden, haben alle ihre eigene Geschichte. In diesem Dossier finden Sie die Geschichten und Informationen \u00fcber das Schiff und eine Auswahl der Funde.","breadcrumb":{"@id":"https:\/\/kaapskil.nl\/de\/dateien\/dossier-palmholzwrack\/#breadcrumb"},"inLanguage":"de-DE","potentialAction":[{"@type":"ReadAction","target":["https:\/\/kaapskil.nl\/de\/dateien\/dossier-palmholzwrack\/"]}]},{"@type":"ImageObject","inLanguage":"de-DE","@id":"https:\/\/kaapskil.nl\/de\/dateien\/dossier-palmholzwrack\/#primaryimage","url":"https:\/\/kaapskil.nl\/wp-content\/uploads\/2019\/10\/Etui.jpg","contentUrl":"https:\/\/kaapskil.nl\/wp-content\/uploads\/2019\/10\/Etui.jpg","width":3000,"height":2000},{"@type":"BreadcrumbList","@id":"https:\/\/kaapskil.nl\/de\/dateien\/dossier-palmholzwrack\/#breadcrumb","itemListElement":[{"@type":"ListItem","position":1,"name":"Home","item":"https:\/\/kaapskil.nl\/de\/"},{"@type":"ListItem","position":2,"name":"Dateien","item":"https:\/\/kaapskil.nl\/de\/dateien\/"},{"@type":"ListItem","position":3,"name":"Dossier Palmholzwrack"}]},{"@type":"WebSite","@id":"https:\/\/kaapskil.nl\/#website","url":"https:\/\/kaapskil.nl\/","name":"Museum Kaap Skil","description":"Stichting Texels Museum","potentialAction":[{"@type":"SearchAction","target":{"@type":"EntryPoint","urlTemplate":"https:\/\/kaapskil.nl\/?s={search_term_string}"},"query-input":{"@type":"PropertyValueSpecification","valueRequired":true,"valueName":"search_term_string"}}],"inLanguage":"de-DE"}]}},"_links":{"self":[{"href":"https:\/\/kaapskil.nl\/de\/wp-json\/wp\/v2\/pages\/9715","targetHints":{"allow":["GET"]}}],"collection":[{"href":"https:\/\/kaapskil.nl\/de\/wp-json\/wp\/v2\/pages"}],"about":[{"href":"https:\/\/kaapskil.nl\/de\/wp-json\/wp\/v2\/types\/page"}],"author":[{"embeddable":true,"href":"https:\/\/kaapskil.nl\/de\/wp-json\/wp\/v2\/users\/16"}],"replies":[{"embeddable":true,"href":"https:\/\/kaapskil.nl\/de\/wp-json\/wp\/v2\/comments?post=9715"}],"version-history":[{"count":0,"href":"https:\/\/kaapskil.nl\/de\/wp-json\/wp\/v2\/pages\/9715\/revisions"}],"up":[{"embeddable":true,"href":"https:\/\/kaapskil.nl\/de\/wp-json\/wp\/v2\/pages\/9712"}],"wp:featuredmedia":[{"embeddable":true,"href":"https:\/\/kaapskil.nl\/de\/wp-json\/wp\/v2\/media\/4701"}],"wp:attachment":[{"href":"https:\/\/kaapskil.nl\/de\/wp-json\/wp\/v2\/media?parent=9715"}],"wp:term":[{"taxonomy":"category","embeddable":true,"href":"https:\/\/kaapskil.nl\/de\/wp-json\/wp\/v2\/categories?post=9715"},{"taxonomy":"post_tag","embeddable":true,"href":"https:\/\/kaapskil.nl\/de\/wp-json\/wp\/v2\/tags?post=9715"}],"curies":[{"name":"wp","href":"https:\/\/api.w.org\/{rel}","templated":true}]}}