{"id":9778,"date":"2022-11-11T14:30:19","date_gmt":"2022-11-11T13:30:19","guid":{"rendered":"https:\/\/kaapskil.nl\/?page_id=9778"},"modified":"2023-03-31T12:37:49","modified_gmt":"2023-03-31T10:37:49","slug":"das-palmholzwrack","status":"publish","type":"page","link":"https:\/\/kaapskil.nl\/de\/das-palmholzwrack\/","title":{"rendered":"Das Palmholzwrack"},"content":{"rendered":"<p><strong><img loading=\"lazy\" decoding=\"async\" class=\"alignright wp-image-10790 size-full\" src=\"https:\/\/kaapskil.nl\/wp-content\/uploads\/2022\/11\/Objecten-De-Jurk-c-Provincie-Noord-Holland-schaduw-Kees-Zwaan-ws-1.jpg\" alt=\"\" width=\"640\" height=\"440\" srcset=\"https:\/\/kaapskil.nl\/wp-content\/uploads\/2022\/11\/Objecten-De-Jurk-c-Provincie-Noord-Holland-schaduw-Kees-Zwaan-ws-1.jpg 640w, https:\/\/kaapskil.nl\/wp-content\/uploads\/2022\/11\/Objecten-De-Jurk-c-Provincie-Noord-Holland-schaduw-Kees-Zwaan-ws-1-300x206.jpg 300w, https:\/\/kaapskil.nl\/wp-content\/uploads\/2022\/11\/Objecten-De-Jurk-c-Provincie-Noord-Holland-schaduw-Kees-Zwaan-ws-1-100x69.jpg 100w\" sizes=\"auto, (max-width: 640px) 100vw, 640px\" \/>Vor der Ku\u0308ste von Texel liegen Dutzende von jahrhundertealten Schiffswracks. Die vielen Gegenst\u00e4nde, die Taucher im Laufe der Jahre gefunden haben, haben uns viel u\u0308ber die Schifffahrt und das Leben auf See zwischen dem 16. und 19. Jahrhundert gelehrt. Eines der Wracks hatte eine ganz besondere Ladung. Dieses Wrack, das den Namen Palmholzwrack bekam, war voll mit exklusiven Luxusgegenst\u00e4nden.<\/strong><\/p>\n<h2>Unter Sand erhalten<\/h2>\n<p>Dort, wo einst die Reede von Texel lag, auf der Ostseite der Insel, sind Hunderte Schiffe gesunken. Dies geschah vor allem im 17. und 18. Jahrhundert, bei Sturm oder Gewitter, durch Feuer oder weil ein Schiff auf eine Sandbank auflief. Von den meisten Schiffen ist nichts erhalten geblieben, aber einige wurden kurz nach dem Untergang mit Schlick und Sedimenten bedeckt. Dadurch wurde die weitere Zersetzung verhindert, so dass diese Wracks als Zeitkapseln im Meeresboden konserviert wurden. Seit den 1970er Jahren werden sie gelegentlich wieder frei gesp\u00fclt. L\u00e4sst man der Natur ihren Lauf, so verfallen sie gleichwohl in rasantem Tempo. Aus diesem Grund werden die Wracks von Tauchern beobachtet. Auch Schleppnetzfischer entdecken manchmal, dass ein Wrack frei gesp\u00fclt wurde.<\/p>\n<h2>Frei gesp\u00fclt<\/h2>\n<p>Das Freisp\u00fclen des Palmholzwracks, das damals noch nicht so genannt wurde, wurde das erste Mal 2010 gemeldet. Das Wrack lag auf dem Burgzand, einem Teil des Wattenmeeres \u00f6stlich von Texel, in dem viele Wracks gefunden wurden. Im Sommer 2014 stellte sich heraus, dass das Wrack so weit frei gesp\u00fclt worden war, dass Sporttaucher Funde daraus bergen konnten.<\/p>\n<h2><img loading=\"lazy\" decoding=\"async\" class=\"alignright wp-image-36 size-full\" src=\"https:\/\/kaapskil.nl\/wp-content\/uploads\/2018\/02\/stammetje-palmhout-2.jpg\" alt=\"Stammetje van buxushout\" width=\"640\" height=\"360\" srcset=\"https:\/\/kaapskil.nl\/wp-content\/uploads\/2018\/02\/stammetje-palmhout-2.jpg 640w, https:\/\/kaapskil.nl\/wp-content\/uploads\/2018\/02\/stammetje-palmhout-2-300x169.jpg 300w\" sizes=\"auto, (max-width: 640px) 100vw, 640px\" \/><\/h2>\n<h2>Buchsbaumholz<\/h2>\n<p>Auf der obersten Schicht des Wracks, m\u00f6glicherweise dem Deck, wurden vor allem viele Buchsbaumst\u00e4mme gefunden. Dieses hochwertige Hartholz, das auch als Palmholz bezeichnet wird, gab dem Wrack seinen Namen. Palmholz wurde haupts\u00e4chlich f\u00fcr die Herstellung von Werkzeuggriffen und Luxusm\u00f6beln verwendet.<\/p>\n<h2>Handelsschiff<\/h2>\n<p>Als immer mehr Sand vom Wrack gesp\u00fclt wurde, wurden weitere Gegenst\u00e4nde gefunden. Die Taucher brachten mehrere zerbrochene Kisten an die Oberfl\u00e4che, die unter anderem Textilien, Prunk-Silber und luxuri\u00f6se Gebrauchsgegenst\u00e4nde enthielten. Alles von solcher Qualit\u00e4t und Exklusivit\u00e4t, dass man sicher sein kann, dass der Besitzer aus der h\u00f6chsten Gesellschaftsschicht stammte. Untersuchungen haben ergeben, dass es sich bei dem Palmholzwrack wahrscheinlich um ein niederl\u00e4ndisches Handelsschiff handelt. Auf jeden Fall war das Schiff mit Fracht aus dem Mittelmeer unterwegs, als es um 1660 sank.<\/p>\n<h2>Einzigartiger Fund<\/h2>\n<p>Aus dem 17. Jahrhundert sind nur sehr wenige Textilien erhalten geblieben und man findet sie nur selten in Schiffswracks. Textilien sind in der Regel das erste, was verschwindet. Wenn Textilien in einem Wrack gefunden werden, handelt es sich in der Regel um kleine Fragmente von Seemannskleidung aus Wolle. Die Tatsache, dass die Textilien aus dem Palmholzwrack noch weitgehend intakt sind, macht diese Funde so einzigartig. Zu den Highlights geh\u00f6ren das <a href=\"https:\/\/kaapskil.nl\/de\/entdecken\/prunkstucke\/das-kleid\/\" target=\"_blank\" rel=\"noopener\">Seidenkleid<\/a>, hauchd\u00fcnn gestrickte Seidenstr\u00fcmpfe, ein <a href=\"https:\/\/kaapskil.nl\/de\/entdecken\/prunkstucke\/oestliches-gewand\/\" target=\"_blank\" rel=\"noopener\">\u00f6stlicher Kaftan<\/a> und ein silbernes Kleid, das wahrscheinlich ein \u00a0<a href=\"https:\/\/kaapskil.nl\/de\/entdecken\/prunkstucke\/das-hochzeitskleid-aus-dem-palmholzwrack\/\" target=\"_blank\" rel=\"noopener\">Hochzeitskleid<\/a> war: sehr luxuri\u00f6se Kleidung, die sich nur die Elite leisten konnte.<\/p>\n<h2><img loading=\"lazy\" decoding=\"async\" class=\"alignright wp-image-9775\" src=\"https:\/\/kaapskil.nl\/wp-content\/uploads\/2022\/07\/Schilderij-Dame-in-haar-slaapkamer-met-dienstmaagd-1665-1670-Anoniem-c-Minneapolis-Institute-of-Art-ws.jpg\" alt=\"Dame-in-haar-slaapkamer-met-dienstmaagd\" width=\"650\" height=\"501\" srcset=\"https:\/\/kaapskil.nl\/wp-content\/uploads\/2022\/07\/Schilderij-Dame-in-haar-slaapkamer-met-dienstmaagd-1665-1670-Anoniem-c-Minneapolis-Institute-of-Art-ws.jpg 850w, https:\/\/kaapskil.nl\/wp-content\/uploads\/2022\/07\/Schilderij-Dame-in-haar-slaapkamer-met-dienstmaagd-1665-1670-Anoniem-c-Minneapolis-Institute-of-Art-ws-300x231.jpg 300w, https:\/\/kaapskil.nl\/wp-content\/uploads\/2022\/07\/Schilderij-Dame-in-haar-slaapkamer-met-dienstmaagd-1665-1670-Anoniem-c-Minneapolis-Institute-of-Art-ws-768x592.jpg 768w, https:\/\/kaapskil.nl\/wp-content\/uploads\/2022\/07\/Schilderij-Dame-in-haar-slaapkamer-met-dienstmaagd-1665-1670-Anoniem-c-Minneapolis-Institute-of-Art-ws-100x77.jpg 100w\" sizes=\"auto, (max-width: 650px) 100vw, 650px\" \/><\/h2>\n<h2>Reicher Eigent\u00fcmer<\/h2>\n<p>Nicht nur die Kleidung aus dem Palmholzwrack deutet auf einen sehr wohlhabenden Besitzer hin, sondern auch andere im Wrack gefundene Gegenst\u00e4nde machen dies deutlich. Ein silberner <a href=\"https:\/\/kaapskil.nl\/de\/entdecken\/prunkstucke\/der-prunkbecher-aus-dem-palmholzwrack\/\" target=\"_blank\" rel=\"noopener\">Prunkbecher<\/a>, ein luxuri\u00f6ses <a href=\"https:\/\/kaapskil.nl\/de\/entdecken\/prunkstucke\/toilettenset-aus-dem-palmholzwrack\/\" target=\"_blank\" rel=\"noopener\">Toilettenset<\/a>, ein <a href=\"https:\/\/kaapskil.nl\/de\/persicher-teppich\/\" target=\"_blank\" rel=\"noopener\">orientalischer Teppich<\/a>: Gegenst\u00e4nde, von denen man mit Sicherheit sagen kann, dass sie einer Elite geh\u00f6rten. Die Kleidungsst\u00fccke haben unterschiedliche Gr\u00f6\u00dfen, sie m\u00fcssen also von verschiedenen Personen getragen worden sein. Arent Vos, Senior-Arch\u00e4ologe vom nationalen Dienst f\u00fcr kulturelles Erbgut, vermutet, dass das Schiff m\u00f6glicherweise f\u00fcr den Transport der Habseligkeiten einer wohlhabenden Familie benutzt wurde, die einen Handelsposten in einem anderen Land zu besetzen hatte.<\/p>\n<p>&nbsp;<\/p>\n<p><em>NB: Die Sammlung wird immer noch erforscht. Dieser Artikel kann dadurch veraltete Informationen oder \u00fcberholte Erkenntnisse enthalten.<\/em><\/p>\n<p>&nbsp;<\/p>\n","protected":false},"excerpt":{"rendered":"<p>Vor der Ku\u0308ste von Texel liegen Dutzende von jahrhundertealten Schiffswracks. Eines der Wracks hatte eine ganz besondere Ladung. Dieses Wrack, das den Namen Palmholzwrack bekam, war voll mit exklusiven Luxusgegenst\u00e4nden.<\/p>\n","protected":false},"author":16,"featured_media":11315,"parent":0,"menu_order":0,"comment_status":"closed","ping_status":"closed","template":"","meta":{"_acf_changed":false,"footnotes":""},"categories":[],"tags":[44],"class_list":["post-9778","page","type-page","status-publish","has-post-thumbnail","hentry","tag-palmholzwrack"],"acf":[],"yoast_head":"<!-- This site is optimized with the Yoast SEO plugin v27.4 - https:\/\/yoast.com\/product\/yoast-seo-wordpress\/ -->\n<title>Das Palmholzwrack - Museum Kaap Skil<\/title>\n<meta name=\"description\" content=\"Vor der Ku\u0308ste von Texel liegen Dutzende von jahrhundertealten Schiffswracks. Eines der Wracks hatte eine ganz besondere Ladung. Dieses Wrack, das den Namen Palmholzwrack bekam, war voll mit exklusiven Luxusgegenst\u00e4nden.\" \/>\n<meta name=\"robots\" content=\"index, follow, max-snippet:-1, max-image-preview:large, max-video-preview:-1\" \/>\n<link rel=\"canonical\" href=\"https:\/\/kaapskil.nl\/de\/das-palmholzwrack\/\" \/>\n<meta property=\"og:locale\" content=\"de_DE\" \/>\n<meta property=\"og:type\" content=\"article\" \/>\n<meta property=\"og:title\" content=\"Das Palmholzwrack - Museum Kaap Skil\" \/>\n<meta property=\"og:description\" content=\"Vor der Ku\u0308ste von Texel liegen Dutzende von jahrhundertealten Schiffswracks. Eines der Wracks hatte eine ganz besondere Ladung. Dieses Wrack, das den Namen Palmholzwrack bekam, war voll mit exklusiven Luxusgegenst\u00e4nden.\" \/>\n<meta property=\"og:url\" content=\"https:\/\/kaapskil.nl\/de\/das-palmholzwrack\/\" \/>\n<meta property=\"og:site_name\" content=\"Museum Kaap Skil\" \/>\n<meta property=\"article:modified_time\" content=\"2023-03-31T10:37:49+00:00\" \/>\n<meta property=\"og:image\" content=\"https:\/\/kaapskil.nl\/wp-content\/uploads\/2022\/11\/De-Pronkbeker-in-de-tentoonstelling-c-Museum-Kaap-Skil-ws.jpg\" \/>\n\t<meta property=\"og:image:width\" content=\"840\" \/>\n\t<meta property=\"og:image:height\" content=\"525\" \/>\n\t<meta property=\"og:image:type\" content=\"image\/jpeg\" \/>\n<meta name=\"twitter:card\" content=\"summary_large_image\" \/>\n<meta name=\"twitter:label1\" content=\"Est. reading time\" \/>\n\t<meta name=\"twitter:data1\" content=\"4 minutes\" \/>\n<script type=\"application\/ld+json\" class=\"yoast-schema-graph\">{\"@context\":\"https:\\\/\\\/schema.org\",\"@graph\":[{\"@type\":\"WebPage\",\"@id\":\"https:\\\/\\\/kaapskil.nl\\\/de\\\/das-palmholzwrack\\\/\",\"url\":\"https:\\\/\\\/kaapskil.nl\\\/de\\\/das-palmholzwrack\\\/\",\"name\":\"Das Palmholzwrack - Museum Kaap Skil\",\"isPartOf\":{\"@id\":\"https:\\\/\\\/kaapskil.nl\\\/#website\"},\"primaryImageOfPage\":{\"@id\":\"https:\\\/\\\/kaapskil.nl\\\/de\\\/das-palmholzwrack\\\/#primaryimage\"},\"image\":{\"@id\":\"https:\\\/\\\/kaapskil.nl\\\/de\\\/das-palmholzwrack\\\/#primaryimage\"},\"thumbnailUrl\":\"https:\\\/\\\/kaapskil.nl\\\/wp-content\\\/uploads\\\/2022\\\/11\\\/De-Pronkbeker-in-de-tentoonstelling-c-Museum-Kaap-Skil-ws.jpg\",\"datePublished\":\"2022-11-11T13:30:19+00:00\",\"dateModified\":\"2023-03-31T10:37:49+00:00\",\"description\":\"Vor der Ku\u0308ste von Texel liegen Dutzende von jahrhundertealten Schiffswracks. Eines der Wracks hatte eine ganz besondere Ladung. Dieses Wrack, das den Namen Palmholzwrack bekam, war voll mit exklusiven Luxusgegenst\u00e4nden.\",\"breadcrumb\":{\"@id\":\"https:\\\/\\\/kaapskil.nl\\\/de\\\/das-palmholzwrack\\\/#breadcrumb\"},\"inLanguage\":\"de-DE\",\"potentialAction\":[{\"@type\":\"ReadAction\",\"target\":[\"https:\\\/\\\/kaapskil.nl\\\/de\\\/das-palmholzwrack\\\/\"]}]},{\"@type\":\"ImageObject\",\"inLanguage\":\"de-DE\",\"@id\":\"https:\\\/\\\/kaapskil.nl\\\/de\\\/das-palmholzwrack\\\/#primaryimage\",\"url\":\"https:\\\/\\\/kaapskil.nl\\\/wp-content\\\/uploads\\\/2022\\\/11\\\/De-Pronkbeker-in-de-tentoonstelling-c-Museum-Kaap-Skil-ws.jpg\",\"contentUrl\":\"https:\\\/\\\/kaapskil.nl\\\/wp-content\\\/uploads\\\/2022\\\/11\\\/De-Pronkbeker-in-de-tentoonstelling-c-Museum-Kaap-Skil-ws.jpg\",\"width\":\"840\",\"height\":\"525\"},{\"@type\":\"BreadcrumbList\",\"@id\":\"https:\\\/\\\/kaapskil.nl\\\/de\\\/das-palmholzwrack\\\/#breadcrumb\",\"itemListElement\":[{\"@type\":\"ListItem\",\"position\":1,\"name\":\"Home\",\"item\":\"https:\\\/\\\/kaapskil.nl\\\/de\\\/\"},{\"@type\":\"ListItem\",\"position\":2,\"name\":\"Das Palmholzwrack\"}]},{\"@type\":\"WebSite\",\"@id\":\"https:\\\/\\\/kaapskil.nl\\\/#website\",\"url\":\"https:\\\/\\\/kaapskil.nl\\\/\",\"name\":\"Museum Kaap Skil\",\"description\":\"Stichting Texels Museum\",\"potentialAction\":[{\"@type\":\"SearchAction\",\"target\":{\"@type\":\"EntryPoint\",\"urlTemplate\":\"https:\\\/\\\/kaapskil.nl\\\/?s={search_term_string}\"},\"query-input\":{\"@type\":\"PropertyValueSpecification\",\"valueRequired\":true,\"valueName\":\"search_term_string\"}}],\"inLanguage\":\"de-DE\"}]}<\/script>\n<!-- \/ Yoast SEO plugin. -->","yoast_head_json":{"title":"Das Palmholzwrack - Museum Kaap Skil","description":"Vor der Ku\u0308ste von Texel liegen Dutzende von jahrhundertealten Schiffswracks. Eines der Wracks hatte eine ganz besondere Ladung. Dieses Wrack, das den Namen Palmholzwrack bekam, war voll mit exklusiven Luxusgegenst\u00e4nden.","robots":{"index":"index","follow":"follow","max-snippet":"max-snippet:-1","max-image-preview":"max-image-preview:large","max-video-preview":"max-video-preview:-1"},"canonical":"https:\/\/kaapskil.nl\/de\/das-palmholzwrack\/","og_locale":"de_DE","og_type":"article","og_title":"Das Palmholzwrack - Museum Kaap Skil","og_description":"Vor der Ku\u0308ste von Texel liegen Dutzende von jahrhundertealten Schiffswracks. Eines der Wracks hatte eine ganz besondere Ladung. Dieses Wrack, das den Namen Palmholzwrack bekam, war voll mit exklusiven Luxusgegenst\u00e4nden.","og_url":"https:\/\/kaapskil.nl\/de\/das-palmholzwrack\/","og_site_name":"Museum Kaap Skil","article_modified_time":"2023-03-31T10:37:49+00:00","og_image":[{"width":840,"height":525,"url":"https:\/\/kaapskil.nl\/wp-content\/uploads\/2022\/11\/De-Pronkbeker-in-de-tentoonstelling-c-Museum-Kaap-Skil-ws.jpg","type":"image\/jpeg"}],"twitter_card":"summary_large_image","twitter_misc":{"Est. reading time":"4 minutes"},"schema":{"@context":"https:\/\/schema.org","@graph":[{"@type":"WebPage","@id":"https:\/\/kaapskil.nl\/de\/das-palmholzwrack\/","url":"https:\/\/kaapskil.nl\/de\/das-palmholzwrack\/","name":"Das Palmholzwrack - Museum Kaap Skil","isPartOf":{"@id":"https:\/\/kaapskil.nl\/#website"},"primaryImageOfPage":{"@id":"https:\/\/kaapskil.nl\/de\/das-palmholzwrack\/#primaryimage"},"image":{"@id":"https:\/\/kaapskil.nl\/de\/das-palmholzwrack\/#primaryimage"},"thumbnailUrl":"https:\/\/kaapskil.nl\/wp-content\/uploads\/2022\/11\/De-Pronkbeker-in-de-tentoonstelling-c-Museum-Kaap-Skil-ws.jpg","datePublished":"2022-11-11T13:30:19+00:00","dateModified":"2023-03-31T10:37:49+00:00","description":"Vor der Ku\u0308ste von Texel liegen Dutzende von jahrhundertealten Schiffswracks. Eines der Wracks hatte eine ganz besondere Ladung. Dieses Wrack, das den Namen Palmholzwrack bekam, war voll mit exklusiven Luxusgegenst\u00e4nden.","breadcrumb":{"@id":"https:\/\/kaapskil.nl\/de\/das-palmholzwrack\/#breadcrumb"},"inLanguage":"de-DE","potentialAction":[{"@type":"ReadAction","target":["https:\/\/kaapskil.nl\/de\/das-palmholzwrack\/"]}]},{"@type":"ImageObject","inLanguage":"de-DE","@id":"https:\/\/kaapskil.nl\/de\/das-palmholzwrack\/#primaryimage","url":"https:\/\/kaapskil.nl\/wp-content\/uploads\/2022\/11\/De-Pronkbeker-in-de-tentoonstelling-c-Museum-Kaap-Skil-ws.jpg","contentUrl":"https:\/\/kaapskil.nl\/wp-content\/uploads\/2022\/11\/De-Pronkbeker-in-de-tentoonstelling-c-Museum-Kaap-Skil-ws.jpg","width":"840","height":"525"},{"@type":"BreadcrumbList","@id":"https:\/\/kaapskil.nl\/de\/das-palmholzwrack\/#breadcrumb","itemListElement":[{"@type":"ListItem","position":1,"name":"Home","item":"https:\/\/kaapskil.nl\/de\/"},{"@type":"ListItem","position":2,"name":"Das Palmholzwrack"}]},{"@type":"WebSite","@id":"https:\/\/kaapskil.nl\/#website","url":"https:\/\/kaapskil.nl\/","name":"Museum Kaap Skil","description":"Stichting Texels Museum","potentialAction":[{"@type":"SearchAction","target":{"@type":"EntryPoint","urlTemplate":"https:\/\/kaapskil.nl\/?s={search_term_string}"},"query-input":{"@type":"PropertyValueSpecification","valueRequired":true,"valueName":"search_term_string"}}],"inLanguage":"de-DE"}]}},"_links":{"self":[{"href":"https:\/\/kaapskil.nl\/de\/wp-json\/wp\/v2\/pages\/9778","targetHints":{"allow":["GET"]}}],"collection":[{"href":"https:\/\/kaapskil.nl\/de\/wp-json\/wp\/v2\/pages"}],"about":[{"href":"https:\/\/kaapskil.nl\/de\/wp-json\/wp\/v2\/types\/page"}],"author":[{"embeddable":true,"href":"https:\/\/kaapskil.nl\/de\/wp-json\/wp\/v2\/users\/16"}],"replies":[{"embeddable":true,"href":"https:\/\/kaapskil.nl\/de\/wp-json\/wp\/v2\/comments?post=9778"}],"version-history":[{"count":0,"href":"https:\/\/kaapskil.nl\/de\/wp-json\/wp\/v2\/pages\/9778\/revisions"}],"wp:featuredmedia":[{"embeddable":true,"href":"https:\/\/kaapskil.nl\/de\/wp-json\/wp\/v2\/media\/11315"}],"wp:attachment":[{"href":"https:\/\/kaapskil.nl\/de\/wp-json\/wp\/v2\/media?parent=9778"}],"wp:term":[{"taxonomy":"category","embeddable":true,"href":"https:\/\/kaapskil.nl\/de\/wp-json\/wp\/v2\/categories?post=9778"},{"taxonomy":"post_tag","embeddable":true,"href":"https:\/\/kaapskil.nl\/de\/wp-json\/wp\/v2\/tags?post=9778"}],"curies":[{"name":"wp","href":"https:\/\/api.w.org\/{rel}","templated":true}]}}